{"id":1094,"date":"2021-11-15T15:21:34","date_gmt":"2021-11-15T15:21:34","guid":{"rendered":"https:\/\/aceweb.cat\/congres2022\/avis-legal\/"},"modified":"2021-11-15T15:21:34","modified_gmt":"2021-11-15T15:21:34","slug":"avis-legal","status":"publish","type":"page","link":"https:\/\/aceweb.cat\/congres2022\/ca\/avis-legal\/","title":{"rendered":"Av\u00eds legal"},"content":{"rendered":"\t\t<div data-elementor-type=\"wp-page\" data-elementor-id=\"1094\" class=\"elementor elementor-1094\">\n\t\t\t\t\t\t\t\t\t<section class=\"ob-is-breaking-bad elementor-section elementor-top-section elementor-element elementor-element-4de33a94 elementor-section-height-min-height elementor-section-items-stretch elementor-section-boxed elementor-section-height-default\" data-id=\"4de33a94\" data-element_type=\"section\" data-settings=\"{&quot;background_background&quot;:&quot;classic&quot;,&quot;_ob_bbad_use_it&quot;:&quot;yes&quot;,&quot;_ob_bbad_sssic_use&quot;:&quot;no&quot;,&quot;_ob_glider_is_slider&quot;:&quot;no&quot;}\">\n\t\t\t\t\t\t\t<div class=\"elementor-background-overlay\"><\/div>\n\t\t\t\t\t\t\t<div class=\"elementor-container elementor-column-gap-wider\">\n\t\t\t\t\t<div class=\"ob-is-pseudo elementor-column elementor-col-100 elementor-top-column elementor-element elementor-element-a60736a\" data-id=\"a60736a\" data-element_type=\"column\" data-settings=\"{&quot;background_background&quot;:&quot;classic&quot;,&quot;_ob_column_has_pseudo&quot;:&quot;yes&quot;,&quot;_ob_pseudo_before_popover_whyxrot&quot;:&quot;yes&quot;,&quot;_ob_bbad_is_stalker&quot;:&quot;no&quot;,&quot;_ob_teleporter_use&quot;:false,&quot;_ob_column_hoveranimator&quot;:&quot;no&quot;}\">\n\t\t\t<div class=\"elementor-widget-wrap elementor-element-populated\">\n\t\t\t\t\t\t\t\t<div class=\"elementor-element elementor-element-6de63217 ob-harakiri-inherit ob-has-background-overlay elementor-widget elementor-widget-heading\" data-id=\"6de63217\" data-element_type=\"widget\" data-settings=\"{&quot;_ob_harakiri_writing_mode&quot;:&quot;inherit&quot;,&quot;_ob_perspektive_use&quot;:&quot;no&quot;,&quot;_ob_poopart_use&quot;:&quot;yes&quot;,&quot;_ob_shadough_use&quot;:&quot;no&quot;,&quot;_ob_allow_hoveranimator&quot;:&quot;no&quot;,&quot;_ob_widget_stalker_use&quot;:&quot;no&quot;}\" data-widget_type=\"heading.default\">\n\t\t\t\t<div class=\"elementor-widget-container\">\n\t\t\t<h2 class=\"elementor-heading-title elementor-size-default\">Av\u00eds legal<\/h2>\t\t<\/div>\n\t\t\t\t<\/div>\n\t\t\t\t\t<\/div>\n\t\t<\/div>\n\t\t\t\t\t\t\t<\/div>\n\t\t<\/section>\n\t\t\t\t<section class=\"ob-is-breaking-bad elementor-section elementor-top-section elementor-element elementor-element-5af41aa8 elementor-section-full_width elementor-section-height-default elementor-section-height-default\" data-id=\"5af41aa8\" data-element_type=\"section\" data-settings=\"{&quot;background_background&quot;:&quot;classic&quot;,&quot;_ob_bbad_use_it&quot;:&quot;yes&quot;,&quot;_ob_bbad_sssic_use&quot;:&quot;no&quot;,&quot;_ob_glider_is_slider&quot;:&quot;no&quot;}\">\n\t\t\t\t\t\t<div class=\"elementor-container elementor-column-gap-wider\">\n\t\t\t\t\t<div class=\"elementor-column elementor-col-100 elementor-top-column elementor-element elementor-element-72b2402d\" data-id=\"72b2402d\" data-element_type=\"column\" data-settings=\"{&quot;_ob_bbad_is_stalker&quot;:&quot;no&quot;,&quot;_ob_teleporter_use&quot;:false,&quot;_ob_column_hoveranimator&quot;:&quot;no&quot;,&quot;_ob_column_has_pseudo&quot;:&quot;no&quot;}\">\n\t\t\t<div class=\"elementor-widget-wrap elementor-element-populated\">\n\t\t\t\t\t\t\t\t<section class=\"ob-is-breaking-bad ob-bb-inner elementor-section elementor-inner-section elementor-element elementor-element-53a89093 elementor-section-boxed elementor-section-height-default elementor-section-height-default\" data-id=\"53a89093\" data-element_type=\"section\" data-settings=\"{&quot;_ob_bbad_use_it&quot;:&quot;yes&quot;,&quot;_ob_bbad_sssic_use&quot;:&quot;no&quot;,&quot;_ob_glider_is_slider&quot;:&quot;no&quot;}\">\n\t\t\t\t\t\t<div class=\"elementor-container elementor-column-gap-wider\">\n\t\t\t\t\t<div class=\"elementor-column elementor-col-100 elementor-inner-column elementor-element elementor-element-6f25bf33\" data-id=\"6f25bf33\" data-element_type=\"column\" data-settings=\"{&quot;_ob_bbad_is_stalker&quot;:&quot;no&quot;,&quot;_ob_teleporter_use&quot;:false,&quot;_ob_column_hoveranimator&quot;:&quot;no&quot;,&quot;_ob_column_has_pseudo&quot;:&quot;no&quot;}\">\n\t\t\t<div class=\"elementor-widget-wrap elementor-element-populated\">\n\t\t\t\t\t\t\t\t<div class=\"elementor-element elementor-element-2853383a ob-harakiri-inherit ob-has-background-overlay elementor-widget elementor-widget-text-editor\" data-id=\"2853383a\" data-element_type=\"widget\" data-settings=\"{&quot;_ob_harakiri_writing_mode&quot;:&quot;inherit&quot;,&quot;_ob_perspektive_use&quot;:&quot;no&quot;,&quot;_ob_poopart_use&quot;:&quot;yes&quot;,&quot;_ob_shadough_use&quot;:&quot;no&quot;,&quot;_ob_allow_hoveranimator&quot;:&quot;no&quot;,&quot;_ob_widget_stalker_use&quot;:&quot;no&quot;}\" data-widget_type=\"text-editor.default\">\n\t\t\t\t<div class=\"elementor-widget-container\">\n\t\t\t\t\t\t\t<h3>Dades identificatives generals:<\/h3>\n<p>En compliment de la legislaci\u00f3 espanyola vigent, s&#8217;exposen a continuaci\u00f3 les dades identificatives del propietari del present espai web: https:\/\/aceweb.cat\/congres2022<\/p>\n<ul>\n<li>Denominaci\u00f3 social: Associaci\u00f3 de Consutors d\u2019Estructures (ACE)<\/li>\n<li>Domicili social: Jordi Girona, 1-3, Edifici Omega S207 \u2013 08034 Barcelona.<\/li>\n<li>Cif: G59130427<\/li>\n<li>Correu electr\u00f2nic de contacte: dpd@aceweb.cat.<\/li>\n<li>Tel\u00e8fon: +34 93 401 18 88<\/li>\n<\/ul>\n<h3>Condicions i responsabilitat d&#8217;acc\u00e9s i \u00fas de l\u2019espai web<\/h3>\n<p>https:\/\/aceweb.cat\/congres2022: L&#8217;acc\u00e9s i\/o \u00fas d&#8217;aquest portal, titularitat de l\u2019Associaci\u00f3 de Consultors d\u2019Estructures, comporta la condici\u00f3 d&#8217;usuari i l&#8217;acceptaci\u00f3 de totes les Condicions Generals reflectides en aquest av\u00eds legal. El seu \u00fas, atorga a l&#8217;usuari tota la informaci\u00f3 inclosa en el citat espai web, aix\u00ed com comporta l&#8217;obligaci\u00f3 de l&#8217;usuari d&#8217;utilitzar el portal citat sota la seva responsabilitat i concorde a les condicions generals d&#8217;aquest. L&#8217;\u00fas indegut per part de l&#8217;usuari del present lloc web i el seu contingut, incomplint les condicions generals aqu\u00ed exposades, atorga el dret d&#8217;exclusi\u00f3 de l&#8217;usuari per part del titular d&#8217;aquest.<\/p>\n<h3>Propietat intel\u00b7lectual i industrial<\/h3>\n<p>Tot el contingut incl\u00f2s en el lloc web https:\/\/aceweb.cat\/congres2022 \u00e9s de titularitat directa o indirecta de l\u2019Associaci\u00f3 de Consultors d\u2019Estructures. La totalitat del contingut del present lloc (marques, patents, dissenys, obres d&#8217;autor i altres existents) es troben protegits sota les lleis nacionals i internacionals relacionades amb els drets de Propietat Industrial i Intel\u00b7lectual. Qualsevol \u00fas i\/o reproducci\u00f3, mitjan\u00e7ant qualsevol mitj\u00e0 existent, del contingut del present portal, comporta l&#8217;acceptaci\u00f3 per part de l&#8217;usuari dels drets i obligacions derivats de les lleis aplicables i\/o obliga a l&#8217;usuari el coneixement previ dels drets i obligacions legals que comporta l&#8217;\u00fas degut o indegut del contingut del present portal Web.<\/p>\n<h3>Garanties, responsabilitats i modificacions<\/h3>\n<p>L\u2019Associaci\u00f3 de Consultors d\u2019Estructures, havent adoptat totes les mesures legals disposades en les lleis aplicables, aix\u00ed com totes les mesures tecnol\u00f2giques conegudes i\/o existents, s&#8217;eximeix de qualsevol responsabilitat derivada de l&#8217;\u00fas degut o indegut per part de l&#8217;usuari en relaci\u00f3 al contingut del present espai web. Tanmateix, el seu titular, es reserva el dret a modificar, ampliar i\/o eliminar qualsevol contingut exposat en el present espai web, sense la necessitat de preav\u00eds als usuaris d&#8217;aquest.<\/p>\n<h3>Protecci\u00f3 de dades<\/h3>\n<p>Aquest apartat queda reflectit i\/o subjecte a l&#8217;exposat i\/o disposat en l&#8217;ap\u00e8ndix de Pol\u00edtica de Privacitat incl\u00f2s en el present espai web.<\/p>\n<h3>Restabliment de drets i actuacions legals<\/h3>\n<p>L&#8217;\u00fas no autoritzat i\/o incomplint les condicions generals del present lloc web per part de l&#8217;usuari, atorga a l\u2019Associaci\u00f3 de Consultors d\u2019Estructures, o a qui aquest determini mitjan\u00e7ant representaci\u00f3, a actuar fefaent i\/o legalment contra l&#8217;usuari, a fi de restablir els seus drets, aix\u00ed com a exigir responsabilitats legals i indemnitzacions pertinents derivades de l&#8217;\u00fas indegut del present espai web.<\/p>\n<h3>Legislaci\u00f3 aplicable i jurisdicci\u00f3<\/h3>\n<p>Qualsevol tipus d&#8217;actuaci\u00f3 legal que determini l\u2019Associaci\u00f3 de Consultors d\u2019Estructures, en relaci\u00f3 amb els usuaris del present lloc web, es regir\u00e0 per la normativa espanyola vigent i qualsevol controv\u00e8rsia se sotmetr\u00e0 als Jutjats i tribunals de la ciutat de Barcelona.<\/p>\n\t\t\t\t\t\t<\/div>\n\t\t\t\t<\/div>\n\t\t\t\t\t<\/div>\n\t\t<\/div>\n\t\t\t\t\t\t\t<\/div>\n\t\t<\/section>\n\t\t\t\t\t<\/div>\n\t\t<\/div>\n\t\t\t\t\t\t\t<\/div>\n\t\t<\/section>\n\t\t\t\t\t\t\t<\/div>\n\t\t","protected":false},"excerpt":{"rendered":"<p>Av\u00eds legal Dades identificatives generals: En compliment de la legislaci\u00f3 espanyola vigent, s&#8217;exposen a continuaci\u00f3 les dades identificatives del propietari del present espai web: https:\/\/aceweb.cat\/congres2022 Denominaci\u00f3 social: Associaci\u00f3 de Consutors d\u2019Estructures (ACE) Domicili social: Jordi Girona, 1-3, Edifici Omega S207 \u2013 08034 Barcelona. Cif: G59130427 Correu electr\u00f2nic de contacte: dpd@aceweb.cat. Tel\u00e8fon: +34 93 401 18 [&hellip;]<\/p>\n","protected":false},"author":1,"featured_media":0,"parent":0,"menu_order":0,"comment_status":"closed","ping_status":"closed","template":"","meta":{"footnotes":""},"class_list":["post-1094","page","type-page","status-publish","hentry"],"yoast_head":"<!-- This site is optimized with the Yoast SEO plugin v19.6.1 - https:\/\/yoast.com\/wordpress\/plugins\/seo\/ -->\n<title>Av\u00eds legal | ACE<\/title>\n<meta name=\"robots\" content=\"index, follow, max-snippet:-1, max-image-preview:large, max-video-preview:-1\" \/>\n<link rel=\"canonical\" href=\"https:\/\/aceweb.cat\/congres2022\/ca\/avis-legal\/\" \/>\n<meta property=\"og:locale\" content=\"ca_ES\" \/>\n<meta property=\"og:type\" content=\"article\" \/>\n<meta property=\"og:title\" content=\"Av\u00eds legal | ACE\" \/>\n<meta property=\"og:description\" content=\"Av\u00eds legal Dades identificatives generals: En compliment de la legislaci\u00f3 espanyola vigent, s&#8217;exposen a continuaci\u00f3 les dades identificatives del propietari del present espai web: https:\/\/aceweb.cat\/congres2022 Denominaci\u00f3 social: Associaci\u00f3 de Consutors d\u2019Estructures (ACE) Domicili social: Jordi Girona, 1-3, Edifici Omega S207 \u2013 08034 Barcelona. Cif: G59130427 Correu electr\u00f2nic de contacte: dpd@aceweb.cat. Tel\u00e8fon: +34 93 401 18 [&hellip;]\" \/>\n<meta property=\"og:url\" content=\"https:\/\/aceweb.cat\/congres2022\/ca\/avis-legal\/\" \/>\n<meta property=\"og:site_name\" content=\"ACE\" \/>\n<meta name=\"twitter:card\" content=\"summary_large_image\" \/>\n<meta name=\"twitter:label1\" content=\"Temps estimat de lectura\" \/>\n\t<meta name=\"twitter:data1\" content=\"3 minuts\" \/>\n<script type=\"application\/ld+json\" class=\"yoast-schema-graph\">{\"@context\":\"https:\/\/schema.org\",\"@graph\":[{\"@type\":\"WebPage\",\"@id\":\"https:\/\/aceweb.cat\/congres2022\/ca\/avis-legal\/\",\"url\":\"https:\/\/aceweb.cat\/congres2022\/ca\/avis-legal\/\",\"name\":\"Av\u00eds legal | ACE\",\"isPartOf\":{\"@id\":\"https:\/\/aceweb.cat\/congres2022\/#website\"},\"datePublished\":\"2021-11-15T15:21:34+00:00\",\"dateModified\":\"2021-11-15T15:21:34+00:00\",\"breadcrumb\":{\"@id\":\"https:\/\/aceweb.cat\/congres2022\/ca\/avis-legal\/#breadcrumb\"},\"inLanguage\":\"ca\",\"potentialAction\":[{\"@type\":\"ReadAction\",\"target\":[\"https:\/\/aceweb.cat\/congres2022\/ca\/avis-legal\/\"]}]},{\"@type\":\"BreadcrumbList\",\"@id\":\"https:\/\/aceweb.cat\/congres2022\/ca\/avis-legal\/#breadcrumb\",\"itemListElement\":[{\"@type\":\"ListItem\",\"position\":1,\"name\":\"Portada\",\"item\":\"https:\/\/aceweb.cat\/congres2022\/ca\/\"},{\"@type\":\"ListItem\",\"position\":2,\"name\":\"Av\u00eds legal\"}]},{\"@type\":\"WebSite\",\"@id\":\"https:\/\/aceweb.cat\/congres2022\/#website\",\"url\":\"https:\/\/aceweb.cat\/congres2022\/\",\"name\":\"ACE\",\"description\":\"Le invitamos 5-7 de octubre de 2022 al IV Congreso de la Asociaci\u00f3n de Consultores de Estructuras que se celebrar\u00e1 en Barcelona.\",\"publisher\":{\"@id\":\"https:\/\/aceweb.cat\/congres2022\/#organization\"},\"potentialAction\":[{\"@type\":\"SearchAction\",\"target\":{\"@type\":\"EntryPoint\",\"urlTemplate\":\"https:\/\/aceweb.cat\/congres2022\/?s={search_term_string}\"},\"query-input\":\"required name=search_term_string\"}],\"inLanguage\":\"ca\"},{\"@type\":\"Organization\",\"@id\":\"https:\/\/aceweb.cat\/congres2022\/#organization\",\"name\":\"ACE\",\"url\":\"https:\/\/aceweb.cat\/congres2022\/\",\"sameAs\":[],\"logo\":{\"@type\":\"ImageObject\",\"inLanguage\":\"ca\",\"@id\":\"https:\/\/aceweb.cat\/congres2022\/#\/schema\/logo\/image\/\",\"url\":\"https:\/\/aceweb.cat\/congres2022\/wp-content\/uploads\/2021\/05\/logo-ace.svg\",\"contentUrl\":\"https:\/\/aceweb.cat\/congres2022\/wp-content\/uploads\/2021\/05\/logo-ace.svg\",\"width\":280,\"height\":85,\"caption\":\"ACE\"},\"image\":{\"@id\":\"https:\/\/aceweb.cat\/congres2022\/#\/schema\/logo\/image\/\"}}]}<\/script>\n<!-- \/ Yoast SEO plugin. -->","yoast_head_json":{"title":"Av\u00eds legal | ACE","robots":{"index":"index","follow":"follow","max-snippet":"max-snippet:-1","max-image-preview":"max-image-preview:large","max-video-preview":"max-video-preview:-1"},"canonical":"https:\/\/aceweb.cat\/congres2022\/ca\/avis-legal\/","og_locale":"ca_ES","og_type":"article","og_title":"Av\u00eds legal | ACE","og_description":"Av\u00eds legal Dades identificatives generals: En compliment de la legislaci\u00f3 espanyola vigent, s&#8217;exposen a continuaci\u00f3 les dades identificatives del propietari del present espai web: https:\/\/aceweb.cat\/congres2022 Denominaci\u00f3 social: Associaci\u00f3 de Consutors d\u2019Estructures (ACE) Domicili social: Jordi Girona, 1-3, Edifici Omega S207 \u2013 08034 Barcelona. Cif: G59130427 Correu electr\u00f2nic de contacte: dpd@aceweb.cat. Tel\u00e8fon: +34 93 401 18 [&hellip;]","og_url":"https:\/\/aceweb.cat\/congres2022\/ca\/avis-legal\/","og_site_name":"ACE","twitter_card":"summary_large_image","twitter_misc":{"Temps estimat de lectura":"3 minuts"},"schema":{"@context":"https:\/\/schema.org","@graph":[{"@type":"WebPage","@id":"https:\/\/aceweb.cat\/congres2022\/ca\/avis-legal\/","url":"https:\/\/aceweb.cat\/congres2022\/ca\/avis-legal\/","name":"Av\u00eds legal | ACE","isPartOf":{"@id":"https:\/\/aceweb.cat\/congres2022\/#website"},"datePublished":"2021-11-15T15:21:34+00:00","dateModified":"2021-11-15T15:21:34+00:00","breadcrumb":{"@id":"https:\/\/aceweb.cat\/congres2022\/ca\/avis-legal\/#breadcrumb"},"inLanguage":"ca","potentialAction":[{"@type":"ReadAction","target":["https:\/\/aceweb.cat\/congres2022\/ca\/avis-legal\/"]}]},{"@type":"BreadcrumbList","@id":"https:\/\/aceweb.cat\/congres2022\/ca\/avis-legal\/#breadcrumb","itemListElement":[{"@type":"ListItem","position":1,"name":"Portada","item":"https:\/\/aceweb.cat\/congres2022\/ca\/"},{"@type":"ListItem","position":2,"name":"Av\u00eds legal"}]},{"@type":"WebSite","@id":"https:\/\/aceweb.cat\/congres2022\/#website","url":"https:\/\/aceweb.cat\/congres2022\/","name":"ACE","description":"Le invitamos 5-7 de octubre de 2022 al IV Congreso de la Asociaci\u00f3n de Consultores de Estructuras que se celebrar\u00e1 en Barcelona.","publisher":{"@id":"https:\/\/aceweb.cat\/congres2022\/#organization"},"potentialAction":[{"@type":"SearchAction","target":{"@type":"EntryPoint","urlTemplate":"https:\/\/aceweb.cat\/congres2022\/?s={search_term_string}"},"query-input":"required name=search_term_string"}],"inLanguage":"ca"},{"@type":"Organization","@id":"https:\/\/aceweb.cat\/congres2022\/#organization","name":"ACE","url":"https:\/\/aceweb.cat\/congres2022\/","sameAs":[],"logo":{"@type":"ImageObject","inLanguage":"ca","@id":"https:\/\/aceweb.cat\/congres2022\/#\/schema\/logo\/image\/","url":"https:\/\/aceweb.cat\/congres2022\/wp-content\/uploads\/2021\/05\/logo-ace.svg","contentUrl":"https:\/\/aceweb.cat\/congres2022\/wp-content\/uploads\/2021\/05\/logo-ace.svg","width":280,"height":85,"caption":"ACE"},"image":{"@id":"https:\/\/aceweb.cat\/congres2022\/#\/schema\/logo\/image\/"}}]}},"_links":{"self":[{"href":"https:\/\/aceweb.cat\/congres2022\/ca\/wp-json\/wp\/v2\/pages\/1094","targetHints":{"allow":["GET"]}}],"collection":[{"href":"https:\/\/aceweb.cat\/congres2022\/ca\/wp-json\/wp\/v2\/pages"}],"about":[{"href":"https:\/\/aceweb.cat\/congres2022\/ca\/wp-json\/wp\/v2\/types\/page"}],"author":[{"embeddable":true,"href":"https:\/\/aceweb.cat\/congres2022\/ca\/wp-json\/wp\/v2\/users\/1"}],"replies":[{"embeddable":true,"href":"https:\/\/aceweb.cat\/congres2022\/ca\/wp-json\/wp\/v2\/comments?post=1094"}],"version-history":[{"count":1,"href":"https:\/\/aceweb.cat\/congres2022\/ca\/wp-json\/wp\/v2\/pages\/1094\/revisions"}],"predecessor-version":[{"id":1095,"href":"https:\/\/aceweb.cat\/congres2022\/ca\/wp-json\/wp\/v2\/pages\/1094\/revisions\/1095"}],"wp:attachment":[{"href":"https:\/\/aceweb.cat\/congres2022\/ca\/wp-json\/wp\/v2\/media?parent=1094"}],"curies":[{"name":"wp","href":"https:\/\/api.w.org\/{rel}","templated":true}]}}