{"id":1102,"date":"2021-11-15T15:25:23","date_gmt":"2021-11-15T15:25:23","guid":{"rendered":"https:\/\/aceweb.cat\/congres2022\/politica-de-privacitat\/"},"modified":"2021-11-15T16:10:54","modified_gmt":"2021-11-15T16:10:54","slug":"politica-de-privacitat","status":"publish","type":"page","link":"https:\/\/aceweb.cat\/congres2022\/ca\/politica-de-privacitat\/","title":{"rendered":"Pol\u00edtica de privacitat"},"content":{"rendered":"\t\t<div data-elementor-type=\"wp-page\" data-elementor-id=\"1102\" class=\"elementor elementor-1102\">\n\t\t\t\t\t\t\t\t\t<section class=\"ob-is-breaking-bad elementor-section elementor-top-section elementor-element elementor-element-33bcaf15 elementor-section-height-min-height elementor-section-items-stretch elementor-section-boxed elementor-section-height-default\" data-id=\"33bcaf15\" data-element_type=\"section\" data-settings=\"{&quot;background_background&quot;:&quot;classic&quot;,&quot;_ob_bbad_use_it&quot;:&quot;yes&quot;,&quot;_ob_bbad_sssic_use&quot;:&quot;no&quot;,&quot;_ob_glider_is_slider&quot;:&quot;no&quot;}\">\n\t\t\t\t\t\t\t<div class=\"elementor-background-overlay\"><\/div>\n\t\t\t\t\t\t\t<div class=\"elementor-container elementor-column-gap-wider\">\n\t\t\t\t\t<div class=\"ob-is-pseudo elementor-column elementor-col-100 elementor-top-column elementor-element elementor-element-63d71377\" data-id=\"63d71377\" data-element_type=\"column\" data-settings=\"{&quot;background_background&quot;:&quot;classic&quot;,&quot;_ob_column_has_pseudo&quot;:&quot;yes&quot;,&quot;_ob_pseudo_before_popover_whyxrot&quot;:&quot;yes&quot;,&quot;_ob_bbad_is_stalker&quot;:&quot;no&quot;,&quot;_ob_teleporter_use&quot;:false,&quot;_ob_column_hoveranimator&quot;:&quot;no&quot;}\">\n\t\t\t<div class=\"elementor-widget-wrap elementor-element-populated\">\n\t\t\t\t\t\t\t\t<div class=\"elementor-element elementor-element-408eab5f ob-harakiri-inherit ob-has-background-overlay elementor-widget elementor-widget-heading\" data-id=\"408eab5f\" data-element_type=\"widget\" data-settings=\"{&quot;_ob_harakiri_writing_mode&quot;:&quot;inherit&quot;,&quot;_ob_perspektive_use&quot;:&quot;no&quot;,&quot;_ob_poopart_use&quot;:&quot;yes&quot;,&quot;_ob_shadough_use&quot;:&quot;no&quot;,&quot;_ob_allow_hoveranimator&quot;:&quot;no&quot;,&quot;_ob_widget_stalker_use&quot;:&quot;no&quot;}\" data-widget_type=\"heading.default\">\n\t\t\t\t<div class=\"elementor-widget-container\">\n\t\t\t<h2 class=\"elementor-heading-title elementor-size-default\">Pol\u00edtica de privacitat<\/h2>\t\t<\/div>\n\t\t\t\t<\/div>\n\t\t\t\t\t<\/div>\n\t\t<\/div>\n\t\t\t\t\t\t\t<\/div>\n\t\t<\/section>\n\t\t\t\t<section class=\"ob-is-breaking-bad elementor-section elementor-top-section elementor-element elementor-element-4e222a14 elementor-section-full_width elementor-section-height-default elementor-section-height-default\" data-id=\"4e222a14\" data-element_type=\"section\" data-settings=\"{&quot;background_background&quot;:&quot;classic&quot;,&quot;_ob_bbad_use_it&quot;:&quot;yes&quot;,&quot;_ob_bbad_sssic_use&quot;:&quot;no&quot;,&quot;_ob_glider_is_slider&quot;:&quot;no&quot;}\">\n\t\t\t\t\t\t<div class=\"elementor-container elementor-column-gap-wider\">\n\t\t\t\t\t<div class=\"elementor-column elementor-col-100 elementor-top-column elementor-element elementor-element-21ca31f8\" data-id=\"21ca31f8\" data-element_type=\"column\" data-settings=\"{&quot;_ob_bbad_is_stalker&quot;:&quot;no&quot;,&quot;_ob_teleporter_use&quot;:false,&quot;_ob_column_hoveranimator&quot;:&quot;no&quot;,&quot;_ob_column_has_pseudo&quot;:&quot;no&quot;}\">\n\t\t\t<div class=\"elementor-widget-wrap elementor-element-populated\">\n\t\t\t\t\t\t\t\t<section class=\"ob-is-breaking-bad ob-bb-inner elementor-section elementor-inner-section elementor-element elementor-element-5a4c04e6 elementor-section-boxed elementor-section-height-default elementor-section-height-default\" data-id=\"5a4c04e6\" data-element_type=\"section\" data-settings=\"{&quot;_ob_bbad_use_it&quot;:&quot;yes&quot;,&quot;_ob_bbad_sssic_use&quot;:&quot;no&quot;,&quot;_ob_glider_is_slider&quot;:&quot;no&quot;}\">\n\t\t\t\t\t\t<div class=\"elementor-container elementor-column-gap-wider\">\n\t\t\t\t\t<div class=\"elementor-column elementor-col-100 elementor-inner-column elementor-element elementor-element-72f05a6f\" data-id=\"72f05a6f\" data-element_type=\"column\" data-settings=\"{&quot;_ob_bbad_is_stalker&quot;:&quot;no&quot;,&quot;_ob_teleporter_use&quot;:false,&quot;_ob_column_hoveranimator&quot;:&quot;no&quot;,&quot;_ob_column_has_pseudo&quot;:&quot;no&quot;}\">\n\t\t\t<div class=\"elementor-widget-wrap elementor-element-populated\">\n\t\t\t\t\t\t\t\t<div class=\"elementor-element elementor-element-38924411 ob-harakiri-inherit ob-has-background-overlay elementor-widget elementor-widget-text-editor\" data-id=\"38924411\" data-element_type=\"widget\" data-settings=\"{&quot;_ob_harakiri_writing_mode&quot;:&quot;inherit&quot;,&quot;_ob_perspektive_use&quot;:&quot;no&quot;,&quot;_ob_poopart_use&quot;:&quot;yes&quot;,&quot;_ob_shadough_use&quot;:&quot;no&quot;,&quot;_ob_allow_hoveranimator&quot;:&quot;no&quot;,&quot;_ob_widget_stalker_use&quot;:&quot;no&quot;}\" data-widget_type=\"text-editor.default\">\n\t\t\t\t<div class=\"elementor-widget-container\">\n\t\t\t\t\t\t\t<h3>Pol\u00edtica de protecci\u00f3 de dades personals ACE<\/h3><p>Des de l\u2019ACE som conscients de la import\u00e0ncia que suposa obtenir informaci\u00f3 clara i transparent sobre l\u2019\u00fas que fem de la informaci\u00f3 que ens proporcionen els nostres socis i persones interessades.<\/p><h3>Qui \u00e9s el responsable del tractament de les seves dades personals?<\/h3><p>Entitat: Associaci\u00f3 de Consultors d\u2019Estructures (ACE).<br \/>Domicili social: Jordi Girona, 1-3, Edifici Omega S207 \u2013 08034 Barcelona.<br \/>Adre\u00e7a de correu electr\u00f2nic:\u00a0dpd@aceweb.cat.<br \/>Les dades registrals: Registre d\u2019Associacions de la Generalitat de Catalunya amb n\u00famero 11.146 de la secci\u00f3 1a. del Registre de Barcelona.<br \/>CIF: G59130427<\/p><h3>Qui \u00e9s el Delegat de Protecci\u00f3 de Dades de l\u2019ACE i com pot posar-se en contacte amb ell?<\/h3><p>El Delegat de Protecci\u00f3 de Dades \u00e9s la persona que s\u2019encarrega de protegir el dret fonamental a la protecci\u00f3 de dades personals de l\u2019ACE i s\u2019encarrega del compliment de la normativa de protecci\u00f3 de dades. Podr\u00e0s contactar amb el Delegat de Protecci\u00f3 de Dades de l\u2019ACE a l\u2019adre\u00e7a seg\u00fcent:\u00a0dpd@aceweb.cat.<\/p><h3>Per a qu\u00e8 utilitzem les seves dades personals?<\/h3><p>A l\u2019ACE tractem les seves dades personals amb les finalitats:<\/p><ul><li>Les dades personals que ens faciliti obtingudes de la seva relaci\u00f3 amb nosaltres, seran incorporades a un fitxer o fitxers, responsabilitat de l\u2019ACE i seran dedicades principalment a les finalitats relacionades amb la gesti\u00f3 d\u2019administraci\u00f3 general, manteniment, compliment, desenvolupament i control, gestionar la seva relaci\u00f3 amb nosaltres.<\/li><li>Gestionar el seu registre, acc\u00e9s i \u00fas de la part privada de la web.<\/li><li>Gestionar el seu contacte amb l\u2019ACE ja sigui per una consulta, ajuda, sol\u00b7licitud de col\u00b7laborar, reclamaci\u00f3, queixa, sol\u00b7licitud de servei, comunicacions o qualsevol altre motiu.<\/li><li>L\u2019ACE posa en el seu coneixement que est\u00e0 present en xarxes socials. El tractament de les dades que es faci de les persones que es facin seguidores (i\/o estableixin un vincle o realitzant qualsevol acci\u00f3 de connexi\u00f3 amb l\u2019ACE a les xarxes socials) de les p\u00e0gines oficials de l\u2019ACE a les xarxes socials es regir\u00e0 per aquest apartat l\u2019av\u00eds legal de la web, aix\u00ed com per aquelles Condicions d\u2019\u00fas. Pol\u00edtiques de privacitat i dem\u00e9s normatives d\u2019acc\u00e9s, \u00fas i similars, que pertanyin a la xarxa social que correspongui les quals l\u2019usuari de les xarxes socials ja haur\u00e0 acceptat. L\u2019ACE tractar\u00e0 les dades que ens faciliti fent-se seguidor amb la finalitat d\u2019administrar correctament la seva pres\u00e8ncia a la xarxa social que correspongui, informant-lo d\u2019activitats de l\u2019ACE o de tercers que hi puguin estar relacionats amb l\u2019activitat de l\u2019ACE aix\u00ed com per qualsevol altre que les normatives de les xarxes socials puguin permetre.<\/li><li>Als cursos de l\u2019ACE aix\u00ed com els realitzats a trav\u00e9s de la Fundaci\u00f3 Privada Institut d\u2019Estudis Estructurals (IEE) s\u2019utilitzaran amb les finalitats de gesti\u00f3, manteniment, compliment, desenvolupament o control de la seva participaci\u00f3n com alumne del curs, personal docent, jornada, seminari, m\u00e0ster, etc., que correspongui.<\/li><li>Amb la finalitat de poder enviar-li comunicacions sobre les not\u00edcies, actes, jornades, cursos que puguin ser d\u2019inter\u00e8s general per la professi\u00f3.<\/li><li>L\u2019ACE posa en el seu coneixement que facilitar\u00e0 les seves dades personals a empreses prove\u00efdores sempre que sigui necessari per la prestaci\u00f3 del servei, amb l\u2019estricta obligaci\u00f3 de confidencialitat y pr\u00e8via formalitzaci\u00f3 del corresponent contracte de prestaci\u00f3 de serveis entre el responsable del tractament de l\u2019ACE i l\u2019encarregat del tractament de l\u2019empresa prove\u00efdora.<\/li><li>Les dades personals de les subscripcions que es generin s\u2019utilitzaran amb les finalitats de gesti\u00f3, manteniment, compliment, desenvolupament o control de la subscripci\u00f3 sol\u00b7licitada.<\/li><li>Tanmateix, les seves dades podran ser comunicades pel compliment de les obligacions legals i\/o contractuals que puguin existir.<\/li><\/ul><h3>Durant quant de temps conservar\u00e0 l\u2019ACE les seves dades?<\/h3><p>Conservarem les seves dades personals durant la vig\u00e8ncia de la relaci\u00f3 contractual i mentre sigui necessari per a qualsevol dels prop\u00f2sits que hem descrit i segons el temps que marqui legalment la llei.<\/p><h3>A qui comunicarem les seves dades?<\/h3><p>En cap cas l\u2019ACE, utilitzar\u00e0 les dades personals dels interessats per a finalitats diferents dels anteriorment anomenades, ni les comunicar\u00e0 a tercers sense el consentiment previ i expr\u00e9s de l\u2019interessat, i es compromet a guardar el degut secret professional i a establir les mesures t\u00e8cniques i organitzatives necess\u00e0ries per salvaguardar la informaci\u00f3 conforme els requeriments que estableix el RGPD.<\/p><h3>Drets de l\u2019interessat<\/h3><p>Aix\u00ed mateix, en qualsevol moment, pots exercir els seus drets d\u2019acc\u00e9s, rectificaci\u00f3, cancel\u00b7laci\u00f3, oposici\u00f3, limitaci\u00f3 i portabilitat dirigint-se per escrit acompanyant c\u00f2pia de documento oficial que li identifiqui a l\u2019adre\u00e7a de correu electr\u00f2nic\u00a0dpd@aceweb.cat\u00a0o a les oficines de l\u2019ACE al carrer Jordi Girona, 31, edifici Til\u00b7lers, 08034 Barcelona, indicant en l\u2019assumpte del missatge o en el sobre: ACE Protecci\u00f3 de Dades Personals.<\/p><p>Si no ha estat satisfet l\u2019exercici dels vostres drets, podeu presentar una reclamaci\u00f3 davant l\u2019Ag\u00e8ncia Espanyola de Protecci\u00f3 de Dades (www.agdp.es).<\/p>\t\t\t\t\t\t<\/div>\n\t\t\t\t<\/div>\n\t\t\t\t\t<\/div>\n\t\t<\/div>\n\t\t\t\t\t\t\t<\/div>\n\t\t<\/section>\n\t\t\t\t\t<\/div>\n\t\t<\/div>\n\t\t\t\t\t\t\t<\/div>\n\t\t<\/section>\n\t\t\t\t\t\t\t<\/div>\n\t\t","protected":false},"excerpt":{"rendered":"<p>Pol\u00edtica de privacitat Pol\u00edtica de protecci\u00f3 de dades personals ACE Des de l\u2019ACE som conscients de la import\u00e0ncia que suposa obtenir informaci\u00f3 clara i transparent sobre l\u2019\u00fas que fem de la informaci\u00f3 que ens proporcionen els nostres socis i persones interessades. Qui \u00e9s el responsable del tractament de les seves dades personals? Entitat: Associaci\u00f3 de [&hellip;]<\/p>\n","protected":false},"author":1,"featured_media":0,"parent":0,"menu_order":0,"comment_status":"closed","ping_status":"closed","template":"","meta":{"footnotes":""},"class_list":["post-1102","page","type-page","status-publish","hentry"],"yoast_head":"<!-- This site is optimized with the Yoast SEO plugin v19.6.1 - https:\/\/yoast.com\/wordpress\/plugins\/seo\/ -->\n<title>Pol\u00edtica de privacitat | ACE<\/title>\n<meta name=\"robots\" content=\"index, follow, max-snippet:-1, max-image-preview:large, max-video-preview:-1\" \/>\n<link rel=\"canonical\" href=\"https:\/\/aceweb.cat\/congres2022\/ca\/politica-de-privacitat\/\" \/>\n<meta property=\"og:locale\" content=\"ca_ES\" \/>\n<meta property=\"og:type\" content=\"article\" \/>\n<meta property=\"og:title\" content=\"Pol\u00edtica de privacitat | ACE\" \/>\n<meta property=\"og:description\" content=\"Pol\u00edtica de privacitat Pol\u00edtica de protecci\u00f3 de dades personals ACE Des de l\u2019ACE som conscients de la import\u00e0ncia que suposa obtenir informaci\u00f3 clara i transparent sobre l\u2019\u00fas que fem de la informaci\u00f3 que ens proporcionen els nostres socis i persones interessades. Qui \u00e9s el responsable del tractament de les seves dades personals? Entitat: Associaci\u00f3 de [&hellip;]\" \/>\n<meta property=\"og:url\" content=\"https:\/\/aceweb.cat\/congres2022\/ca\/politica-de-privacitat\/\" \/>\n<meta property=\"og:site_name\" content=\"ACE\" \/>\n<meta property=\"article:modified_time\" content=\"2021-11-15T16:10:54+00:00\" \/>\n<meta name=\"twitter:card\" content=\"summary_large_image\" \/>\n<meta name=\"twitter:label1\" content=\"Temps estimat de lectura\" \/>\n\t<meta name=\"twitter:data1\" content=\"4 minuts\" \/>\n<script type=\"application\/ld+json\" class=\"yoast-schema-graph\">{\"@context\":\"https:\/\/schema.org\",\"@graph\":[{\"@type\":\"WebPage\",\"@id\":\"https:\/\/aceweb.cat\/congres2022\/ca\/politica-de-privacitat\/\",\"url\":\"https:\/\/aceweb.cat\/congres2022\/ca\/politica-de-privacitat\/\",\"name\":\"Pol\u00edtica de privacitat | ACE\",\"isPartOf\":{\"@id\":\"https:\/\/aceweb.cat\/congres2022\/#website\"},\"datePublished\":\"2021-11-15T15:25:23+00:00\",\"dateModified\":\"2021-11-15T16:10:54+00:00\",\"breadcrumb\":{\"@id\":\"https:\/\/aceweb.cat\/congres2022\/ca\/politica-de-privacitat\/#breadcrumb\"},\"inLanguage\":\"ca\",\"potentialAction\":[{\"@type\":\"ReadAction\",\"target\":[\"https:\/\/aceweb.cat\/congres2022\/ca\/politica-de-privacitat\/\"]}]},{\"@type\":\"BreadcrumbList\",\"@id\":\"https:\/\/aceweb.cat\/congres2022\/ca\/politica-de-privacitat\/#breadcrumb\",\"itemListElement\":[{\"@type\":\"ListItem\",\"position\":1,\"name\":\"Portada\",\"item\":\"https:\/\/aceweb.cat\/congres2022\/ca\/\"},{\"@type\":\"ListItem\",\"position\":2,\"name\":\"Pol\u00edtica de privacitat\"}]},{\"@type\":\"WebSite\",\"@id\":\"https:\/\/aceweb.cat\/congres2022\/#website\",\"url\":\"https:\/\/aceweb.cat\/congres2022\/\",\"name\":\"ACE\",\"description\":\"Le invitamos 5-7 de octubre de 2022 al IV Congreso de la Asociaci\u00f3n de Consultores de Estructuras que se celebrar\u00e1 en Barcelona.\",\"publisher\":{\"@id\":\"https:\/\/aceweb.cat\/congres2022\/#organization\"},\"potentialAction\":[{\"@type\":\"SearchAction\",\"target\":{\"@type\":\"EntryPoint\",\"urlTemplate\":\"https:\/\/aceweb.cat\/congres2022\/?s={search_term_string}\"},\"query-input\":\"required name=search_term_string\"}],\"inLanguage\":\"ca\"},{\"@type\":\"Organization\",\"@id\":\"https:\/\/aceweb.cat\/congres2022\/#organization\",\"name\":\"ACE\",\"url\":\"https:\/\/aceweb.cat\/congres2022\/\",\"sameAs\":[],\"logo\":{\"@type\":\"ImageObject\",\"inLanguage\":\"ca\",\"@id\":\"https:\/\/aceweb.cat\/congres2022\/#\/schema\/logo\/image\/\",\"url\":\"https:\/\/aceweb.cat\/congres2022\/wp-content\/uploads\/2021\/05\/logo-ace.svg\",\"contentUrl\":\"https:\/\/aceweb.cat\/congres2022\/wp-content\/uploads\/2021\/05\/logo-ace.svg\",\"width\":280,\"height\":85,\"caption\":\"ACE\"},\"image\":{\"@id\":\"https:\/\/aceweb.cat\/congres2022\/#\/schema\/logo\/image\/\"}}]}<\/script>\n<!-- \/ Yoast SEO plugin. -->","yoast_head_json":{"title":"Pol\u00edtica de privacitat | ACE","robots":{"index":"index","follow":"follow","max-snippet":"max-snippet:-1","max-image-preview":"max-image-preview:large","max-video-preview":"max-video-preview:-1"},"canonical":"https:\/\/aceweb.cat\/congres2022\/ca\/politica-de-privacitat\/","og_locale":"ca_ES","og_type":"article","og_title":"Pol\u00edtica de privacitat | ACE","og_description":"Pol\u00edtica de privacitat Pol\u00edtica de protecci\u00f3 de dades personals ACE Des de l\u2019ACE som conscients de la import\u00e0ncia que suposa obtenir informaci\u00f3 clara i transparent sobre l\u2019\u00fas que fem de la informaci\u00f3 que ens proporcionen els nostres socis i persones interessades. Qui \u00e9s el responsable del tractament de les seves dades personals? Entitat: Associaci\u00f3 de [&hellip;]","og_url":"https:\/\/aceweb.cat\/congres2022\/ca\/politica-de-privacitat\/","og_site_name":"ACE","article_modified_time":"2021-11-15T16:10:54+00:00","twitter_card":"summary_large_image","twitter_misc":{"Temps estimat de lectura":"4 minuts"},"schema":{"@context":"https:\/\/schema.org","@graph":[{"@type":"WebPage","@id":"https:\/\/aceweb.cat\/congres2022\/ca\/politica-de-privacitat\/","url":"https:\/\/aceweb.cat\/congres2022\/ca\/politica-de-privacitat\/","name":"Pol\u00edtica de privacitat | ACE","isPartOf":{"@id":"https:\/\/aceweb.cat\/congres2022\/#website"},"datePublished":"2021-11-15T15:25:23+00:00","dateModified":"2021-11-15T16:10:54+00:00","breadcrumb":{"@id":"https:\/\/aceweb.cat\/congres2022\/ca\/politica-de-privacitat\/#breadcrumb"},"inLanguage":"ca","potentialAction":[{"@type":"ReadAction","target":["https:\/\/aceweb.cat\/congres2022\/ca\/politica-de-privacitat\/"]}]},{"@type":"BreadcrumbList","@id":"https:\/\/aceweb.cat\/congres2022\/ca\/politica-de-privacitat\/#breadcrumb","itemListElement":[{"@type":"ListItem","position":1,"name":"Portada","item":"https:\/\/aceweb.cat\/congres2022\/ca\/"},{"@type":"ListItem","position":2,"name":"Pol\u00edtica de privacitat"}]},{"@type":"WebSite","@id":"https:\/\/aceweb.cat\/congres2022\/#website","url":"https:\/\/aceweb.cat\/congres2022\/","name":"ACE","description":"Le invitamos 5-7 de octubre de 2022 al IV Congreso de la Asociaci\u00f3n de Consultores de Estructuras que se celebrar\u00e1 en Barcelona.","publisher":{"@id":"https:\/\/aceweb.cat\/congres2022\/#organization"},"potentialAction":[{"@type":"SearchAction","target":{"@type":"EntryPoint","urlTemplate":"https:\/\/aceweb.cat\/congres2022\/?s={search_term_string}"},"query-input":"required name=search_term_string"}],"inLanguage":"ca"},{"@type":"Organization","@id":"https:\/\/aceweb.cat\/congres2022\/#organization","name":"ACE","url":"https:\/\/aceweb.cat\/congres2022\/","sameAs":[],"logo":{"@type":"ImageObject","inLanguage":"ca","@id":"https:\/\/aceweb.cat\/congres2022\/#\/schema\/logo\/image\/","url":"https:\/\/aceweb.cat\/congres2022\/wp-content\/uploads\/2021\/05\/logo-ace.svg","contentUrl":"https:\/\/aceweb.cat\/congres2022\/wp-content\/uploads\/2021\/05\/logo-ace.svg","width":280,"height":85,"caption":"ACE"},"image":{"@id":"https:\/\/aceweb.cat\/congres2022\/#\/schema\/logo\/image\/"}}]}},"_links":{"self":[{"href":"https:\/\/aceweb.cat\/congres2022\/ca\/wp-json\/wp\/v2\/pages\/1102","targetHints":{"allow":["GET"]}}],"collection":[{"href":"https:\/\/aceweb.cat\/congres2022\/ca\/wp-json\/wp\/v2\/pages"}],"about":[{"href":"https:\/\/aceweb.cat\/congres2022\/ca\/wp-json\/wp\/v2\/types\/page"}],"author":[{"embeddable":true,"href":"https:\/\/aceweb.cat\/congres2022\/ca\/wp-json\/wp\/v2\/users\/1"}],"replies":[{"embeddable":true,"href":"https:\/\/aceweb.cat\/congres2022\/ca\/wp-json\/wp\/v2\/comments?post=1102"}],"version-history":[{"count":4,"href":"https:\/\/aceweb.cat\/congres2022\/ca\/wp-json\/wp\/v2\/pages\/1102\/revisions"}],"predecessor-version":[{"id":1129,"href":"https:\/\/aceweb.cat\/congres2022\/ca\/wp-json\/wp\/v2\/pages\/1102\/revisions\/1129"}],"wp:attachment":[{"href":"https:\/\/aceweb.cat\/congres2022\/ca\/wp-json\/wp\/v2\/media?parent=1102"}],"curies":[{"name":"wp","href":"https:\/\/api.w.org\/{rel}","templated":true}]}}