{"id":913,"date":"2021-10-27T09:25:44","date_gmt":"2021-10-27T09:25:44","guid":{"rendered":"https:\/\/aceweb.cat\/congres2022\/congres-virtual\/"},"modified":"2022-09-09T07:12:43","modified_gmt":"2022-09-09T07:12:43","slug":"congres-virtual","status":"publish","type":"page","link":"https:\/\/aceweb.cat\/congres2022\/ca\/congres-virtual\/","title":{"rendered":"Congr\u00e9s virtual"},"content":{"rendered":"\t\t<div data-elementor-type=\"wp-page\" data-elementor-id=\"913\" class=\"elementor elementor-913\">\n\t\t\t\t\t\t\t\t\t<section class=\"ob-is-breaking-bad elementor-section elementor-top-section elementor-element elementor-element-337082b0 elementor-section-height-min-height elementor-section-items-stretch elementor-section-boxed elementor-section-height-default\" data-id=\"337082b0\" data-element_type=\"section\" data-settings=\"{&quot;background_background&quot;:&quot;classic&quot;,&quot;_ob_bbad_use_it&quot;:&quot;yes&quot;,&quot;_ob_bbad_sssic_use&quot;:&quot;no&quot;,&quot;_ob_glider_is_slider&quot;:&quot;no&quot;}\">\n\t\t\t\t\t\t\t<div class=\"elementor-background-overlay\"><\/div>\n\t\t\t\t\t\t\t<div class=\"elementor-container elementor-column-gap-wider\">\n\t\t\t\t\t<div class=\"ob-is-pseudo elementor-column elementor-col-100 elementor-top-column elementor-element elementor-element-737741cd\" data-id=\"737741cd\" data-element_type=\"column\" data-settings=\"{&quot;background_background&quot;:&quot;classic&quot;,&quot;_ob_column_has_pseudo&quot;:&quot;yes&quot;,&quot;_ob_pseudo_before_popover_whyxrot&quot;:&quot;yes&quot;,&quot;_ob_bbad_is_stalker&quot;:&quot;no&quot;,&quot;_ob_teleporter_use&quot;:false,&quot;_ob_column_hoveranimator&quot;:&quot;no&quot;}\">\n\t\t\t<div class=\"elementor-widget-wrap elementor-element-populated\">\n\t\t\t\t\t\t\t\t<div class=\"elementor-element elementor-element-5c447a07 ob-harakiri-inherit ob-has-background-overlay elementor-widget elementor-widget-heading\" data-id=\"5c447a07\" data-element_type=\"widget\" data-settings=\"{&quot;_ob_harakiri_writing_mode&quot;:&quot;inherit&quot;,&quot;_ob_perspektive_use&quot;:&quot;no&quot;,&quot;_ob_poopart_use&quot;:&quot;yes&quot;,&quot;_ob_shadough_use&quot;:&quot;no&quot;,&quot;_ob_allow_hoveranimator&quot;:&quot;no&quot;,&quot;_ob_widget_stalker_use&quot;:&quot;no&quot;}\" data-widget_type=\"heading.default\">\n\t\t\t\t<div class=\"elementor-widget-container\">\n\t\t\t<h2 class=\"elementor-heading-title elementor-size-default\"> Congr\u00e9s Virtual<\/h2>\t\t<\/div>\n\t\t\t\t<\/div>\n\t\t\t\t\t<\/div>\n\t\t<\/div>\n\t\t\t\t\t\t\t<\/div>\n\t\t<\/section>\n\t\t\t\t<section class=\"ob-is-breaking-bad elementor-section elementor-top-section elementor-element elementor-element-9347349 elementor-section-full_width elementor-section-height-default elementor-section-height-default\" data-id=\"9347349\" data-element_type=\"section\" data-settings=\"{&quot;background_background&quot;:&quot;classic&quot;,&quot;_ob_bbad_use_it&quot;:&quot;yes&quot;,&quot;_ob_bbad_sssic_use&quot;:&quot;no&quot;,&quot;_ob_glider_is_slider&quot;:&quot;no&quot;}\">\n\t\t\t\t\t\t<div class=\"elementor-container elementor-column-gap-wider\">\n\t\t\t\t\t<div class=\"elementor-column elementor-col-100 elementor-top-column elementor-element elementor-element-d50d339\" data-id=\"d50d339\" data-element_type=\"column\" data-settings=\"{&quot;_ob_bbad_is_stalker&quot;:&quot;no&quot;,&quot;_ob_teleporter_use&quot;:false,&quot;_ob_column_hoveranimator&quot;:&quot;no&quot;,&quot;_ob_column_has_pseudo&quot;:&quot;no&quot;}\">\n\t\t\t<div class=\"elementor-widget-wrap elementor-element-populated\">\n\t\t\t\t\t\t\t\t<section class=\"ob-is-breaking-bad ob-bb-inner elementor-section elementor-inner-section elementor-element elementor-element-83982f8 elementor-section-boxed elementor-section-height-default elementor-section-height-default\" data-id=\"83982f8\" data-element_type=\"section\" data-settings=\"{&quot;_ob_bbad_use_it&quot;:&quot;yes&quot;,&quot;_ob_bbad_sssic_use&quot;:&quot;no&quot;,&quot;_ob_glider_is_slider&quot;:&quot;no&quot;}\">\n\t\t\t\t\t\t<div class=\"elementor-container elementor-column-gap-default\">\n\t\t\t\t\t<div class=\"elementor-column elementor-col-50 elementor-inner-column elementor-element elementor-element-f4245b4\" data-id=\"f4245b4\" data-element_type=\"column\" data-settings=\"{&quot;_ob_bbad_is_stalker&quot;:&quot;no&quot;,&quot;_ob_teleporter_use&quot;:false,&quot;_ob_column_hoveranimator&quot;:&quot;no&quot;,&quot;_ob_column_has_pseudo&quot;:&quot;no&quot;}\">\n\t\t\t<div class=\"elementor-widget-wrap elementor-element-populated\">\n\t\t\t\t\t\t\t\t<div class=\"elementor-element elementor-element-cc0d90e ob-harakiri-inherit ob-has-background-overlay elementor-widget elementor-widget-text-editor\" data-id=\"cc0d90e\" data-element_type=\"widget\" data-settings=\"{&quot;_ob_harakiri_writing_mode&quot;:&quot;inherit&quot;,&quot;_ob_perspektive_use&quot;:&quot;no&quot;,&quot;_ob_poopart_use&quot;:&quot;yes&quot;,&quot;_ob_shadough_use&quot;:&quot;no&quot;,&quot;_ob_allow_hoveranimator&quot;:&quot;no&quot;,&quot;_ob_widget_stalker_use&quot;:&quot;no&quot;}\" data-widget_type=\"text-editor.default\">\n\t\t\t\t<div class=\"elementor-widget-container\">\n\t\t\t\t\t\t\t<h3><strong>Participa en el proper congr\u00e9s ACE (inscripci\u00f3 virtual)<\/strong><\/h3><p>Assisteix de forma online a l&#8217;actualizaci\u00f3 en el camp del diseny estructural. Consultors d&#8217;estructures, enginyers i arquitectes es reuneixen per tractar les noves normatives, novetats en materials, sotware i c\u00e0lcul estructural.<\/p><p>Reserva la teva pla\u00e7a en l\u00ednia i tindr\u00e0s:<\/p><ul><li>Acc\u00e9s a plataforma virtual<\/li><li>Agenda<\/li><li>Sessions en directe<\/li><li>Sessions gravades<\/li><li>Xat<\/li><li>P\u00f2sters en PDF<\/li><li>Certificat d&#8217;\u00e0ssist\u00e8ncia<\/li><\/ul>\t\t\t\t\t\t<\/div>\n\t\t\t\t<\/div>\n\t\t\t\t<div class=\"elementor-element elementor-element-94917e4 ob-has-background-overlay elementor-widget elementor-widget-button\" data-id=\"94917e4\" data-element_type=\"widget\" data-settings=\"{&quot;_ob_butterbutton_use_it&quot;:&quot;no&quot;,&quot;_ob_perspektive_use&quot;:&quot;no&quot;,&quot;_ob_poopart_use&quot;:&quot;yes&quot;,&quot;_ob_shadough_use&quot;:&quot;no&quot;,&quot;_ob_allow_hoveranimator&quot;:&quot;no&quot;,&quot;_ob_widget_stalker_use&quot;:&quot;no&quot;}\" data-widget_type=\"button.default\">\n\t\t\t\t<div class=\"elementor-widget-container\">\n\t\t\t\t\t<div class=\"elementor-button-wrapper\">\n\t\t\t<a href=\"https:\/\/aceweb.cat\/congres2022\/ca\/inscripcions\/\" class=\"elementor-button-link elementor-button elementor-size-sm\" role=\"button\">\n\t\t\t\t\t\t<span class=\"elementor-button-content-wrapper\">\n\t\t\t\t\t\t\t<span class=\"elementor-button-icon elementor-align-icon-left\">\n\t\t\t\t<i aria-hidden=\"true\" class=\"far fa-address-card\"><\/i>\t\t\t<\/span>\n\t\t\t\t\t\t<span class=\"elementor-button-text\">INSCRIPCIONS<\/span>\n\t\t<\/span>\n\t\t\t\t\t<\/a>\n\t\t<\/div>\n\t\t\t\t<\/div>\n\t\t\t\t<\/div>\n\t\t\t\t<div class=\"elementor-element elementor-element-bbcb91e ob-has-background-overlay elementor-widget elementor-widget-button\" data-id=\"bbcb91e\" data-element_type=\"widget\" data-settings=\"{&quot;_ob_butterbutton_use_it&quot;:&quot;no&quot;,&quot;_ob_perspektive_use&quot;:&quot;no&quot;,&quot;_ob_poopart_use&quot;:&quot;yes&quot;,&quot;_ob_shadough_use&quot;:&quot;no&quot;,&quot;_ob_allow_hoveranimator&quot;:&quot;no&quot;,&quot;_ob_widget_stalker_use&quot;:&quot;no&quot;}\" data-widget_type=\"button.default\">\n\t\t\t\t<div class=\"elementor-widget-container\">\n\t\t\t\t\t<div class=\"elementor-button-wrapper\">\n\t\t\t<a href=\"https:\/\/aceweb.cat\/congres2022\/ca\/programa\/\" rel=\"nofollow\" class=\"elementor-button-link elementor-button elementor-size-sm\" role=\"button\">\n\t\t\t\t\t\t<span class=\"elementor-button-content-wrapper\">\n\t\t\t\t\t\t\t<span class=\"elementor-button-icon elementor-align-icon-left\">\n\t\t\t\t<i aria-hidden=\"true\" class=\"far fa-eye\"><\/i>\t\t\t<\/span>\n\t\t\t\t\t\t<span class=\"elementor-button-text\">CONEIX EL PROGRAMA<\/span>\n\t\t<\/span>\n\t\t\t\t\t<\/a>\n\t\t<\/div>\n\t\t\t\t<\/div>\n\t\t\t\t<\/div>\n\t\t\t\t\t<\/div>\n\t\t<\/div>\n\t\t\t\t<div class=\"elementor-column elementor-col-50 elementor-inner-column elementor-element elementor-element-a2540ad\" data-id=\"a2540ad\" data-element_type=\"column\" data-settings=\"{&quot;_ob_bbad_is_stalker&quot;:&quot;no&quot;,&quot;_ob_teleporter_use&quot;:false,&quot;_ob_column_hoveranimator&quot;:&quot;no&quot;,&quot;_ob_column_has_pseudo&quot;:&quot;no&quot;}\">\n\t\t\t<div class=\"elementor-widget-wrap elementor-element-populated\">\n\t\t\t\t\t\t\t\t<div class=\"elementor-element elementor-element-f46d46d animated-fast elementor-invisible ob-has-background-overlay elementor-widget elementor-widget-image\" data-id=\"f46d46d\" data-element_type=\"widget\" data-settings=\"{&quot;_animation&quot;:&quot;fadeInRight&quot;,&quot;_ob_photomorph_use&quot;:&quot;no&quot;,&quot;_ob_perspektive_use&quot;:&quot;no&quot;,&quot;_ob_poopart_use&quot;:&quot;yes&quot;,&quot;_ob_shadough_use&quot;:&quot;no&quot;,&quot;_ob_allow_hoveranimator&quot;:&quot;no&quot;,&quot;_ob_widget_stalker_use&quot;:&quot;no&quot;}\" data-widget_type=\"image.default\">\n\t\t\t\t<div class=\"elementor-widget-container\">\n\t\t\t\t\t\t\t\t\t\t\t\t\t\t\t<img loading=\"lazy\" decoding=\"async\" width=\"1000\" height=\"1000\" src=\"https:\/\/aceweb.cat\/congres2022\/wp-content\/uploads\/2021\/10\/ace-8PICO02.jpg\" class=\"attachment-large size-large\" alt=\"\" srcset=\"https:\/\/aceweb.cat\/congres2022\/wp-content\/uploads\/2021\/10\/ace-8PICO02.jpg 1000w, https:\/\/aceweb.cat\/congres2022\/wp-content\/uploads\/2021\/10\/ace-8PICO02-300x300.jpg 300w, https:\/\/aceweb.cat\/congres2022\/wp-content\/uploads\/2021\/10\/ace-8PICO02-150x150.jpg 150w, https:\/\/aceweb.cat\/congres2022\/wp-content\/uploads\/2021\/10\/ace-8PICO02-768x768.jpg 768w, https:\/\/aceweb.cat\/congres2022\/wp-content\/uploads\/2021\/10\/ace-8PICO02-230x230.jpg 230w, https:\/\/aceweb.cat\/congres2022\/wp-content\/uploads\/2021\/10\/ace-8PICO02-400x400.jpg 400w, https:\/\/aceweb.cat\/congres2022\/wp-content\/uploads\/2021\/10\/ace-8PICO02-600x600.jpg 600w, https:\/\/aceweb.cat\/congres2022\/wp-content\/uploads\/2021\/10\/ace-8PICO02-640x640.jpg 640w\" sizes=\"auto, (max-width: 1000px) 100vw, 1000px\" \/>\t\t\t\t\t\t\t\t\t\t\t\t\t\t\t<\/div>\n\t\t\t\t<\/div>\n\t\t\t\t\t<\/div>\n\t\t<\/div>\n\t\t\t\t\t\t\t<\/div>\n\t\t<\/section>\n\t\t\t\t\t<\/div>\n\t\t<\/div>\n\t\t\t\t\t\t\t<\/div>\n\t\t<\/section>\n\t\t\t\t\t\t\t<\/div>\n\t\t","protected":false},"excerpt":{"rendered":"<p>Congr\u00e9s Virtual Participa en el proper congr\u00e9s ACE (inscripci\u00f3 virtual) Assisteix de forma online a l&#8217;actualizaci\u00f3 en el camp del diseny estructural. Consultors d&#8217;estructures, enginyers i arquitectes es reuneixen per tractar les noves normatives, novetats en materials, sotware i c\u00e0lcul estructural. Reserva la teva pla\u00e7a en l\u00ednia i tindr\u00e0s: Acc\u00e9s a plataforma virtual Agenda Sessions [&hellip;]<\/p>\n","protected":false},"author":1,"featured_media":0,"parent":0,"menu_order":0,"comment_status":"closed","ping_status":"closed","template":"","meta":{"footnotes":""},"class_list":["post-913","page","type-page","status-publish","hentry"],"yoast_head":"<!-- This site is optimized with the Yoast SEO plugin v19.6.1 - https:\/\/yoast.com\/wordpress\/plugins\/seo\/ -->\n<title>Congr\u00e9s virtual | ACE<\/title>\n<meta name=\"robots\" content=\"index, follow, max-snippet:-1, max-image-preview:large, max-video-preview:-1\" \/>\n<link rel=\"canonical\" href=\"https:\/\/aceweb.cat\/congres2022\/congreso-virtual\/\" \/>\n<meta property=\"og:locale\" content=\"ca_ES\" \/>\n<meta property=\"og:type\" content=\"article\" \/>\n<meta property=\"og:title\" content=\"Congr\u00e9s virtual | ACE\" \/>\n<meta property=\"og:description\" content=\"Congr\u00e9s Virtual Participa en el proper congr\u00e9s ACE (inscripci\u00f3 virtual) Assisteix de forma online a l&#8217;actualizaci\u00f3 en el camp del diseny estructural. Consultors d&#8217;estructures, enginyers i arquitectes es reuneixen per tractar les noves normatives, novetats en materials, sotware i c\u00e0lcul estructural. Reserva la teva pla\u00e7a en l\u00ednia i tindr\u00e0s: Acc\u00e9s a plataforma virtual Agenda Sessions [&hellip;]\" \/>\n<meta property=\"og:url\" content=\"https:\/\/aceweb.cat\/congres2022\/congreso-virtual\/\" \/>\n<meta property=\"og:site_name\" content=\"ACE\" \/>\n<meta property=\"article:modified_time\" content=\"2022-09-09T07:12:43+00:00\" \/>\n<meta property=\"og:image\" content=\"https:\/\/aceweb.cat\/congres2022\/wp-content\/uploads\/2021\/10\/ace-8PICO02.jpg\" \/>\n<meta name=\"twitter:card\" content=\"summary_large_image\" \/>\n<script type=\"application\/ld+json\" class=\"yoast-schema-graph\">{\"@context\":\"https:\/\/schema.org\",\"@graph\":[{\"@type\":\"WebPage\",\"@id\":\"https:\/\/aceweb.cat\/congres2022\/congreso-virtual\/\",\"url\":\"https:\/\/aceweb.cat\/congres2022\/congreso-virtual\/\",\"name\":\"Congr\u00e9s virtual | ACE\",\"isPartOf\":{\"@id\":\"https:\/\/aceweb.cat\/congres2022\/#website\"},\"datePublished\":\"2021-10-27T09:25:44+00:00\",\"dateModified\":\"2022-09-09T07:12:43+00:00\",\"breadcrumb\":{\"@id\":\"https:\/\/aceweb.cat\/congres2022\/congreso-virtual\/#breadcrumb\"},\"inLanguage\":\"ca\",\"potentialAction\":[{\"@type\":\"ReadAction\",\"target\":[\"https:\/\/aceweb.cat\/congres2022\/congreso-virtual\/\"]}]},{\"@type\":\"BreadcrumbList\",\"@id\":\"https:\/\/aceweb.cat\/congres2022\/congreso-virtual\/#breadcrumb\",\"itemListElement\":[{\"@type\":\"ListItem\",\"position\":1,\"name\":\"Portada\",\"item\":\"https:\/\/aceweb.cat\/congres2022\/ca\/\"},{\"@type\":\"ListItem\",\"position\":2,\"name\":\"Congr\u00e9s virtual\"}]},{\"@type\":\"WebSite\",\"@id\":\"https:\/\/aceweb.cat\/congres2022\/#website\",\"url\":\"https:\/\/aceweb.cat\/congres2022\/\",\"name\":\"ACE\",\"description\":\"Le invitamos 5-7 de octubre de 2022 al IV Congreso de la Asociaci\u00f3n de Consultores de Estructuras que se celebrar\u00e1 en Barcelona.\",\"publisher\":{\"@id\":\"https:\/\/aceweb.cat\/congres2022\/#organization\"},\"potentialAction\":[{\"@type\":\"SearchAction\",\"target\":{\"@type\":\"EntryPoint\",\"urlTemplate\":\"https:\/\/aceweb.cat\/congres2022\/?s={search_term_string}\"},\"query-input\":\"required name=search_term_string\"}],\"inLanguage\":\"ca\"},{\"@type\":\"Organization\",\"@id\":\"https:\/\/aceweb.cat\/congres2022\/#organization\",\"name\":\"ACE\",\"url\":\"https:\/\/aceweb.cat\/congres2022\/\",\"sameAs\":[],\"logo\":{\"@type\":\"ImageObject\",\"inLanguage\":\"ca\",\"@id\":\"https:\/\/aceweb.cat\/congres2022\/#\/schema\/logo\/image\/\",\"url\":\"https:\/\/aceweb.cat\/congres2022\/wp-content\/uploads\/2021\/05\/logo-ace.svg\",\"contentUrl\":\"https:\/\/aceweb.cat\/congres2022\/wp-content\/uploads\/2021\/05\/logo-ace.svg\",\"width\":280,\"height\":85,\"caption\":\"ACE\"},\"image\":{\"@id\":\"https:\/\/aceweb.cat\/congres2022\/#\/schema\/logo\/image\/\"}}]}<\/script>\n<!-- \/ Yoast SEO plugin. -->","yoast_head_json":{"title":"Congr\u00e9s virtual | ACE","robots":{"index":"index","follow":"follow","max-snippet":"max-snippet:-1","max-image-preview":"max-image-preview:large","max-video-preview":"max-video-preview:-1"},"canonical":"https:\/\/aceweb.cat\/congres2022\/congreso-virtual\/","og_locale":"ca_ES","og_type":"article","og_title":"Congr\u00e9s virtual | ACE","og_description":"Congr\u00e9s Virtual Participa en el proper congr\u00e9s ACE (inscripci\u00f3 virtual) Assisteix de forma online a l&#8217;actualizaci\u00f3 en el camp del diseny estructural. Consultors d&#8217;estructures, enginyers i arquitectes es reuneixen per tractar les noves normatives, novetats en materials, sotware i c\u00e0lcul estructural. Reserva la teva pla\u00e7a en l\u00ednia i tindr\u00e0s: Acc\u00e9s a plataforma virtual Agenda Sessions [&hellip;]","og_url":"https:\/\/aceweb.cat\/congres2022\/congreso-virtual\/","og_site_name":"ACE","article_modified_time":"2022-09-09T07:12:43+00:00","og_image":[{"url":"https:\/\/aceweb.cat\/congres2022\/wp-content\/uploads\/2021\/10\/ace-8PICO02.jpg"}],"twitter_card":"summary_large_image","schema":{"@context":"https:\/\/schema.org","@graph":[{"@type":"WebPage","@id":"https:\/\/aceweb.cat\/congres2022\/congreso-virtual\/","url":"https:\/\/aceweb.cat\/congres2022\/congreso-virtual\/","name":"Congr\u00e9s virtual | ACE","isPartOf":{"@id":"https:\/\/aceweb.cat\/congres2022\/#website"},"datePublished":"2021-10-27T09:25:44+00:00","dateModified":"2022-09-09T07:12:43+00:00","breadcrumb":{"@id":"https:\/\/aceweb.cat\/congres2022\/congreso-virtual\/#breadcrumb"},"inLanguage":"ca","potentialAction":[{"@type":"ReadAction","target":["https:\/\/aceweb.cat\/congres2022\/congreso-virtual\/"]}]},{"@type":"BreadcrumbList","@id":"https:\/\/aceweb.cat\/congres2022\/congreso-virtual\/#breadcrumb","itemListElement":[{"@type":"ListItem","position":1,"name":"Portada","item":"https:\/\/aceweb.cat\/congres2022\/ca\/"},{"@type":"ListItem","position":2,"name":"Congr\u00e9s virtual"}]},{"@type":"WebSite","@id":"https:\/\/aceweb.cat\/congres2022\/#website","url":"https:\/\/aceweb.cat\/congres2022\/","name":"ACE","description":"Le invitamos 5-7 de octubre de 2022 al IV Congreso de la Asociaci\u00f3n de Consultores de Estructuras que se celebrar\u00e1 en Barcelona.","publisher":{"@id":"https:\/\/aceweb.cat\/congres2022\/#organization"},"potentialAction":[{"@type":"SearchAction","target":{"@type":"EntryPoint","urlTemplate":"https:\/\/aceweb.cat\/congres2022\/?s={search_term_string}"},"query-input":"required name=search_term_string"}],"inLanguage":"ca"},{"@type":"Organization","@id":"https:\/\/aceweb.cat\/congres2022\/#organization","name":"ACE","url":"https:\/\/aceweb.cat\/congres2022\/","sameAs":[],"logo":{"@type":"ImageObject","inLanguage":"ca","@id":"https:\/\/aceweb.cat\/congres2022\/#\/schema\/logo\/image\/","url":"https:\/\/aceweb.cat\/congres2022\/wp-content\/uploads\/2021\/05\/logo-ace.svg","contentUrl":"https:\/\/aceweb.cat\/congres2022\/wp-content\/uploads\/2021\/05\/logo-ace.svg","width":280,"height":85,"caption":"ACE"},"image":{"@id":"https:\/\/aceweb.cat\/congres2022\/#\/schema\/logo\/image\/"}}]}},"_links":{"self":[{"href":"https:\/\/aceweb.cat\/congres2022\/ca\/wp-json\/wp\/v2\/pages\/913","targetHints":{"allow":["GET"]}}],"collection":[{"href":"https:\/\/aceweb.cat\/congres2022\/ca\/wp-json\/wp\/v2\/pages"}],"about":[{"href":"https:\/\/aceweb.cat\/congres2022\/ca\/wp-json\/wp\/v2\/types\/page"}],"author":[{"embeddable":true,"href":"https:\/\/aceweb.cat\/congres2022\/ca\/wp-json\/wp\/v2\/users\/1"}],"replies":[{"embeddable":true,"href":"https:\/\/aceweb.cat\/congres2022\/ca\/wp-json\/wp\/v2\/comments?post=913"}],"version-history":[{"count":11,"href":"https:\/\/aceweb.cat\/congres2022\/ca\/wp-json\/wp\/v2\/pages\/913\/revisions"}],"predecessor-version":[{"id":1694,"href":"https:\/\/aceweb.cat\/congres2022\/ca\/wp-json\/wp\/v2\/pages\/913\/revisions\/1694"}],"wp:attachment":[{"href":"https:\/\/aceweb.cat\/congres2022\/ca\/wp-json\/wp\/v2\/media?parent=913"}],"curies":[{"name":"wp","href":"https:\/\/api.w.org\/{rel}","templated":true}]}}