{"id":932,"date":"2021-10-27T09:35:06","date_gmt":"2021-10-27T09:35:06","guid":{"rendered":"https:\/\/aceweb.cat\/congres2022\/sostenibilitat\/"},"modified":"2021-11-11T08:11:03","modified_gmt":"2021-11-11T08:11:03","slug":"sostenibilitat","status":"publish","type":"page","link":"https:\/\/aceweb.cat\/congres2022\/ca\/sostenibilitat\/","title":{"rendered":"Sostenibilitat"},"content":{"rendered":"\t\t<div data-elementor-type=\"wp-page\" data-elementor-id=\"932\" class=\"elementor elementor-932\">\n\t\t\t\t\t\t\t\t\t<section class=\"ob-is-breaking-bad elementor-section elementor-top-section elementor-element elementor-element-677af7c4 elementor-section-height-min-height elementor-section-items-stretch elementor-section-boxed elementor-section-height-default\" data-id=\"677af7c4\" data-element_type=\"section\" data-settings=\"{&quot;background_background&quot;:&quot;classic&quot;,&quot;_ob_bbad_use_it&quot;:&quot;yes&quot;,&quot;_ob_bbad_sssic_use&quot;:&quot;no&quot;,&quot;_ob_glider_is_slider&quot;:&quot;no&quot;}\">\n\t\t\t\t\t\t\t<div class=\"elementor-background-overlay\"><\/div>\n\t\t\t\t\t\t\t<div class=\"elementor-container elementor-column-gap-wider\">\n\t\t\t\t\t<div class=\"ob-is-pseudo elementor-column elementor-col-100 elementor-top-column elementor-element elementor-element-4b811b8f\" data-id=\"4b811b8f\" data-element_type=\"column\" data-settings=\"{&quot;background_background&quot;:&quot;classic&quot;,&quot;_ob_column_has_pseudo&quot;:&quot;yes&quot;,&quot;_ob_pseudo_before_popover_whyxrot&quot;:&quot;yes&quot;,&quot;_ob_bbad_is_stalker&quot;:&quot;no&quot;,&quot;_ob_teleporter_use&quot;:false,&quot;_ob_column_hoveranimator&quot;:&quot;no&quot;}\">\n\t\t\t<div class=\"elementor-widget-wrap elementor-element-populated\">\n\t\t\t\t\t\t\t\t<div class=\"elementor-element elementor-element-6408e99b ob-harakiri-inherit ob-has-background-overlay elementor-widget elementor-widget-heading\" data-id=\"6408e99b\" data-element_type=\"widget\" data-settings=\"{&quot;_ob_harakiri_writing_mode&quot;:&quot;inherit&quot;,&quot;_ob_perspektive_use&quot;:&quot;no&quot;,&quot;_ob_poopart_use&quot;:&quot;yes&quot;,&quot;_ob_shadough_use&quot;:&quot;no&quot;,&quot;_ob_allow_hoveranimator&quot;:&quot;no&quot;,&quot;_ob_widget_stalker_use&quot;:&quot;no&quot;}\" data-widget_type=\"heading.default\">\n\t\t\t\t<div class=\"elementor-widget-container\">\n\t\t\t<h2 class=\"elementor-heading-title elementor-size-default\">Sostenibilitat<\/h2>\t\t<\/div>\n\t\t\t\t<\/div>\n\t\t\t\t\t<\/div>\n\t\t<\/div>\n\t\t\t\t\t\t\t<\/div>\n\t\t<\/section>\n\t\t\t\t<section class=\"ob-is-breaking-bad elementor-section elementor-top-section elementor-element elementor-element-67356496 elementor-section-full_width elementor-section-height-default elementor-section-height-default\" data-id=\"67356496\" data-element_type=\"section\" data-settings=\"{&quot;background_background&quot;:&quot;classic&quot;,&quot;_ob_bbad_use_it&quot;:&quot;yes&quot;,&quot;_ob_bbad_sssic_use&quot;:&quot;no&quot;,&quot;_ob_glider_is_slider&quot;:&quot;no&quot;}\">\n\t\t\t\t\t\t<div class=\"elementor-container elementor-column-gap-wider\">\n\t\t\t\t\t<div class=\"elementor-column elementor-col-100 elementor-top-column elementor-element elementor-element-256b247d\" data-id=\"256b247d\" data-element_type=\"column\" data-settings=\"{&quot;_ob_bbad_is_stalker&quot;:&quot;no&quot;,&quot;_ob_teleporter_use&quot;:false,&quot;_ob_column_hoveranimator&quot;:&quot;no&quot;,&quot;_ob_column_has_pseudo&quot;:&quot;no&quot;}\">\n\t\t\t<div class=\"elementor-widget-wrap elementor-element-populated\">\n\t\t\t\t\t\t\t\t<section class=\"ob-is-breaking-bad ob-bb-inner elementor-section elementor-inner-section elementor-element elementor-element-4d8aa590 elementor-section-boxed elementor-section-height-default elementor-section-height-default\" data-id=\"4d8aa590\" data-element_type=\"section\" data-settings=\"{&quot;_ob_bbad_use_it&quot;:&quot;yes&quot;,&quot;_ob_bbad_sssic_use&quot;:&quot;no&quot;,&quot;_ob_glider_is_slider&quot;:&quot;no&quot;}\">\n\t\t\t\t\t\t<div class=\"elementor-container elementor-column-gap-wider\">\n\t\t\t\t\t<div class=\"elementor-column elementor-col-50 elementor-inner-column elementor-element elementor-element-7e43aa27\" data-id=\"7e43aa27\" data-element_type=\"column\" data-settings=\"{&quot;_ob_bbad_is_stalker&quot;:&quot;no&quot;,&quot;_ob_teleporter_use&quot;:false,&quot;_ob_column_hoveranimator&quot;:&quot;no&quot;,&quot;_ob_column_has_pseudo&quot;:&quot;no&quot;}\">\n\t\t\t<div class=\"elementor-widget-wrap elementor-element-populated\">\n\t\t\t\t\t\t\t\t<div class=\"elementor-element elementor-element-7ded9dc0 ob-harakiri-inherit ob-has-background-overlay elementor-widget elementor-widget-heading\" data-id=\"7ded9dc0\" data-element_type=\"widget\" data-settings=\"{&quot;_ob_harakiri_writing_mode&quot;:&quot;inherit&quot;,&quot;_ob_perspektive_use&quot;:&quot;no&quot;,&quot;_ob_poopart_use&quot;:&quot;yes&quot;,&quot;_ob_shadough_use&quot;:&quot;no&quot;,&quot;_ob_allow_hoveranimator&quot;:&quot;no&quot;,&quot;_ob_widget_stalker_use&quot;:&quot;no&quot;}\" data-widget_type=\"heading.default\">\n\t\t\t\t<div class=\"elementor-widget-container\">\n\t\t\t<h2 class=\"elementor-heading-title elementor-size-default\">Calculadora<\/h2>\t\t<\/div>\n\t\t\t\t<\/div>\n\t\t\t\t\t<\/div>\n\t\t<\/div>\n\t\t\t\t<div class=\"elementor-column elementor-col-50 elementor-inner-column elementor-element elementor-element-6496c49e\" data-id=\"6496c49e\" data-element_type=\"column\" data-settings=\"{&quot;_ob_bbad_is_stalker&quot;:&quot;no&quot;,&quot;_ob_teleporter_use&quot;:false,&quot;_ob_column_hoveranimator&quot;:&quot;no&quot;,&quot;_ob_column_has_pseudo&quot;:&quot;no&quot;}\">\n\t\t\t<div class=\"elementor-widget-wrap elementor-element-populated\">\n\t\t\t\t\t\t\t\t<div class=\"elementor-element elementor-element-36aaeb0c elementor-icon-list--layout-traditional elementor-list-item-link-full_width ob-has-background-overlay elementor-widget elementor-widget-icon-list\" data-id=\"36aaeb0c\" data-element_type=\"widget\" data-settings=\"{&quot;_ob_perspektive_use&quot;:&quot;no&quot;,&quot;_ob_poopart_use&quot;:&quot;yes&quot;,&quot;_ob_shadough_use&quot;:&quot;no&quot;,&quot;_ob_allow_hoveranimator&quot;:&quot;no&quot;,&quot;_ob_widget_stalker_use&quot;:&quot;no&quot;}\" data-widget_type=\"icon-list.default\">\n\t\t\t\t<div class=\"elementor-widget-container\">\n\t\t\t\t\t<ul class=\"elementor-icon-list-items\">\n\t\t\t\t\t\t\t<li class=\"elementor-icon-list-item\">\n\t\t\t\t\t\t\t\t\t\t<span class=\"elementor-icon-list-text\">Tant els comit\u00e8s com la secretaria del congr\u00e9s estem compromesos amb la cura del planeta. Per tal de contribuir a la conscienciaci\u00f3 sobre aquest tema, us convidem a calcular l'empremta de carboni del vostre viatge a Barcelona.<\/span>\n\t\t\t\t\t\t\t\t\t<\/li>\n\t\t\t\t\t\t<\/ul>\n\t\t\t\t<\/div>\n\t\t\t\t<\/div>\n\t\t\t\t<div class=\"elementor-element elementor-element-c025152 ob-has-background-overlay elementor-widget elementor-widget-html\" data-id=\"c025152\" data-element_type=\"widget\" data-settings=\"{&quot;_ob_perspektive_use&quot;:&quot;no&quot;,&quot;_ob_poopart_use&quot;:&quot;yes&quot;,&quot;_ob_shadough_use&quot;:&quot;no&quot;,&quot;_ob_allow_hoveranimator&quot;:&quot;no&quot;,&quot;_ob_widget_stalker_use&quot;:&quot;no&quot;}\" data-widget_type=\"html.default\">\n\t\t\t\t<div class=\"elementor-widget-container\">\n\t\t\t<iframe loading=\"lazy\" width=\"710\" height=\"450\" frameborder=\"0\" marginwidth=\"0\" marginheight=\"0\" scrolling=\"no\" src=\"https:\/\/calculator.carbonfootprint.com\/calculator.aspx?c=flight&lang=en-US\"><\/iframe>\t\t<\/div>\n\t\t\t\t<\/div>\n\t\t\t\t<div class=\"elementor-element elementor-element-4ed0a89 elementor-icon-list--layout-traditional elementor-list-item-link-full_width ob-has-background-overlay elementor-widget elementor-widget-icon-list\" data-id=\"4ed0a89\" data-element_type=\"widget\" data-settings=\"{&quot;_ob_perspektive_use&quot;:&quot;no&quot;,&quot;_ob_poopart_use&quot;:&quot;yes&quot;,&quot;_ob_shadough_use&quot;:&quot;no&quot;,&quot;_ob_allow_hoveranimator&quot;:&quot;no&quot;,&quot;_ob_widget_stalker_use&quot;:&quot;no&quot;}\" data-widget_type=\"icon-list.default\">\n\t\t\t\t<div class=\"elementor-widget-container\">\n\t\t\t\t\t<ul class=\"elementor-icon-list-items\">\n\t\t\t\t\t\t\t<li class=\"elementor-icon-list-item\">\n\t\t\t\t\t\t\t\t\t\t<span class=\"elementor-icon-list-text\">Busquem minimitzar l'impacte social i mediambiental del nostre esdeveniment, per tant aplicarem algunes mesures preventives en el seu disseny, planificaci\u00f3, organitzaci\u00f3 i celebraci\u00f3.<\/span>\n\t\t\t\t\t\t\t\t\t<\/li>\n\t\t\t\t\t\t<\/ul>\n\t\t\t\t<\/div>\n\t\t\t\t<\/div>\n\t\t\t\t\t<\/div>\n\t\t<\/div>\n\t\t\t\t\t\t\t<\/div>\n\t\t<\/section>\n\t\t\t\t\t<\/div>\n\t\t<\/div>\n\t\t\t\t\t\t\t<\/div>\n\t\t<\/section>\n\t\t\t\t\t\t\t<\/div>\n\t\t","protected":false},"excerpt":{"rendered":"<p>Sostenibilitat Calculadora Tant els comit\u00e8s com la secretaria del congr\u00e9s estem compromesos amb la cura del planeta. Per tal de contribuir a la conscienciaci\u00f3 sobre aquest tema, us convidem a calcular l&#8217;empremta de carboni del vostre viatge a Barcelona. Busquem minimitzar l&#8217;impacte social i mediambiental del nostre esdeveniment, per tant aplicarem algunes mesures preventives en [&hellip;]<\/p>\n","protected":false},"author":1,"featured_media":0,"parent":0,"menu_order":0,"comment_status":"closed","ping_status":"closed","template":"","meta":{"footnotes":""},"class_list":["post-932","page","type-page","status-publish","hentry"],"yoast_head":"<!-- This site is optimized with the Yoast SEO plugin v19.6.1 - https:\/\/yoast.com\/wordpress\/plugins\/seo\/ -->\n<title>Sostenibilitat | ACE<\/title>\n<meta name=\"robots\" content=\"index, follow, max-snippet:-1, max-image-preview:large, max-video-preview:-1\" \/>\n<link rel=\"canonical\" href=\"https:\/\/aceweb.cat\/congres2022\/ca\/sostenibilitat\/\" \/>\n<meta property=\"og:locale\" content=\"ca_ES\" \/>\n<meta property=\"og:type\" content=\"article\" \/>\n<meta property=\"og:title\" content=\"Sostenibilitat | ACE\" \/>\n<meta property=\"og:description\" content=\"Sostenibilitat Calculadora Tant els comit\u00e8s com la secretaria del congr\u00e9s estem compromesos amb la cura del planeta. Per tal de contribuir a la conscienciaci\u00f3 sobre aquest tema, us convidem a calcular l&#8217;empremta de carboni del vostre viatge a Barcelona. Busquem minimitzar l&#8217;impacte social i mediambiental del nostre esdeveniment, per tant aplicarem algunes mesures preventives en [&hellip;]\" \/>\n<meta property=\"og:url\" content=\"https:\/\/aceweb.cat\/congres2022\/ca\/sostenibilitat\/\" \/>\n<meta property=\"og:site_name\" content=\"ACE\" \/>\n<meta property=\"article:modified_time\" content=\"2021-11-11T08:11:03+00:00\" \/>\n<meta name=\"twitter:card\" content=\"summary_large_image\" \/>\n<meta name=\"twitter:label1\" content=\"Temps estimat de lectura\" \/>\n\t<meta name=\"twitter:data1\" content=\"1 minut\" \/>\n<script type=\"application\/ld+json\" class=\"yoast-schema-graph\">{\"@context\":\"https:\/\/schema.org\",\"@graph\":[{\"@type\":\"WebPage\",\"@id\":\"https:\/\/aceweb.cat\/congres2022\/ca\/sostenibilitat\/\",\"url\":\"https:\/\/aceweb.cat\/congres2022\/ca\/sostenibilitat\/\",\"name\":\"Sostenibilitat | ACE\",\"isPartOf\":{\"@id\":\"https:\/\/aceweb.cat\/congres2022\/#website\"},\"datePublished\":\"2021-10-27T09:35:06+00:00\",\"dateModified\":\"2021-11-11T08:11:03+00:00\",\"breadcrumb\":{\"@id\":\"https:\/\/aceweb.cat\/congres2022\/ca\/sostenibilitat\/#breadcrumb\"},\"inLanguage\":\"ca\",\"potentialAction\":[{\"@type\":\"ReadAction\",\"target\":[\"https:\/\/aceweb.cat\/congres2022\/ca\/sostenibilitat\/\"]}]},{\"@type\":\"BreadcrumbList\",\"@id\":\"https:\/\/aceweb.cat\/congres2022\/ca\/sostenibilitat\/#breadcrumb\",\"itemListElement\":[{\"@type\":\"ListItem\",\"position\":1,\"name\":\"Portada\",\"item\":\"https:\/\/aceweb.cat\/congres2022\/ca\/\"},{\"@type\":\"ListItem\",\"position\":2,\"name\":\"Sostenibilitat\"}]},{\"@type\":\"WebSite\",\"@id\":\"https:\/\/aceweb.cat\/congres2022\/#website\",\"url\":\"https:\/\/aceweb.cat\/congres2022\/\",\"name\":\"ACE\",\"description\":\"Le invitamos 5-7 de octubre de 2022 al IV Congreso de la Asociaci\u00f3n de Consultores de Estructuras que se celebrar\u00e1 en Barcelona.\",\"publisher\":{\"@id\":\"https:\/\/aceweb.cat\/congres2022\/#organization\"},\"potentialAction\":[{\"@type\":\"SearchAction\",\"target\":{\"@type\":\"EntryPoint\",\"urlTemplate\":\"https:\/\/aceweb.cat\/congres2022\/?s={search_term_string}\"},\"query-input\":\"required name=search_term_string\"}],\"inLanguage\":\"ca\"},{\"@type\":\"Organization\",\"@id\":\"https:\/\/aceweb.cat\/congres2022\/#organization\",\"name\":\"ACE\",\"url\":\"https:\/\/aceweb.cat\/congres2022\/\",\"sameAs\":[],\"logo\":{\"@type\":\"ImageObject\",\"inLanguage\":\"ca\",\"@id\":\"https:\/\/aceweb.cat\/congres2022\/#\/schema\/logo\/image\/\",\"url\":\"https:\/\/aceweb.cat\/congres2022\/wp-content\/uploads\/2021\/05\/logo-ace.svg\",\"contentUrl\":\"https:\/\/aceweb.cat\/congres2022\/wp-content\/uploads\/2021\/05\/logo-ace.svg\",\"width\":280,\"height\":85,\"caption\":\"ACE\"},\"image\":{\"@id\":\"https:\/\/aceweb.cat\/congres2022\/#\/schema\/logo\/image\/\"}}]}<\/script>\n<!-- \/ Yoast SEO plugin. -->","yoast_head_json":{"title":"Sostenibilitat | ACE","robots":{"index":"index","follow":"follow","max-snippet":"max-snippet:-1","max-image-preview":"max-image-preview:large","max-video-preview":"max-video-preview:-1"},"canonical":"https:\/\/aceweb.cat\/congres2022\/ca\/sostenibilitat\/","og_locale":"ca_ES","og_type":"article","og_title":"Sostenibilitat | ACE","og_description":"Sostenibilitat Calculadora Tant els comit\u00e8s com la secretaria del congr\u00e9s estem compromesos amb la cura del planeta. Per tal de contribuir a la conscienciaci\u00f3 sobre aquest tema, us convidem a calcular l&#8217;empremta de carboni del vostre viatge a Barcelona. Busquem minimitzar l&#8217;impacte social i mediambiental del nostre esdeveniment, per tant aplicarem algunes mesures preventives en [&hellip;]","og_url":"https:\/\/aceweb.cat\/congres2022\/ca\/sostenibilitat\/","og_site_name":"ACE","article_modified_time":"2021-11-11T08:11:03+00:00","twitter_card":"summary_large_image","twitter_misc":{"Temps estimat de lectura":"1 minut"},"schema":{"@context":"https:\/\/schema.org","@graph":[{"@type":"WebPage","@id":"https:\/\/aceweb.cat\/congres2022\/ca\/sostenibilitat\/","url":"https:\/\/aceweb.cat\/congres2022\/ca\/sostenibilitat\/","name":"Sostenibilitat | ACE","isPartOf":{"@id":"https:\/\/aceweb.cat\/congres2022\/#website"},"datePublished":"2021-10-27T09:35:06+00:00","dateModified":"2021-11-11T08:11:03+00:00","breadcrumb":{"@id":"https:\/\/aceweb.cat\/congres2022\/ca\/sostenibilitat\/#breadcrumb"},"inLanguage":"ca","potentialAction":[{"@type":"ReadAction","target":["https:\/\/aceweb.cat\/congres2022\/ca\/sostenibilitat\/"]}]},{"@type":"BreadcrumbList","@id":"https:\/\/aceweb.cat\/congres2022\/ca\/sostenibilitat\/#breadcrumb","itemListElement":[{"@type":"ListItem","position":1,"name":"Portada","item":"https:\/\/aceweb.cat\/congres2022\/ca\/"},{"@type":"ListItem","position":2,"name":"Sostenibilitat"}]},{"@type":"WebSite","@id":"https:\/\/aceweb.cat\/congres2022\/#website","url":"https:\/\/aceweb.cat\/congres2022\/","name":"ACE","description":"Le invitamos 5-7 de octubre de 2022 al IV Congreso de la Asociaci\u00f3n de Consultores de Estructuras que se celebrar\u00e1 en Barcelona.","publisher":{"@id":"https:\/\/aceweb.cat\/congres2022\/#organization"},"potentialAction":[{"@type":"SearchAction","target":{"@type":"EntryPoint","urlTemplate":"https:\/\/aceweb.cat\/congres2022\/?s={search_term_string}"},"query-input":"required name=search_term_string"}],"inLanguage":"ca"},{"@type":"Organization","@id":"https:\/\/aceweb.cat\/congres2022\/#organization","name":"ACE","url":"https:\/\/aceweb.cat\/congres2022\/","sameAs":[],"logo":{"@type":"ImageObject","inLanguage":"ca","@id":"https:\/\/aceweb.cat\/congres2022\/#\/schema\/logo\/image\/","url":"https:\/\/aceweb.cat\/congres2022\/wp-content\/uploads\/2021\/05\/logo-ace.svg","contentUrl":"https:\/\/aceweb.cat\/congres2022\/wp-content\/uploads\/2021\/05\/logo-ace.svg","width":280,"height":85,"caption":"ACE"},"image":{"@id":"https:\/\/aceweb.cat\/congres2022\/#\/schema\/logo\/image\/"}}]}},"_links":{"self":[{"href":"https:\/\/aceweb.cat\/congres2022\/ca\/wp-json\/wp\/v2\/pages\/932","targetHints":{"allow":["GET"]}}],"collection":[{"href":"https:\/\/aceweb.cat\/congres2022\/ca\/wp-json\/wp\/v2\/pages"}],"about":[{"href":"https:\/\/aceweb.cat\/congres2022\/ca\/wp-json\/wp\/v2\/types\/page"}],"author":[{"embeddable":true,"href":"https:\/\/aceweb.cat\/congres2022\/ca\/wp-json\/wp\/v2\/users\/1"}],"replies":[{"embeddable":true,"href":"https:\/\/aceweb.cat\/congres2022\/ca\/wp-json\/wp\/v2\/comments?post=932"}],"version-history":[{"count":5,"href":"https:\/\/aceweb.cat\/congres2022\/ca\/wp-json\/wp\/v2\/pages\/932\/revisions"}],"predecessor-version":[{"id":1061,"href":"https:\/\/aceweb.cat\/congres2022\/ca\/wp-json\/wp\/v2\/pages\/932\/revisions\/1061"}],"wp:attachment":[{"href":"https:\/\/aceweb.cat\/congres2022\/ca\/wp-json\/wp\/v2\/media?parent=932"}],"curies":[{"name":"wp","href":"https:\/\/api.w.org\/{rel}","templated":true}]}}