{"id":1084,"date":"2021-11-15T15:11:48","date_gmt":"2021-11-15T15:11:48","guid":{"rendered":"https:\/\/aceweb.cat\/congres2022\/?page_id=1084"},"modified":"2021-11-15T15:18:00","modified_gmt":"2021-11-15T15:18:00","slug":"aviso-legal","status":"publish","type":"page","link":"https:\/\/aceweb.cat\/congres2022\/aviso-legal\/","title":{"rendered":"Aviso legal"},"content":{"rendered":"\t\t<div data-elementor-type=\"wp-page\" data-elementor-id=\"1084\" class=\"elementor elementor-1084\">\n\t\t\t\t\t\t\t\t\t<section class=\"ob-is-breaking-bad elementor-section elementor-top-section elementor-element elementor-element-4de33a94 elementor-section-height-min-height elementor-section-items-stretch elementor-section-boxed elementor-section-height-default\" data-id=\"4de33a94\" data-element_type=\"section\" data-settings=\"{&quot;background_background&quot;:&quot;classic&quot;,&quot;_ob_bbad_use_it&quot;:&quot;yes&quot;,&quot;_ob_bbad_sssic_use&quot;:&quot;no&quot;,&quot;_ob_glider_is_slider&quot;:&quot;no&quot;}\">\n\t\t\t\t\t\t\t<div class=\"elementor-background-overlay\"><\/div>\n\t\t\t\t\t\t\t<div class=\"elementor-container elementor-column-gap-wider\">\n\t\t\t\t\t<div class=\"ob-is-pseudo elementor-column elementor-col-100 elementor-top-column elementor-element elementor-element-a60736a\" data-id=\"a60736a\" data-element_type=\"column\" data-settings=\"{&quot;background_background&quot;:&quot;classic&quot;,&quot;_ob_column_has_pseudo&quot;:&quot;yes&quot;,&quot;_ob_pseudo_before_popover_whyxrot&quot;:&quot;yes&quot;,&quot;_ob_bbad_is_stalker&quot;:&quot;no&quot;,&quot;_ob_teleporter_use&quot;:false,&quot;_ob_column_hoveranimator&quot;:&quot;no&quot;}\">\n\t\t\t<div class=\"elementor-widget-wrap elementor-element-populated\">\n\t\t\t\t\t\t\t\t<div class=\"elementor-element elementor-element-6de63217 ob-harakiri-inherit ob-has-background-overlay elementor-widget elementor-widget-heading\" data-id=\"6de63217\" data-element_type=\"widget\" data-settings=\"{&quot;_ob_harakiri_writing_mode&quot;:&quot;inherit&quot;,&quot;_ob_perspektive_use&quot;:&quot;no&quot;,&quot;_ob_poopart_use&quot;:&quot;yes&quot;,&quot;_ob_shadough_use&quot;:&quot;no&quot;,&quot;_ob_allow_hoveranimator&quot;:&quot;no&quot;,&quot;_ob_widget_stalker_use&quot;:&quot;no&quot;}\" data-widget_type=\"heading.default\">\n\t\t\t\t<div class=\"elementor-widget-container\">\n\t\t\t<h2 class=\"elementor-heading-title elementor-size-default\">Aviso Legal<\/h2>\t\t<\/div>\n\t\t\t\t<\/div>\n\t\t\t\t\t<\/div>\n\t\t<\/div>\n\t\t\t\t\t\t\t<\/div>\n\t\t<\/section>\n\t\t\t\t<section class=\"ob-is-breaking-bad elementor-section elementor-top-section elementor-element elementor-element-5af41aa8 elementor-section-full_width elementor-section-height-default elementor-section-height-default\" data-id=\"5af41aa8\" data-element_type=\"section\" data-settings=\"{&quot;background_background&quot;:&quot;classic&quot;,&quot;_ob_bbad_use_it&quot;:&quot;yes&quot;,&quot;_ob_bbad_sssic_use&quot;:&quot;no&quot;,&quot;_ob_glider_is_slider&quot;:&quot;no&quot;}\">\n\t\t\t\t\t\t<div class=\"elementor-container elementor-column-gap-wider\">\n\t\t\t\t\t<div class=\"elementor-column elementor-col-100 elementor-top-column elementor-element elementor-element-72b2402d\" data-id=\"72b2402d\" data-element_type=\"column\" data-settings=\"{&quot;_ob_bbad_is_stalker&quot;:&quot;no&quot;,&quot;_ob_teleporter_use&quot;:false,&quot;_ob_column_hoveranimator&quot;:&quot;no&quot;,&quot;_ob_column_has_pseudo&quot;:&quot;no&quot;}\">\n\t\t\t<div class=\"elementor-widget-wrap elementor-element-populated\">\n\t\t\t\t\t\t\t\t<section class=\"ob-is-breaking-bad ob-bb-inner elementor-section elementor-inner-section elementor-element elementor-element-53a89093 elementor-section-boxed elementor-section-height-default elementor-section-height-default\" data-id=\"53a89093\" data-element_type=\"section\" data-settings=\"{&quot;_ob_bbad_use_it&quot;:&quot;yes&quot;,&quot;_ob_bbad_sssic_use&quot;:&quot;no&quot;,&quot;_ob_glider_is_slider&quot;:&quot;no&quot;}\">\n\t\t\t\t\t\t<div class=\"elementor-container elementor-column-gap-wider\">\n\t\t\t\t\t<div class=\"elementor-column elementor-col-100 elementor-inner-column elementor-element elementor-element-6f25bf33\" data-id=\"6f25bf33\" data-element_type=\"column\" data-settings=\"{&quot;_ob_bbad_is_stalker&quot;:&quot;no&quot;,&quot;_ob_teleporter_use&quot;:false,&quot;_ob_column_hoveranimator&quot;:&quot;no&quot;,&quot;_ob_column_has_pseudo&quot;:&quot;no&quot;}\">\n\t\t\t<div class=\"elementor-widget-wrap elementor-element-populated\">\n\t\t\t\t\t\t\t\t<div class=\"elementor-element elementor-element-2853383a ob-harakiri-inherit ob-has-background-overlay elementor-widget elementor-widget-text-editor\" data-id=\"2853383a\" data-element_type=\"widget\" data-settings=\"{&quot;_ob_harakiri_writing_mode&quot;:&quot;inherit&quot;,&quot;_ob_perspektive_use&quot;:&quot;no&quot;,&quot;_ob_poopart_use&quot;:&quot;yes&quot;,&quot;_ob_shadough_use&quot;:&quot;no&quot;,&quot;_ob_allow_hoveranimator&quot;:&quot;no&quot;,&quot;_ob_widget_stalker_use&quot;:&quot;no&quot;}\" data-widget_type=\"text-editor.default\">\n\t\t\t\t<div class=\"elementor-widget-container\">\n\t\t\t\t\t\t\t<h3>Datos identificativos generales:<\/h3>\n<p>En cumplimiento de la legislaci\u00f3n espa\u00f1ola vigente se exponen a continuaci\u00f3n los datos identificativos del propietario del presente sitio Web: https:\/\/aceweb.cat\/congres2022<\/p>\n<ul>\n<li>Denominaci\u00f3n social: Associaci\u00f3 de Consutors d\u2019Estructures (ACE)<\/li>\n<li>Domicilio social: Jordi Girona, 1-3, Edifici Omega S207 \u2013 08034 Barcelona.<\/li>\n<li>Cif: G59130427<\/li>\n<li>Correo electr\u00f3nico de contacto: dpd@aceweb.cat.<\/li>\n<li>Tel\u00e9fono: +34 93 401 18 88<\/li>\n<\/ul>\n<h3>Condiciones y responsabilidad de acceso y uso del sitio web<\/h3>\n<p>https:\/\/aceweb.cat\/congres2022: El acceso y\/o uso de este portal, titularidad de la Associaci\u00f3 de Consultors d\u2019Estructures., conlleva la condici\u00f3n de usuario y la aceptaci\u00f3n de todas las Condiciones Generales reflejadas en este aviso legal. Su uso, otorga al usuario toda la informaci\u00f3n incluida en el citado portal Web, as\u00ed como conlleva la obligaci\u00f3n del usuario de utilizar el portal citado bajo su responsabilidad y acorde a las condiciones generales del mismo. El uso indebido por parte del usuario del presente sitio Web y su contenido, incumpliendo las condiciones generales aqu\u00ed expuestas, otorga el derecho de exclusi\u00f3n del usuario por parte del titular del mismo.<\/p>\n<h3>Propiedad intelectual e industrial<\/h3>\n<p>Todo el contenido incluido en el sitio web https:\/\/aceweb.cat\/congres2022 es de titularidad directa o indirecta de la Associaci\u00f3 de Consultors d\u2019Estructures. La totalidad del contenido del presente sitio (marcas, patentes, dise\u00f1os, obras de autor y dem\u00e1s existentes) se encuentran protegidos bajo las leyes nacionales e internacionales relacionadas con los derechos de Propiedad Industrial e Intelectual. Cualquier uso y\/o reproducci\u00f3n, mediante cualquier medio existente, del contenido del presente portal, conlleva la aceptaci\u00f3n por parte del usuario de los derechos y obligaciones derivados de las leyes aplicables y\/o obliga al usuario el conocimiento previo de los derechos y obligaciones legales que conlleva el uso debido o indebido del contenido del presente portal Web.<\/p><h3>Garantias, responsabilidades y modificaciones<\/h3><p>La Associaci\u00f3 de Consultors d\u2019Estructures, habiendo adoptado todas las medidas legales dispuestas en las leyes aplicables, as\u00ed como todas las medidas tecnol\u00f3gicas conocidas y\/o existentes, se exime de cualquier responsabilidad derivada del uso debido o indebido por parte del usuario en relaci\u00f3n al contenido del presente portal Web. As\u00ed mismo, su titular, se reserva el derecho a modificar, ampliar y\/o eliminar cualquier contenido expuesto en el presente portal Web, sin la necesidad de preaviso a los usuarios del mismo.<\/p><h3>Protecci\u00f3n de datos<\/h3><p>Este apartado queda reflejado y\/o sujeto a lo expuesto y\/o dispuesto en el ap\u00e9ndice de Pol\u00edtica de Privacidad incluido en el presente portal Web.<\/p><h3>Restablecimiento de derechos y actuaciones legales<\/h3><p>El uso no autorizado y\/o incumpliendo las condiciones generales del presente sitio web por parte del usuario, otorga a la Associaci\u00f3 de Consultors d\u2019Estructures., o a quien este determine mediante representaci\u00f3n, a actuar fehaciente y\/o legalmente contra el usuario, al objeto de restablecer sus derechos, as\u00ed como a exigir responsabilidades legales e indemnizaciones pertinentes derivadas del uso indebido del presente sitio Web.<\/p><h3>Legislaci\u00f3n aplicable y jurisdicci\u00f3n<\/h3><p>Cualquier tipo de actuaci\u00f3n legal que determine la Associaci\u00f3 de Consultors d\u2019Estructures, en relaci\u00f3n con los usuarios del presente sitio web, se regir\u00e1 por la normativa espa\u00f1ola vigente y cualquier controversia se someter\u00e1 a los Juzgados y tribunales de la ciudad de Barcelona.<\/p>\t\t\t\t\t\t<\/div>\n\t\t\t\t<\/div>\n\t\t\t\t\t<\/div>\n\t\t<\/div>\n\t\t\t\t\t\t\t<\/div>\n\t\t<\/section>\n\t\t\t\t\t<\/div>\n\t\t<\/div>\n\t\t\t\t\t\t\t<\/div>\n\t\t<\/section>\n\t\t\t\t\t\t\t<\/div>\n\t\t","protected":false},"excerpt":{"rendered":"<p>Aviso Legal Datos identificativos generales: En cumplimiento de la legislaci\u00f3n espa\u00f1ola vigente se exponen a continuaci\u00f3n los datos identificativos del propietario del presente sitio Web: https:\/\/aceweb.cat\/congres2022 Denominaci\u00f3n social: Associaci\u00f3 de Consutors d\u2019Estructures (ACE) Domicilio social: Jordi Girona, 1-3, Edifici Omega S207 \u2013 08034 Barcelona. Cif: G59130427 Correo electr\u00f3nico de contacto: dpd@aceweb.cat. Tel\u00e9fono: +34 93 401 [&hellip;]<\/p>\n","protected":false},"author":1,"featured_media":0,"parent":0,"menu_order":0,"comment_status":"closed","ping_status":"closed","template":"","meta":{"footnotes":""},"class_list":["post-1084","page","type-page","status-publish","hentry"],"yoast_head":"<!-- This site is optimized with the Yoast SEO plugin v19.6.1 - https:\/\/yoast.com\/wordpress\/plugins\/seo\/ -->\n<title>Aviso legal | ACE<\/title>\n<meta name=\"robots\" content=\"index, follow, max-snippet:-1, max-image-preview:large, max-video-preview:-1\" \/>\n<link rel=\"canonical\" href=\"https:\/\/aceweb.cat\/congres2022\/aviso-legal\/\" \/>\n<meta property=\"og:locale\" content=\"es_ES\" \/>\n<meta property=\"og:type\" content=\"article\" \/>\n<meta property=\"og:title\" content=\"Aviso legal | ACE\" \/>\n<meta property=\"og:description\" content=\"Aviso Legal Datos identificativos generales: En cumplimiento de la legislaci\u00f3n espa\u00f1ola vigente se exponen a continuaci\u00f3n los datos identificativos del propietario del presente sitio Web: https:\/\/aceweb.cat\/congres2022 Denominaci\u00f3n social: Associaci\u00f3 de Consutors d\u2019Estructures (ACE) Domicilio social: Jordi Girona, 1-3, Edifici Omega S207 \u2013 08034 Barcelona. Cif: G59130427 Correo electr\u00f3nico de contacto: dpd@aceweb.cat. Tel\u00e9fono: +34 93 401 [&hellip;]\" \/>\n<meta property=\"og:url\" content=\"https:\/\/aceweb.cat\/congres2022\/aviso-legal\/\" \/>\n<meta property=\"og:site_name\" content=\"ACE\" \/>\n<meta property=\"article:modified_time\" content=\"2021-11-15T15:18:00+00:00\" \/>\n<meta name=\"twitter:card\" content=\"summary_large_image\" \/>\n<meta name=\"twitter:label1\" content=\"Tiempo de lectura\" \/>\n\t<meta name=\"twitter:data1\" content=\"3 minutos\" \/>\n<script type=\"application\/ld+json\" class=\"yoast-schema-graph\">{\"@context\":\"https:\/\/schema.org\",\"@graph\":[{\"@type\":\"WebPage\",\"@id\":\"https:\/\/aceweb.cat\/congres2022\/aviso-legal\/\",\"url\":\"https:\/\/aceweb.cat\/congres2022\/aviso-legal\/\",\"name\":\"Aviso legal | ACE\",\"isPartOf\":{\"@id\":\"https:\/\/aceweb.cat\/congres2022\/#website\"},\"datePublished\":\"2021-11-15T15:11:48+00:00\",\"dateModified\":\"2021-11-15T15:18:00+00:00\",\"breadcrumb\":{\"@id\":\"https:\/\/aceweb.cat\/congres2022\/aviso-legal\/#breadcrumb\"},\"inLanguage\":\"es\",\"potentialAction\":[{\"@type\":\"ReadAction\",\"target\":[\"https:\/\/aceweb.cat\/congres2022\/aviso-legal\/\"]}]},{\"@type\":\"BreadcrumbList\",\"@id\":\"https:\/\/aceweb.cat\/congres2022\/aviso-legal\/#breadcrumb\",\"itemListElement\":[{\"@type\":\"ListItem\",\"position\":1,\"name\":\"Portada\",\"item\":\"https:\/\/aceweb.cat\/congres2022\/\"},{\"@type\":\"ListItem\",\"position\":2,\"name\":\"Aviso legal\"}]},{\"@type\":\"WebSite\",\"@id\":\"https:\/\/aceweb.cat\/congres2022\/#website\",\"url\":\"https:\/\/aceweb.cat\/congres2022\/\",\"name\":\"ACE\",\"description\":\"Le invitamos 5-7 de octubre de 2022 al IV Congreso de la Asociaci\u00f3n de Consultores de Estructuras que se celebrar\u00e1 en Barcelona.\",\"publisher\":{\"@id\":\"https:\/\/aceweb.cat\/congres2022\/#organization\"},\"potentialAction\":[{\"@type\":\"SearchAction\",\"target\":{\"@type\":\"EntryPoint\",\"urlTemplate\":\"https:\/\/aceweb.cat\/congres2022\/?s={search_term_string}\"},\"query-input\":\"required name=search_term_string\"}],\"inLanguage\":\"es\"},{\"@type\":\"Organization\",\"@id\":\"https:\/\/aceweb.cat\/congres2022\/#organization\",\"name\":\"ACE\",\"url\":\"https:\/\/aceweb.cat\/congres2022\/\",\"sameAs\":[],\"logo\":{\"@type\":\"ImageObject\",\"inLanguage\":\"es\",\"@id\":\"https:\/\/aceweb.cat\/congres2022\/#\/schema\/logo\/image\/\",\"url\":\"https:\/\/aceweb.cat\/congres2022\/wp-content\/uploads\/2021\/05\/logo-ace.svg\",\"contentUrl\":\"https:\/\/aceweb.cat\/congres2022\/wp-content\/uploads\/2021\/05\/logo-ace.svg\",\"width\":280,\"height\":85,\"caption\":\"ACE\"},\"image\":{\"@id\":\"https:\/\/aceweb.cat\/congres2022\/#\/schema\/logo\/image\/\"}}]}<\/script>\n<!-- \/ Yoast SEO plugin. -->","yoast_head_json":{"title":"Aviso legal | ACE","robots":{"index":"index","follow":"follow","max-snippet":"max-snippet:-1","max-image-preview":"max-image-preview:large","max-video-preview":"max-video-preview:-1"},"canonical":"https:\/\/aceweb.cat\/congres2022\/aviso-legal\/","og_locale":"es_ES","og_type":"article","og_title":"Aviso legal | ACE","og_description":"Aviso Legal Datos identificativos generales: En cumplimiento de la legislaci\u00f3n espa\u00f1ola vigente se exponen a continuaci\u00f3n los datos identificativos del propietario del presente sitio Web: https:\/\/aceweb.cat\/congres2022 Denominaci\u00f3n social: Associaci\u00f3 de Consutors d\u2019Estructures (ACE) Domicilio social: Jordi Girona, 1-3, Edifici Omega S207 \u2013 08034 Barcelona. Cif: G59130427 Correo electr\u00f3nico de contacto: dpd@aceweb.cat. Tel\u00e9fono: +34 93 401 [&hellip;]","og_url":"https:\/\/aceweb.cat\/congres2022\/aviso-legal\/","og_site_name":"ACE","article_modified_time":"2021-11-15T15:18:00+00:00","twitter_card":"summary_large_image","twitter_misc":{"Tiempo de lectura":"3 minutos"},"schema":{"@context":"https:\/\/schema.org","@graph":[{"@type":"WebPage","@id":"https:\/\/aceweb.cat\/congres2022\/aviso-legal\/","url":"https:\/\/aceweb.cat\/congres2022\/aviso-legal\/","name":"Aviso legal | ACE","isPartOf":{"@id":"https:\/\/aceweb.cat\/congres2022\/#website"},"datePublished":"2021-11-15T15:11:48+00:00","dateModified":"2021-11-15T15:18:00+00:00","breadcrumb":{"@id":"https:\/\/aceweb.cat\/congres2022\/aviso-legal\/#breadcrumb"},"inLanguage":"es","potentialAction":[{"@type":"ReadAction","target":["https:\/\/aceweb.cat\/congres2022\/aviso-legal\/"]}]},{"@type":"BreadcrumbList","@id":"https:\/\/aceweb.cat\/congres2022\/aviso-legal\/#breadcrumb","itemListElement":[{"@type":"ListItem","position":1,"name":"Portada","item":"https:\/\/aceweb.cat\/congres2022\/"},{"@type":"ListItem","position":2,"name":"Aviso legal"}]},{"@type":"WebSite","@id":"https:\/\/aceweb.cat\/congres2022\/#website","url":"https:\/\/aceweb.cat\/congres2022\/","name":"ACE","description":"Le invitamos 5-7 de octubre de 2022 al IV Congreso de la Asociaci\u00f3n de Consultores de Estructuras que se celebrar\u00e1 en Barcelona.","publisher":{"@id":"https:\/\/aceweb.cat\/congres2022\/#organization"},"potentialAction":[{"@type":"SearchAction","target":{"@type":"EntryPoint","urlTemplate":"https:\/\/aceweb.cat\/congres2022\/?s={search_term_string}"},"query-input":"required name=search_term_string"}],"inLanguage":"es"},{"@type":"Organization","@id":"https:\/\/aceweb.cat\/congres2022\/#organization","name":"ACE","url":"https:\/\/aceweb.cat\/congres2022\/","sameAs":[],"logo":{"@type":"ImageObject","inLanguage":"es","@id":"https:\/\/aceweb.cat\/congres2022\/#\/schema\/logo\/image\/","url":"https:\/\/aceweb.cat\/congres2022\/wp-content\/uploads\/2021\/05\/logo-ace.svg","contentUrl":"https:\/\/aceweb.cat\/congres2022\/wp-content\/uploads\/2021\/05\/logo-ace.svg","width":280,"height":85,"caption":"ACE"},"image":{"@id":"https:\/\/aceweb.cat\/congres2022\/#\/schema\/logo\/image\/"}}]}},"_links":{"self":[{"href":"https:\/\/aceweb.cat\/congres2022\/wp-json\/wp\/v2\/pages\/1084","targetHints":{"allow":["GET"]}}],"collection":[{"href":"https:\/\/aceweb.cat\/congres2022\/wp-json\/wp\/v2\/pages"}],"about":[{"href":"https:\/\/aceweb.cat\/congres2022\/wp-json\/wp\/v2\/types\/page"}],"author":[{"embeddable":true,"href":"https:\/\/aceweb.cat\/congres2022\/wp-json\/wp\/v2\/users\/1"}],"replies":[{"embeddable":true,"href":"https:\/\/aceweb.cat\/congres2022\/wp-json\/wp\/v2\/comments?post=1084"}],"version-history":[{"count":5,"href":"https:\/\/aceweb.cat\/congres2022\/wp-json\/wp\/v2\/pages\/1084\/revisions"}],"predecessor-version":[{"id":1093,"href":"https:\/\/aceweb.cat\/congres2022\/wp-json\/wp\/v2\/pages\/1084\/revisions\/1093"}],"wp:attachment":[{"href":"https:\/\/aceweb.cat\/congres2022\/wp-json\/wp\/v2\/media?parent=1084"}],"curies":[{"name":"wp","href":"https:\/\/api.w.org\/{rel}","templated":true}]}}