{"id":1096,"date":"2021-11-15T15:22:46","date_gmt":"2021-11-15T15:22:46","guid":{"rendered":"https:\/\/aceweb.cat\/congres2022\/?page_id=1096"},"modified":"2021-11-15T16:05:17","modified_gmt":"2021-11-15T16:05:17","slug":"politica-de-privacidad","status":"publish","type":"page","link":"https:\/\/aceweb.cat\/congres2022\/politica-de-privacidad\/","title":{"rendered":"Pol\u00edtica de privacidad"},"content":{"rendered":"\t\t<div data-elementor-type=\"wp-page\" data-elementor-id=\"1096\" class=\"elementor elementor-1096\">\n\t\t\t\t\t\t\t\t\t<section class=\"ob-is-breaking-bad elementor-section elementor-top-section elementor-element elementor-element-33bcaf15 elementor-section-height-min-height elementor-section-items-stretch elementor-section-boxed elementor-section-height-default\" data-id=\"33bcaf15\" data-element_type=\"section\" data-settings=\"{&quot;background_background&quot;:&quot;classic&quot;,&quot;_ob_bbad_use_it&quot;:&quot;yes&quot;,&quot;_ob_bbad_sssic_use&quot;:&quot;no&quot;,&quot;_ob_glider_is_slider&quot;:&quot;no&quot;}\">\n\t\t\t\t\t\t\t<div class=\"elementor-background-overlay\"><\/div>\n\t\t\t\t\t\t\t<div class=\"elementor-container elementor-column-gap-wider\">\n\t\t\t\t\t<div class=\"ob-is-pseudo elementor-column elementor-col-100 elementor-top-column elementor-element elementor-element-63d71377\" data-id=\"63d71377\" data-element_type=\"column\" data-settings=\"{&quot;background_background&quot;:&quot;classic&quot;,&quot;_ob_column_has_pseudo&quot;:&quot;yes&quot;,&quot;_ob_pseudo_before_popover_whyxrot&quot;:&quot;yes&quot;,&quot;_ob_bbad_is_stalker&quot;:&quot;no&quot;,&quot;_ob_teleporter_use&quot;:false,&quot;_ob_column_hoveranimator&quot;:&quot;no&quot;}\">\n\t\t\t<div class=\"elementor-widget-wrap elementor-element-populated\">\n\t\t\t\t\t\t\t\t<div class=\"elementor-element elementor-element-408eab5f ob-harakiri-inherit ob-has-background-overlay elementor-widget elementor-widget-heading\" data-id=\"408eab5f\" data-element_type=\"widget\" data-settings=\"{&quot;_ob_harakiri_writing_mode&quot;:&quot;inherit&quot;,&quot;_ob_perspektive_use&quot;:&quot;no&quot;,&quot;_ob_poopart_use&quot;:&quot;yes&quot;,&quot;_ob_shadough_use&quot;:&quot;no&quot;,&quot;_ob_allow_hoveranimator&quot;:&quot;no&quot;,&quot;_ob_widget_stalker_use&quot;:&quot;no&quot;}\" data-widget_type=\"heading.default\">\n\t\t\t\t<div class=\"elementor-widget-container\">\n\t\t\t<h2 class=\"elementor-heading-title elementor-size-default\">Pol\u00edtica de privacidad<\/h2>\t\t<\/div>\n\t\t\t\t<\/div>\n\t\t\t\t\t<\/div>\n\t\t<\/div>\n\t\t\t\t\t\t\t<\/div>\n\t\t<\/section>\n\t\t\t\t<section class=\"ob-is-breaking-bad elementor-section elementor-top-section elementor-element elementor-element-4e222a14 elementor-section-full_width elementor-section-height-default elementor-section-height-default\" data-id=\"4e222a14\" data-element_type=\"section\" data-settings=\"{&quot;background_background&quot;:&quot;classic&quot;,&quot;_ob_bbad_use_it&quot;:&quot;yes&quot;,&quot;_ob_bbad_sssic_use&quot;:&quot;no&quot;,&quot;_ob_glider_is_slider&quot;:&quot;no&quot;}\">\n\t\t\t\t\t\t<div class=\"elementor-container elementor-column-gap-wider\">\n\t\t\t\t\t<div class=\"elementor-column elementor-col-100 elementor-top-column elementor-element elementor-element-21ca31f8\" data-id=\"21ca31f8\" data-element_type=\"column\" data-settings=\"{&quot;_ob_bbad_is_stalker&quot;:&quot;no&quot;,&quot;_ob_teleporter_use&quot;:false,&quot;_ob_column_hoveranimator&quot;:&quot;no&quot;,&quot;_ob_column_has_pseudo&quot;:&quot;no&quot;}\">\n\t\t\t<div class=\"elementor-widget-wrap elementor-element-populated\">\n\t\t\t\t\t\t\t\t<section class=\"ob-is-breaking-bad ob-bb-inner elementor-section elementor-inner-section elementor-element elementor-element-5a4c04e6 elementor-section-boxed elementor-section-height-default elementor-section-height-default\" data-id=\"5a4c04e6\" data-element_type=\"section\" data-settings=\"{&quot;_ob_bbad_use_it&quot;:&quot;yes&quot;,&quot;_ob_bbad_sssic_use&quot;:&quot;no&quot;,&quot;_ob_glider_is_slider&quot;:&quot;no&quot;}\">\n\t\t\t\t\t\t<div class=\"elementor-container elementor-column-gap-wider\">\n\t\t\t\t\t<div class=\"elementor-column elementor-col-100 elementor-inner-column elementor-element elementor-element-72f05a6f\" data-id=\"72f05a6f\" data-element_type=\"column\" data-settings=\"{&quot;_ob_bbad_is_stalker&quot;:&quot;no&quot;,&quot;_ob_teleporter_use&quot;:false,&quot;_ob_column_hoveranimator&quot;:&quot;no&quot;,&quot;_ob_column_has_pseudo&quot;:&quot;no&quot;}\">\n\t\t\t<div class=\"elementor-widget-wrap elementor-element-populated\">\n\t\t\t\t\t\t\t\t<div class=\"elementor-element elementor-element-38924411 ob-harakiri-inherit ob-has-background-overlay elementor-widget elementor-widget-text-editor\" data-id=\"38924411\" data-element_type=\"widget\" data-settings=\"{&quot;_ob_harakiri_writing_mode&quot;:&quot;inherit&quot;,&quot;_ob_perspektive_use&quot;:&quot;no&quot;,&quot;_ob_poopart_use&quot;:&quot;yes&quot;,&quot;_ob_shadough_use&quot;:&quot;no&quot;,&quot;_ob_allow_hoveranimator&quot;:&quot;no&quot;,&quot;_ob_widget_stalker_use&quot;:&quot;no&quot;}\" data-widget_type=\"text-editor.default\">\n\t\t\t\t<div class=\"elementor-widget-container\">\n\t\t\t\t\t\t\t<h3>Pol\u00edtica de protecci\u00f3n de datos personales ACE<\/h3><p>Desde la ACE somos conscientes de la importancia que supone obtener informaci\u00f3n clara y transparente sobre el uso que hacemos de la informaci\u00f3n que nos proporcionan nuestros socios y personas interesadas.<\/p><h3>\u00bfQui\u00e9n es el responsable del tratamiento de sus datos personales?<\/h3><p>Entidad: Asociaci\u00f3n de Consultores de Estructuras (ACE)<br \/>Domicilio social: Jordi Girona, 1-3, Edifici Omega S207 \u2013 08034 Barcelona.<br \/>Direcci\u00f3n de correo electr\u00f3nico:\u00a0dpd@aceweb.cat.<br \/>Los datos registrales: Registro de Asociaciones de la Generalitat de Catalu\u00f1a con n\u00famero 11.146 de la secci\u00f3n 1\u00aa del Registro de Barcelona<br \/>CIF: G59130427<\/p><h3>\u00bfQui\u00e9n es el Delegado de Protecci\u00f3n de Datos de la ACE y c\u00f3mo puede ponerse en contacto con \u00e9l?<\/h3><p>El Delegado de Protecci\u00f3n de Datos es la persona que se encarga de proteger el derecho fundamental a la protecci\u00f3n de datos personales de la ACE y se encarga del cumplimiento de la normativa de protecci\u00f3n de datos. Podr\u00e1s contactar con el Delegado de Protecci\u00f3n de Datos de la ACE en la direcci\u00f3n siguiente:\u00a0dpd@aceweb.cat.<\/p><h3>\u00bfPara que utilizamos sus datos personales?<\/h3><p>La ACE tratar\u00e1 sus datos personales con las finalidades:<\/p><ul><li>Los datos personales que nos facilite obtenidas de su relaci\u00f3n con nosotros, ser\u00e1n incorporadas a un fichero o ficheros, responsabilidad de la ACE y ser\u00e1n dedicados principalmente a las finalidades relacionadas con la gesti\u00f3n de administraci\u00f3n general, mantenimiento, cumplimiento, desarrollo y control, gestionar su relaci\u00f3n con nosotros.<\/li><li>Gestionar su registro, acceso y uso de la parte privada de la web.<\/li><li>Gestionar su contacto con la ACE ya sea por una consulta, ayuda, solicitud de colaboraci\u00f3n, reclamaci\u00f3n, queja, solicitud de servicio, comunicaciones o cualquiera otro motivo.<\/li><li>La ACE pone en su conocimiento que est\u00e1 presente en redes sociales. El tratamiento de los datos que se haga de las personas que se hagan seguidoras y\/o establezcan un v\u00ednculo y\/o realicen cualquier acci\u00f3n de conexi\u00f3n en la web o en las redes sociales, se regir\u00e1 por el apartado el aviso legal de la web, as\u00ed como por aquellas Condiciones de uso. Pol\u00edticas de privacidad y dem\u00e1s normativas de acceso, uso y similares, que pertenezcan en la red social que corresponda las cuales el usuario de las redes sociales ya habr\u00e1 aceptado. La ACE tratar\u00e1 los datos que nos facilite haci\u00e9ndose seguidor con el fin de administrar correctamente su presencia en la red social que corresponda, inform\u00e1ndolo de actividades de la ACE o de terceros que puedan estar relacionados con la actividad de la ACE as\u00ed como por cualquier otro que las normativas de las redes sociales puedan permitir.<\/li><li>Comunicaci\u00f3n de los cursos de la ACE, as\u00ed como los realizados a trav\u00e9s de la Fundaci\u00f3n Privada Instituto de Estudios Estructurales (IEE) se utilizar\u00e1n con las finalidades de gesti\u00f3n, mantenimiento, cumplimiento, desarrollo o control de su participaci\u00f3n como alumno del curso, personal docente, jornada, seminario, m\u00e1ster, etc., que corresponda.<\/li><li>Con el fin de poder enviarle comunicaciones sobre las noticias, actas, jornadas, cursos que puedan ser de inter\u00e9s general para la profesi\u00f3n.<\/li><li>La ACE pone en su conocimiento que facilitar\u00e1 sus datos personales a empresas proveedoras con el fin de prestar servicio, con la estricta obligaci\u00f3n de confidencialidad y previa formalizaci\u00f3n del correspondiente contrato de prestaci\u00f3n de servicios entre el responsable del tratamiento de la ACE y el encargado del tratamiento de la empresa proveedora.<\/li><li>Los datos personales de las suscripciones que se generen se utilizar\u00e1n con las finalidades de gesti\u00f3n, mantenimiento, cumplimiento, desarrollo o control de la suscripci\u00f3n solicitada.<\/li><li>Aun as\u00ed, sus datos podr\u00e1n ser comunicadas por el cumplimiento de las obligaciones legales y\/o contractuales que puedan existir.<\/li><\/ul><h3>\u00bfDurante cu\u00e1nto de tiempo conservar\u00e1 la ACE sus datos?<\/h3><p>Conservaremos sus datos personales durante la vigencia de la relaci\u00f3n contractual y mientras sea necesario para cualquier de los prop\u00f3sitos que hemos descrito y seg\u00fan el tiempo que marque legalmente la ley.<\/p><h3>\u00bfA qui\u00e9n comunicaremos sus datos?<\/h3><p>En ning\u00fan caso la ACE, utilizar\u00e1 los datos personales de los interesados para finalidades diferentes de los anteriormente citadas, ni los comunicar\u00e1 a terceros sin el consentimiento previo y expreso del interesado, y se compromete a guardar el debido secreto profesional y a establecer las medidas t\u00e9cnicas y organizativas necesarias para salvaguardar la informaci\u00f3n conforme los requerimientos que establece el RGPD.<\/p><h3>Derechos del interesado<\/h3><p>As\u00ed mismo, en cualquier momento, puede ejercer su derecho de acceso, rectificaci\u00f3n, cancelaci\u00f3n, oposici\u00f3n, limitaci\u00f3n y portabilidad dirigi\u00e9ndose por escrito acompa\u00f1ando de copia de documento oficial que le identifique a la direcci\u00f3n de correo electr\u00f3nico\u00a0dpd@aceweb.cat\u00a0o a las oficinas de la ACE en la calle Jordi Girona, 31, edificio Til\u00b7lers, 08034 Barcelona, indicando en el asunto del mensaje o en el sobre: ACE Protecci\u00f3n de Datos Personales.<\/p><p>Si no ha sido satisfecho el ejercicio de sus derechos, pueden presentar una reclamaci\u00f3n ante la Agencia Espa\u00f1ola de Protecci\u00f3n de Datos (www.agdp.es).<\/p>\t\t\t\t\t\t<\/div>\n\t\t\t\t<\/div>\n\t\t\t\t\t<\/div>\n\t\t<\/div>\n\t\t\t\t\t\t\t<\/div>\n\t\t<\/section>\n\t\t\t\t\t<\/div>\n\t\t<\/div>\n\t\t\t\t\t\t\t<\/div>\n\t\t<\/section>\n\t\t\t\t\t\t\t<\/div>\n\t\t","protected":false},"excerpt":{"rendered":"<p>Pol\u00edtica de privacidad Pol\u00edtica de protecci\u00f3n de datos personales ACE Desde la ACE somos conscientes de la importancia que supone obtener informaci\u00f3n clara y transparente sobre el uso que hacemos de la informaci\u00f3n que nos proporcionan nuestros socios y personas interesadas. \u00bfQui\u00e9n es el responsable del tratamiento de sus datos personales? Entidad: Asociaci\u00f3n de Consultores [&hellip;]<\/p>\n","protected":false},"author":1,"featured_media":0,"parent":0,"menu_order":0,"comment_status":"closed","ping_status":"closed","template":"","meta":{"footnotes":""},"class_list":["post-1096","page","type-page","status-publish","hentry"],"yoast_head":"<!-- This site is optimized with the Yoast SEO plugin v19.6.1 - https:\/\/yoast.com\/wordpress\/plugins\/seo\/ -->\n<title>Pol\u00edtica de privacidad | ACE<\/title>\n<meta name=\"robots\" content=\"index, follow, max-snippet:-1, max-image-preview:large, max-video-preview:-1\" \/>\n<link rel=\"canonical\" href=\"https:\/\/aceweb.cat\/congres2022\/politica-de-privacidad\/\" \/>\n<meta property=\"og:locale\" content=\"es_ES\" \/>\n<meta property=\"og:type\" content=\"article\" \/>\n<meta property=\"og:title\" content=\"Pol\u00edtica de privacidad | ACE\" \/>\n<meta property=\"og:description\" content=\"Pol\u00edtica de privacidad Pol\u00edtica de protecci\u00f3n de datos personales ACE Desde la ACE somos conscientes de la importancia que supone obtener informaci\u00f3n clara y transparente sobre el uso que hacemos de la informaci\u00f3n que nos proporcionan nuestros socios y personas interesadas. \u00bfQui\u00e9n es el responsable del tratamiento de sus datos personales? Entidad: Asociaci\u00f3n de Consultores [&hellip;]\" \/>\n<meta property=\"og:url\" content=\"https:\/\/aceweb.cat\/congres2022\/politica-de-privacidad\/\" \/>\n<meta property=\"og:site_name\" content=\"ACE\" \/>\n<meta property=\"article:modified_time\" content=\"2021-11-15T16:05:17+00:00\" \/>\n<meta name=\"twitter:card\" content=\"summary_large_image\" \/>\n<meta name=\"twitter:label1\" content=\"Tiempo de lectura\" \/>\n\t<meta name=\"twitter:data1\" content=\"4 minutos\" \/>\n<script type=\"application\/ld+json\" class=\"yoast-schema-graph\">{\"@context\":\"https:\/\/schema.org\",\"@graph\":[{\"@type\":\"WebPage\",\"@id\":\"https:\/\/aceweb.cat\/congres2022\/politica-de-privacidad\/\",\"url\":\"https:\/\/aceweb.cat\/congres2022\/politica-de-privacidad\/\",\"name\":\"Pol\u00edtica de privacidad | ACE\",\"isPartOf\":{\"@id\":\"https:\/\/aceweb.cat\/congres2022\/#website\"},\"datePublished\":\"2021-11-15T15:22:46+00:00\",\"dateModified\":\"2021-11-15T16:05:17+00:00\",\"breadcrumb\":{\"@id\":\"https:\/\/aceweb.cat\/congres2022\/politica-de-privacidad\/#breadcrumb\"},\"inLanguage\":\"es\",\"potentialAction\":[{\"@type\":\"ReadAction\",\"target\":[\"https:\/\/aceweb.cat\/congres2022\/politica-de-privacidad\/\"]}]},{\"@type\":\"BreadcrumbList\",\"@id\":\"https:\/\/aceweb.cat\/congres2022\/politica-de-privacidad\/#breadcrumb\",\"itemListElement\":[{\"@type\":\"ListItem\",\"position\":1,\"name\":\"Portada\",\"item\":\"https:\/\/aceweb.cat\/congres2022\/\"},{\"@type\":\"ListItem\",\"position\":2,\"name\":\"Pol\u00edtica de privacidad\"}]},{\"@type\":\"WebSite\",\"@id\":\"https:\/\/aceweb.cat\/congres2022\/#website\",\"url\":\"https:\/\/aceweb.cat\/congres2022\/\",\"name\":\"ACE\",\"description\":\"Le invitamos 5-7 de octubre de 2022 al IV Congreso de la Asociaci\u00f3n de Consultores de Estructuras que se celebrar\u00e1 en Barcelona.\",\"publisher\":{\"@id\":\"https:\/\/aceweb.cat\/congres2022\/#organization\"},\"potentialAction\":[{\"@type\":\"SearchAction\",\"target\":{\"@type\":\"EntryPoint\",\"urlTemplate\":\"https:\/\/aceweb.cat\/congres2022\/?s={search_term_string}\"},\"query-input\":\"required name=search_term_string\"}],\"inLanguage\":\"es\"},{\"@type\":\"Organization\",\"@id\":\"https:\/\/aceweb.cat\/congres2022\/#organization\",\"name\":\"ACE\",\"url\":\"https:\/\/aceweb.cat\/congres2022\/\",\"sameAs\":[],\"logo\":{\"@type\":\"ImageObject\",\"inLanguage\":\"es\",\"@id\":\"https:\/\/aceweb.cat\/congres2022\/#\/schema\/logo\/image\/\",\"url\":\"https:\/\/aceweb.cat\/congres2022\/wp-content\/uploads\/2021\/05\/logo-ace.svg\",\"contentUrl\":\"https:\/\/aceweb.cat\/congres2022\/wp-content\/uploads\/2021\/05\/logo-ace.svg\",\"width\":280,\"height\":85,\"caption\":\"ACE\"},\"image\":{\"@id\":\"https:\/\/aceweb.cat\/congres2022\/#\/schema\/logo\/image\/\"}}]}<\/script>\n<!-- \/ Yoast SEO plugin. -->","yoast_head_json":{"title":"Pol\u00edtica de privacidad | ACE","robots":{"index":"index","follow":"follow","max-snippet":"max-snippet:-1","max-image-preview":"max-image-preview:large","max-video-preview":"max-video-preview:-1"},"canonical":"https:\/\/aceweb.cat\/congres2022\/politica-de-privacidad\/","og_locale":"es_ES","og_type":"article","og_title":"Pol\u00edtica de privacidad | ACE","og_description":"Pol\u00edtica de privacidad Pol\u00edtica de protecci\u00f3n de datos personales ACE Desde la ACE somos conscientes de la importancia que supone obtener informaci\u00f3n clara y transparente sobre el uso que hacemos de la informaci\u00f3n que nos proporcionan nuestros socios y personas interesadas. \u00bfQui\u00e9n es el responsable del tratamiento de sus datos personales? Entidad: Asociaci\u00f3n de Consultores [&hellip;]","og_url":"https:\/\/aceweb.cat\/congres2022\/politica-de-privacidad\/","og_site_name":"ACE","article_modified_time":"2021-11-15T16:05:17+00:00","twitter_card":"summary_large_image","twitter_misc":{"Tiempo de lectura":"4 minutos"},"schema":{"@context":"https:\/\/schema.org","@graph":[{"@type":"WebPage","@id":"https:\/\/aceweb.cat\/congres2022\/politica-de-privacidad\/","url":"https:\/\/aceweb.cat\/congres2022\/politica-de-privacidad\/","name":"Pol\u00edtica de privacidad | ACE","isPartOf":{"@id":"https:\/\/aceweb.cat\/congres2022\/#website"},"datePublished":"2021-11-15T15:22:46+00:00","dateModified":"2021-11-15T16:05:17+00:00","breadcrumb":{"@id":"https:\/\/aceweb.cat\/congres2022\/politica-de-privacidad\/#breadcrumb"},"inLanguage":"es","potentialAction":[{"@type":"ReadAction","target":["https:\/\/aceweb.cat\/congres2022\/politica-de-privacidad\/"]}]},{"@type":"BreadcrumbList","@id":"https:\/\/aceweb.cat\/congres2022\/politica-de-privacidad\/#breadcrumb","itemListElement":[{"@type":"ListItem","position":1,"name":"Portada","item":"https:\/\/aceweb.cat\/congres2022\/"},{"@type":"ListItem","position":2,"name":"Pol\u00edtica de privacidad"}]},{"@type":"WebSite","@id":"https:\/\/aceweb.cat\/congres2022\/#website","url":"https:\/\/aceweb.cat\/congres2022\/","name":"ACE","description":"Le invitamos 5-7 de octubre de 2022 al IV Congreso de la Asociaci\u00f3n de Consultores de Estructuras que se celebrar\u00e1 en Barcelona.","publisher":{"@id":"https:\/\/aceweb.cat\/congres2022\/#organization"},"potentialAction":[{"@type":"SearchAction","target":{"@type":"EntryPoint","urlTemplate":"https:\/\/aceweb.cat\/congres2022\/?s={search_term_string}"},"query-input":"required name=search_term_string"}],"inLanguage":"es"},{"@type":"Organization","@id":"https:\/\/aceweb.cat\/congres2022\/#organization","name":"ACE","url":"https:\/\/aceweb.cat\/congres2022\/","sameAs":[],"logo":{"@type":"ImageObject","inLanguage":"es","@id":"https:\/\/aceweb.cat\/congres2022\/#\/schema\/logo\/image\/","url":"https:\/\/aceweb.cat\/congres2022\/wp-content\/uploads\/2021\/05\/logo-ace.svg","contentUrl":"https:\/\/aceweb.cat\/congres2022\/wp-content\/uploads\/2021\/05\/logo-ace.svg","width":280,"height":85,"caption":"ACE"},"image":{"@id":"https:\/\/aceweb.cat\/congres2022\/#\/schema\/logo\/image\/"}}]}},"_links":{"self":[{"href":"https:\/\/aceweb.cat\/congres2022\/wp-json\/wp\/v2\/pages\/1096","targetHints":{"allow":["GET"]}}],"collection":[{"href":"https:\/\/aceweb.cat\/congres2022\/wp-json\/wp\/v2\/pages"}],"about":[{"href":"https:\/\/aceweb.cat\/congres2022\/wp-json\/wp\/v2\/types\/page"}],"author":[{"embeddable":true,"href":"https:\/\/aceweb.cat\/congres2022\/wp-json\/wp\/v2\/users\/1"}],"replies":[{"embeddable":true,"href":"https:\/\/aceweb.cat\/congres2022\/wp-json\/wp\/v2\/comments?post=1096"}],"version-history":[{"count":8,"href":"https:\/\/aceweb.cat\/congres2022\/wp-json\/wp\/v2\/pages\/1096\/revisions"}],"predecessor-version":[{"id":1126,"href":"https:\/\/aceweb.cat\/congres2022\/wp-json\/wp\/v2\/pages\/1096\/revisions\/1126"}],"wp:attachment":[{"href":"https:\/\/aceweb.cat\/congres2022\/wp-json\/wp\/v2\/media?parent=1096"}],"curies":[{"name":"wp","href":"https:\/\/api.w.org\/{rel}","templated":true}]}}