{"id":38924,"date":"2022-11-25T13:34:04","date_gmt":"2022-11-25T13:34:04","guid":{"rendered":"https:\/\/www.aceweb.advertis.es\/consultores-de-estructuras\/consultores-de-estructuras-socios-aspirantes-estudiante\/"},"modified":"2026-04-13T10:29:37","modified_gmt":"2026-04-13T10:29:37","slug":"socios-aspirantes-estudiantes-de-la-ace","status":"publish","type":"page","link":"https:\/\/aceweb.cat\/es\/consultores-de-estructuras\/socios-aspirantes-estudiantes-de-la-ace\/","title":{"rendered":"Socios aspirantes estudiantes de la ACE"},"content":{"rendered":"\t\t<div data-elementor-type=\"wp-page\" data-elementor-id=\"38924\" class=\"elementor elementor-38924 elementor-35093\" data-elementor-post-type=\"page\">\n\t\t\t\t<div class=\"elementor-element elementor-element-c79bc34 lineas-1 e-flex e-con-boxed e-con e-parent\" data-id=\"c79bc34\" data-element_type=\"container\" data-e-type=\"container\" data-settings=\"{&quot;background_background&quot;:&quot;classic&quot;}\">\n\t\t\t\t\t<div class=\"e-con-inner\">\n\t\t<div class=\"elementor-element elementor-element-200579c e-flex e-con-boxed e-con e-child\" data-id=\"200579c\" data-element_type=\"container\" data-e-type=\"container\">\n\t\t\t\t\t<div class=\"e-con-inner\">\n\t\t\t\t<div class=\"elementor-element elementor-element-eab03b9 elementor-widget elementor-widget-breadcrumbs\" data-id=\"eab03b9\" data-element_type=\"widget\" data-e-type=\"widget\" data-widget_type=\"breadcrumbs.default\">\n\t\t\t\t<div class=\"elementor-widget-container\">\n\t\t\t\t\t<p id=\"breadcrumbs\"><span><span><a href=\"https:\/\/aceweb.cat\/\">Inici<\/a><\/span><\/span><\/p>\t\t\t\t<\/div>\n\t\t\t\t<\/div>\n\t\t\t\t<div class=\"elementor-element elementor-element-c0a3b38 elementor-widget__width-inherit elementor-widget-mobile__width-inherit elementor-widget elementor-widget-heading\" data-id=\"c0a3b38\" data-element_type=\"widget\" data-e-type=\"widget\" data-widget_type=\"heading.default\">\n\t\t\t\t<div class=\"elementor-widget-container\">\n\t\t\t\t\t<h1 class=\"elementor-heading-title elementor-size-default\">Socios aspirantes estudiantes de la ACE<\/h1>\t\t\t\t<\/div>\n\t\t\t\t<\/div>\n\t\t\t\t\t<\/div>\n\t\t\t\t<\/div>\n\t\t<div class=\"elementor-element elementor-element-90a1e66 e-flex e-con-boxed e-con e-child\" data-id=\"90a1e66\" data-element_type=\"container\" data-e-type=\"container\">\n\t\t\t\t\t<div class=\"e-con-inner\">\n\t\t<div class=\"elementor-element elementor-element-8ed7df9 e-con-full sin e-flex e-con e-child\" data-id=\"8ed7df9\" data-element_type=\"container\" data-e-type=\"container\">\n\t\t\t\t<div class=\"elementor-element elementor-element-55ff0f8 elementor-widget__width-initial elementor-widget elementor-widget-text-editor\" data-id=\"55ff0f8\" data-element_type=\"widget\" data-e-type=\"widget\" data-widget_type=\"text-editor.default\">\n\t\t\t\t<div class=\"elementor-widget-container\">\n\t\t\t\t\t\t\t\t\t<p>Tendr\u00e1n esta consideraci\u00f3n los estudiantes, soliciten inscribirse en la Asociaci\u00f3n y no re\u00fanan las condiciones establecidas en el cap\u00edtulo I del Reglamento de R\u00e9gimen Interno, aceptando los estatutos y la normativa de la Asociaci\u00f3n.<\/p>\n\t\t\t\t\t\t\t\t<\/div>\n\t\t\t\t<\/div>\n\t\t<div class=\"elementor-element elementor-element-8b583aa e-con-full sin e-flex e-con e-child\" data-id=\"8b583aa\" data-element_type=\"container\" data-e-type=\"container\">\n\t\t\t\t<div class=\"elementor-element elementor-element-c0e6c23 elementor-widget elementor-widget-template\" data-id=\"c0e6c23\" data-element_type=\"widget\" data-e-type=\"widget\" data-widget_type=\"template.default\">\n\t\t\t\t<div class=\"elementor-widget-container\">\n\t\t\t\t\t\t\t<div class=\"elementor-template\">\n\t\t\t\t\t<div data-elementor-type=\"section\" data-elementor-id=\"38910\" class=\"elementor elementor-38910 elementor-35327\" data-elementor-post-type=\"elementor_library\">\n\t\t\t<div class=\"elementor-element elementor-element-e94425e e-con-full e-flex e-con e-parent\" data-id=\"e94425e\" data-element_type=\"container\" data-e-type=\"container\">\n\t\t\t\t<div class=\"elementor-element elementor-element-388af77 llistat_socis elementor-icon-list--layout-traditional elementor-list-item-link-full_width elementor-widget elementor-widget-icon-list\" data-id=\"388af77\" data-element_type=\"widget\" data-e-type=\"widget\" data-widget_type=\"icon-list.default\">\n\t\t\t\t<div class=\"elementor-widget-container\">\n\t\t\t\t\t\t\t<ul class=\"elementor-icon-list-items\">\n\t\t\t\t\t\t\t<li class=\"elementor-icon-list-item\">\n\t\t\t\t\t\t\t\t\t\t\t<a href=\"https:\/\/aceweb.cat\/es\/consultores-de-estructuras\/\">\n\n\t\t\t\t\t\t\t\t\t\t\t<span class=\"elementor-icon-list-text\">\u00b7 Socios numerarios<\/span>\n\t\t\t\t\t\t\t\t\t\t\t<\/a>\n\t\t\t\t\t\t\t\t\t<\/li>\n\t\t\t\t\t\t\t\t<li class=\"elementor-icon-list-item\">\n\t\t\t\t\t\t\t\t\t\t\t<a href=\"https:\/\/aceweb.cat\/es\/consultores-de-estructuras\/socios-academicos-de-la-ace\/\">\n\n\t\t\t\t\t\t\t\t\t\t\t<span class=\"elementor-icon-list-text\">\u00b7 Socios acad\u00e9micos<\/span>\n\t\t\t\t\t\t\t\t\t\t\t<\/a>\n\t\t\t\t\t\t\t\t\t<\/li>\n\t\t\t\t\t\t\t\t<li class=\"elementor-icon-list-item\">\n\t\t\t\t\t\t\t\t\t\t\t<a href=\"https:\/\/aceweb.cat\/es\/consultores-de-estructuras\/socios-aspirantes-profesionales-de-la-ace\/\">\n\n\t\t\t\t\t\t\t\t\t\t\t<span class=\"elementor-icon-list-text\">\u00b7 Socios aspirantes profesionales<\/span>\n\t\t\t\t\t\t\t\t\t\t\t<\/a>\n\t\t\t\t\t\t\t\t\t<\/li>\n\t\t\t\t\t\t\t\t<li class=\"elementor-icon-list-item\">\n\t\t\t\t\t\t\t\t\t\t\t<a href=\"https:\/\/aceweb.cat\/es\/consultores-de-estructuras\/socios-aspirantes-estudiantes-de-la-ace\/\">\n\n\t\t\t\t\t\t\t\t\t\t\t<span class=\"elementor-icon-list-text\">\u00b7 Socios aspirantes estudiantes<\/span>\n\t\t\t\t\t\t\t\t\t\t\t<\/a>\n\t\t\t\t\t\t\t\t\t<\/li>\n\t\t\t\t\t\t\t\t<li class=\"elementor-icon-list-item\">\n\t\t\t\t\t\t\t\t\t\t\t<a href=\"https:\/\/aceweb.cat\/es\/consultores-de-estructuras\/socios-emeritos-de-la-ace\/\">\n\n\t\t\t\t\t\t\t\t\t\t\t<span class=\"elementor-icon-list-text\">\u00b7 Socios em\u00e9ritos<\/span>\n\t\t\t\t\t\t\t\t\t\t\t<\/a>\n\t\t\t\t\t\t\t\t\t<\/li>\n\t\t\t\t\t\t\t\t<li class=\"elementor-icon-list-item\">\n\t\t\t\t\t\t\t\t\t\t\t<a href=\"https:\/\/aceweb.cat\/es\/consultores-de-estructuras\/socios-amigos-de-la-ace\/\">\n\n\t\t\t\t\t\t\t\t\t\t\t<span class=\"elementor-icon-list-text\">\u00b7 Amigos ACE<\/span>\n\t\t\t\t\t\t\t\t\t\t\t<\/a>\n\t\t\t\t\t\t\t\t\t<\/li>\n\t\t\t\t\t\t\t\t<li class=\"elementor-icon-list-item\">\n\t\t\t\t\t\t\t\t\t\t\t<a href=\"https:\/\/aceweb.cat\/es\/consultores-de-estructuras\/socios-de-honor-de-la-ace\/\">\n\n\t\t\t\t\t\t\t\t\t\t\t<span class=\"elementor-icon-list-text\">\u00b7 Socios de Honor<\/span>\n\t\t\t\t\t\t\t\t\t\t\t<\/a>\n\t\t\t\t\t\t\t\t\t<\/li>\n\t\t\t\t\t\t<\/ul>\n\t\t\t\t\t\t<\/div>\n\t\t\t\t<\/div>\n\t\t\t\t<\/div>\n\t\t\t\t<\/div>\n\t\t\t\t<\/div>\n\t\t\t\t\t\t<\/div>\n\t\t\t\t<\/div>\n\t\t\t\t<\/div>\n\t\t\t\t<\/div>\n\t\t<div class=\"elementor-element elementor-element-9df74fc e-con-full e-flex e-con e-child\" data-id=\"9df74fc\" data-element_type=\"container\" data-e-type=\"container\">\n\t\t\t\t<\/div>\n\t\t\t\t\t<\/div>\n\t\t\t\t<\/div>\n\t\t\t\t\t<\/div>\n\t\t\t\t<\/div>\n\t\t<div class=\"elementor-element elementor-element-319b090 e-flex e-con-boxed e-con e-parent\" data-id=\"319b090\" data-element_type=\"container\" data-e-type=\"container\">\n\t\t\t\t\t<div class=\"e-con-inner\">\n\t\t<div class=\"elementor-element elementor-element-66dd233 e-con-full e-flex e-con e-child\" data-id=\"66dd233\" data-element_type=\"container\" data-e-type=\"container\">\n\t\t<div class=\"elementor-element elementor-element-70e4280 e-con-full e-flex e-con e-child\" data-id=\"70e4280\" data-element_type=\"container\" data-e-type=\"container\">\n\t\t\t\t<div class=\"elementor-element elementor-element-e579f06 elementor-widget elementor-widget-heading\" data-id=\"e579f06\" data-element_type=\"widget\" data-e-type=\"widget\" data-widget_type=\"heading.default\">\n\t\t\t\t<div class=\"elementor-widget-container\">\n\t\t\t\t\t<h2 class=\"elementor-heading-title elementor-size-default\">Listado de socios aspirante estudiante<\/h2>\t\t\t\t<\/div>\n\t\t\t\t<\/div>\n\t\t\t\t<\/div>\n\t\t<div class=\"elementor-element elementor-element-e644bfe e-con-full e-flex e-con e-child\" data-id=\"e644bfe\" data-element_type=\"container\" data-e-type=\"container\">\n\t\t<div class=\"elementor-element elementor-element-0f4af30 e-con-full e-flex e-con e-child\" data-id=\"0f4af30\" data-element_type=\"container\" data-e-type=\"container\">\n\t\t\t\t<\/div>\n\t\t\t\t<\/div>\n\t\t\t\t<\/div>\n\t\t\t\t\t<\/div>\n\t\t\t\t<\/div>\n\t\t<div class=\"elementor-element elementor-element-c49b4d0 e-flex e-con-boxed e-con e-parent\" data-id=\"c49b4d0\" data-element_type=\"container\" data-e-type=\"container\">\n\t\t\t\t\t<div class=\"e-con-inner\">\n\t\t<div class=\"elementor-element elementor-element-2b72898 e-con-full e-flex e-con e-child\" data-id=\"2b72898\" data-element_type=\"container\" data-e-type=\"container\">\n\t\t<div class=\"elementor-element elementor-element-e2062d6 e-con-full e-flex e-con e-child\" data-id=\"e2062d6\" data-element_type=\"container\" data-e-type=\"container\">\n\t\t\t\t<div class=\"elementor-element elementor-element-b4c4ef2 elementor-widget elementor-widget-text-editor\" data-id=\"b4c4ef2\" data-element_type=\"widget\" data-e-type=\"widget\" data-widget_type=\"text-editor.default\">\n\t\t\t\t<div class=\"elementor-widget-container\">\n\t\t\t\t\t\t\t\t\t<p>Joel Ivan Alanis Rivas<\/p>\n<p>TUTOR:\u00a0 Carles Romea Rosas<\/p>\n\t\t\t\t\t\t\t\t<\/div>\n\t\t\t\t<\/div>\n\t\t\t\t<\/div>\n\t\t<div class=\"elementor-element elementor-element-909dedd e-con-full e-flex e-con e-child\" data-id=\"909dedd\" data-element_type=\"container\" data-e-type=\"container\">\n\t\t\t\t<div class=\"elementor-element elementor-element-dc94242 elementor-widget elementor-widget-text-editor\" data-id=\"dc94242\" data-element_type=\"widget\" data-e-type=\"widget\" data-widget_type=\"text-editor.default\">\n\t\t\t\t<div class=\"elementor-widget-container\">\n\t\t\t\t\t\t\t\t\t<p>Jes\u00fas Huertas Sanz<\/p>\n<p>TUTOR:\u00a0 Carles Romea Rosas<\/p>\n\t\t\t\t\t\t\t\t<\/div>\n\t\t\t\t<\/div>\n\t\t\t\t<\/div>\n\t\t\t\t<\/div>\n\t\t\t\t\t<\/div>\n\t\t\t\t<\/div>\n\t\t<div class=\"elementor-element elementor-element-739eba5 e-flex e-con-boxed e-con e-parent\" data-id=\"739eba5\" data-element_type=\"container\" data-e-type=\"container\">\n\t\t\t\t\t<div class=\"e-con-inner\">\n\t\t\t\t<div class=\"elementor-element elementor-element-8e4700a elementor-widget__width-initial elementor-widget elementor-widget-template\" data-id=\"8e4700a\" data-element_type=\"widget\" data-e-type=\"widget\" data-widget_type=\"template.default\">\n\t\t\t\t<div class=\"elementor-widget-container\">\n\t\t\t\t\t\t\t<div class=\"elementor-template\">\n\t\t\t\t\t<div data-elementor-type=\"section\" data-elementor-id=\"39139\" class=\"elementor elementor-39139 elementor-4128\" data-elementor-post-type=\"elementor_library\">\n\t\t\t<div class=\"elementor-element elementor-element-8216c32 e-con-full e-flex e-con e-parent\" data-id=\"8216c32\" data-element_type=\"container\" data-e-type=\"container\" data-settings=\"{&quot;background_background&quot;:&quot;classic&quot;}\">\n\t\t<div class=\"elementor-element elementor-element-0248595 e-con-full e-flex e-con e-parent\" data-id=\"0248595\" data-element_type=\"container\" data-e-type=\"container\">\n\t\t<div class=\"elementor-element elementor-element-e90f56d e-con-full e-flex e-con e-parent\" data-id=\"e90f56d\" data-element_type=\"container\" data-e-type=\"container\">\n\t\t\t\t<div class=\"elementor-element elementor-element-ba732a5 elementor-widget-tablet__width-initial elementor-widget elementor-widget-heading\" data-id=\"ba732a5\" data-element_type=\"widget\" data-e-type=\"widget\" data-widget_type=\"heading.default\">\n\t\t\t\t<div class=\"elementor-widget-container\">\n\t\t\t\t\t<h2 class=\"elementor-heading-title elementor-size-default\"><a href=\"\/es\/como-asociarse\/\"><span style=\"text-decoration:underline\">As\u00f3ciate a la ACE<\/span> y descubre todo el soporte que ofrecemos a los consultores de estructuras<\/a><\/h2>\t\t\t\t<\/div>\n\t\t\t\t<\/div>\n\t\t\t\t<div class=\"elementor-element elementor-element-0e1637b elementor-icon-list--layout-inline elementor-list-item-link-inline estilo-pastilla elementor-widget elementor-widget-icon-list\" data-id=\"0e1637b\" data-element_type=\"widget\" data-e-type=\"widget\" data-widget_type=\"icon-list.default\">\n\t\t\t\t<div class=\"elementor-widget-container\">\n\t\t\t\t\t\t\t<ul class=\"elementor-icon-list-items elementor-inline-items\">\n\t\t\t\t\t\t\t<li class=\"elementor-icon-list-item elementor-inline-item\">\n\t\t\t\t\t\t\t\t\t\t\t<a href=\"\/es\/categoria\/formacion\/\">\n\n\t\t\t\t\t\t\t\t\t\t\t<span class=\"elementor-icon-list-text\">Formaci\u00f3n<\/span>\n\t\t\t\t\t\t\t\t\t\t\t<\/a>\n\t\t\t\t\t\t\t\t\t<\/li>\n\t\t\t\t\t\t\t\t<li class=\"elementor-icon-list-item elementor-inline-item\">\n\t\t\t\t\t\t\t\t\t\t\t<a href=\"\/es\/publicaciones\/\">\n\n\t\t\t\t\t\t\t\t\t\t\t<span class=\"elementor-icon-list-text\">Publicaciones<\/span>\n\t\t\t\t\t\t\t\t\t\t\t<\/a>\n\t\t\t\t\t\t\t\t\t<\/li>\n\t\t\t\t\t\t\t\t<li class=\"elementor-icon-list-item elementor-inline-item\">\n\t\t\t\t\t\t\t\t\t\t\t<a href=\"\/es\/recursos\/\">\n\n\t\t\t\t\t\t\t\t\t\t\t<span class=\"elementor-icon-list-text\">Recursos<\/span>\n\t\t\t\t\t\t\t\t\t\t\t<\/a>\n\t\t\t\t\t\t\t\t\t<\/li>\n\t\t\t\t\t\t\t\t<li class=\"elementor-icon-list-item elementor-inline-item\">\n\t\t\t\t\t\t\t\t\t\t\t<a href=\"\/es\/tienda\/\">\n\n\t\t\t\t\t\t\t\t\t\t\t<span class=\"elementor-icon-list-text\">Tienda<\/span>\n\t\t\t\t\t\t\t\t\t\t\t<\/a>\n\t\t\t\t\t\t\t\t\t<\/li>\n\t\t\t\t\t\t<\/ul>\n\t\t\t\t\t\t<\/div>\n\t\t\t\t<\/div>\n\t\t\t\t<\/div>\n\t\t<div class=\"elementor-element elementor-element-98958b4 e-con-full e-flex e-con e-parent\" data-id=\"98958b4\" data-element_type=\"container\" data-e-type=\"container\">\n\t\t\t\t<div class=\"elementor-element elementor-element-b3323cf elementor-widget elementor-widget-image\" data-id=\"b3323cf\" data-element_type=\"widget\" data-e-type=\"widget\" data-widget_type=\"image.default\">\n\t\t\t\t<div class=\"elementor-widget-container\">\n\t\t\t\t\t\t\t\t\t\t\t\t\t\t\t<img loading=\"lazy\" decoding=\"async\" width=\"500\" height=\"434\" src=\"https:\/\/aceweb.cat\/wp-content\/uploads\/2022\/09\/ace-animat.gif\" class=\"attachment-large size-large wp-image-36171\" alt=\"\" \/>\t\t\t\t\t\t\t\t\t\t\t\t\t\t\t<\/div>\n\t\t\t\t<\/div>\n\t\t\t\t<\/div>\n\t\t\t\t<\/div>\n\t\t\t\t<\/div>\n\t\t\t\t<\/div>\n\t\t\t\t<\/div>\n\t\t\t\t\t\t<\/div>\n\t\t\t\t<\/div>\n\t\t<div class=\"elementor-element elementor-element-01fbe08 e-con-full e-flex e-con e-child\" data-id=\"01fbe08\" data-element_type=\"container\" data-e-type=\"container\">\n\t\t\t\t<div class=\"elementor-element elementor-element-c1dc219 anunci elementor-widget elementor-widget-image\" data-id=\"c1dc219\" data-element_type=\"widget\" data-e-type=\"widget\" data-widget_type=\"image.default\">\n\t\t\t\t<div class=\"elementor-widget-container\">\n\t\t\t\t\t\t\t\t\t\t\t\t<figure class=\"wp-caption\">\n\t\t\t\t\t\t\t\t\t\t<img loading=\"lazy\" decoding=\"async\" width=\"900\" height=\"900\" src=\"https:\/\/aceweb.cat\/wp-content\/uploads\/2023\/03\/espacio-promocional-cat-1.jpg\" class=\"attachment-full size-full wp-image-41082\" alt=\"\" srcset=\"https:\/\/aceweb.cat\/wp-content\/uploads\/2023\/03\/espacio-promocional-cat-1.jpg 900w, https:\/\/aceweb.cat\/wp-content\/uploads\/2023\/03\/espacio-promocional-cat-1-300x300.jpg 300w, https:\/\/aceweb.cat\/wp-content\/uploads\/2023\/03\/espacio-promocional-cat-1-150x150.jpg 150w, https:\/\/aceweb.cat\/wp-content\/uploads\/2023\/03\/espacio-promocional-cat-1-768x768.jpg 768w, https:\/\/aceweb.cat\/wp-content\/uploads\/2023\/03\/espacio-promocional-cat-1-600x600.jpg 600w, https:\/\/aceweb.cat\/wp-content\/uploads\/2023\/03\/espacio-promocional-cat-1-100x100.jpg 100w\" sizes=\"auto, (max-width: 900px) 100vw, 900px\" \/>\t\t\t\t\t\t\t\t\t\t\t<figcaption class=\"widget-image-caption wp-caption-text\">Publicidad<\/figcaption>\n\t\t\t\t\t\t\t\t\t\t<\/figure>\n\t\t\t\t\t\t\t\t\t<\/div>\n\t\t\t\t<\/div>\n\t\t\t\t<\/div>\n\t\t\t\t\t<\/div>\n\t\t\t\t<\/div>\n\t\t\t\t<\/div>\n\t\t","protected":false},"excerpt":{"rendered":"<p>Socios aspirantes estudiantes de la ACE Tendr\u00e1n esta consideraci\u00f3n los estudiantes, soliciten inscribirse en la Asociaci\u00f3n y no re\u00fanan las condiciones establecidas en el cap\u00edtulo I del Reglamento de R\u00e9gimen Interno, aceptando los estatutos y la normativa de la Asociaci\u00f3n. Listado de socios aspirante estudiante Joel Ivan Alanis Rivas TUTOR:\u00a0 Carles Romea Rosas Jes\u00fas Huertas &hellip;<\/p>\n<p class=\"read-more\"> <a class=\"\" href=\"https:\/\/aceweb.cat\/es\/consultores-de-estructuras\/socios-aspirantes-estudiantes-de-la-ace\/\"> <span class=\"screen-reader-text\">Socios aspirantes estudiantes de la ACE<\/span> Leer m\u00e1s &raquo;<\/a><\/p>\n","protected":false},"author":339,"featured_media":36259,"parent":38906,"menu_order":0,"comment_status":"closed","ping_status":"closed","template":"","meta":{"_acf_changed":false,"site-sidebar-layout":"no-sidebar","site-content-layout":"page-builder","ast-global-header-display":"","ast-main-header-display":"","ast-hfb-above-header-display":"","ast-hfb-below-header-display":"","ast-hfb-mobile-header-display":"","site-post-title":"disabled","ast-breadcrumbs-content":"","ast-featured-img":"disabled","footer-sml-layout":"","theme-transparent-header-meta":"","adv-header-id-meta":"","stick-header-meta":"","header-above-stick-meta":"","header-main-stick-meta":"","header-below-stick-meta":"","footnotes":""},"class_list":["post-38924","page","type-page","status-publish","has-post-thumbnail","hentry"],"acf":[],"yoast_head":"<!-- This site is optimized with the Yoast SEO plugin v27.1.1 - https:\/\/yoast.com\/product\/yoast-seo-wordpress\/ -->\n<title>Socios aspirantes estudiantes de Estructuras | ACE<\/title>\n<meta name=\"description\" content=\"Conoce los socios aspirantes estudiantes de la Asociaci\u00f3n de Consultores Estructuras de arquitectos e ingenieros de proyectos estructurales.\" \/>\n<meta name=\"robots\" content=\"index, follow, max-snippet:-1, max-image-preview:large, max-video-preview:-1\" \/>\n<link rel=\"canonical\" href=\"https:\/\/aceweb.cat\/consultors-estructures\/socis-aspirants-estudiants-de-lace\/\" \/>\n<meta property=\"og:locale\" content=\"es_ES\" \/>\n<meta property=\"og:type\" content=\"article\" \/>\n<meta property=\"og:title\" content=\"Socios aspirantes estudiantes de Estructuras | ACE\" \/>\n<meta property=\"og:description\" content=\"Conoce los socios aspirantes estudiantes de la Asociaci\u00f3n de Consultores Estructuras de arquitectos e ingenieros de proyectos estructurales.\" \/>\n<meta property=\"og:url\" content=\"https:\/\/aceweb.cat\/consultors-estructures\/socis-aspirants-estudiants-de-lace\/\" \/>\n<meta property=\"og:site_name\" content=\"aceweb.cat\" \/>\n<meta property=\"article:modified_time\" content=\"2026-04-13T10:29:37+00:00\" \/>\n<meta name=\"twitter:card\" content=\"summary_large_image\" \/>\n<meta name=\"twitter:label1\" content=\"Tiempo de lectura\" \/>\n\t<meta name=\"twitter:data1\" content=\"2 minutos\" \/>\n<script type=\"application\/ld+json\" class=\"yoast-schema-graph\">{\"@context\":\"https:\/\/schema.org\",\"@graph\":[{\"@type\":\"WebPage\",\"@id\":\"https:\/\/aceweb.cat\/consultors-estructures\/socis-aspirants-estudiants-de-lace\/\",\"url\":\"https:\/\/aceweb.cat\/consultors-estructures\/socis-aspirants-estudiants-de-lace\/\",\"name\":\"Socios aspirantes estudiantes de Estructuras | ACE\",\"isPartOf\":{\"@id\":\"https:\/\/aceweb.cat\/#website\"},\"primaryImageOfPage\":{\"@id\":\"https:\/\/aceweb.cat\/consultors-estructures\/socis-aspirants-estudiants-de-lace\/#primaryimage\"},\"image\":{\"@id\":\"https:\/\/aceweb.cat\/consultors-estructures\/socis-aspirants-estudiants-de-lace\/#primaryimage\"},\"thumbnailUrl\":\"https:\/\/aceweb.cat\/wp-content\/uploads\/2022\/10\/logo.svg\",\"datePublished\":\"2022-11-25T13:34:04+00:00\",\"dateModified\":\"2026-04-13T10:29:37+00:00\",\"description\":\"Conoce los socios aspirantes estudiantes de la Asociaci\u00f3n de Consultores Estructuras de arquitectos e ingenieros de proyectos estructurales.\",\"breadcrumb\":{\"@id\":\"https:\/\/aceweb.cat\/consultors-estructures\/socis-aspirants-estudiants-de-lace\/#breadcrumb\"},\"inLanguage\":\"es\",\"potentialAction\":[{\"@type\":\"ReadAction\",\"target\":[\"https:\/\/aceweb.cat\/consultors-estructures\/socis-aspirants-estudiants-de-lace\/\"]}]},{\"@type\":\"ImageObject\",\"inLanguage\":\"es\",\"@id\":\"https:\/\/aceweb.cat\/consultors-estructures\/socis-aspirants-estudiants-de-lace\/#primaryimage\",\"url\":\"https:\/\/aceweb.cat\/wp-content\/uploads\/2022\/10\/logo.svg\",\"contentUrl\":\"https:\/\/aceweb.cat\/wp-content\/uploads\/2022\/10\/logo.svg\"},{\"@type\":\"BreadcrumbList\",\"@id\":\"https:\/\/aceweb.cat\/consultors-estructures\/socis-aspirants-estudiants-de-lace\/#breadcrumb\",\"itemListElement\":[{\"@type\":\"ListItem\",\"position\":1,\"name\":\"Inici\",\"item\":\"https:\/\/aceweb.cat\/\"},{\"@type\":\"ListItem\",\"position\":2,\"name\":\"Consultores de estructuras\",\"item\":\"https:\/\/aceweb.cat\/es\/consultores-de-estructuras\/\"},{\"@type\":\"ListItem\",\"position\":3,\"name\":\"Socios aspirantes estudiantes de la ACE\"}]},{\"@type\":\"WebSite\",\"@id\":\"https:\/\/aceweb.cat\/#website\",\"url\":\"https:\/\/aceweb.cat\/\",\"name\":\"ACE\",\"description\":\"Associaci\u00f3 de Consultors d&#039;Estructures | ACE\",\"publisher\":{\"@id\":\"https:\/\/aceweb.cat\/#organization\"},\"alternateName\":\"ACE\",\"potentialAction\":[{\"@type\":\"SearchAction\",\"target\":{\"@type\":\"EntryPoint\",\"urlTemplate\":\"https:\/\/aceweb.cat\/?s={search_term_string}\"},\"query-input\":{\"@type\":\"PropertyValueSpecification\",\"valueRequired\":true,\"valueName\":\"search_term_string\"}}],\"inLanguage\":\"es\"},{\"@type\":\"Organization\",\"@id\":\"https:\/\/aceweb.cat\/#organization\",\"name\":\"ACE\",\"alternateName\":\"ACE\",\"url\":\"https:\/\/aceweb.cat\/\",\"logo\":{\"@type\":\"ImageObject\",\"inLanguage\":\"es\",\"@id\":\"https:\/\/aceweb.cat\/#\/schema\/logo\/image\/\",\"url\":\"https:\/\/aceweb.cat\/wp-content\/uploads\/2022\/10\/logo.svg\",\"contentUrl\":\"https:\/\/aceweb.cat\/wp-content\/uploads\/2022\/10\/logo.svg\",\"width\":1,\"height\":1,\"caption\":\"ACE\"},\"image\":{\"@id\":\"https:\/\/aceweb.cat\/#\/schema\/logo\/image\/\"}}]}<\/script>\n<!-- \/ Yoast SEO plugin. -->","yoast_head_json":{"title":"Socios aspirantes estudiantes de Estructuras | ACE","description":"Conoce los socios aspirantes estudiantes de la Asociaci\u00f3n de Consultores Estructuras de arquitectos e ingenieros de proyectos estructurales.","robots":{"index":"index","follow":"follow","max-snippet":"max-snippet:-1","max-image-preview":"max-image-preview:large","max-video-preview":"max-video-preview:-1"},"canonical":"https:\/\/aceweb.cat\/consultors-estructures\/socis-aspirants-estudiants-de-lace\/","og_locale":"es_ES","og_type":"article","og_title":"Socios aspirantes estudiantes de Estructuras | ACE","og_description":"Conoce los socios aspirantes estudiantes de la Asociaci\u00f3n de Consultores Estructuras de arquitectos e ingenieros de proyectos estructurales.","og_url":"https:\/\/aceweb.cat\/consultors-estructures\/socis-aspirants-estudiants-de-lace\/","og_site_name":"aceweb.cat","article_modified_time":"2026-04-13T10:29:37+00:00","twitter_card":"summary_large_image","twitter_misc":{"Tiempo de lectura":"2 minutos"},"schema":{"@context":"https:\/\/schema.org","@graph":[{"@type":"WebPage","@id":"https:\/\/aceweb.cat\/consultors-estructures\/socis-aspirants-estudiants-de-lace\/","url":"https:\/\/aceweb.cat\/consultors-estructures\/socis-aspirants-estudiants-de-lace\/","name":"Socios aspirantes estudiantes de Estructuras | ACE","isPartOf":{"@id":"https:\/\/aceweb.cat\/#website"},"primaryImageOfPage":{"@id":"https:\/\/aceweb.cat\/consultors-estructures\/socis-aspirants-estudiants-de-lace\/#primaryimage"},"image":{"@id":"https:\/\/aceweb.cat\/consultors-estructures\/socis-aspirants-estudiants-de-lace\/#primaryimage"},"thumbnailUrl":"https:\/\/aceweb.cat\/wp-content\/uploads\/2022\/10\/logo.svg","datePublished":"2022-11-25T13:34:04+00:00","dateModified":"2026-04-13T10:29:37+00:00","description":"Conoce los socios aspirantes estudiantes de la Asociaci\u00f3n de Consultores Estructuras de arquitectos e ingenieros de proyectos estructurales.","breadcrumb":{"@id":"https:\/\/aceweb.cat\/consultors-estructures\/socis-aspirants-estudiants-de-lace\/#breadcrumb"},"inLanguage":"es","potentialAction":[{"@type":"ReadAction","target":["https:\/\/aceweb.cat\/consultors-estructures\/socis-aspirants-estudiants-de-lace\/"]}]},{"@type":"ImageObject","inLanguage":"es","@id":"https:\/\/aceweb.cat\/consultors-estructures\/socis-aspirants-estudiants-de-lace\/#primaryimage","url":"https:\/\/aceweb.cat\/wp-content\/uploads\/2022\/10\/logo.svg","contentUrl":"https:\/\/aceweb.cat\/wp-content\/uploads\/2022\/10\/logo.svg"},{"@type":"BreadcrumbList","@id":"https:\/\/aceweb.cat\/consultors-estructures\/socis-aspirants-estudiants-de-lace\/#breadcrumb","itemListElement":[{"@type":"ListItem","position":1,"name":"Inici","item":"https:\/\/aceweb.cat\/"},{"@type":"ListItem","position":2,"name":"Consultores de estructuras","item":"https:\/\/aceweb.cat\/es\/consultores-de-estructuras\/"},{"@type":"ListItem","position":3,"name":"Socios aspirantes estudiantes de la ACE"}]},{"@type":"WebSite","@id":"https:\/\/aceweb.cat\/#website","url":"https:\/\/aceweb.cat\/","name":"ACE","description":"Associaci\u00f3 de Consultors d&#039;Estructures | ACE","publisher":{"@id":"https:\/\/aceweb.cat\/#organization"},"alternateName":"ACE","potentialAction":[{"@type":"SearchAction","target":{"@type":"EntryPoint","urlTemplate":"https:\/\/aceweb.cat\/?s={search_term_string}"},"query-input":{"@type":"PropertyValueSpecification","valueRequired":true,"valueName":"search_term_string"}}],"inLanguage":"es"},{"@type":"Organization","@id":"https:\/\/aceweb.cat\/#organization","name":"ACE","alternateName":"ACE","url":"https:\/\/aceweb.cat\/","logo":{"@type":"ImageObject","inLanguage":"es","@id":"https:\/\/aceweb.cat\/#\/schema\/logo\/image\/","url":"https:\/\/aceweb.cat\/wp-content\/uploads\/2022\/10\/logo.svg","contentUrl":"https:\/\/aceweb.cat\/wp-content\/uploads\/2022\/10\/logo.svg","width":1,"height":1,"caption":"ACE"},"image":{"@id":"https:\/\/aceweb.cat\/#\/schema\/logo\/image\/"}}]}},"_links":{"self":[{"href":"https:\/\/aceweb.cat\/es\/wp-json\/wp\/v2\/pages\/38924","targetHints":{"allow":["GET"]}}],"collection":[{"href":"https:\/\/aceweb.cat\/es\/wp-json\/wp\/v2\/pages"}],"about":[{"href":"https:\/\/aceweb.cat\/es\/wp-json\/wp\/v2\/types\/page"}],"author":[{"embeddable":true,"href":"https:\/\/aceweb.cat\/es\/wp-json\/wp\/v2\/users\/339"}],"replies":[{"embeddable":true,"href":"https:\/\/aceweb.cat\/es\/wp-json\/wp\/v2\/comments?post=38924"}],"version-history":[{"count":4,"href":"https:\/\/aceweb.cat\/es\/wp-json\/wp\/v2\/pages\/38924\/revisions"}],"predecessor-version":[{"id":47379,"href":"https:\/\/aceweb.cat\/es\/wp-json\/wp\/v2\/pages\/38924\/revisions\/47379"}],"up":[{"embeddable":true,"href":"https:\/\/aceweb.cat\/es\/wp-json\/wp\/v2\/pages\/38906"}],"wp:featuredmedia":[{"embeddable":true,"href":"https:\/\/aceweb.cat\/es\/wp-json\/wp\/v2\/media\/36259"}],"wp:attachment":[{"href":"https:\/\/aceweb.cat\/es\/wp-json\/wp\/v2\/media?parent=38924"}],"curies":[{"name":"wp","href":"https:\/\/api.w.org\/{rel}","templated":true}]}}