{"id":39349,"date":"2022-10-11T08:21:28","date_gmt":"2022-10-11T08:21:28","guid":{"rendered":"https:\/\/www.aceweb.advertis.es\/recursos\/herramientas-de-calculo-de-geometria-estructural\/"},"modified":"2024-09-30T08:28:50","modified_gmt":"2024-09-30T08:28:50","slug":"herramientas-de-calculo-de-geometria-estructural","status":"publish","type":"page","link":"https:\/\/aceweb.cat\/es\/recursos\/herramientas-de-calculo-de-geometria-estructural\/","title":{"rendered":"Herramientas de c\u00e1lculo de geometr\u00eda estructural"},"content":{"rendered":"\t\t<div data-elementor-type=\"wp-page\" data-elementor-id=\"39349\" class=\"elementor elementor-39349 elementor-6985\" data-elementor-post-type=\"page\">\n\t\t\t\t<div class=\"elementor-element elementor-element-c6f0930 lineas-1 e-flex e-con-boxed e-con e-parent\" data-id=\"c6f0930\" data-element_type=\"container\" data-e-type=\"container\" data-settings=\"{&quot;background_background&quot;:&quot;classic&quot;}\">\n\t\t\t\t\t<div class=\"e-con-inner\">\n\t\t<div class=\"elementor-element elementor-element-c8476b4 e-con-full e-flex e-con e-child\" data-id=\"c8476b4\" data-element_type=\"container\" data-e-type=\"container\">\n\t\t<div class=\"elementor-element elementor-element-52aafb8 e-con-full e-flex e-con e-child\" data-id=\"52aafb8\" data-element_type=\"container\" data-e-type=\"container\">\n\t\t\t\t<div class=\"elementor-element elementor-element-6b71600 elementor-widget elementor-widget-breadcrumbs\" data-id=\"6b71600\" data-element_type=\"widget\" data-e-type=\"widget\" data-widget_type=\"breadcrumbs.default\">\n\t\t\t\t<div class=\"elementor-widget-container\">\n\t\t\t\t\t<p id=\"breadcrumbs\"><span><span><a href=\"https:\/\/aceweb.cat\/\">Inici<\/a><\/span><\/span><\/p>\t\t\t\t<\/div>\n\t\t\t\t<\/div>\n\t\t\t\t<div class=\"elementor-element elementor-element-5475451 elementor-widget__width-initial elementor-widget-mobile__width-inherit elementor-widget elementor-widget-heading\" data-id=\"5475451\" data-element_type=\"widget\" data-e-type=\"widget\" data-widget_type=\"heading.default\">\n\t\t\t\t<div class=\"elementor-widget-container\">\n\t\t\t\t\t<h1 class=\"elementor-heading-title elementor-size-default\">Herramientas de c\u00e1lculo de geometr\u00eda estructural<\/h1>\t\t\t\t<\/div>\n\t\t\t\t<\/div>\n\t\t\t\t<\/div>\n\t\t<div class=\"elementor-element elementor-element-27c85e6 e-con-full e-flex e-con e-child\" data-id=\"27c85e6\" data-element_type=\"container\" data-e-type=\"container\">\n\t\t\t\t<div class=\"elementor-element elementor-element-b0581f3 elementor-widget-mobile__width-inherit elementor-widget elementor-widget-image\" data-id=\"b0581f3\" data-element_type=\"widget\" data-e-type=\"widget\" data-widget_type=\"image.default\">\n\t\t\t\t<div class=\"elementor-widget-container\">\n\t\t\t\t\t\t\t\t\t\t\t\t\t\t\t<img loading=\"lazy\" decoding=\"async\" width=\"1\" height=\"1\" src=\"https:\/\/aceweb.cat\/wp-content\/uploads\/2022\/10\/geometria-videos-blanc.svg\" class=\"attachment-large size-large wp-image-7227\" alt=\"\" \/>\t\t\t\t\t\t\t\t\t\t\t\t\t\t\t<\/div>\n\t\t\t\t<\/div>\n\t\t\t\t<\/div>\n\t\t\t\t<\/div>\n\t\t\t\t\t<\/div>\n\t\t\t\t<\/div>\n\t\t<div class=\"elementor-element elementor-element-d2c4d95 lineas-1 e-flex e-con-boxed e-con e-parent\" data-id=\"d2c4d95\" data-element_type=\"container\" data-e-type=\"container\" data-settings=\"{&quot;background_background&quot;:&quot;classic&quot;}\">\n\t\t\t\t\t<div class=\"e-con-inner\">\n\t\t<div class=\"elementor-element elementor-element-8b9a4a4 e-con-full e-flex e-con e-child\" data-id=\"8b9a4a4\" data-element_type=\"container\" data-e-type=\"container\">\n\t\t<div class=\"elementor-element elementor-element-2b00bcd e-con-full e-flex e-con e-child\" data-id=\"2b00bcd\" data-element_type=\"container\" data-e-type=\"container\">\n\t\t\t\t<div class=\"elementor-element elementor-element-4f3f1c2 elementor-widget elementor-widget-text-editor\" data-id=\"4f3f1c2\" data-element_type=\"widget\" data-e-type=\"widget\" data-widget_type=\"text-editor.default\">\n\t\t\t\t<div class=\"elementor-widget-container\">\n\t\t\t\t\t\t\t\t\t<p>El socio em\u00e9rito <strong>Josep M. Genesc\u00e0 Ramon<\/strong> ha cedido a la ACE unas aplicaciones para compartir con todos nosotros, tambi\u00e9n se adjunta un v\u00eddeo explicativo de cada uno de ellos.<\/p>\n<p>Para acceder a los contenidos es necesario que nos facilite su suscripci\u00f3n a la newsletter antes de iniciar la descarga de los archivos editables.<\/p>\n\t\t\t\t\t\t\t\t<\/div>\n\t\t\t\t<\/div>\n\t\t\t\t<\/div>\n\t\t<div class=\"elementor-element elementor-element-068572a e-con-full e-flex e-con e-child\" data-id=\"068572a\" data-element_type=\"container\" data-e-type=\"container\">\n\t\t\t\t<\/div>\n\t\t\t\t<\/div>\n\t\t\t\t\t<\/div>\n\t\t\t\t<\/div>\n\t\t<div class=\"elementor-element elementor-element-11fa3b9 e-flex e-con-boxed e-con e-parent\" data-id=\"11fa3b9\" data-element_type=\"container\" data-e-type=\"container\">\n\t\t\t\t\t<div class=\"e-con-inner\">\n\t\t\t\t<div class=\"elementor-element elementor-element-2ba57b2 elementor-grid-2 elementor-posts--thumbnail-top elementor-grid-tablet-2 elementor-grid-mobile-1 elementor-widget elementor-widget-posts\" data-id=\"2ba57b2\" data-element_type=\"widget\" data-e-type=\"widget\" data-settings=\"{&quot;custom_columns&quot;:&quot;2&quot;,&quot;custom_columns_tablet&quot;:&quot;2&quot;,&quot;custom_columns_mobile&quot;:&quot;1&quot;,&quot;custom_row_gap&quot;:{&quot;unit&quot;:&quot;px&quot;,&quot;size&quot;:35,&quot;sizes&quot;:[]},&quot;custom_row_gap_widescreen&quot;:{&quot;unit&quot;:&quot;px&quot;,&quot;size&quot;:&quot;&quot;,&quot;sizes&quot;:[]},&quot;custom_row_gap_laptop&quot;:{&quot;unit&quot;:&quot;px&quot;,&quot;size&quot;:&quot;&quot;,&quot;sizes&quot;:[]},&quot;custom_row_gap_tablet_extra&quot;:{&quot;unit&quot;:&quot;px&quot;,&quot;size&quot;:&quot;&quot;,&quot;sizes&quot;:[]},&quot;custom_row_gap_tablet&quot;:{&quot;unit&quot;:&quot;px&quot;,&quot;size&quot;:&quot;&quot;,&quot;sizes&quot;:[]},&quot;custom_row_gap_mobile&quot;:{&quot;unit&quot;:&quot;px&quot;,&quot;size&quot;:&quot;&quot;,&quot;sizes&quot;:[]}}\" data-widget_type=\"posts.custom\">\n\t\t\t\t<div class=\"elementor-widget-container\">\n\t\t\t\t\t      <div class=\"ecs-posts elementor-posts-container elementor-posts   elementor-grid elementor-posts--skin-custom\" data-settings=\"{&quot;current_page&quot;:1,&quot;max_num_pages&quot;:0,&quot;load_method&quot;:&quot;numbers_and_prev_next&quot;,&quot;widget_id&quot;:&quot;2ba57b2&quot;,&quot;post_id&quot;:39349,&quot;theme_id&quot;:39349,&quot;change_url&quot;:false,&quot;reinit_js&quot;:false}\">\n      <div class=\"elementor-posts-nothing-found\"><\/div>\t\t<\/div>\n\t\t\t\t\t\t<\/div>\n\t\t\t\t<\/div>\n\t\t\t\t\t<\/div>\n\t\t\t\t<\/div>\n\t\t<div class=\"elementor-element elementor-element-c04a2ec e-flex e-con-boxed e-con e-parent\" data-id=\"c04a2ec\" data-element_type=\"container\" data-e-type=\"container\">\n\t\t\t\t\t<div class=\"e-con-inner\">\n\t\t\t\t<div class=\"elementor-element elementor-element-e4d68a7 elementor-widget__width-initial elementor-widget elementor-widget-template\" data-id=\"e4d68a7\" data-element_type=\"widget\" data-e-type=\"widget\" data-widget_type=\"template.default\">\n\t\t\t\t<div class=\"elementor-widget-container\">\n\t\t\t\t\t\t\t<div class=\"elementor-template\">\n\t\t\t\t\t<div data-elementor-type=\"section\" data-elementor-id=\"39139\" class=\"elementor elementor-39139 elementor-4128\" data-elementor-post-type=\"elementor_library\">\n\t\t\t<div class=\"elementor-element elementor-element-8216c32 e-con-full e-flex e-con e-parent\" data-id=\"8216c32\" data-element_type=\"container\" data-e-type=\"container\" data-settings=\"{&quot;background_background&quot;:&quot;classic&quot;}\">\n\t\t<div class=\"elementor-element elementor-element-0248595 e-con-full e-flex e-con e-parent\" data-id=\"0248595\" data-element_type=\"container\" data-e-type=\"container\">\n\t\t<div class=\"elementor-element elementor-element-e90f56d e-con-full e-flex e-con e-parent\" data-id=\"e90f56d\" data-element_type=\"container\" data-e-type=\"container\">\n\t\t\t\t<div class=\"elementor-element elementor-element-ba732a5 elementor-widget-tablet__width-initial elementor-widget elementor-widget-heading\" data-id=\"ba732a5\" data-element_type=\"widget\" data-e-type=\"widget\" data-widget_type=\"heading.default\">\n\t\t\t\t<div class=\"elementor-widget-container\">\n\t\t\t\t\t<h2 class=\"elementor-heading-title elementor-size-default\"><a href=\"\/es\/como-asociarse\/\"><span style=\"text-decoration:underline\">As\u00f3ciate a la ACE<\/span> y descubre todo el soporte que ofrecemos a los consultores de estructuras<\/a><\/h2>\t\t\t\t<\/div>\n\t\t\t\t<\/div>\n\t\t\t\t<div class=\"elementor-element elementor-element-0e1637b elementor-icon-list--layout-inline elementor-list-item-link-inline estilo-pastilla elementor-widget elementor-widget-icon-list\" data-id=\"0e1637b\" data-element_type=\"widget\" data-e-type=\"widget\" data-widget_type=\"icon-list.default\">\n\t\t\t\t<div class=\"elementor-widget-container\">\n\t\t\t\t\t\t\t<ul class=\"elementor-icon-list-items elementor-inline-items\">\n\t\t\t\t\t\t\t<li class=\"elementor-icon-list-item elementor-inline-item\">\n\t\t\t\t\t\t\t\t\t\t\t<a href=\"\/es\/categoria\/formacion\/\">\n\n\t\t\t\t\t\t\t\t\t\t\t<span class=\"elementor-icon-list-text\">Formaci\u00f3n<\/span>\n\t\t\t\t\t\t\t\t\t\t\t<\/a>\n\t\t\t\t\t\t\t\t\t<\/li>\n\t\t\t\t\t\t\t\t<li class=\"elementor-icon-list-item elementor-inline-item\">\n\t\t\t\t\t\t\t\t\t\t\t<a href=\"\/es\/publicaciones\/\">\n\n\t\t\t\t\t\t\t\t\t\t\t<span class=\"elementor-icon-list-text\">Publicaciones<\/span>\n\t\t\t\t\t\t\t\t\t\t\t<\/a>\n\t\t\t\t\t\t\t\t\t<\/li>\n\t\t\t\t\t\t\t\t<li class=\"elementor-icon-list-item elementor-inline-item\">\n\t\t\t\t\t\t\t\t\t\t\t<a href=\"\/es\/recursos\/\">\n\n\t\t\t\t\t\t\t\t\t\t\t<span class=\"elementor-icon-list-text\">Recursos<\/span>\n\t\t\t\t\t\t\t\t\t\t\t<\/a>\n\t\t\t\t\t\t\t\t\t<\/li>\n\t\t\t\t\t\t\t\t<li class=\"elementor-icon-list-item elementor-inline-item\">\n\t\t\t\t\t\t\t\t\t\t\t<a href=\"\/es\/tienda\/\">\n\n\t\t\t\t\t\t\t\t\t\t\t<span class=\"elementor-icon-list-text\">Tienda<\/span>\n\t\t\t\t\t\t\t\t\t\t\t<\/a>\n\t\t\t\t\t\t\t\t\t<\/li>\n\t\t\t\t\t\t<\/ul>\n\t\t\t\t\t\t<\/div>\n\t\t\t\t<\/div>\n\t\t\t\t<\/div>\n\t\t<div class=\"elementor-element elementor-element-98958b4 e-con-full e-flex e-con e-parent\" data-id=\"98958b4\" data-element_type=\"container\" data-e-type=\"container\">\n\t\t\t\t<div class=\"elementor-element elementor-element-b3323cf elementor-widget elementor-widget-image\" data-id=\"b3323cf\" data-element_type=\"widget\" data-e-type=\"widget\" data-widget_type=\"image.default\">\n\t\t\t\t<div class=\"elementor-widget-container\">\n\t\t\t\t\t\t\t\t\t\t\t\t\t\t\t<img loading=\"lazy\" decoding=\"async\" width=\"500\" height=\"434\" src=\"https:\/\/aceweb.cat\/wp-content\/uploads\/2022\/09\/ace-animat.gif\" class=\"attachment-large size-large wp-image-36171\" alt=\"\" \/>\t\t\t\t\t\t\t\t\t\t\t\t\t\t\t<\/div>\n\t\t\t\t<\/div>\n\t\t\t\t<\/div>\n\t\t\t\t<\/div>\n\t\t\t\t<\/div>\n\t\t\t\t<\/div>\n\t\t\t\t<\/div>\n\t\t\t\t\t\t<\/div>\n\t\t\t\t<\/div>\n\t\t<div class=\"elementor-element elementor-element-942e616 e-con-full e-flex e-con e-child\" data-id=\"942e616\" data-element_type=\"container\" data-e-type=\"container\">\n\t\t\t\t<div class=\"elementor-element elementor-element-9a49b9d anunci elementor-widget elementor-widget-image\" data-id=\"9a49b9d\" data-element_type=\"widget\" data-e-type=\"widget\" data-widget_type=\"image.default\">\n\t\t\t\t<div class=\"elementor-widget-container\">\n\t\t\t\t\t\t\t\t\t\t\t\t<figure class=\"wp-caption\">\n\t\t\t\t\t\t\t\t\t\t<img loading=\"lazy\" decoding=\"async\" width=\"900\" height=\"900\" src=\"https:\/\/aceweb.cat\/wp-content\/uploads\/2023\/03\/espacio-promocional-cat-1.jpg\" class=\"attachment-full size-full wp-image-41082\" alt=\"\" srcset=\"https:\/\/aceweb.cat\/wp-content\/uploads\/2023\/03\/espacio-promocional-cat-1.jpg 900w, https:\/\/aceweb.cat\/wp-content\/uploads\/2023\/03\/espacio-promocional-cat-1-300x300.jpg 300w, https:\/\/aceweb.cat\/wp-content\/uploads\/2023\/03\/espacio-promocional-cat-1-150x150.jpg 150w, https:\/\/aceweb.cat\/wp-content\/uploads\/2023\/03\/espacio-promocional-cat-1-768x768.jpg 768w, https:\/\/aceweb.cat\/wp-content\/uploads\/2023\/03\/espacio-promocional-cat-1-600x600.jpg 600w, https:\/\/aceweb.cat\/wp-content\/uploads\/2023\/03\/espacio-promocional-cat-1-100x100.jpg 100w\" sizes=\"auto, (max-width: 900px) 100vw, 900px\" \/>\t\t\t\t\t\t\t\t\t\t\t<figcaption class=\"widget-image-caption wp-caption-text\">Publicidad<\/figcaption>\n\t\t\t\t\t\t\t\t\t\t<\/figure>\n\t\t\t\t\t\t\t\t\t<\/div>\n\t\t\t\t<\/div>\n\t\t\t\t<\/div>\n\t\t\t\t\t<\/div>\n\t\t\t\t<\/div>\n\t\t\t\t<\/div>\n\t\t","protected":false},"excerpt":{"rendered":"<p>Herramientas de c\u00e1lculo de geometr\u00eda estructural El socio em\u00e9rito Josep M. Genesc\u00e0 Ramon ha cedido a la ACE unas aplicaciones para compartir con todos nosotros, tambi\u00e9n se adjunta un v\u00eddeo explicativo de cada uno de ellos. Para acceder a los contenidos es necesario que nos facilite su suscripci\u00f3n a la newsletter antes de iniciar la &hellip;<\/p>\n<p class=\"read-more\"> <a class=\"\" href=\"https:\/\/aceweb.cat\/es\/recursos\/herramientas-de-calculo-de-geometria-estructural\/\"> <span class=\"screen-reader-text\">Herramientas de c\u00e1lculo de geometr\u00eda estructural<\/span> Leer m\u00e1s &raquo;<\/a><\/p>\n","protected":false},"author":339,"featured_media":36259,"parent":39331,"menu_order":0,"comment_status":"closed","ping_status":"closed","template":"","meta":{"_acf_changed":false,"site-sidebar-layout":"no-sidebar","site-content-layout":"page-builder","ast-global-header-display":"","ast-main-header-display":"","ast-hfb-above-header-display":"","ast-hfb-below-header-display":"","ast-hfb-mobile-header-display":"","site-post-title":"disabled","ast-breadcrumbs-content":"","ast-featured-img":"disabled","footer-sml-layout":"","theme-transparent-header-meta":"","adv-header-id-meta":"","stick-header-meta":"","header-above-stick-meta":"","header-main-stick-meta":"","header-below-stick-meta":"","footnotes":""},"class_list":["post-39349","page","type-page","status-publish","has-post-thumbnail","hentry"],"acf":[],"yoast_head":"<!-- This site is optimized with the Yoast SEO plugin v27.1.1 - https:\/\/yoast.com\/product\/yoast-seo-wordpress\/ -->\n<title>Herramientas de c\u00e1lculo de geometr\u00eda estructural | ACE<\/title>\n<meta name=\"description\" content=\"El socio em\u00e9rito JM. Genesc\u00e0 ha cedido a la ACE unas aplicaciones para compartir. Tambi\u00e9n se adjunta un v\u00eddeo explicativo.\" \/>\n<meta name=\"robots\" content=\"index, follow, max-snippet:-1, max-image-preview:large, max-video-preview:-1\" \/>\n<link rel=\"canonical\" href=\"https:\/\/aceweb.cat\/recursos\/eines-de-cacul-de-geometria-estructural\/\" \/>\n<meta property=\"og:locale\" content=\"es_ES\" \/>\n<meta property=\"og:type\" content=\"article\" \/>\n<meta property=\"og:title\" content=\"Herramientas de c\u00e1lculo de geometr\u00eda estructural | ACE\" \/>\n<meta property=\"og:description\" content=\"El socio em\u00e9rito JM. Genesc\u00e0 ha cedido a la ACE unas aplicaciones para compartir. Tambi\u00e9n se adjunta un v\u00eddeo explicativo.\" \/>\n<meta property=\"og:url\" content=\"https:\/\/aceweb.cat\/recursos\/eines-de-cacul-de-geometria-estructural\/\" \/>\n<meta property=\"og:site_name\" content=\"aceweb.cat\" \/>\n<meta property=\"article:modified_time\" content=\"2024-09-30T08:28:50+00:00\" \/>\n<meta name=\"twitter:card\" content=\"summary_large_image\" \/>\n<meta name=\"twitter:label1\" content=\"Tiempo de lectura\" \/>\n\t<meta name=\"twitter:data1\" content=\"2 minutos\" \/>\n<script type=\"application\/ld+json\" class=\"yoast-schema-graph\">{\"@context\":\"https:\/\/schema.org\",\"@graph\":[{\"@type\":\"WebPage\",\"@id\":\"https:\/\/aceweb.cat\/recursos\/eines-de-cacul-de-geometria-estructural\/\",\"url\":\"https:\/\/aceweb.cat\/recursos\/eines-de-cacul-de-geometria-estructural\/\",\"name\":\"Herramientas de c\u00e1lculo de geometr\u00eda estructural | ACE\",\"isPartOf\":{\"@id\":\"https:\/\/aceweb.cat\/#website\"},\"primaryImageOfPage\":{\"@id\":\"https:\/\/aceweb.cat\/recursos\/eines-de-cacul-de-geometria-estructural\/#primaryimage\"},\"image\":{\"@id\":\"https:\/\/aceweb.cat\/recursos\/eines-de-cacul-de-geometria-estructural\/#primaryimage\"},\"thumbnailUrl\":\"https:\/\/aceweb.cat\/wp-content\/uploads\/2022\/10\/logo.svg\",\"datePublished\":\"2022-10-11T08:21:28+00:00\",\"dateModified\":\"2024-09-30T08:28:50+00:00\",\"description\":\"El socio em\u00e9rito JM. Genesc\u00e0 ha cedido a la ACE unas aplicaciones para compartir. Tambi\u00e9n se adjunta un v\u00eddeo explicativo.\",\"breadcrumb\":{\"@id\":\"https:\/\/aceweb.cat\/recursos\/eines-de-cacul-de-geometria-estructural\/#breadcrumb\"},\"inLanguage\":\"es\",\"potentialAction\":[{\"@type\":\"ReadAction\",\"target\":[\"https:\/\/aceweb.cat\/recursos\/eines-de-cacul-de-geometria-estructural\/\"]}]},{\"@type\":\"ImageObject\",\"inLanguage\":\"es\",\"@id\":\"https:\/\/aceweb.cat\/recursos\/eines-de-cacul-de-geometria-estructural\/#primaryimage\",\"url\":\"https:\/\/aceweb.cat\/wp-content\/uploads\/2022\/10\/logo.svg\",\"contentUrl\":\"https:\/\/aceweb.cat\/wp-content\/uploads\/2022\/10\/logo.svg\"},{\"@type\":\"BreadcrumbList\",\"@id\":\"https:\/\/aceweb.cat\/recursos\/eines-de-cacul-de-geometria-estructural\/#breadcrumb\",\"itemListElement\":[{\"@type\":\"ListItem\",\"position\":1,\"name\":\"Inici\",\"item\":\"https:\/\/aceweb.cat\/\"},{\"@type\":\"ListItem\",\"position\":2,\"name\":\"Recursos\",\"item\":\"https:\/\/aceweb.cat\/recursos\/\"},{\"@type\":\"ListItem\",\"position\":3,\"name\":\"Herramientas de c\u00e1lculo de geometr\u00eda estructural\"}]},{\"@type\":\"WebSite\",\"@id\":\"https:\/\/aceweb.cat\/#website\",\"url\":\"https:\/\/aceweb.cat\/\",\"name\":\"ACE\",\"description\":\"Associaci\u00f3 de Consultors d&#039;Estructures | ACE\",\"publisher\":{\"@id\":\"https:\/\/aceweb.cat\/#organization\"},\"alternateName\":\"ACE\",\"potentialAction\":[{\"@type\":\"SearchAction\",\"target\":{\"@type\":\"EntryPoint\",\"urlTemplate\":\"https:\/\/aceweb.cat\/?s={search_term_string}\"},\"query-input\":{\"@type\":\"PropertyValueSpecification\",\"valueRequired\":true,\"valueName\":\"search_term_string\"}}],\"inLanguage\":\"es\"},{\"@type\":\"Organization\",\"@id\":\"https:\/\/aceweb.cat\/#organization\",\"name\":\"ACE\",\"alternateName\":\"ACE\",\"url\":\"https:\/\/aceweb.cat\/\",\"logo\":{\"@type\":\"ImageObject\",\"inLanguage\":\"es\",\"@id\":\"https:\/\/aceweb.cat\/#\/schema\/logo\/image\/\",\"url\":\"https:\/\/aceweb.cat\/wp-content\/uploads\/2022\/10\/logo.svg\",\"contentUrl\":\"https:\/\/aceweb.cat\/wp-content\/uploads\/2022\/10\/logo.svg\",\"width\":1,\"height\":1,\"caption\":\"ACE\"},\"image\":{\"@id\":\"https:\/\/aceweb.cat\/#\/schema\/logo\/image\/\"}}]}<\/script>\n<!-- \/ Yoast SEO plugin. -->","yoast_head_json":{"title":"Herramientas de c\u00e1lculo de geometr\u00eda estructural | ACE","description":"El socio em\u00e9rito JM. Genesc\u00e0 ha cedido a la ACE unas aplicaciones para compartir. Tambi\u00e9n se adjunta un v\u00eddeo explicativo.","robots":{"index":"index","follow":"follow","max-snippet":"max-snippet:-1","max-image-preview":"max-image-preview:large","max-video-preview":"max-video-preview:-1"},"canonical":"https:\/\/aceweb.cat\/recursos\/eines-de-cacul-de-geometria-estructural\/","og_locale":"es_ES","og_type":"article","og_title":"Herramientas de c\u00e1lculo de geometr\u00eda estructural | ACE","og_description":"El socio em\u00e9rito JM. Genesc\u00e0 ha cedido a la ACE unas aplicaciones para compartir. Tambi\u00e9n se adjunta un v\u00eddeo explicativo.","og_url":"https:\/\/aceweb.cat\/recursos\/eines-de-cacul-de-geometria-estructural\/","og_site_name":"aceweb.cat","article_modified_time":"2024-09-30T08:28:50+00:00","twitter_card":"summary_large_image","twitter_misc":{"Tiempo de lectura":"2 minutos"},"schema":{"@context":"https:\/\/schema.org","@graph":[{"@type":"WebPage","@id":"https:\/\/aceweb.cat\/recursos\/eines-de-cacul-de-geometria-estructural\/","url":"https:\/\/aceweb.cat\/recursos\/eines-de-cacul-de-geometria-estructural\/","name":"Herramientas de c\u00e1lculo de geometr\u00eda estructural | ACE","isPartOf":{"@id":"https:\/\/aceweb.cat\/#website"},"primaryImageOfPage":{"@id":"https:\/\/aceweb.cat\/recursos\/eines-de-cacul-de-geometria-estructural\/#primaryimage"},"image":{"@id":"https:\/\/aceweb.cat\/recursos\/eines-de-cacul-de-geometria-estructural\/#primaryimage"},"thumbnailUrl":"https:\/\/aceweb.cat\/wp-content\/uploads\/2022\/10\/logo.svg","datePublished":"2022-10-11T08:21:28+00:00","dateModified":"2024-09-30T08:28:50+00:00","description":"El socio em\u00e9rito JM. Genesc\u00e0 ha cedido a la ACE unas aplicaciones para compartir. Tambi\u00e9n se adjunta un v\u00eddeo explicativo.","breadcrumb":{"@id":"https:\/\/aceweb.cat\/recursos\/eines-de-cacul-de-geometria-estructural\/#breadcrumb"},"inLanguage":"es","potentialAction":[{"@type":"ReadAction","target":["https:\/\/aceweb.cat\/recursos\/eines-de-cacul-de-geometria-estructural\/"]}]},{"@type":"ImageObject","inLanguage":"es","@id":"https:\/\/aceweb.cat\/recursos\/eines-de-cacul-de-geometria-estructural\/#primaryimage","url":"https:\/\/aceweb.cat\/wp-content\/uploads\/2022\/10\/logo.svg","contentUrl":"https:\/\/aceweb.cat\/wp-content\/uploads\/2022\/10\/logo.svg"},{"@type":"BreadcrumbList","@id":"https:\/\/aceweb.cat\/recursos\/eines-de-cacul-de-geometria-estructural\/#breadcrumb","itemListElement":[{"@type":"ListItem","position":1,"name":"Inici","item":"https:\/\/aceweb.cat\/"},{"@type":"ListItem","position":2,"name":"Recursos","item":"https:\/\/aceweb.cat\/recursos\/"},{"@type":"ListItem","position":3,"name":"Herramientas de c\u00e1lculo de geometr\u00eda estructural"}]},{"@type":"WebSite","@id":"https:\/\/aceweb.cat\/#website","url":"https:\/\/aceweb.cat\/","name":"ACE","description":"Associaci\u00f3 de Consultors d&#039;Estructures | ACE","publisher":{"@id":"https:\/\/aceweb.cat\/#organization"},"alternateName":"ACE","potentialAction":[{"@type":"SearchAction","target":{"@type":"EntryPoint","urlTemplate":"https:\/\/aceweb.cat\/?s={search_term_string}"},"query-input":{"@type":"PropertyValueSpecification","valueRequired":true,"valueName":"search_term_string"}}],"inLanguage":"es"},{"@type":"Organization","@id":"https:\/\/aceweb.cat\/#organization","name":"ACE","alternateName":"ACE","url":"https:\/\/aceweb.cat\/","logo":{"@type":"ImageObject","inLanguage":"es","@id":"https:\/\/aceweb.cat\/#\/schema\/logo\/image\/","url":"https:\/\/aceweb.cat\/wp-content\/uploads\/2022\/10\/logo.svg","contentUrl":"https:\/\/aceweb.cat\/wp-content\/uploads\/2022\/10\/logo.svg","width":1,"height":1,"caption":"ACE"},"image":{"@id":"https:\/\/aceweb.cat\/#\/schema\/logo\/image\/"}}]}},"_links":{"self":[{"href":"https:\/\/aceweb.cat\/es\/wp-json\/wp\/v2\/pages\/39349","targetHints":{"allow":["GET"]}}],"collection":[{"href":"https:\/\/aceweb.cat\/es\/wp-json\/wp\/v2\/pages"}],"about":[{"href":"https:\/\/aceweb.cat\/es\/wp-json\/wp\/v2\/types\/page"}],"author":[{"embeddable":true,"href":"https:\/\/aceweb.cat\/es\/wp-json\/wp\/v2\/users\/339"}],"replies":[{"embeddable":true,"href":"https:\/\/aceweb.cat\/es\/wp-json\/wp\/v2\/comments?post=39349"}],"version-history":[{"count":4,"href":"https:\/\/aceweb.cat\/es\/wp-json\/wp\/v2\/pages\/39349\/revisions"}],"predecessor-version":[{"id":45325,"href":"https:\/\/aceweb.cat\/es\/wp-json\/wp\/v2\/pages\/39349\/revisions\/45325"}],"up":[{"embeddable":true,"href":"https:\/\/aceweb.cat\/es\/wp-json\/wp\/v2\/pages\/39331"}],"wp:featuredmedia":[{"embeddable":true,"href":"https:\/\/aceweb.cat\/es\/wp-json\/wp\/v2\/media\/36259"}],"wp:attachment":[{"href":"https:\/\/aceweb.cat\/es\/wp-json\/wp\/v2\/media?parent=39349"}],"curies":[{"name":"wp","href":"https:\/\/api.w.org\/{rel}","templated":true}]}}