{"id":39352,"date":"2022-10-11T14:39:39","date_gmt":"2022-10-11T14:39:39","guid":{"rendered":"https:\/\/www.aceweb.advertis.es\/recursos\/placa-ranurada-manual-de-diseno-y-calculo\/"},"modified":"2024-09-30T08:35:55","modified_gmt":"2024-09-30T08:35:55","slug":"placa-ranurada-manual-de-diseno-y-calculo","status":"publish","type":"page","link":"https:\/\/aceweb.cat\/es\/recursos\/placa-ranurada-manual-de-diseno-y-calculo\/","title":{"rendered":"Placa ranurada: Manual de dise\u00f1o y c\u00e1lculo"},"content":{"rendered":"\t\t<div data-elementor-type=\"wp-page\" data-elementor-id=\"39352\" class=\"elementor elementor-39352 elementor-7441\" data-elementor-post-type=\"page\">\n\t\t\t\t<div class=\"elementor-element elementor-element-c6f0930 lineas-1 e-flex e-con-boxed e-con e-parent\" data-id=\"c6f0930\" data-element_type=\"container\" data-e-type=\"container\" data-settings=\"{&quot;background_background&quot;:&quot;classic&quot;}\">\n\t\t\t\t\t<div class=\"e-con-inner\">\n\t\t<div class=\"elementor-element elementor-element-c8476b4 e-con-full e-flex e-con e-parent\" data-id=\"c8476b4\" data-element_type=\"container\" data-e-type=\"container\">\n\t\t<div class=\"elementor-element elementor-element-52aafb8 e-con-full e-flex e-con e-parent\" data-id=\"52aafb8\" data-element_type=\"container\" data-e-type=\"container\">\n\t\t\t\t<div class=\"elementor-element elementor-element-6b71600 elementor-widget elementor-widget-breadcrumbs\" data-id=\"6b71600\" data-element_type=\"widget\" data-e-type=\"widget\" data-widget_type=\"breadcrumbs.default\">\n\t\t\t\t<div class=\"elementor-widget-container\">\n\t\t\t\t\t<p id=\"breadcrumbs\"><span><span><a href=\"https:\/\/aceweb.cat\/\">Inici<\/a><\/span><\/span><\/p>\t\t\t\t<\/div>\n\t\t\t\t<\/div>\n\t\t\t\t<div class=\"elementor-element elementor-element-5475451 elementor-widget__width-initial elementor-widget-mobile__width-inherit elementor-widget elementor-widget-heading\" data-id=\"5475451\" data-element_type=\"widget\" data-e-type=\"widget\" data-widget_type=\"heading.default\">\n\t\t\t\t<div class=\"elementor-widget-container\">\n\t\t\t\t\t<h1 class=\"elementor-heading-title elementor-size-default\">Placa ranurada: Manual de dise\u00f1o y c\u00e1lculo<\/h1>\t\t\t\t<\/div>\n\t\t\t\t<\/div>\n\t\t\t\t<\/div>\n\t\t<div class=\"elementor-element elementor-element-27c85e6 e-con-full e-flex e-con e-parent\" data-id=\"27c85e6\" data-element_type=\"container\" data-e-type=\"container\">\n\t\t\t\t<div class=\"elementor-element elementor-element-b0581f3 elementor-widget-mobile__width-inherit elementor-widget elementor-widget-image\" data-id=\"b0581f3\" data-element_type=\"widget\" data-e-type=\"widget\" data-widget_type=\"image.default\">\n\t\t\t\t<div class=\"elementor-widget-container\">\n\t\t\t\t\t\t\t\t\t\t\t\t\t\t\t<img loading=\"lazy\" decoding=\"async\" width=\"74\" height=\"114\" src=\"https:\/\/aceweb.cat\/wp-content\/uploads\/2022\/10\/placa-ranurada-blanc.svg\" class=\"attachment-large size-large wp-image-7451\" alt=\"\" \/>\t\t\t\t\t\t\t\t\t\t\t\t\t\t\t<\/div>\n\t\t\t\t<\/div>\n\t\t\t\t<\/div>\n\t\t\t\t<\/div>\n\t\t\t\t\t<\/div>\n\t\t\t\t<\/div>\n\t\t<div class=\"elementor-element elementor-element-d2c4d95 lineas-1 e-flex e-con-boxed e-con e-parent\" data-id=\"d2c4d95\" data-element_type=\"container\" data-e-type=\"container\" data-settings=\"{&quot;background_background&quot;:&quot;classic&quot;}\">\n\t\t\t\t\t<div class=\"e-con-inner\">\n\t\t<div class=\"elementor-element elementor-element-8b9a4a4 e-con-full e-flex e-con e-parent\" data-id=\"8b9a4a4\" data-element_type=\"container\" data-e-type=\"container\">\n\t\t<div class=\"elementor-element elementor-element-2b00bcd e-con-full e-flex e-con e-parent\" data-id=\"2b00bcd\" data-element_type=\"container\" data-e-type=\"container\">\n\t\t\t\t<div class=\"elementor-element elementor-element-4f3f1c2 elementor-widget elementor-widget-text-editor\" data-id=\"4f3f1c2\" data-element_type=\"widget\" data-e-type=\"widget\" data-widget_type=\"text-editor.default\">\n\t\t\t\t<div class=\"elementor-widget-container\">\n\t\t\t\t\t\t\t\t\t<p>Documento en formato pdf del manual de dise\u00f1o y c\u00e1lculo de placa ranurada.<br \/>\nEste documento ha sido editado por <strong>Marc Sanabra Loewe<\/strong>.<\/p>\n<p>Desde las sesiones en los \u201c<strong><a href=\"\/es\/categoria\/formacion\/jornadas\/dijous-a-lace-es\/\">Dijous a l\u2019ACE<\/a><\/strong>\u201d sobre placa ranurada se ha editado un manual de dise\u00f1o y c\u00e1lculo.<\/p>\n<p>Para acceder a los contenidos es necesario registrarse en la newsletter especializada por consultores de estructuras donde se ofrece informaci\u00f3n del sector, cursos recomendados, jornadas formativas y todas las novedades vinculadas al c\u00e1lculo de estructuras.\u00bb<\/p>\n\t\t\t\t\t\t\t\t<\/div>\n\t\t\t\t<\/div>\n\t\t\t\t<\/div>\n\t\t<div class=\"elementor-element elementor-element-068572a e-con-full e-flex e-con e-parent\" data-id=\"068572a\" data-element_type=\"container\" data-e-type=\"container\" data-settings=\"{&quot;background_background&quot;:&quot;classic&quot;}\">\n\t\t\t\t<div class=\"elementor-element elementor-element-b26f370 elementor-widget elementor-widget-heading\" data-id=\"b26f370\" data-element_type=\"widget\" data-e-type=\"widget\" data-widget_type=\"heading.default\">\n\t\t\t\t<div class=\"elementor-widget-container\">\n\t\t\t\t\t<h2 class=\"elementor-heading-title elementor-size-default\">\u00danete a las jornadas informativas sobre estructuras<\/h2>\t\t\t\t<\/div>\n\t\t\t\t<\/div>\n\t\t\t\t<div class=\"elementor-element elementor-element-6d4cbfd elementor-widget elementor-widget-text-editor\" data-id=\"6d4cbfd\" data-element_type=\"widget\" data-e-type=\"widget\" data-widget_type=\"text-editor.default\">\n\t\t\t\t<div class=\"elementor-widget-container\">\n\t\t\t\t\t\t\t\t\t<p>Desde las sesiones en los \u201c<strong>Dijous a l\u2019ACE<\/strong>\u201d sobre placa ranurada se ha editado un manual de dise\u00f1o y c\u00e1lculo.<\/p>\n\t\t\t\t\t\t\t\t<\/div>\n\t\t\t\t<\/div>\n\t\t\t\t<div class=\"elementor-element elementor-element-9a71cbc elementor-widget elementor-widget-button\" data-id=\"9a71cbc\" data-element_type=\"widget\" data-e-type=\"widget\" data-widget_type=\"button.default\">\n\t\t\t\t<div class=\"elementor-widget-container\">\n\t\t\t\t\t\t\t\t\t<div class=\"elementor-button-wrapper\">\n\t\t\t\t\t<a class=\"elementor-button elementor-button-link elementor-size-sm\" href=\"https:\/\/aceweb.cat\/es\/categoria\/formacion\/jornadas\/dijous-a-lace-es\/\">\n\t\t\t\t\t\t<span class=\"elementor-button-content-wrapper\">\n\t\t\t\t\t\t\t\t\t<span class=\"elementor-button-text\">Unirme<\/span>\n\t\t\t\t\t<\/span>\n\t\t\t\t\t<\/a>\n\t\t\t\t<\/div>\n\t\t\t\t\t\t\t\t<\/div>\n\t\t\t\t<\/div>\n\t\t\t\t<\/div>\n\t\t\t\t<\/div>\n\t\t\t\t\t<\/div>\n\t\t\t\t<\/div>\n\t\t<div class=\"elementor-element elementor-element-11fa3b9 e-flex e-con-boxed e-con e-parent\" data-id=\"11fa3b9\" data-element_type=\"container\" data-e-type=\"container\">\n\t\t\t\t\t<div class=\"e-con-inner\">\n\t\t\t\t<div class=\"elementor-element elementor-element-2ba57b2 elementor-widget__width-inherit elementor-grid-tablet_extra-2 elementor-posts--thumbnail-top elementor-grid-3 elementor-grid-tablet-2 elementor-grid-mobile-1 elementor-widget elementor-widget-posts\" data-id=\"2ba57b2\" data-element_type=\"widget\" data-e-type=\"widget\" data-settings=\"{&quot;custom_columns_tablet_extra&quot;:&quot;2&quot;,&quot;custom_columns&quot;:&quot;3&quot;,&quot;custom_columns_tablet&quot;:&quot;2&quot;,&quot;custom_columns_mobile&quot;:&quot;1&quot;,&quot;custom_row_gap&quot;:{&quot;unit&quot;:&quot;px&quot;,&quot;size&quot;:35,&quot;sizes&quot;:[]},&quot;custom_row_gap_widescreen&quot;:{&quot;unit&quot;:&quot;px&quot;,&quot;size&quot;:&quot;&quot;,&quot;sizes&quot;:[]},&quot;custom_row_gap_laptop&quot;:{&quot;unit&quot;:&quot;px&quot;,&quot;size&quot;:&quot;&quot;,&quot;sizes&quot;:[]},&quot;custom_row_gap_tablet_extra&quot;:{&quot;unit&quot;:&quot;px&quot;,&quot;size&quot;:&quot;&quot;,&quot;sizes&quot;:[]},&quot;custom_row_gap_tablet&quot;:{&quot;unit&quot;:&quot;px&quot;,&quot;size&quot;:&quot;&quot;,&quot;sizes&quot;:[]},&quot;custom_row_gap_mobile&quot;:{&quot;unit&quot;:&quot;px&quot;,&quot;size&quot;:&quot;&quot;,&quot;sizes&quot;:[]}}\" data-widget_type=\"posts.custom\">\n\t\t\t\t<div class=\"elementor-widget-container\">\n\t\t\t\t\t      <div class=\"ecs-posts elementor-posts-container elementor-posts   elementor-grid elementor-posts--skin-custom\" data-settings=\"{&quot;current_page&quot;:1,&quot;max_num_pages&quot;:0,&quot;load_method&quot;:&quot;&quot;,&quot;widget_id&quot;:&quot;2ba57b2&quot;,&quot;post_id&quot;:39352,&quot;theme_id&quot;:39352,&quot;change_url&quot;:false,&quot;reinit_js&quot;:false}\">\n      <div class=\"elementor-posts-nothing-found\"><\/div>\t\t<\/div>\n\t\t\t\t\t\t<\/div>\n\t\t\t\t<\/div>\n\t\t\t\t\t<\/div>\n\t\t\t\t<\/div>\n\t\t<div class=\"elementor-element elementor-element-0765e06 e-flex e-con-boxed e-con e-parent\" data-id=\"0765e06\" data-element_type=\"container\" data-e-type=\"container\">\n\t\t\t\t\t<div class=\"e-con-inner\">\n\t\t\t\t<div class=\"elementor-element elementor-element-252f74b elementor-widget__width-initial elementor-widget elementor-widget-template\" data-id=\"252f74b\" data-element_type=\"widget\" data-e-type=\"widget\" data-widget_type=\"template.default\">\n\t\t\t\t<div class=\"elementor-widget-container\">\n\t\t\t\t\t\t\t<div class=\"elementor-template\">\n\t\t\t\t\t<div data-elementor-type=\"section\" data-elementor-id=\"39139\" class=\"elementor elementor-39139 elementor-4128\" data-elementor-post-type=\"elementor_library\">\n\t\t\t<div class=\"elementor-element elementor-element-8216c32 e-con-full e-flex e-con e-parent\" data-id=\"8216c32\" data-element_type=\"container\" data-e-type=\"container\" data-settings=\"{&quot;background_background&quot;:&quot;classic&quot;}\">\n\t\t<div class=\"elementor-element elementor-element-0248595 e-con-full e-flex e-con e-parent\" data-id=\"0248595\" data-element_type=\"container\" data-e-type=\"container\">\n\t\t<div class=\"elementor-element elementor-element-e90f56d e-con-full e-flex e-con e-parent\" data-id=\"e90f56d\" data-element_type=\"container\" data-e-type=\"container\">\n\t\t\t\t<div class=\"elementor-element elementor-element-ba732a5 elementor-widget-tablet__width-initial elementor-widget elementor-widget-heading\" data-id=\"ba732a5\" data-element_type=\"widget\" data-e-type=\"widget\" data-widget_type=\"heading.default\">\n\t\t\t\t<div class=\"elementor-widget-container\">\n\t\t\t\t\t<h2 class=\"elementor-heading-title elementor-size-default\"><a href=\"\/es\/como-asociarse\/\"><span style=\"text-decoration:underline\">As\u00f3ciate a la ACE<\/span> y descubre todo el soporte que ofrecemos a los consultores de estructuras<\/a><\/h2>\t\t\t\t<\/div>\n\t\t\t\t<\/div>\n\t\t\t\t<div class=\"elementor-element elementor-element-0e1637b elementor-icon-list--layout-inline elementor-list-item-link-inline estilo-pastilla elementor-widget elementor-widget-icon-list\" data-id=\"0e1637b\" data-element_type=\"widget\" data-e-type=\"widget\" data-widget_type=\"icon-list.default\">\n\t\t\t\t<div class=\"elementor-widget-container\">\n\t\t\t\t\t\t\t<ul class=\"elementor-icon-list-items elementor-inline-items\">\n\t\t\t\t\t\t\t<li class=\"elementor-icon-list-item elementor-inline-item\">\n\t\t\t\t\t\t\t\t\t\t\t<a href=\"\/es\/categoria\/formacion\/\">\n\n\t\t\t\t\t\t\t\t\t\t\t<span class=\"elementor-icon-list-text\">Formaci\u00f3n<\/span>\n\t\t\t\t\t\t\t\t\t\t\t<\/a>\n\t\t\t\t\t\t\t\t\t<\/li>\n\t\t\t\t\t\t\t\t<li class=\"elementor-icon-list-item elementor-inline-item\">\n\t\t\t\t\t\t\t\t\t\t\t<a href=\"\/es\/publicaciones\/\">\n\n\t\t\t\t\t\t\t\t\t\t\t<span class=\"elementor-icon-list-text\">Publicaciones<\/span>\n\t\t\t\t\t\t\t\t\t\t\t<\/a>\n\t\t\t\t\t\t\t\t\t<\/li>\n\t\t\t\t\t\t\t\t<li class=\"elementor-icon-list-item elementor-inline-item\">\n\t\t\t\t\t\t\t\t\t\t\t<a href=\"\/es\/recursos\/\">\n\n\t\t\t\t\t\t\t\t\t\t\t<span class=\"elementor-icon-list-text\">Recursos<\/span>\n\t\t\t\t\t\t\t\t\t\t\t<\/a>\n\t\t\t\t\t\t\t\t\t<\/li>\n\t\t\t\t\t\t\t\t<li class=\"elementor-icon-list-item elementor-inline-item\">\n\t\t\t\t\t\t\t\t\t\t\t<a href=\"\/es\/tienda\/\">\n\n\t\t\t\t\t\t\t\t\t\t\t<span class=\"elementor-icon-list-text\">Tienda<\/span>\n\t\t\t\t\t\t\t\t\t\t\t<\/a>\n\t\t\t\t\t\t\t\t\t<\/li>\n\t\t\t\t\t\t<\/ul>\n\t\t\t\t\t\t<\/div>\n\t\t\t\t<\/div>\n\t\t\t\t<\/div>\n\t\t<div class=\"elementor-element elementor-element-98958b4 e-con-full e-flex e-con e-parent\" data-id=\"98958b4\" data-element_type=\"container\" data-e-type=\"container\">\n\t\t\t\t<div class=\"elementor-element elementor-element-b3323cf elementor-widget elementor-widget-image\" data-id=\"b3323cf\" data-element_type=\"widget\" data-e-type=\"widget\" data-widget_type=\"image.default\">\n\t\t\t\t<div class=\"elementor-widget-container\">\n\t\t\t\t\t\t\t\t\t\t\t\t\t\t\t<img loading=\"lazy\" decoding=\"async\" width=\"500\" height=\"434\" src=\"https:\/\/aceweb.cat\/wp-content\/uploads\/2022\/09\/ace-animat.gif\" class=\"attachment-large size-large wp-image-36171\" alt=\"\" \/>\t\t\t\t\t\t\t\t\t\t\t\t\t\t\t<\/div>\n\t\t\t\t<\/div>\n\t\t\t\t<\/div>\n\t\t\t\t<\/div>\n\t\t\t\t<\/div>\n\t\t\t\t<\/div>\n\t\t\t\t<\/div>\n\t\t\t\t\t\t<\/div>\n\t\t\t\t<\/div>\n\t\t<div class=\"elementor-element elementor-element-9040276 e-con-full e-flex e-con e-parent\" data-id=\"9040276\" data-element_type=\"container\" data-e-type=\"container\">\n\t\t\t\t<div class=\"elementor-element elementor-element-5028fbc anunci elementor-widget elementor-widget-image\" data-id=\"5028fbc\" data-element_type=\"widget\" data-e-type=\"widget\" data-widget_type=\"image.default\">\n\t\t\t\t<div class=\"elementor-widget-container\">\n\t\t\t\t\t\t\t\t\t\t\t\t<figure class=\"wp-caption\">\n\t\t\t\t\t\t\t\t\t\t<img loading=\"lazy\" decoding=\"async\" width=\"900\" height=\"900\" src=\"https:\/\/aceweb.cat\/wp-content\/uploads\/2023\/03\/espacio-promocional-cat-1.jpg\" class=\"attachment-full size-full wp-image-41082\" alt=\"\" srcset=\"https:\/\/aceweb.cat\/wp-content\/uploads\/2023\/03\/espacio-promocional-cat-1.jpg 900w, https:\/\/aceweb.cat\/wp-content\/uploads\/2023\/03\/espacio-promocional-cat-1-300x300.jpg 300w, https:\/\/aceweb.cat\/wp-content\/uploads\/2023\/03\/espacio-promocional-cat-1-150x150.jpg 150w, https:\/\/aceweb.cat\/wp-content\/uploads\/2023\/03\/espacio-promocional-cat-1-768x768.jpg 768w, https:\/\/aceweb.cat\/wp-content\/uploads\/2023\/03\/espacio-promocional-cat-1-600x600.jpg 600w, https:\/\/aceweb.cat\/wp-content\/uploads\/2023\/03\/espacio-promocional-cat-1-100x100.jpg 100w\" sizes=\"auto, (max-width: 900px) 100vw, 900px\" \/>\t\t\t\t\t\t\t\t\t\t\t<figcaption class=\"widget-image-caption wp-caption-text\">Publicidad<\/figcaption>\n\t\t\t\t\t\t\t\t\t\t<\/figure>\n\t\t\t\t\t\t\t\t\t<\/div>\n\t\t\t\t<\/div>\n\t\t\t\t<\/div>\n\t\t\t\t\t<\/div>\n\t\t\t\t<\/div>\n\t\t\t\t<\/div>\n\t\t","protected":false},"excerpt":{"rendered":"<p>Placa ranurada: Manual de dise\u00f1o y c\u00e1lculo Documento en formato pdf del manual de dise\u00f1o y c\u00e1lculo de placa ranurada. Este documento ha sido editado por Marc Sanabra Loewe. Desde las sesiones en los \u201cDijous a l\u2019ACE\u201d sobre placa ranurada se ha editado un manual de dise\u00f1o y c\u00e1lculo. Para acceder a los contenidos es &hellip;<\/p>\n<p class=\"read-more\"> <a class=\"\" href=\"https:\/\/aceweb.cat\/es\/recursos\/placa-ranurada-manual-de-diseno-y-calculo\/\"> <span class=\"screen-reader-text\">Placa ranurada: Manual de dise\u00f1o y c\u00e1lculo<\/span> Leer m\u00e1s &raquo;<\/a><\/p>\n","protected":false},"author":339,"featured_media":36259,"parent":39331,"menu_order":0,"comment_status":"closed","ping_status":"closed","template":"","meta":{"_acf_changed":false,"site-sidebar-layout":"no-sidebar","site-content-layout":"page-builder","ast-global-header-display":"","ast-main-header-display":"","ast-hfb-above-header-display":"","ast-hfb-below-header-display":"","ast-hfb-mobile-header-display":"","site-post-title":"disabled","ast-breadcrumbs-content":"","ast-featured-img":"disabled","footer-sml-layout":"","theme-transparent-header-meta":"","adv-header-id-meta":"","stick-header-meta":"","header-above-stick-meta":"","header-main-stick-meta":"","header-below-stick-meta":"","footnotes":""},"class_list":["post-39352","page","type-page","status-publish","has-post-thumbnail","hentry"],"acf":[],"yoast_head":"<!-- This site is optimized with the Yoast SEO plugin v27.1.1 - https:\/\/yoast.com\/product\/yoast-seo-wordpress\/ -->\n<title>Placa ranurada: Manual de dise\u00f1o y c\u00e1lculo | ACE<\/title>\n<meta name=\"description\" content=\"Documento en formato pdf del manual de dise\u00f1o y c\u00e1lculo de placa ranurada. Este documento ha sido editado por Marc Sanabra Loewe.\" \/>\n<meta name=\"robots\" content=\"index, follow, max-snippet:-1, max-image-preview:large, max-video-preview:-1\" \/>\n<link rel=\"canonical\" href=\"https:\/\/aceweb.cat\/recursos\/placa-ranurada-manual-de-disseny-i-calcul\/\" \/>\n<meta property=\"og:locale\" content=\"es_ES\" \/>\n<meta property=\"og:type\" content=\"article\" \/>\n<meta property=\"og:title\" content=\"Placa ranurada: Manual de dise\u00f1o y c\u00e1lculo | ACE\" \/>\n<meta property=\"og:description\" content=\"Documento en formato pdf del manual de dise\u00f1o y c\u00e1lculo de placa ranurada. Este documento ha sido editado por Marc Sanabra Loewe.\" \/>\n<meta property=\"og:url\" content=\"https:\/\/aceweb.cat\/recursos\/placa-ranurada-manual-de-disseny-i-calcul\/\" \/>\n<meta property=\"og:site_name\" content=\"aceweb.cat\" \/>\n<meta property=\"article:modified_time\" content=\"2024-09-30T08:35:55+00:00\" \/>\n<meta name=\"twitter:card\" content=\"summary_large_image\" \/>\n<meta name=\"twitter:label1\" content=\"Tiempo de lectura\" \/>\n\t<meta name=\"twitter:data1\" content=\"2 minutos\" \/>\n<script type=\"application\/ld+json\" class=\"yoast-schema-graph\">{\"@context\":\"https:\/\/schema.org\",\"@graph\":[{\"@type\":\"WebPage\",\"@id\":\"https:\/\/aceweb.cat\/recursos\/placa-ranurada-manual-de-disseny-i-calcul\/\",\"url\":\"https:\/\/aceweb.cat\/recursos\/placa-ranurada-manual-de-disseny-i-calcul\/\",\"name\":\"Placa ranurada: Manual de dise\u00f1o y c\u00e1lculo | ACE\",\"isPartOf\":{\"@id\":\"https:\/\/aceweb.cat\/#website\"},\"primaryImageOfPage\":{\"@id\":\"https:\/\/aceweb.cat\/recursos\/placa-ranurada-manual-de-disseny-i-calcul\/#primaryimage\"},\"image\":{\"@id\":\"https:\/\/aceweb.cat\/recursos\/placa-ranurada-manual-de-disseny-i-calcul\/#primaryimage\"},\"thumbnailUrl\":\"https:\/\/aceweb.cat\/wp-content\/uploads\/2022\/10\/logo.svg\",\"datePublished\":\"2022-10-11T14:39:39+00:00\",\"dateModified\":\"2024-09-30T08:35:55+00:00\",\"description\":\"Documento en formato pdf del manual de dise\u00f1o y c\u00e1lculo de placa ranurada. Este documento ha sido editado por Marc Sanabra Loewe.\",\"breadcrumb\":{\"@id\":\"https:\/\/aceweb.cat\/recursos\/placa-ranurada-manual-de-disseny-i-calcul\/#breadcrumb\"},\"inLanguage\":\"es\",\"potentialAction\":[{\"@type\":\"ReadAction\",\"target\":[\"https:\/\/aceweb.cat\/recursos\/placa-ranurada-manual-de-disseny-i-calcul\/\"]}]},{\"@type\":\"ImageObject\",\"inLanguage\":\"es\",\"@id\":\"https:\/\/aceweb.cat\/recursos\/placa-ranurada-manual-de-disseny-i-calcul\/#primaryimage\",\"url\":\"https:\/\/aceweb.cat\/wp-content\/uploads\/2022\/10\/logo.svg\",\"contentUrl\":\"https:\/\/aceweb.cat\/wp-content\/uploads\/2022\/10\/logo.svg\"},{\"@type\":\"BreadcrumbList\",\"@id\":\"https:\/\/aceweb.cat\/recursos\/placa-ranurada-manual-de-disseny-i-calcul\/#breadcrumb\",\"itemListElement\":[{\"@type\":\"ListItem\",\"position\":1,\"name\":\"Inici\",\"item\":\"https:\/\/aceweb.cat\/\"},{\"@type\":\"ListItem\",\"position\":2,\"name\":\"Recursos\",\"item\":\"https:\/\/aceweb.cat\/recursos\/\"},{\"@type\":\"ListItem\",\"position\":3,\"name\":\"Placa ranurada: Manual de dise\u00f1o y c\u00e1lculo\"}]},{\"@type\":\"WebSite\",\"@id\":\"https:\/\/aceweb.cat\/#website\",\"url\":\"https:\/\/aceweb.cat\/\",\"name\":\"ACE\",\"description\":\"Associaci\u00f3 de Consultors d&#039;Estructures | ACE\",\"publisher\":{\"@id\":\"https:\/\/aceweb.cat\/#organization\"},\"alternateName\":\"ACE\",\"potentialAction\":[{\"@type\":\"SearchAction\",\"target\":{\"@type\":\"EntryPoint\",\"urlTemplate\":\"https:\/\/aceweb.cat\/?s={search_term_string}\"},\"query-input\":{\"@type\":\"PropertyValueSpecification\",\"valueRequired\":true,\"valueName\":\"search_term_string\"}}],\"inLanguage\":\"es\"},{\"@type\":\"Organization\",\"@id\":\"https:\/\/aceweb.cat\/#organization\",\"name\":\"ACE\",\"alternateName\":\"ACE\",\"url\":\"https:\/\/aceweb.cat\/\",\"logo\":{\"@type\":\"ImageObject\",\"inLanguage\":\"es\",\"@id\":\"https:\/\/aceweb.cat\/#\/schema\/logo\/image\/\",\"url\":\"https:\/\/aceweb.cat\/wp-content\/uploads\/2022\/10\/logo.svg\",\"contentUrl\":\"https:\/\/aceweb.cat\/wp-content\/uploads\/2022\/10\/logo.svg\",\"width\":1,\"height\":1,\"caption\":\"ACE\"},\"image\":{\"@id\":\"https:\/\/aceweb.cat\/#\/schema\/logo\/image\/\"}}]}<\/script>\n<!-- \/ Yoast SEO plugin. -->","yoast_head_json":{"title":"Placa ranurada: Manual de dise\u00f1o y c\u00e1lculo | ACE","description":"Documento en formato pdf del manual de dise\u00f1o y c\u00e1lculo de placa ranurada. Este documento ha sido editado por Marc Sanabra Loewe.","robots":{"index":"index","follow":"follow","max-snippet":"max-snippet:-1","max-image-preview":"max-image-preview:large","max-video-preview":"max-video-preview:-1"},"canonical":"https:\/\/aceweb.cat\/recursos\/placa-ranurada-manual-de-disseny-i-calcul\/","og_locale":"es_ES","og_type":"article","og_title":"Placa ranurada: Manual de dise\u00f1o y c\u00e1lculo | ACE","og_description":"Documento en formato pdf del manual de dise\u00f1o y c\u00e1lculo de placa ranurada. Este documento ha sido editado por Marc Sanabra Loewe.","og_url":"https:\/\/aceweb.cat\/recursos\/placa-ranurada-manual-de-disseny-i-calcul\/","og_site_name":"aceweb.cat","article_modified_time":"2024-09-30T08:35:55+00:00","twitter_card":"summary_large_image","twitter_misc":{"Tiempo de lectura":"2 minutos"},"schema":{"@context":"https:\/\/schema.org","@graph":[{"@type":"WebPage","@id":"https:\/\/aceweb.cat\/recursos\/placa-ranurada-manual-de-disseny-i-calcul\/","url":"https:\/\/aceweb.cat\/recursos\/placa-ranurada-manual-de-disseny-i-calcul\/","name":"Placa ranurada: Manual de dise\u00f1o y c\u00e1lculo | ACE","isPartOf":{"@id":"https:\/\/aceweb.cat\/#website"},"primaryImageOfPage":{"@id":"https:\/\/aceweb.cat\/recursos\/placa-ranurada-manual-de-disseny-i-calcul\/#primaryimage"},"image":{"@id":"https:\/\/aceweb.cat\/recursos\/placa-ranurada-manual-de-disseny-i-calcul\/#primaryimage"},"thumbnailUrl":"https:\/\/aceweb.cat\/wp-content\/uploads\/2022\/10\/logo.svg","datePublished":"2022-10-11T14:39:39+00:00","dateModified":"2024-09-30T08:35:55+00:00","description":"Documento en formato pdf del manual de dise\u00f1o y c\u00e1lculo de placa ranurada. Este documento ha sido editado por Marc Sanabra Loewe.","breadcrumb":{"@id":"https:\/\/aceweb.cat\/recursos\/placa-ranurada-manual-de-disseny-i-calcul\/#breadcrumb"},"inLanguage":"es","potentialAction":[{"@type":"ReadAction","target":["https:\/\/aceweb.cat\/recursos\/placa-ranurada-manual-de-disseny-i-calcul\/"]}]},{"@type":"ImageObject","inLanguage":"es","@id":"https:\/\/aceweb.cat\/recursos\/placa-ranurada-manual-de-disseny-i-calcul\/#primaryimage","url":"https:\/\/aceweb.cat\/wp-content\/uploads\/2022\/10\/logo.svg","contentUrl":"https:\/\/aceweb.cat\/wp-content\/uploads\/2022\/10\/logo.svg"},{"@type":"BreadcrumbList","@id":"https:\/\/aceweb.cat\/recursos\/placa-ranurada-manual-de-disseny-i-calcul\/#breadcrumb","itemListElement":[{"@type":"ListItem","position":1,"name":"Inici","item":"https:\/\/aceweb.cat\/"},{"@type":"ListItem","position":2,"name":"Recursos","item":"https:\/\/aceweb.cat\/recursos\/"},{"@type":"ListItem","position":3,"name":"Placa ranurada: Manual de dise\u00f1o y c\u00e1lculo"}]},{"@type":"WebSite","@id":"https:\/\/aceweb.cat\/#website","url":"https:\/\/aceweb.cat\/","name":"ACE","description":"Associaci\u00f3 de Consultors d&#039;Estructures | ACE","publisher":{"@id":"https:\/\/aceweb.cat\/#organization"},"alternateName":"ACE","potentialAction":[{"@type":"SearchAction","target":{"@type":"EntryPoint","urlTemplate":"https:\/\/aceweb.cat\/?s={search_term_string}"},"query-input":{"@type":"PropertyValueSpecification","valueRequired":true,"valueName":"search_term_string"}}],"inLanguage":"es"},{"@type":"Organization","@id":"https:\/\/aceweb.cat\/#organization","name":"ACE","alternateName":"ACE","url":"https:\/\/aceweb.cat\/","logo":{"@type":"ImageObject","inLanguage":"es","@id":"https:\/\/aceweb.cat\/#\/schema\/logo\/image\/","url":"https:\/\/aceweb.cat\/wp-content\/uploads\/2022\/10\/logo.svg","contentUrl":"https:\/\/aceweb.cat\/wp-content\/uploads\/2022\/10\/logo.svg","width":1,"height":1,"caption":"ACE"},"image":{"@id":"https:\/\/aceweb.cat\/#\/schema\/logo\/image\/"}}]}},"_links":{"self":[{"href":"https:\/\/aceweb.cat\/es\/wp-json\/wp\/v2\/pages\/39352","targetHints":{"allow":["GET"]}}],"collection":[{"href":"https:\/\/aceweb.cat\/es\/wp-json\/wp\/v2\/pages"}],"about":[{"href":"https:\/\/aceweb.cat\/es\/wp-json\/wp\/v2\/types\/page"}],"author":[{"embeddable":true,"href":"https:\/\/aceweb.cat\/es\/wp-json\/wp\/v2\/users\/339"}],"replies":[{"embeddable":true,"href":"https:\/\/aceweb.cat\/es\/wp-json\/wp\/v2\/comments?post=39352"}],"version-history":[{"count":4,"href":"https:\/\/aceweb.cat\/es\/wp-json\/wp\/v2\/pages\/39352\/revisions"}],"predecessor-version":[{"id":45327,"href":"https:\/\/aceweb.cat\/es\/wp-json\/wp\/v2\/pages\/39352\/revisions\/45327"}],"up":[{"embeddable":true,"href":"https:\/\/aceweb.cat\/es\/wp-json\/wp\/v2\/pages\/39331"}],"wp:featuredmedia":[{"embeddable":true,"href":"https:\/\/aceweb.cat\/es\/wp-json\/wp\/v2\/media\/36259"}],"wp:attachment":[{"href":"https:\/\/aceweb.cat\/es\/wp-json\/wp\/v2\/media?parent=39352"}],"curies":[{"name":"wp","href":"https:\/\/api.w.org\/{rel}","templated":true}]}}