{"id":39618,"date":"2022-10-17T09:00:09","date_gmt":"2022-10-17T09:00:09","guid":{"rendered":"https:\/\/www.aceweb.advertis.es\/actas-de-las-asambleas-de-la-asociacion-de-consultores-de-estructuras\/"},"modified":"2023-05-29T08:15:55","modified_gmt":"2023-05-29T08:15:55","slug":"actas-de-las-asambleas","status":"publish","type":"page","link":"https:\/\/aceweb.cat\/es\/actas-de-las-asambleas\/","title":{"rendered":"Actas de las asambleas de la Asociaci\u00f3n de Consultores de Estructuras"},"content":{"rendered":"","protected":true},"excerpt":{"rendered":"","protected":true},"author":1,"featured_media":0,"parent":0,"menu_order":0,"comment_status":"closed","ping_status":"closed","template":"","meta":{"_acf_changed":false,"site-sidebar-layout":"no-sidebar","site-content-layout":"page-builder","ast-global-header-display":"","ast-main-header-display":"","ast-hfb-above-header-display":"","ast-hfb-below-header-display":"","ast-hfb-mobile-header-display":"","site-post-title":"disabled","ast-breadcrumbs-content":"","ast-featured-img":"disabled","footer-sml-layout":"","theme-transparent-header-meta":"","adv-header-id-meta":"","stick-header-meta":"","header-above-stick-meta":"","header-main-stick-meta":"","header-below-stick-meta":"","footnotes":""},"class_list":["post-39618","page","type-page","status-publish","post-password-required","hentry"],"acf":[],"yoast_head":"<!-- This site is optimized with the Yoast SEO plugin v27.1.1 - https:\/\/yoast.com\/product\/yoast-seo-wordpress\/ -->\n<title>Actas de las asambleas de la Asociaci\u00f3n | ACE<\/title>\n<meta name=\"description\" content=\"Solicita online las actas de las asambleas para estar en el d\u00eda de las actividades del ACE. Asociaci\u00f3n de Consultores de Estructuras.\" \/>\n<meta name=\"robots\" content=\"index, follow, max-snippet:-1, max-image-preview:large, max-video-preview:-1\" \/>\n<link rel=\"canonical\" href=\"https:\/\/aceweb.cat\/actes-de-les-assemblees\/\" \/>\n<meta property=\"og:locale\" content=\"es_ES\" \/>\n<meta property=\"og:type\" content=\"article\" \/>\n<meta property=\"og:title\" content=\"Actas de las asambleas de la Asociaci\u00f3n | ACE\" \/>\n<meta property=\"og:description\" content=\"Solicita online las actas de las asambleas para estar en el d\u00eda de las actividades del ACE. Asociaci\u00f3n de Consultores de Estructuras.\" \/>\n<meta property=\"og:url\" content=\"https:\/\/aceweb.cat\/actes-de-les-assemblees\/\" \/>\n<meta property=\"og:site_name\" content=\"aceweb.cat\" \/>\n<meta property=\"article:modified_time\" content=\"2023-05-29T08:15:55+00:00\" \/>\n<meta name=\"twitter:card\" content=\"summary_large_image\" \/>\n<meta name=\"twitter:label1\" content=\"Tiempo de lectura\" \/>\n\t<meta name=\"twitter:data1\" content=\"2 minutos\" \/>\n<script type=\"application\/ld+json\" class=\"yoast-schema-graph\">{\"@context\":\"https:\/\/schema.org\",\"@graph\":[{\"@type\":\"WebPage\",\"@id\":\"https:\/\/aceweb.cat\/actes-de-les-assemblees\/\",\"url\":\"https:\/\/aceweb.cat\/actes-de-les-assemblees\/\",\"name\":\"Actas de las asambleas de la Asociaci\u00f3n | ACE\",\"isPartOf\":{\"@id\":\"https:\/\/aceweb.cat\/#website\"},\"datePublished\":\"2022-10-17T09:00:09+00:00\",\"dateModified\":\"2023-05-29T08:15:55+00:00\",\"breadcrumb\":{\"@id\":\"https:\/\/aceweb.cat\/actes-de-les-assemblees\/#breadcrumb\"},\"inLanguage\":\"es\"},{\"@type\":\"WebSite\",\"@id\":\"https:\/\/aceweb.cat\/#website\",\"url\":\"https:\/\/aceweb.cat\/\",\"name\":\"ACE\",\"description\":\"Associaci\u00f3 de Consultors d&#039;Estructures | ACE\",\"publisher\":{\"@id\":\"https:\/\/aceweb.cat\/#organization\"},\"alternateName\":\"ACE\",\"potentialAction\":[{\"@type\":\"SearchAction\",\"target\":{\"@type\":\"EntryPoint\",\"urlTemplate\":\"https:\/\/aceweb.cat\/?s={search_term_string}\"},\"query-input\":{\"@type\":\"PropertyValueSpecification\",\"valueRequired\":true,\"valueName\":\"search_term_string\"}}],\"inLanguage\":\"es\"},{\"@type\":\"Organization\",\"@id\":\"https:\/\/aceweb.cat\/#organization\",\"name\":\"ACE\",\"alternateName\":\"ACE\",\"url\":\"https:\/\/aceweb.cat\/\",\"logo\":{\"@type\":\"ImageObject\",\"inLanguage\":\"es\",\"@id\":\"https:\/\/aceweb.cat\/#\/schema\/logo\/image\/\",\"url\":\"https:\/\/aceweb.cat\/wp-content\/uploads\/2022\/10\/logo.svg\",\"contentUrl\":\"https:\/\/aceweb.cat\/wp-content\/uploads\/2022\/10\/logo.svg\",\"width\":1,\"height\":1,\"caption\":\"ACE\"},\"image\":{\"@id\":\"https:\/\/aceweb.cat\/#\/schema\/logo\/image\/\"}}]}<\/script>\n<!-- \/ Yoast SEO plugin. -->","yoast_head_json":{"title":"Actas de las asambleas de la Asociaci\u00f3n | ACE","description":"Solicita online las actas de las asambleas para estar en el d\u00eda de las actividades del ACE. Asociaci\u00f3n de Consultores de Estructuras.","robots":{"index":"index","follow":"follow","max-snippet":"max-snippet:-1","max-image-preview":"max-image-preview:large","max-video-preview":"max-video-preview:-1"},"canonical":"https:\/\/aceweb.cat\/actes-de-les-assemblees\/","og_locale":"es_ES","og_type":"article","og_title":"Actas de las asambleas de la Asociaci\u00f3n | ACE","og_description":"Solicita online las actas de las asambleas para estar en el d\u00eda de las actividades del ACE. Asociaci\u00f3n de Consultores de Estructuras.","og_url":"https:\/\/aceweb.cat\/actes-de-les-assemblees\/","og_site_name":"aceweb.cat","article_modified_time":"2023-05-29T08:15:55+00:00","twitter_card":"summary_large_image","twitter_misc":{"Tiempo de lectura":"2 minutos"},"schema":{"@context":"https:\/\/schema.org","@graph":[{"@type":"WebPage","@id":"https:\/\/aceweb.cat\/actes-de-les-assemblees\/","url":"https:\/\/aceweb.cat\/actes-de-les-assemblees\/","name":"Actas de las asambleas de la Asociaci\u00f3n | ACE","isPartOf":{"@id":"https:\/\/aceweb.cat\/#website"},"datePublished":"2022-10-17T09:00:09+00:00","dateModified":"2023-05-29T08:15:55+00:00","breadcrumb":{"@id":"https:\/\/aceweb.cat\/actes-de-les-assemblees\/#breadcrumb"},"inLanguage":"es"},{"@type":"WebSite","@id":"https:\/\/aceweb.cat\/#website","url":"https:\/\/aceweb.cat\/","name":"ACE","description":"Associaci\u00f3 de Consultors d&#039;Estructures | ACE","publisher":{"@id":"https:\/\/aceweb.cat\/#organization"},"alternateName":"ACE","potentialAction":[{"@type":"SearchAction","target":{"@type":"EntryPoint","urlTemplate":"https:\/\/aceweb.cat\/?s={search_term_string}"},"query-input":{"@type":"PropertyValueSpecification","valueRequired":true,"valueName":"search_term_string"}}],"inLanguage":"es"},{"@type":"Organization","@id":"https:\/\/aceweb.cat\/#organization","name":"ACE","alternateName":"ACE","url":"https:\/\/aceweb.cat\/","logo":{"@type":"ImageObject","inLanguage":"es","@id":"https:\/\/aceweb.cat\/#\/schema\/logo\/image\/","url":"https:\/\/aceweb.cat\/wp-content\/uploads\/2022\/10\/logo.svg","contentUrl":"https:\/\/aceweb.cat\/wp-content\/uploads\/2022\/10\/logo.svg","width":1,"height":1,"caption":"ACE"},"image":{"@id":"https:\/\/aceweb.cat\/#\/schema\/logo\/image\/"}}]}},"_links":{"self":[{"href":"https:\/\/aceweb.cat\/es\/wp-json\/wp\/v2\/pages\/39618","targetHints":{"allow":["GET"]}}],"collection":[{"href":"https:\/\/aceweb.cat\/es\/wp-json\/wp\/v2\/pages"}],"about":[{"href":"https:\/\/aceweb.cat\/es\/wp-json\/wp\/v2\/types\/page"}],"author":[{"embeddable":true,"href":"https:\/\/aceweb.cat\/es\/wp-json\/wp\/v2\/users\/1"}],"replies":[{"embeddable":true,"href":"https:\/\/aceweb.cat\/es\/wp-json\/wp\/v2\/comments?post=39618"}],"version-history":[{"count":3,"href":"https:\/\/aceweb.cat\/es\/wp-json\/wp\/v2\/pages\/39618\/revisions"}],"predecessor-version":[{"id":41341,"href":"https:\/\/aceweb.cat\/es\/wp-json\/wp\/v2\/pages\/39618\/revisions\/41341"}],"wp:attachment":[{"href":"https:\/\/aceweb.cat\/es\/wp-json\/wp\/v2\/media?parent=39618"}],"curies":[{"name":"wp","href":"https:\/\/api.w.org\/{rel}","templated":true}]}}