{"id":40673,"date":"2022-10-11T13:38:36","date_gmt":"2022-10-11T13:38:36","guid":{"rendered":"https:\/\/www.aceweb.advertis.es\/aviso-legal\/"},"modified":"2023-06-07T09:05:05","modified_gmt":"2023-06-07T09:05:05","slug":"aviso-legal","status":"publish","type":"page","link":"https:\/\/aceweb.cat\/es\/aviso-legal\/","title":{"rendered":"Aviso legal"},"content":{"rendered":"\t\t<div data-elementor-type=\"wp-page\" data-elementor-id=\"40673\" class=\"elementor elementor-40673 elementor-7338\" data-elementor-post-type=\"page\">\n\t\t\t\t<div class=\"elementor-element elementor-element-3dad1c5 e-flex e-con-boxed e-con e-parent\" data-id=\"3dad1c5\" data-element_type=\"container\" data-e-type=\"container\">\n\t\t\t\t\t<div class=\"e-con-inner\">\n\t\t\t\t<div class=\"elementor-element elementor-element-7ce9fd3 elementor-widget elementor-widget-text-editor\" data-id=\"7ce9fd3\" data-element_type=\"widget\" data-e-type=\"widget\" data-widget_type=\"text-editor.default\">\n\t\t\t\t<div class=\"elementor-widget-container\">\n\t\t\t\t\t\t\t\t\t<h2><strong>Aviso Legal<\/strong><\/h2><h3>I. Condiciones generales de acceso y uso del portal<\/h3><p><strong>ASSOCIACI\u00d3 DE CONSULTORS D&#8217;ESTRUCTURES<\/strong> (en adelante ACE), inscrita en el Registro Mercantil de Barcelona con C.I.F. ES G-59130427, con domicilio social en la calle Jordi Girona 1-3 &#8211; 08034 Barcelona, presta servicios en Internet y como tal:<\/p><p><strong>Expone:<\/strong><\/p><p>Que con el fin de ofrecer mayores y mejores prestaciones al usuario a trav\u00e9s de Internet, <strong>ACE<\/strong> pone a disposici\u00f3n del usuario diferentes servicios y productos en la p\u00e1gina web de su propiedad. Estos Servicios ser\u00e1n ofrecidos a los usuarios del portal de acuerdo con las siguientes condiciones presentadas en este aviso legal.<\/p><p><strong>Condiciones:<\/strong><\/p><ol><li>El acceso al portal se regir\u00e1 y quedar\u00e1 sujeto a las condiciones generales que a continuaci\u00f3n se detallan. Los medios de cualquier naturaleza necesarios para la utilizaci\u00f3n de los Servicios por parte del usuario no forman parte de los Servicios que <strong>ACE<\/strong> presta.<\/li><li>El usuario, salvo autorizaci\u00f3n previa, expresa y escrita de <strong>ACE<\/strong>, se compromete a utilizar la informaci\u00f3n contenida en los Servicios del portal exclusivamente para sus propias necesidades y a no realizar directa o indirectamente una explotaci\u00f3n comercial de los Servicios a los que tiene acceso.<\/li><li>El usuario se compromete a no utilizar las facilidades y contenidos del Servicio para realizar o sugerir actividades prohibidas por la ley o para intentar atraer a los clientes del Servicio hacia otros servicios competidores. Asimismo, el usuario se hace responsable de dar a conocer y procurar el cumplimiento de estas condiciones generales a toda persona autorizada por \u00e9l para hacer uso de los Servicios del portal.<\/li><li>El usuario se abstendr\u00e1 de realizar cualquier conducta o actividad en el uso de los recursos del portal que atente contra los derechos de propiedad intelectual e industrial de <strong>ACE<\/strong> o de terceros. Tampoco aquella que suponga un atentado contra el honor, la intimidad personal o familiar o la imagen de <strong>ACE<\/strong>, sus empleados, colaboradores y\/o terceros, o que sean il\u00edcitos o atenten contra la moral.<\/li><li>El usuario mantendr\u00e1 en todo caso indemne a <strong>ACE<\/strong> frente a cualquier reclamaci\u00f3n, judicial o extrajudicial, que se presente contra <strong>ACE<\/strong> como consecuencia de un uso inapropiado, ileg\u00edtimo o il\u00edcito de los Servicios del portal por parte del usuario o de terceros por los cuales este deba responder.<\/li><li>El usuario asume expresamente su exclusiva responsabilidad sobre las consecuencias, da\u00f1os o acciones que pudieran derivarse del acceso a los contenidos y\/o Servicios del portal, as\u00ed como de su reproducci\u00f3n o su difusi\u00f3n, con o sin la debida autorizaci\u00f3n de su leg\u00edtimo propietario.<\/li><li><strong>ACE<\/strong> velar\u00e1 en todo momento por el respeto del ordenamiento jur\u00eddico vigente y estar\u00e1 legitimada para interrumpir, a su entera discreci\u00f3n, el servicio o resolver de manera inmediata la relaci\u00f3n con el usuario en caso de presunta comisi\u00f3n, completa o incompleta, de alguno de los delitos o faltas tipificados por el C\u00f3digo Penal vigente, o en caso de observar cualquier conducta que, seg\u00fan el criterio de <strong>ACE<\/strong>, resulte contraria a la moral, el orden, las buenas costumbres o las reglas internas de <strong>ACE<\/strong> o sus colaboradores, o pueda perturbar el buen funcionamiento, imagen, credibilidad y\/o prestigio de <strong>ACE<\/strong>, sus empleados o sus colaboradores.<\/li><li><strong>ACE<\/strong> no responder\u00e1 por la p\u00e9rdida, robo, hurto o malversaci\u00f3n de las claves o contrase\u00f1as privadas ni por el mal uso por parte de los usuarios de las informaciones y\/o Servicios del portal, ni de los contenidos personales captados o apropiados de mala fe por terceros.<\/li><li><strong>ACE<\/strong> se reserva el derecho de modificar o alterar las presentes condiciones generales de este aviso legal. En tal caso, <strong>ACE<\/strong> informar\u00e1 a los usuarios de los cambios que tengan lugar. Asimismo, <strong>ACE<\/strong> se reserva el derecho de cancelar cualquiera de los Servicios proporcionados, as\u00ed como de cesar, en su caso, en la provisi\u00f3n gratuita de estos.<\/li><li>Las presentes condiciones generales se someten a la legislaci\u00f3n espa\u00f1ola y ser\u00e1n interpretadas y aplicadas de acuerdo con esta, con independencia del pa\u00eds o regi\u00f3n de procedencia del usuario del portal. Cualquier enmienda, modificaci\u00f3n y\/o rectificaci\u00f3n de este aviso legal solo ser\u00e1 oponible y eficaz ante <strong>ACE<\/strong> cuando conste por escrito su aceptaci\u00f3n y firma. Si por cualquier motivo un juzgado o tribunal declarase la nulidad o ineficacia de alguna parte de estas condiciones generales, el resto de las cl\u00e1usulas continuar\u00e1 teniendo plenos efectos.<\/li><li>Cualquier discrepancia derivada de la interpretaci\u00f3n y\/o ejecuci\u00f3n de las presentes condiciones ser\u00e1 resuelta por los juzgados y tribunales de Barcelona, a cuya jurisdicci\u00f3n se someten expresamente <strong>ACE<\/strong> y el usuario.<\/li><li><strong>ACE<\/strong> recomienda al usuario que imprima las condiciones generales antes expuestas y las conserve en su poder.<\/li><\/ol><h3>II. Protecci\u00f3n de los datos personales<\/h3><p><strong>ACE<\/strong> garantiza mediante este aviso legal la absoluta confidencialidad de los datos personales de los usuarios del portal. Los datos proporcionados ser\u00e1n incorporados a una base de datos gestionada bajo la exclusiva responsabilidad de <strong>ACE<\/strong>, creada para facilitar a sus usuarios el manejo de los Servicios ofrecidos a trav\u00e9s del portal y la tramitaci\u00f3n de servicios, as\u00ed como para informar a sus usuarios sobre los productos y servicios (ya sean suministrados por <strong>ACE<\/strong> directamente, ya sean por terceros con los que esta haya suscrito contrato, pacto o convenio de prestaci\u00f3n de servicios) que puedan ser de su inter\u00e9s.<br \/>En cumplimiento de lo dispuesto en el Reglamento (UE) 2016\/679 del Parlamento Europeo y del Consejo, de 27 de abril de 2016, relativo a la protecci\u00f3n de las personas f\u00edsicas en lo que respecta al tratamiento de datos personales y la libre circulaci\u00f3n de estos datos (RGPD), usted podr\u00e1 en todo momento ejercitar los derechos que la ley le confiere relativos al acceso, rectificaci\u00f3n, cancelaci\u00f3n y oposici\u00f3n a la cesi\u00f3n de sus datos al fichero de propiedad exclusiva de <strong>ACE<\/strong>. Si tiene alguna consulta o desea rectificar, cancelar o incluir sus datos en el fichero, por favor p\u00f3ngase en contacto con nuestro departamento de atenci\u00f3n al cliente. A continuaci\u00f3n tiene algunos ejemplos de c\u00f3mo <strong>ACE<\/strong> utilizar\u00e1 sus datos personales: Para conocer c\u00f3mo los usuarios del portal utilizan la p\u00e1gina web y, a trav\u00e9s de sus sugerencias, alterar y mejorar los contenidos de la misma de manera que esta se adapte a las preferencias del usuario. Cuando los usuarios del portal formulen sugerencias o comentarios sobre la p\u00e1gina web y los Servicios que en esta se proporcionen. En cualquier caso, <strong>ACE<\/strong> se reserva el derecho de no publicar opiniones, comentarios o sugerencias que no se ajusten a las directrices de nuestro portal. En caso de que no se oponga a la utilizaci\u00f3n de sus datos personales con fines publicitarios, <strong>ACE<\/strong> podr\u00e1 utilizar su informaci\u00f3n de contacto para ofrecerle nuevos servicios, ofertas o promociones. Si en alg\u00fan momento usted decidiera no recibir esta informaci\u00f3n, le rogamos que se ponga en contacto con nosotros enviando un correo electr\u00f3nico a la direcci\u00f3n <a href=\"mailto:dpd@aceweb.cat\">dpd@aceweb.cat<\/a> con sus datos b\u00e1sicos.<\/p><h3>III. Copyright y propiedad industrial<\/h3><p>Todos los contenidos de esta p\u00e1gina web, como textos, gr\u00e1ficos, fotograf\u00edas, logos, iconos, im\u00e1genes, as\u00ed como el dise\u00f1o gr\u00e1fico y software de esta p\u00e1gina web, tanto tomados individualmente como formando un conjunto est\u00e9tico homog\u00e9neo, son de la exclusiva propiedad de ACE o de sus clientes, estando sujetos a derechos de propiedad intelectual e industrial protegidos por la legislaci\u00f3n internacional. Queda prohibida su utilizaci\u00f3n, reproducci\u00f3n, modificaci\u00f3n, distribuci\u00f3n, transmisi\u00f3n, manipulaci\u00f3n, as\u00ed como cualquier uso que exceda de una utilizaci\u00f3n normal y necesaria para la visita de la p\u00e1gina y la utilizaci\u00f3n de los servicios ofrecidos en ella.<\/p><p>El acceso a esta p\u00e1gina web no implica renuncia, transmisi\u00f3n o cesi\u00f3n total o parcial de estos derechos de propiedad intelectual e industrial, ni confiere ning\u00fan derecho de utilizaci\u00f3n, alteraci\u00f3n, explotaci\u00f3n, reproducci\u00f3n, distribuci\u00f3n, comunicaci\u00f3n p\u00fablica sobre estos contenidos sin la previa y expresa autorizaci\u00f3n por escrito de los respectivos titulares de estos derechos, a resguardo del derecho de visualizaci\u00f3n y obtenci\u00f3n de copia privada de seguridad de dichos contenidos, siempre que este derecho se ejercite seg\u00fan los principios de buena fe y siempre que, en todo caso, se mantenga inalterada la propiedad intelectual e industrial de ACE, se utilice sin fines comerciales y exclusivamente para informaci\u00f3n personal del usuario.<\/p><p>La responsabilidad derivada del uso de materiales protegidos por los derechos de propiedad intelectual e industrial contenidos en esta p\u00e1gina corresponder\u00e1 exclusivamente al usuario. ACE declina cualquier responsabilidad respecto a la informaci\u00f3n o el acceso a p\u00e1ginas que se encuentren fuera de este portal y no sean gestionadas directamente por ACE. La funci\u00f3n de los enlaces que aparecen en esta p\u00e1gina es exclusivamente la de informar al usuario sobre la existencia de otras fuentes de informaci\u00f3n en Internet, donde podr\u00e1 ampliar los datos ofrecidos por esta p\u00e1gina web. ACE no ser\u00e1 en ning\u00fan caso responsable del resultado obtenido a trav\u00e9s de dichos enlaces o de las consecuencias que se deriven del acceso por parte de los usuarios a los mismos.<\/p><h3>IV. Competencia Judicial<\/h3><p>Las partes se someten, a su elecci\u00f3n, para la resoluci\u00f3n de los conflictos y con renuncia a cualquier otro fuero, a los juzgados y tribunales de Barcelona.<\/p><p>Muchas gracias por leer nuestro aviso legal. Le recomendamos leer tambi\u00e9n nuestra <a href=\"https:\/\/aceweb.cat\/es\/politica-de-privacidad\/\" target=\"_blank\" rel=\"noopener\">pol\u00edtica de privacidad<\/a> y la <a href=\"https:\/\/aceweb.cat\/es\/politica-de-cookies\/\" target=\"_blank\" rel=\"noopener\">pol\u00edtica de cookies<\/a>.<\/p>\t\t\t\t\t\t\t\t<\/div>\n\t\t\t\t<\/div>\n\t\t\t\t\t<\/div>\n\t\t\t\t<\/div>\n\t\t\t\t<\/div>\n\t\t","protected":false},"excerpt":{"rendered":"<p>Aviso Legal I. Condiciones generales de acceso y uso del portal ASSOCIACI\u00d3 DE CONSULTORS D&#8217;ESTRUCTURES (en adelante ACE), inscrita en el Registro Mercantil de Barcelona con C.I.F. ES G-59130427, con domicilio social en la calle Jordi Girona 1-3 &#8211; 08034 Barcelona, presta servicios en Internet y como tal: Expone: Que con el fin de ofrecer &hellip;<\/p>\n<p class=\"read-more\"> <a class=\"\" href=\"https:\/\/aceweb.cat\/es\/aviso-legal\/\"> <span class=\"screen-reader-text\">Aviso legal<\/span> Leer m\u00e1s &raquo;<\/a><\/p>\n","protected":false},"author":1,"featured_media":0,"parent":0,"menu_order":0,"comment_status":"closed","ping_status":"closed","template":"","meta":{"_acf_changed":false,"site-sidebar-layout":"no-sidebar","site-content-layout":"page-builder","ast-global-header-display":"","ast-main-header-display":"","ast-hfb-above-header-display":"","ast-hfb-below-header-display":"","ast-hfb-mobile-header-display":"","site-post-title":"disabled","ast-breadcrumbs-content":"","ast-featured-img":"disabled","footer-sml-layout":"","theme-transparent-header-meta":"","adv-header-id-meta":"","stick-header-meta":"","header-above-stick-meta":"","header-main-stick-meta":"","header-below-stick-meta":"","footnotes":""},"class_list":["post-40673","page","type-page","status-publish","hentry"],"acf":[],"yoast_head":"<!-- This site is optimized with the Yoast SEO plugin v27.1.1 - https:\/\/yoast.com\/product\/yoast-seo-wordpress\/ -->\n<title>Aviso legal | ACE<\/title>\n<meta name=\"description\" content=\"Descubre nuestros t\u00e9rminos y condiciones: propiedad intelectual, privacidad y protecci\u00f3n de derechos en nuestro aviso legal.\" \/>\n<meta name=\"robots\" content=\"noindex, nofollow\" \/>\n<meta property=\"og:locale\" content=\"es_ES\" \/>\n<meta property=\"og:type\" content=\"article\" \/>\n<meta property=\"og:title\" content=\"Aviso legal | ACE\" \/>\n<meta property=\"og:description\" content=\"Descubre nuestros t\u00e9rminos y condiciones: propiedad intelectual, privacidad y protecci\u00f3n de derechos en nuestro aviso legal.\" \/>\n<meta property=\"og:url\" content=\"https:\/\/aceweb.cat\/avis-legal\/\" \/>\n<meta property=\"og:site_name\" content=\"aceweb.cat\" \/>\n<meta property=\"article:modified_time\" content=\"2023-06-07T09:05:05+00:00\" \/>\n<meta name=\"twitter:card\" content=\"summary_large_image\" \/>\n<meta name=\"twitter:label1\" content=\"Tiempo de lectura\" \/>\n\t<meta name=\"twitter:data1\" content=\"7 minutos\" \/>\n<script type=\"application\/ld+json\" class=\"yoast-schema-graph\">{\"@context\":\"https:\/\/schema.org\",\"@graph\":[{\"@type\":\"WebPage\",\"@id\":\"https:\/\/aceweb.cat\/avis-legal\/\",\"url\":\"https:\/\/aceweb.cat\/avis-legal\/\",\"name\":\"Aviso legal | ACE\",\"isPartOf\":{\"@id\":\"https:\/\/aceweb.cat\/#website\"},\"datePublished\":\"2022-10-11T13:38:36+00:00\",\"dateModified\":\"2023-06-07T09:05:05+00:00\",\"description\":\"Descubre nuestros t\u00e9rminos y condiciones: propiedad intelectual, privacidad y protecci\u00f3n de derechos en nuestro aviso legal.\",\"breadcrumb\":{\"@id\":\"https:\/\/aceweb.cat\/avis-legal\/#breadcrumb\"},\"inLanguage\":\"es\",\"potentialAction\":[{\"@type\":\"ReadAction\",\"target\":[\"https:\/\/aceweb.cat\/avis-legal\/\"]}]},{\"@type\":\"BreadcrumbList\",\"@id\":\"https:\/\/aceweb.cat\/avis-legal\/#breadcrumb\",\"itemListElement\":[{\"@type\":\"ListItem\",\"position\":1,\"name\":\"Inici\",\"item\":\"https:\/\/aceweb.cat\/\"},{\"@type\":\"ListItem\",\"position\":2,\"name\":\"Aviso legal\"}]},{\"@type\":\"WebSite\",\"@id\":\"https:\/\/aceweb.cat\/#website\",\"url\":\"https:\/\/aceweb.cat\/\",\"name\":\"ACE\",\"description\":\"Associaci\u00f3 de Consultors d&#039;Estructures | ACE\",\"publisher\":{\"@id\":\"https:\/\/aceweb.cat\/#organization\"},\"alternateName\":\"ACE\",\"potentialAction\":[{\"@type\":\"SearchAction\",\"target\":{\"@type\":\"EntryPoint\",\"urlTemplate\":\"https:\/\/aceweb.cat\/?s={search_term_string}\"},\"query-input\":{\"@type\":\"PropertyValueSpecification\",\"valueRequired\":true,\"valueName\":\"search_term_string\"}}],\"inLanguage\":\"es\"},{\"@type\":\"Organization\",\"@id\":\"https:\/\/aceweb.cat\/#organization\",\"name\":\"ACE\",\"alternateName\":\"ACE\",\"url\":\"https:\/\/aceweb.cat\/\",\"logo\":{\"@type\":\"ImageObject\",\"inLanguage\":\"es\",\"@id\":\"https:\/\/aceweb.cat\/#\/schema\/logo\/image\/\",\"url\":\"https:\/\/aceweb.cat\/wp-content\/uploads\/2022\/10\/logo.svg\",\"contentUrl\":\"https:\/\/aceweb.cat\/wp-content\/uploads\/2022\/10\/logo.svg\",\"width\":1,\"height\":1,\"caption\":\"ACE\"},\"image\":{\"@id\":\"https:\/\/aceweb.cat\/#\/schema\/logo\/image\/\"}}]}<\/script>\n<!-- \/ Yoast SEO plugin. -->","yoast_head_json":{"title":"Aviso legal | ACE","description":"Descubre nuestros t\u00e9rminos y condiciones: propiedad intelectual, privacidad y protecci\u00f3n de derechos en nuestro aviso legal.","robots":{"index":"noindex","follow":"nofollow"},"og_locale":"es_ES","og_type":"article","og_title":"Aviso legal | ACE","og_description":"Descubre nuestros t\u00e9rminos y condiciones: propiedad intelectual, privacidad y protecci\u00f3n de derechos en nuestro aviso legal.","og_url":"https:\/\/aceweb.cat\/avis-legal\/","og_site_name":"aceweb.cat","article_modified_time":"2023-06-07T09:05:05+00:00","twitter_card":"summary_large_image","twitter_misc":{"Tiempo de lectura":"7 minutos"},"schema":{"@context":"https:\/\/schema.org","@graph":[{"@type":"WebPage","@id":"https:\/\/aceweb.cat\/avis-legal\/","url":"https:\/\/aceweb.cat\/avis-legal\/","name":"Aviso legal | ACE","isPartOf":{"@id":"https:\/\/aceweb.cat\/#website"},"datePublished":"2022-10-11T13:38:36+00:00","dateModified":"2023-06-07T09:05:05+00:00","description":"Descubre nuestros t\u00e9rminos y condiciones: propiedad intelectual, privacidad y protecci\u00f3n de derechos en nuestro aviso legal.","breadcrumb":{"@id":"https:\/\/aceweb.cat\/avis-legal\/#breadcrumb"},"inLanguage":"es","potentialAction":[{"@type":"ReadAction","target":["https:\/\/aceweb.cat\/avis-legal\/"]}]},{"@type":"BreadcrumbList","@id":"https:\/\/aceweb.cat\/avis-legal\/#breadcrumb","itemListElement":[{"@type":"ListItem","position":1,"name":"Inici","item":"https:\/\/aceweb.cat\/"},{"@type":"ListItem","position":2,"name":"Aviso legal"}]},{"@type":"WebSite","@id":"https:\/\/aceweb.cat\/#website","url":"https:\/\/aceweb.cat\/","name":"ACE","description":"Associaci\u00f3 de Consultors d&#039;Estructures | ACE","publisher":{"@id":"https:\/\/aceweb.cat\/#organization"},"alternateName":"ACE","potentialAction":[{"@type":"SearchAction","target":{"@type":"EntryPoint","urlTemplate":"https:\/\/aceweb.cat\/?s={search_term_string}"},"query-input":{"@type":"PropertyValueSpecification","valueRequired":true,"valueName":"search_term_string"}}],"inLanguage":"es"},{"@type":"Organization","@id":"https:\/\/aceweb.cat\/#organization","name":"ACE","alternateName":"ACE","url":"https:\/\/aceweb.cat\/","logo":{"@type":"ImageObject","inLanguage":"es","@id":"https:\/\/aceweb.cat\/#\/schema\/logo\/image\/","url":"https:\/\/aceweb.cat\/wp-content\/uploads\/2022\/10\/logo.svg","contentUrl":"https:\/\/aceweb.cat\/wp-content\/uploads\/2022\/10\/logo.svg","width":1,"height":1,"caption":"ACE"},"image":{"@id":"https:\/\/aceweb.cat\/#\/schema\/logo\/image\/"}}]}},"_links":{"self":[{"href":"https:\/\/aceweb.cat\/es\/wp-json\/wp\/v2\/pages\/40673","targetHints":{"allow":["GET"]}}],"collection":[{"href":"https:\/\/aceweb.cat\/es\/wp-json\/wp\/v2\/pages"}],"about":[{"href":"https:\/\/aceweb.cat\/es\/wp-json\/wp\/v2\/types\/page"}],"author":[{"embeddable":true,"href":"https:\/\/aceweb.cat\/es\/wp-json\/wp\/v2\/users\/1"}],"replies":[{"embeddable":true,"href":"https:\/\/aceweb.cat\/es\/wp-json\/wp\/v2\/comments?post=40673"}],"version-history":[{"count":3,"href":"https:\/\/aceweb.cat\/es\/wp-json\/wp\/v2\/pages\/40673\/revisions"}],"predecessor-version":[{"id":42574,"href":"https:\/\/aceweb.cat\/es\/wp-json\/wp\/v2\/pages\/40673\/revisions\/42574"}],"wp:attachment":[{"href":"https:\/\/aceweb.cat\/es\/wp-json\/wp\/v2\/media?parent=40673"}],"curies":[{"name":"wp","href":"https:\/\/api.w.org\/{rel}","templated":true}]}}