{"id":40675,"date":"2022-11-29T10:55:34","date_gmt":"2022-11-29T10:55:34","guid":{"rendered":"https:\/\/www.aceweb.advertis.es\/politica-de-cookies\/"},"modified":"2023-06-07T08:35:36","modified_gmt":"2023-06-07T08:35:36","slug":"politica-de-cookies","status":"publish","type":"page","link":"https:\/\/aceweb.cat\/es\/politica-de-cookies\/","title":{"rendered":"Pol\u00edtica de cookies"},"content":{"rendered":"\t\t<div data-elementor-type=\"wp-page\" data-elementor-id=\"40675\" class=\"elementor elementor-40675 elementor-35699\" data-elementor-post-type=\"page\">\n\t\t\t\t<div class=\"elementor-element elementor-element-168305a e-flex e-con-boxed e-con e-parent\" data-id=\"168305a\" data-element_type=\"container\" data-e-type=\"container\">\n\t\t\t\t\t<div class=\"e-con-inner\">\n\t\t\t\t<div class=\"elementor-element elementor-element-744f5bbd elementor-widget elementor-widget-text-editor\" data-id=\"744f5bbd\" data-element_type=\"widget\" data-e-type=\"widget\" data-widget_type=\"text-editor.default\">\n\t\t\t\t<div class=\"elementor-widget-container\">\n\t\t\t\t\t\t\t\t\t<h2><strong>Pol\u00edtica de cookies<\/strong><\/h2><p>El acceso a este Sitio web puede implicar el uso de cookies y requiere la aceptaci\u00f3n de la pol\u00edtica de cookies. Las cookies son peque\u00f1as cantidades de informaci\u00f3n que se almacenan en el navegador utilizado por cada usuario para que el servidor recuerde cierta informaci\u00f3n que posteriormente solo el servidor que la implement\u00f3 podr\u00e1 leer. Las cookies tienen, generalmente, una duraci\u00f3n limitada en el tiempo. Ninguna cookie de este Sitio web permite que se pueda contactar con el n\u00famero de tel\u00e9fono del Usuario, su direcci\u00f3n de correo electr\u00f3nico o cualquier otro medio de contacto. Ninguna cookie de este Sitio web puede extraer informaci\u00f3n del disco duro del Usuario o almacenar datos personales. La \u00fanica manera, en este Sitio web, de que la informaci\u00f3n privada de un Usuario forme parte del archivo cookie es que el Usuario d\u00e9 personalmente esta informaci\u00f3n al servidor.<br \/>En particular, nuestra pol\u00edtica de cookies indica que nuestro Sitio web utiliza las siguientes:<\/p><h3>Cookies anal\u00edticas<\/h3><p>Las cookies anal\u00edticas recopilan informaci\u00f3n para evaluar el uso que hace el internauta de la web y la actividad general de la misma. La anal\u00edtica de la web es la medida, recolecci\u00f3n, an\u00e1lisis y creaci\u00f3n de informes de los datos de Internet con el prop\u00f3sito de entender y optimizar el uso del sitio web.<br \/>La aplicaci\u00f3n que utilizamos para obtener y analizar la informaci\u00f3n de la navegaci\u00f3n es: Google Analytics:<\/p><p>www.google.com\/analytics\/ y www.google.es\/analytics\/privacyoverview.html<\/p><p><strong>__utma:<\/strong>\u00a0google.com<br \/><strong>__utmb:<\/strong>\u00a0google.com<br \/><strong>__utmc:<\/strong>\u00a0google.com<br \/><strong>__utmz:<\/strong>\u00a0google.com<\/p><p><strong>Raz\u00f3n Social: Google Inc.<\/strong> 1600 Amphitheatre Parkway Mountain View, California CA 94043 USA<\/p><h3>Cookies sociales<\/h3><p>Las cookies sociales son necesarias para las redes sociales externas. Su funci\u00f3n es controlar la interacci\u00f3n con los botones sociales dentro de la p\u00e1gina.<br \/>El sitio web de aceweb.cat utiliza las siguientes Cookies sociales:<\/p><p>Twitter: about.twitter.com\/ y twitter.com\/privacy<br \/><strong>guest_id:<\/strong> twitter.com<br \/><strong>Raz\u00f3n Social: Twitter Inc.<\/strong> 1355 Market Street Suite 900 San Francisco, California CA 94103 USA<\/p><h3>Cookies t\u00e9cnicas<\/h3><p>Las cookies t\u00e9cnicas son las estrictamente necesarias para el buen funcionamiento de este espacio web.<br \/>El sitio web de aceweb.cat utiliza las siguientes Cookies t\u00e9cnicas:<br \/><strong>Banner Pol\u00edtica de Cookies: CWALLOWCOOKIES:<\/strong> Alerta para informar sobre la pol\u00edtica de cookies de aceweb.cat<\/p><h3>Cookies funcionales<\/h3><p>Las cookies funcionales son las estrictamente necesarias para proporcionar los servicios solicitados por los usuarios de este sitio web.<br \/>Cuando el Usuario hace clic en Aceptar en el bot\u00f3n de las Cookies, el Usuario acepta la utilizaci\u00f3n de cookies funcionales. En caso de que el Usuario no acepte la utilizaci\u00f3n de estas, deber\u00e1 deshabilitar su uso a trav\u00e9s de la configuraci\u00f3n de su navegador. En el caso de que se eliminen las cookies, la calidad y rapidez en la navegaci\u00f3n a trav\u00e9s del Sitio web puede disminuir.<\/p><p>La siguiente lista detalla las cookies utilizadas en nuestro sitio web.<\/p><h3>\u00bfC\u00f3mo deshabilitar las Cookies?<\/h3><p>Normalmente es posible dejar de aceptar el uso de cookies del navegador o dejar de aceptar las cookies de un servicio.<\/p><p>Todos los navegadores modernos permiten cambiar la configuraci\u00f3n de cookies. Estos ajustes suelen encontrarse en las &#8216;opciones&#8217; o &#8216;Preferencias&#8217; del men\u00fa de su navegador. Adem\u00e1s, puede configurar el navegador o el gestor de correo electr\u00f3nico, as\u00ed como instalar complementos gratuitos para evitar la descarga de web bugs al abrir un correo electr\u00f3nico. Estos son los pasos que debe seguir para acceder a la configuraci\u00f3n de las cookies y, si es necesario, a la navegaci\u00f3n privada en los principales navegadores:<\/p><p><strong>Internet Explorer:<\/strong><\/p><p>Herramientas -&gt; Opciones de Internet -&gt; Privacidad -&gt; Configuraci\u00f3n. Para obtener m\u00e1s informaci\u00f3n, puede consultar el <a href=\"http:\/\/windows.microsoft.com\/es-ES\/windows\/support\" target=\"_blank\" rel=\"noopener\">soporte de Microsoft<\/a> o la ayuda del navegador.<\/p><p><strong>Firefox:<\/strong><\/p><p>Herramientas -&gt; Opciones -&gt; Privacidad -&gt; Historial -&gt; Configuraci\u00f3n personalizada. Para obtener m\u00e1s informaci\u00f3n, puede consultar el <a href=\"http:\/\/support.mozilla.org\/es\/home\" target=\"_blank\" rel=\"noopener\">soporte de Mozilla<\/a> o la ayuda del navegador.<\/p><p><strong>Chrome:<\/strong><br \/>Configuraci\u00f3n -&gt; Mostrar opciones avanzadas -&gt; Privacidad -&gt; Configuraci\u00f3n de contenido. Para obtener m\u00e1s informaci\u00f3n, puede consultar el <a href=\"http:\/\/support.google.com\/chrome\/?hl=es\" target=\"_blank\" rel=\"noopener\">soporte de Google<\/a> o la ayuda del navegador.<\/p><p><strong>Safari:<\/strong><br \/>Preferencias -&gt; Seguridad. Para obtener m\u00e1s informaci\u00f3n, puede consultar el <a href=\"http:\/\/www.apple.com\/es\/support\/safari\/\" target=\"_blank\" rel=\"noopener\">soporte de Apple<\/a> o la ayuda del navegador.<\/p><p>Muchas gracias por aceptar nuestra pol\u00edtica de cookies. Le recomendamos que lea nuestro <a href=\"https:\/\/aceweb.cat\/es\/aviso-legal\/\">aviso legal<\/a> y nuestra <a href=\"https:\/\/aceweb.cat\/es\/politica-de-privacidad\/\">pol\u00edtica de privacidad<\/a>.<\/p>\t\t\t\t\t\t\t\t<\/div>\n\t\t\t\t<\/div>\n\t\t\t\t\t<\/div>\n\t\t\t\t<\/div>\n\t\t\t\t<\/div>\n\t\t","protected":false},"excerpt":{"rendered":"<p>Pol\u00edtica de cookies El acceso a este Sitio web puede implicar el uso de cookies y requiere la aceptaci\u00f3n de la pol\u00edtica de cookies. Las cookies son peque\u00f1as cantidades de informaci\u00f3n que se almacenan en el navegador utilizado por cada usuario para que el servidor recuerde cierta informaci\u00f3n que posteriormente solo el servidor que la &hellip;<\/p>\n<p class=\"read-more\"> <a class=\"\" href=\"https:\/\/aceweb.cat\/es\/politica-de-cookies\/\"> <span class=\"screen-reader-text\">Pol\u00edtica de cookies<\/span> Leer m\u00e1s &raquo;<\/a><\/p>\n","protected":false},"author":1,"featured_media":0,"parent":0,"menu_order":0,"comment_status":"closed","ping_status":"closed","template":"","meta":{"_acf_changed":false,"site-sidebar-layout":"no-sidebar","site-content-layout":"page-builder","ast-global-header-display":"","ast-main-header-display":"","ast-hfb-above-header-display":"","ast-hfb-below-header-display":"","ast-hfb-mobile-header-display":"","site-post-title":"disabled","ast-breadcrumbs-content":"","ast-featured-img":"disabled","footer-sml-layout":"","theme-transparent-header-meta":"","adv-header-id-meta":"","stick-header-meta":"","header-above-stick-meta":"","header-main-stick-meta":"","header-below-stick-meta":"","footnotes":""},"class_list":["post-40675","page","type-page","status-publish","hentry"],"acf":[],"yoast_head":"<!-- This site is optimized with the Yoast SEO plugin v27.1.1 - https:\/\/yoast.com\/product\/yoast-seo-wordpress\/ -->\n<title>Pol\u00edtica de cookies | ACE<\/title>\n<meta name=\"robots\" content=\"index, follow, max-snippet:-1, max-image-preview:large, max-video-preview:-1\" \/>\n<link rel=\"canonical\" href=\"https:\/\/aceweb.cat\/politica-de-cookies\/\" \/>\n<meta property=\"og:locale\" content=\"es_ES\" \/>\n<meta property=\"og:type\" content=\"article\" \/>\n<meta property=\"og:title\" content=\"Pol\u00edtica de cookies | ACE\" \/>\n<meta property=\"og:description\" content=\"Pol\u00edtica de cookies El acceso a este Sitio web puede implicar el uso de cookies y requiere la aceptaci\u00f3n de la pol\u00edtica de cookies. Las cookies son peque\u00f1as cantidades de informaci\u00f3n que se almacenan en el navegador utilizado por cada usuario para que el servidor recuerde cierta informaci\u00f3n que posteriormente solo el servidor que la &hellip; Pol\u00edtica de cookies Leer m\u00e1s &raquo;\" \/>\n<meta property=\"og:url\" content=\"https:\/\/aceweb.cat\/politica-de-cookies\/\" \/>\n<meta property=\"og:site_name\" content=\"aceweb.cat\" \/>\n<meta property=\"article:modified_time\" content=\"2023-06-07T08:35:36+00:00\" \/>\n<meta name=\"twitter:card\" content=\"summary_large_image\" \/>\n<meta name=\"twitter:label1\" content=\"Tiempo de lectura\" \/>\n\t<meta name=\"twitter:data1\" content=\"4 minutos\" \/>\n<script type=\"application\/ld+json\" class=\"yoast-schema-graph\">{\"@context\":\"https:\/\/schema.org\",\"@graph\":[{\"@type\":\"WebPage\",\"@id\":\"https:\/\/aceweb.cat\/politica-de-cookies\/\",\"url\":\"https:\/\/aceweb.cat\/politica-de-cookies\/\",\"name\":\"Pol\u00edtica de cookies | ACE\",\"isPartOf\":{\"@id\":\"https:\/\/aceweb.cat\/#website\"},\"datePublished\":\"2022-11-29T10:55:34+00:00\",\"dateModified\":\"2023-06-07T08:35:36+00:00\",\"breadcrumb\":{\"@id\":\"https:\/\/aceweb.cat\/politica-de-cookies\/#breadcrumb\"},\"inLanguage\":\"es\",\"potentialAction\":[{\"@type\":\"ReadAction\",\"target\":[\"https:\/\/aceweb.cat\/politica-de-cookies\/\"]}]},{\"@type\":\"BreadcrumbList\",\"@id\":\"https:\/\/aceweb.cat\/politica-de-cookies\/#breadcrumb\",\"itemListElement\":[{\"@type\":\"ListItem\",\"position\":1,\"name\":\"Inici\",\"item\":\"https:\/\/aceweb.cat\/\"},{\"@type\":\"ListItem\",\"position\":2,\"name\":\"Pol\u00edtica de cookies\"}]},{\"@type\":\"WebSite\",\"@id\":\"https:\/\/aceweb.cat\/#website\",\"url\":\"https:\/\/aceweb.cat\/\",\"name\":\"ACE\",\"description\":\"Associaci\u00f3 de Consultors d&#039;Estructures | ACE\",\"publisher\":{\"@id\":\"https:\/\/aceweb.cat\/#organization\"},\"alternateName\":\"ACE\",\"potentialAction\":[{\"@type\":\"SearchAction\",\"target\":{\"@type\":\"EntryPoint\",\"urlTemplate\":\"https:\/\/aceweb.cat\/?s={search_term_string}\"},\"query-input\":{\"@type\":\"PropertyValueSpecification\",\"valueRequired\":true,\"valueName\":\"search_term_string\"}}],\"inLanguage\":\"es\"},{\"@type\":\"Organization\",\"@id\":\"https:\/\/aceweb.cat\/#organization\",\"name\":\"ACE\",\"alternateName\":\"ACE\",\"url\":\"https:\/\/aceweb.cat\/\",\"logo\":{\"@type\":\"ImageObject\",\"inLanguage\":\"es\",\"@id\":\"https:\/\/aceweb.cat\/#\/schema\/logo\/image\/\",\"url\":\"https:\/\/aceweb.cat\/wp-content\/uploads\/2022\/10\/logo.svg\",\"contentUrl\":\"https:\/\/aceweb.cat\/wp-content\/uploads\/2022\/10\/logo.svg\",\"width\":1,\"height\":1,\"caption\":\"ACE\"},\"image\":{\"@id\":\"https:\/\/aceweb.cat\/#\/schema\/logo\/image\/\"}}]}<\/script>\n<!-- \/ Yoast SEO plugin. -->","yoast_head_json":{"title":"Pol\u00edtica de cookies | ACE","robots":{"index":"index","follow":"follow","max-snippet":"max-snippet:-1","max-image-preview":"max-image-preview:large","max-video-preview":"max-video-preview:-1"},"canonical":"https:\/\/aceweb.cat\/politica-de-cookies\/","og_locale":"es_ES","og_type":"article","og_title":"Pol\u00edtica de cookies | ACE","og_description":"Pol\u00edtica de cookies El acceso a este Sitio web puede implicar el uso de cookies y requiere la aceptaci\u00f3n de la pol\u00edtica de cookies. Las cookies son peque\u00f1as cantidades de informaci\u00f3n que se almacenan en el navegador utilizado por cada usuario para que el servidor recuerde cierta informaci\u00f3n que posteriormente solo el servidor que la &hellip; Pol\u00edtica de cookies Leer m\u00e1s &raquo;","og_url":"https:\/\/aceweb.cat\/politica-de-cookies\/","og_site_name":"aceweb.cat","article_modified_time":"2023-06-07T08:35:36+00:00","twitter_card":"summary_large_image","twitter_misc":{"Tiempo de lectura":"4 minutos"},"schema":{"@context":"https:\/\/schema.org","@graph":[{"@type":"WebPage","@id":"https:\/\/aceweb.cat\/politica-de-cookies\/","url":"https:\/\/aceweb.cat\/politica-de-cookies\/","name":"Pol\u00edtica de cookies | ACE","isPartOf":{"@id":"https:\/\/aceweb.cat\/#website"},"datePublished":"2022-11-29T10:55:34+00:00","dateModified":"2023-06-07T08:35:36+00:00","breadcrumb":{"@id":"https:\/\/aceweb.cat\/politica-de-cookies\/#breadcrumb"},"inLanguage":"es","potentialAction":[{"@type":"ReadAction","target":["https:\/\/aceweb.cat\/politica-de-cookies\/"]}]},{"@type":"BreadcrumbList","@id":"https:\/\/aceweb.cat\/politica-de-cookies\/#breadcrumb","itemListElement":[{"@type":"ListItem","position":1,"name":"Inici","item":"https:\/\/aceweb.cat\/"},{"@type":"ListItem","position":2,"name":"Pol\u00edtica de cookies"}]},{"@type":"WebSite","@id":"https:\/\/aceweb.cat\/#website","url":"https:\/\/aceweb.cat\/","name":"ACE","description":"Associaci\u00f3 de Consultors d&#039;Estructures | ACE","publisher":{"@id":"https:\/\/aceweb.cat\/#organization"},"alternateName":"ACE","potentialAction":[{"@type":"SearchAction","target":{"@type":"EntryPoint","urlTemplate":"https:\/\/aceweb.cat\/?s={search_term_string}"},"query-input":{"@type":"PropertyValueSpecification","valueRequired":true,"valueName":"search_term_string"}}],"inLanguage":"es"},{"@type":"Organization","@id":"https:\/\/aceweb.cat\/#organization","name":"ACE","alternateName":"ACE","url":"https:\/\/aceweb.cat\/","logo":{"@type":"ImageObject","inLanguage":"es","@id":"https:\/\/aceweb.cat\/#\/schema\/logo\/image\/","url":"https:\/\/aceweb.cat\/wp-content\/uploads\/2022\/10\/logo.svg","contentUrl":"https:\/\/aceweb.cat\/wp-content\/uploads\/2022\/10\/logo.svg","width":1,"height":1,"caption":"ACE"},"image":{"@id":"https:\/\/aceweb.cat\/#\/schema\/logo\/image\/"}}]}},"_links":{"self":[{"href":"https:\/\/aceweb.cat\/es\/wp-json\/wp\/v2\/pages\/40675","targetHints":{"allow":["GET"]}}],"collection":[{"href":"https:\/\/aceweb.cat\/es\/wp-json\/wp\/v2\/pages"}],"about":[{"href":"https:\/\/aceweb.cat\/es\/wp-json\/wp\/v2\/types\/page"}],"author":[{"embeddable":true,"href":"https:\/\/aceweb.cat\/es\/wp-json\/wp\/v2\/users\/1"}],"replies":[{"embeddable":true,"href":"https:\/\/aceweb.cat\/es\/wp-json\/wp\/v2\/comments?post=40675"}],"version-history":[{"count":3,"href":"https:\/\/aceweb.cat\/es\/wp-json\/wp\/v2\/pages\/40675\/revisions"}],"predecessor-version":[{"id":42542,"href":"https:\/\/aceweb.cat\/es\/wp-json\/wp\/v2\/pages\/40675\/revisions\/42542"}],"wp:attachment":[{"href":"https:\/\/aceweb.cat\/es\/wp-json\/wp\/v2\/media?parent=40675"}],"curies":[{"name":"wp","href":"https:\/\/api.w.org\/{rel}","templated":true}]}}