{"id":40677,"date":"2022-10-03T13:41:44","date_gmt":"2022-10-03T13:41:44","guid":{"rendered":"https:\/\/www.aceweb.advertis.es\/politica-de-privacidad\/"},"modified":"2023-06-07T08:41:12","modified_gmt":"2023-06-07T08:41:12","slug":"politica-de-privacidad","status":"publish","type":"page","link":"https:\/\/aceweb.cat\/es\/politica-de-privacidad\/","title":{"rendered":"Pol\u00edtica de privacidad"},"content":{"rendered":"\t\t<div data-elementor-type=\"wp-page\" data-elementor-id=\"40677\" class=\"elementor elementor-40677 elementor-5886\" data-elementor-post-type=\"page\">\n\t\t\t\t<div class=\"elementor-element elementor-element-3c4e7271 e-flex e-con-boxed e-con e-parent\" data-id=\"3c4e7271\" data-element_type=\"container\" data-e-type=\"container\">\n\t\t\t\t\t<div class=\"e-con-inner\">\n\t\t\t\t<div class=\"elementor-element elementor-element-b9cdf33 elementor-widget elementor-widget-text-editor\" data-id=\"b9cdf33\" data-element_type=\"widget\" data-e-type=\"widget\" data-widget_type=\"text-editor.default\">\n\t\t\t\t<div class=\"elementor-widget-container\">\n\t\t\t\t\t\t\t\t\t<h2><strong>Pol\u00edtica de privacidad<\/strong><\/h2>\n<h3>Denominaci\u00f3n social<\/h3>\nIdentidad: <strong>Associaci\u00f3 de Consultors d\u2019Estructures (ACE)<\/strong>\nDirecci\u00f3n postal: <strong>Jordi Girona, 1-3, Edifici Omega S207 \u2013 08034 Barcelona<\/strong>\nEmail: <strong><a href=\"mailto:dpd@aceweb.cat\">dpd@aceweb.cat<\/a><\/strong>\n<h3>Finalidad<\/h3>\n<strong>\u00bfPara qu\u00e9 utilizamos los datos?<\/strong>\nLa siguiente pol\u00edtica de privacidad establece los t\u00e9rminos con los que <strong>ACE<\/strong> tratar\u00e1 los datos personales; esto incluye cualquier dato personal recopilado a trav\u00e9s de nuestro sitio web www.aceweb.cat, as\u00ed como cualquier otro dato que tratemos en el ejercicio de nuestras actividades empresariales.\n\n<strong>ACE<\/strong> recopila los siguientes datos personales con las siguientes finalidades:\n\n<ul>\n   <li>Formulario de contacto del sitio web: los datos personales recopilados a trav\u00e9s de este formulario se utilizar\u00e1n exclusivamente para informarle sobre los servicios solicitados.<\/li>\n   <li>Prestaci\u00f3n del servicio: en caso de contratar alguno de nuestros servicios, sus datos personales se utilizar\u00e1n exclusivamente para la gesti\u00f3n administrativa relacionada con dicha contrataci\u00f3n.<\/li>\n   <li>Redes sociales: cualquier dato que nos proporcione o que pueda compartir a trav\u00e9s de las redes sociales en las que <strong>ACE<\/strong> tenga una cuenta activa se tratar\u00e1 de acuerdo con las Pol\u00edticas de Privacidad de cada red social. Le recomendamos que las lea y las revise peri\u00f3dicamente antes de interactuar con <strong>ACE<\/strong> a trav\u00e9s de dichas redes sociales.<\/li>\n<\/ul>\n<b>\u00bfCu\u00e1nto tiempo conservamos sus datos?<\/b>\nLos datos de posibles clientes que no contraten ning\u00fan servicio se eliminar\u00e1n autom\u00e1ticamente despu\u00e9s de un a\u00f1o desde el contacto, siempre y cuando el posible cliente no muestre un mayor inter\u00e9s en nuestros servicios o productos. En caso de contratar alg\u00fan servicio, los datos se tratar\u00e1n mientras dure la relaci\u00f3n comercial y, una vez concluida, durante el tiempo necesario para responder ante posibles responsabilidades legales, especialmente aquellas relacionadas con las garant\u00edas de bienes de consumo.\n\nEn caso de que nos brinde su consentimiento para informarle sobre nuestros productos o servicios, nuestra pol\u00edtica de privacidad indica que mantendremos sus datos hasta que nos manifieste su voluntad de no recibir m\u00e1s comunicaciones por nuestra parte.\n\n<h3>Legitimaci\u00f3n<\/h3>\nLos datos de los clientes ser\u00e1n tratados por <strong>ACE<\/strong>, as\u00ed como aquellos relacionados con los trabajadores, para el cumplimiento de la relaci\u00f3n contractual.\nSolo trataremos sus datos con fines promocionales si nos ha dado su consentimiento espec\u00edfico para ello. Siempre tendr\u00e1 la opci\u00f3n de revocar el consentimiento para el tratamiento de sus datos con estos fines.\n\n<h3>Destinatarios<\/h3>\n<strong>Cesiones de datos a terceros.<\/strong>\nSus datos personales no se ceder\u00e1n a terceros sin su consentimiento, a menos que la ley obligue a <strong>ACE<\/strong> a realizar dicha cesi\u00f3n de datos.\n<h3>Derechos<\/h3>\n<strong>Tiene derecho a:<\/strong>\n<ul>\n   <li>Acceder a los datos personales.<\/li>\n   <li>Rectificar los datos personales.<\/li>\n   <li>Eliminar los datos personales.<\/li>\n   <li>Presentar una denuncia o un escrito para la protecci\u00f3n de tus derechos ante la Agencia Espa\u00f1ola de Protecci\u00f3n de Datos o ante la agencia auton\u00f3mica de protecci\u00f3n de datos, en caso de que exista.<\/li>\n   <li>Ser informado de cualquier incidencia de seguridad que pueda afectar tus derechos.<\/li>\n<\/ul>\n<div>Muchas gracias por aceptar nuestra pol\u00edtica de privacidad. Tambi\u00e9n te recomendamos leer el <a href=\"https:\/\/aceweb.cat\/es\/aviso-legal\/\">aviso legal<\/a> y la <a href=\"https:\/\/aceweb.cat\/es\/politica-de-cookies\/\">pol\u00edtica de cookies<\/a>. Sitio web de la agencia de <a href=\"https:\/\/www.aepd.es\/es\">protecci\u00f3n de datos.eu<\/a>.<\/div>\t\t\t\t\t\t\t\t<\/div>\n\t\t\t\t<\/div>\n\t\t\t\t\t<\/div>\n\t\t\t\t<\/div>\n\t\t\t\t<\/div>\n\t\t","protected":false},"excerpt":{"rendered":"<p>Pol\u00edtica de privacidad Denominaci\u00f3n social Identidad: Associaci\u00f3 de Consultors d\u2019Estructures (ACE) Direcci\u00f3n postal: Jordi Girona, 1-3, Edifici Omega S207 \u2013 08034 Barcelona Email: dpd@aceweb.cat Finalidad \u00bfPara qu\u00e9 utilizamos los datos? La siguiente pol\u00edtica de privacidad establece los t\u00e9rminos con los que ACE tratar\u00e1 los datos personales; esto incluye cualquier dato personal recopilado a trav\u00e9s de &hellip;<\/p>\n<p class=\"read-more\"> <a class=\"\" href=\"https:\/\/aceweb.cat\/es\/politica-de-privacidad\/\"> <span class=\"screen-reader-text\">Pol\u00edtica de privacidad<\/span> Leer m\u00e1s &raquo;<\/a><\/p>\n","protected":false},"author":339,"featured_media":0,"parent":0,"menu_order":0,"comment_status":"closed","ping_status":"closed","template":"","meta":{"_acf_changed":false,"site-sidebar-layout":"no-sidebar","site-content-layout":"page-builder","ast-global-header-display":"","ast-main-header-display":"","ast-hfb-above-header-display":"","ast-hfb-below-header-display":"","ast-hfb-mobile-header-display":"","site-post-title":"disabled","ast-breadcrumbs-content":"","ast-featured-img":"disabled","footer-sml-layout":"","theme-transparent-header-meta":"","adv-header-id-meta":"","stick-header-meta":"","header-above-stick-meta":"","header-main-stick-meta":"","header-below-stick-meta":"","footnotes":""},"class_list":["post-40677","page","type-page","status-publish","hentry"],"acf":[],"yoast_head":"<!-- This site is optimized with the Yoast SEO plugin v27.1.1 - https:\/\/yoast.com\/product\/yoast-seo-wordpress\/ -->\n<title>Pol\u00edtica de privacidad | ACE<\/title>\n<meta name=\"robots\" content=\"index, follow, max-snippet:-1, max-image-preview:large, max-video-preview:-1\" \/>\n<link rel=\"canonical\" href=\"https:\/\/aceweb.cat\/politica-de-privacitat\/\" \/>\n<meta property=\"og:locale\" content=\"es_ES\" \/>\n<meta property=\"og:type\" content=\"article\" \/>\n<meta property=\"og:title\" content=\"Pol\u00edtica de privacidad | ACE\" \/>\n<meta property=\"og:description\" content=\"Pol\u00edtica de privacidad Denominaci\u00f3n social Identidad: Associaci\u00f3 de Consultors d\u2019Estructures (ACE) Direcci\u00f3n postal: Jordi Girona, 1-3, Edifici Omega S207 \u2013 08034 Barcelona Email: dpd@aceweb.cat Finalidad \u00bfPara qu\u00e9 utilizamos los datos? La siguiente pol\u00edtica de privacidad establece los t\u00e9rminos con los que ACE tratar\u00e1 los datos personales; esto incluye cualquier dato personal recopilado a trav\u00e9s de &hellip; Pol\u00edtica de privacidad Leer m\u00e1s &raquo;\" \/>\n<meta property=\"og:url\" content=\"https:\/\/aceweb.cat\/politica-de-privacitat\/\" \/>\n<meta property=\"og:site_name\" content=\"aceweb.cat\" \/>\n<meta property=\"article:modified_time\" content=\"2023-06-07T08:41:12+00:00\" \/>\n<meta name=\"twitter:card\" content=\"summary_large_image\" \/>\n<meta name=\"twitter:label1\" content=\"Tiempo de lectura\" \/>\n\t<meta name=\"twitter:data1\" content=\"3 minutos\" \/>\n<script type=\"application\/ld+json\" class=\"yoast-schema-graph\">{\"@context\":\"https:\/\/schema.org\",\"@graph\":[{\"@type\":\"WebPage\",\"@id\":\"https:\/\/aceweb.cat\/politica-de-privacitat\/\",\"url\":\"https:\/\/aceweb.cat\/politica-de-privacitat\/\",\"name\":\"Pol\u00edtica de privacidad | ACE\",\"isPartOf\":{\"@id\":\"https:\/\/aceweb.cat\/#website\"},\"datePublished\":\"2022-10-03T13:41:44+00:00\",\"dateModified\":\"2023-06-07T08:41:12+00:00\",\"breadcrumb\":{\"@id\":\"https:\/\/aceweb.cat\/politica-de-privacitat\/#breadcrumb\"},\"inLanguage\":\"es\",\"potentialAction\":[{\"@type\":\"ReadAction\",\"target\":[\"https:\/\/aceweb.cat\/politica-de-privacitat\/\"]}]},{\"@type\":\"BreadcrumbList\",\"@id\":\"https:\/\/aceweb.cat\/politica-de-privacitat\/#breadcrumb\",\"itemListElement\":[{\"@type\":\"ListItem\",\"position\":1,\"name\":\"Inici\",\"item\":\"https:\/\/aceweb.cat\/\"},{\"@type\":\"ListItem\",\"position\":2,\"name\":\"Pol\u00edtica de privacidad\"}]},{\"@type\":\"WebSite\",\"@id\":\"https:\/\/aceweb.cat\/#website\",\"url\":\"https:\/\/aceweb.cat\/\",\"name\":\"ACE\",\"description\":\"Associaci\u00f3 de Consultors d&#039;Estructures | ACE\",\"publisher\":{\"@id\":\"https:\/\/aceweb.cat\/#organization\"},\"alternateName\":\"ACE\",\"potentialAction\":[{\"@type\":\"SearchAction\",\"target\":{\"@type\":\"EntryPoint\",\"urlTemplate\":\"https:\/\/aceweb.cat\/?s={search_term_string}\"},\"query-input\":{\"@type\":\"PropertyValueSpecification\",\"valueRequired\":true,\"valueName\":\"search_term_string\"}}],\"inLanguage\":\"es\"},{\"@type\":\"Organization\",\"@id\":\"https:\/\/aceweb.cat\/#organization\",\"name\":\"ACE\",\"alternateName\":\"ACE\",\"url\":\"https:\/\/aceweb.cat\/\",\"logo\":{\"@type\":\"ImageObject\",\"inLanguage\":\"es\",\"@id\":\"https:\/\/aceweb.cat\/#\/schema\/logo\/image\/\",\"url\":\"https:\/\/aceweb.cat\/wp-content\/uploads\/2022\/10\/logo.svg\",\"contentUrl\":\"https:\/\/aceweb.cat\/wp-content\/uploads\/2022\/10\/logo.svg\",\"width\":1,\"height\":1,\"caption\":\"ACE\"},\"image\":{\"@id\":\"https:\/\/aceweb.cat\/#\/schema\/logo\/image\/\"}}]}<\/script>\n<!-- \/ Yoast SEO plugin. -->","yoast_head_json":{"title":"Pol\u00edtica de privacidad | ACE","robots":{"index":"index","follow":"follow","max-snippet":"max-snippet:-1","max-image-preview":"max-image-preview:large","max-video-preview":"max-video-preview:-1"},"canonical":"https:\/\/aceweb.cat\/politica-de-privacitat\/","og_locale":"es_ES","og_type":"article","og_title":"Pol\u00edtica de privacidad | ACE","og_description":"Pol\u00edtica de privacidad Denominaci\u00f3n social Identidad: Associaci\u00f3 de Consultors d\u2019Estructures (ACE) Direcci\u00f3n postal: Jordi Girona, 1-3, Edifici Omega S207 \u2013 08034 Barcelona Email: dpd@aceweb.cat Finalidad \u00bfPara qu\u00e9 utilizamos los datos? La siguiente pol\u00edtica de privacidad establece los t\u00e9rminos con los que ACE tratar\u00e1 los datos personales; esto incluye cualquier dato personal recopilado a trav\u00e9s de &hellip; Pol\u00edtica de privacidad Leer m\u00e1s &raquo;","og_url":"https:\/\/aceweb.cat\/politica-de-privacitat\/","og_site_name":"aceweb.cat","article_modified_time":"2023-06-07T08:41:12+00:00","twitter_card":"summary_large_image","twitter_misc":{"Tiempo de lectura":"3 minutos"},"schema":{"@context":"https:\/\/schema.org","@graph":[{"@type":"WebPage","@id":"https:\/\/aceweb.cat\/politica-de-privacitat\/","url":"https:\/\/aceweb.cat\/politica-de-privacitat\/","name":"Pol\u00edtica de privacidad | ACE","isPartOf":{"@id":"https:\/\/aceweb.cat\/#website"},"datePublished":"2022-10-03T13:41:44+00:00","dateModified":"2023-06-07T08:41:12+00:00","breadcrumb":{"@id":"https:\/\/aceweb.cat\/politica-de-privacitat\/#breadcrumb"},"inLanguage":"es","potentialAction":[{"@type":"ReadAction","target":["https:\/\/aceweb.cat\/politica-de-privacitat\/"]}]},{"@type":"BreadcrumbList","@id":"https:\/\/aceweb.cat\/politica-de-privacitat\/#breadcrumb","itemListElement":[{"@type":"ListItem","position":1,"name":"Inici","item":"https:\/\/aceweb.cat\/"},{"@type":"ListItem","position":2,"name":"Pol\u00edtica de privacidad"}]},{"@type":"WebSite","@id":"https:\/\/aceweb.cat\/#website","url":"https:\/\/aceweb.cat\/","name":"ACE","description":"Associaci\u00f3 de Consultors d&#039;Estructures | ACE","publisher":{"@id":"https:\/\/aceweb.cat\/#organization"},"alternateName":"ACE","potentialAction":[{"@type":"SearchAction","target":{"@type":"EntryPoint","urlTemplate":"https:\/\/aceweb.cat\/?s={search_term_string}"},"query-input":{"@type":"PropertyValueSpecification","valueRequired":true,"valueName":"search_term_string"}}],"inLanguage":"es"},{"@type":"Organization","@id":"https:\/\/aceweb.cat\/#organization","name":"ACE","alternateName":"ACE","url":"https:\/\/aceweb.cat\/","logo":{"@type":"ImageObject","inLanguage":"es","@id":"https:\/\/aceweb.cat\/#\/schema\/logo\/image\/","url":"https:\/\/aceweb.cat\/wp-content\/uploads\/2022\/10\/logo.svg","contentUrl":"https:\/\/aceweb.cat\/wp-content\/uploads\/2022\/10\/logo.svg","width":1,"height":1,"caption":"ACE"},"image":{"@id":"https:\/\/aceweb.cat\/#\/schema\/logo\/image\/"}}]}},"_links":{"self":[{"href":"https:\/\/aceweb.cat\/es\/wp-json\/wp\/v2\/pages\/40677","targetHints":{"allow":["GET"]}}],"collection":[{"href":"https:\/\/aceweb.cat\/es\/wp-json\/wp\/v2\/pages"}],"about":[{"href":"https:\/\/aceweb.cat\/es\/wp-json\/wp\/v2\/types\/page"}],"author":[{"embeddable":true,"href":"https:\/\/aceweb.cat\/es\/wp-json\/wp\/v2\/users\/339"}],"replies":[{"embeddable":true,"href":"https:\/\/aceweb.cat\/es\/wp-json\/wp\/v2\/comments?post=40677"}],"version-history":[{"count":3,"href":"https:\/\/aceweb.cat\/es\/wp-json\/wp\/v2\/pages\/40677\/revisions"}],"predecessor-version":[{"id":42547,"href":"https:\/\/aceweb.cat\/es\/wp-json\/wp\/v2\/pages\/40677\/revisions\/42547"}],"wp:attachment":[{"href":"https:\/\/aceweb.cat\/es\/wp-json\/wp\/v2\/media?parent=40677"}],"curies":[{"name":"wp","href":"https:\/\/api.w.org\/{rel}","templated":true}]}}