{"id":38687,"date":"2023-02-28T10:46:57","date_gmt":"2023-02-28T10:46:57","guid":{"rendered":"https:\/\/www.aceweb.advertis.es\/producto\/libro-iv-congreso-de-consultores-de-estructuras-pdf-descargable\/"},"modified":"2023-03-22T15:47:11","modified_gmt":"2023-03-22T15:47:11","slug":"libro-iv-congreso-de-consultores-de-estructuras-pdf-descargable","status":"publish","type":"product","link":"https:\/\/aceweb.cat\/es\/producto\/libro-iv-congreso-de-consultores-de-estructuras-pdf-descargable\/","title":{"rendered":"Libro IV Congreso de Consultores de Estructuras &#8211; PDF descargable"},"content":{"rendered":"<p>En formato digital descargable<\/p>\n<h2><strong>1. REHABILITACI\u00d3N Y DIAGNOSIS<\/strong><\/h2>\n<h2><strong>2. REHABILITACI\u00d3N Y REFUERZOS (ACTUACIONES)<\/strong><\/h2>\n<h2><strong>3. HERRAMIENTAS DE C\u00c1LCULO<\/strong><\/h2>\n<h2><strong>4. PROYECTOS Y REALIZACIONES<\/strong><\/h2>\n<h2><strong>5. GEOTECN\u00cdA Y CIMIENTOS<\/strong><\/h2>\n<h2><strong>6. OTROS TEMAS ESTRUCTURALES<\/strong><\/h2>\n<h2><strong>7. SISMO<\/strong><\/h2>\n<h2><strong>8. SOSTENIBILIDAD<\/strong><\/h2>\n<h2><strong>9. ENTREVISTAS<\/strong><\/h2>\n","protected":false},"excerpt":{"rendered":"<p>La Asociaci\u00f3n de Consultores de Estructuras (ACE) ha celebrado este pasado 5, 6 y 7 de octubre su IV Congreso. El evento, que ha tenido lugar en Barcelona, se ha llevado a cabo durante tres d\u00edas y ha contado con un programa cargado de mesas redondas interesantes y ponencias lideradas por profesionales dentro del mundo de la consultor\u00eda de estructuras, la ingenier\u00eda o la arquitectura.<\/p>\n<p>Montse Bosch, Pere Roca y Juan P\u00e9rez Valc\u00e1rcel son algunos de los expertos que han expuesto varios temas de inter\u00e9s en sus ponencias.<\/p>\n","protected":false},"featured_media":38356,"template":"","meta":{"_acf_changed":false,"site-sidebar-layout":"default","site-content-layout":"default","ast-global-header-display":"","ast-main-header-display":"","ast-hfb-above-header-display":"","ast-hfb-below-header-display":"","ast-hfb-mobile-header-display":"","site-post-title":"","ast-breadcrumbs-content":"","ast-featured-img":"","footer-sml-layout":"","theme-transparent-header-meta":"default","adv-header-id-meta":"","stick-header-meta":"","header-above-stick-meta":"","header-main-stick-meta":"","header-below-stick-meta":""},"product_brand":[],"product_cat":[530],"product_tag":[],"class_list":{"0":"post-38687","1":"product","2":"type-product","3":"status-publish","4":"has-post-thumbnail","6":"product_cat-otros","7":"desktop-align-left","8":"tablet-align-left","9":"mobile-align-left","11":"first","12":"instock","13":"downloadable","14":"virtual","15":"taxable","16":"purchasable","17":"product-type-simple"},"acf":[],"yoast_head":"<!-- This site is optimized with the Yoast SEO plugin v27.1.1 - https:\/\/yoast.com\/product\/yoast-seo-wordpress\/ -->\n<title>Libro IV Congreso de Consultores de Estructuras - PDF descargable | ACE<\/title>\n<meta name=\"description\" content=\"Libro contenido IV Congreso. La Asociaci\u00f3n de Consultores de Estructuras (ACE) ha celebrado este pasado 5, 6 y 7 de octubre de 2022 su IV Congreso.\" \/>\n<meta name=\"robots\" content=\"index, follow, max-snippet:-1, max-image-preview:large, max-video-preview:-1\" \/>\n<link rel=\"canonical\" href=\"https:\/\/aceweb.cat\/es\/producto\/libro-iv-congreso-de-consultores-de-estructuras-pdf-descargable\/\" \/>\n<meta property=\"og:locale\" content=\"es_ES\" \/>\n<meta property=\"og:type\" content=\"article\" \/>\n<meta property=\"og:title\" content=\"Libro IV Congreso de Consultores de Estructuras - PDF descargable | ACE\" \/>\n<meta property=\"og:description\" content=\"Libro contenido IV Congreso. La Asociaci\u00f3n de Consultores de Estructuras (ACE) ha celebrado este pasado 5, 6 y 7 de octubre de 2022 su IV Congreso.\" \/>\n<meta property=\"og:url\" content=\"https:\/\/aceweb.cat\/es\/producto\/libro-iv-congreso-de-consultores-de-estructuras-pdf-descargable\/\" \/>\n<meta property=\"og:site_name\" content=\"aceweb.cat\" \/>\n<meta property=\"article:modified_time\" content=\"2023-03-22T15:47:11+00:00\" \/>\n<meta property=\"og:image\" content=\"https:\/\/aceweb.cat\/wp-content\/uploads\/2023\/01\/ACE-Libro-IV-Congreso.jpg\" \/>\n\t<meta property=\"og:image:width\" content=\"724\" \/>\n\t<meta property=\"og:image:height\" content=\"1024\" \/>\n\t<meta property=\"og:image:type\" content=\"image\/jpeg\" \/>\n<meta name=\"twitter:card\" content=\"summary_large_image\" \/>\n<script type=\"application\/ld+json\" class=\"yoast-schema-graph\">{\"@context\":\"https:\/\/schema.org\",\"@graph\":[{\"@type\":\"WebPage\",\"@id\":\"https:\/\/aceweb.cat\/es\/producto\/libro-iv-congreso-de-consultores-de-estructuras-pdf-descargable\/\",\"url\":\"https:\/\/aceweb.cat\/es\/producto\/libro-iv-congreso-de-consultores-de-estructuras-pdf-descargable\/\",\"name\":\"Libro IV Congreso de Consultores de Estructuras - PDF descargable | ACE\",\"isPartOf\":{\"@id\":\"https:\/\/aceweb.cat\/#website\"},\"primaryImageOfPage\":{\"@id\":\"https:\/\/aceweb.cat\/es\/producto\/libro-iv-congreso-de-consultores-de-estructuras-pdf-descargable\/#primaryimage\"},\"image\":{\"@id\":\"https:\/\/aceweb.cat\/es\/producto\/libro-iv-congreso-de-consultores-de-estructuras-pdf-descargable\/#primaryimage\"},\"thumbnailUrl\":\"https:\/\/aceweb.cat\/wp-content\/uploads\/2023\/01\/ACE-Libro-IV-Congreso.jpg\",\"datePublished\":\"2023-02-28T10:46:57+00:00\",\"dateModified\":\"2023-03-22T15:47:11+00:00\",\"description\":\"Libro contenido IV Congreso. La Asociaci\u00f3n de Consultores de Estructuras (ACE) ha celebrado este pasado 5, 6 y 7 de octubre de 2022 su IV Congreso.\",\"breadcrumb\":{\"@id\":\"https:\/\/aceweb.cat\/es\/producto\/libro-iv-congreso-de-consultores-de-estructuras-pdf-descargable\/#breadcrumb\"},\"inLanguage\":\"es\",\"potentialAction\":[{\"@type\":\"ReadAction\",\"target\":[\"https:\/\/aceweb.cat\/es\/producto\/libro-iv-congreso-de-consultores-de-estructuras-pdf-descargable\/\"]}]},{\"@type\":\"ImageObject\",\"inLanguage\":\"es\",\"@id\":\"https:\/\/aceweb.cat\/es\/producto\/libro-iv-congreso-de-consultores-de-estructuras-pdf-descargable\/#primaryimage\",\"url\":\"https:\/\/aceweb.cat\/wp-content\/uploads\/2023\/01\/ACE-Libro-IV-Congreso.jpg\",\"contentUrl\":\"https:\/\/aceweb.cat\/wp-content\/uploads\/2023\/01\/ACE-Libro-IV-Congreso.jpg\",\"width\":724,\"height\":1024,\"caption\":\"ACE-Libro-III-Congreso\"},{\"@type\":\"BreadcrumbList\",\"@id\":\"https:\/\/aceweb.cat\/es\/producto\/libro-iv-congreso-de-consultores-de-estructuras-pdf-descargable\/#breadcrumb\",\"itemListElement\":[{\"@type\":\"ListItem\",\"position\":1,\"name\":\"Inici\",\"item\":\"https:\/\/aceweb.cat\/\"},{\"@type\":\"ListItem\",\"position\":2,\"name\":\"Tienda\",\"item\":\"https:\/\/aceweb.cat\/es\/tienda\/\"},{\"@type\":\"ListItem\",\"position\":3,\"name\":\"Altres\",\"item\":\"https:\/\/aceweb.cat\/categoria-producte\/altres\/\"},{\"@type\":\"ListItem\",\"position\":4,\"name\":\"Libro IV Congreso de Consultores de Estructuras &#8211; PDF descargable\"}]},{\"@type\":\"WebSite\",\"@id\":\"https:\/\/aceweb.cat\/#website\",\"url\":\"https:\/\/aceweb.cat\/\",\"name\":\"ACE\",\"description\":\"Associaci\u00f3 de Consultors d&#039;Estructures | ACE\",\"publisher\":{\"@id\":\"https:\/\/aceweb.cat\/#organization\"},\"alternateName\":\"ACE\",\"potentialAction\":[{\"@type\":\"SearchAction\",\"target\":{\"@type\":\"EntryPoint\",\"urlTemplate\":\"https:\/\/aceweb.cat\/?s={search_term_string}\"},\"query-input\":{\"@type\":\"PropertyValueSpecification\",\"valueRequired\":true,\"valueName\":\"search_term_string\"}}],\"inLanguage\":\"es\"},{\"@type\":\"Organization\",\"@id\":\"https:\/\/aceweb.cat\/#organization\",\"name\":\"ACE\",\"alternateName\":\"ACE\",\"url\":\"https:\/\/aceweb.cat\/\",\"logo\":{\"@type\":\"ImageObject\",\"inLanguage\":\"es\",\"@id\":\"https:\/\/aceweb.cat\/#\/schema\/logo\/image\/\",\"url\":\"https:\/\/aceweb.cat\/wp-content\/uploads\/2022\/10\/logo.svg\",\"contentUrl\":\"https:\/\/aceweb.cat\/wp-content\/uploads\/2022\/10\/logo.svg\",\"width\":1,\"height\":1,\"caption\":\"ACE\"},\"image\":{\"@id\":\"https:\/\/aceweb.cat\/#\/schema\/logo\/image\/\"}}]}<\/script>\n<!-- \/ Yoast SEO plugin. -->","yoast_head_json":{"title":"Libro IV Congreso de Consultores de Estructuras - PDF descargable | ACE","description":"Libro contenido IV Congreso. La Asociaci\u00f3n de Consultores de Estructuras (ACE) ha celebrado este pasado 5, 6 y 7 de octubre de 2022 su IV Congreso.","robots":{"index":"index","follow":"follow","max-snippet":"max-snippet:-1","max-image-preview":"max-image-preview:large","max-video-preview":"max-video-preview:-1"},"canonical":"https:\/\/aceweb.cat\/es\/producto\/libro-iv-congreso-de-consultores-de-estructuras-pdf-descargable\/","og_locale":"es_ES","og_type":"article","og_title":"Libro IV Congreso de Consultores de Estructuras - PDF descargable | ACE","og_description":"Libro contenido IV Congreso. La Asociaci\u00f3n de Consultores de Estructuras (ACE) ha celebrado este pasado 5, 6 y 7 de octubre de 2022 su IV Congreso.","og_url":"https:\/\/aceweb.cat\/es\/producto\/libro-iv-congreso-de-consultores-de-estructuras-pdf-descargable\/","og_site_name":"aceweb.cat","article_modified_time":"2023-03-22T15:47:11+00:00","og_image":[{"width":724,"height":1024,"url":"https:\/\/aceweb.cat\/wp-content\/uploads\/2023\/01\/ACE-Libro-IV-Congreso.jpg","type":"image\/jpeg"}],"twitter_card":"summary_large_image","schema":{"@context":"https:\/\/schema.org","@graph":[{"@type":"WebPage","@id":"https:\/\/aceweb.cat\/es\/producto\/libro-iv-congreso-de-consultores-de-estructuras-pdf-descargable\/","url":"https:\/\/aceweb.cat\/es\/producto\/libro-iv-congreso-de-consultores-de-estructuras-pdf-descargable\/","name":"Libro IV Congreso de Consultores de Estructuras - PDF descargable | ACE","isPartOf":{"@id":"https:\/\/aceweb.cat\/#website"},"primaryImageOfPage":{"@id":"https:\/\/aceweb.cat\/es\/producto\/libro-iv-congreso-de-consultores-de-estructuras-pdf-descargable\/#primaryimage"},"image":{"@id":"https:\/\/aceweb.cat\/es\/producto\/libro-iv-congreso-de-consultores-de-estructuras-pdf-descargable\/#primaryimage"},"thumbnailUrl":"https:\/\/aceweb.cat\/wp-content\/uploads\/2023\/01\/ACE-Libro-IV-Congreso.jpg","datePublished":"2023-02-28T10:46:57+00:00","dateModified":"2023-03-22T15:47:11+00:00","description":"Libro contenido IV Congreso. La Asociaci\u00f3n de Consultores de Estructuras (ACE) ha celebrado este pasado 5, 6 y 7 de octubre de 2022 su IV Congreso.","breadcrumb":{"@id":"https:\/\/aceweb.cat\/es\/producto\/libro-iv-congreso-de-consultores-de-estructuras-pdf-descargable\/#breadcrumb"},"inLanguage":"es","potentialAction":[{"@type":"ReadAction","target":["https:\/\/aceweb.cat\/es\/producto\/libro-iv-congreso-de-consultores-de-estructuras-pdf-descargable\/"]}]},{"@type":"ImageObject","inLanguage":"es","@id":"https:\/\/aceweb.cat\/es\/producto\/libro-iv-congreso-de-consultores-de-estructuras-pdf-descargable\/#primaryimage","url":"https:\/\/aceweb.cat\/wp-content\/uploads\/2023\/01\/ACE-Libro-IV-Congreso.jpg","contentUrl":"https:\/\/aceweb.cat\/wp-content\/uploads\/2023\/01\/ACE-Libro-IV-Congreso.jpg","width":724,"height":1024,"caption":"ACE-Libro-III-Congreso"},{"@type":"BreadcrumbList","@id":"https:\/\/aceweb.cat\/es\/producto\/libro-iv-congreso-de-consultores-de-estructuras-pdf-descargable\/#breadcrumb","itemListElement":[{"@type":"ListItem","position":1,"name":"Inici","item":"https:\/\/aceweb.cat\/"},{"@type":"ListItem","position":2,"name":"Tienda","item":"https:\/\/aceweb.cat\/es\/tienda\/"},{"@type":"ListItem","position":3,"name":"Altres","item":"https:\/\/aceweb.cat\/categoria-producte\/altres\/"},{"@type":"ListItem","position":4,"name":"Libro IV Congreso de Consultores de Estructuras &#8211; PDF descargable"}]},{"@type":"WebSite","@id":"https:\/\/aceweb.cat\/#website","url":"https:\/\/aceweb.cat\/","name":"ACE","description":"Associaci\u00f3 de Consultors d&#039;Estructures | ACE","publisher":{"@id":"https:\/\/aceweb.cat\/#organization"},"alternateName":"ACE","potentialAction":[{"@type":"SearchAction","target":{"@type":"EntryPoint","urlTemplate":"https:\/\/aceweb.cat\/?s={search_term_string}"},"query-input":{"@type":"PropertyValueSpecification","valueRequired":true,"valueName":"search_term_string"}}],"inLanguage":"es"},{"@type":"Organization","@id":"https:\/\/aceweb.cat\/#organization","name":"ACE","alternateName":"ACE","url":"https:\/\/aceweb.cat\/","logo":{"@type":"ImageObject","inLanguage":"es","@id":"https:\/\/aceweb.cat\/#\/schema\/logo\/image\/","url":"https:\/\/aceweb.cat\/wp-content\/uploads\/2022\/10\/logo.svg","contentUrl":"https:\/\/aceweb.cat\/wp-content\/uploads\/2022\/10\/logo.svg","width":1,"height":1,"caption":"ACE"},"image":{"@id":"https:\/\/aceweb.cat\/#\/schema\/logo\/image\/"}}]}},"_links":{"self":[{"href":"https:\/\/aceweb.cat\/es\/wp-json\/wp\/v2\/product\/38687","targetHints":{"allow":["GET"]}}],"collection":[{"href":"https:\/\/aceweb.cat\/es\/wp-json\/wp\/v2\/product"}],"about":[{"href":"https:\/\/aceweb.cat\/es\/wp-json\/wp\/v2\/types\/product"}],"version-history":[{"count":2,"href":"https:\/\/aceweb.cat\/es\/wp-json\/wp\/v2\/product\/38687\/revisions"}],"predecessor-version":[{"id":40989,"href":"https:\/\/aceweb.cat\/es\/wp-json\/wp\/v2\/product\/38687\/revisions\/40989"}],"wp:featuredmedia":[{"embeddable":true,"href":"https:\/\/aceweb.cat\/es\/wp-json\/wp\/v2\/media\/38356"}],"wp:attachment":[{"href":"https:\/\/aceweb.cat\/es\/wp-json\/wp\/v2\/media?parent=38687"}],"wp:term":[{"taxonomy":"product_brand","embeddable":true,"href":"https:\/\/aceweb.cat\/es\/wp-json\/wp\/v2\/product_brand?post=38687"},{"taxonomy":"product_cat","embeddable":true,"href":"https:\/\/aceweb.cat\/es\/wp-json\/wp\/v2\/product_cat?post=38687"},{"taxonomy":"product_tag","embeddable":true,"href":"https:\/\/aceweb.cat\/es\/wp-json\/wp\/v2\/product_tag?post=38687"}],"curies":[{"name":"wp","href":"https:\/\/api.w.org\/{rel}","templated":true}]}}