{"id":39544,"date":"2023-01-23T10:00:15","date_gmt":"2023-01-23T10:00:15","guid":{"rendered":"https:\/\/www.aceweb.advertis.es\/producto\/monografico-1-2edicion\/"},"modified":"2023-05-04T11:29:52","modified_gmt":"2023-05-04T11:29:52","slug":"monografico-1-2edicion","status":"publish","type":"product","link":"https:\/\/aceweb.cat\/es\/producto\/monografico-1-2edicion\/","title":{"rendered":"Monogr\u00e1fico 1. LA FIBRA DE CARBONO EN REFUERZO DE ESTRUCTURAS DE HORMIG\u00d3N. Segunda edici\u00f3n (2021)"},"content":{"rendered":"<p>Esta segunda edici\u00f3n de la publicaci\u00f3n contempla el c\u00e1lculo de refuerzos de p\u00f3rticos y vigas continuas de secci\u00f3n T o rectangular, teniendo en cuenta los criterios de la pre normativa de la FIB 90 y la EHE 08.<\/p>\n<p>Ha sido el fruto del trabajo realizado por la Comisi\u00f3n de Fibras de Carbono de la ACE surgida de la Comisi\u00f3n de Rehabilitaci\u00f3n y formada por los siguientes miembros asociados: Josep Baquer, Josep Pugibet, Jos\u00e9 E. Herrero (PROPAMSA-BETEC), Oscar Ag\u00fcera (MAPEI), \u00c1lex Calvo (MASTER BUILDERS), Juan Pablo Gonz\u00e1lez (GRUPO PUMA), Borja Jim\u00e9nez (SIKA).<\/p>\n","protected":false},"excerpt":{"rendered":"<p>Esta segunda edici\u00f3n de la publicaci\u00f3n contempla el c\u00e1lculo de refuerzos de p\u00f3rticos y vigas continuas de secci\u00f3n T o rectangular, teniendo en cuenta los criterios de la pre normativa de la FIB 90 y la EHE 08. Ha sido el fruto del trabajo realizado por la Comisi\u00f3n de Fibras de Carbono de la ACE.<\/p>\n","protected":false},"featured_media":36599,"template":"","meta":{"_acf_changed":false,"site-sidebar-layout":"default","site-content-layout":"default","ast-global-header-display":"","ast-main-header-display":"","ast-hfb-above-header-display":"","ast-hfb-below-header-display":"","ast-hfb-mobile-header-display":"","site-post-title":"","ast-breadcrumbs-content":"","ast-featured-img":"","footer-sml-layout":"","theme-transparent-header-meta":"default","adv-header-id-meta":"","stick-header-meta":"","header-above-stick-meta":"","header-main-stick-meta":"","header-below-stick-meta":""},"product_brand":[],"product_cat":[1471],"product_tag":[],"class_list":{"0":"post-39544","1":"product","2":"type-product","3":"status-publish","4":"has-post-thumbnail","6":"product_cat-monograficos","7":"desktop-align-left","8":"tablet-align-left","9":"mobile-align-left","11":"first","12":"instock","13":"taxable","14":"shipping-taxable","15":"purchasable","16":"product-type-variable"},"acf":[],"yoast_head":"<!-- This site is optimized with the Yoast SEO plugin v27.1.1 - https:\/\/yoast.com\/product\/yoast-seo-wordpress\/ -->\n<title>Monogr\u00e1fico 1 - 2 edici\u00f3n | aceweb.cat<\/title>\n<meta name=\"description\" content=\"2 edici\u00f3n del monogr\u00e1fico 1 sobre el refuerzo de las estructuras de hormig\u00f3n con fibra de carbono que contempla el c\u00e1lculo de p\u00f3rticos y vigas continuas\" \/>\n<meta name=\"robots\" content=\"index, follow, max-snippet:-1, max-image-preview:large, max-video-preview:-1\" \/>\n<link rel=\"canonical\" href=\"https:\/\/aceweb.cat\/es\/producto\/monografico-1-2edicion\/\" \/>\n<meta property=\"og:locale\" content=\"es_ES\" \/>\n<meta property=\"og:type\" content=\"article\" \/>\n<meta property=\"og:title\" content=\"Monogr\u00e1fico 1 - 2 edici\u00f3n | aceweb.cat\" \/>\n<meta property=\"og:description\" content=\"2 edici\u00f3n del monogr\u00e1fico 1 sobre el refuerzo de las estructuras de hormig\u00f3n con fibra de carbono que contempla el c\u00e1lculo de p\u00f3rticos y vigas continuas\" \/>\n<meta property=\"og:url\" content=\"https:\/\/aceweb.cat\/es\/producto\/monografico-1-2edicion\/\" \/>\n<meta property=\"og:site_name\" content=\"aceweb.cat\" \/>\n<meta property=\"article:modified_time\" content=\"2023-05-04T11:29:52+00:00\" \/>\n<meta property=\"og:image\" content=\"https:\/\/aceweb.cat\/wp-content\/uploads\/2023\/01\/ACE-Monografic-001-1.jpg\" \/>\n\t<meta property=\"og:image:width\" content=\"724\" \/>\n\t<meta property=\"og:image:height\" content=\"1024\" \/>\n\t<meta property=\"og:image:type\" content=\"image\/jpeg\" \/>\n<meta name=\"twitter:card\" content=\"summary_large_image\" \/>\n<meta name=\"twitter:label1\" content=\"Tiempo de lectura\" \/>\n\t<meta name=\"twitter:data1\" content=\"1 minuto\" \/>\n<script type=\"application\/ld+json\" class=\"yoast-schema-graph\">{\"@context\":\"https:\/\/schema.org\",\"@graph\":[{\"@type\":\"WebPage\",\"@id\":\"https:\/\/aceweb.cat\/es\/producto\/monografico-1-2edicion\/\",\"url\":\"https:\/\/aceweb.cat\/es\/producto\/monografico-1-2edicion\/\",\"name\":\"Monogr\u00e1fico 1 - 2 edici\u00f3n | aceweb.cat\",\"isPartOf\":{\"@id\":\"https:\/\/aceweb.cat\/#website\"},\"primaryImageOfPage\":{\"@id\":\"https:\/\/aceweb.cat\/es\/producto\/monografico-1-2edicion\/#primaryimage\"},\"image\":{\"@id\":\"https:\/\/aceweb.cat\/es\/producto\/monografico-1-2edicion\/#primaryimage\"},\"thumbnailUrl\":\"https:\/\/aceweb.cat\/wp-content\/uploads\/2023\/01\/ACE-Monografic-001-1.jpg\",\"datePublished\":\"2023-01-23T10:00:15+00:00\",\"dateModified\":\"2023-05-04T11:29:52+00:00\",\"description\":\"2 edici\u00f3n del monogr\u00e1fico 1 sobre el refuerzo de las estructuras de hormig\u00f3n con fibra de carbono que contempla el c\u00e1lculo de p\u00f3rticos y vigas continuas\",\"breadcrumb\":{\"@id\":\"https:\/\/aceweb.cat\/es\/producto\/monografico-1-2edicion\/#breadcrumb\"},\"inLanguage\":\"es\",\"potentialAction\":[{\"@type\":\"ReadAction\",\"target\":[\"https:\/\/aceweb.cat\/es\/producto\/monografico-1-2edicion\/\"]}]},{\"@type\":\"ImageObject\",\"inLanguage\":\"es\",\"@id\":\"https:\/\/aceweb.cat\/es\/producto\/monografico-1-2edicion\/#primaryimage\",\"url\":\"https:\/\/aceweb.cat\/wp-content\/uploads\/2023\/01\/ACE-Monografic-001-1.jpg\",\"contentUrl\":\"https:\/\/aceweb.cat\/wp-content\/uploads\/2023\/01\/ACE-Monografic-001-1.jpg\",\"width\":724,\"height\":1024},{\"@type\":\"BreadcrumbList\",\"@id\":\"https:\/\/aceweb.cat\/es\/producto\/monografico-1-2edicion\/#breadcrumb\",\"itemListElement\":[{\"@type\":\"ListItem\",\"position\":1,\"name\":\"Inici\",\"item\":\"https:\/\/aceweb.cat\/\"},{\"@type\":\"ListItem\",\"position\":2,\"name\":\"Tienda\",\"item\":\"https:\/\/aceweb.cat\/es\/tienda\/\"},{\"@type\":\"ListItem\",\"position\":3,\"name\":\"Monogr\u00e1ficos\",\"item\":\"https:\/\/aceweb.cat\/es\/categoria-producto\/monograficos\/\"},{\"@type\":\"ListItem\",\"position\":4,\"name\":\"Monogr\u00e1fico 1. LA FIBRA DE CARBONO EN REFUERZO DE ESTRUCTURAS DE HORMIG\u00d3N. Segunda edici\u00f3n (2021)\"}]},{\"@type\":\"WebSite\",\"@id\":\"https:\/\/aceweb.cat\/#website\",\"url\":\"https:\/\/aceweb.cat\/\",\"name\":\"ACE\",\"description\":\"Associaci\u00f3 de Consultors d&#039;Estructures | ACE\",\"publisher\":{\"@id\":\"https:\/\/aceweb.cat\/#organization\"},\"alternateName\":\"ACE\",\"potentialAction\":[{\"@type\":\"SearchAction\",\"target\":{\"@type\":\"EntryPoint\",\"urlTemplate\":\"https:\/\/aceweb.cat\/?s={search_term_string}\"},\"query-input\":{\"@type\":\"PropertyValueSpecification\",\"valueRequired\":true,\"valueName\":\"search_term_string\"}}],\"inLanguage\":\"es\"},{\"@type\":\"Organization\",\"@id\":\"https:\/\/aceweb.cat\/#organization\",\"name\":\"ACE\",\"alternateName\":\"ACE\",\"url\":\"https:\/\/aceweb.cat\/\",\"logo\":{\"@type\":\"ImageObject\",\"inLanguage\":\"es\",\"@id\":\"https:\/\/aceweb.cat\/#\/schema\/logo\/image\/\",\"url\":\"https:\/\/aceweb.cat\/wp-content\/uploads\/2022\/10\/logo.svg\",\"contentUrl\":\"https:\/\/aceweb.cat\/wp-content\/uploads\/2022\/10\/logo.svg\",\"width\":1,\"height\":1,\"caption\":\"ACE\"},\"image\":{\"@id\":\"https:\/\/aceweb.cat\/#\/schema\/logo\/image\/\"}}]}<\/script>\n<!-- \/ Yoast SEO plugin. -->","yoast_head_json":{"title":"Monogr\u00e1fico 1 - 2 edici\u00f3n | aceweb.cat","description":"2 edici\u00f3n del monogr\u00e1fico 1 sobre el refuerzo de las estructuras de hormig\u00f3n con fibra de carbono que contempla el c\u00e1lculo de p\u00f3rticos y vigas continuas","robots":{"index":"index","follow":"follow","max-snippet":"max-snippet:-1","max-image-preview":"max-image-preview:large","max-video-preview":"max-video-preview:-1"},"canonical":"https:\/\/aceweb.cat\/es\/producto\/monografico-1-2edicion\/","og_locale":"es_ES","og_type":"article","og_title":"Monogr\u00e1fico 1 - 2 edici\u00f3n | aceweb.cat","og_description":"2 edici\u00f3n del monogr\u00e1fico 1 sobre el refuerzo de las estructuras de hormig\u00f3n con fibra de carbono que contempla el c\u00e1lculo de p\u00f3rticos y vigas continuas","og_url":"https:\/\/aceweb.cat\/es\/producto\/monografico-1-2edicion\/","og_site_name":"aceweb.cat","article_modified_time":"2023-05-04T11:29:52+00:00","og_image":[{"width":724,"height":1024,"url":"https:\/\/aceweb.cat\/wp-content\/uploads\/2023\/01\/ACE-Monografic-001-1.jpg","type":"image\/jpeg"}],"twitter_card":"summary_large_image","twitter_misc":{"Tiempo de lectura":"1 minuto"},"schema":{"@context":"https:\/\/schema.org","@graph":[{"@type":"WebPage","@id":"https:\/\/aceweb.cat\/es\/producto\/monografico-1-2edicion\/","url":"https:\/\/aceweb.cat\/es\/producto\/monografico-1-2edicion\/","name":"Monogr\u00e1fico 1 - 2 edici\u00f3n | aceweb.cat","isPartOf":{"@id":"https:\/\/aceweb.cat\/#website"},"primaryImageOfPage":{"@id":"https:\/\/aceweb.cat\/es\/producto\/monografico-1-2edicion\/#primaryimage"},"image":{"@id":"https:\/\/aceweb.cat\/es\/producto\/monografico-1-2edicion\/#primaryimage"},"thumbnailUrl":"https:\/\/aceweb.cat\/wp-content\/uploads\/2023\/01\/ACE-Monografic-001-1.jpg","datePublished":"2023-01-23T10:00:15+00:00","dateModified":"2023-05-04T11:29:52+00:00","description":"2 edici\u00f3n del monogr\u00e1fico 1 sobre el refuerzo de las estructuras de hormig\u00f3n con fibra de carbono que contempla el c\u00e1lculo de p\u00f3rticos y vigas continuas","breadcrumb":{"@id":"https:\/\/aceweb.cat\/es\/producto\/monografico-1-2edicion\/#breadcrumb"},"inLanguage":"es","potentialAction":[{"@type":"ReadAction","target":["https:\/\/aceweb.cat\/es\/producto\/monografico-1-2edicion\/"]}]},{"@type":"ImageObject","inLanguage":"es","@id":"https:\/\/aceweb.cat\/es\/producto\/monografico-1-2edicion\/#primaryimage","url":"https:\/\/aceweb.cat\/wp-content\/uploads\/2023\/01\/ACE-Monografic-001-1.jpg","contentUrl":"https:\/\/aceweb.cat\/wp-content\/uploads\/2023\/01\/ACE-Monografic-001-1.jpg","width":724,"height":1024},{"@type":"BreadcrumbList","@id":"https:\/\/aceweb.cat\/es\/producto\/monografico-1-2edicion\/#breadcrumb","itemListElement":[{"@type":"ListItem","position":1,"name":"Inici","item":"https:\/\/aceweb.cat\/"},{"@type":"ListItem","position":2,"name":"Tienda","item":"https:\/\/aceweb.cat\/es\/tienda\/"},{"@type":"ListItem","position":3,"name":"Monogr\u00e1ficos","item":"https:\/\/aceweb.cat\/es\/categoria-producto\/monograficos\/"},{"@type":"ListItem","position":4,"name":"Monogr\u00e1fico 1. LA FIBRA DE CARBONO EN REFUERZO DE ESTRUCTURAS DE HORMIG\u00d3N. Segunda edici\u00f3n (2021)"}]},{"@type":"WebSite","@id":"https:\/\/aceweb.cat\/#website","url":"https:\/\/aceweb.cat\/","name":"ACE","description":"Associaci\u00f3 de Consultors d&#039;Estructures | ACE","publisher":{"@id":"https:\/\/aceweb.cat\/#organization"},"alternateName":"ACE","potentialAction":[{"@type":"SearchAction","target":{"@type":"EntryPoint","urlTemplate":"https:\/\/aceweb.cat\/?s={search_term_string}"},"query-input":{"@type":"PropertyValueSpecification","valueRequired":true,"valueName":"search_term_string"}}],"inLanguage":"es"},{"@type":"Organization","@id":"https:\/\/aceweb.cat\/#organization","name":"ACE","alternateName":"ACE","url":"https:\/\/aceweb.cat\/","logo":{"@type":"ImageObject","inLanguage":"es","@id":"https:\/\/aceweb.cat\/#\/schema\/logo\/image\/","url":"https:\/\/aceweb.cat\/wp-content\/uploads\/2022\/10\/logo.svg","contentUrl":"https:\/\/aceweb.cat\/wp-content\/uploads\/2022\/10\/logo.svg","width":1,"height":1,"caption":"ACE"},"image":{"@id":"https:\/\/aceweb.cat\/#\/schema\/logo\/image\/"}}]}},"_links":{"self":[{"href":"https:\/\/aceweb.cat\/es\/wp-json\/wp\/v2\/product\/39544","targetHints":{"allow":["GET"]}}],"collection":[{"href":"https:\/\/aceweb.cat\/es\/wp-json\/wp\/v2\/product"}],"about":[{"href":"https:\/\/aceweb.cat\/es\/wp-json\/wp\/v2\/types\/product"}],"version-history":[{"count":2,"href":"https:\/\/aceweb.cat\/es\/wp-json\/wp\/v2\/product\/39544\/revisions"}],"predecessor-version":[{"id":39578,"href":"https:\/\/aceweb.cat\/es\/wp-json\/wp\/v2\/product\/39544\/revisions\/39578"}],"wp:featuredmedia":[{"embeddable":true,"href":"https:\/\/aceweb.cat\/es\/wp-json\/wp\/v2\/media\/36599"}],"wp:attachment":[{"href":"https:\/\/aceweb.cat\/es\/wp-json\/wp\/v2\/media?parent=39544"}],"wp:term":[{"taxonomy":"product_brand","embeddable":true,"href":"https:\/\/aceweb.cat\/es\/wp-json\/wp\/v2\/product_brand?post=39544"},{"taxonomy":"product_cat","embeddable":true,"href":"https:\/\/aceweb.cat\/es\/wp-json\/wp\/v2\/product_cat?post=39544"},{"taxonomy":"product_tag","embeddable":true,"href":"https:\/\/aceweb.cat\/es\/wp-json\/wp\/v2\/product_tag?post=39544"}],"curies":[{"name":"wp","href":"https:\/\/api.w.org\/{rel}","templated":true}]}}