{"id":39547,"date":"2023-01-24T10:00:16","date_gmt":"2023-01-24T10:00:16","guid":{"rendered":"https:\/\/www.aceweb.advertis.es\/producto\/monografico-2\/"},"modified":"2023-05-04T11:29:22","modified_gmt":"2023-05-04T11:29:22","slug":"monografico-2","status":"publish","type":"product","link":"https:\/\/aceweb.cat\/es\/producto\/monografico-2\/","title":{"rendered":"Monogr\u00e1fico 2. GU\u00cdA ITEE. Inspecci\u00f3n T\u00e9cnica: Estructura de los edificios"},"content":{"rendered":"<p>Elaborada por la Comisi\u00f3n de Rehabilitaci\u00f3n de la Asociaci\u00f3n de Consultores de Estructuras, que trabaja desde hace a\u00f1os en la redacci\u00f3n de este documento, la gu\u00eda ITEE supone un instrumento de ayuda para los t\u00e9cnicos, orientado a facilitar la realizaci\u00f3n de una prediagnosis del estado de la estructura de los edificios desde un punto de vista estructural.<\/p>\n<p>\u201cLa frontera entre una prediagnosis y un diagn\u00f3stico no es una l\u00ednea perfectamente definida, sino que se trata de un entorno de intersecci\u00f3n entre ambas descripciones concisas, dirigidas a determinar el estado real del edificio y, al mismo tiempo, los signos o s\u00edntomas que manifiestan disfunciones estructurales que pueden afectar a la estabilidad parcial, local o total del conjunto arquitect\u00f3nico\u201d, manifiestan los autores de la Gu\u00eda al respecto.<\/p>\n<p>En cuanto a la metodolog\u00eda de la gu\u00eda, existe un programa inform\u00e1tico de aplicaci\u00f3n de la misma con un mes de acceso gratuito para todos aquellos y aquellas que adquieran la Gu\u00eda ITEE.<\/p>\n","protected":false},"excerpt":{"rendered":"<p>Elaborada por la Comisi\u00f3n de Rehabilitaci\u00f3n de la Asociaci\u00f3n de Consultores de Estructuras, que trabaja desde hace a\u00f1os en la redacci\u00f3n de este documento, la gu\u00eda ITEE supone un instrumento de ayuda para los t\u00e9cnicos, orientado a facilitar la realizaci\u00f3n de una prediagnosis del estado de la estructura de los edificios desde un punto de vista estructural.<\/p>\n","protected":false},"featured_media":36601,"template":"","meta":{"_acf_changed":false,"site-sidebar-layout":"default","site-content-layout":"default","ast-global-header-display":"","ast-main-header-display":"","ast-hfb-above-header-display":"","ast-hfb-below-header-display":"","ast-hfb-mobile-header-display":"","site-post-title":"","ast-breadcrumbs-content":"","ast-featured-img":"","footer-sml-layout":"","theme-transparent-header-meta":"default","adv-header-id-meta":"","stick-header-meta":"","header-above-stick-meta":"","header-main-stick-meta":"","header-below-stick-meta":""},"product_brand":[],"product_cat":[1471],"product_tag":[],"class_list":{"0":"post-39547","1":"product","2":"type-product","3":"status-publish","4":"has-post-thumbnail","6":"product_cat-monograficos","7":"desktop-align-left","8":"tablet-align-left","9":"mobile-align-left","11":"first","12":"instock","13":"taxable","14":"shipping-taxable","15":"purchasable","16":"product-type-variable"},"acf":[],"yoast_head":"<!-- This site is optimized with the Yoast SEO plugin v27.1.1 - https:\/\/yoast.com\/product\/yoast-seo-wordpress\/ -->\n<title>Monogr\u00e1fico 2 | aceweb.cat<\/title>\n<meta name=\"description\" content=\"La Asociaci\u00f3n de Consultores de Estructuras presenta el monogr\u00e1fico n\u00famero 2, elaborada por la Comisi\u00f3n de Rehabilitaci\u00f3n de la Asociaci\u00f3n\" \/>\n<meta name=\"robots\" content=\"index, follow, max-snippet:-1, max-image-preview:large, max-video-preview:-1\" \/>\n<link rel=\"canonical\" href=\"https:\/\/aceweb.cat\/es\/producto\/monografico-2\/\" \/>\n<meta property=\"og:locale\" content=\"es_ES\" \/>\n<meta property=\"og:type\" content=\"article\" \/>\n<meta property=\"og:title\" content=\"Monogr\u00e1fico 2 | aceweb.cat\" \/>\n<meta property=\"og:description\" content=\"La Asociaci\u00f3n de Consultores de Estructuras presenta el monogr\u00e1fico n\u00famero 2, elaborada por la Comisi\u00f3n de Rehabilitaci\u00f3n de la Asociaci\u00f3n\" \/>\n<meta property=\"og:url\" content=\"https:\/\/aceweb.cat\/es\/producto\/monografico-2\/\" \/>\n<meta property=\"og:site_name\" content=\"aceweb.cat\" \/>\n<meta property=\"article:modified_time\" content=\"2023-05-04T11:29:22+00:00\" \/>\n<meta property=\"og:image\" content=\"https:\/\/aceweb.cat\/wp-content\/uploads\/2023\/01\/ACE-Monografic-002.jpg\" \/>\n\t<meta property=\"og:image:width\" content=\"724\" \/>\n\t<meta property=\"og:image:height\" content=\"1024\" \/>\n\t<meta property=\"og:image:type\" content=\"image\/jpeg\" \/>\n<meta name=\"twitter:card\" content=\"summary_large_image\" \/>\n<meta name=\"twitter:label1\" content=\"Tiempo de lectura\" \/>\n\t<meta name=\"twitter:data1\" content=\"1 minuto\" \/>\n<script type=\"application\/ld+json\" class=\"yoast-schema-graph\">{\"@context\":\"https:\/\/schema.org\",\"@graph\":[{\"@type\":\"WebPage\",\"@id\":\"https:\/\/aceweb.cat\/es\/producto\/monografico-2\/\",\"url\":\"https:\/\/aceweb.cat\/es\/producto\/monografico-2\/\",\"name\":\"Monogr\u00e1fico 2 | aceweb.cat\",\"isPartOf\":{\"@id\":\"https:\/\/aceweb.cat\/#website\"},\"primaryImageOfPage\":{\"@id\":\"https:\/\/aceweb.cat\/es\/producto\/monografico-2\/#primaryimage\"},\"image\":{\"@id\":\"https:\/\/aceweb.cat\/es\/producto\/monografico-2\/#primaryimage\"},\"thumbnailUrl\":\"https:\/\/aceweb.cat\/wp-content\/uploads\/2023\/01\/ACE-Monografic-002.jpg\",\"datePublished\":\"2023-01-24T10:00:16+00:00\",\"dateModified\":\"2023-05-04T11:29:22+00:00\",\"description\":\"La Asociaci\u00f3n de Consultores de Estructuras presenta el monogr\u00e1fico n\u00famero 2, elaborada por la Comisi\u00f3n de Rehabilitaci\u00f3n de la Asociaci\u00f3n\",\"breadcrumb\":{\"@id\":\"https:\/\/aceweb.cat\/es\/producto\/monografico-2\/#breadcrumb\"},\"inLanguage\":\"es\",\"potentialAction\":[{\"@type\":\"ReadAction\",\"target\":[\"https:\/\/aceweb.cat\/es\/producto\/monografico-2\/\"]}]},{\"@type\":\"ImageObject\",\"inLanguage\":\"es\",\"@id\":\"https:\/\/aceweb.cat\/es\/producto\/monografico-2\/#primaryimage\",\"url\":\"https:\/\/aceweb.cat\/wp-content\/uploads\/2023\/01\/ACE-Monografic-002.jpg\",\"contentUrl\":\"https:\/\/aceweb.cat\/wp-content\/uploads\/2023\/01\/ACE-Monografic-002.jpg\",\"width\":724,\"height\":1024},{\"@type\":\"BreadcrumbList\",\"@id\":\"https:\/\/aceweb.cat\/es\/producto\/monografico-2\/#breadcrumb\",\"itemListElement\":[{\"@type\":\"ListItem\",\"position\":1,\"name\":\"Inici\",\"item\":\"https:\/\/aceweb.cat\/\"},{\"@type\":\"ListItem\",\"position\":2,\"name\":\"Tienda\",\"item\":\"https:\/\/aceweb.cat\/es\/tienda\/\"},{\"@type\":\"ListItem\",\"position\":3,\"name\":\"Monogr\u00e1ficos\",\"item\":\"https:\/\/aceweb.cat\/es\/categoria-producto\/monograficos\/\"},{\"@type\":\"ListItem\",\"position\":4,\"name\":\"Monogr\u00e1fico 2. GU\u00cdA ITEE. Inspecci\u00f3n T\u00e9cnica: Estructura de los edificios\"}]},{\"@type\":\"WebSite\",\"@id\":\"https:\/\/aceweb.cat\/#website\",\"url\":\"https:\/\/aceweb.cat\/\",\"name\":\"ACE\",\"description\":\"Associaci\u00f3 de Consultors d&#039;Estructures | ACE\",\"publisher\":{\"@id\":\"https:\/\/aceweb.cat\/#organization\"},\"alternateName\":\"ACE\",\"potentialAction\":[{\"@type\":\"SearchAction\",\"target\":{\"@type\":\"EntryPoint\",\"urlTemplate\":\"https:\/\/aceweb.cat\/?s={search_term_string}\"},\"query-input\":{\"@type\":\"PropertyValueSpecification\",\"valueRequired\":true,\"valueName\":\"search_term_string\"}}],\"inLanguage\":\"es\"},{\"@type\":\"Organization\",\"@id\":\"https:\/\/aceweb.cat\/#organization\",\"name\":\"ACE\",\"alternateName\":\"ACE\",\"url\":\"https:\/\/aceweb.cat\/\",\"logo\":{\"@type\":\"ImageObject\",\"inLanguage\":\"es\",\"@id\":\"https:\/\/aceweb.cat\/#\/schema\/logo\/image\/\",\"url\":\"https:\/\/aceweb.cat\/wp-content\/uploads\/2022\/10\/logo.svg\",\"contentUrl\":\"https:\/\/aceweb.cat\/wp-content\/uploads\/2022\/10\/logo.svg\",\"width\":1,\"height\":1,\"caption\":\"ACE\"},\"image\":{\"@id\":\"https:\/\/aceweb.cat\/#\/schema\/logo\/image\/\"}}]}<\/script>\n<!-- \/ Yoast SEO plugin. -->","yoast_head_json":{"title":"Monogr\u00e1fico 2 | aceweb.cat","description":"La Asociaci\u00f3n de Consultores de Estructuras presenta el monogr\u00e1fico n\u00famero 2, elaborada por la Comisi\u00f3n de Rehabilitaci\u00f3n de la Asociaci\u00f3n","robots":{"index":"index","follow":"follow","max-snippet":"max-snippet:-1","max-image-preview":"max-image-preview:large","max-video-preview":"max-video-preview:-1"},"canonical":"https:\/\/aceweb.cat\/es\/producto\/monografico-2\/","og_locale":"es_ES","og_type":"article","og_title":"Monogr\u00e1fico 2 | aceweb.cat","og_description":"La Asociaci\u00f3n de Consultores de Estructuras presenta el monogr\u00e1fico n\u00famero 2, elaborada por la Comisi\u00f3n de Rehabilitaci\u00f3n de la Asociaci\u00f3n","og_url":"https:\/\/aceweb.cat\/es\/producto\/monografico-2\/","og_site_name":"aceweb.cat","article_modified_time":"2023-05-04T11:29:22+00:00","og_image":[{"width":724,"height":1024,"url":"https:\/\/aceweb.cat\/wp-content\/uploads\/2023\/01\/ACE-Monografic-002.jpg","type":"image\/jpeg"}],"twitter_card":"summary_large_image","twitter_misc":{"Tiempo de lectura":"1 minuto"},"schema":{"@context":"https:\/\/schema.org","@graph":[{"@type":"WebPage","@id":"https:\/\/aceweb.cat\/es\/producto\/monografico-2\/","url":"https:\/\/aceweb.cat\/es\/producto\/monografico-2\/","name":"Monogr\u00e1fico 2 | aceweb.cat","isPartOf":{"@id":"https:\/\/aceweb.cat\/#website"},"primaryImageOfPage":{"@id":"https:\/\/aceweb.cat\/es\/producto\/monografico-2\/#primaryimage"},"image":{"@id":"https:\/\/aceweb.cat\/es\/producto\/monografico-2\/#primaryimage"},"thumbnailUrl":"https:\/\/aceweb.cat\/wp-content\/uploads\/2023\/01\/ACE-Monografic-002.jpg","datePublished":"2023-01-24T10:00:16+00:00","dateModified":"2023-05-04T11:29:22+00:00","description":"La Asociaci\u00f3n de Consultores de Estructuras presenta el monogr\u00e1fico n\u00famero 2, elaborada por la Comisi\u00f3n de Rehabilitaci\u00f3n de la Asociaci\u00f3n","breadcrumb":{"@id":"https:\/\/aceweb.cat\/es\/producto\/monografico-2\/#breadcrumb"},"inLanguage":"es","potentialAction":[{"@type":"ReadAction","target":["https:\/\/aceweb.cat\/es\/producto\/monografico-2\/"]}]},{"@type":"ImageObject","inLanguage":"es","@id":"https:\/\/aceweb.cat\/es\/producto\/monografico-2\/#primaryimage","url":"https:\/\/aceweb.cat\/wp-content\/uploads\/2023\/01\/ACE-Monografic-002.jpg","contentUrl":"https:\/\/aceweb.cat\/wp-content\/uploads\/2023\/01\/ACE-Monografic-002.jpg","width":724,"height":1024},{"@type":"BreadcrumbList","@id":"https:\/\/aceweb.cat\/es\/producto\/monografico-2\/#breadcrumb","itemListElement":[{"@type":"ListItem","position":1,"name":"Inici","item":"https:\/\/aceweb.cat\/"},{"@type":"ListItem","position":2,"name":"Tienda","item":"https:\/\/aceweb.cat\/es\/tienda\/"},{"@type":"ListItem","position":3,"name":"Monogr\u00e1ficos","item":"https:\/\/aceweb.cat\/es\/categoria-producto\/monograficos\/"},{"@type":"ListItem","position":4,"name":"Monogr\u00e1fico 2. GU\u00cdA ITEE. Inspecci\u00f3n T\u00e9cnica: Estructura de los edificios"}]},{"@type":"WebSite","@id":"https:\/\/aceweb.cat\/#website","url":"https:\/\/aceweb.cat\/","name":"ACE","description":"Associaci\u00f3 de Consultors d&#039;Estructures | ACE","publisher":{"@id":"https:\/\/aceweb.cat\/#organization"},"alternateName":"ACE","potentialAction":[{"@type":"SearchAction","target":{"@type":"EntryPoint","urlTemplate":"https:\/\/aceweb.cat\/?s={search_term_string}"},"query-input":{"@type":"PropertyValueSpecification","valueRequired":true,"valueName":"search_term_string"}}],"inLanguage":"es"},{"@type":"Organization","@id":"https:\/\/aceweb.cat\/#organization","name":"ACE","alternateName":"ACE","url":"https:\/\/aceweb.cat\/","logo":{"@type":"ImageObject","inLanguage":"es","@id":"https:\/\/aceweb.cat\/#\/schema\/logo\/image\/","url":"https:\/\/aceweb.cat\/wp-content\/uploads\/2022\/10\/logo.svg","contentUrl":"https:\/\/aceweb.cat\/wp-content\/uploads\/2022\/10\/logo.svg","width":1,"height":1,"caption":"ACE"},"image":{"@id":"https:\/\/aceweb.cat\/#\/schema\/logo\/image\/"}}]}},"_links":{"self":[{"href":"https:\/\/aceweb.cat\/es\/wp-json\/wp\/v2\/product\/39547","targetHints":{"allow":["GET"]}}],"collection":[{"href":"https:\/\/aceweb.cat\/es\/wp-json\/wp\/v2\/product"}],"about":[{"href":"https:\/\/aceweb.cat\/es\/wp-json\/wp\/v2\/types\/product"}],"version-history":[{"count":2,"href":"https:\/\/aceweb.cat\/es\/wp-json\/wp\/v2\/product\/39547\/revisions"}],"predecessor-version":[{"id":39576,"href":"https:\/\/aceweb.cat\/es\/wp-json\/wp\/v2\/product\/39547\/revisions\/39576"}],"wp:featuredmedia":[{"embeddable":true,"href":"https:\/\/aceweb.cat\/es\/wp-json\/wp\/v2\/media\/36601"}],"wp:attachment":[{"href":"https:\/\/aceweb.cat\/es\/wp-json\/wp\/v2\/media?parent=39547"}],"wp:term":[{"taxonomy":"product_brand","embeddable":true,"href":"https:\/\/aceweb.cat\/es\/wp-json\/wp\/v2\/product_brand?post=39547"},{"taxonomy":"product_cat","embeddable":true,"href":"https:\/\/aceweb.cat\/es\/wp-json\/wp\/v2\/product_cat?post=39547"},{"taxonomy":"product_tag","embeddable":true,"href":"https:\/\/aceweb.cat\/es\/wp-json\/wp\/v2\/product_tag?post=39547"}],"curies":[{"name":"wp","href":"https:\/\/api.w.org\/{rel}","templated":true}]}}