{"id":39550,"date":"2023-01-25T12:33:47","date_gmt":"2023-01-25T12:33:47","guid":{"rendered":"https:\/\/www.aceweb.advertis.es\/producto\/monografic-3\/"},"modified":"2023-03-22T16:03:08","modified_gmt":"2023-03-22T16:03:08","slug":"monografic-3","status":"publish","type":"product","link":"https:\/\/aceweb.cat\/es\/producto\/monografic-3\/","title":{"rendered":"Monogr\u00e1fico 3. POL\u00cdGONO FUNICULAR. Una aproximaci\u00f3n a Karl Culmann"},"content":{"rendered":"<p>La Asociaci\u00f3n de Consultores de Estructuras presenta el monogr\u00e1fico n\u00famero 3, elaborado por el Socio de Honor del ACE Josep Maria Genesc\u00e0 Ramon, que gira en torno al pol\u00edgono funicular, un procedimiento para el c\u00e1lculo de reacciones y fuerza, herramienta b\u00e1sica a la hora de desarrollar el trabajo del c\u00e1lculo de estructuras.<\/p>\n<p>\u201cAbordar la est\u00e1tica gr\u00e1fica en su conjunto parec\u00eda una tarea muy reducida, de forma que pens\u00e9 que hablar del pol\u00edgono funicular, necesariamente vinculado a la est\u00e1tica gr\u00e1fica, intentando darle una personalidad propia, podr\u00eda ser una f\u00f3rmula asequible y quiz\u00e1 atractiva para quien leyera estas l\u00edneas\u201d, dice al respecto Genesc\u00e0 al hablar del documento.<\/p>\n<p>A trav\u00e9s de varios ejemplos, el monogr\u00e1fico va pasando revista a las diferentes aplicaciones en las que ha sido posible utilizar los pol\u00edgonos funiculares. As\u00ed, mediante una recopilaci\u00f3n ordenada de estas disciplinas, se expone la potencialidad did\u00e1ctica de un sistema de c\u00e1lculo que depende casi exclusivamente de la escuadra y el cartab\u00f3n.<\/p>\n<p>\u201cDado que se trata de un m\u00e9todo esencialmente did\u00e1ctico, se echa de menos su ense\u00f1anza en las universidades; de hecho, s\u00f3lo en las escuelas de arquitectura de Cambridge y Z\u00farich se dan asignaturas relacionadas con los sistemas gr\u00e1ficos\u201d, afirma el autor del documento.<\/p>\n","protected":false},"excerpt":{"rendered":"<p>La Asociaci\u00f3n de Consultores de Estructuras presenta el monogr\u00e1fico n\u00famero 3, elaborado por el Socio de Honor del ACE Josep Maria Genesc\u00e0 Ramon, quien gira en torno al pol\u00edgono funicular, un procedimiento para el c\u00e1lculo de reacciones y fuerza, herramienta b\u00e1sica en la hora de desarrollar el trabajo del c\u00e1lculo de estructuras.<\/p>\n","protected":false},"featured_media":36607,"template":"","meta":{"_acf_changed":false,"site-sidebar-layout":"default","site-content-layout":"default","ast-global-header-display":"","ast-main-header-display":"","ast-hfb-above-header-display":"","ast-hfb-below-header-display":"","ast-hfb-mobile-header-display":"","site-post-title":"","ast-breadcrumbs-content":"","ast-featured-img":"","footer-sml-layout":"","theme-transparent-header-meta":"default","adv-header-id-meta":"","stick-header-meta":"","header-above-stick-meta":"","header-main-stick-meta":"","header-below-stick-meta":""},"product_brand":[],"product_cat":[1471],"product_tag":[],"class_list":{"0":"post-39550","1":"product","2":"type-product","3":"status-publish","4":"has-post-thumbnail","6":"product_cat-monograficos","7":"desktop-align-left","8":"tablet-align-left","9":"mobile-align-left","11":"first","12":"instock","13":"taxable","14":"shipping-taxable","15":"purchasable","16":"product-type-simple"},"acf":[],"yoast_head":"<!-- This site is optimized with the Yoast SEO plugin v27.1.1 - https:\/\/yoast.com\/product\/yoast-seo-wordpress\/ -->\n<title>Monogr\u00e1fico 3 | aceweb.cat<\/title>\n<meta name=\"description\" content=\"La Asociaci\u00f3n de Consultores de Estructuras presenta el monogr\u00e1fico n\u00famero 3, elaborado por el Socio de Honor del ACE Josep Maria Genesc\u00e0 Ramon.\" \/>\n<meta name=\"robots\" content=\"index, follow, max-snippet:-1, max-image-preview:large, max-video-preview:-1\" \/>\n<link rel=\"canonical\" href=\"https:\/\/aceweb.cat\/es\/producto\/monografic-3\/\" \/>\n<meta property=\"og:locale\" content=\"es_ES\" \/>\n<meta property=\"og:type\" content=\"article\" \/>\n<meta property=\"og:title\" content=\"Monogr\u00e1fico 3 | aceweb.cat\" \/>\n<meta property=\"og:description\" content=\"La Asociaci\u00f3n de Consultores de Estructuras presenta el monogr\u00e1fico n\u00famero 3, elaborado por el Socio de Honor del ACE Josep Maria Genesc\u00e0 Ramon.\" \/>\n<meta property=\"og:url\" content=\"https:\/\/aceweb.cat\/es\/producto\/monografic-3\/\" \/>\n<meta property=\"og:site_name\" content=\"aceweb.cat\" \/>\n<meta property=\"article:modified_time\" content=\"2023-03-22T16:03:08+00:00\" \/>\n<meta property=\"og:image\" content=\"https:\/\/aceweb.cat\/wp-content\/uploads\/2023\/01\/ACE-Monografic-003.jpg\" \/>\n\t<meta property=\"og:image:width\" content=\"724\" \/>\n\t<meta property=\"og:image:height\" content=\"1024\" \/>\n\t<meta property=\"og:image:type\" content=\"image\/jpeg\" \/>\n<meta name=\"twitter:card\" content=\"summary_large_image\" \/>\n<meta name=\"twitter:label1\" content=\"Tiempo de lectura\" \/>\n\t<meta name=\"twitter:data1\" content=\"1 minuto\" \/>\n<script type=\"application\/ld+json\" class=\"yoast-schema-graph\">{\"@context\":\"https:\/\/schema.org\",\"@graph\":[{\"@type\":\"WebPage\",\"@id\":\"https:\/\/aceweb.cat\/es\/producto\/monografic-3\/\",\"url\":\"https:\/\/aceweb.cat\/es\/producto\/monografic-3\/\",\"name\":\"Monogr\u00e1fico 3 | aceweb.cat\",\"isPartOf\":{\"@id\":\"https:\/\/aceweb.cat\/#website\"},\"primaryImageOfPage\":{\"@id\":\"https:\/\/aceweb.cat\/es\/producto\/monografic-3\/#primaryimage\"},\"image\":{\"@id\":\"https:\/\/aceweb.cat\/es\/producto\/monografic-3\/#primaryimage\"},\"thumbnailUrl\":\"https:\/\/aceweb.cat\/wp-content\/uploads\/2023\/01\/ACE-Monografic-003.jpg\",\"datePublished\":\"2023-01-25T12:33:47+00:00\",\"dateModified\":\"2023-03-22T16:03:08+00:00\",\"description\":\"La Asociaci\u00f3n de Consultores de Estructuras presenta el monogr\u00e1fico n\u00famero 3, elaborado por el Socio de Honor del ACE Josep Maria Genesc\u00e0 Ramon.\",\"breadcrumb\":{\"@id\":\"https:\/\/aceweb.cat\/es\/producto\/monografic-3\/#breadcrumb\"},\"inLanguage\":\"es\",\"potentialAction\":[{\"@type\":\"ReadAction\",\"target\":[\"https:\/\/aceweb.cat\/es\/producto\/monografic-3\/\"]}]},{\"@type\":\"ImageObject\",\"inLanguage\":\"es\",\"@id\":\"https:\/\/aceweb.cat\/es\/producto\/monografic-3\/#primaryimage\",\"url\":\"https:\/\/aceweb.cat\/wp-content\/uploads\/2023\/01\/ACE-Monografic-003.jpg\",\"contentUrl\":\"https:\/\/aceweb.cat\/wp-content\/uploads\/2023\/01\/ACE-Monografic-003.jpg\",\"width\":724,\"height\":1024},{\"@type\":\"BreadcrumbList\",\"@id\":\"https:\/\/aceweb.cat\/es\/producto\/monografic-3\/#breadcrumb\",\"itemListElement\":[{\"@type\":\"ListItem\",\"position\":1,\"name\":\"Inici\",\"item\":\"https:\/\/aceweb.cat\/\"},{\"@type\":\"ListItem\",\"position\":2,\"name\":\"Tienda\",\"item\":\"https:\/\/aceweb.cat\/es\/tienda\/\"},{\"@type\":\"ListItem\",\"position\":3,\"name\":\"Monogr\u00e1ficos\",\"item\":\"https:\/\/aceweb.cat\/es\/categoria-producto\/monograficos\/\"},{\"@type\":\"ListItem\",\"position\":4,\"name\":\"Monogr\u00e1fico 3. POL\u00cdGONO FUNICULAR. Una aproximaci\u00f3n a Karl Culmann\"}]},{\"@type\":\"WebSite\",\"@id\":\"https:\/\/aceweb.cat\/#website\",\"url\":\"https:\/\/aceweb.cat\/\",\"name\":\"ACE\",\"description\":\"Associaci\u00f3 de Consultors d&#039;Estructures | ACE\",\"publisher\":{\"@id\":\"https:\/\/aceweb.cat\/#organization\"},\"alternateName\":\"ACE\",\"potentialAction\":[{\"@type\":\"SearchAction\",\"target\":{\"@type\":\"EntryPoint\",\"urlTemplate\":\"https:\/\/aceweb.cat\/?s={search_term_string}\"},\"query-input\":{\"@type\":\"PropertyValueSpecification\",\"valueRequired\":true,\"valueName\":\"search_term_string\"}}],\"inLanguage\":\"es\"},{\"@type\":\"Organization\",\"@id\":\"https:\/\/aceweb.cat\/#organization\",\"name\":\"ACE\",\"alternateName\":\"ACE\",\"url\":\"https:\/\/aceweb.cat\/\",\"logo\":{\"@type\":\"ImageObject\",\"inLanguage\":\"es\",\"@id\":\"https:\/\/aceweb.cat\/#\/schema\/logo\/image\/\",\"url\":\"https:\/\/aceweb.cat\/wp-content\/uploads\/2022\/10\/logo.svg\",\"contentUrl\":\"https:\/\/aceweb.cat\/wp-content\/uploads\/2022\/10\/logo.svg\",\"width\":1,\"height\":1,\"caption\":\"ACE\"},\"image\":{\"@id\":\"https:\/\/aceweb.cat\/#\/schema\/logo\/image\/\"}}]}<\/script>\n<!-- \/ Yoast SEO plugin. -->","yoast_head_json":{"title":"Monogr\u00e1fico 3 | aceweb.cat","description":"La Asociaci\u00f3n de Consultores de Estructuras presenta el monogr\u00e1fico n\u00famero 3, elaborado por el Socio de Honor del ACE Josep Maria Genesc\u00e0 Ramon.","robots":{"index":"index","follow":"follow","max-snippet":"max-snippet:-1","max-image-preview":"max-image-preview:large","max-video-preview":"max-video-preview:-1"},"canonical":"https:\/\/aceweb.cat\/es\/producto\/monografic-3\/","og_locale":"es_ES","og_type":"article","og_title":"Monogr\u00e1fico 3 | aceweb.cat","og_description":"La Asociaci\u00f3n de Consultores de Estructuras presenta el monogr\u00e1fico n\u00famero 3, elaborado por el Socio de Honor del ACE Josep Maria Genesc\u00e0 Ramon.","og_url":"https:\/\/aceweb.cat\/es\/producto\/monografic-3\/","og_site_name":"aceweb.cat","article_modified_time":"2023-03-22T16:03:08+00:00","og_image":[{"width":724,"height":1024,"url":"https:\/\/aceweb.cat\/wp-content\/uploads\/2023\/01\/ACE-Monografic-003.jpg","type":"image\/jpeg"}],"twitter_card":"summary_large_image","twitter_misc":{"Tiempo de lectura":"1 minuto"},"schema":{"@context":"https:\/\/schema.org","@graph":[{"@type":"WebPage","@id":"https:\/\/aceweb.cat\/es\/producto\/monografic-3\/","url":"https:\/\/aceweb.cat\/es\/producto\/monografic-3\/","name":"Monogr\u00e1fico 3 | aceweb.cat","isPartOf":{"@id":"https:\/\/aceweb.cat\/#website"},"primaryImageOfPage":{"@id":"https:\/\/aceweb.cat\/es\/producto\/monografic-3\/#primaryimage"},"image":{"@id":"https:\/\/aceweb.cat\/es\/producto\/monografic-3\/#primaryimage"},"thumbnailUrl":"https:\/\/aceweb.cat\/wp-content\/uploads\/2023\/01\/ACE-Monografic-003.jpg","datePublished":"2023-01-25T12:33:47+00:00","dateModified":"2023-03-22T16:03:08+00:00","description":"La Asociaci\u00f3n de Consultores de Estructuras presenta el monogr\u00e1fico n\u00famero 3, elaborado por el Socio de Honor del ACE Josep Maria Genesc\u00e0 Ramon.","breadcrumb":{"@id":"https:\/\/aceweb.cat\/es\/producto\/monografic-3\/#breadcrumb"},"inLanguage":"es","potentialAction":[{"@type":"ReadAction","target":["https:\/\/aceweb.cat\/es\/producto\/monografic-3\/"]}]},{"@type":"ImageObject","inLanguage":"es","@id":"https:\/\/aceweb.cat\/es\/producto\/monografic-3\/#primaryimage","url":"https:\/\/aceweb.cat\/wp-content\/uploads\/2023\/01\/ACE-Monografic-003.jpg","contentUrl":"https:\/\/aceweb.cat\/wp-content\/uploads\/2023\/01\/ACE-Monografic-003.jpg","width":724,"height":1024},{"@type":"BreadcrumbList","@id":"https:\/\/aceweb.cat\/es\/producto\/monografic-3\/#breadcrumb","itemListElement":[{"@type":"ListItem","position":1,"name":"Inici","item":"https:\/\/aceweb.cat\/"},{"@type":"ListItem","position":2,"name":"Tienda","item":"https:\/\/aceweb.cat\/es\/tienda\/"},{"@type":"ListItem","position":3,"name":"Monogr\u00e1ficos","item":"https:\/\/aceweb.cat\/es\/categoria-producto\/monograficos\/"},{"@type":"ListItem","position":4,"name":"Monogr\u00e1fico 3. POL\u00cdGONO FUNICULAR. Una aproximaci\u00f3n a Karl Culmann"}]},{"@type":"WebSite","@id":"https:\/\/aceweb.cat\/#website","url":"https:\/\/aceweb.cat\/","name":"ACE","description":"Associaci\u00f3 de Consultors d&#039;Estructures | ACE","publisher":{"@id":"https:\/\/aceweb.cat\/#organization"},"alternateName":"ACE","potentialAction":[{"@type":"SearchAction","target":{"@type":"EntryPoint","urlTemplate":"https:\/\/aceweb.cat\/?s={search_term_string}"},"query-input":{"@type":"PropertyValueSpecification","valueRequired":true,"valueName":"search_term_string"}}],"inLanguage":"es"},{"@type":"Organization","@id":"https:\/\/aceweb.cat\/#organization","name":"ACE","alternateName":"ACE","url":"https:\/\/aceweb.cat\/","logo":{"@type":"ImageObject","inLanguage":"es","@id":"https:\/\/aceweb.cat\/#\/schema\/logo\/image\/","url":"https:\/\/aceweb.cat\/wp-content\/uploads\/2022\/10\/logo.svg","contentUrl":"https:\/\/aceweb.cat\/wp-content\/uploads\/2022\/10\/logo.svg","width":1,"height":1,"caption":"ACE"},"image":{"@id":"https:\/\/aceweb.cat\/#\/schema\/logo\/image\/"}}]}},"_links":{"self":[{"href":"https:\/\/aceweb.cat\/es\/wp-json\/wp\/v2\/product\/39550","targetHints":{"allow":["GET"]}}],"collection":[{"href":"https:\/\/aceweb.cat\/es\/wp-json\/wp\/v2\/product"}],"about":[{"href":"https:\/\/aceweb.cat\/es\/wp-json\/wp\/v2\/types\/product"}],"version-history":[{"count":1,"href":"https:\/\/aceweb.cat\/es\/wp-json\/wp\/v2\/product\/39550\/revisions"}],"predecessor-version":[{"id":39577,"href":"https:\/\/aceweb.cat\/es\/wp-json\/wp\/v2\/product\/39550\/revisions\/39577"}],"wp:featuredmedia":[{"embeddable":true,"href":"https:\/\/aceweb.cat\/es\/wp-json\/wp\/v2\/media\/36607"}],"wp:attachment":[{"href":"https:\/\/aceweb.cat\/es\/wp-json\/wp\/v2\/media?parent=39550"}],"wp:term":[{"taxonomy":"product_brand","embeddable":true,"href":"https:\/\/aceweb.cat\/es\/wp-json\/wp\/v2\/product_brand?post=39550"},{"taxonomy":"product_cat","embeddable":true,"href":"https:\/\/aceweb.cat\/es\/wp-json\/wp\/v2\/product_cat?post=39550"},{"taxonomy":"product_tag","embeddable":true,"href":"https:\/\/aceweb.cat\/es\/wp-json\/wp\/v2\/product_tag?post=39550"}],"curies":[{"name":"wp","href":"https:\/\/api.w.org\/{rel}","templated":true}]}}