{"id":39698,"date":"2022-11-26T10:00:32","date_gmt":"2022-11-26T10:00:32","guid":{"rendered":"https:\/\/www.aceweb.advertis.es\/producto\/quaderns-destructures-12\/"},"modified":"2023-03-22T15:50:00","modified_gmt":"2023-03-22T15:50:00","slug":"quaderns-destructures-12","status":"publish","type":"product","link":"https:\/\/aceweb.cat\/es\/producto\/quaderns-destructures-12\/","title":{"rendered":"Quaderns d&#8217;Estructures 12"},"content":{"rendered":"<p>Este n\u00famero incluye:<\/p>\n<h2><strong>1. Teconolog\u00eda versus calidad<\/strong><\/h2>\n<p>Art\u00edculo redactado por\u00a0<strong>JOSEP MARIA VALERI y FERRET<\/strong>.<\/p>\n<p><em>\u201cCALIDAD, he aqu\u00ed una palabra que todo el mundo hace suya. Hay quien la vela, quien la fomenta, quien la controla, quien la asegura, quien la certifica, quien la promueve, quien dicta normas y as\u00ed un largu\u00edsimo etc\u00e9tera de personas, entidades y\/u organismos que se preocupan por la CALIDAD .<\/em><\/p>\n<p><em>Pero de verdad, \u00bfde verdad qui\u00e9n la hace la CALIDAD? \u00bfY de qu\u00e9 depende?<\/em><\/p>\n<p><em>Tradicionalmente, todo el mundo entend\u00eda que para obtener un producto de calidad hac\u00edan falta buenas manos y buen material, y esto ha sido y es as\u00ed todav\u00eda en todos los procesos artesanales.\u201d<\/em><\/p>\n<h2><strong>2. Una aportaci\u00f3n al c\u00e1lculo de estructuras de paredes (II)<\/strong><\/h2>\n<p>Art\u00edculo redactado por\u00a0<strong>FRUCTUOSO MA\u00d1A y REIXACH<\/strong>.<\/p>\n<p><em>\u201cEl art\u00edculo que escrib\u00ed con el mismo t\u00edtulo para el Cuaderno n\u00fam. 11 terminaba con una promesa: \u00abel comportamiento de los elementos (y de los edificios) frente a esfuerzos horizontales ser\u00e1 objeto de otro art\u00edculo que pensamos afrontar inmediatamente\u00bb. Bien pues estoy aqu\u00ed para satisfacerla.<\/em><\/p>\n<p><em>Antes, sin embargo, quisiera decir que aquel art\u00edculo fue posible gracias a que Roser Esquius lo tradujo (ya que estaba escrito en castellano porque, inicialmente, formaba parte de la justificaci\u00f3n del anexo 8 del DAC- SE-F del C\u00f3digo T\u00e9cnico) y vel\u00f3 por su composici\u00f3n.<\/em><\/p>\n<p><em>Las figuras, \u00abescaneadas\u00bb directamente de mis croquis, me parecieron una buena alternativa a la asepsia del CAD, aunque creo que quedaron un poco demasiado grandes. Aspecto, sin embargo, que deben agradecer los que, tumbados los 40, tienen una saludable hipermetrop\u00eda.\u201d<\/em><\/p>\n<h2><strong>3. Los nuevos baremos de honorarios<\/strong><\/h2>\n<p>Art\u00edculo redactado por\u00a0<strong>DAVID GARCIA y CARRERA<\/strong>.<\/p>\n<p><em>\u201cEn la asamblea del a\u00f1o pasado decidimos modificar nuestro sistema de honorarios. El baremo orientativo de honorarios vigente en ese momento ten\u00eda una antig\u00fcedad de m\u00e1s de una d\u00e9cada y, a pesar de los importantes servicios prestados en nuestra profesi\u00f3n, cre\u00edmos que era hora de modernizarlo.<\/em><\/p>\n<p><em>Era, todos lo conocemos bien, un sistema muy sencillo basado exclusivamente en la superficie calculada. En funci\u00f3n de la cual se obten\u00edan unos honorarios de c\u00e1lculo, afectados por coeficientes de mayoraci\u00f3n o minoraci\u00f3n en funci\u00f3n de la dificultad t\u00e9cnica. Adicionalmente, si se realizaban otros trabajos se a\u00f1ad\u00edan unos porcentajes que completaban el conjunto de honorarios a percibir.\u201d<\/em><\/p>\n<h2><strong>4. Juntos de dilataci\u00f3n<\/strong><\/h2>\n<p>Art\u00edculo redactado por\u00a0<strong>ANTONI BL\u00c0ZQUEZ y BOYA<\/strong>.<\/p>\n<p><em>\u201cUna junta de dilataci\u00f3n es una discontinuidad provocada para evitar los efectos nocivos de los fen\u00f3menos de dilataci\u00f3n y contracci\u00f3n de la estructura, ocasionados por variaciones c\u00edclicas en la temperatura, en el contenido de humedad o en las vibraciones provocadas por un se\u00edsmo. La anchura de la junta se determina de forma que se permita el libre movimiento de ambas partes de la estructura.\u201d<\/em><\/p>\n<h2><strong>5. Nueva instrucci\u00f3n EFHE 2002<\/strong><\/h2>\n<p>Art\u00edculo redactado por\u00a0<strong>JORGE BLASCO MIGUEL<\/strong>.<\/p>\n<p><em>\u201cEl 6\/8\/2002 se public\u00f3 en el BOE la nueva instrucci\u00f3n de\u00a0<a href=\"https:\/\/www.boe.es\/buscar\/doc.php?id=BOE-A-2002 -15887\" target=\"_blank\" rel=\"noopener noreferrer\">forjados unidireccionales EFHE 2002<\/a>, que entrar\u00e1 en vigor el 6\/2\/2003.<\/em><\/p>\n<p><em>A partir del borrador que circulaba desde el a\u00f1o 2000, no ha habido cambio significativo. Podr\u00eda decirse que la instrucci\u00f3n es una adecuaci\u00f3n de la antigua EF-96 a la norma de Hormig\u00f3n EHE-98, y como tal, ha significado la complicaci\u00f3n y oscurecimiento de la primera.\u201d<\/em><\/p>\n<h2><strong>6. <\/strong><strong>Lista de miembros de la Asociaci\u00f3n<\/strong><\/h2>\n<p>Conoce a los\u00a0miembros\u00a0de la Asociaci\u00f3n Consultores de Estructuras. Podr\u00e1s ver a los nuevos integrantes que participan por el reconocimiento de la profesi\u00f3n dentro del mundo de la construcci\u00f3n.<\/p>\n","protected":false},"excerpt":{"rendered":"<ul>\n<li>1. Teconolog\u00eda versus calidad<\/li>\n<li>2. Una aportaci\u00f3n al c\u00e1lculo de estructuras de paredes (II)<\/li>\n<li>3. Los nuevos baremos de honorarios<\/li>\n<li>4. Juntos de dilataci\u00f3n<\/li>\n<li>5. Nueva instrucci\u00f3n EFHE 2002<\/li>\n<li>6. Lista de miembros de la Asociaci\u00f3n<\/li>\n<\/ul>\n","protected":false},"featured_media":38197,"template":"","meta":{"_acf_changed":false,"site-sidebar-layout":"default","site-content-layout":"default","ast-global-header-display":"","ast-main-header-display":"","ast-hfb-above-header-display":"","ast-hfb-below-header-display":"","ast-hfb-mobile-header-display":"","site-post-title":"","ast-breadcrumbs-content":"","ast-featured-img":"","footer-sml-layout":"","theme-transparent-header-meta":"default","adv-header-id-meta":"","stick-header-meta":"","header-above-stick-meta":"","header-main-stick-meta":"","header-below-stick-meta":""},"product_brand":[],"product_cat":[595],"product_tag":[],"class_list":{"0":"post-39698","1":"product","2":"type-product","3":"status-publish","4":"has-post-thumbnail","6":"product_cat-cuaderno-de-estructuras","7":"desktop-align-left","8":"tablet-align-left","9":"mobile-align-left","11":"first","12":"instock","13":"taxable","14":"shipping-taxable","15":"purchasable","16":"product-type-variable","17":"has-default-attributes"},"acf":[],"yoast_head":"<!-- This site is optimized with the Yoast SEO plugin v27.1.1 - https:\/\/yoast.com\/product\/yoast-seo-wordpress\/ -->\n<title>Quaderns d&#039;Estructures 12 | ACE<\/title>\n<meta name=\"description\" content=\"Revista n\u00ba 12 con art\u00edculos de actualidad que tratan sobre la construcci\u00f3n de estructuras y que publica la Asociaci\u00f3n de Consultores de Estructuras (ACE).\" \/>\n<meta name=\"robots\" content=\"index, follow, max-snippet:-1, max-image-preview:large, max-video-preview:-1\" \/>\n<link rel=\"canonical\" href=\"https:\/\/aceweb.cat\/es\/producto\/quaderns-destructures-12\/\" \/>\n<meta property=\"og:locale\" content=\"es_ES\" \/>\n<meta property=\"og:type\" content=\"article\" \/>\n<meta property=\"og:title\" content=\"Quaderns d&#039;Estructures 12 | ACE\" \/>\n<meta property=\"og:description\" content=\"Revista n\u00ba 12 con art\u00edculos de actualidad que tratan sobre la construcci\u00f3n de estructuras y que publica la Asociaci\u00f3n de Consultores de Estructuras (ACE).\" \/>\n<meta property=\"og:url\" content=\"https:\/\/aceweb.cat\/es\/producto\/quaderns-destructures-12\/\" \/>\n<meta property=\"og:site_name\" content=\"aceweb.cat\" \/>\n<meta property=\"article:modified_time\" content=\"2023-03-22T15:50:00+00:00\" \/>\n<meta property=\"og:image\" content=\"https:\/\/aceweb.cat\/wp-content\/uploads\/2023\/02\/ACE-Quaderns-Estructures-012.jpg\" \/>\n\t<meta property=\"og:image:width\" content=\"724\" \/>\n\t<meta property=\"og:image:height\" content=\"1024\" \/>\n\t<meta property=\"og:image:type\" content=\"image\/jpeg\" \/>\n<meta name=\"twitter:card\" content=\"summary_large_image\" \/>\n<meta name=\"twitter:label1\" content=\"Tiempo de lectura\" \/>\n\t<meta name=\"twitter:data1\" content=\"3 minutos\" \/>\n<script type=\"application\/ld+json\" class=\"yoast-schema-graph\">{\"@context\":\"https:\/\/schema.org\",\"@graph\":[{\"@type\":\"WebPage\",\"@id\":\"https:\/\/aceweb.cat\/es\/producto\/quaderns-destructures-12\/\",\"url\":\"https:\/\/aceweb.cat\/es\/producto\/quaderns-destructures-12\/\",\"name\":\"Quaderns d'Estructures 12 | ACE\",\"isPartOf\":{\"@id\":\"https:\/\/aceweb.cat\/#website\"},\"primaryImageOfPage\":{\"@id\":\"https:\/\/aceweb.cat\/es\/producto\/quaderns-destructures-12\/#primaryimage\"},\"image\":{\"@id\":\"https:\/\/aceweb.cat\/es\/producto\/quaderns-destructures-12\/#primaryimage\"},\"thumbnailUrl\":\"https:\/\/aceweb.cat\/wp-content\/uploads\/2023\/02\/ACE-Quaderns-Estructures-012.jpg\",\"datePublished\":\"2022-11-26T10:00:32+00:00\",\"dateModified\":\"2023-03-22T15:50:00+00:00\",\"description\":\"Revista n\u00ba 12 con art\u00edculos de actualidad que tratan sobre la construcci\u00f3n de estructuras y que publica la Asociaci\u00f3n de Consultores de Estructuras (ACE).\",\"breadcrumb\":{\"@id\":\"https:\/\/aceweb.cat\/es\/producto\/quaderns-destructures-12\/#breadcrumb\"},\"inLanguage\":\"es\",\"potentialAction\":[{\"@type\":\"ReadAction\",\"target\":[\"https:\/\/aceweb.cat\/es\/producto\/quaderns-destructures-12\/\"]}]},{\"@type\":\"ImageObject\",\"inLanguage\":\"es\",\"@id\":\"https:\/\/aceweb.cat\/es\/producto\/quaderns-destructures-12\/#primaryimage\",\"url\":\"https:\/\/aceweb.cat\/wp-content\/uploads\/2023\/02\/ACE-Quaderns-Estructures-012.jpg\",\"contentUrl\":\"https:\/\/aceweb.cat\/wp-content\/uploads\/2023\/02\/ACE-Quaderns-Estructures-012.jpg\",\"width\":724,\"height\":1024},{\"@type\":\"BreadcrumbList\",\"@id\":\"https:\/\/aceweb.cat\/es\/producto\/quaderns-destructures-12\/#breadcrumb\",\"itemListElement\":[{\"@type\":\"ListItem\",\"position\":1,\"name\":\"Inici\",\"item\":\"https:\/\/aceweb.cat\/\"},{\"@type\":\"ListItem\",\"position\":2,\"name\":\"Tienda\",\"item\":\"https:\/\/aceweb.cat\/es\/tienda\/\"},{\"@type\":\"ListItem\",\"position\":3,\"name\":\"Quadern d\u2019Estructures\",\"item\":\"https:\/\/aceweb.cat\/es\/categoria-producto\/cuaderno-de-estructuras\/\"},{\"@type\":\"ListItem\",\"position\":4,\"name\":\"Quaderns d&#8217;Estructures 12\"}]},{\"@type\":\"WebSite\",\"@id\":\"https:\/\/aceweb.cat\/#website\",\"url\":\"https:\/\/aceweb.cat\/\",\"name\":\"ACE\",\"description\":\"Associaci\u00f3 de Consultors d&#039;Estructures | ACE\",\"publisher\":{\"@id\":\"https:\/\/aceweb.cat\/#organization\"},\"alternateName\":\"ACE\",\"potentialAction\":[{\"@type\":\"SearchAction\",\"target\":{\"@type\":\"EntryPoint\",\"urlTemplate\":\"https:\/\/aceweb.cat\/?s={search_term_string}\"},\"query-input\":{\"@type\":\"PropertyValueSpecification\",\"valueRequired\":true,\"valueName\":\"search_term_string\"}}],\"inLanguage\":\"es\"},{\"@type\":\"Organization\",\"@id\":\"https:\/\/aceweb.cat\/#organization\",\"name\":\"ACE\",\"alternateName\":\"ACE\",\"url\":\"https:\/\/aceweb.cat\/\",\"logo\":{\"@type\":\"ImageObject\",\"inLanguage\":\"es\",\"@id\":\"https:\/\/aceweb.cat\/#\/schema\/logo\/image\/\",\"url\":\"https:\/\/aceweb.cat\/wp-content\/uploads\/2022\/10\/logo.svg\",\"contentUrl\":\"https:\/\/aceweb.cat\/wp-content\/uploads\/2022\/10\/logo.svg\",\"width\":1,\"height\":1,\"caption\":\"ACE\"},\"image\":{\"@id\":\"https:\/\/aceweb.cat\/#\/schema\/logo\/image\/\"}}]}<\/script>\n<!-- \/ Yoast SEO plugin. -->","yoast_head_json":{"title":"Quaderns d'Estructures 12 | ACE","description":"Revista n\u00ba 12 con art\u00edculos de actualidad que tratan sobre la construcci\u00f3n de estructuras y que publica la Asociaci\u00f3n de Consultores de Estructuras (ACE).","robots":{"index":"index","follow":"follow","max-snippet":"max-snippet:-1","max-image-preview":"max-image-preview:large","max-video-preview":"max-video-preview:-1"},"canonical":"https:\/\/aceweb.cat\/es\/producto\/quaderns-destructures-12\/","og_locale":"es_ES","og_type":"article","og_title":"Quaderns d'Estructures 12 | ACE","og_description":"Revista n\u00ba 12 con art\u00edculos de actualidad que tratan sobre la construcci\u00f3n de estructuras y que publica la Asociaci\u00f3n de Consultores de Estructuras (ACE).","og_url":"https:\/\/aceweb.cat\/es\/producto\/quaderns-destructures-12\/","og_site_name":"aceweb.cat","article_modified_time":"2023-03-22T15:50:00+00:00","og_image":[{"width":724,"height":1024,"url":"https:\/\/aceweb.cat\/wp-content\/uploads\/2023\/02\/ACE-Quaderns-Estructures-012.jpg","type":"image\/jpeg"}],"twitter_card":"summary_large_image","twitter_misc":{"Tiempo de lectura":"3 minutos"},"schema":{"@context":"https:\/\/schema.org","@graph":[{"@type":"WebPage","@id":"https:\/\/aceweb.cat\/es\/producto\/quaderns-destructures-12\/","url":"https:\/\/aceweb.cat\/es\/producto\/quaderns-destructures-12\/","name":"Quaderns d'Estructures 12 | ACE","isPartOf":{"@id":"https:\/\/aceweb.cat\/#website"},"primaryImageOfPage":{"@id":"https:\/\/aceweb.cat\/es\/producto\/quaderns-destructures-12\/#primaryimage"},"image":{"@id":"https:\/\/aceweb.cat\/es\/producto\/quaderns-destructures-12\/#primaryimage"},"thumbnailUrl":"https:\/\/aceweb.cat\/wp-content\/uploads\/2023\/02\/ACE-Quaderns-Estructures-012.jpg","datePublished":"2022-11-26T10:00:32+00:00","dateModified":"2023-03-22T15:50:00+00:00","description":"Revista n\u00ba 12 con art\u00edculos de actualidad que tratan sobre la construcci\u00f3n de estructuras y que publica la Asociaci\u00f3n de Consultores de Estructuras (ACE).","breadcrumb":{"@id":"https:\/\/aceweb.cat\/es\/producto\/quaderns-destructures-12\/#breadcrumb"},"inLanguage":"es","potentialAction":[{"@type":"ReadAction","target":["https:\/\/aceweb.cat\/es\/producto\/quaderns-destructures-12\/"]}]},{"@type":"ImageObject","inLanguage":"es","@id":"https:\/\/aceweb.cat\/es\/producto\/quaderns-destructures-12\/#primaryimage","url":"https:\/\/aceweb.cat\/wp-content\/uploads\/2023\/02\/ACE-Quaderns-Estructures-012.jpg","contentUrl":"https:\/\/aceweb.cat\/wp-content\/uploads\/2023\/02\/ACE-Quaderns-Estructures-012.jpg","width":724,"height":1024},{"@type":"BreadcrumbList","@id":"https:\/\/aceweb.cat\/es\/producto\/quaderns-destructures-12\/#breadcrumb","itemListElement":[{"@type":"ListItem","position":1,"name":"Inici","item":"https:\/\/aceweb.cat\/"},{"@type":"ListItem","position":2,"name":"Tienda","item":"https:\/\/aceweb.cat\/es\/tienda\/"},{"@type":"ListItem","position":3,"name":"Quadern d\u2019Estructures","item":"https:\/\/aceweb.cat\/es\/categoria-producto\/cuaderno-de-estructuras\/"},{"@type":"ListItem","position":4,"name":"Quaderns d&#8217;Estructures 12"}]},{"@type":"WebSite","@id":"https:\/\/aceweb.cat\/#website","url":"https:\/\/aceweb.cat\/","name":"ACE","description":"Associaci\u00f3 de Consultors d&#039;Estructures | ACE","publisher":{"@id":"https:\/\/aceweb.cat\/#organization"},"alternateName":"ACE","potentialAction":[{"@type":"SearchAction","target":{"@type":"EntryPoint","urlTemplate":"https:\/\/aceweb.cat\/?s={search_term_string}"},"query-input":{"@type":"PropertyValueSpecification","valueRequired":true,"valueName":"search_term_string"}}],"inLanguage":"es"},{"@type":"Organization","@id":"https:\/\/aceweb.cat\/#organization","name":"ACE","alternateName":"ACE","url":"https:\/\/aceweb.cat\/","logo":{"@type":"ImageObject","inLanguage":"es","@id":"https:\/\/aceweb.cat\/#\/schema\/logo\/image\/","url":"https:\/\/aceweb.cat\/wp-content\/uploads\/2022\/10\/logo.svg","contentUrl":"https:\/\/aceweb.cat\/wp-content\/uploads\/2022\/10\/logo.svg","width":1,"height":1,"caption":"ACE"},"image":{"@id":"https:\/\/aceweb.cat\/#\/schema\/logo\/image\/"}}]}},"_links":{"self":[{"href":"https:\/\/aceweb.cat\/es\/wp-json\/wp\/v2\/product\/39698","targetHints":{"allow":["GET"]}}],"collection":[{"href":"https:\/\/aceweb.cat\/es\/wp-json\/wp\/v2\/product"}],"about":[{"href":"https:\/\/aceweb.cat\/es\/wp-json\/wp\/v2\/types\/product"}],"version-history":[{"count":1,"href":"https:\/\/aceweb.cat\/es\/wp-json\/wp\/v2\/product\/39698\/revisions"}],"predecessor-version":[{"id":40994,"href":"https:\/\/aceweb.cat\/es\/wp-json\/wp\/v2\/product\/39698\/revisions\/40994"}],"wp:featuredmedia":[{"embeddable":true,"href":"https:\/\/aceweb.cat\/es\/wp-json\/wp\/v2\/media\/38197"}],"wp:attachment":[{"href":"https:\/\/aceweb.cat\/es\/wp-json\/wp\/v2\/media?parent=39698"}],"wp:term":[{"taxonomy":"product_brand","embeddable":true,"href":"https:\/\/aceweb.cat\/es\/wp-json\/wp\/v2\/product_brand?post=39698"},{"taxonomy":"product_cat","embeddable":true,"href":"https:\/\/aceweb.cat\/es\/wp-json\/wp\/v2\/product_cat?post=39698"},{"taxonomy":"product_tag","embeddable":true,"href":"https:\/\/aceweb.cat\/es\/wp-json\/wp\/v2\/product_tag?post=39698"}],"curies":[{"name":"wp","href":"https:\/\/api.w.org\/{rel}","templated":true}]}}