{"id":39701,"date":"2022-11-28T10:00:06","date_gmt":"2022-11-28T10:00:06","guid":{"rendered":"https:\/\/www.aceweb.advertis.es\/producto\/quaderns-destructures-13\/"},"modified":"2023-03-22T15:50:38","modified_gmt":"2023-03-22T15:50:38","slug":"quaderns-destructures-13","status":"publish","type":"product","link":"https:\/\/aceweb.cat\/es\/producto\/quaderns-destructures-13\/","title":{"rendered":"Quaderns d&#8217;Estructures 13"},"content":{"rendered":"<p>Este n\u00famero incluye:<\/p>\n<h2><strong>1. Francesc Bass\u00f3 i Birul\u00e9s socio de honor de la ACE<\/strong><\/h2>\n<p>Art\u00edculo redactado por\u00a0<strong>JOSEP MARIA VALERI y FERRET<\/strong>.<\/p>\n<p><em>\u201cLa Junta de nuestra Asociaci\u00f3n ha tomado el acuerdo de pedir a Francesc Bass\u00f3 i Birul\u00e9s que quiera aceptar pertenecer a la ACE como socio de honor.<\/em><\/ p><\/p>\n<p><em>Bas\u00f3, adem\u00e1s de la edad, tiene una salud delicada y prefiri\u00f3 no hacer \u00e9l mismo la conferencia de fin de a\u00f1o que, como ya es tradicional, pronuncia el \u00faltimo socio de honor. La junta me ha pedido a Oriol Bohigas que nos hable de la maestr\u00eda de Basso Birul\u00e9s.\u201d<\/em><\/p>\n<h2><strong>2. Francesc Bass\u00f3, maestro y compa\u00f1ero<\/strong><\/h2>\n<p>Art\u00edculo redactado por\u00a0<strong>LUIS NAVIDAD OLLER<\/strong>.<\/p>\n<p><em>\u201cConoc\u00ed a Francesc Bass\u00f3 en mi condici\u00f3n de estudiante en <a href=\"https:\/\/es.wikipedia.org\/wiki\/Escuela_T%C3%A9cnica_Superior_de_Arquitectura_de_Barcelona\" target=\"_blank\" rel=\"noopener noreferrer\">Escuela de Arquitectura de Barcelona<\/a>. Era a mediados de la d\u00e9cada de los a\u00f1os cincuenta; nuestra Escuela estaba anclada en los modelos hist\u00f3ricos por lo que recibimos con entusiasmo sus lecciones sobre la nueva t\u00e9cnica del hormig\u00f3n armado, porque intu\u00edamos que su conocimiento era indispensable para nuestra progresiva integraci\u00f3n en la arquitectura moderna, objetivo que acarici\u00e1bamos la mayor\u00eda de estudiantes.<\/em><em>\u201c<\/em><\/p>\n<h2><strong>3. Unas reflexiones sobre la evoluci\u00f3n de la construcci\u00f3n<\/strong><\/h2>\n<p>Art\u00edculo redactado por\u00a0<strong>FRANCESC BASS\u00d3 y BIRUL\u00c9S<\/strong>.<\/p>\n<p><em>\u201cQueridos amigos y compa\u00f1eros,<\/em><\/p>\n<p><em>Se me ha pedido que le dirigiera la palabra aprovechando la ocasi\u00f3n de la inauguraci\u00f3n de este Colegio y creo que la ocasi\u00f3n no era la m\u00e1s apropiada para daros la cl\u00e1sica conferencia tecnol\u00f3gica, m\u00e1s adecuada dentro de las tareas del Instituto de Tecnolog\u00eda, sino que era la oportunidad para que todos hici\u00e9ramos unas reflexiones sobre qu\u00e9 ha sido nuestra construcci\u00f3n, c\u00f3mo es actualmente y qu\u00e9 futuro podemos esperar.\u201d<\/em><\/ p><\/p>\n<h2><strong>4. Pasarela de material compuesto de fibra de vidrio sobre el acceso a Lleida de la l\u00ednea AVE<\/strong><\/h2>\n<p>Art\u00edculo redactado por\u00a0<strong>JUAN A. SOBRINO<\/strong>\u00a0y\u00a0<strong>M. DOLORAS G. PULIDO<\/strong>.<\/p>\n<p><em>\u201cEl t\u00e9rmino material compuesto se reserva para aquellos materiales bif\u00e1sicos (fibras + matriz) fabricados expresamente para mejorar los valores de las propiedades que los materiales constituyentes presentan por separado, exhibiendo una interfaz identificable entre ellos.<\/em ><em>\u201c<\/em><\/p>\n<h2><strong>5. Racionalizaci\u00f3n de las estructuras<\/strong><\/h2>\n<p>Art\u00edculo redactado por\u00a0<strong>ANTONI MASSAGU\u00c9 y OLIART<\/strong>.<\/p>\n<p><em>\u201cESTRUCTURAS: UN TRABAJO DE EQUIPO<\/em><\/p>\n<p><em>El avance al que est\u00e1n sometidos los sistemas estructurales cl\u00e1sicos y la mejor calidad de materiales, sumado a las crecientes exigencias de fiabilidad de los c\u00e1lculos y durabilidad de las estructuras, hace que los profesionales que nos dediquemos al c\u00e1lculo de estructuras, debemos replantearnos nuestro normal \u201cmodus operandi\u201d, para no entrar en una din\u00e1mica de ajustes, mejoras y modificaciones de proyecto con el consiguiente perjuicio econ\u00f3mico que comportar\u00eda.\u201d<\/em><\/p>\n<h2><strong>6. La acci\u00f3n del incendio en las estructuras de edificios<\/strong><\/h2>\n<p>Art\u00edculo redactado por\u00a0<strong>NURIA GASULLA\u00a0 y FERN\u00c1NDEZ<\/strong>.<\/p>\n<h2><strong>7. El fuego. Bases para el c\u00e1lculo estructural<\/strong><\/h2>\n<p>Art\u00edculo redactado por\u00a0<strong>MIQUEL REJAT y RODR\u00cdGUEZ<\/strong>.<\/p>\n<p><em>\u201cLa acci\u00f3n que fija la problem\u00e1tica de seguridad en las obras por causa de incendio es el calor transmitido por radiaci\u00f3n; sin menospreciar la transmisi\u00f3n por conducci\u00f3n y por convecci\u00f3n que en algunos casos tambi\u00e9n juegan papeles muy severos.\u201d<\/em><\/p>\n<h2><strong>8. Miscel\u00e1nea<\/strong><\/h2>\n<h2><strong>9. Rememorando los inicios<\/strong><\/h2>\n<p>Art\u00edculo redactado por\u00a0<strong>DAVID GARCIA<\/strong>,\u00a0<strong>DAVID RODR\u00cdGUEZ<\/strong>\u00a0y\u00a0<strong>XAVIER MATEU<\/strong>.<\/p>\n<p>\u201cHace casi dos d\u00e9cadas que un grupo de compa\u00f1eros se anim\u00f3 a organizar nuestra asociaci\u00f3n, la ACE. Es bastante tiempo para una entidad y esto nos ha hecho pensar a algunos de los m\u00e1s j\u00f3venes que habr\u00eda que garantizar la memoria de aquellos hechos iniciales y, al mismo tiempo, hacer un peque\u00f1o y discreto homenaje a estos \u00abhombres\u00bb que iniciaron esta aventura. Gracias.\u201d<\/P><\/p>\n<h2><strong>10. Lista de miembros de la Asociaci\u00f3n<\/strong><\/h2>\n<p>Conoce a los\u00a0miembros\u00a0de la Asociaci\u00f3n Consultores de Estructuras. Podr\u00e1s ver a los nuevos integrantes que participan por el reconocimiento de la profesi\u00f3n dentro del mundo de la construcci\u00f3n.<\/p>\n","protected":false},"excerpt":{"rendered":"<ul>\n<li>1. Francesc Bass\u00f3 i Birul\u00e9s socio de honor de la ACE<\/li>\n<li>2. Francesc Bass\u00f3, maestro y compa\u00f1ero<\/li>\n<li>3. Unas reflexiones sobre la evoluci\u00f3n de la construcci\u00f3n<\/li>\n<li>4. Pasarela de material compuesto de fibra de vidrio sobre el acceso a L\u00e9rida de la l\u00ednea AVE<\/li>\n<li>5. Racionalizaci\u00f3n de las estructuras<\/li>\n<li>6. La acci\u00f3n del incendio en las estructuras de edificios<\/li>\n<li>7. El fuego. Bases para el c\u00e1lculo estructural<\/li>\n<li>8. Miscel\u00e1nea<\/li>\n<li>9. Rememorando los inicios<\/li>\n<li>10. Lista de miembros de la Asociaci\u00f3n<\/li>\n<\/ul>\n","protected":false},"featured_media":38187,"template":"","meta":{"_acf_changed":false,"site-sidebar-layout":"default","site-content-layout":"default","ast-global-header-display":"","ast-main-header-display":"","ast-hfb-above-header-display":"","ast-hfb-below-header-display":"","ast-hfb-mobile-header-display":"","site-post-title":"","ast-breadcrumbs-content":"","ast-featured-img":"","footer-sml-layout":"","theme-transparent-header-meta":"default","adv-header-id-meta":"","stick-header-meta":"","header-above-stick-meta":"","header-main-stick-meta":"","header-below-stick-meta":""},"product_brand":[],"product_cat":[595],"product_tag":[],"class_list":{"0":"post-39701","1":"product","2":"type-product","3":"status-publish","4":"has-post-thumbnail","6":"product_cat-cuaderno-de-estructuras","7":"desktop-align-left","8":"tablet-align-left","9":"mobile-align-left","11":"first","12":"instock","13":"taxable","14":"shipping-taxable","15":"purchasable","16":"product-type-variable","17":"has-default-attributes"},"acf":[],"yoast_head":"<!-- This site is optimized with the Yoast SEO plugin v27.1.1 - https:\/\/yoast.com\/product\/yoast-seo-wordpress\/ -->\n<title>Quaderns d&#039;Estructures 13 | ACE<\/title>\n<meta name=\"description\" content=\"Revista n\u00ba 13 con art\u00edculos de actualidad que tratan sobre la construcci\u00f3n de estructuras y que publica la Asociaci\u00f3n de Consultores de Estructuras (ACE).\" \/>\n<meta name=\"robots\" content=\"index, follow, max-snippet:-1, max-image-preview:large, max-video-preview:-1\" \/>\n<link rel=\"canonical\" href=\"https:\/\/aceweb.cat\/es\/producto\/quaderns-destructures-13\/\" \/>\n<meta property=\"og:locale\" content=\"es_ES\" \/>\n<meta property=\"og:type\" content=\"article\" \/>\n<meta property=\"og:title\" content=\"Quaderns d&#039;Estructures 13 | ACE\" \/>\n<meta property=\"og:description\" content=\"Revista n\u00ba 13 con art\u00edculos de actualidad que tratan sobre la construcci\u00f3n de estructuras y que publica la Asociaci\u00f3n de Consultores de Estructuras (ACE).\" \/>\n<meta property=\"og:url\" content=\"https:\/\/aceweb.cat\/es\/producto\/quaderns-destructures-13\/\" \/>\n<meta property=\"og:site_name\" content=\"aceweb.cat\" \/>\n<meta property=\"article:modified_time\" content=\"2023-03-22T15:50:38+00:00\" \/>\n<meta property=\"og:image\" content=\"https:\/\/aceweb.cat\/wp-content\/uploads\/2023\/02\/ACE-Quaderns-Estructures-013.jpg\" \/>\n\t<meta property=\"og:image:width\" content=\"724\" \/>\n\t<meta property=\"og:image:height\" content=\"1024\" \/>\n\t<meta property=\"og:image:type\" content=\"image\/jpeg\" \/>\n<meta name=\"twitter:card\" content=\"summary_large_image\" \/>\n<meta name=\"twitter:label1\" content=\"Tiempo de lectura\" \/>\n\t<meta name=\"twitter:data1\" content=\"3 minutos\" \/>\n<script type=\"application\/ld+json\" class=\"yoast-schema-graph\">{\"@context\":\"https:\/\/schema.org\",\"@graph\":[{\"@type\":\"WebPage\",\"@id\":\"https:\/\/aceweb.cat\/es\/producto\/quaderns-destructures-13\/\",\"url\":\"https:\/\/aceweb.cat\/es\/producto\/quaderns-destructures-13\/\",\"name\":\"Quaderns d'Estructures 13 | ACE\",\"isPartOf\":{\"@id\":\"https:\/\/aceweb.cat\/#website\"},\"primaryImageOfPage\":{\"@id\":\"https:\/\/aceweb.cat\/es\/producto\/quaderns-destructures-13\/#primaryimage\"},\"image\":{\"@id\":\"https:\/\/aceweb.cat\/es\/producto\/quaderns-destructures-13\/#primaryimage\"},\"thumbnailUrl\":\"https:\/\/aceweb.cat\/wp-content\/uploads\/2023\/02\/ACE-Quaderns-Estructures-013.jpg\",\"datePublished\":\"2022-11-28T10:00:06+00:00\",\"dateModified\":\"2023-03-22T15:50:38+00:00\",\"description\":\"Revista n\u00ba 13 con art\u00edculos de actualidad que tratan sobre la construcci\u00f3n de estructuras y que publica la Asociaci\u00f3n de Consultores de Estructuras (ACE).\",\"breadcrumb\":{\"@id\":\"https:\/\/aceweb.cat\/es\/producto\/quaderns-destructures-13\/#breadcrumb\"},\"inLanguage\":\"es\",\"potentialAction\":[{\"@type\":\"ReadAction\",\"target\":[\"https:\/\/aceweb.cat\/es\/producto\/quaderns-destructures-13\/\"]}]},{\"@type\":\"ImageObject\",\"inLanguage\":\"es\",\"@id\":\"https:\/\/aceweb.cat\/es\/producto\/quaderns-destructures-13\/#primaryimage\",\"url\":\"https:\/\/aceweb.cat\/wp-content\/uploads\/2023\/02\/ACE-Quaderns-Estructures-013.jpg\",\"contentUrl\":\"https:\/\/aceweb.cat\/wp-content\/uploads\/2023\/02\/ACE-Quaderns-Estructures-013.jpg\",\"width\":724,\"height\":1024},{\"@type\":\"BreadcrumbList\",\"@id\":\"https:\/\/aceweb.cat\/es\/producto\/quaderns-destructures-13\/#breadcrumb\",\"itemListElement\":[{\"@type\":\"ListItem\",\"position\":1,\"name\":\"Inici\",\"item\":\"https:\/\/aceweb.cat\/\"},{\"@type\":\"ListItem\",\"position\":2,\"name\":\"Tienda\",\"item\":\"https:\/\/aceweb.cat\/es\/tienda\/\"},{\"@type\":\"ListItem\",\"position\":3,\"name\":\"Quadern d\u2019Estructures\",\"item\":\"https:\/\/aceweb.cat\/es\/categoria-producto\/cuaderno-de-estructuras\/\"},{\"@type\":\"ListItem\",\"position\":4,\"name\":\"Quaderns d&#8217;Estructures 13\"}]},{\"@type\":\"WebSite\",\"@id\":\"https:\/\/aceweb.cat\/#website\",\"url\":\"https:\/\/aceweb.cat\/\",\"name\":\"ACE\",\"description\":\"Associaci\u00f3 de Consultors d&#039;Estructures | ACE\",\"publisher\":{\"@id\":\"https:\/\/aceweb.cat\/#organization\"},\"alternateName\":\"ACE\",\"potentialAction\":[{\"@type\":\"SearchAction\",\"target\":{\"@type\":\"EntryPoint\",\"urlTemplate\":\"https:\/\/aceweb.cat\/?s={search_term_string}\"},\"query-input\":{\"@type\":\"PropertyValueSpecification\",\"valueRequired\":true,\"valueName\":\"search_term_string\"}}],\"inLanguage\":\"es\"},{\"@type\":\"Organization\",\"@id\":\"https:\/\/aceweb.cat\/#organization\",\"name\":\"ACE\",\"alternateName\":\"ACE\",\"url\":\"https:\/\/aceweb.cat\/\",\"logo\":{\"@type\":\"ImageObject\",\"inLanguage\":\"es\",\"@id\":\"https:\/\/aceweb.cat\/#\/schema\/logo\/image\/\",\"url\":\"https:\/\/aceweb.cat\/wp-content\/uploads\/2022\/10\/logo.svg\",\"contentUrl\":\"https:\/\/aceweb.cat\/wp-content\/uploads\/2022\/10\/logo.svg\",\"width\":1,\"height\":1,\"caption\":\"ACE\"},\"image\":{\"@id\":\"https:\/\/aceweb.cat\/#\/schema\/logo\/image\/\"}}]}<\/script>\n<!-- \/ Yoast SEO plugin. -->","yoast_head_json":{"title":"Quaderns d'Estructures 13 | ACE","description":"Revista n\u00ba 13 con art\u00edculos de actualidad que tratan sobre la construcci\u00f3n de estructuras y que publica la Asociaci\u00f3n de Consultores de Estructuras (ACE).","robots":{"index":"index","follow":"follow","max-snippet":"max-snippet:-1","max-image-preview":"max-image-preview:large","max-video-preview":"max-video-preview:-1"},"canonical":"https:\/\/aceweb.cat\/es\/producto\/quaderns-destructures-13\/","og_locale":"es_ES","og_type":"article","og_title":"Quaderns d'Estructures 13 | ACE","og_description":"Revista n\u00ba 13 con art\u00edculos de actualidad que tratan sobre la construcci\u00f3n de estructuras y que publica la Asociaci\u00f3n de Consultores de Estructuras (ACE).","og_url":"https:\/\/aceweb.cat\/es\/producto\/quaderns-destructures-13\/","og_site_name":"aceweb.cat","article_modified_time":"2023-03-22T15:50:38+00:00","og_image":[{"width":724,"height":1024,"url":"https:\/\/aceweb.cat\/wp-content\/uploads\/2023\/02\/ACE-Quaderns-Estructures-013.jpg","type":"image\/jpeg"}],"twitter_card":"summary_large_image","twitter_misc":{"Tiempo de lectura":"3 minutos"},"schema":{"@context":"https:\/\/schema.org","@graph":[{"@type":"WebPage","@id":"https:\/\/aceweb.cat\/es\/producto\/quaderns-destructures-13\/","url":"https:\/\/aceweb.cat\/es\/producto\/quaderns-destructures-13\/","name":"Quaderns d'Estructures 13 | ACE","isPartOf":{"@id":"https:\/\/aceweb.cat\/#website"},"primaryImageOfPage":{"@id":"https:\/\/aceweb.cat\/es\/producto\/quaderns-destructures-13\/#primaryimage"},"image":{"@id":"https:\/\/aceweb.cat\/es\/producto\/quaderns-destructures-13\/#primaryimage"},"thumbnailUrl":"https:\/\/aceweb.cat\/wp-content\/uploads\/2023\/02\/ACE-Quaderns-Estructures-013.jpg","datePublished":"2022-11-28T10:00:06+00:00","dateModified":"2023-03-22T15:50:38+00:00","description":"Revista n\u00ba 13 con art\u00edculos de actualidad que tratan sobre la construcci\u00f3n de estructuras y que publica la Asociaci\u00f3n de Consultores de Estructuras (ACE).","breadcrumb":{"@id":"https:\/\/aceweb.cat\/es\/producto\/quaderns-destructures-13\/#breadcrumb"},"inLanguage":"es","potentialAction":[{"@type":"ReadAction","target":["https:\/\/aceweb.cat\/es\/producto\/quaderns-destructures-13\/"]}]},{"@type":"ImageObject","inLanguage":"es","@id":"https:\/\/aceweb.cat\/es\/producto\/quaderns-destructures-13\/#primaryimage","url":"https:\/\/aceweb.cat\/wp-content\/uploads\/2023\/02\/ACE-Quaderns-Estructures-013.jpg","contentUrl":"https:\/\/aceweb.cat\/wp-content\/uploads\/2023\/02\/ACE-Quaderns-Estructures-013.jpg","width":724,"height":1024},{"@type":"BreadcrumbList","@id":"https:\/\/aceweb.cat\/es\/producto\/quaderns-destructures-13\/#breadcrumb","itemListElement":[{"@type":"ListItem","position":1,"name":"Inici","item":"https:\/\/aceweb.cat\/"},{"@type":"ListItem","position":2,"name":"Tienda","item":"https:\/\/aceweb.cat\/es\/tienda\/"},{"@type":"ListItem","position":3,"name":"Quadern d\u2019Estructures","item":"https:\/\/aceweb.cat\/es\/categoria-producto\/cuaderno-de-estructuras\/"},{"@type":"ListItem","position":4,"name":"Quaderns d&#8217;Estructures 13"}]},{"@type":"WebSite","@id":"https:\/\/aceweb.cat\/#website","url":"https:\/\/aceweb.cat\/","name":"ACE","description":"Associaci\u00f3 de Consultors d&#039;Estructures | ACE","publisher":{"@id":"https:\/\/aceweb.cat\/#organization"},"alternateName":"ACE","potentialAction":[{"@type":"SearchAction","target":{"@type":"EntryPoint","urlTemplate":"https:\/\/aceweb.cat\/?s={search_term_string}"},"query-input":{"@type":"PropertyValueSpecification","valueRequired":true,"valueName":"search_term_string"}}],"inLanguage":"es"},{"@type":"Organization","@id":"https:\/\/aceweb.cat\/#organization","name":"ACE","alternateName":"ACE","url":"https:\/\/aceweb.cat\/","logo":{"@type":"ImageObject","inLanguage":"es","@id":"https:\/\/aceweb.cat\/#\/schema\/logo\/image\/","url":"https:\/\/aceweb.cat\/wp-content\/uploads\/2022\/10\/logo.svg","contentUrl":"https:\/\/aceweb.cat\/wp-content\/uploads\/2022\/10\/logo.svg","width":1,"height":1,"caption":"ACE"},"image":{"@id":"https:\/\/aceweb.cat\/#\/schema\/logo\/image\/"}}]}},"_links":{"self":[{"href":"https:\/\/aceweb.cat\/es\/wp-json\/wp\/v2\/product\/39701","targetHints":{"allow":["GET"]}}],"collection":[{"href":"https:\/\/aceweb.cat\/es\/wp-json\/wp\/v2\/product"}],"about":[{"href":"https:\/\/aceweb.cat\/es\/wp-json\/wp\/v2\/types\/product"}],"version-history":[{"count":1,"href":"https:\/\/aceweb.cat\/es\/wp-json\/wp\/v2\/product\/39701\/revisions"}],"predecessor-version":[{"id":40995,"href":"https:\/\/aceweb.cat\/es\/wp-json\/wp\/v2\/product\/39701\/revisions\/40995"}],"wp:featuredmedia":[{"embeddable":true,"href":"https:\/\/aceweb.cat\/es\/wp-json\/wp\/v2\/media\/38187"}],"wp:attachment":[{"href":"https:\/\/aceweb.cat\/es\/wp-json\/wp\/v2\/media?parent=39701"}],"wp:term":[{"taxonomy":"product_brand","embeddable":true,"href":"https:\/\/aceweb.cat\/es\/wp-json\/wp\/v2\/product_brand?post=39701"},{"taxonomy":"product_cat","embeddable":true,"href":"https:\/\/aceweb.cat\/es\/wp-json\/wp\/v2\/product_cat?post=39701"},{"taxonomy":"product_tag","embeddable":true,"href":"https:\/\/aceweb.cat\/es\/wp-json\/wp\/v2\/product_tag?post=39701"}],"curies":[{"name":"wp","href":"https:\/\/api.w.org\/{rel}","templated":true}]}}