{"id":39704,"date":"2022-11-29T10:00:36","date_gmt":"2022-11-29T10:00:36","guid":{"rendered":"https:\/\/www.aceweb.advertis.es\/producto\/quaderns-destructures-14\/"},"modified":"2023-03-22T15:50:51","modified_gmt":"2023-03-22T15:50:51","slug":"quaderns-destructures-14","status":"publish","type":"product","link":"https:\/\/aceweb.cat\/es\/producto\/quaderns-destructures-14\/","title":{"rendered":"Quaderns d&#8217;Estructures 14"},"content":{"rendered":"<p>Este n\u00famero incluye:<\/p>\n<h2><strong>1. Interdisciplinariedad + interfuncionalidad<\/strong><\/h2>\n<p>Art\u00edculo redactado por\u00a0<strong>JOSEP MARIA VALERI y FERRET<\/strong>.<\/p>\n<p><em>\u201cNuestra Asociaci\u00f3n de Consultores de Estructuras-ACE es por concepci\u00f3n fundacional una entidad de car\u00e1cter interdisciplinar dado que los estatus prev\u00e9n la incorporaci\u00f3n de profesionales del dise\u00f1o y el c\u00e1lculo de las estructuras con independencia de su procedencia acad\u00e9mica o la disciplina que profesen, entendida esta disciplina en la acepci\u00f3n terminol\u00f3gica que habla de: \u201creglas que afectan a los miembros de un cuerpo o de una profesi\u00f3n\u201d y\/o en la de \u201carte o facultad\u201d.<\/em> <\/p>\n<p><em>As\u00ed desde siempre, la ACE tiene socios numerarios que son arquitectos, arquitectos t\u00e9cnicos, ingenieros (de caminos, industriales, de montes\u2026) e ingenieros t\u00e9cnicos. Por tanto y dicho de otra manera, la ACE re\u00fane a los profesionales de la construcci\u00f3n que se dedican a realizar el mismo trabajo, proyectar, calcular y dirigir obras de estructura.\u201d<\/em><\/p>\n<h2><strong>2. Los techos s\u00e1ndwich aligerados con bloques de EPS<\/strong><\/h2>\n<p>Art\u00edculo redactado por\u00a0<strong>ROBERT BRUFAU y NIUB\u00d3<\/strong>.<\/p>\n<p><em>\u201cDesde hace unos diez a\u00f1os se utilizan en nuestro entorno los techos\u00a0hechos \u201cin situ\u201d y resueltos con potentes\u00a0prismas de alivio de poliestireno expandido (EPS, corrientemente llamado \u201c<a href=\"https:\/\/es.wikipedia.org\/wiki\/Poliestir%C3%A8_expandit\" target=\"_blank\" rel=\"noopener noreferrer\">p\u00f3rex<\/a>\u201c) intercalados entre dos capas continuas de hormig\u00f3n armado con los pertinentes nervios, j\u00e1cenas embebidas, congre\u00f1os de borde y \u00e1bacos propios de un techo bidireccional o unidireccional convencional.<\/em><\/p>\n<p><em>No estamos, pues, ante una nueva tipolog\u00eda de techos diferente a la de los cl\u00e1sicos techos nervados, sino ante una nueva forma de construirlos.\u201d<\/em><\/p>\n<h2><strong>3. Chimenea recalzada hasta tres s\u00f3tanos<\/strong><\/h2>\n<p>Art\u00edculo redactado por\u00a0<strong>ENRIC JERGAVINOS VALLS<\/strong>\u00a0y\u00a0<strong>CARLES D\u00cdAZ y CAMPOY<\/strong>.<\/p>\n<p><em>\u201c<strong>ANTECEDENTES HIST\u00d3RICOS<\/strong><\/em><\/p>\n<p><em>Hasta mediados del siglo pasado, Sabadell basaba su econom\u00eda en la industria textil, mediante naves industriales, que inicialmente estaban fuera de la ciudad, pero que despu\u00e9s fueron quedando engullidas por el crecimiento urbano de la ciudad. A medida que estas f\u00e1bricas se han ido trasladando a los pol\u00edgonos industriales, han quedado grandes solares que han servido para esponjar la ciudad, pero tambi\u00e9n para construir nuevas promociones de viviendas, como la que ha promovido Salas Associats en el terreno del Vapor de en Folguera (1844), en medio de Sabadell entre las calles Sant Pau y Migdia.<\/em><\/p>\n<p><em>El ciclo del vapor se iniciaba en las calderas, donde se calentaba agua mediante la combusti\u00f3n de carb\u00f3n hasta que se transformaba en vapor de agua, que iba a la m\u00e1quina de vapor y produc\u00eda la energ\u00eda mec\u00e1nica necesaria para el funcionamiento de los telares. La combusti\u00f3n de carb\u00f3n produc\u00eda cenizas y humos.\u201d<\/em><\/p>\n<h2><strong>4. Sobre un aspecto del dimensionado de los prismas mec\u00e1nicos de hormig\u00f3n armado<\/strong><\/h2>\n<p>Art\u00edculo redactado por\u00a0<strong>RAFAEL CASALS y BOHIGAS<\/strong>.<\/p>\n<p><em>\u201cEn los \u00faltimos tiempos y, en algunos casos no tan \u00faltimos, aprecio una tendencia en los profesionales a sentir terror por los problemas que conllevan la intervenci\u00f3n de dos o m\u00e1s variables y se esfuerzan en descalificar una de ambas, en el primer supuesto, y as\u00ed llegar a la situaci\u00f3n feliz que conlleva no tener que ponderar la importancia relativa de una y otra.<\/em><\/p>\n<p><em>Qui\u00e9n sabe si, en su subconsciente tienen un recuerdo gen\u00e9tico del problema del burro de Buridan que no supo elegir de qu\u00e9 gavilla de alfalfa, hab\u00eda dos id\u00e9nticas, deb\u00eda iniciar su comida y muri\u00f3 de hambre.<\/em><\/p>\n<p><em>Lo ilustrar\u00e9 con algunos ejemplos.\u201d<\/em><\/p>\n<h2><strong>5. Reparaci\u00f3n y ampliaci\u00f3n del Puente de los Ingleses sobre el r\u00edo Ter en Sant Vicen\u00e7 de Torell\u00f3<\/strong><\/h2>\n<p>Art\u00edculo redactado por\u00a0<strong>JUAN A. SOBRINO ALMUNIA<\/strong>\u00a0y\u00a0<strong>M\u00aa DOLORES G\u00d3MEZ PULIDO<\/strong>.<\/p>\n<p><em>\u201cLos ingenieros de estructuras se enfrentan, cada vez con mayor frecuencia, a proyectos de mantenimiento, rehabilitaci\u00f3n y refuerzo de puentes en servicio que responden a causas muy diversas: envejecimiento y degradaci\u00f3n de materiales, deficiencias estructurales o funcionales, etc. Enfrentarse al refuerzo, a la rehabilitaci\u00f3n de una estructura constituye un mundo apasionante y de responsabilidad profesional, donde la ingenier\u00eda de puentes puede demostrar su capacidad innovadora e imaginativa.<\/em><\/p>\n<p><em>El puente de carretera de los Ingleses, ubicado en la carretera BV-5226, en el t\u00e9rmino municipal de Sant Vicen\u00e7 de Torell\u00f3 en Barcelona, atraviesa el r\u00edo Ter conectando la colonia de Vila-Seca con la C-17 (antigua carretera N-152 , Barcelona-Ripoll).\u201d<\/em><\/p>\n<h2><strong>6. C\u00e1lculo de estructuras sometidas al fuego<\/strong><\/h2>\n<p>Art\u00edculo redactado por\u00a0<strong>DAVID GARCIA CARRERA<\/strong>.<\/p>\n<p><em>\u201cM\u00c9TODOS DE AN\u00c1LISIS\u201d<\/em><\/p>\n<h2><strong>7. Miscel\u00e1nea<\/strong><\/h2>\n<h2><strong>8. Lista de miembros de la Asociaci\u00f3n<\/strong><\/h2>\n<p>Conoce a los\u00a0miembros\u00a0de la Asociaci\u00f3n Consultores de Estructuras. Podr\u00e1s ver a los nuevos integrantes que participan por el reconocimiento de la profesi\u00f3n dentro del mundo de la construcci\u00f3n.<\/p>\n","protected":false},"excerpt":{"rendered":"<ul>\n<li>1. Interdisciplinariedad + interfuncionalidad<\/li>\n<li>2. Los techos s\u00e1ndwich aligerados con bloques de EPS<\/li>\n<li>3. Chimenea recalzada hasta tres s\u00f3tanos<\/li>\n<li>4. Nave comercial para venta y reparaci\u00f3n de autom\u00f3viles<\/li>\n<li>5. Reparaci\u00f3n y ampliaci\u00f3n del Puente de los Ingleses sobre el r\u00edo Ter en Sant Vicen\u00e7 de Torell\u00f3<\/li>\n<li>6. C\u00e1lculo de estructuras sometidas al fuego<\/li>\n<li>7. Miscel\u00e1nea<\/li>\n<li>8. Lista de miembros de la Asociaci\u00f3n<\/li>\n<\/ul>\n","protected":false},"featured_media":38177,"template":"","meta":{"_acf_changed":false,"site-sidebar-layout":"default","site-content-layout":"default","ast-global-header-display":"","ast-main-header-display":"","ast-hfb-above-header-display":"","ast-hfb-below-header-display":"","ast-hfb-mobile-header-display":"","site-post-title":"","ast-breadcrumbs-content":"","ast-featured-img":"","footer-sml-layout":"","theme-transparent-header-meta":"default","adv-header-id-meta":"","stick-header-meta":"","header-above-stick-meta":"","header-main-stick-meta":"","header-below-stick-meta":""},"product_brand":[],"product_cat":[595],"product_tag":[],"class_list":{"0":"post-39704","1":"product","2":"type-product","3":"status-publish","4":"has-post-thumbnail","6":"product_cat-cuaderno-de-estructuras","7":"desktop-align-left","8":"tablet-align-left","9":"mobile-align-left","11":"first","12":"instock","13":"taxable","14":"shipping-taxable","15":"purchasable","16":"product-type-variable","17":"has-default-attributes"},"acf":[],"yoast_head":"<!-- This site is optimized with the Yoast SEO plugin v27.1.1 - https:\/\/yoast.com\/product\/yoast-seo-wordpress\/ -->\n<title>Quaderns d&#039;Estructures 14 | ACE<\/title>\n<meta name=\"description\" content=\"Revista n\u00ba 14 con art\u00edculos de actualidad que tratan sobre la construcci\u00f3n de estructuras y que publica la Asociaci\u00f3n de Consultores de Estructuras (ACE).\" \/>\n<meta name=\"robots\" content=\"index, follow, max-snippet:-1, max-image-preview:large, max-video-preview:-1\" \/>\n<link rel=\"canonical\" href=\"https:\/\/aceweb.cat\/es\/producto\/quaderns-destructures-14\/\" \/>\n<meta property=\"og:locale\" content=\"es_ES\" \/>\n<meta property=\"og:type\" content=\"article\" \/>\n<meta property=\"og:title\" content=\"Quaderns d&#039;Estructures 14 | ACE\" \/>\n<meta property=\"og:description\" content=\"Revista n\u00ba 14 con art\u00edculos de actualidad que tratan sobre la construcci\u00f3n de estructuras y que publica la Asociaci\u00f3n de Consultores de Estructuras (ACE).\" \/>\n<meta property=\"og:url\" content=\"https:\/\/aceweb.cat\/es\/producto\/quaderns-destructures-14\/\" \/>\n<meta property=\"og:site_name\" content=\"aceweb.cat\" \/>\n<meta property=\"article:modified_time\" content=\"2023-03-22T15:50:51+00:00\" \/>\n<meta property=\"og:image\" content=\"https:\/\/aceweb.cat\/wp-content\/uploads\/2023\/02\/ACE-Quaderns-Estructures-014.jpg\" \/>\n\t<meta property=\"og:image:width\" content=\"724\" \/>\n\t<meta property=\"og:image:height\" content=\"1024\" \/>\n\t<meta property=\"og:image:type\" content=\"image\/jpeg\" \/>\n<meta name=\"twitter:card\" content=\"summary_large_image\" \/>\n<meta name=\"twitter:label1\" content=\"Tiempo de lectura\" \/>\n\t<meta name=\"twitter:data1\" content=\"4 minutos\" \/>\n<script type=\"application\/ld+json\" class=\"yoast-schema-graph\">{\"@context\":\"https:\/\/schema.org\",\"@graph\":[{\"@type\":\"WebPage\",\"@id\":\"https:\/\/aceweb.cat\/es\/producto\/quaderns-destructures-14\/\",\"url\":\"https:\/\/aceweb.cat\/es\/producto\/quaderns-destructures-14\/\",\"name\":\"Quaderns d'Estructures 14 | ACE\",\"isPartOf\":{\"@id\":\"https:\/\/aceweb.cat\/#website\"},\"primaryImageOfPage\":{\"@id\":\"https:\/\/aceweb.cat\/es\/producto\/quaderns-destructures-14\/#primaryimage\"},\"image\":{\"@id\":\"https:\/\/aceweb.cat\/es\/producto\/quaderns-destructures-14\/#primaryimage\"},\"thumbnailUrl\":\"https:\/\/aceweb.cat\/wp-content\/uploads\/2023\/02\/ACE-Quaderns-Estructures-014.jpg\",\"datePublished\":\"2022-11-29T10:00:36+00:00\",\"dateModified\":\"2023-03-22T15:50:51+00:00\",\"description\":\"Revista n\u00ba 14 con art\u00edculos de actualidad que tratan sobre la construcci\u00f3n de estructuras y que publica la Asociaci\u00f3n de Consultores de Estructuras (ACE).\",\"breadcrumb\":{\"@id\":\"https:\/\/aceweb.cat\/es\/producto\/quaderns-destructures-14\/#breadcrumb\"},\"inLanguage\":\"es\",\"potentialAction\":[{\"@type\":\"ReadAction\",\"target\":[\"https:\/\/aceweb.cat\/es\/producto\/quaderns-destructures-14\/\"]}]},{\"@type\":\"ImageObject\",\"inLanguage\":\"es\",\"@id\":\"https:\/\/aceweb.cat\/es\/producto\/quaderns-destructures-14\/#primaryimage\",\"url\":\"https:\/\/aceweb.cat\/wp-content\/uploads\/2023\/02\/ACE-Quaderns-Estructures-014.jpg\",\"contentUrl\":\"https:\/\/aceweb.cat\/wp-content\/uploads\/2023\/02\/ACE-Quaderns-Estructures-014.jpg\",\"width\":724,\"height\":1024},{\"@type\":\"BreadcrumbList\",\"@id\":\"https:\/\/aceweb.cat\/es\/producto\/quaderns-destructures-14\/#breadcrumb\",\"itemListElement\":[{\"@type\":\"ListItem\",\"position\":1,\"name\":\"Inici\",\"item\":\"https:\/\/aceweb.cat\/\"},{\"@type\":\"ListItem\",\"position\":2,\"name\":\"Tienda\",\"item\":\"https:\/\/aceweb.cat\/es\/tienda\/\"},{\"@type\":\"ListItem\",\"position\":3,\"name\":\"Quadern d\u2019Estructures\",\"item\":\"https:\/\/aceweb.cat\/es\/categoria-producto\/cuaderno-de-estructuras\/\"},{\"@type\":\"ListItem\",\"position\":4,\"name\":\"Quaderns d&#8217;Estructures 14\"}]},{\"@type\":\"WebSite\",\"@id\":\"https:\/\/aceweb.cat\/#website\",\"url\":\"https:\/\/aceweb.cat\/\",\"name\":\"ACE\",\"description\":\"Associaci\u00f3 de Consultors d&#039;Estructures | ACE\",\"publisher\":{\"@id\":\"https:\/\/aceweb.cat\/#organization\"},\"alternateName\":\"ACE\",\"potentialAction\":[{\"@type\":\"SearchAction\",\"target\":{\"@type\":\"EntryPoint\",\"urlTemplate\":\"https:\/\/aceweb.cat\/?s={search_term_string}\"},\"query-input\":{\"@type\":\"PropertyValueSpecification\",\"valueRequired\":true,\"valueName\":\"search_term_string\"}}],\"inLanguage\":\"es\"},{\"@type\":\"Organization\",\"@id\":\"https:\/\/aceweb.cat\/#organization\",\"name\":\"ACE\",\"alternateName\":\"ACE\",\"url\":\"https:\/\/aceweb.cat\/\",\"logo\":{\"@type\":\"ImageObject\",\"inLanguage\":\"es\",\"@id\":\"https:\/\/aceweb.cat\/#\/schema\/logo\/image\/\",\"url\":\"https:\/\/aceweb.cat\/wp-content\/uploads\/2022\/10\/logo.svg\",\"contentUrl\":\"https:\/\/aceweb.cat\/wp-content\/uploads\/2022\/10\/logo.svg\",\"width\":1,\"height\":1,\"caption\":\"ACE\"},\"image\":{\"@id\":\"https:\/\/aceweb.cat\/#\/schema\/logo\/image\/\"}}]}<\/script>\n<!-- \/ Yoast SEO plugin. -->","yoast_head_json":{"title":"Quaderns d'Estructures 14 | ACE","description":"Revista n\u00ba 14 con art\u00edculos de actualidad que tratan sobre la construcci\u00f3n de estructuras y que publica la Asociaci\u00f3n de Consultores de Estructuras (ACE).","robots":{"index":"index","follow":"follow","max-snippet":"max-snippet:-1","max-image-preview":"max-image-preview:large","max-video-preview":"max-video-preview:-1"},"canonical":"https:\/\/aceweb.cat\/es\/producto\/quaderns-destructures-14\/","og_locale":"es_ES","og_type":"article","og_title":"Quaderns d'Estructures 14 | ACE","og_description":"Revista n\u00ba 14 con art\u00edculos de actualidad que tratan sobre la construcci\u00f3n de estructuras y que publica la Asociaci\u00f3n de Consultores de Estructuras (ACE).","og_url":"https:\/\/aceweb.cat\/es\/producto\/quaderns-destructures-14\/","og_site_name":"aceweb.cat","article_modified_time":"2023-03-22T15:50:51+00:00","og_image":[{"width":724,"height":1024,"url":"https:\/\/aceweb.cat\/wp-content\/uploads\/2023\/02\/ACE-Quaderns-Estructures-014.jpg","type":"image\/jpeg"}],"twitter_card":"summary_large_image","twitter_misc":{"Tiempo de lectura":"4 minutos"},"schema":{"@context":"https:\/\/schema.org","@graph":[{"@type":"WebPage","@id":"https:\/\/aceweb.cat\/es\/producto\/quaderns-destructures-14\/","url":"https:\/\/aceweb.cat\/es\/producto\/quaderns-destructures-14\/","name":"Quaderns d'Estructures 14 | ACE","isPartOf":{"@id":"https:\/\/aceweb.cat\/#website"},"primaryImageOfPage":{"@id":"https:\/\/aceweb.cat\/es\/producto\/quaderns-destructures-14\/#primaryimage"},"image":{"@id":"https:\/\/aceweb.cat\/es\/producto\/quaderns-destructures-14\/#primaryimage"},"thumbnailUrl":"https:\/\/aceweb.cat\/wp-content\/uploads\/2023\/02\/ACE-Quaderns-Estructures-014.jpg","datePublished":"2022-11-29T10:00:36+00:00","dateModified":"2023-03-22T15:50:51+00:00","description":"Revista n\u00ba 14 con art\u00edculos de actualidad que tratan sobre la construcci\u00f3n de estructuras y que publica la Asociaci\u00f3n de Consultores de Estructuras (ACE).","breadcrumb":{"@id":"https:\/\/aceweb.cat\/es\/producto\/quaderns-destructures-14\/#breadcrumb"},"inLanguage":"es","potentialAction":[{"@type":"ReadAction","target":["https:\/\/aceweb.cat\/es\/producto\/quaderns-destructures-14\/"]}]},{"@type":"ImageObject","inLanguage":"es","@id":"https:\/\/aceweb.cat\/es\/producto\/quaderns-destructures-14\/#primaryimage","url":"https:\/\/aceweb.cat\/wp-content\/uploads\/2023\/02\/ACE-Quaderns-Estructures-014.jpg","contentUrl":"https:\/\/aceweb.cat\/wp-content\/uploads\/2023\/02\/ACE-Quaderns-Estructures-014.jpg","width":724,"height":1024},{"@type":"BreadcrumbList","@id":"https:\/\/aceweb.cat\/es\/producto\/quaderns-destructures-14\/#breadcrumb","itemListElement":[{"@type":"ListItem","position":1,"name":"Inici","item":"https:\/\/aceweb.cat\/"},{"@type":"ListItem","position":2,"name":"Tienda","item":"https:\/\/aceweb.cat\/es\/tienda\/"},{"@type":"ListItem","position":3,"name":"Quadern d\u2019Estructures","item":"https:\/\/aceweb.cat\/es\/categoria-producto\/cuaderno-de-estructuras\/"},{"@type":"ListItem","position":4,"name":"Quaderns d&#8217;Estructures 14"}]},{"@type":"WebSite","@id":"https:\/\/aceweb.cat\/#website","url":"https:\/\/aceweb.cat\/","name":"ACE","description":"Associaci\u00f3 de Consultors d&#039;Estructures | ACE","publisher":{"@id":"https:\/\/aceweb.cat\/#organization"},"alternateName":"ACE","potentialAction":[{"@type":"SearchAction","target":{"@type":"EntryPoint","urlTemplate":"https:\/\/aceweb.cat\/?s={search_term_string}"},"query-input":{"@type":"PropertyValueSpecification","valueRequired":true,"valueName":"search_term_string"}}],"inLanguage":"es"},{"@type":"Organization","@id":"https:\/\/aceweb.cat\/#organization","name":"ACE","alternateName":"ACE","url":"https:\/\/aceweb.cat\/","logo":{"@type":"ImageObject","inLanguage":"es","@id":"https:\/\/aceweb.cat\/#\/schema\/logo\/image\/","url":"https:\/\/aceweb.cat\/wp-content\/uploads\/2022\/10\/logo.svg","contentUrl":"https:\/\/aceweb.cat\/wp-content\/uploads\/2022\/10\/logo.svg","width":1,"height":1,"caption":"ACE"},"image":{"@id":"https:\/\/aceweb.cat\/#\/schema\/logo\/image\/"}}]}},"_links":{"self":[{"href":"https:\/\/aceweb.cat\/es\/wp-json\/wp\/v2\/product\/39704","targetHints":{"allow":["GET"]}}],"collection":[{"href":"https:\/\/aceweb.cat\/es\/wp-json\/wp\/v2\/product"}],"about":[{"href":"https:\/\/aceweb.cat\/es\/wp-json\/wp\/v2\/types\/product"}],"version-history":[{"count":1,"href":"https:\/\/aceweb.cat\/es\/wp-json\/wp\/v2\/product\/39704\/revisions"}],"predecessor-version":[{"id":40996,"href":"https:\/\/aceweb.cat\/es\/wp-json\/wp\/v2\/product\/39704\/revisions\/40996"}],"wp:featuredmedia":[{"embeddable":true,"href":"https:\/\/aceweb.cat\/es\/wp-json\/wp\/v2\/media\/38177"}],"wp:attachment":[{"href":"https:\/\/aceweb.cat\/es\/wp-json\/wp\/v2\/media?parent=39704"}],"wp:term":[{"taxonomy":"product_brand","embeddable":true,"href":"https:\/\/aceweb.cat\/es\/wp-json\/wp\/v2\/product_brand?post=39704"},{"taxonomy":"product_cat","embeddable":true,"href":"https:\/\/aceweb.cat\/es\/wp-json\/wp\/v2\/product_cat?post=39704"},{"taxonomy":"product_tag","embeddable":true,"href":"https:\/\/aceweb.cat\/es\/wp-json\/wp\/v2\/product_tag?post=39704"}],"curies":[{"name":"wp","href":"https:\/\/api.w.org\/{rel}","templated":true}]}}