{"id":39707,"date":"2022-11-30T10:00:19","date_gmt":"2022-11-30T10:00:19","guid":{"rendered":"https:\/\/www.aceweb.advertis.es\/producto\/quaderns-destructures-15\/"},"modified":"2023-03-22T15:51:08","modified_gmt":"2023-03-22T15:51:08","slug":"quaderns-destructures-15","status":"publish","type":"product","link":"https:\/\/aceweb.cat\/es\/producto\/quaderns-destructures-15\/","title":{"rendered":"Quaderns d&#8217;Estructures 15"},"content":{"rendered":"<p>Este n\u00famero incluye:<\/p>\n<h2><strong>1. Seguimos apostando por la calidad<\/strong><\/h2>\n<p>Art\u00edculo redactado por\u00a0<strong>ANTONI MASSAGU\u00c9 Y OLIART<\/strong>.<\/p>\n<p><em>\u201cLa Asociaci\u00f3n de Consultores de Estructuras cuenta con una nueva junta directiva; una junta de continuidad, que avala el trabajo realizado hasta ahora, pero que a la vez arranca con nuevas propuestas.<\/em><\/p>\n<p><em>Desde aquel lejano mes de octubre del a\u00f1o 85 en que se cre\u00f3 la ACE, como bien nos lo recordaron los j\u00f3venes en el n\u00famero 13 de nuestra Revista, se ha recorrido un largo camino. Hemos ido creciendo, tanto en n\u00famero de asociados como en diversas actividades, y se ha trazado un hito muy claro que, en cierto modo, nos incluye a todos: la calidad. La calidad que nos ha permitido avanzar en el reconocimiento del consultor de estructuras, prestigio que se pone de manifiesto en unos honorarios cada vez m\u00e1s acordes con el nivel de exigencia que se nos pide.<\/em><\/p>\n<p> ><\/p>\n<p><em>Y es por esta defensa de la calidad que queremos seguir apostando y trabajando desde las diferentes \u00e1reas.<\/em><\/p>\n<p><em>Para seguir potenciando esta l\u00ednea, y con el bagaje que nos da el tiempo, hemos organizado la nueva junta directiva en cuatro \u00e1reas de trabajo.<\/em><em>\u201c<\/em><\/ p><\/p>\n<h2><strong>2. Pil\u00f3n OMEGA<\/strong><\/h2>\n<p>Art\u00edculo redactado por\u00a0<strong>JUAN JOS\u00c9 ROSAS ALAGUERO<\/strong>.<\/p>\n<p><em>\u201cEl sistema OMEGA es una metodolog\u00eda de cimentaci\u00f3n profunda basada en la realizaci\u00f3n del piloto desplazando, mediante rotaci\u00f3n, el terreno y no extray\u00e9ndolo, con la consiguiente mejora de las caracter\u00edsticas del terreno circundante. Las aplicaciones m\u00e1s habituales de este sistema son la mejora in situ del terreno y los pilotos OMEGA.<\/em><\/p>\n<p><em>El piloto OMEGA significa una novedad relativa respecto a los existentes en el mercado, no tanto por el hecho de tratarse de un piloto de desplazamiento como pudieran ser los pilotos prefabricados, o por el hecho de realizar este desplazamiento por un mecanismo de rotaci\u00f3n sino por la total implicaci\u00f3n de los \u00faltimos avances tecnol\u00f3gicos en el proceso constructivo del piloto, obteniendo as\u00ed un elemento de gran calidad, ya que tanto el proceso como el alto nivel de control sobre \u00e9ste permiten garantizar un producto de excelencia. lente calidad.\u201d<\/em><\/p>\n<h2><strong>3. El cumplimiento de la normativa sismorresistente: un dilema \u00e9tico<\/strong><\/h2>\n<p>Art\u00edculo redactado por\u00a0<strong>LAURE\u00c0 MIR\u00d3 BRETOS<\/strong>.<\/p>\n<p><em>\u201cComo se sabe, a principios de octubre de 2002 entr\u00f3 en vigor la nueva norma de construcci\u00f3n sismorresistente, la\u00a0<a href=\"https:\/\/www.mitma.gob.es\/recursos_mfom\/0820200 .pdf\" target=\"_blank\" rel=\"noopener noreferrer\">NCSE-02<\/a>, que sustituye a la NCSE-94. Sin embargo, se estableci\u00f3 un per\u00edodo de adaptaci\u00f3n de dos a\u00f1os en los que los proyectos y construcciones se pod\u00edan seguir ajustando a la normativa anterior. Este per\u00edodo de adaptaci\u00f3n llega a su fin y en breve la nueva normativa ser\u00e1 de aplicaci\u00f3n inexcusable.<\/em><\/p>\n<p><strong><em>\u00bfNOVEDADES?<\/em><\/strong><\/p>\n<p><em>La nueva normativa es, formalmente, casi id\u00e9ntica a la anterior. En los aspectos relativos al c\u00e1lculo se mantiene la clasificaci\u00f3n de los edificios en tres niveles de importancia (moderada, normal y especial); el mapa de peligrosidad s\u00edsmica, junto con la lista de aceleraciones s\u00edsmicas b\u00e1sicas para cada municipio, se mantiene con pocas alteraciones y los espectros de respuesta el\u00e1stica se modifican muy ligeramente. Se mantiene el m\u00e9todo simplificado de c\u00e1lculo con algunas variaciones, entre las que destaca la posibilidad de aplicarlo a edificios de importancia normal de hasta 4 plantas cualesquiera que sean sus caracter\u00edsticas geom\u00e9tricas y mec\u00e1nicas1. Las reglas de dise\u00f1o, por su parte, siguen las mismas directrices.\u201d<\/em><\/p>\n<h2><strong>4. Nave comercial para venta y reparaci\u00f3n de autom\u00f3viles<\/strong><\/h2>\n<p>Art\u00edculo redactado por\u00a0<strong>JOSEP SOTORRES<\/strong>.<\/p>\n<p><em>\u201cEl edificio se encuentra situado en el t\u00e9rmino municipal de Cabrera de Mar entre la carretera de la costa (N-II) y las v\u00edas del tren.<\/em><\/p>\n<p><em>El programa se distribuye, b\u00e1sicamente, en dos niveles: una planta semis\u00f3tano donde se ubican los talleres de cada marca, que se abren a un gran patio de exposici\u00f3n y aparcamiento de veh\u00edculos, distribuidos entre una plantaci\u00f3n de palmeras y una planta baja, algo elevada respecto de las calles perimetrales, destinada a acoger el espacio de exposici\u00f3n y venta de cada concesionario. Dado que la planta baja tiene una altura doble, cada marca puede construir un altillo para ubicar la administraci\u00f3n, dejando la planta libre por el espacio expositivo. Cada marca dispone de una comunicaci\u00f3n vertical interna propia entre el taller y el espacio expositivo.<\/em><\/p>\n<p><em>En uno de los m\u00f3dulos de la planta baja se ponen los servicios centrales, que tienen, en el altillo, un bar restaurante con una excelente visi\u00f3n sobre el horizonte mar\u00edtimo.<\/em>< em>\u201c<\/em><\/p>\n<h2><strong>5. Pabell\u00f3n recinto ferial y deportivo de Tortosa<\/strong><\/h2>\n<p>Art\u00edculo redactado por\u00a0<strong>DAVID GARCIA CARRERA<\/strong>.<\/p>\n<p><em>\u201cLa especial definici\u00f3n de la encargo permite al equipo proyectista penetrar, creo que profundamente, en un compromiso habitual y conjunto de estos arquitectos y consultores estructurales autores del proyecto. <\/em><em>Este compromiso intenta establecer una s\u00edntesis en el lenguaje que estamos empleando, trabajar con soluciones estructurales b\u00e1sicas y humildes frente al uso de im\u00e1genes in\u00fatilmente complejas y extravagantes.<\/em><\/p>\n<p><em>Hemos buscado la esencia del proyecto haciendo que la estructura no sea el esqueleto del edificio, sino el edificio en s\u00ed mismo. <\/em><em>As\u00ed, en este trabajo, es el propio sistema estructural el que define el espacio, genera las formas y, en unos puntos con contundencia y en otros m\u00e1s sutilidad, establece el orden funcional.<\/em ><em>\u201c<\/em><\/p>\n<h2><strong>6. Miscel\u00e1nea<\/strong><\/h2>\n<h2><strong>7. Lista de miembros de la Asociaci\u00f3n<\/strong><\/h2>\n<p>Conoce a los\u00a0miembros\u00a0de la Asociaci\u00f3n Consultores de Estructuras. Podr\u00e1s ver a los nuevos integrantes que participan por el reconocimiento de la profesi\u00f3n dentro del mundo de la construcci\u00f3n.<\/p>\n","protected":false},"excerpt":{"rendered":"<ul>\n<li>1. Seguimos apostando por la calidad<\/li>\n<li>2. Pil\u00f3n OMEGA<\/li>\n<li>3. El cumplimiento de la normativa sismorresistente: un dilema \u00e9tico<\/li>\n<li>4. Nave comercial para venta y reparaci\u00f3n de autom\u00f3viles<\/li>\n<li>5. Pabell\u00f3n recinto ferial y deportivo de Tortosa<\/li>\n<li>6. Miscel\u00e1nea<\/li>\n<li>7. Lista de miembros de la Asociaci\u00f3n<\/li>\n<\/ul>\n","protected":false},"featured_media":38167,"template":"","meta":{"_acf_changed":false,"site-sidebar-layout":"default","site-content-layout":"default","ast-global-header-display":"","ast-main-header-display":"","ast-hfb-above-header-display":"","ast-hfb-below-header-display":"","ast-hfb-mobile-header-display":"","site-post-title":"","ast-breadcrumbs-content":"","ast-featured-img":"","footer-sml-layout":"","theme-transparent-header-meta":"default","adv-header-id-meta":"","stick-header-meta":"","header-above-stick-meta":"","header-main-stick-meta":"","header-below-stick-meta":""},"product_brand":[],"product_cat":[595],"product_tag":[],"class_list":{"0":"post-39707","1":"product","2":"type-product","3":"status-publish","4":"has-post-thumbnail","6":"product_cat-cuaderno-de-estructuras","7":"desktop-align-left","8":"tablet-align-left","9":"mobile-align-left","11":"first","12":"instock","13":"taxable","14":"shipping-taxable","15":"purchasable","16":"product-type-variable","17":"has-default-attributes"},"acf":[],"yoast_head":"<!-- This site is optimized with the Yoast SEO plugin v27.1.1 - https:\/\/yoast.com\/product\/yoast-seo-wordpress\/ -->\n<title>Quaderns d&#039;Estructures 15 | ACE<\/title>\n<meta name=\"description\" content=\"Revista n\u00ba 15 con art\u00edculos de actualidad que tratan sobre la construcci\u00f3n de estructuras y que publica la Asociaci\u00f3n de Consultores de Estructuras (ACE).\" \/>\n<meta name=\"robots\" content=\"index, follow, max-snippet:-1, max-image-preview:large, max-video-preview:-1\" \/>\n<link rel=\"canonical\" href=\"https:\/\/aceweb.cat\/es\/producto\/quaderns-destructures-15\/\" \/>\n<meta property=\"og:locale\" content=\"es_ES\" \/>\n<meta property=\"og:type\" content=\"article\" \/>\n<meta property=\"og:title\" content=\"Quaderns d&#039;Estructures 15 | ACE\" \/>\n<meta property=\"og:description\" content=\"Revista n\u00ba 15 con art\u00edculos de actualidad que tratan sobre la construcci\u00f3n de estructuras y que publica la Asociaci\u00f3n de Consultores de Estructuras (ACE).\" \/>\n<meta property=\"og:url\" content=\"https:\/\/aceweb.cat\/es\/producto\/quaderns-destructures-15\/\" \/>\n<meta property=\"og:site_name\" content=\"aceweb.cat\" \/>\n<meta property=\"article:modified_time\" content=\"2023-03-22T15:51:08+00:00\" \/>\n<meta property=\"og:image\" content=\"https:\/\/aceweb.cat\/wp-content\/uploads\/2023\/02\/ACE-Quaderns-Estructures-015.jpg\" \/>\n\t<meta property=\"og:image:width\" content=\"723\" \/>\n\t<meta property=\"og:image:height\" content=\"1024\" \/>\n\t<meta property=\"og:image:type\" content=\"image\/jpeg\" \/>\n<meta name=\"twitter:card\" content=\"summary_large_image\" \/>\n<meta name=\"twitter:label1\" content=\"Tiempo de lectura\" \/>\n\t<meta name=\"twitter:data1\" content=\"5 minutos\" \/>\n<script type=\"application\/ld+json\" class=\"yoast-schema-graph\">{\"@context\":\"https:\/\/schema.org\",\"@graph\":[{\"@type\":\"WebPage\",\"@id\":\"https:\/\/aceweb.cat\/es\/producto\/quaderns-destructures-15\/\",\"url\":\"https:\/\/aceweb.cat\/es\/producto\/quaderns-destructures-15\/\",\"name\":\"Quaderns d'Estructures 15 | ACE\",\"isPartOf\":{\"@id\":\"https:\/\/aceweb.cat\/#website\"},\"primaryImageOfPage\":{\"@id\":\"https:\/\/aceweb.cat\/es\/producto\/quaderns-destructures-15\/#primaryimage\"},\"image\":{\"@id\":\"https:\/\/aceweb.cat\/es\/producto\/quaderns-destructures-15\/#primaryimage\"},\"thumbnailUrl\":\"https:\/\/aceweb.cat\/wp-content\/uploads\/2023\/02\/ACE-Quaderns-Estructures-015.jpg\",\"datePublished\":\"2022-11-30T10:00:19+00:00\",\"dateModified\":\"2023-03-22T15:51:08+00:00\",\"description\":\"Revista n\u00ba 15 con art\u00edculos de actualidad que tratan sobre la construcci\u00f3n de estructuras y que publica la Asociaci\u00f3n de Consultores de Estructuras (ACE).\",\"breadcrumb\":{\"@id\":\"https:\/\/aceweb.cat\/es\/producto\/quaderns-destructures-15\/#breadcrumb\"},\"inLanguage\":\"es\",\"potentialAction\":[{\"@type\":\"ReadAction\",\"target\":[\"https:\/\/aceweb.cat\/es\/producto\/quaderns-destructures-15\/\"]}]},{\"@type\":\"ImageObject\",\"inLanguage\":\"es\",\"@id\":\"https:\/\/aceweb.cat\/es\/producto\/quaderns-destructures-15\/#primaryimage\",\"url\":\"https:\/\/aceweb.cat\/wp-content\/uploads\/2023\/02\/ACE-Quaderns-Estructures-015.jpg\",\"contentUrl\":\"https:\/\/aceweb.cat\/wp-content\/uploads\/2023\/02\/ACE-Quaderns-Estructures-015.jpg\",\"width\":723,\"height\":1024},{\"@type\":\"BreadcrumbList\",\"@id\":\"https:\/\/aceweb.cat\/es\/producto\/quaderns-destructures-15\/#breadcrumb\",\"itemListElement\":[{\"@type\":\"ListItem\",\"position\":1,\"name\":\"Inici\",\"item\":\"https:\/\/aceweb.cat\/\"},{\"@type\":\"ListItem\",\"position\":2,\"name\":\"Tienda\",\"item\":\"https:\/\/aceweb.cat\/es\/tienda\/\"},{\"@type\":\"ListItem\",\"position\":3,\"name\":\"Quadern d\u2019Estructures\",\"item\":\"https:\/\/aceweb.cat\/es\/categoria-producto\/cuaderno-de-estructuras\/\"},{\"@type\":\"ListItem\",\"position\":4,\"name\":\"Quaderns d&#8217;Estructures 15\"}]},{\"@type\":\"WebSite\",\"@id\":\"https:\/\/aceweb.cat\/#website\",\"url\":\"https:\/\/aceweb.cat\/\",\"name\":\"ACE\",\"description\":\"Associaci\u00f3 de Consultors d&#039;Estructures | ACE\",\"publisher\":{\"@id\":\"https:\/\/aceweb.cat\/#organization\"},\"alternateName\":\"ACE\",\"potentialAction\":[{\"@type\":\"SearchAction\",\"target\":{\"@type\":\"EntryPoint\",\"urlTemplate\":\"https:\/\/aceweb.cat\/?s={search_term_string}\"},\"query-input\":{\"@type\":\"PropertyValueSpecification\",\"valueRequired\":true,\"valueName\":\"search_term_string\"}}],\"inLanguage\":\"es\"},{\"@type\":\"Organization\",\"@id\":\"https:\/\/aceweb.cat\/#organization\",\"name\":\"ACE\",\"alternateName\":\"ACE\",\"url\":\"https:\/\/aceweb.cat\/\",\"logo\":{\"@type\":\"ImageObject\",\"inLanguage\":\"es\",\"@id\":\"https:\/\/aceweb.cat\/#\/schema\/logo\/image\/\",\"url\":\"https:\/\/aceweb.cat\/wp-content\/uploads\/2022\/10\/logo.svg\",\"contentUrl\":\"https:\/\/aceweb.cat\/wp-content\/uploads\/2022\/10\/logo.svg\",\"width\":1,\"height\":1,\"caption\":\"ACE\"},\"image\":{\"@id\":\"https:\/\/aceweb.cat\/#\/schema\/logo\/image\/\"}}]}<\/script>\n<!-- \/ Yoast SEO plugin. -->","yoast_head_json":{"title":"Quaderns d'Estructures 15 | ACE","description":"Revista n\u00ba 15 con art\u00edculos de actualidad que tratan sobre la construcci\u00f3n de estructuras y que publica la Asociaci\u00f3n de Consultores de Estructuras (ACE).","robots":{"index":"index","follow":"follow","max-snippet":"max-snippet:-1","max-image-preview":"max-image-preview:large","max-video-preview":"max-video-preview:-1"},"canonical":"https:\/\/aceweb.cat\/es\/producto\/quaderns-destructures-15\/","og_locale":"es_ES","og_type":"article","og_title":"Quaderns d'Estructures 15 | ACE","og_description":"Revista n\u00ba 15 con art\u00edculos de actualidad que tratan sobre la construcci\u00f3n de estructuras y que publica la Asociaci\u00f3n de Consultores de Estructuras (ACE).","og_url":"https:\/\/aceweb.cat\/es\/producto\/quaderns-destructures-15\/","og_site_name":"aceweb.cat","article_modified_time":"2023-03-22T15:51:08+00:00","og_image":[{"width":723,"height":1024,"url":"https:\/\/aceweb.cat\/wp-content\/uploads\/2023\/02\/ACE-Quaderns-Estructures-015.jpg","type":"image\/jpeg"}],"twitter_card":"summary_large_image","twitter_misc":{"Tiempo de lectura":"5 minutos"},"schema":{"@context":"https:\/\/schema.org","@graph":[{"@type":"WebPage","@id":"https:\/\/aceweb.cat\/es\/producto\/quaderns-destructures-15\/","url":"https:\/\/aceweb.cat\/es\/producto\/quaderns-destructures-15\/","name":"Quaderns d'Estructures 15 | ACE","isPartOf":{"@id":"https:\/\/aceweb.cat\/#website"},"primaryImageOfPage":{"@id":"https:\/\/aceweb.cat\/es\/producto\/quaderns-destructures-15\/#primaryimage"},"image":{"@id":"https:\/\/aceweb.cat\/es\/producto\/quaderns-destructures-15\/#primaryimage"},"thumbnailUrl":"https:\/\/aceweb.cat\/wp-content\/uploads\/2023\/02\/ACE-Quaderns-Estructures-015.jpg","datePublished":"2022-11-30T10:00:19+00:00","dateModified":"2023-03-22T15:51:08+00:00","description":"Revista n\u00ba 15 con art\u00edculos de actualidad que tratan sobre la construcci\u00f3n de estructuras y que publica la Asociaci\u00f3n de Consultores de Estructuras (ACE).","breadcrumb":{"@id":"https:\/\/aceweb.cat\/es\/producto\/quaderns-destructures-15\/#breadcrumb"},"inLanguage":"es","potentialAction":[{"@type":"ReadAction","target":["https:\/\/aceweb.cat\/es\/producto\/quaderns-destructures-15\/"]}]},{"@type":"ImageObject","inLanguage":"es","@id":"https:\/\/aceweb.cat\/es\/producto\/quaderns-destructures-15\/#primaryimage","url":"https:\/\/aceweb.cat\/wp-content\/uploads\/2023\/02\/ACE-Quaderns-Estructures-015.jpg","contentUrl":"https:\/\/aceweb.cat\/wp-content\/uploads\/2023\/02\/ACE-Quaderns-Estructures-015.jpg","width":723,"height":1024},{"@type":"BreadcrumbList","@id":"https:\/\/aceweb.cat\/es\/producto\/quaderns-destructures-15\/#breadcrumb","itemListElement":[{"@type":"ListItem","position":1,"name":"Inici","item":"https:\/\/aceweb.cat\/"},{"@type":"ListItem","position":2,"name":"Tienda","item":"https:\/\/aceweb.cat\/es\/tienda\/"},{"@type":"ListItem","position":3,"name":"Quadern d\u2019Estructures","item":"https:\/\/aceweb.cat\/es\/categoria-producto\/cuaderno-de-estructuras\/"},{"@type":"ListItem","position":4,"name":"Quaderns d&#8217;Estructures 15"}]},{"@type":"WebSite","@id":"https:\/\/aceweb.cat\/#website","url":"https:\/\/aceweb.cat\/","name":"ACE","description":"Associaci\u00f3 de Consultors d&#039;Estructures | ACE","publisher":{"@id":"https:\/\/aceweb.cat\/#organization"},"alternateName":"ACE","potentialAction":[{"@type":"SearchAction","target":{"@type":"EntryPoint","urlTemplate":"https:\/\/aceweb.cat\/?s={search_term_string}"},"query-input":{"@type":"PropertyValueSpecification","valueRequired":true,"valueName":"search_term_string"}}],"inLanguage":"es"},{"@type":"Organization","@id":"https:\/\/aceweb.cat\/#organization","name":"ACE","alternateName":"ACE","url":"https:\/\/aceweb.cat\/","logo":{"@type":"ImageObject","inLanguage":"es","@id":"https:\/\/aceweb.cat\/#\/schema\/logo\/image\/","url":"https:\/\/aceweb.cat\/wp-content\/uploads\/2022\/10\/logo.svg","contentUrl":"https:\/\/aceweb.cat\/wp-content\/uploads\/2022\/10\/logo.svg","width":1,"height":1,"caption":"ACE"},"image":{"@id":"https:\/\/aceweb.cat\/#\/schema\/logo\/image\/"}}]}},"_links":{"self":[{"href":"https:\/\/aceweb.cat\/es\/wp-json\/wp\/v2\/product\/39707","targetHints":{"allow":["GET"]}}],"collection":[{"href":"https:\/\/aceweb.cat\/es\/wp-json\/wp\/v2\/product"}],"about":[{"href":"https:\/\/aceweb.cat\/es\/wp-json\/wp\/v2\/types\/product"}],"version-history":[{"count":1,"href":"https:\/\/aceweb.cat\/es\/wp-json\/wp\/v2\/product\/39707\/revisions"}],"predecessor-version":[{"id":40997,"href":"https:\/\/aceweb.cat\/es\/wp-json\/wp\/v2\/product\/39707\/revisions\/40997"}],"wp:featuredmedia":[{"embeddable":true,"href":"https:\/\/aceweb.cat\/es\/wp-json\/wp\/v2\/media\/38167"}],"wp:attachment":[{"href":"https:\/\/aceweb.cat\/es\/wp-json\/wp\/v2\/media?parent=39707"}],"wp:term":[{"taxonomy":"product_brand","embeddable":true,"href":"https:\/\/aceweb.cat\/es\/wp-json\/wp\/v2\/product_brand?post=39707"},{"taxonomy":"product_cat","embeddable":true,"href":"https:\/\/aceweb.cat\/es\/wp-json\/wp\/v2\/product_cat?post=39707"},{"taxonomy":"product_tag","embeddable":true,"href":"https:\/\/aceweb.cat\/es\/wp-json\/wp\/v2\/product_tag?post=39707"}],"curies":[{"name":"wp","href":"https:\/\/api.w.org\/{rel}","templated":true}]}}