{"id":39710,"date":"2022-12-01T10:00:47","date_gmt":"2022-12-01T10:00:47","guid":{"rendered":"https:\/\/www.aceweb.advertis.es\/producto\/quaderns-destructures-16\/"},"modified":"2023-03-22T15:51:20","modified_gmt":"2023-03-22T15:51:20","slug":"quaderns-destructures-16","status":"publish","type":"product","link":"https:\/\/aceweb.cat\/es\/producto\/quaderns-destructures-16\/","title":{"rendered":"Quaderns d&#8217;Estructures 16"},"content":{"rendered":"<p>Este n\u00famero incluye:<\/p>\n<h2><strong>1. Un importante paso adelante<\/strong><\/h2>\n<p>Art\u00edculo redactado por\u00a0<strong>ROBERT BRUFAU y NIUB\u00d3<\/strong>.<\/p>\n<p><em>\u201cAhora har\u00e1 unos veinte a\u00f1os, se dieron los primeros pasos para integrar profesionalmente a un grupo de especialistas que, desde hac\u00eda ya un cierto tiempo, nos ven\u00edamos dedicando de manera casi exclusiva al c\u00e1lculo de estructuras en la edificaci\u00f3n, y nos asociamos sin distinci\u00f3n alguna en funci\u00f3n de la procedencia acad\u00e9mica de cada uno de nosotros. Empezamos literalmente \u00abde cero\u00bb, en un mundo donde nuestro trabajo era absolutamente menos valorado, sin protecci\u00f3n de ning\u00fan Colegio Profesional y, por tanto, dentro de un contexto en el que no hab\u00eda tarifas, ni siquiera de referencia. <\/em><\/p>\n<p><em>Era pr\u00e1ctica habitual que los suministradores de las viguetas para hacer forjados unidireccionales, o los de los casetones para hacer techos reticulares, regalaran los c\u00e1lculos de la estructura, a cambio de que el constructor se comprometiera a comprar su producto. \u201d<\/em><\/p>\n<h2><strong>2. Cartas al Director<\/strong><\/h2>\n<h2><strong>3. Refuerzo de elementos estructurales<\/strong><\/h2>\n<p>Art\u00edculo redactado por\u00a0<strong>FERRAN ANGUITA DE CARALTO<\/strong>.<\/p>\n<p><em>\u201c1. TIPOLOG\u00cdA ESTRUCTURAL ESTUDIADA. Se trata de elementos estructurales habituales: forjados bidireccionales con casetones recuperables o no y pilares de hormig\u00f3n armado.<\/em><\/p>\n<p><em>2. PROBLEM\u00c1TICA. La hip\u00f3tesis de partida es una resistencia estimada a los ensayos de control del hormig\u00f3n con valores inferiores a 15 N\/mm2 tanto en pilares como en forjado.<\/em><em>\u201c<\/em><\/p>\n<h2><strong>4. Reforma y ampliaci\u00f3n del Club de Tenis Tarragona<\/strong><\/h2>\n<p>Art\u00edculo redactado por\u00a0<strong>ANTONI MASSAGU\u00c9 OLIART<\/strong>\u00a0y\u00a0<strong>JORDI VELASCO SABOYA<\/strong>.<\/p>\n<p><em>\u201cA principios de los a\u00f1os sesenta, motivado por una cierta mejora econ\u00f3mica general del pa\u00eds y por el hecho de querer promocionar el r\u00e9gimen dentro de las clases menos favorecidas, se crearon una serie de complejos en zonas eminentemente vacacionales, aportaciones que Educaci\u00f3n y Descanso hac\u00eda en este sentido como rama del ministerio correspondiente.<\/em><\/p>\n<p><em>Se trataba de una serie de edificaciones tipo \u00abbungalow\u00bb, de dudosa calidad constructiva y arquitect\u00f3nica, y que comprend\u00edan tambi\u00e9n zonas de ocio, piscinas, pistas de tenis, local social, etc.<\/em> <\/p>\n<p><em>El paso del tiempo y la creciente prosperidad del pa\u00eds dejaron morir lentamente estas edificaciones, optando por una progresiva privatizaci\u00f3n de los \u00abbungalows\u00bb y poni\u00e9ndolos en manos de particulares que los condicionaban para su propio uso o por al de terceros.\u201d<\/em><\/p>\n<h2><strong>5. Informe sobre la influencia de un tubo de acero en pilares de hormig\u00f3n armado<\/strong><\/h2>\n<p>Art\u00edculo redactado por\u00a0<strong>ANTONI BL\u00c1ZQUEZ BOYA<\/strong>\u00a0y\u00a0<strong>DAVID RODR\u00cdGUEZ SANT\u00c0S<\/strong>.<\/p>\n<p><em>\u201c1. OBJETO DEL INFORME. La empresa ALSINA solicita si dejar un tubo de acero perdido en pilares de hormig\u00f3n armado de 30\u00d730 cm (o secciones superiores), representa ning\u00fan problema estructural. El tubo es de 860 mm de longitud y de secci\u00f3n variable (tramo central tronco-c\u00f3nico), de 55 mm de di\u00e1metro exterior en la parte inferior a 76 mm de di\u00e1metro exterior en la parte superior. El presente informe tiene por objeto evaluar la influencia que puede tener la presencia del hueco interior del tubo en la capacidad resistente de los pilares.<\/em><\/p>\n<p><em>2. HIP\u00d3TESIS CONSIDERADAS. En este informe supondremos que los tubos de acero pueden quedar vac\u00edos. Se suponen pilares de dimensiones iguales o superiores a 30\u00d730 cm, que suele ser la dimensi\u00f3n<br \/>\nm\u00ednima utilizada en edificaci\u00f3n. Evidentemente, el caso m\u00e1s desfavorable ser\u00eda el pilar de 30\u00d730 cm, puesto que la p\u00e9rdida de secci\u00f3n relativa en pilares de mayores dimensiones es menor.<\/em><em>\u201c<\/em><\/p>\n<h2><strong>6. Nave industrial para Valeo en Santa Perpetua de Mogoda<\/strong><\/h2>\n<p>Art\u00edculo redactado por\u00a0<strong>ROBERT BRUFAU NIUB\u00d3<\/strong>.<\/p>\n<p><em>\u201cLa nave para Valeo est\u00e1 emplazada en el Pol\u00edgono Industrial de Can Vinyals, en\u00a0<a href=\"https:\/\/es.wikipedia.org\/wiki\/Santa_Perp%C3%A8tua_de_Mogoda\" target=\"_blank\" rel=\"noopener noreferrer\">Santa Perpetua de Mogoda<\/a>\u00a0(Barcelona), con una extensi\u00f3n en planta de 6.000 m2 (100 60), sin haber ning\u00fan pilar interior en un gran espacio en el que los primeros 25 metros, comenzados a contar desde el lado este est\u00e1n ocupados por las oficinas y los 75 restantes para la f\u00e1brica de componentes electr\u00f3nicos para autom\u00f3viles. En una planta semis\u00f3tano, que coincide con las oficinas superiores, se emplazan los laboratorios y algunas dependencias t\u00e9cnicas.<\/em><\/p>\n<p><em>La estructura de la gran nave se compone de siete cerchas levantadas 6 metros de tierra, de secci\u00f3n triangular casi equil\u00e1tera, de cerca de 5,20 m de altura por 5,60 m de ancho, con un intereje de 12,00 m, resultando as\u00ed una longitud total de la nave que se acerca a los 100 m. Estas cerchas, en cuyo interior se emplaza la mayor\u00eda de las redes de instalaciones de la nave, tienen una longitud de 60 m y son soportadas \u00fanicamente por elementos verticales situados en el plano de las fachadas anterior y posterior. El plano horizontal de cierre exterior de la cubiertas formaliza disponiendo las oportunas correas coincidiendo con el nivel de la base de las cerchas.<\/em><em>\u201c<\/em><\/p>\n<h2><strong>7. Enmiendas al art\u00edculo \u00abNave comercial para venta y reparaci\u00f3n de autom\u00f3viles en Cabrera de Mar\u00bb<\/strong><\/h2>\n<h2><strong>8. Miscel\u00e1nea<\/strong><\/h2>\n<h2><strong>9. Lista de miembros de la Asociaci\u00f3n<\/strong><\/h2>\n<p>Conoce a los\u00a0miembros\u00a0de la Asociaci\u00f3n Consultores de Estructuras. Podr\u00e1s ver a los nuevos integrantes que participan por el reconocimiento de la profesi\u00f3n dentro del mundo de la construcci\u00f3n.<\/p>\n","protected":false},"excerpt":{"rendered":"<ul>\n<li>1. Un importante paso adelante<\/li>\n<li>2. Cartas al Director<\/li>\n<li>3. Refuerzo de elementos estructurales<\/li>\n<li>4. Reforma y ampliaci\u00f3n del Club de Tenis Tarragona<\/li>\n<li>5. Informe sobre la influencia de un tubo de acero en pilares de hormig\u00f3n armado<\/li>\n<li>6. Nave industrial para Valeo en Santa Perpetua de Mogoda<\/li>\n<li>7. Enmiendas al art\u00edculo \u00abNave comercial para venta y reparaci\u00f3n de autom\u00f3viles en Cabrera de Mar\u00bb<\/li>\n<li>8. Miscel\u00e1nea<\/li>\n<li>9. Lista de miembros de la Asociaci\u00f3n<\/li>\n<\/ul>\n","protected":false},"featured_media":38161,"template":"","meta":{"_acf_changed":false,"site-sidebar-layout":"default","site-content-layout":"default","ast-global-header-display":"","ast-main-header-display":"","ast-hfb-above-header-display":"","ast-hfb-below-header-display":"","ast-hfb-mobile-header-display":"","site-post-title":"","ast-breadcrumbs-content":"","ast-featured-img":"","footer-sml-layout":"","theme-transparent-header-meta":"default","adv-header-id-meta":"","stick-header-meta":"","header-above-stick-meta":"","header-main-stick-meta":"","header-below-stick-meta":""},"product_brand":[],"product_cat":[595],"product_tag":[],"class_list":{"0":"post-39710","1":"product","2":"type-product","3":"status-publish","4":"has-post-thumbnail","6":"product_cat-cuaderno-de-estructuras","7":"desktop-align-left","8":"tablet-align-left","9":"mobile-align-left","11":"first","12":"instock","13":"taxable","14":"shipping-taxable","15":"purchasable","16":"product-type-variable","17":"has-default-attributes"},"acf":[],"yoast_head":"<!-- This site is optimized with the Yoast SEO plugin v27.1.1 - https:\/\/yoast.com\/product\/yoast-seo-wordpress\/ -->\n<title>Quaderns d&#039;Estructures 16 | ACE<\/title>\n<meta name=\"description\" content=\"Revista n\u00ba 16 con art\u00edculos de actualidad que tratan sobre la construcci\u00f3n de estructuras y que publica la Asociaci\u00f3n de Consultores de Estructuras (ACE).\" \/>\n<meta name=\"robots\" content=\"index, follow, max-snippet:-1, max-image-preview:large, max-video-preview:-1\" \/>\n<link rel=\"canonical\" href=\"https:\/\/aceweb.cat\/es\/producto\/quaderns-destructures-16\/\" \/>\n<meta property=\"og:locale\" content=\"es_ES\" \/>\n<meta property=\"og:type\" content=\"article\" \/>\n<meta property=\"og:title\" content=\"Quaderns d&#039;Estructures 16 | ACE\" \/>\n<meta property=\"og:description\" content=\"Revista n\u00ba 16 con art\u00edculos de actualidad que tratan sobre la construcci\u00f3n de estructuras y que publica la Asociaci\u00f3n de Consultores de Estructuras (ACE).\" \/>\n<meta property=\"og:url\" content=\"https:\/\/aceweb.cat\/es\/producto\/quaderns-destructures-16\/\" \/>\n<meta property=\"og:site_name\" content=\"aceweb.cat\" \/>\n<meta property=\"article:modified_time\" content=\"2023-03-22T15:51:20+00:00\" \/>\n<meta property=\"og:image\" content=\"https:\/\/aceweb.cat\/wp-content\/uploads\/2023\/02\/ACE-Quaderns-Estructures-016.jpg\" \/>\n\t<meta property=\"og:image:width\" content=\"724\" \/>\n\t<meta property=\"og:image:height\" content=\"1024\" \/>\n\t<meta property=\"og:image:type\" content=\"image\/jpeg\" \/>\n<meta name=\"twitter:card\" content=\"summary_large_image\" \/>\n<meta name=\"twitter:label1\" content=\"Tiempo de lectura\" \/>\n\t<meta name=\"twitter:data1\" content=\"4 minutos\" \/>\n<script type=\"application\/ld+json\" class=\"yoast-schema-graph\">{\"@context\":\"https:\/\/schema.org\",\"@graph\":[{\"@type\":\"WebPage\",\"@id\":\"https:\/\/aceweb.cat\/es\/producto\/quaderns-destructures-16\/\",\"url\":\"https:\/\/aceweb.cat\/es\/producto\/quaderns-destructures-16\/\",\"name\":\"Quaderns d'Estructures 16 | ACE\",\"isPartOf\":{\"@id\":\"https:\/\/aceweb.cat\/#website\"},\"primaryImageOfPage\":{\"@id\":\"https:\/\/aceweb.cat\/es\/producto\/quaderns-destructures-16\/#primaryimage\"},\"image\":{\"@id\":\"https:\/\/aceweb.cat\/es\/producto\/quaderns-destructures-16\/#primaryimage\"},\"thumbnailUrl\":\"https:\/\/aceweb.cat\/wp-content\/uploads\/2023\/02\/ACE-Quaderns-Estructures-016.jpg\",\"datePublished\":\"2022-12-01T10:00:47+00:00\",\"dateModified\":\"2023-03-22T15:51:20+00:00\",\"description\":\"Revista n\u00ba 16 con art\u00edculos de actualidad que tratan sobre la construcci\u00f3n de estructuras y que publica la Asociaci\u00f3n de Consultores de Estructuras (ACE).\",\"breadcrumb\":{\"@id\":\"https:\/\/aceweb.cat\/es\/producto\/quaderns-destructures-16\/#breadcrumb\"},\"inLanguage\":\"es\",\"potentialAction\":[{\"@type\":\"ReadAction\",\"target\":[\"https:\/\/aceweb.cat\/es\/producto\/quaderns-destructures-16\/\"]}]},{\"@type\":\"ImageObject\",\"inLanguage\":\"es\",\"@id\":\"https:\/\/aceweb.cat\/es\/producto\/quaderns-destructures-16\/#primaryimage\",\"url\":\"https:\/\/aceweb.cat\/wp-content\/uploads\/2023\/02\/ACE-Quaderns-Estructures-016.jpg\",\"contentUrl\":\"https:\/\/aceweb.cat\/wp-content\/uploads\/2023\/02\/ACE-Quaderns-Estructures-016.jpg\",\"width\":724,\"height\":1024},{\"@type\":\"BreadcrumbList\",\"@id\":\"https:\/\/aceweb.cat\/es\/producto\/quaderns-destructures-16\/#breadcrumb\",\"itemListElement\":[{\"@type\":\"ListItem\",\"position\":1,\"name\":\"Inici\",\"item\":\"https:\/\/aceweb.cat\/\"},{\"@type\":\"ListItem\",\"position\":2,\"name\":\"Tienda\",\"item\":\"https:\/\/aceweb.cat\/es\/tienda\/\"},{\"@type\":\"ListItem\",\"position\":3,\"name\":\"Quadern d\u2019Estructures\",\"item\":\"https:\/\/aceweb.cat\/es\/categoria-producto\/cuaderno-de-estructuras\/\"},{\"@type\":\"ListItem\",\"position\":4,\"name\":\"Quaderns d&#8217;Estructures 16\"}]},{\"@type\":\"WebSite\",\"@id\":\"https:\/\/aceweb.cat\/#website\",\"url\":\"https:\/\/aceweb.cat\/\",\"name\":\"ACE\",\"description\":\"Associaci\u00f3 de Consultors d&#039;Estructures | ACE\",\"publisher\":{\"@id\":\"https:\/\/aceweb.cat\/#organization\"},\"alternateName\":\"ACE\",\"potentialAction\":[{\"@type\":\"SearchAction\",\"target\":{\"@type\":\"EntryPoint\",\"urlTemplate\":\"https:\/\/aceweb.cat\/?s={search_term_string}\"},\"query-input\":{\"@type\":\"PropertyValueSpecification\",\"valueRequired\":true,\"valueName\":\"search_term_string\"}}],\"inLanguage\":\"es\"},{\"@type\":\"Organization\",\"@id\":\"https:\/\/aceweb.cat\/#organization\",\"name\":\"ACE\",\"alternateName\":\"ACE\",\"url\":\"https:\/\/aceweb.cat\/\",\"logo\":{\"@type\":\"ImageObject\",\"inLanguage\":\"es\",\"@id\":\"https:\/\/aceweb.cat\/#\/schema\/logo\/image\/\",\"url\":\"https:\/\/aceweb.cat\/wp-content\/uploads\/2022\/10\/logo.svg\",\"contentUrl\":\"https:\/\/aceweb.cat\/wp-content\/uploads\/2022\/10\/logo.svg\",\"width\":1,\"height\":1,\"caption\":\"ACE\"},\"image\":{\"@id\":\"https:\/\/aceweb.cat\/#\/schema\/logo\/image\/\"}}]}<\/script>\n<!-- \/ Yoast SEO plugin. -->","yoast_head_json":{"title":"Quaderns d'Estructures 16 | ACE","description":"Revista n\u00ba 16 con art\u00edculos de actualidad que tratan sobre la construcci\u00f3n de estructuras y que publica la Asociaci\u00f3n de Consultores de Estructuras (ACE).","robots":{"index":"index","follow":"follow","max-snippet":"max-snippet:-1","max-image-preview":"max-image-preview:large","max-video-preview":"max-video-preview:-1"},"canonical":"https:\/\/aceweb.cat\/es\/producto\/quaderns-destructures-16\/","og_locale":"es_ES","og_type":"article","og_title":"Quaderns d'Estructures 16 | ACE","og_description":"Revista n\u00ba 16 con art\u00edculos de actualidad que tratan sobre la construcci\u00f3n de estructuras y que publica la Asociaci\u00f3n de Consultores de Estructuras (ACE).","og_url":"https:\/\/aceweb.cat\/es\/producto\/quaderns-destructures-16\/","og_site_name":"aceweb.cat","article_modified_time":"2023-03-22T15:51:20+00:00","og_image":[{"width":724,"height":1024,"url":"https:\/\/aceweb.cat\/wp-content\/uploads\/2023\/02\/ACE-Quaderns-Estructures-016.jpg","type":"image\/jpeg"}],"twitter_card":"summary_large_image","twitter_misc":{"Tiempo de lectura":"4 minutos"},"schema":{"@context":"https:\/\/schema.org","@graph":[{"@type":"WebPage","@id":"https:\/\/aceweb.cat\/es\/producto\/quaderns-destructures-16\/","url":"https:\/\/aceweb.cat\/es\/producto\/quaderns-destructures-16\/","name":"Quaderns d'Estructures 16 | ACE","isPartOf":{"@id":"https:\/\/aceweb.cat\/#website"},"primaryImageOfPage":{"@id":"https:\/\/aceweb.cat\/es\/producto\/quaderns-destructures-16\/#primaryimage"},"image":{"@id":"https:\/\/aceweb.cat\/es\/producto\/quaderns-destructures-16\/#primaryimage"},"thumbnailUrl":"https:\/\/aceweb.cat\/wp-content\/uploads\/2023\/02\/ACE-Quaderns-Estructures-016.jpg","datePublished":"2022-12-01T10:00:47+00:00","dateModified":"2023-03-22T15:51:20+00:00","description":"Revista n\u00ba 16 con art\u00edculos de actualidad que tratan sobre la construcci\u00f3n de estructuras y que publica la Asociaci\u00f3n de Consultores de Estructuras (ACE).","breadcrumb":{"@id":"https:\/\/aceweb.cat\/es\/producto\/quaderns-destructures-16\/#breadcrumb"},"inLanguage":"es","potentialAction":[{"@type":"ReadAction","target":["https:\/\/aceweb.cat\/es\/producto\/quaderns-destructures-16\/"]}]},{"@type":"ImageObject","inLanguage":"es","@id":"https:\/\/aceweb.cat\/es\/producto\/quaderns-destructures-16\/#primaryimage","url":"https:\/\/aceweb.cat\/wp-content\/uploads\/2023\/02\/ACE-Quaderns-Estructures-016.jpg","contentUrl":"https:\/\/aceweb.cat\/wp-content\/uploads\/2023\/02\/ACE-Quaderns-Estructures-016.jpg","width":724,"height":1024},{"@type":"BreadcrumbList","@id":"https:\/\/aceweb.cat\/es\/producto\/quaderns-destructures-16\/#breadcrumb","itemListElement":[{"@type":"ListItem","position":1,"name":"Inici","item":"https:\/\/aceweb.cat\/"},{"@type":"ListItem","position":2,"name":"Tienda","item":"https:\/\/aceweb.cat\/es\/tienda\/"},{"@type":"ListItem","position":3,"name":"Quadern d\u2019Estructures","item":"https:\/\/aceweb.cat\/es\/categoria-producto\/cuaderno-de-estructuras\/"},{"@type":"ListItem","position":4,"name":"Quaderns d&#8217;Estructures 16"}]},{"@type":"WebSite","@id":"https:\/\/aceweb.cat\/#website","url":"https:\/\/aceweb.cat\/","name":"ACE","description":"Associaci\u00f3 de Consultors d&#039;Estructures | ACE","publisher":{"@id":"https:\/\/aceweb.cat\/#organization"},"alternateName":"ACE","potentialAction":[{"@type":"SearchAction","target":{"@type":"EntryPoint","urlTemplate":"https:\/\/aceweb.cat\/?s={search_term_string}"},"query-input":{"@type":"PropertyValueSpecification","valueRequired":true,"valueName":"search_term_string"}}],"inLanguage":"es"},{"@type":"Organization","@id":"https:\/\/aceweb.cat\/#organization","name":"ACE","alternateName":"ACE","url":"https:\/\/aceweb.cat\/","logo":{"@type":"ImageObject","inLanguage":"es","@id":"https:\/\/aceweb.cat\/#\/schema\/logo\/image\/","url":"https:\/\/aceweb.cat\/wp-content\/uploads\/2022\/10\/logo.svg","contentUrl":"https:\/\/aceweb.cat\/wp-content\/uploads\/2022\/10\/logo.svg","width":1,"height":1,"caption":"ACE"},"image":{"@id":"https:\/\/aceweb.cat\/#\/schema\/logo\/image\/"}}]}},"_links":{"self":[{"href":"https:\/\/aceweb.cat\/es\/wp-json\/wp\/v2\/product\/39710","targetHints":{"allow":["GET"]}}],"collection":[{"href":"https:\/\/aceweb.cat\/es\/wp-json\/wp\/v2\/product"}],"about":[{"href":"https:\/\/aceweb.cat\/es\/wp-json\/wp\/v2\/types\/product"}],"version-history":[{"count":1,"href":"https:\/\/aceweb.cat\/es\/wp-json\/wp\/v2\/product\/39710\/revisions"}],"predecessor-version":[{"id":40998,"href":"https:\/\/aceweb.cat\/es\/wp-json\/wp\/v2\/product\/39710\/revisions\/40998"}],"wp:featuredmedia":[{"embeddable":true,"href":"https:\/\/aceweb.cat\/es\/wp-json\/wp\/v2\/media\/38161"}],"wp:attachment":[{"href":"https:\/\/aceweb.cat\/es\/wp-json\/wp\/v2\/media?parent=39710"}],"wp:term":[{"taxonomy":"product_brand","embeddable":true,"href":"https:\/\/aceweb.cat\/es\/wp-json\/wp\/v2\/product_brand?post=39710"},{"taxonomy":"product_cat","embeddable":true,"href":"https:\/\/aceweb.cat\/es\/wp-json\/wp\/v2\/product_cat?post=39710"},{"taxonomy":"product_tag","embeddable":true,"href":"https:\/\/aceweb.cat\/es\/wp-json\/wp\/v2\/product_tag?post=39710"}],"curies":[{"name":"wp","href":"https:\/\/api.w.org\/{rel}","templated":true}]}}