{"id":39716,"date":"2022-12-03T10:00:49","date_gmt":"2022-12-03T10:00:49","guid":{"rendered":"https:\/\/www.aceweb.advertis.es\/producto\/quaderns-destructures-18\/"},"modified":"2023-03-22T15:51:48","modified_gmt":"2023-03-22T15:51:48","slug":"quaderns-destructures-18","status":"publish","type":"product","link":"https:\/\/aceweb.cat\/es\/producto\/quaderns-destructures-18\/","title":{"rendered":"Quaderns d&#8217;Estructures 18"},"content":{"rendered":"<p>Este n\u00famero incluye:<\/p>\n<h2><strong>1. Editorial. El desastre del Carmelo<\/strong><\/h2>\n<p>Art\u00edculo redactado por JORDI PEDREROL y JARD\u00cdN. Descarga la revista para conocer la reflexi\u00f3n sobre el hundimiento de un edificio en el barrio barcelon\u00e9s del Carmel.<\/p>\n<p><em>\u201cEl hundimiento de un edificio por las obras de la l\u00ednea 5 del Metro en Barcelona, el desalojo de otros, y el derribo de unos cuantos m\u00e1s ser\u00e1 probablemente el resultado de un proyecto y de unas obras en las que algo no debi\u00f3 hacerse correctamente, o donde la mala suerte y Murphy se aliaron.<\/em><\/p>\n<p><em>Las primeras impresiones son las mismas que en otras desgracias: Prestige, 11 M\u2026 Los pol\u00edticos est\u00e1n mucho m\u00e1s preocupados por instrumentalizar el suceso como arma arrojadiza entre ellos, que propiamente puede resolver la cuesti\u00f3n y llegar al fondo de la verdad. Es un espect\u00e1culo deplorable que recuerda el tama\u00f1o de los pol\u00edticos de estos pagos. Se reclaman dimisiones pol\u00edticas, que de entrada no sacan a nada, sobre todo cuando lo que est\u00e1 en juego no es la honestidad de nadie, sino como m\u00e1ximo la incompetencia t\u00e9cnica, que pol\u00edtica.<\/em><em>\u201c <\/em><\/p>\n<h2><strong>2. Aplicaci\u00f3n de la geof\u00edsica en los proyectos constructivos<\/strong><\/h2>\n<p>Art\u00edculo redactado por\u00a0<strong>ANNA GAB\u00c0S y GASA<\/strong>. Descarga la revista para presentar el uso de la geof\u00edsica aplicada como herramienta muy eficaz para estudiar de forma detallada el subsuelo terrestre.<\/p>\n<p><em>\u201cLa geof\u00edsica aplicada se define como un conjunto de m\u00e9todos indirectos basados en la medida de ciertos par\u00e1metros f\u00edsicos del medio desde la superficie terrestre, sin aportar una observaci\u00f3n directa del terreno. Estos par\u00e1metros o propiedades intr\u00ednsecas del medio, permiten, posteriormente, extraer informaci\u00f3n del subsuelo (comportamiento y composici\u00f3n).<\/em><\/p>\n<p><em>Por ejemplo, el m\u00e9todo geoel\u00e9ctrico utiliza el par\u00e1metro f\u00edsico de la conductividad el\u00e9ctrica para diferenciar los materiales del terreno, el m\u00e9todo s\u00edsmico se basa en la velocidad de propagaci\u00f3n de las ondas s\u00edsmicas, el gravim\u00e9trico utiliza la densidad de los materiales \u2026<\/em><\/p>\n<p><em>Para poder aplicar las t\u00e9cnicas geof\u00edsicas en la resoluci\u00f3n de problemas con cierto \u00e9xito, es necesario que se cumplan dos condiciones de forma segura. En primer lugar, que exista un contraste significativo y, por tanto, medible, en las propiedades f\u00edsicas del medio que permitan caracterizar en detalle el terreno. En segundo lugar, que estas diferencias se puedan correlacionar con la geolog\u00eda de la zona.<\/em><em>\u201c<\/em><\/p>\n<p>&nbsp;<\/p>\n<h2><strong>3. La estructura del centro comercial Diagonal Mar en Barcelona<\/strong><\/h2>\n<p>Art\u00edculo redactado por\u00a0<strong>ALFONSO FUERTES RODR\u00cdGUEZ<\/strong>. Descarga la revista para conocer m\u00e1s a fondo y en l\u00edneas generales, la estructura de este centro comercial.<\/p>\n<p><em>\u201cEl <a href=\"https:\/\/es.wikipedia.org\/wiki\/Diagonal_Mar\" target=\"_blank\" rel=\"noopener noreferrer\">Edificio Centro Comercial Diagonal Mar<\/a>\u00a0est\u00e1 situado al inicio de la Avenida Diagonal de Barcelona, a unos 300 m de la playa, en una zona de nueva urbanizaci\u00f3n, junto a los terrenos donde se ubican los edificios que acogieron el F\u00f3rum 2004 de las Culturas.<\/ me><\/p>\n<p><em>En la planta tiene forma de tri\u00e1ngulo, truncado en uno de sus v\u00e9rtices, donde hace medianera con un hotel de m\u00e1s de 100 m de altura. Los otros tres lados dan frente a la Avenida Diagonal, de la calle Josep Pla y de la calle Taulat.<\/em><\/p>\n<p><em>La planta del edificio es de unos 40.000 m<sup>2<\/sup>, siendo la superficie total de los forjados de 326.000 m<sup>2<\/sup>. De ellos, unos 181.000 m<sup>2<\/sup>\u00a0est\u00e1n dedicados a aparcamiento para 5.000 plazas en 5 plantas, y el resto en Centro Comercial.\u201d<\/em><\/p>\n<h2><strong>4. Plataformas de trabajo para cimentaciones especiales<\/strong><\/h2>\n<p>Art\u00edculo redactado por\u00a0<strong>JUAN JOS\u00c9 ROSAS ALAGUERO<\/strong>. Descarga la revista para conocer los par\u00e1metros t\u00e9cnicos para el dise\u00f1o de plataformas de trabajo adecuadas al desarrollo de sus propias actividades.<\/p>\n<p><em>\u201cEste documento tiene como objetivo establecer unos par\u00e1metros t\u00e9cnicos que sirvan como base para el dise\u00f1o de plataformas de trabajo adecuadas para el desarrollo de las actividades propias de las cimentaciones especiales. El objeto de esta documentaci\u00f3n tiene una gran importancia en base a los siguientes aspectos:<\/em><\/p>\n<ul>\n<li><em>Seguridad en obras: son numerosos los episodios negativos asociados a una calidad deficiente de la plataforma de trabajo, generando desde grandes accidentes asociados a vuelcos de maquinaria pesada hasta peque\u00f1os incidentes fruto de resbalones de personal.<\/em ><\/li>\n<li><em>Productividad: Es evidente que una mala calidad de la plataforma repercute en la traficabilidad de \u00e9sta, lo que alarga procesos y obliga a introducir controles no sistem\u00e1ticos que rompen el ritmo de trabajo. Asimismo, las inclemencias del tiempo condicionan altamente la traficabilidad de una obra, no s\u00f3lo en el momento de las precipitaciones, sino tambi\u00e9n, hasta que la plataforma vuelve a alcanzar las carascter\u00edsticas mec\u00e1nicas adecuadas para una traficabilidad eficiente.<\/em><em>\u201c<\/em><\/li>\n<\/ul>\n<h2><strong>5. Un poco de historia<\/strong><\/h2>\n<p>Art\u00edculo redactado por\u00a0<strong>MANEL SOLER<\/strong>.<\/p>\n<p><em>\u201cHace casi 100 a\u00f1os, el bisabuelo de unos de nuestros asociados, el se\u00f1or Manel Soler i Padr\u00f3, patent\u00f3 la bovedilla port\u00e1til, de todas formas y dimensiones. Hemos pensado que esta documentaci\u00f3n, por su curiosidad y vinculaci\u00f3n a nuestro sector, puede ser de inter\u00e9s de todos.<\/em><\/p>\n<p><em>De esta patente encontramos registros en varios pa\u00edses. Aqu\u00ed tenemos una muestra de documentos de Espa\u00f1a, Italia, Francia, Portugal y M\u00e9xico.\u201d<\/em><\/p>\n<h2><strong>6. La necesidad de un estudio de solidez en obras de rehabilitaci\u00f3n<\/strong><\/h2>\n<p>Art\u00edculo redactado por\u00a0<strong>KENNETH VERA RUIZ<\/strong>\u00a0y\u00a0<strong>JES\u00daS ALONSO IZQUIERDO<\/strong>. Descarga la revista para conocer una de las actividades del sector inmobiliario en las grandes capitales, la rehabilitaci\u00f3n de edificios.<\/p>\n<p><em>\u201cLa rehabilitaci\u00f3n de edificios destinados a viviendas constituye hoy d\u00eda una de las actividades del sector inmobiliario con mayor auge en las grandes capitales (consultar la tendencia del sector en la Fig. 1 y Fig. 2), tal es as\u00ed, que ante la falta de suelo resulta atractivo adquirir un edificio en el que se puedan aprovechar todas las plantas existentes, sin las limitaciones de la normativa urban\u00edstica en cuanto a la altura reguladora y al n\u00famero m\u00e1ximo de plantas a construir, e incluso existe la posibilidad del \u00abderecho de vuelo\u00bb o de levantar una planta m\u00e1s (ampliaci\u00f3n o remonta).<\/em><\/p>\n<p><em>El cambio de uso es otra de las modalidades que vienen a formar parte de las promociones actuales. Edificios existentes destinados a uso comercial, administrativo, residencial e incluso industrial son adquiridos para la promoci\u00f3n de viviendas (pisos, apartamentos, lofts), lo que comporta la redacci\u00f3n de un proyecto de reforma y\/o ampliaci\u00f3n.<\/ me><\/p>\n<p><em>La rehabilitaci\u00f3n en el sentido m\u00e1s amplio comprende las obras encaminadas a restituir, recuperar o mejorar la calidad del edificio en el sentido del mayor confort para sus actuales o futuros ocupantes, con dos condicionantes b\u00e1sicos fundamentales: los aspectos mec\u00e1nicos y funcionales (salubridad, seguridad de ocupantes, aislamiento t\u00e9rmico, ac\u00fastico, etc.)\u201d<\/em><\/p>\n<h2><strong>7. Miscel\u00e1nea<\/strong><\/h2>\n<h2><strong>8. Lista de miembros de la Asociaci\u00f3n<\/strong><\/h2>\n<p>Conoce a los\u00a0miembros\u00a0de la Asociaci\u00f3n Consultores de Estructuras. Podr\u00e1s ver a los nuevos integrantes que participan por el reconocimiento de la profesi\u00f3n dentro del mundo de la construcci\u00f3n.<\/p>\n","protected":false},"excerpt":{"rendered":"<ul>\n<li>1. Editorial. El desastre del Carmelo<\/li>\n<li>2. Aplicaci\u00f3n de la geof\u00edsica en los proyectos constructivos<\/li>\n<li>3. La estructura del centro comercial Diagonal Mar en Barcelona<\/li>\n<li>4. Plataformas de trabajo para cimentaciones especiales<\/li>\n<li>5. Un poco de historia<\/li>\n<li>6. La necesidad de un estudio de solidez en obras de rehabilitaci\u00f3n<\/li>\n<li>7. Miscel\u00e1nea<\/li>\n<li>8. Lista de miembros de la Asociaci\u00f3n<\/li>\n<\/ul>\n","protected":false},"featured_media":38135,"template":"","meta":{"_acf_changed":false,"site-sidebar-layout":"default","site-content-layout":"default","ast-global-header-display":"","ast-main-header-display":"","ast-hfb-above-header-display":"","ast-hfb-below-header-display":"","ast-hfb-mobile-header-display":"","site-post-title":"","ast-breadcrumbs-content":"","ast-featured-img":"","footer-sml-layout":"","theme-transparent-header-meta":"default","adv-header-id-meta":"","stick-header-meta":"","header-above-stick-meta":"","header-main-stick-meta":"","header-below-stick-meta":""},"product_brand":[],"product_cat":[595],"product_tag":[],"class_list":{"0":"post-39716","1":"product","2":"type-product","3":"status-publish","4":"has-post-thumbnail","6":"product_cat-cuaderno-de-estructuras","7":"desktop-align-left","8":"tablet-align-left","9":"mobile-align-left","11":"first","12":"instock","13":"taxable","14":"shipping-taxable","15":"purchasable","16":"product-type-variable","17":"has-default-attributes"},"acf":[],"yoast_head":"<!-- This site is optimized with the Yoast SEO plugin v27.1.1 - https:\/\/yoast.com\/product\/yoast-seo-wordpress\/ -->\n<title>Quaderns d&#039;Estructures 18 | ACE<\/title>\n<meta name=\"description\" content=\"Revista n\u00ba 18 con art\u00edculos de actualidad que tratan sobre la construcci\u00f3n de estructuras y que publica la Asociaci\u00f3n de Consultores de Estructuras (ACE).\" \/>\n<meta name=\"robots\" content=\"index, follow, max-snippet:-1, max-image-preview:large, max-video-preview:-1\" \/>\n<link rel=\"canonical\" href=\"https:\/\/aceweb.cat\/es\/producto\/quaderns-destructures-18\/\" \/>\n<meta property=\"og:locale\" content=\"es_ES\" \/>\n<meta property=\"og:type\" content=\"article\" \/>\n<meta property=\"og:title\" content=\"Quaderns d&#039;Estructures 18 | ACE\" \/>\n<meta property=\"og:description\" content=\"Revista n\u00ba 18 con art\u00edculos de actualidad que tratan sobre la construcci\u00f3n de estructuras y que publica la Asociaci\u00f3n de Consultores de Estructuras (ACE).\" \/>\n<meta property=\"og:url\" content=\"https:\/\/aceweb.cat\/es\/producto\/quaderns-destructures-18\/\" \/>\n<meta property=\"og:site_name\" content=\"aceweb.cat\" \/>\n<meta property=\"article:modified_time\" content=\"2023-03-22T15:51:48+00:00\" \/>\n<meta property=\"og:image\" content=\"https:\/\/aceweb.cat\/wp-content\/uploads\/2023\/02\/ACE-Quaderns-Estructures-018.jpg\" \/>\n\t<meta property=\"og:image:width\" content=\"723\" \/>\n\t<meta property=\"og:image:height\" content=\"1024\" \/>\n\t<meta property=\"og:image:type\" content=\"image\/jpeg\" \/>\n<meta name=\"twitter:card\" content=\"summary_large_image\" \/>\n<meta name=\"twitter:label1\" content=\"Tiempo de lectura\" \/>\n\t<meta name=\"twitter:data1\" content=\"6 minutos\" \/>\n<script type=\"application\/ld+json\" class=\"yoast-schema-graph\">{\"@context\":\"https:\/\/schema.org\",\"@graph\":[{\"@type\":\"WebPage\",\"@id\":\"https:\/\/aceweb.cat\/es\/producto\/quaderns-destructures-18\/\",\"url\":\"https:\/\/aceweb.cat\/es\/producto\/quaderns-destructures-18\/\",\"name\":\"Quaderns d'Estructures 18 | ACE\",\"isPartOf\":{\"@id\":\"https:\/\/aceweb.cat\/#website\"},\"primaryImageOfPage\":{\"@id\":\"https:\/\/aceweb.cat\/es\/producto\/quaderns-destructures-18\/#primaryimage\"},\"image\":{\"@id\":\"https:\/\/aceweb.cat\/es\/producto\/quaderns-destructures-18\/#primaryimage\"},\"thumbnailUrl\":\"https:\/\/aceweb.cat\/wp-content\/uploads\/2023\/02\/ACE-Quaderns-Estructures-018.jpg\",\"datePublished\":\"2022-12-03T10:00:49+00:00\",\"dateModified\":\"2023-03-22T15:51:48+00:00\",\"description\":\"Revista n\u00ba 18 con art\u00edculos de actualidad que tratan sobre la construcci\u00f3n de estructuras y que publica la Asociaci\u00f3n de Consultores de Estructuras (ACE).\",\"breadcrumb\":{\"@id\":\"https:\/\/aceweb.cat\/es\/producto\/quaderns-destructures-18\/#breadcrumb\"},\"inLanguage\":\"es\",\"potentialAction\":[{\"@type\":\"ReadAction\",\"target\":[\"https:\/\/aceweb.cat\/es\/producto\/quaderns-destructures-18\/\"]}]},{\"@type\":\"ImageObject\",\"inLanguage\":\"es\",\"@id\":\"https:\/\/aceweb.cat\/es\/producto\/quaderns-destructures-18\/#primaryimage\",\"url\":\"https:\/\/aceweb.cat\/wp-content\/uploads\/2023\/02\/ACE-Quaderns-Estructures-018.jpg\",\"contentUrl\":\"https:\/\/aceweb.cat\/wp-content\/uploads\/2023\/02\/ACE-Quaderns-Estructures-018.jpg\",\"width\":723,\"height\":1024},{\"@type\":\"BreadcrumbList\",\"@id\":\"https:\/\/aceweb.cat\/es\/producto\/quaderns-destructures-18\/#breadcrumb\",\"itemListElement\":[{\"@type\":\"ListItem\",\"position\":1,\"name\":\"Inici\",\"item\":\"https:\/\/aceweb.cat\/\"},{\"@type\":\"ListItem\",\"position\":2,\"name\":\"Tienda\",\"item\":\"https:\/\/aceweb.cat\/es\/tienda\/\"},{\"@type\":\"ListItem\",\"position\":3,\"name\":\"Quadern d\u2019Estructures\",\"item\":\"https:\/\/aceweb.cat\/es\/categoria-producto\/cuaderno-de-estructuras\/\"},{\"@type\":\"ListItem\",\"position\":4,\"name\":\"Quaderns d&#8217;Estructures 18\"}]},{\"@type\":\"WebSite\",\"@id\":\"https:\/\/aceweb.cat\/#website\",\"url\":\"https:\/\/aceweb.cat\/\",\"name\":\"ACE\",\"description\":\"Associaci\u00f3 de Consultors d&#039;Estructures | ACE\",\"publisher\":{\"@id\":\"https:\/\/aceweb.cat\/#organization\"},\"alternateName\":\"ACE\",\"potentialAction\":[{\"@type\":\"SearchAction\",\"target\":{\"@type\":\"EntryPoint\",\"urlTemplate\":\"https:\/\/aceweb.cat\/?s={search_term_string}\"},\"query-input\":{\"@type\":\"PropertyValueSpecification\",\"valueRequired\":true,\"valueName\":\"search_term_string\"}}],\"inLanguage\":\"es\"},{\"@type\":\"Organization\",\"@id\":\"https:\/\/aceweb.cat\/#organization\",\"name\":\"ACE\",\"alternateName\":\"ACE\",\"url\":\"https:\/\/aceweb.cat\/\",\"logo\":{\"@type\":\"ImageObject\",\"inLanguage\":\"es\",\"@id\":\"https:\/\/aceweb.cat\/#\/schema\/logo\/image\/\",\"url\":\"https:\/\/aceweb.cat\/wp-content\/uploads\/2022\/10\/logo.svg\",\"contentUrl\":\"https:\/\/aceweb.cat\/wp-content\/uploads\/2022\/10\/logo.svg\",\"width\":1,\"height\":1,\"caption\":\"ACE\"},\"image\":{\"@id\":\"https:\/\/aceweb.cat\/#\/schema\/logo\/image\/\"}}]}<\/script>\n<!-- \/ Yoast SEO plugin. -->","yoast_head_json":{"title":"Quaderns d'Estructures 18 | ACE","description":"Revista n\u00ba 18 con art\u00edculos de actualidad que tratan sobre la construcci\u00f3n de estructuras y que publica la Asociaci\u00f3n de Consultores de Estructuras (ACE).","robots":{"index":"index","follow":"follow","max-snippet":"max-snippet:-1","max-image-preview":"max-image-preview:large","max-video-preview":"max-video-preview:-1"},"canonical":"https:\/\/aceweb.cat\/es\/producto\/quaderns-destructures-18\/","og_locale":"es_ES","og_type":"article","og_title":"Quaderns d'Estructures 18 | ACE","og_description":"Revista n\u00ba 18 con art\u00edculos de actualidad que tratan sobre la construcci\u00f3n de estructuras y que publica la Asociaci\u00f3n de Consultores de Estructuras (ACE).","og_url":"https:\/\/aceweb.cat\/es\/producto\/quaderns-destructures-18\/","og_site_name":"aceweb.cat","article_modified_time":"2023-03-22T15:51:48+00:00","og_image":[{"width":723,"height":1024,"url":"https:\/\/aceweb.cat\/wp-content\/uploads\/2023\/02\/ACE-Quaderns-Estructures-018.jpg","type":"image\/jpeg"}],"twitter_card":"summary_large_image","twitter_misc":{"Tiempo de lectura":"6 minutos"},"schema":{"@context":"https:\/\/schema.org","@graph":[{"@type":"WebPage","@id":"https:\/\/aceweb.cat\/es\/producto\/quaderns-destructures-18\/","url":"https:\/\/aceweb.cat\/es\/producto\/quaderns-destructures-18\/","name":"Quaderns d'Estructures 18 | ACE","isPartOf":{"@id":"https:\/\/aceweb.cat\/#website"},"primaryImageOfPage":{"@id":"https:\/\/aceweb.cat\/es\/producto\/quaderns-destructures-18\/#primaryimage"},"image":{"@id":"https:\/\/aceweb.cat\/es\/producto\/quaderns-destructures-18\/#primaryimage"},"thumbnailUrl":"https:\/\/aceweb.cat\/wp-content\/uploads\/2023\/02\/ACE-Quaderns-Estructures-018.jpg","datePublished":"2022-12-03T10:00:49+00:00","dateModified":"2023-03-22T15:51:48+00:00","description":"Revista n\u00ba 18 con art\u00edculos de actualidad que tratan sobre la construcci\u00f3n de estructuras y que publica la Asociaci\u00f3n de Consultores de Estructuras (ACE).","breadcrumb":{"@id":"https:\/\/aceweb.cat\/es\/producto\/quaderns-destructures-18\/#breadcrumb"},"inLanguage":"es","potentialAction":[{"@type":"ReadAction","target":["https:\/\/aceweb.cat\/es\/producto\/quaderns-destructures-18\/"]}]},{"@type":"ImageObject","inLanguage":"es","@id":"https:\/\/aceweb.cat\/es\/producto\/quaderns-destructures-18\/#primaryimage","url":"https:\/\/aceweb.cat\/wp-content\/uploads\/2023\/02\/ACE-Quaderns-Estructures-018.jpg","contentUrl":"https:\/\/aceweb.cat\/wp-content\/uploads\/2023\/02\/ACE-Quaderns-Estructures-018.jpg","width":723,"height":1024},{"@type":"BreadcrumbList","@id":"https:\/\/aceweb.cat\/es\/producto\/quaderns-destructures-18\/#breadcrumb","itemListElement":[{"@type":"ListItem","position":1,"name":"Inici","item":"https:\/\/aceweb.cat\/"},{"@type":"ListItem","position":2,"name":"Tienda","item":"https:\/\/aceweb.cat\/es\/tienda\/"},{"@type":"ListItem","position":3,"name":"Quadern d\u2019Estructures","item":"https:\/\/aceweb.cat\/es\/categoria-producto\/cuaderno-de-estructuras\/"},{"@type":"ListItem","position":4,"name":"Quaderns d&#8217;Estructures 18"}]},{"@type":"WebSite","@id":"https:\/\/aceweb.cat\/#website","url":"https:\/\/aceweb.cat\/","name":"ACE","description":"Associaci\u00f3 de Consultors d&#039;Estructures | ACE","publisher":{"@id":"https:\/\/aceweb.cat\/#organization"},"alternateName":"ACE","potentialAction":[{"@type":"SearchAction","target":{"@type":"EntryPoint","urlTemplate":"https:\/\/aceweb.cat\/?s={search_term_string}"},"query-input":{"@type":"PropertyValueSpecification","valueRequired":true,"valueName":"search_term_string"}}],"inLanguage":"es"},{"@type":"Organization","@id":"https:\/\/aceweb.cat\/#organization","name":"ACE","alternateName":"ACE","url":"https:\/\/aceweb.cat\/","logo":{"@type":"ImageObject","inLanguage":"es","@id":"https:\/\/aceweb.cat\/#\/schema\/logo\/image\/","url":"https:\/\/aceweb.cat\/wp-content\/uploads\/2022\/10\/logo.svg","contentUrl":"https:\/\/aceweb.cat\/wp-content\/uploads\/2022\/10\/logo.svg","width":1,"height":1,"caption":"ACE"},"image":{"@id":"https:\/\/aceweb.cat\/#\/schema\/logo\/image\/"}}]}},"_links":{"self":[{"href":"https:\/\/aceweb.cat\/es\/wp-json\/wp\/v2\/product\/39716","targetHints":{"allow":["GET"]}}],"collection":[{"href":"https:\/\/aceweb.cat\/es\/wp-json\/wp\/v2\/product"}],"about":[{"href":"https:\/\/aceweb.cat\/es\/wp-json\/wp\/v2\/types\/product"}],"version-history":[{"count":1,"href":"https:\/\/aceweb.cat\/es\/wp-json\/wp\/v2\/product\/39716\/revisions"}],"predecessor-version":[{"id":41000,"href":"https:\/\/aceweb.cat\/es\/wp-json\/wp\/v2\/product\/39716\/revisions\/41000"}],"wp:featuredmedia":[{"embeddable":true,"href":"https:\/\/aceweb.cat\/es\/wp-json\/wp\/v2\/media\/38135"}],"wp:attachment":[{"href":"https:\/\/aceweb.cat\/es\/wp-json\/wp\/v2\/media?parent=39716"}],"wp:term":[{"taxonomy":"product_brand","embeddable":true,"href":"https:\/\/aceweb.cat\/es\/wp-json\/wp\/v2\/product_brand?post=39716"},{"taxonomy":"product_cat","embeddable":true,"href":"https:\/\/aceweb.cat\/es\/wp-json\/wp\/v2\/product_cat?post=39716"},{"taxonomy":"product_tag","embeddable":true,"href":"https:\/\/aceweb.cat\/es\/wp-json\/wp\/v2\/product_tag?post=39716"}],"curies":[{"name":"wp","href":"https:\/\/api.w.org\/{rel}","templated":true}]}}