{"id":39719,"date":"2022-12-04T10:00:50","date_gmt":"2022-12-04T10:00:50","guid":{"rendered":"https:\/\/www.aceweb.advertis.es\/producto\/quaderns-destructures-19\/"},"modified":"2023-03-22T15:52:02","modified_gmt":"2023-03-22T15:52:02","slug":"quaderns-destructures-19","status":"publish","type":"product","link":"https:\/\/aceweb.cat\/es\/producto\/quaderns-destructures-19\/","title":{"rendered":"Quaderns d&#8217;Estructures 19"},"content":{"rendered":"<p>Este n\u00famero incluye:<\/p>\n<h2><strong>1. Editorial. Justifiqu\u00e9monos<\/strong><\/h2>\n<p>Art\u00edculo redactado por\u00a0<strong>XAVIER MATEU PALAU<\/strong>. Descarga la revista para conocer la reflexi\u00f3n que hace sobre nuestra actividad y sus justificaciones en los proyectos.<\/p>\n<p><em>\u201cNo hace demasiado que en una j\u00e1cena colocaron m\u00e1s hierro de lo que marcaba el plano pero menos de lo que el cumplimiento de todas las f\u00f3rmulas habidas y por haber aconsejaban. As\u00ed lo observ\u00f3 el organismo de control t\u00e9cnico. Si no aguanta, reforzamos. Si aguanta, justifiqu\u00e9monos.<\/em><\/p>\n<p><em>Tal hecho hace pensar en el manual que utilizamos todos juntos o en el objetivo final de nuestro trabajo t\u00e9cnico. \u00c9ste \u00faltimo nos lo impone la ley: la estabilidad r\u00edgida de la estructura y durabilidad de los cincuenta a\u00f1os.<\/em><\/p>\n<p><em>Si un extranjero llega al territorio espa\u00f1ol, va a la librer\u00eda y pide un compendio o prontuario para las estructuras del pa\u00eds, le dan la EHE \u00faltima versi\u00f3n. \u00bfDebe empezar por los cimientos? Pues no. \u00bfDebe empezar por las acciones y efectos de compresi\u00f3n, tracci\u00f3n o flexi\u00f3n? No, es m\u00e1s rebuscado que eso.<\/em><em>\u201c<\/em><\/p>\n<h2><strong>2. Muros de contenci\u00f3n<\/strong><\/h2>\n<p>Art\u00edculo redactado por\u00a0<strong>FRUCTUOSO MA\u00d1\u00c0<\/strong>. Descarga la revista para conocer este recurso constructivo, los\u00a0<a href=\"https:\/\/es.wikipedia.org\/wiki\/Mur_de_contenci%C3%B3\" target=\"_blank\" rel=\"noopener noreferrer\">muros de contenci\u00f3n<\/ a>.<\/p>\n<p><em>\u201cMuros y contenci\u00f3n, desde un punto de vista etimol\u00f3gico, son un par de palabras que juntas resultan redundantes ya que la palabra muro viene de muralla y suele referirse a pared gruesa solicitada a esfuerzos horizontales , es decir, empujones. Le llamaremos muros, a secas. Bien, pues, los muros se empe\u00f1an en hacer buena la frase aquella que dice que \u00abhay dos tipos: aquellos en los que el suelo no empuja y los que caen\u00bb.<\/em><\/p>\n<p><em>De largo, es la estructura de edificaci\u00f3n que presenta m\u00e1s problemas de seguridad y que, en obra terminada, da m\u00e1s dolores de cabeza a los que han intervenido en su realizaci\u00f3n.<\/em><\/p>\n<p> ><\/p>\n<p><em>A los que alg\u00fan d\u00eda hemos tenido la debilidad de escribir algo sobre esta estructura tan antip\u00e1tica nos menudean las consultas sobre sus patolog\u00edas y de c\u00f3mo estabilizarlos una vez se demuestran incompetentes para hacer frente a las acciones que reciben.<\/em><em>\u201c<\/em><\/p>\n<h2><strong>3. Progresar: entender, disfrutar y divulgar<\/strong><\/h2>\n<p>Art\u00edculo redactado por\u00a0<strong>JUAN CARLOS ARROYO PORTERO<\/strong>.<\/p>\n<p><em>\u201cUn cuento de Jorge Bucay habla de alguien que vio la ciudad donde se cumplir\u00edan sus sue\u00f1os. Caminando hacia ella empez\u00f3 a encontrar innumerables obst\u00e1culos. \u00bfCansado de tanta fatiga se sent\u00f3 y le pregunt\u00f3 a un ni\u00f1o por qu\u00e9 me es tan dif\u00edcil llegar? y el ni\u00f1o le contest\u00f3: Los obst\u00e1culos no estaban antes de que t\u00fa llegaras. Los obst\u00e1culos los trajeste t\u00fa.<\/em><\/p>\n<p><em>El progreso se busca, como la suerte. Primero es necesario tener claro qu\u00e9 es y despu\u00e9s luchar por ello. No excusarse por la coyuntura, luchar dentro de ella, que ahora no es favorable porque es muy buena, no dejarse enga\u00f1ar por el brillo del corto plazo, que ahora es muy f\u00e1cil, y tener muy claro que el progreso t\u00e9cnico , por encima de coyunturas, acaba siendo muy, muy rentable. Es m\u00e1s, mirando al medio y largo plazo, no hay otra forma de sobrevivir.<\/em><em>\u201c<\/em><\/p>\n<h2><strong>4. Junta de pavimentos de hormig\u00f3n JRI<\/strong><\/h2>\n<p>Art\u00edculo redactado por\u00a0<strong>J. R. V\u00c1ZQUEZ<\/strong>\u00a0y\u00a0<strong>J. REBOLO<\/strong>. Descarga la revista por la presentaci\u00f3n de una nueva tecnolog\u00eda de juntas de pavimentos de hormig\u00f3n en masa.<\/p>\n<p><em>\u201cPresentaci\u00f3n de una nueva tecnolog\u00eda de juntas de pavimentos de hormig\u00f3n en masa, que permiten dar continuidad a los trapos aislados, resolviendo la condici\u00f3n de continuidad del borde entre cuadros de losa, a partir de la inducci\u00f3n en el hormig\u00f3n de un Rayo de J\u00fapiter, en tramos alternos.<\/em><\/p>\n<p><em>Sistema patentado, que induce fisuraci\u00f3n controlada en el hormig\u00f3n, para la formaci\u00f3n de juntas tridimensionales, en trapos continuos de hormig\u00f3n en masa, a partir de la acci\u00f3n de la retracci\u00f3n o de cargas exteriores. Se consigue que piezas adyacentes queden machihembradas en la zona de la junta y por tanto trabadas, asegurando la continuidad, al modo de las soluciones de uni\u00f3n a carpinter\u00eda. El sistema de traba m\u00e1s corriente, que se induce, es una uni\u00f3n a media madera de tipo Rayo de J\u00fapiter, alterna, con la arista superior como directriz, en torno a la cual se reparten alternamente los planos de esta uni\u00f3n.\u201d <\/em><\/p>\n<h2><strong>5. Propuestas para la obra p\u00fablica en Catalu\u00f1a<\/strong><\/h2>\n<p>Art\u00edculo redactado por\u00a0<strong>RAFAEL ROMERO<\/strong>. Descarga la revista para conocer el estudio de las licitaciones de obra p\u00fablica en Catalu\u00f1a en 2004.<\/p>\n<p><em>\u201cEn la C\u00e1mara de Contratistas elaboramos desde hace a\u00f1os la estad\u00edstica de licitaci\u00f3n oficial. Este indicador refleja el presupuesto de las obras a ejecutar en Catalu\u00f1a, sacadas a licitaci\u00f3n por las diferentes Administraciones P\u00fablicas (Ayuntamiento, Diputaciones, Consejos Comarcales, Generalidad y Estado). No es un indicador de la inversi\u00f3n p\u00fablica a realizar pues los presupuestos no son los de adjudicaci\u00f3n y, adem\u00e1s, pueden referirse a plazos de ejecuci\u00f3n superiores al a\u00f1o. Sin embargo, s\u00ed es un indicador de la voluntad inversora de las Administraciones P\u00fablicas y, por tanto, de la actividad constructora futura promovida por los organismos p\u00fablicos.<\/em><\/p>\n<p><em>El total de Licitaci\u00f3n Oficial en Catalu\u00f1a en 2004 fue de 3.575,0 millones de euros (M\u20ac) lo que representa una disminuci\u00f3n en t\u00e9rminos reales respecto a 2003 de un 48,3%. El volumen licitado de obras de Edificaci\u00f3n fue de 1.194,6 M\u20ac con una disminuci\u00f3n del 41,6%, mientras que la licitaci\u00f3n de Obra Civil (lo que no es Edificaci\u00f3n) fue de 2.380,4 M\u20ac, con una disminuci\u00f3n del 51,1%.<\/em><em>\u201c<\/em><\/p>\n<h2><strong>6. Miscel\u00e1nea<\/strong><\/h2>\n<h2><strong>7. Lista de miembros de la Asociaci\u00f3n<\/strong><\/h2>\n<p>Conoce a los\u00a0miembros\u00a0de la Asociaci\u00f3n Consultores de Estructuras. Podr\u00e1s ver a los nuevos integrantes que participan por el reconocimiento de la profesi\u00f3n dentro del mundo de la construcci\u00f3n.<\/p>\n","protected":false},"excerpt":{"rendered":"<ul>\n<li>1. Editorial. Justifiqu\u00e9monos<\/li>\n<li>2. Muros de contenci\u00f3n<\/li>\n<li>3. Progresar: entender, disfrutar y divulgar<\/li>\n<li>4. Junta de pavimentos de hormig\u00f3n JRI<\/li>\n<li>5. Propuestas para la obra p\u00fablica en Catalu\u00f1a<\/li>\n<li>6. Miscel\u00e1nea<\/li>\n<li>7. Lista de miembros de la Asociaci\u00f3n<\/li>\n<\/ul>\n","protected":false},"featured_media":38125,"template":"","meta":{"_acf_changed":false,"site-sidebar-layout":"default","site-content-layout":"default","ast-global-header-display":"","ast-main-header-display":"","ast-hfb-above-header-display":"","ast-hfb-below-header-display":"","ast-hfb-mobile-header-display":"","site-post-title":"","ast-breadcrumbs-content":"","ast-featured-img":"","footer-sml-layout":"","theme-transparent-header-meta":"default","adv-header-id-meta":"","stick-header-meta":"","header-above-stick-meta":"","header-main-stick-meta":"","header-below-stick-meta":""},"product_brand":[],"product_cat":[595],"product_tag":[],"class_list":{"0":"post-39719","1":"product","2":"type-product","3":"status-publish","4":"has-post-thumbnail","6":"product_cat-cuaderno-de-estructuras","7":"desktop-align-left","8":"tablet-align-left","9":"mobile-align-left","11":"first","12":"instock","13":"taxable","14":"shipping-taxable","15":"purchasable","16":"product-type-variable","17":"has-default-attributes"},"acf":[],"yoast_head":"<!-- This site is optimized with the Yoast SEO plugin v27.1.1 - https:\/\/yoast.com\/product\/yoast-seo-wordpress\/ -->\n<title>Quaderns d&#039;Estructures 19 | ACE<\/title>\n<meta name=\"description\" content=\"Revista n\u00ba 19 con art\u00edculos de actualidad que tratan sobre la construcci\u00f3n de estructuras y que publica la Asociaci\u00f3n de Consultores de Estructuras (ACE).\" \/>\n<meta name=\"robots\" content=\"index, follow, max-snippet:-1, max-image-preview:large, max-video-preview:-1\" \/>\n<link rel=\"canonical\" href=\"https:\/\/aceweb.cat\/es\/producto\/quaderns-destructures-19\/\" \/>\n<meta property=\"og:locale\" content=\"es_ES\" \/>\n<meta property=\"og:type\" content=\"article\" \/>\n<meta property=\"og:title\" content=\"Quaderns d&#039;Estructures 19 | ACE\" \/>\n<meta property=\"og:description\" content=\"Revista n\u00ba 19 con art\u00edculos de actualidad que tratan sobre la construcci\u00f3n de estructuras y que publica la Asociaci\u00f3n de Consultores de Estructuras (ACE).\" \/>\n<meta property=\"og:url\" content=\"https:\/\/aceweb.cat\/es\/producto\/quaderns-destructures-19\/\" \/>\n<meta property=\"og:site_name\" content=\"aceweb.cat\" \/>\n<meta property=\"article:modified_time\" content=\"2023-03-22T15:52:02+00:00\" \/>\n<meta property=\"og:image\" content=\"https:\/\/aceweb.cat\/wp-content\/uploads\/2023\/02\/ACE-Quaderns-Estructures-019.jpg\" \/>\n\t<meta property=\"og:image:width\" content=\"724\" \/>\n\t<meta property=\"og:image:height\" content=\"1024\" \/>\n\t<meta property=\"og:image:type\" content=\"image\/jpeg\" \/>\n<meta name=\"twitter:card\" content=\"summary_large_image\" \/>\n<meta name=\"twitter:label1\" content=\"Tiempo de lectura\" \/>\n\t<meta name=\"twitter:data1\" content=\"5 minutos\" \/>\n<script type=\"application\/ld+json\" class=\"yoast-schema-graph\">{\"@context\":\"https:\/\/schema.org\",\"@graph\":[{\"@type\":\"WebPage\",\"@id\":\"https:\/\/aceweb.cat\/es\/producto\/quaderns-destructures-19\/\",\"url\":\"https:\/\/aceweb.cat\/es\/producto\/quaderns-destructures-19\/\",\"name\":\"Quaderns d'Estructures 19 | ACE\",\"isPartOf\":{\"@id\":\"https:\/\/aceweb.cat\/#website\"},\"primaryImageOfPage\":{\"@id\":\"https:\/\/aceweb.cat\/es\/producto\/quaderns-destructures-19\/#primaryimage\"},\"image\":{\"@id\":\"https:\/\/aceweb.cat\/es\/producto\/quaderns-destructures-19\/#primaryimage\"},\"thumbnailUrl\":\"https:\/\/aceweb.cat\/wp-content\/uploads\/2023\/02\/ACE-Quaderns-Estructures-019.jpg\",\"datePublished\":\"2022-12-04T10:00:50+00:00\",\"dateModified\":\"2023-03-22T15:52:02+00:00\",\"description\":\"Revista n\u00ba 19 con art\u00edculos de actualidad que tratan sobre la construcci\u00f3n de estructuras y que publica la Asociaci\u00f3n de Consultores de Estructuras (ACE).\",\"breadcrumb\":{\"@id\":\"https:\/\/aceweb.cat\/es\/producto\/quaderns-destructures-19\/#breadcrumb\"},\"inLanguage\":\"es\",\"potentialAction\":[{\"@type\":\"ReadAction\",\"target\":[\"https:\/\/aceweb.cat\/es\/producto\/quaderns-destructures-19\/\"]}]},{\"@type\":\"ImageObject\",\"inLanguage\":\"es\",\"@id\":\"https:\/\/aceweb.cat\/es\/producto\/quaderns-destructures-19\/#primaryimage\",\"url\":\"https:\/\/aceweb.cat\/wp-content\/uploads\/2023\/02\/ACE-Quaderns-Estructures-019.jpg\",\"contentUrl\":\"https:\/\/aceweb.cat\/wp-content\/uploads\/2023\/02\/ACE-Quaderns-Estructures-019.jpg\",\"width\":724,\"height\":1024},{\"@type\":\"BreadcrumbList\",\"@id\":\"https:\/\/aceweb.cat\/es\/producto\/quaderns-destructures-19\/#breadcrumb\",\"itemListElement\":[{\"@type\":\"ListItem\",\"position\":1,\"name\":\"Inici\",\"item\":\"https:\/\/aceweb.cat\/\"},{\"@type\":\"ListItem\",\"position\":2,\"name\":\"Tienda\",\"item\":\"https:\/\/aceweb.cat\/es\/tienda\/\"},{\"@type\":\"ListItem\",\"position\":3,\"name\":\"Quadern d\u2019Estructures\",\"item\":\"https:\/\/aceweb.cat\/es\/categoria-producto\/cuaderno-de-estructuras\/\"},{\"@type\":\"ListItem\",\"position\":4,\"name\":\"Quaderns d&#8217;Estructures 19\"}]},{\"@type\":\"WebSite\",\"@id\":\"https:\/\/aceweb.cat\/#website\",\"url\":\"https:\/\/aceweb.cat\/\",\"name\":\"ACE\",\"description\":\"Associaci\u00f3 de Consultors d&#039;Estructures | ACE\",\"publisher\":{\"@id\":\"https:\/\/aceweb.cat\/#organization\"},\"alternateName\":\"ACE\",\"potentialAction\":[{\"@type\":\"SearchAction\",\"target\":{\"@type\":\"EntryPoint\",\"urlTemplate\":\"https:\/\/aceweb.cat\/?s={search_term_string}\"},\"query-input\":{\"@type\":\"PropertyValueSpecification\",\"valueRequired\":true,\"valueName\":\"search_term_string\"}}],\"inLanguage\":\"es\"},{\"@type\":\"Organization\",\"@id\":\"https:\/\/aceweb.cat\/#organization\",\"name\":\"ACE\",\"alternateName\":\"ACE\",\"url\":\"https:\/\/aceweb.cat\/\",\"logo\":{\"@type\":\"ImageObject\",\"inLanguage\":\"es\",\"@id\":\"https:\/\/aceweb.cat\/#\/schema\/logo\/image\/\",\"url\":\"https:\/\/aceweb.cat\/wp-content\/uploads\/2022\/10\/logo.svg\",\"contentUrl\":\"https:\/\/aceweb.cat\/wp-content\/uploads\/2022\/10\/logo.svg\",\"width\":1,\"height\":1,\"caption\":\"ACE\"},\"image\":{\"@id\":\"https:\/\/aceweb.cat\/#\/schema\/logo\/image\/\"}}]}<\/script>\n<!-- \/ Yoast SEO plugin. -->","yoast_head_json":{"title":"Quaderns d'Estructures 19 | ACE","description":"Revista n\u00ba 19 con art\u00edculos de actualidad que tratan sobre la construcci\u00f3n de estructuras y que publica la Asociaci\u00f3n de Consultores de Estructuras (ACE).","robots":{"index":"index","follow":"follow","max-snippet":"max-snippet:-1","max-image-preview":"max-image-preview:large","max-video-preview":"max-video-preview:-1"},"canonical":"https:\/\/aceweb.cat\/es\/producto\/quaderns-destructures-19\/","og_locale":"es_ES","og_type":"article","og_title":"Quaderns d'Estructures 19 | ACE","og_description":"Revista n\u00ba 19 con art\u00edculos de actualidad que tratan sobre la construcci\u00f3n de estructuras y que publica la Asociaci\u00f3n de Consultores de Estructuras (ACE).","og_url":"https:\/\/aceweb.cat\/es\/producto\/quaderns-destructures-19\/","og_site_name":"aceweb.cat","article_modified_time":"2023-03-22T15:52:02+00:00","og_image":[{"width":724,"height":1024,"url":"https:\/\/aceweb.cat\/wp-content\/uploads\/2023\/02\/ACE-Quaderns-Estructures-019.jpg","type":"image\/jpeg"}],"twitter_card":"summary_large_image","twitter_misc":{"Tiempo de lectura":"5 minutos"},"schema":{"@context":"https:\/\/schema.org","@graph":[{"@type":"WebPage","@id":"https:\/\/aceweb.cat\/es\/producto\/quaderns-destructures-19\/","url":"https:\/\/aceweb.cat\/es\/producto\/quaderns-destructures-19\/","name":"Quaderns d'Estructures 19 | ACE","isPartOf":{"@id":"https:\/\/aceweb.cat\/#website"},"primaryImageOfPage":{"@id":"https:\/\/aceweb.cat\/es\/producto\/quaderns-destructures-19\/#primaryimage"},"image":{"@id":"https:\/\/aceweb.cat\/es\/producto\/quaderns-destructures-19\/#primaryimage"},"thumbnailUrl":"https:\/\/aceweb.cat\/wp-content\/uploads\/2023\/02\/ACE-Quaderns-Estructures-019.jpg","datePublished":"2022-12-04T10:00:50+00:00","dateModified":"2023-03-22T15:52:02+00:00","description":"Revista n\u00ba 19 con art\u00edculos de actualidad que tratan sobre la construcci\u00f3n de estructuras y que publica la Asociaci\u00f3n de Consultores de Estructuras (ACE).","breadcrumb":{"@id":"https:\/\/aceweb.cat\/es\/producto\/quaderns-destructures-19\/#breadcrumb"},"inLanguage":"es","potentialAction":[{"@type":"ReadAction","target":["https:\/\/aceweb.cat\/es\/producto\/quaderns-destructures-19\/"]}]},{"@type":"ImageObject","inLanguage":"es","@id":"https:\/\/aceweb.cat\/es\/producto\/quaderns-destructures-19\/#primaryimage","url":"https:\/\/aceweb.cat\/wp-content\/uploads\/2023\/02\/ACE-Quaderns-Estructures-019.jpg","contentUrl":"https:\/\/aceweb.cat\/wp-content\/uploads\/2023\/02\/ACE-Quaderns-Estructures-019.jpg","width":724,"height":1024},{"@type":"BreadcrumbList","@id":"https:\/\/aceweb.cat\/es\/producto\/quaderns-destructures-19\/#breadcrumb","itemListElement":[{"@type":"ListItem","position":1,"name":"Inici","item":"https:\/\/aceweb.cat\/"},{"@type":"ListItem","position":2,"name":"Tienda","item":"https:\/\/aceweb.cat\/es\/tienda\/"},{"@type":"ListItem","position":3,"name":"Quadern d\u2019Estructures","item":"https:\/\/aceweb.cat\/es\/categoria-producto\/cuaderno-de-estructuras\/"},{"@type":"ListItem","position":4,"name":"Quaderns d&#8217;Estructures 19"}]},{"@type":"WebSite","@id":"https:\/\/aceweb.cat\/#website","url":"https:\/\/aceweb.cat\/","name":"ACE","description":"Associaci\u00f3 de Consultors d&#039;Estructures | ACE","publisher":{"@id":"https:\/\/aceweb.cat\/#organization"},"alternateName":"ACE","potentialAction":[{"@type":"SearchAction","target":{"@type":"EntryPoint","urlTemplate":"https:\/\/aceweb.cat\/?s={search_term_string}"},"query-input":{"@type":"PropertyValueSpecification","valueRequired":true,"valueName":"search_term_string"}}],"inLanguage":"es"},{"@type":"Organization","@id":"https:\/\/aceweb.cat\/#organization","name":"ACE","alternateName":"ACE","url":"https:\/\/aceweb.cat\/","logo":{"@type":"ImageObject","inLanguage":"es","@id":"https:\/\/aceweb.cat\/#\/schema\/logo\/image\/","url":"https:\/\/aceweb.cat\/wp-content\/uploads\/2022\/10\/logo.svg","contentUrl":"https:\/\/aceweb.cat\/wp-content\/uploads\/2022\/10\/logo.svg","width":1,"height":1,"caption":"ACE"},"image":{"@id":"https:\/\/aceweb.cat\/#\/schema\/logo\/image\/"}}]}},"_links":{"self":[{"href":"https:\/\/aceweb.cat\/es\/wp-json\/wp\/v2\/product\/39719","targetHints":{"allow":["GET"]}}],"collection":[{"href":"https:\/\/aceweb.cat\/es\/wp-json\/wp\/v2\/product"}],"about":[{"href":"https:\/\/aceweb.cat\/es\/wp-json\/wp\/v2\/types\/product"}],"version-history":[{"count":1,"href":"https:\/\/aceweb.cat\/es\/wp-json\/wp\/v2\/product\/39719\/revisions"}],"predecessor-version":[{"id":41001,"href":"https:\/\/aceweb.cat\/es\/wp-json\/wp\/v2\/product\/39719\/revisions\/41001"}],"wp:featuredmedia":[{"embeddable":true,"href":"https:\/\/aceweb.cat\/es\/wp-json\/wp\/v2\/media\/38125"}],"wp:attachment":[{"href":"https:\/\/aceweb.cat\/es\/wp-json\/wp\/v2\/media?parent=39719"}],"wp:term":[{"taxonomy":"product_brand","embeddable":true,"href":"https:\/\/aceweb.cat\/es\/wp-json\/wp\/v2\/product_brand?post=39719"},{"taxonomy":"product_cat","embeddable":true,"href":"https:\/\/aceweb.cat\/es\/wp-json\/wp\/v2\/product_cat?post=39719"},{"taxonomy":"product_tag","embeddable":true,"href":"https:\/\/aceweb.cat\/es\/wp-json\/wp\/v2\/product_tag?post=39719"}],"curies":[{"name":"wp","href":"https:\/\/api.w.org\/{rel}","templated":true}]}}