{"id":39722,"date":"2022-12-05T10:00:18","date_gmt":"2022-12-05T10:00:18","guid":{"rendered":"https:\/\/www.aceweb.advertis.es\/producto\/quaderns-destructures-20\/"},"modified":"2023-03-22T15:52:43","modified_gmt":"2023-03-22T15:52:43","slug":"quaderns-destructures-20","status":"publish","type":"product","link":"https:\/\/aceweb.cat\/es\/producto\/quaderns-destructures-20\/","title":{"rendered":"Quaderns d&#8217;Estructures 20"},"content":{"rendered":"<p>Este n\u00famero incluye:<\/p>\n<h2><strong>1. Editorial. El control interno<\/strong><\/h2>\n<p>Art\u00edculo redactado por\u00a0<strong>ANTONI BL\u00c1ZQUEZ BOYA<\/strong>. Descarga la revista para conocer la creaci\u00f3n dentro de la Asociaci\u00f3n, de la comisi\u00f3n de control de calidad de los proyectos de nuestros asociados.<\/p>\n<p><em>\u201cComo se puede comprobar en la l\u00ednea editorial de esta revista, la gran preocupaci\u00f3n de nuestra asociaci\u00f3n es la calidad. \u00c9sta es la caracter\u00edstica que la hace singular; podr\u00edamos decir que es la raz\u00f3n de ser de la Asociaci\u00f3n de Consultores de Estructuras. Para que as\u00ed sea es necesario garantizar unos m\u00ednimos de calidad en los servicios que prestamos los asociados numerarios profesionales.<\/em><\/p>\n<p><em>Para llevar a cabo esta importante labor se constituy\u00f3 dentro de la junta directiva la vocal\u00eda de control interno que, hasta hace aproximadamente un a\u00f1o, ha llevado completamente solo, con extraordinario acierto y total confidencialidad, el compa\u00f1ero Antoni Torrent.<\/em><em>\u201c<\/em><\/p>\n<h2><strong>2. El armado y chatarra de las regiones\u00a0<\/strong><strong>\u00abD\u00bb<\/strong><\/h2>\n<p>Art\u00edculo redactado por\u00a0<strong>ENRIC JERCAVINS y VALLS<\/strong>\u00a0y\u00a0<strong>JOSEP XERCAVINS y BATLL\u00d3<\/strong>.<\/p>\n<p><em>\u201cEl chatarra de las armaduras del hormig\u00f3n armado y\/o pretensado y\/o posttensado, dibujan el estado de tensiones de una secci\u00f3n, producido por el estado de cargas o acciones al que est\u00e1 sometido y con el cual se ha realizado el an\u00e1lisis estructural, comprobando los Estados L\u00edmites en Servicio ELS y los Estados L\u00edmites \u00daltimos en ruptura ELU.<\/em><\/p>\n<p><em>Las singularidades m\u00e1s significativas en el armado de una secci\u00f3n y en consecuencia de su chatarra, se producen en las regiones \u00abD\u00bb o regiones de discontinuidad, que son aquellas partes de una estructura en las que no es v\u00e1lida la teor\u00eda de flexi\u00f3n (hip\u00f3tesis de Bernouilli-Navier o Kirchhoff) seg\u00fan la actual Instrucci\u00f3n de Hormig\u00f3n Estructural EHE, en contraste con las regiones \u00abB\u00bb que s\u00ed se cumple la teor\u00eda de flexi\u00f3n.<\/em><em>\u201c <\/em><\/p>\n<h2><strong>3. Sistema taladro para muros de hormig\u00f3n<\/strong><\/h2>\n<p>Art\u00edculo redactado por\u00a0<strong>JORDI GARCIA, ALSINA<\/strong>. Descarga la revista para conocer el sistema taladro para muros de hormig\u00f3n.<\/p>\n<p><em>\u201cPara la ejecuci\u00f3n de los muros de hormig\u00f3n que forman el cerramiento del edificio se utiliza muy frecuentemente un sistema de encofrado llamado Taladro; b\u00e1sicamente consiste en que, utilizando los paneles de encofrado habituales para muros, se les adaptan unos elementos, que apoyados sobre el muro ejecutado a nivel inferior, sirven para sujetar los paneles de encofrado al panel superior.<\/em>< \/p><\/p>\n<p><em>La secuencia de trabajo se puede resumir en las siguientes fases:<\/em><\/p>\n<p><em>1<sup>a<\/sup>\u00a0fase. Se ejecuta el encofrado de forma tradicional, dejando en el hormig\u00f3n un anclaje recuperable.<\/em><\/p>\n<p><em>2<sup>a<\/sup>\u00a0fase. Se montan, apoyando en los anclajes las m\u00e9nsulas o c\u00f3nsules de trepa, las cuales soportan un conjunto de vigas y tableros que componen la plataforma de trabajo. Sobre esta superficie apoyan los paneles de encofrado.<\/em><\/p>\n<p><em>3<sup>a<\/sup>\u00a0fase. Se incorpora la plataforma auxiliar inferior para la recuperaci\u00f3n de anclajes y posibles labores de retoques o reparaciones.\u201d<\/em><\/p>\n<h2><strong>4. Restauraci\u00f3n del teatro Metropol de Tarragona<\/strong><\/h2>\n<p>Art\u00edculo redactado por\u00a0<strong>ROBERT BRUFAU y NIUB\u00d3<\/strong>. Descarga la revista para conocer los trabajos de rehabilitaci\u00f3n del nuevo\u00a0<a href=\"https:\/\/es.wikipedia.org\/wiki\/Teatre_Metropol_(Tarragona)\" target=\"_blank\" rel=\"noopener noreferrer\">Teatro Municipal<\/a >\u00a0de Tarragona.<\/p>\n<p><em>\u201cEl antiguo Teatro del Patronato Obrero fue proyectado en 1908 por el arquitecto tarraconense Josep Maria Jujol (1879-1949), por aquellos a\u00f1os colaborador habitual de Antoni Gaud\u00ed. El propietario del Teatro era el Obispado de Tarragona, y se trataba de una obra modesta, construida con poco presupuesto y con la idea de disponer de un local de reuni\u00f3n, adecuado para realizar representaciones ocasionales y actos de car\u00e1cter institucional. A lo largo de su vida el edificio sufri\u00f3 frecuentes e infortunados cambios de propiedad y uso, lo que aceler\u00f3 su degradaci\u00f3n, estando, en el momento de iniciarse la restauraci\u00f3n, en situaci\u00f3n pr\u00f3xima a la ruina constructiva . Su levantamiento inicial se realiz\u00f3 con medios muy precarios y con sistemas edificatorios estrictamente locales, aunque con el ingenio habitual y con la imaginaci\u00f3n tan propias de Jujol.<\/em><\/p>\n<p><em>A finales de los a\u00f1os 80, el Ayuntamiento de Tarragona, a instancias de diversas Instituciones, decidi\u00f3 comprar el local para reconvertirlo en Teatro Municipal, actuaci\u00f3n que se concret\u00f3 en un Proyecto, redactado el a\u00f1o 1992 por el equipo encabezado por el Arquitecto Josep Llin\u00e0s, que tambi\u00e9n dirigi\u00f3 los trabajos de rehabilitaci\u00f3n, llevados a cabo durante el per\u00edodo 1993-95. Desde mi condici\u00f3n de participante privilegiado a lo largo de todo el proceso, puedo afirmar que el principio b\u00e1sico que gui\u00f3 la restauraci\u00f3n fue el mantenimiento del esp\u00edritu, de los materiales y de la modestia constructiva del mundo jujuliano.<\/em><em>\u201c<\/em><\/p>\n<h2><strong>5. Prevenci\u00f3n de riesgos: m\u00e9nsulas cortas en hormig\u00f3n. Un punto sensible<\/strong><\/h2>\n<p>Art\u00edculo redactado por\u00a0<strong>JOSEP PUGIBET MART\u00cd<\/strong>. Descarga la revista para conocer los riesgos de este elemento constructivo.<\/p>\n<p><em>\u201cLas m\u00e9nsulas cortas figuran entre los elementos constructivos con un elevado n\u00famero de siniestros en el dominio del hormig\u00f3n armado.<\/em><\/p>\n<p><em>No en vano, en los procedimientos internos de control de SOCOTEC, este elemento est\u00e1 catalogado como un Riesgo de Prevenci\u00f3n Prioritaria.<\/em><\/p>\n<p><em>Durante mis intervenciones en control t\u00e9cnico de obras, durante m\u00e1s de 16 a\u00f1os, he ido comprobando el alto porcentaje de lesiones en estos elementos, por lo que considero que es totalmente acertada la clasificaci\u00f3n de Riesgo de Prevenci\u00f3n Prioritaria.\u201d<\/em><\/p>\n<h2><strong>6. \u00bfArquitectura \u201co\u201d especializaci\u00f3n?<\/strong><\/h2>\n<p>Art\u00edculo redactado por\u00a0<strong>LAURA VALVERDE ARAG\u00d3N<\/strong>.<\/p>\n<p><em>\u201cEl enunciado de esta cuesti\u00f3n es un sofisma.<\/em><\/p>\n<p><em>Parece que la actividad noble del arquitecto es la proyectaci\u00f3n arquitect\u00f3nica. Pero esto no es necesariamente as\u00ed.<\/em><\/p>\n<p><em>Por un lado, la libertad proyectual del arquitecto est\u00e1 muy limitada por diferentes intereses como los del cliente-promotor, la empresa, econ\u00f3micos, constructivos, urban\u00edsticos, normativas adem\u00e1s de los inherentes al propio proyecto. Por otra parte, la profesi\u00f3n es tan amplia que es casi imposible dominar todas las tem\u00e1ticas en profundidad, lo que encamina la actividad profesional, cada vez m\u00e1s, hacia especializaci\u00f3n.<\/em><\/p>\n<p><em>Durante la carrera hemos obtenido una \u00abcultura general arquitect\u00f3nica\u00bb que nos permite derivar, mediante cursos de posgrado y m\u00e1ster, hacia una u otra especializaci\u00f3n, en funci\u00f3n de afinidades y circunstancias. Esto ocurre claramente, por ejemplo, en la medicina, donde despu\u00e9s de la carrera suele venir la especializaci\u00f3n, y donde, como pacientes, acudimos a un especialista u otro, o varios concatenados. Son muy necesarios m\u00e9dicos generalistas, pero no mayoritariamente. Los m\u00e9dicos derivan y consultan, sin falso orgullo, hacia el especialista m\u00e1s adecuado.<\/em><em>\u201c<\/em><\/p>\n<h2><strong>7. <\/strong><strong>Miscel\u00e1nea<\/strong><\/h2>\n<h2><strong>8. Lista de miembros de la Asociaci\u00f3n<\/strong><\/h2>\n<p>Conoce a los\u00a0miembros\u00a0de la Asociaci\u00f3n Consultores de Estructuras. Podr\u00e1s ver a los nuevos integrantes que participan por el reconocimiento de la profesi\u00f3n dentro del mundo de la construcci\u00f3n.<\/p>\n","protected":false},"excerpt":{"rendered":"<ul>\n<li>1. Editorial. El control interno<\/li>\n<li>2. El armado y chatarra de las regiones\u00a0\u00abD\u00bb<\/li>\n<li>3. Sistema taladro para muros de hormig\u00f3n<\/li>\n<li>4. Restauraci\u00f3n del teatro Metropol de Tarragona<\/li>\n<li>5. Prevenci\u00f3n de riesgos: m\u00e9nsulas cortas en hormig\u00f3n. Un punto sensible<\/li>\n<li>6. \u00bfArquitectura \u201co\u201d especializaci\u00f3n?<\/li>\n<li>7. Miscel\u00e1nea<\/li>\n<li>8. Lista de miembros de la Asociaci\u00f3n<\/li>\n<\/ul>\n","protected":false},"featured_media":38115,"template":"","meta":{"_acf_changed":false,"site-sidebar-layout":"default","site-content-layout":"default","ast-global-header-display":"","ast-main-header-display":"","ast-hfb-above-header-display":"","ast-hfb-below-header-display":"","ast-hfb-mobile-header-display":"","site-post-title":"","ast-breadcrumbs-content":"","ast-featured-img":"","footer-sml-layout":"","theme-transparent-header-meta":"default","adv-header-id-meta":"","stick-header-meta":"","header-above-stick-meta":"","header-main-stick-meta":"","header-below-stick-meta":""},"product_brand":[],"product_cat":[595],"product_tag":[],"class_list":{"0":"post-39722","1":"product","2":"type-product","3":"status-publish","4":"has-post-thumbnail","6":"product_cat-cuaderno-de-estructuras","7":"desktop-align-left","8":"tablet-align-left","9":"mobile-align-left","11":"first","12":"instock","13":"taxable","14":"shipping-taxable","15":"purchasable","16":"product-type-variable","17":"has-default-attributes"},"acf":[],"yoast_head":"<!-- This site is optimized with the Yoast SEO plugin v27.1.1 - https:\/\/yoast.com\/product\/yoast-seo-wordpress\/ -->\n<title>Quaderns d&#039;Estructures 20 | ACE<\/title>\n<meta name=\"description\" content=\"Revista n\u00ba 20 con art\u00edculos de actualidad que tratan sobre la construcci\u00f3n de estructuras y que publica la Asociaci\u00f3n de Consultores de Estructuras (ACE).\" \/>\n<meta name=\"robots\" content=\"index, follow, max-snippet:-1, max-image-preview:large, max-video-preview:-1\" \/>\n<link rel=\"canonical\" href=\"https:\/\/aceweb.cat\/es\/producto\/quaderns-destructures-20\/\" \/>\n<meta property=\"og:locale\" content=\"es_ES\" \/>\n<meta property=\"og:type\" content=\"article\" \/>\n<meta property=\"og:title\" content=\"Quaderns d&#039;Estructures 20 | ACE\" \/>\n<meta property=\"og:description\" content=\"Revista n\u00ba 20 con art\u00edculos de actualidad que tratan sobre la construcci\u00f3n de estructuras y que publica la Asociaci\u00f3n de Consultores de Estructuras (ACE).\" \/>\n<meta property=\"og:url\" content=\"https:\/\/aceweb.cat\/es\/producto\/quaderns-destructures-20\/\" \/>\n<meta property=\"og:site_name\" content=\"aceweb.cat\" \/>\n<meta property=\"article:modified_time\" content=\"2023-03-22T15:52:43+00:00\" \/>\n<meta property=\"og:image\" content=\"https:\/\/aceweb.cat\/wp-content\/uploads\/2023\/02\/ACE-Quaderns-Estructures-020.jpg\" \/>\n\t<meta property=\"og:image:width\" content=\"724\" \/>\n\t<meta property=\"og:image:height\" content=\"1024\" \/>\n\t<meta property=\"og:image:type\" content=\"image\/jpeg\" \/>\n<meta name=\"twitter:card\" content=\"summary_large_image\" \/>\n<meta name=\"twitter:label1\" content=\"Tiempo de lectura\" \/>\n\t<meta name=\"twitter:data1\" content=\"6 minutos\" \/>\n<script type=\"application\/ld+json\" class=\"yoast-schema-graph\">{\"@context\":\"https:\/\/schema.org\",\"@graph\":[{\"@type\":\"WebPage\",\"@id\":\"https:\/\/aceweb.cat\/es\/producto\/quaderns-destructures-20\/\",\"url\":\"https:\/\/aceweb.cat\/es\/producto\/quaderns-destructures-20\/\",\"name\":\"Quaderns d'Estructures 20 | ACE\",\"isPartOf\":{\"@id\":\"https:\/\/aceweb.cat\/#website\"},\"primaryImageOfPage\":{\"@id\":\"https:\/\/aceweb.cat\/es\/producto\/quaderns-destructures-20\/#primaryimage\"},\"image\":{\"@id\":\"https:\/\/aceweb.cat\/es\/producto\/quaderns-destructures-20\/#primaryimage\"},\"thumbnailUrl\":\"https:\/\/aceweb.cat\/wp-content\/uploads\/2023\/02\/ACE-Quaderns-Estructures-020.jpg\",\"datePublished\":\"2022-12-05T10:00:18+00:00\",\"dateModified\":\"2023-03-22T15:52:43+00:00\",\"description\":\"Revista n\u00ba 20 con art\u00edculos de actualidad que tratan sobre la construcci\u00f3n de estructuras y que publica la Asociaci\u00f3n de Consultores de Estructuras (ACE).\",\"breadcrumb\":{\"@id\":\"https:\/\/aceweb.cat\/es\/producto\/quaderns-destructures-20\/#breadcrumb\"},\"inLanguage\":\"es\",\"potentialAction\":[{\"@type\":\"ReadAction\",\"target\":[\"https:\/\/aceweb.cat\/es\/producto\/quaderns-destructures-20\/\"]}]},{\"@type\":\"ImageObject\",\"inLanguage\":\"es\",\"@id\":\"https:\/\/aceweb.cat\/es\/producto\/quaderns-destructures-20\/#primaryimage\",\"url\":\"https:\/\/aceweb.cat\/wp-content\/uploads\/2023\/02\/ACE-Quaderns-Estructures-020.jpg\",\"contentUrl\":\"https:\/\/aceweb.cat\/wp-content\/uploads\/2023\/02\/ACE-Quaderns-Estructures-020.jpg\",\"width\":724,\"height\":1024},{\"@type\":\"BreadcrumbList\",\"@id\":\"https:\/\/aceweb.cat\/es\/producto\/quaderns-destructures-20\/#breadcrumb\",\"itemListElement\":[{\"@type\":\"ListItem\",\"position\":1,\"name\":\"Inici\",\"item\":\"https:\/\/aceweb.cat\/\"},{\"@type\":\"ListItem\",\"position\":2,\"name\":\"Tienda\",\"item\":\"https:\/\/aceweb.cat\/es\/tienda\/\"},{\"@type\":\"ListItem\",\"position\":3,\"name\":\"Quadern d\u2019Estructures\",\"item\":\"https:\/\/aceweb.cat\/es\/categoria-producto\/cuaderno-de-estructuras\/\"},{\"@type\":\"ListItem\",\"position\":4,\"name\":\"Quaderns d&#8217;Estructures 20\"}]},{\"@type\":\"WebSite\",\"@id\":\"https:\/\/aceweb.cat\/#website\",\"url\":\"https:\/\/aceweb.cat\/\",\"name\":\"ACE\",\"description\":\"Associaci\u00f3 de Consultors d&#039;Estructures | ACE\",\"publisher\":{\"@id\":\"https:\/\/aceweb.cat\/#organization\"},\"alternateName\":\"ACE\",\"potentialAction\":[{\"@type\":\"SearchAction\",\"target\":{\"@type\":\"EntryPoint\",\"urlTemplate\":\"https:\/\/aceweb.cat\/?s={search_term_string}\"},\"query-input\":{\"@type\":\"PropertyValueSpecification\",\"valueRequired\":true,\"valueName\":\"search_term_string\"}}],\"inLanguage\":\"es\"},{\"@type\":\"Organization\",\"@id\":\"https:\/\/aceweb.cat\/#organization\",\"name\":\"ACE\",\"alternateName\":\"ACE\",\"url\":\"https:\/\/aceweb.cat\/\",\"logo\":{\"@type\":\"ImageObject\",\"inLanguage\":\"es\",\"@id\":\"https:\/\/aceweb.cat\/#\/schema\/logo\/image\/\",\"url\":\"https:\/\/aceweb.cat\/wp-content\/uploads\/2022\/10\/logo.svg\",\"contentUrl\":\"https:\/\/aceweb.cat\/wp-content\/uploads\/2022\/10\/logo.svg\",\"width\":1,\"height\":1,\"caption\":\"ACE\"},\"image\":{\"@id\":\"https:\/\/aceweb.cat\/#\/schema\/logo\/image\/\"}}]}<\/script>\n<!-- \/ Yoast SEO plugin. -->","yoast_head_json":{"title":"Quaderns d'Estructures 20 | ACE","description":"Revista n\u00ba 20 con art\u00edculos de actualidad que tratan sobre la construcci\u00f3n de estructuras y que publica la Asociaci\u00f3n de Consultores de Estructuras (ACE).","robots":{"index":"index","follow":"follow","max-snippet":"max-snippet:-1","max-image-preview":"max-image-preview:large","max-video-preview":"max-video-preview:-1"},"canonical":"https:\/\/aceweb.cat\/es\/producto\/quaderns-destructures-20\/","og_locale":"es_ES","og_type":"article","og_title":"Quaderns d'Estructures 20 | ACE","og_description":"Revista n\u00ba 20 con art\u00edculos de actualidad que tratan sobre la construcci\u00f3n de estructuras y que publica la Asociaci\u00f3n de Consultores de Estructuras (ACE).","og_url":"https:\/\/aceweb.cat\/es\/producto\/quaderns-destructures-20\/","og_site_name":"aceweb.cat","article_modified_time":"2023-03-22T15:52:43+00:00","og_image":[{"width":724,"height":1024,"url":"https:\/\/aceweb.cat\/wp-content\/uploads\/2023\/02\/ACE-Quaderns-Estructures-020.jpg","type":"image\/jpeg"}],"twitter_card":"summary_large_image","twitter_misc":{"Tiempo de lectura":"6 minutos"},"schema":{"@context":"https:\/\/schema.org","@graph":[{"@type":"WebPage","@id":"https:\/\/aceweb.cat\/es\/producto\/quaderns-destructures-20\/","url":"https:\/\/aceweb.cat\/es\/producto\/quaderns-destructures-20\/","name":"Quaderns d'Estructures 20 | ACE","isPartOf":{"@id":"https:\/\/aceweb.cat\/#website"},"primaryImageOfPage":{"@id":"https:\/\/aceweb.cat\/es\/producto\/quaderns-destructures-20\/#primaryimage"},"image":{"@id":"https:\/\/aceweb.cat\/es\/producto\/quaderns-destructures-20\/#primaryimage"},"thumbnailUrl":"https:\/\/aceweb.cat\/wp-content\/uploads\/2023\/02\/ACE-Quaderns-Estructures-020.jpg","datePublished":"2022-12-05T10:00:18+00:00","dateModified":"2023-03-22T15:52:43+00:00","description":"Revista n\u00ba 20 con art\u00edculos de actualidad que tratan sobre la construcci\u00f3n de estructuras y que publica la Asociaci\u00f3n de Consultores de Estructuras (ACE).","breadcrumb":{"@id":"https:\/\/aceweb.cat\/es\/producto\/quaderns-destructures-20\/#breadcrumb"},"inLanguage":"es","potentialAction":[{"@type":"ReadAction","target":["https:\/\/aceweb.cat\/es\/producto\/quaderns-destructures-20\/"]}]},{"@type":"ImageObject","inLanguage":"es","@id":"https:\/\/aceweb.cat\/es\/producto\/quaderns-destructures-20\/#primaryimage","url":"https:\/\/aceweb.cat\/wp-content\/uploads\/2023\/02\/ACE-Quaderns-Estructures-020.jpg","contentUrl":"https:\/\/aceweb.cat\/wp-content\/uploads\/2023\/02\/ACE-Quaderns-Estructures-020.jpg","width":724,"height":1024},{"@type":"BreadcrumbList","@id":"https:\/\/aceweb.cat\/es\/producto\/quaderns-destructures-20\/#breadcrumb","itemListElement":[{"@type":"ListItem","position":1,"name":"Inici","item":"https:\/\/aceweb.cat\/"},{"@type":"ListItem","position":2,"name":"Tienda","item":"https:\/\/aceweb.cat\/es\/tienda\/"},{"@type":"ListItem","position":3,"name":"Quadern d\u2019Estructures","item":"https:\/\/aceweb.cat\/es\/categoria-producto\/cuaderno-de-estructuras\/"},{"@type":"ListItem","position":4,"name":"Quaderns d&#8217;Estructures 20"}]},{"@type":"WebSite","@id":"https:\/\/aceweb.cat\/#website","url":"https:\/\/aceweb.cat\/","name":"ACE","description":"Associaci\u00f3 de Consultors d&#039;Estructures | ACE","publisher":{"@id":"https:\/\/aceweb.cat\/#organization"},"alternateName":"ACE","potentialAction":[{"@type":"SearchAction","target":{"@type":"EntryPoint","urlTemplate":"https:\/\/aceweb.cat\/?s={search_term_string}"},"query-input":{"@type":"PropertyValueSpecification","valueRequired":true,"valueName":"search_term_string"}}],"inLanguage":"es"},{"@type":"Organization","@id":"https:\/\/aceweb.cat\/#organization","name":"ACE","alternateName":"ACE","url":"https:\/\/aceweb.cat\/","logo":{"@type":"ImageObject","inLanguage":"es","@id":"https:\/\/aceweb.cat\/#\/schema\/logo\/image\/","url":"https:\/\/aceweb.cat\/wp-content\/uploads\/2022\/10\/logo.svg","contentUrl":"https:\/\/aceweb.cat\/wp-content\/uploads\/2022\/10\/logo.svg","width":1,"height":1,"caption":"ACE"},"image":{"@id":"https:\/\/aceweb.cat\/#\/schema\/logo\/image\/"}}]}},"_links":{"self":[{"href":"https:\/\/aceweb.cat\/es\/wp-json\/wp\/v2\/product\/39722","targetHints":{"allow":["GET"]}}],"collection":[{"href":"https:\/\/aceweb.cat\/es\/wp-json\/wp\/v2\/product"}],"about":[{"href":"https:\/\/aceweb.cat\/es\/wp-json\/wp\/v2\/types\/product"}],"version-history":[{"count":1,"href":"https:\/\/aceweb.cat\/es\/wp-json\/wp\/v2\/product\/39722\/revisions"}],"predecessor-version":[{"id":41002,"href":"https:\/\/aceweb.cat\/es\/wp-json\/wp\/v2\/product\/39722\/revisions\/41002"}],"wp:featuredmedia":[{"embeddable":true,"href":"https:\/\/aceweb.cat\/es\/wp-json\/wp\/v2\/media\/38115"}],"wp:attachment":[{"href":"https:\/\/aceweb.cat\/es\/wp-json\/wp\/v2\/media?parent=39722"}],"wp:term":[{"taxonomy":"product_brand","embeddable":true,"href":"https:\/\/aceweb.cat\/es\/wp-json\/wp\/v2\/product_brand?post=39722"},{"taxonomy":"product_cat","embeddable":true,"href":"https:\/\/aceweb.cat\/es\/wp-json\/wp\/v2\/product_cat?post=39722"},{"taxonomy":"product_tag","embeddable":true,"href":"https:\/\/aceweb.cat\/es\/wp-json\/wp\/v2\/product_tag?post=39722"}],"curies":[{"name":"wp","href":"https:\/\/api.w.org\/{rel}","templated":true}]}}