{"id":39725,"date":"2022-12-06T10:00:56","date_gmt":"2022-12-06T10:00:56","guid":{"rendered":"https:\/\/www.aceweb.advertis.es\/producto\/quaderns-destructures-21\/"},"modified":"2023-03-22T15:52:56","modified_gmt":"2023-03-22T15:52:56","slug":"quaderns-destructures-21","status":"publish","type":"product","link":"https:\/\/aceweb.cat\/es\/producto\/quaderns-destructures-21\/","title":{"rendered":"Quaderns d&#8217;Estructures 21"},"content":{"rendered":"<p>Este n\u00famero incluye:<\/p>\n<h2><strong>1. Editorial<\/strong><\/h2>\n<p>Art\u00edculo redactado por\u00a0<strong>DAVID RODR\u00cdGUEZ SANT\u00c1S<\/strong>. Descarga la revista para conocer las reflexiones de nuestra profesi\u00f3n; atribuciones, honorarios, etc.<\/p>\n<p><em>\u201cEn este pa\u00eds hay una serie de consultores de estructuras, a los que respetamos y admiramos y gracias a los cuales disponemos de diferentes estudios de investigaci\u00f3n y desarrollo y de bibliograf\u00eda sin la cual la mayor\u00eda de nosotros no tendr\u00edamos ni la mitad de conocimientos que tenemos para realizar nuestra profesi\u00f3n. Pues bien, la mayor\u00eda de estos consultores de estructuras, casualmente \u00abno arquitectos\u00bb, no tienen, en estos momentos, atribuciones para poder realizar un proyecto de estructuras con la direcci\u00f3n de obra de un edificio de viviendas . No vamos tan lejos: no pueden hacer ni siquiera la estructura de una vivienda unifamiliar.<\/em><\/p>\n<p><em>Algunos de los lectores, consultores no arquitectos, una vez expuesto esto, podr\u00edan llegar a conclusiones precipitadas ya mi entender equivocadas como las siguientes: nuestro rival es el consultor de estructuras arquitecto. Pues bien, perm\u00edtanme poner dos ejemplos que muestran claramente que su situaci\u00f3n no es mucho mejor que la del resto.\u201d<\/em><\/p>\n<h2><strong>2. An\u00e1lisis de la estabilidad de un arco de f\u00e1brica de ladrillo mediante varios m\u00e9todos de c\u00e1lculo<\/strong><\/h2>\n<p>Art\u00edculo redactado por\u00a0<strong>ANTONI BL\u00c1ZQUEZ BOYA<\/strong>\u00a0y\u00a0<strong>ANTONI SOL\u00c9 FIGUERAS<\/strong>. Descarga la revista para saber el an\u00e1lisis de dos arcos de medio punto.<\/p>\n<p><em>\u201cEn este art\u00edculo se presentan los resultados del an\u00e1lisis de dos arcos de medio punto, de f\u00e1brica de ladrillo, que sustentan la cubierta de un pajar construido a principios del siglo pasado. Cada arco est\u00e1 constituido por seis roscas: dos inferiores, donde los ladrillos est\u00e1n dispuestos planos; dos intermedias, con los ladrillos en sardinel; y dos superiores, donde la disposici\u00f3n de los ladrillos vuelve a ser plana (ver figuras 3a y 3b). Los ladrillos son macizos, con la \u00fanica excepci\u00f3n de la tuerca inferior de uno de los dos arcos, la cual es de ladrillo agujereado (ver figura 3a). En todos los dem\u00e1s aspectos, como son la morfolog\u00eda y el estado de cargas, los arcos pueden considerarse id\u00e9nticos, por lo que el estudio que se realice de uno es extrapolable a otro.<\/em><\/p>\n<p> ><\/p>\n<p><em>El an\u00e1lisis de estructuras de f\u00e1brica puede convertirse en un proceso bastante complejo debido a que el material es esencialmente discontinuo, anis\u00f3tropo y de propiedades variables. Debido a las especiales caracter\u00edsticas del material, raramente son de aplicaci\u00f3n las metodolog\u00edas ordinarias de an\u00e1lisis estructural.<\/em><em>\u201c<\/em><\/p>\n<h2><strong>3. Pasarela peatonal en el Port Forum (Barcelona)<\/strong><\/h2>\n<p>Art\u00edculo redactado por\u00a0<strong>\u00c1NGEL C. APARICIO BENGOECHEA<\/strong>\u00a0y\u00a0<strong>GONZALO RAMOS SCHNEIDER<\/strong>. Descarga la revista para conocer el proyecto de la pasarela peatonal en el <a href=\"https:\/\/es.wikipedia.org\/wiki\/Port_F%C3%B2rum_Barcelona\" target=\"_blank\" rel=\"noopener noreferrer\"> Puerto Foro<\/a>\u00a0de Barcelona.<\/p>\n<p><em>\u201cEn este art\u00edculo se presenta la pasarela de peatones de gran luz que salta la d\u00e1rsena interior del puerto deportivo de Sant Adri\u00e0 de Bes\u00f2s, actualmente llamado Port F\u00f2rum. Se trata de una celos\u00eda met\u00e1lica irregular con piso de hormig\u00f3n no colaborante que destaca por la conjunci\u00f3n alcanzada entre la forma y la funci\u00f3n de la estructura. Es un resumen de la conferencia dictada por los autores el 22 de julio de 2004 dentro del ciclo \u00ablos jueves del ACE\u00bb.<\/em><\/p>\n<p><em>El puente peatonal objeto de este art\u00edculo une uno de los \u00abdedos\u00bb de la explanada donde se celebr\u00f3 el F\u00f2rum 2004 con el parque situado en la zona norte salvando la d\u00e1rsena interior del puerto deportivo del Bes\u00f2s y permitiendo, adem\u00e1s de la comunicaci\u00f3n entre las zonas mencionadas, el acceso a la gran explanada desde el aparcamiento situado en el lado Norte del puerto.\u201d<\/em><\/p>\n<h2><strong>4. Forjados con postesado bidireccional en aparcamientos<\/strong><\/h2>\n<p>Art\u00edculo redactado por\u00a0<strong>PERE OS\u00d3<\/strong>\u00a0y\u00a0<strong>IV\u00c1N LIMA<\/strong>. Descarga la revista para conocer el proyecto de parking de la Barceloneta.<\/p>\n<p><em>\u201c<\/em>El mercado de la Barceloneta se encuentra en el entramado de calles del conocido barrio barcelon\u00e9s.<\/p>\n<p>La estructura se distribuye b\u00e1sicamente en 2 niveles subterr\u00e1neos que quedan delimitados por una solera de hormig\u00f3n, forjado intermedio y el correspondiente forjado de cubierta, siendo la superficie del parking de aproximadamente 6.400 m<sup>2<\/sup> distribuidos entre las dos plantas.<\/p>\n<p>Las distancias entre pilares forman una cuadr\u00edcula de 7,5 x 7,5 metros excepto una cruj\u00eda con luz reducida de 5 metros.<\/p>\n<p>El dise\u00f1o original de la estructura incorporaba sendos forjados de hormig\u00f3n armado de 30 cm de espesor y 50 cm de espesor con unas cuant\u00edas de armadura pasiva de aproximadamente 105 kg\/m<sup>3<\/sup> de hormig\u00f3n.<em>\u201c<\/em><\/p>\n<h2><strong>5. <\/strong><strong>Miscel\u00e1nea<\/strong><\/h2>\n<h2><strong>6. Lista de miembros de la Asociaci\u00f3n<\/strong><\/h2>\n<p>Conoce a los\u00a0miembros\u00a0de la Asociaci\u00f3n Consultores de Estructuras. Podr\u00e1s ver a los nuevos integrantes que participan por el reconocimiento de la profesi\u00f3n dentro del mundo de la construcci\u00f3n.<\/p>\n","protected":false},"excerpt":{"rendered":"<ul>\n<li>1. Editorial.<\/li>\n<li>2. An\u00e1lisis de la estabilidad de un arco de f\u00e1brica de ladrillo mediante varios m\u00e9todos de c\u00e1lculo<\/li>\n<li>3. Pasarela peatonal en el Port Forum (Barcelona)<\/li>\n<li>4. Forjados con postesado bidireccional en aparcamientos<\/li>\n<li>5. Miscel\u00e1nea<\/li>\n<li>6. Lista de miembros de la Asociaci\u00f3n<\/li>\n<\/ul>\n","protected":false},"featured_media":38105,"template":"","meta":{"_acf_changed":false,"site-sidebar-layout":"default","site-content-layout":"default","ast-global-header-display":"","ast-main-header-display":"","ast-hfb-above-header-display":"","ast-hfb-below-header-display":"","ast-hfb-mobile-header-display":"","site-post-title":"","ast-breadcrumbs-content":"","ast-featured-img":"","footer-sml-layout":"","theme-transparent-header-meta":"default","adv-header-id-meta":"","stick-header-meta":"","header-above-stick-meta":"","header-main-stick-meta":"","header-below-stick-meta":""},"product_brand":[],"product_cat":[595],"product_tag":[],"class_list":{"0":"post-39725","1":"product","2":"type-product","3":"status-publish","4":"has-post-thumbnail","6":"product_cat-cuaderno-de-estructuras","7":"desktop-align-left","8":"tablet-align-left","9":"mobile-align-left","11":"first","12":"instock","13":"taxable","14":"shipping-taxable","15":"purchasable","16":"product-type-variable","17":"has-default-attributes"},"acf":[],"yoast_head":"<!-- This site is optimized with the Yoast SEO plugin v27.1.1 - https:\/\/yoast.com\/product\/yoast-seo-wordpress\/ -->\n<title>Quaderns d&#039;Estructures 21 | ACE<\/title>\n<meta name=\"description\" content=\"Revista n\u00ba 21 con art\u00edculos de actualidad que tratan sobre la construcci\u00f3n de estructuras y que publica la Asociaci\u00f3n de Consultores de Estructuras (ACE).\" \/>\n<meta name=\"robots\" content=\"index, follow, max-snippet:-1, max-image-preview:large, max-video-preview:-1\" \/>\n<link rel=\"canonical\" href=\"https:\/\/aceweb.cat\/es\/producto\/quaderns-destructures-21\/\" \/>\n<meta property=\"og:locale\" content=\"es_ES\" \/>\n<meta property=\"og:type\" content=\"article\" \/>\n<meta property=\"og:title\" content=\"Quaderns d&#039;Estructures 21 | ACE\" \/>\n<meta property=\"og:description\" content=\"Revista n\u00ba 21 con art\u00edculos de actualidad que tratan sobre la construcci\u00f3n de estructuras y que publica la Asociaci\u00f3n de Consultores de Estructuras (ACE).\" \/>\n<meta property=\"og:url\" content=\"https:\/\/aceweb.cat\/es\/producto\/quaderns-destructures-21\/\" \/>\n<meta property=\"og:site_name\" content=\"aceweb.cat\" \/>\n<meta property=\"article:modified_time\" content=\"2023-03-22T15:52:56+00:00\" \/>\n<meta property=\"og:image\" content=\"https:\/\/aceweb.cat\/wp-content\/uploads\/2023\/02\/ACE-Quaderns-Estructures-021.jpg\" \/>\n\t<meta property=\"og:image:width\" content=\"724\" \/>\n\t<meta property=\"og:image:height\" content=\"1024\" \/>\n\t<meta property=\"og:image:type\" content=\"image\/jpeg\" \/>\n<meta name=\"twitter:card\" content=\"summary_large_image\" \/>\n<meta name=\"twitter:label1\" content=\"Tiempo de lectura\" \/>\n\t<meta name=\"twitter:data1\" content=\"4 minutos\" \/>\n<script type=\"application\/ld+json\" class=\"yoast-schema-graph\">{\"@context\":\"https:\/\/schema.org\",\"@graph\":[{\"@type\":\"WebPage\",\"@id\":\"https:\/\/aceweb.cat\/es\/producto\/quaderns-destructures-21\/\",\"url\":\"https:\/\/aceweb.cat\/es\/producto\/quaderns-destructures-21\/\",\"name\":\"Quaderns d'Estructures 21 | ACE\",\"isPartOf\":{\"@id\":\"https:\/\/aceweb.cat\/#website\"},\"primaryImageOfPage\":{\"@id\":\"https:\/\/aceweb.cat\/es\/producto\/quaderns-destructures-21\/#primaryimage\"},\"image\":{\"@id\":\"https:\/\/aceweb.cat\/es\/producto\/quaderns-destructures-21\/#primaryimage\"},\"thumbnailUrl\":\"https:\/\/aceweb.cat\/wp-content\/uploads\/2023\/02\/ACE-Quaderns-Estructures-021.jpg\",\"datePublished\":\"2022-12-06T10:00:56+00:00\",\"dateModified\":\"2023-03-22T15:52:56+00:00\",\"description\":\"Revista n\u00ba 21 con art\u00edculos de actualidad que tratan sobre la construcci\u00f3n de estructuras y que publica la Asociaci\u00f3n de Consultores de Estructuras (ACE).\",\"breadcrumb\":{\"@id\":\"https:\/\/aceweb.cat\/es\/producto\/quaderns-destructures-21\/#breadcrumb\"},\"inLanguage\":\"es\",\"potentialAction\":[{\"@type\":\"ReadAction\",\"target\":[\"https:\/\/aceweb.cat\/es\/producto\/quaderns-destructures-21\/\"]}]},{\"@type\":\"ImageObject\",\"inLanguage\":\"es\",\"@id\":\"https:\/\/aceweb.cat\/es\/producto\/quaderns-destructures-21\/#primaryimage\",\"url\":\"https:\/\/aceweb.cat\/wp-content\/uploads\/2023\/02\/ACE-Quaderns-Estructures-021.jpg\",\"contentUrl\":\"https:\/\/aceweb.cat\/wp-content\/uploads\/2023\/02\/ACE-Quaderns-Estructures-021.jpg\",\"width\":724,\"height\":1024},{\"@type\":\"BreadcrumbList\",\"@id\":\"https:\/\/aceweb.cat\/es\/producto\/quaderns-destructures-21\/#breadcrumb\",\"itemListElement\":[{\"@type\":\"ListItem\",\"position\":1,\"name\":\"Inici\",\"item\":\"https:\/\/aceweb.cat\/\"},{\"@type\":\"ListItem\",\"position\":2,\"name\":\"Tienda\",\"item\":\"https:\/\/aceweb.cat\/es\/tienda\/\"},{\"@type\":\"ListItem\",\"position\":3,\"name\":\"Quadern d\u2019Estructures\",\"item\":\"https:\/\/aceweb.cat\/es\/categoria-producto\/cuaderno-de-estructuras\/\"},{\"@type\":\"ListItem\",\"position\":4,\"name\":\"Quaderns d&#8217;Estructures 21\"}]},{\"@type\":\"WebSite\",\"@id\":\"https:\/\/aceweb.cat\/#website\",\"url\":\"https:\/\/aceweb.cat\/\",\"name\":\"ACE\",\"description\":\"Associaci\u00f3 de Consultors d&#039;Estructures | ACE\",\"publisher\":{\"@id\":\"https:\/\/aceweb.cat\/#organization\"},\"alternateName\":\"ACE\",\"potentialAction\":[{\"@type\":\"SearchAction\",\"target\":{\"@type\":\"EntryPoint\",\"urlTemplate\":\"https:\/\/aceweb.cat\/?s={search_term_string}\"},\"query-input\":{\"@type\":\"PropertyValueSpecification\",\"valueRequired\":true,\"valueName\":\"search_term_string\"}}],\"inLanguage\":\"es\"},{\"@type\":\"Organization\",\"@id\":\"https:\/\/aceweb.cat\/#organization\",\"name\":\"ACE\",\"alternateName\":\"ACE\",\"url\":\"https:\/\/aceweb.cat\/\",\"logo\":{\"@type\":\"ImageObject\",\"inLanguage\":\"es\",\"@id\":\"https:\/\/aceweb.cat\/#\/schema\/logo\/image\/\",\"url\":\"https:\/\/aceweb.cat\/wp-content\/uploads\/2022\/10\/logo.svg\",\"contentUrl\":\"https:\/\/aceweb.cat\/wp-content\/uploads\/2022\/10\/logo.svg\",\"width\":1,\"height\":1,\"caption\":\"ACE\"},\"image\":{\"@id\":\"https:\/\/aceweb.cat\/#\/schema\/logo\/image\/\"}}]}<\/script>\n<!-- \/ Yoast SEO plugin. -->","yoast_head_json":{"title":"Quaderns d'Estructures 21 | ACE","description":"Revista n\u00ba 21 con art\u00edculos de actualidad que tratan sobre la construcci\u00f3n de estructuras y que publica la Asociaci\u00f3n de Consultores de Estructuras (ACE).","robots":{"index":"index","follow":"follow","max-snippet":"max-snippet:-1","max-image-preview":"max-image-preview:large","max-video-preview":"max-video-preview:-1"},"canonical":"https:\/\/aceweb.cat\/es\/producto\/quaderns-destructures-21\/","og_locale":"es_ES","og_type":"article","og_title":"Quaderns d'Estructures 21 | ACE","og_description":"Revista n\u00ba 21 con art\u00edculos de actualidad que tratan sobre la construcci\u00f3n de estructuras y que publica la Asociaci\u00f3n de Consultores de Estructuras (ACE).","og_url":"https:\/\/aceweb.cat\/es\/producto\/quaderns-destructures-21\/","og_site_name":"aceweb.cat","article_modified_time":"2023-03-22T15:52:56+00:00","og_image":[{"width":724,"height":1024,"url":"https:\/\/aceweb.cat\/wp-content\/uploads\/2023\/02\/ACE-Quaderns-Estructures-021.jpg","type":"image\/jpeg"}],"twitter_card":"summary_large_image","twitter_misc":{"Tiempo de lectura":"4 minutos"},"schema":{"@context":"https:\/\/schema.org","@graph":[{"@type":"WebPage","@id":"https:\/\/aceweb.cat\/es\/producto\/quaderns-destructures-21\/","url":"https:\/\/aceweb.cat\/es\/producto\/quaderns-destructures-21\/","name":"Quaderns d'Estructures 21 | ACE","isPartOf":{"@id":"https:\/\/aceweb.cat\/#website"},"primaryImageOfPage":{"@id":"https:\/\/aceweb.cat\/es\/producto\/quaderns-destructures-21\/#primaryimage"},"image":{"@id":"https:\/\/aceweb.cat\/es\/producto\/quaderns-destructures-21\/#primaryimage"},"thumbnailUrl":"https:\/\/aceweb.cat\/wp-content\/uploads\/2023\/02\/ACE-Quaderns-Estructures-021.jpg","datePublished":"2022-12-06T10:00:56+00:00","dateModified":"2023-03-22T15:52:56+00:00","description":"Revista n\u00ba 21 con art\u00edculos de actualidad que tratan sobre la construcci\u00f3n de estructuras y que publica la Asociaci\u00f3n de Consultores de Estructuras (ACE).","breadcrumb":{"@id":"https:\/\/aceweb.cat\/es\/producto\/quaderns-destructures-21\/#breadcrumb"},"inLanguage":"es","potentialAction":[{"@type":"ReadAction","target":["https:\/\/aceweb.cat\/es\/producto\/quaderns-destructures-21\/"]}]},{"@type":"ImageObject","inLanguage":"es","@id":"https:\/\/aceweb.cat\/es\/producto\/quaderns-destructures-21\/#primaryimage","url":"https:\/\/aceweb.cat\/wp-content\/uploads\/2023\/02\/ACE-Quaderns-Estructures-021.jpg","contentUrl":"https:\/\/aceweb.cat\/wp-content\/uploads\/2023\/02\/ACE-Quaderns-Estructures-021.jpg","width":724,"height":1024},{"@type":"BreadcrumbList","@id":"https:\/\/aceweb.cat\/es\/producto\/quaderns-destructures-21\/#breadcrumb","itemListElement":[{"@type":"ListItem","position":1,"name":"Inici","item":"https:\/\/aceweb.cat\/"},{"@type":"ListItem","position":2,"name":"Tienda","item":"https:\/\/aceweb.cat\/es\/tienda\/"},{"@type":"ListItem","position":3,"name":"Quadern d\u2019Estructures","item":"https:\/\/aceweb.cat\/es\/categoria-producto\/cuaderno-de-estructuras\/"},{"@type":"ListItem","position":4,"name":"Quaderns d&#8217;Estructures 21"}]},{"@type":"WebSite","@id":"https:\/\/aceweb.cat\/#website","url":"https:\/\/aceweb.cat\/","name":"ACE","description":"Associaci\u00f3 de Consultors d&#039;Estructures | ACE","publisher":{"@id":"https:\/\/aceweb.cat\/#organization"},"alternateName":"ACE","potentialAction":[{"@type":"SearchAction","target":{"@type":"EntryPoint","urlTemplate":"https:\/\/aceweb.cat\/?s={search_term_string}"},"query-input":{"@type":"PropertyValueSpecification","valueRequired":true,"valueName":"search_term_string"}}],"inLanguage":"es"},{"@type":"Organization","@id":"https:\/\/aceweb.cat\/#organization","name":"ACE","alternateName":"ACE","url":"https:\/\/aceweb.cat\/","logo":{"@type":"ImageObject","inLanguage":"es","@id":"https:\/\/aceweb.cat\/#\/schema\/logo\/image\/","url":"https:\/\/aceweb.cat\/wp-content\/uploads\/2022\/10\/logo.svg","contentUrl":"https:\/\/aceweb.cat\/wp-content\/uploads\/2022\/10\/logo.svg","width":1,"height":1,"caption":"ACE"},"image":{"@id":"https:\/\/aceweb.cat\/#\/schema\/logo\/image\/"}}]}},"_links":{"self":[{"href":"https:\/\/aceweb.cat\/es\/wp-json\/wp\/v2\/product\/39725","targetHints":{"allow":["GET"]}}],"collection":[{"href":"https:\/\/aceweb.cat\/es\/wp-json\/wp\/v2\/product"}],"about":[{"href":"https:\/\/aceweb.cat\/es\/wp-json\/wp\/v2\/types\/product"}],"version-history":[{"count":1,"href":"https:\/\/aceweb.cat\/es\/wp-json\/wp\/v2\/product\/39725\/revisions"}],"predecessor-version":[{"id":41003,"href":"https:\/\/aceweb.cat\/es\/wp-json\/wp\/v2\/product\/39725\/revisions\/41003"}],"wp:featuredmedia":[{"embeddable":true,"href":"https:\/\/aceweb.cat\/es\/wp-json\/wp\/v2\/media\/38105"}],"wp:attachment":[{"href":"https:\/\/aceweb.cat\/es\/wp-json\/wp\/v2\/media?parent=39725"}],"wp:term":[{"taxonomy":"product_brand","embeddable":true,"href":"https:\/\/aceweb.cat\/es\/wp-json\/wp\/v2\/product_brand?post=39725"},{"taxonomy":"product_cat","embeddable":true,"href":"https:\/\/aceweb.cat\/es\/wp-json\/wp\/v2\/product_cat?post=39725"},{"taxonomy":"product_tag","embeddable":true,"href":"https:\/\/aceweb.cat\/es\/wp-json\/wp\/v2\/product_tag?post=39725"}],"curies":[{"name":"wp","href":"https:\/\/api.w.org\/{rel}","templated":true}]}}