{"id":39728,"date":"2022-12-07T10:00:24","date_gmt":"2022-12-07T10:00:24","guid":{"rendered":"https:\/\/www.aceweb.advertis.es\/producto\/quaderns-destructures-22\/"},"modified":"2023-03-22T15:53:09","modified_gmt":"2023-03-22T15:53:09","slug":"quaderns-destructures-22","status":"publish","type":"product","link":"https:\/\/aceweb.cat\/es\/producto\/quaderns-destructures-22\/","title":{"rendered":"Quaderns d&#8217;Estructures 22"},"content":{"rendered":"<p>Este n\u00famero incluye:<\/p>\n<h2><strong>1. <\/strong><strong>Editorial.<\/strong><\/h2>\n<p>Art\u00edculo redactado por\u00a0<strong>JUNTA DIRECTIVA DEL ACE<\/strong>. Descarga la revista para conocer las reflexiones de nuestra Asociaci\u00f3n, de cerrar filas, de caminar y de aprender juntos.<\/p>\n<p><em>\u201cHace veinte a\u00f1os que unos enamorados de las estructuras empezaron nuestra Asociaci\u00f3n. Con el tiempo se iban a\u00f1adiendo otros apasionados de este sector. Un consultor trabajaba solo o con un equipo reducido. Pero la demanda ha crecido y el mundo de la consultor\u00eda de las estructuras ha evolucionado. Se ha profesionalizado. Han aparecido nuevas normativas, nuevas tecnolog\u00edas, nuevas empresas del sector. Se nos han unido personajes de nivel, autoridades en la materia, nuevos despachos y compa\u00f1\u00edas comerciales de prestigio.<\/em><\/p>\n<p><em>Pero la esencia es la misma: la necesidad de agruparse, de cerrar filas, de andar y de aprender juntos. Si desea venir con nosotros s\u00f3lo hay un arrecife, nuestra bandera: la calidad.<\/em><\/p>\n<p><em>Hemos intentado reunir lo mejor de los consultores. Hay mucho conocimiento en los hombros de esta gran Asociaci\u00f3n y, de ah\u00ed, se genera un compromiso: quien tiene el conocimiento tiene la obligaci\u00f3n de compartirlo.<\/em><em>\u201c<\/em>< \/p><\/p>\n<h2><strong>2. Comportamiento en rasante de secciones compuestas<\/strong><\/h2>\n<p>Art\u00edculo redactado por\u00a0<strong>ENRIQUE GONZ\u00c1LEZ VALLE<\/strong>. Descarga la revista para saber el comportamiento de las secciones compuestas.<\/p>\n<p><em>\u201cEl c\u00e1lculo de la tensi\u00f3n rasante debe ser realizado ante cargas totales, ya que debe ser congruente con la comprobaci\u00f3n del estado l\u00edmite \u00faltimo a flexi\u00f3n de la pieza compuesta, y todo ello con independencia del proceso constructivo al que se haya ajustado el cimbrado provisional de la prenda prefabricada. En piezas en las que la retracci\u00f3n diferencial entre hormigones sea importante, es necesario evaluar las tensiones rasantes inducidas por ella. Especial atenci\u00f3n merecen los extremos libres de las prendas sin armadura de cosido o con baja cuant\u00eda. Los mecanismos resistentes que se movilizan en la contribuci\u00f3n a rasante son: la resistencia por adhesi\u00f3n, la resistencia de las llaves de cortante y la resistencia por shear friction.<\/em><\/p>\n<p><em>Estas contribuciones no son aditivas por lo que las formulaciones correspondientes a los diferentes estados tensionales en la uni\u00f3n son diferentes.\u201d<\/em><\/p>\n<h2><strong>3. Apeo de un pilar de acero de 10 metros de altura y carga prevista de 1.400.000 Kp en la nueva sede de Euskal Telebista en Bilbao<\/strong><\/h2>\n<p>Art\u00edculo redactado por\u00a0<strong>CARLES ROMEA<\/strong>. Descarga la revista para conocer la adecuaci\u00f3n del edificio de la Feria de Bilbao, ofrecido a Euskal Telebista y la Hacienda del Pa\u00eds Vasco.<\/p>\n<p><em>\u201cCon motivo de la puesta en funcionamiento de la nueva sede de la Feria de Bilbao, dentro del plan de renovaci\u00f3n de la capital de Vizcaya, el antiguo edificio, qued\u00f3 a disposici\u00f3n de la ciudad. El Ayuntamiento ofreci\u00f3 sus instalaciones en ETB,\u00a0<a href=\"https:\/\/es.wikipedia.org\/wiki\/Euskal_Telebista\" target=\"_blank\" rel=\"noopener noreferrer\">Euskal Telebista<\/a> , televisi\u00f3n auton\u00f3mica del pa\u00eds Vasco. De las cinco plantas de que dispone el edificio, la planta baja y la primera planta estaban ocupadas por la Fira, mientras que las tres superiores est\u00e1n ocupadas por los servicios de hacienda del pa\u00eds Vasco.<\/em><\/p>\n<p><em>El objeto del proyecto es adecuar el edificio existente al nuevo programa de explotaci\u00f3n por parte de ETB.\u201d<\/em><\/p>\n<h2><strong>4. Condiciones t\u00e9cnicas de los informes del seguro decenal para el proyecto de cimientos en edificios<\/strong><\/h2>\n<p>Art\u00edculo redactado por\u00a0<strong>JOSEP PUGIBET<\/strong>.<\/p>\n<p><em>\u201cCon el \u00e1nimo de divulgar las condiciones t\u00e9cnicas que los informes del seguro decenal imponen para las cimentaciones de los edificios, intentamos presentar en este art\u00edculo un resumen de la informaci\u00f3n solicitada en estos informes, as\u00ed como comentarios gu\u00eda de los aseguradores para dar las respuestas a las cuestiones planteadas.<\/em><\/p>\n<p><em>Es necesario aclarar que son comentarios generales y, por tanto, cada proyecto o circunstancia particular puede dar origen a soluciones y\/o interpretaciones diferentes a las que se indican en este art\u00edculo.<\/em><\/p>\n<p><em>De las cuestiones que se comentan, se deducen tambi\u00e9n las informaciones m\u00ednimas de los contenidos de los geot\u00e9cnicos, ya que \u00e9stos quedan ligados con: el tipo de terreno de la zona, con las soluciones de cimentaci\u00f3n proyectadas y con las cuestiones que se plantean en estos informes.\u201d<\/em><\/p>\n<h2><strong>5. Forjados con postesado bidireccional en aparcamientos<\/strong><\/h2>\n<p>Art\u00edculo redactado por\u00a0<strong>JUAN LIMA<\/strong>\u00a0y\u00a0<strong>PEDRO OS\u00d3<\/strong>. Descarga la revista para conocer la evoluci\u00f3n en el dise\u00f1o de las formas de los puentes.<\/P><\/p>\n<p><em>\u201cUna de las consecuencias del desarrollo del hormig\u00f3n pretensado ha sido la notable evoluci\u00f3n en el dise\u00f1o de las formas de los puentes, en las que se han aplicado nuevas t\u00e9cnicas constructivas que han aumentado las posibilidades para salvar aberturas de grandes luces , acortando los plazos de ejecuci\u00f3n y proporcionando una serie de ventajas relativas a la durabilidad, la seguridad y la econom\u00eda.<\/em><\/p>\n<p><em>En el proyecto de puentes de grandes luces, la forma de la estructura adquiere importancia, hasta tal punto, que cuando se trata de disponer aberturas de grandes luces, el puente queda identificado con la propia estructura, exenta pr\u00e1cticamente de elementos accesorios.<\/em><\/p>\n<p><em>En la edificaci\u00f3n generalmente el uso del hormig\u00f3n pretensado, no ha influido en el aspecto exterior de los edificios, ya que la estructura resistente queda integrada en un conjunto de elementos de naturaleza diferente, pero si ha influido en la disposici\u00f3n interna.\u201d<\/em><\/p>\n<h2><strong>6. <\/strong><strong>Miscel\u00e1nea<\/strong><\/h2>\n<h2><strong>7. Lista de miembros de la Asociaci\u00f3n<\/strong><\/h2>\n<p>Conoce a los\u00a0miembros\u00a0de la Asociaci\u00f3n Consultores de Estructuras. Podr\u00e1s ver a los nuevos integrantes que participan por el reconocimiento de la profesi\u00f3n dentro del mundo de la construcci\u00f3n.<\/p>\n","protected":false},"excerpt":{"rendered":"<ul>\n<li>1. Editorial.<\/li>\n<li>2. Comportamiento en rasante de secciones compuestas<\/li>\n<li>3. Apeo de un pilar de acero de 10 metros de altura y carga prevista de 1.400.000 Kp en la nueva sede de Euskal Telebista en Bilbao<\/li>\n<li>4. Condiciones t\u00e9cnicas de los informes del seguro decenal para el proyecto de cimientos en edificios<\/li>\n<li>5. Forjados con postesado bidireccional en aparcamientos<\/li>\n<li>6. Miscel\u00e1nea<\/li>\n<li>7. Lista de miembros de la Asociaci\u00f3n<\/li>\n<\/ul>\n","protected":false},"featured_media":38095,"template":"","meta":{"_acf_changed":false,"site-sidebar-layout":"default","site-content-layout":"default","ast-global-header-display":"","ast-main-header-display":"","ast-hfb-above-header-display":"","ast-hfb-below-header-display":"","ast-hfb-mobile-header-display":"","site-post-title":"","ast-breadcrumbs-content":"","ast-featured-img":"","footer-sml-layout":"","theme-transparent-header-meta":"default","adv-header-id-meta":"","stick-header-meta":"","header-above-stick-meta":"","header-main-stick-meta":"","header-below-stick-meta":""},"product_brand":[],"product_cat":[595],"product_tag":[],"class_list":{"0":"post-39728","1":"product","2":"type-product","3":"status-publish","4":"has-post-thumbnail","6":"product_cat-cuaderno-de-estructuras","7":"desktop-align-left","8":"tablet-align-left","9":"mobile-align-left","11":"first","12":"instock","13":"taxable","14":"shipping-taxable","15":"purchasable","16":"product-type-variable","17":"has-default-attributes"},"acf":[],"yoast_head":"<!-- This site is optimized with the Yoast SEO plugin v27.1.1 - https:\/\/yoast.com\/product\/yoast-seo-wordpress\/ -->\n<title>Quaderns d&#039;Estructures 22 | ACE<\/title>\n<meta name=\"description\" content=\"Revista n\u00ba 22 con art\u00edculos de actualidad que tratan sobre la construcci\u00f3n de estructuras y que publica la Asociaci\u00f3n de Consultores de Estructuras (ACE).\" \/>\n<meta name=\"robots\" content=\"index, follow, max-snippet:-1, max-image-preview:large, max-video-preview:-1\" \/>\n<link rel=\"canonical\" href=\"https:\/\/aceweb.cat\/es\/producto\/quaderns-destructures-22\/\" \/>\n<meta property=\"og:locale\" content=\"es_ES\" \/>\n<meta property=\"og:type\" content=\"article\" \/>\n<meta property=\"og:title\" content=\"Quaderns d&#039;Estructures 22 | ACE\" \/>\n<meta property=\"og:description\" content=\"Revista n\u00ba 22 con art\u00edculos de actualidad que tratan sobre la construcci\u00f3n de estructuras y que publica la Asociaci\u00f3n de Consultores de Estructuras (ACE).\" \/>\n<meta property=\"og:url\" content=\"https:\/\/aceweb.cat\/es\/producto\/quaderns-destructures-22\/\" \/>\n<meta property=\"og:site_name\" content=\"aceweb.cat\" \/>\n<meta property=\"article:modified_time\" content=\"2023-03-22T15:53:09+00:00\" \/>\n<meta property=\"og:image\" content=\"https:\/\/aceweb.cat\/wp-content\/uploads\/2023\/02\/ACE-Quaderns-Estructures-022.jpg\" \/>\n\t<meta property=\"og:image:width\" content=\"723\" \/>\n\t<meta property=\"og:image:height\" content=\"1024\" \/>\n\t<meta property=\"og:image:type\" content=\"image\/jpeg\" \/>\n<meta name=\"twitter:card\" content=\"summary_large_image\" \/>\n<meta name=\"twitter:label1\" content=\"Tiempo de lectura\" \/>\n\t<meta name=\"twitter:data1\" content=\"5 minutos\" \/>\n<script type=\"application\/ld+json\" class=\"yoast-schema-graph\">{\"@context\":\"https:\/\/schema.org\",\"@graph\":[{\"@type\":\"WebPage\",\"@id\":\"https:\/\/aceweb.cat\/es\/producto\/quaderns-destructures-22\/\",\"url\":\"https:\/\/aceweb.cat\/es\/producto\/quaderns-destructures-22\/\",\"name\":\"Quaderns d'Estructures 22 | ACE\",\"isPartOf\":{\"@id\":\"https:\/\/aceweb.cat\/#website\"},\"primaryImageOfPage\":{\"@id\":\"https:\/\/aceweb.cat\/es\/producto\/quaderns-destructures-22\/#primaryimage\"},\"image\":{\"@id\":\"https:\/\/aceweb.cat\/es\/producto\/quaderns-destructures-22\/#primaryimage\"},\"thumbnailUrl\":\"https:\/\/aceweb.cat\/wp-content\/uploads\/2023\/02\/ACE-Quaderns-Estructures-022.jpg\",\"datePublished\":\"2022-12-07T10:00:24+00:00\",\"dateModified\":\"2023-03-22T15:53:09+00:00\",\"description\":\"Revista n\u00ba 22 con art\u00edculos de actualidad que tratan sobre la construcci\u00f3n de estructuras y que publica la Asociaci\u00f3n de Consultores de Estructuras (ACE).\",\"breadcrumb\":{\"@id\":\"https:\/\/aceweb.cat\/es\/producto\/quaderns-destructures-22\/#breadcrumb\"},\"inLanguage\":\"es\",\"potentialAction\":[{\"@type\":\"ReadAction\",\"target\":[\"https:\/\/aceweb.cat\/es\/producto\/quaderns-destructures-22\/\"]}]},{\"@type\":\"ImageObject\",\"inLanguage\":\"es\",\"@id\":\"https:\/\/aceweb.cat\/es\/producto\/quaderns-destructures-22\/#primaryimage\",\"url\":\"https:\/\/aceweb.cat\/wp-content\/uploads\/2023\/02\/ACE-Quaderns-Estructures-022.jpg\",\"contentUrl\":\"https:\/\/aceweb.cat\/wp-content\/uploads\/2023\/02\/ACE-Quaderns-Estructures-022.jpg\",\"width\":723,\"height\":1024},{\"@type\":\"BreadcrumbList\",\"@id\":\"https:\/\/aceweb.cat\/es\/producto\/quaderns-destructures-22\/#breadcrumb\",\"itemListElement\":[{\"@type\":\"ListItem\",\"position\":1,\"name\":\"Inici\",\"item\":\"https:\/\/aceweb.cat\/\"},{\"@type\":\"ListItem\",\"position\":2,\"name\":\"Tienda\",\"item\":\"https:\/\/aceweb.cat\/es\/tienda\/\"},{\"@type\":\"ListItem\",\"position\":3,\"name\":\"Quadern d\u2019Estructures\",\"item\":\"https:\/\/aceweb.cat\/es\/categoria-producto\/cuaderno-de-estructuras\/\"},{\"@type\":\"ListItem\",\"position\":4,\"name\":\"Quaderns d&#8217;Estructures 22\"}]},{\"@type\":\"WebSite\",\"@id\":\"https:\/\/aceweb.cat\/#website\",\"url\":\"https:\/\/aceweb.cat\/\",\"name\":\"ACE\",\"description\":\"Associaci\u00f3 de Consultors d&#039;Estructures | ACE\",\"publisher\":{\"@id\":\"https:\/\/aceweb.cat\/#organization\"},\"alternateName\":\"ACE\",\"potentialAction\":[{\"@type\":\"SearchAction\",\"target\":{\"@type\":\"EntryPoint\",\"urlTemplate\":\"https:\/\/aceweb.cat\/?s={search_term_string}\"},\"query-input\":{\"@type\":\"PropertyValueSpecification\",\"valueRequired\":true,\"valueName\":\"search_term_string\"}}],\"inLanguage\":\"es\"},{\"@type\":\"Organization\",\"@id\":\"https:\/\/aceweb.cat\/#organization\",\"name\":\"ACE\",\"alternateName\":\"ACE\",\"url\":\"https:\/\/aceweb.cat\/\",\"logo\":{\"@type\":\"ImageObject\",\"inLanguage\":\"es\",\"@id\":\"https:\/\/aceweb.cat\/#\/schema\/logo\/image\/\",\"url\":\"https:\/\/aceweb.cat\/wp-content\/uploads\/2022\/10\/logo.svg\",\"contentUrl\":\"https:\/\/aceweb.cat\/wp-content\/uploads\/2022\/10\/logo.svg\",\"width\":1,\"height\":1,\"caption\":\"ACE\"},\"image\":{\"@id\":\"https:\/\/aceweb.cat\/#\/schema\/logo\/image\/\"}}]}<\/script>\n<!-- \/ Yoast SEO plugin. -->","yoast_head_json":{"title":"Quaderns d'Estructures 22 | ACE","description":"Revista n\u00ba 22 con art\u00edculos de actualidad que tratan sobre la construcci\u00f3n de estructuras y que publica la Asociaci\u00f3n de Consultores de Estructuras (ACE).","robots":{"index":"index","follow":"follow","max-snippet":"max-snippet:-1","max-image-preview":"max-image-preview:large","max-video-preview":"max-video-preview:-1"},"canonical":"https:\/\/aceweb.cat\/es\/producto\/quaderns-destructures-22\/","og_locale":"es_ES","og_type":"article","og_title":"Quaderns d'Estructures 22 | ACE","og_description":"Revista n\u00ba 22 con art\u00edculos de actualidad que tratan sobre la construcci\u00f3n de estructuras y que publica la Asociaci\u00f3n de Consultores de Estructuras (ACE).","og_url":"https:\/\/aceweb.cat\/es\/producto\/quaderns-destructures-22\/","og_site_name":"aceweb.cat","article_modified_time":"2023-03-22T15:53:09+00:00","og_image":[{"width":723,"height":1024,"url":"https:\/\/aceweb.cat\/wp-content\/uploads\/2023\/02\/ACE-Quaderns-Estructures-022.jpg","type":"image\/jpeg"}],"twitter_card":"summary_large_image","twitter_misc":{"Tiempo de lectura":"5 minutos"},"schema":{"@context":"https:\/\/schema.org","@graph":[{"@type":"WebPage","@id":"https:\/\/aceweb.cat\/es\/producto\/quaderns-destructures-22\/","url":"https:\/\/aceweb.cat\/es\/producto\/quaderns-destructures-22\/","name":"Quaderns d'Estructures 22 | ACE","isPartOf":{"@id":"https:\/\/aceweb.cat\/#website"},"primaryImageOfPage":{"@id":"https:\/\/aceweb.cat\/es\/producto\/quaderns-destructures-22\/#primaryimage"},"image":{"@id":"https:\/\/aceweb.cat\/es\/producto\/quaderns-destructures-22\/#primaryimage"},"thumbnailUrl":"https:\/\/aceweb.cat\/wp-content\/uploads\/2023\/02\/ACE-Quaderns-Estructures-022.jpg","datePublished":"2022-12-07T10:00:24+00:00","dateModified":"2023-03-22T15:53:09+00:00","description":"Revista n\u00ba 22 con art\u00edculos de actualidad que tratan sobre la construcci\u00f3n de estructuras y que publica la Asociaci\u00f3n de Consultores de Estructuras (ACE).","breadcrumb":{"@id":"https:\/\/aceweb.cat\/es\/producto\/quaderns-destructures-22\/#breadcrumb"},"inLanguage":"es","potentialAction":[{"@type":"ReadAction","target":["https:\/\/aceweb.cat\/es\/producto\/quaderns-destructures-22\/"]}]},{"@type":"ImageObject","inLanguage":"es","@id":"https:\/\/aceweb.cat\/es\/producto\/quaderns-destructures-22\/#primaryimage","url":"https:\/\/aceweb.cat\/wp-content\/uploads\/2023\/02\/ACE-Quaderns-Estructures-022.jpg","contentUrl":"https:\/\/aceweb.cat\/wp-content\/uploads\/2023\/02\/ACE-Quaderns-Estructures-022.jpg","width":723,"height":1024},{"@type":"BreadcrumbList","@id":"https:\/\/aceweb.cat\/es\/producto\/quaderns-destructures-22\/#breadcrumb","itemListElement":[{"@type":"ListItem","position":1,"name":"Inici","item":"https:\/\/aceweb.cat\/"},{"@type":"ListItem","position":2,"name":"Tienda","item":"https:\/\/aceweb.cat\/es\/tienda\/"},{"@type":"ListItem","position":3,"name":"Quadern d\u2019Estructures","item":"https:\/\/aceweb.cat\/es\/categoria-producto\/cuaderno-de-estructuras\/"},{"@type":"ListItem","position":4,"name":"Quaderns d&#8217;Estructures 22"}]},{"@type":"WebSite","@id":"https:\/\/aceweb.cat\/#website","url":"https:\/\/aceweb.cat\/","name":"ACE","description":"Associaci\u00f3 de Consultors d&#039;Estructures | ACE","publisher":{"@id":"https:\/\/aceweb.cat\/#organization"},"alternateName":"ACE","potentialAction":[{"@type":"SearchAction","target":{"@type":"EntryPoint","urlTemplate":"https:\/\/aceweb.cat\/?s={search_term_string}"},"query-input":{"@type":"PropertyValueSpecification","valueRequired":true,"valueName":"search_term_string"}}],"inLanguage":"es"},{"@type":"Organization","@id":"https:\/\/aceweb.cat\/#organization","name":"ACE","alternateName":"ACE","url":"https:\/\/aceweb.cat\/","logo":{"@type":"ImageObject","inLanguage":"es","@id":"https:\/\/aceweb.cat\/#\/schema\/logo\/image\/","url":"https:\/\/aceweb.cat\/wp-content\/uploads\/2022\/10\/logo.svg","contentUrl":"https:\/\/aceweb.cat\/wp-content\/uploads\/2022\/10\/logo.svg","width":1,"height":1,"caption":"ACE"},"image":{"@id":"https:\/\/aceweb.cat\/#\/schema\/logo\/image\/"}}]}},"_links":{"self":[{"href":"https:\/\/aceweb.cat\/es\/wp-json\/wp\/v2\/product\/39728","targetHints":{"allow":["GET"]}}],"collection":[{"href":"https:\/\/aceweb.cat\/es\/wp-json\/wp\/v2\/product"}],"about":[{"href":"https:\/\/aceweb.cat\/es\/wp-json\/wp\/v2\/types\/product"}],"version-history":[{"count":1,"href":"https:\/\/aceweb.cat\/es\/wp-json\/wp\/v2\/product\/39728\/revisions"}],"predecessor-version":[{"id":41004,"href":"https:\/\/aceweb.cat\/es\/wp-json\/wp\/v2\/product\/39728\/revisions\/41004"}],"wp:featuredmedia":[{"embeddable":true,"href":"https:\/\/aceweb.cat\/es\/wp-json\/wp\/v2\/media\/38095"}],"wp:attachment":[{"href":"https:\/\/aceweb.cat\/es\/wp-json\/wp\/v2\/media?parent=39728"}],"wp:term":[{"taxonomy":"product_brand","embeddable":true,"href":"https:\/\/aceweb.cat\/es\/wp-json\/wp\/v2\/product_brand?post=39728"},{"taxonomy":"product_cat","embeddable":true,"href":"https:\/\/aceweb.cat\/es\/wp-json\/wp\/v2\/product_cat?post=39728"},{"taxonomy":"product_tag","embeddable":true,"href":"https:\/\/aceweb.cat\/es\/wp-json\/wp\/v2\/product_tag?post=39728"}],"curies":[{"name":"wp","href":"https:\/\/api.w.org\/{rel}","templated":true}]}}