{"id":39731,"date":"2022-12-08T10:00:31","date_gmt":"2022-12-08T10:00:31","guid":{"rendered":"https:\/\/www.aceweb.advertis.es\/producto\/quaderns-destructures-23\/"},"modified":"2023-03-22T15:53:22","modified_gmt":"2023-03-22T15:53:22","slug":"quaderns-destructures-23","status":"publish","type":"product","link":"https:\/\/aceweb.cat\/es\/producto\/quaderns-destructures-23\/","title":{"rendered":"Quaderns d&#8217;Estructures 23"},"content":{"rendered":"<p>Este n\u00famero incluye:<\/p>\n<h2><strong>1. <\/strong><strong>Editorial. Un antes y un despu\u00e9s<\/strong><\/h2>\n<p>Art\u00edculo redactado por\u00a0<strong>EMMA LEACH COSP<\/strong>. Descarga la revista para conocer las reflexiones despu\u00e9s del Primer Congreso de Consultores de Estructuras.<\/p>\n<p><em>\u201cEl Primer Congreso de Consultores de Estructuras ha marcado un hito en la trayectoria de la ACE. A partir de este evento se identificar\u00e1 un antes y un despu\u00e9s.<\/em><\/p>\n<p><em>El antes, conocido por todos nosotros, se remonta al origen de la Asociaci\u00f3n, impulsada hace veinte a\u00f1os por un grupo de profesionales, una generaci\u00f3n concreta, que movida entonces por una multitud de inquietudes comunes ha logrado toda una serie de objetivos.<\/em><\/p>\n<p><em>Estos objetivos van desde aquellos que fueron generatrices de la propia Asociaci\u00f3n, como el reconocimiento de una profesi\u00f3n, aunque ejercida desde diversos \u00e1mbitos t\u00e9cnicos: la transversalidad; la desaparici\u00f3n de la palabra calculista a favor de la de consultor de estructuras: la dignificaci\u00f3n de una profesi\u00f3n; unos baremos tarifarios de referencia antes inexistentes\u2026<\/em><em>\u201c<\/em><\/p>\n<h2><strong>2. Primer congreso de Consultores de Estructuras: cr\u00f3nica de un evento<\/strong><\/h2>\n<p>Art\u00edculo redactado por\u00a0<strong>LAURA VALVERDE<\/strong>\u00a0y\u00a0<strong>JOSEP BAQUER<\/strong>. Descarga la revista para leer una cr\u00f3nica de este Primer Congreso de Consultores de Estructuras.<\/p>\n<p><em>\u201cEn la d\u00e9cada de los 80, un reducido grupo de pioneros se encerraba un par de d\u00edas en una mas\u00eda para dar forma y estatutos a una idea: constituir la Asociaci\u00f3n de Consultores de Estructuras. Sin saberlo, fue el origen del Congreso que se celebr\u00f3 en Barcelona los d\u00edas 9 y 10 de febrero.<\/em><\/p>\n<p><em>Durante los a\u00f1os que han pasado entre ambos eventos, se ha ido consolidando y haciendo realidad la idea de agrupar profesionales del proyecto, del c\u00e1lculo y de la asesor\u00eda de estructuras. T\u00e9cnicos de diferentes titulaciones junto a entidades de primera l\u00ednea relacionadas con el sector, intercambian consultas, experiencias y debates comunes, en un agradable clima activado con la organizaci\u00f3n de jornadas, cursos, seminarios, conferencias, visitas a obras singulares, a empresas del sector y la publicaci\u00f3n de la revista Quaderns d&#8217;Estructures.<\/em><em>\u201c<\/em><\/p>\n<h2><strong>3. Construir cuatro s\u00f3tanos bajo el nivel fre\u00e1tico<\/strong><\/h2>\n<p>Art\u00edculo redactado por\u00a0<strong>FERRAN ANGUITA de CARALT<\/strong>. Descarga la revista para conocer las soluciones constructivas ingeniosas propuestas por nuestros compa\u00f1eros m\u00e1s brillantes.<\/p>\n<p><em>\u201cUna de las virtudes de nuestra Asociaci\u00f3n es el intercambio fluido de conocimientos entre los asociados, lo que por tratarse de profesionales con diferentes titulaciones y formas de trabajar, aporta experiencias valiosas.<\/em> <\/p>\n<p><em>A veces se trata de soluciones ingeniosas propuestas por nuestros compa\u00f1eros m\u00e1s brillantes. Otros son investigaciones que desarrollan aspectos te\u00f3ricos que dominan especialmente los que est\u00e1n en el mundo de la docencia.<\/em><\/p>\n<p><em>En este caso se trata de la modesta aportaci\u00f3n de una experiencia concreta: el proyecto y construcci\u00f3n de cuatro s\u00f3tanos, con excavaci\u00f3n hasta la cota -13,45 m con nivel fre\u00e1tico a partir de la cota -5 ,00 m.<\/em><em>\u201c<\/em><\/p>\n<h2><strong>4. Unas reflexiones sobre el c\u00e1lculo de cimentaciones por el m\u00e9todo a flote<\/strong><\/h2>\n<p>Art\u00edculo redactado por\u00a0<strong>RAFAEL CASALS BOHIGAS<\/strong>\u00a0y\u00a0<strong>SANTIAGO CARDENAL<\/strong>.<\/p>\n<p><em>\u201cHace pocos a\u00f1os tuve que intervenir en la soluci\u00f3n de un problema, en mi opini\u00f3n muy grave, que presentaba una losa flotante de hormig\u00f3n armado, con errores importantes debidos a la omisi\u00f3n de una parte de la armadura en el proceso de ejecuci\u00f3n de la misma. Amo que logr\u00e9 resolver el problema en cuesti\u00f3n, si bien teniendo que profundizar en los textos fiables de la Teor\u00eda y creo que, habiendo mejorado mi conocimiento global sobre la misma.<\/em><\/p>\n<p><em>Seguidamente se desarrollar\u00e1n unos hechos que detallo a continuaci\u00f3n: una charla en <a href=\"https:\/\/es.wikipedia.org\/wiki\/Associaci%C3%B3_i_Col%C2%B7legi_d%27Enginyers_Industrials_de_Catalunya\" target=\"_blank\" rel=\"noopener noreferrer\">Escuela de Ingenieros Industriales<\/a>, invitado por el profesor Josep Maria Fornons, con mucho cuidado por s\u00f3lo hablar del pecado de su soluci\u00f3n, pero sin mencionar al pecador.< \/em><em>\u201c<\/em><\/p>\n<h2><strong>5. Columnas de mortero con desplazamiento<\/strong><\/h2>\n<p>Art\u00edculo redactado por\u00a0<strong>JUAN JOS\u00c9 ROSAS ALAGUERO<\/strong>. Descarga la revista para conocer la tecnolog\u00eda de las columnas de desplazamiento dentro de las t\u00e9cnicas de mejora del terreno.<\/p>\n<p><em>\u201cLa tecnolog\u00eda de las columnas de desplazamiento se engloba dentro de las t\u00e9cnicas de mejora del terreno, teniendo todas ellas como fin \u00faltimo, modificar el funcionamiento tensodeformacional de un material geot\u00e9cnico preexistente, por lo que el comportamiento sea compatible con los requerimientos de la estructura a soportar.<\/em><\/p>\n<p><em>Las columnas de mortero ejecutadas ejerciendo desplazamiento consiguen este cambio a las caracter\u00edsticas del material preexistente mediante un doble mecanismo; por un lado, el propio sistema de generaci\u00f3n de la columna implica el desplazamiento del material situado donde se realiza esta columna; este material se desplaza radialmente con la consiguiente compactaci\u00f3n del material perimetral en la columna; por otra parte, la inserci\u00f3n de un elemento estructural de caracter\u00edsticas tensodeformacionales radicalmente distintas del material preexistente, hace que el conjunto terreno-columna tenga un comportamiento diferente del material sin la presencia de estas inclusiones.<\/em><em>\u201c <\/em><\/p>\n<h2><strong>6. Miscel\u00e1nea<\/strong><\/h2>\n<h2><strong>7. Lista de miembros de la Asociaci\u00f3n<\/strong><\/h2>\n<p>Conoce a los\u00a0miembros\u00a0de la Asociaci\u00f3n Consultores de Estructuras. Podr\u00e1s ver a los nuevos integrantes que participan por el reconocimiento de la profesi\u00f3n dentro del mundo de la construcci\u00f3n.<\/p>\n","protected":false},"excerpt":{"rendered":"<ul>\n<li>1. Editorial. Un antes y un despu\u00e9s<\/li>\n<li>2. Primer congreso de Consultores de Estructuras: cr\u00f3nica de un evento<\/li>\n<li>3. Construir cuatro s\u00f3tanos bajo el nivel fre\u00e1tico<\/li>\n<li>4. Unas reflexiones sobre el c\u00e1lculo de cimentaciones por el m\u00e9todo a flote<\/li>\n<li>5. Columnas de mortero con desplazamiento<\/li>\n<li>6. Miscel\u00e1nea<\/li>\n<li>7. Lista de miembros de la Asociaci\u00f3n<\/li>\n<\/ul>\n","protected":false},"featured_media":38085,"template":"","meta":{"_acf_changed":false,"site-sidebar-layout":"default","site-content-layout":"default","ast-global-header-display":"","ast-main-header-display":"","ast-hfb-above-header-display":"","ast-hfb-below-header-display":"","ast-hfb-mobile-header-display":"","site-post-title":"","ast-breadcrumbs-content":"","ast-featured-img":"","footer-sml-layout":"","theme-transparent-header-meta":"default","adv-header-id-meta":"","stick-header-meta":"","header-above-stick-meta":"","header-main-stick-meta":"","header-below-stick-meta":""},"product_brand":[],"product_cat":[595],"product_tag":[],"class_list":{"0":"post-39731","1":"product","2":"type-product","3":"status-publish","4":"has-post-thumbnail","6":"product_cat-cuaderno-de-estructuras","7":"desktop-align-left","8":"tablet-align-left","9":"mobile-align-left","11":"first","12":"instock","13":"taxable","14":"shipping-taxable","15":"purchasable","16":"product-type-variable","17":"has-default-attributes"},"acf":[],"yoast_head":"<!-- This site is optimized with the Yoast SEO plugin v27.1.1 - https:\/\/yoast.com\/product\/yoast-seo-wordpress\/ -->\n<title>Quaderns d&#039;Estructures 23 | ACE<\/title>\n<meta name=\"description\" content=\"Revista n\u00ba 23 con art\u00edculos de actualidad que tratan sobre la construcci\u00f3n de estructuras y que publica la Asociaci\u00f3n de Consultores de Estructuras (ACE).\" \/>\n<meta name=\"robots\" content=\"index, follow, max-snippet:-1, max-image-preview:large, max-video-preview:-1\" \/>\n<link rel=\"canonical\" href=\"https:\/\/aceweb.cat\/es\/producto\/quaderns-destructures-23\/\" \/>\n<meta property=\"og:locale\" content=\"es_ES\" \/>\n<meta property=\"og:type\" content=\"article\" \/>\n<meta property=\"og:title\" content=\"Quaderns d&#039;Estructures 23 | ACE\" \/>\n<meta property=\"og:description\" content=\"Revista n\u00ba 23 con art\u00edculos de actualidad que tratan sobre la construcci\u00f3n de estructuras y que publica la Asociaci\u00f3n de Consultores de Estructuras (ACE).\" \/>\n<meta property=\"og:url\" content=\"https:\/\/aceweb.cat\/es\/producto\/quaderns-destructures-23\/\" \/>\n<meta property=\"og:site_name\" content=\"aceweb.cat\" \/>\n<meta property=\"article:modified_time\" content=\"2023-03-22T15:53:22+00:00\" \/>\n<meta property=\"og:image\" content=\"https:\/\/aceweb.cat\/wp-content\/uploads\/2023\/02\/ACE-Quaderns-Estructures-023.jpg\" \/>\n\t<meta property=\"og:image:width\" content=\"724\" \/>\n\t<meta property=\"og:image:height\" content=\"1024\" \/>\n\t<meta property=\"og:image:type\" content=\"image\/jpeg\" \/>\n<meta name=\"twitter:card\" content=\"summary_large_image\" \/>\n<meta name=\"twitter:label1\" content=\"Tiempo de lectura\" \/>\n\t<meta name=\"twitter:data1\" content=\"4 minutos\" \/>\n<script type=\"application\/ld+json\" class=\"yoast-schema-graph\">{\"@context\":\"https:\/\/schema.org\",\"@graph\":[{\"@type\":\"WebPage\",\"@id\":\"https:\/\/aceweb.cat\/es\/producto\/quaderns-destructures-23\/\",\"url\":\"https:\/\/aceweb.cat\/es\/producto\/quaderns-destructures-23\/\",\"name\":\"Quaderns d'Estructures 23 | ACE\",\"isPartOf\":{\"@id\":\"https:\/\/aceweb.cat\/#website\"},\"primaryImageOfPage\":{\"@id\":\"https:\/\/aceweb.cat\/es\/producto\/quaderns-destructures-23\/#primaryimage\"},\"image\":{\"@id\":\"https:\/\/aceweb.cat\/es\/producto\/quaderns-destructures-23\/#primaryimage\"},\"thumbnailUrl\":\"https:\/\/aceweb.cat\/wp-content\/uploads\/2023\/02\/ACE-Quaderns-Estructures-023.jpg\",\"datePublished\":\"2022-12-08T10:00:31+00:00\",\"dateModified\":\"2023-03-22T15:53:22+00:00\",\"description\":\"Revista n\u00ba 23 con art\u00edculos de actualidad que tratan sobre la construcci\u00f3n de estructuras y que publica la Asociaci\u00f3n de Consultores de Estructuras (ACE).\",\"breadcrumb\":{\"@id\":\"https:\/\/aceweb.cat\/es\/producto\/quaderns-destructures-23\/#breadcrumb\"},\"inLanguage\":\"es\",\"potentialAction\":[{\"@type\":\"ReadAction\",\"target\":[\"https:\/\/aceweb.cat\/es\/producto\/quaderns-destructures-23\/\"]}]},{\"@type\":\"ImageObject\",\"inLanguage\":\"es\",\"@id\":\"https:\/\/aceweb.cat\/es\/producto\/quaderns-destructures-23\/#primaryimage\",\"url\":\"https:\/\/aceweb.cat\/wp-content\/uploads\/2023\/02\/ACE-Quaderns-Estructures-023.jpg\",\"contentUrl\":\"https:\/\/aceweb.cat\/wp-content\/uploads\/2023\/02\/ACE-Quaderns-Estructures-023.jpg\",\"width\":724,\"height\":1024},{\"@type\":\"BreadcrumbList\",\"@id\":\"https:\/\/aceweb.cat\/es\/producto\/quaderns-destructures-23\/#breadcrumb\",\"itemListElement\":[{\"@type\":\"ListItem\",\"position\":1,\"name\":\"Inici\",\"item\":\"https:\/\/aceweb.cat\/\"},{\"@type\":\"ListItem\",\"position\":2,\"name\":\"Tienda\",\"item\":\"https:\/\/aceweb.cat\/es\/tienda\/\"},{\"@type\":\"ListItem\",\"position\":3,\"name\":\"Quadern d\u2019Estructures\",\"item\":\"https:\/\/aceweb.cat\/es\/categoria-producto\/cuaderno-de-estructuras\/\"},{\"@type\":\"ListItem\",\"position\":4,\"name\":\"Quaderns d&#8217;Estructures 23\"}]},{\"@type\":\"WebSite\",\"@id\":\"https:\/\/aceweb.cat\/#website\",\"url\":\"https:\/\/aceweb.cat\/\",\"name\":\"ACE\",\"description\":\"Associaci\u00f3 de Consultors d&#039;Estructures | ACE\",\"publisher\":{\"@id\":\"https:\/\/aceweb.cat\/#organization\"},\"alternateName\":\"ACE\",\"potentialAction\":[{\"@type\":\"SearchAction\",\"target\":{\"@type\":\"EntryPoint\",\"urlTemplate\":\"https:\/\/aceweb.cat\/?s={search_term_string}\"},\"query-input\":{\"@type\":\"PropertyValueSpecification\",\"valueRequired\":true,\"valueName\":\"search_term_string\"}}],\"inLanguage\":\"es\"},{\"@type\":\"Organization\",\"@id\":\"https:\/\/aceweb.cat\/#organization\",\"name\":\"ACE\",\"alternateName\":\"ACE\",\"url\":\"https:\/\/aceweb.cat\/\",\"logo\":{\"@type\":\"ImageObject\",\"inLanguage\":\"es\",\"@id\":\"https:\/\/aceweb.cat\/#\/schema\/logo\/image\/\",\"url\":\"https:\/\/aceweb.cat\/wp-content\/uploads\/2022\/10\/logo.svg\",\"contentUrl\":\"https:\/\/aceweb.cat\/wp-content\/uploads\/2022\/10\/logo.svg\",\"width\":1,\"height\":1,\"caption\":\"ACE\"},\"image\":{\"@id\":\"https:\/\/aceweb.cat\/#\/schema\/logo\/image\/\"}}]}<\/script>\n<!-- \/ Yoast SEO plugin. -->","yoast_head_json":{"title":"Quaderns d'Estructures 23 | ACE","description":"Revista n\u00ba 23 con art\u00edculos de actualidad que tratan sobre la construcci\u00f3n de estructuras y que publica la Asociaci\u00f3n de Consultores de Estructuras (ACE).","robots":{"index":"index","follow":"follow","max-snippet":"max-snippet:-1","max-image-preview":"max-image-preview:large","max-video-preview":"max-video-preview:-1"},"canonical":"https:\/\/aceweb.cat\/es\/producto\/quaderns-destructures-23\/","og_locale":"es_ES","og_type":"article","og_title":"Quaderns d'Estructures 23 | ACE","og_description":"Revista n\u00ba 23 con art\u00edculos de actualidad que tratan sobre la construcci\u00f3n de estructuras y que publica la Asociaci\u00f3n de Consultores de Estructuras (ACE).","og_url":"https:\/\/aceweb.cat\/es\/producto\/quaderns-destructures-23\/","og_site_name":"aceweb.cat","article_modified_time":"2023-03-22T15:53:22+00:00","og_image":[{"width":724,"height":1024,"url":"https:\/\/aceweb.cat\/wp-content\/uploads\/2023\/02\/ACE-Quaderns-Estructures-023.jpg","type":"image\/jpeg"}],"twitter_card":"summary_large_image","twitter_misc":{"Tiempo de lectura":"4 minutos"},"schema":{"@context":"https:\/\/schema.org","@graph":[{"@type":"WebPage","@id":"https:\/\/aceweb.cat\/es\/producto\/quaderns-destructures-23\/","url":"https:\/\/aceweb.cat\/es\/producto\/quaderns-destructures-23\/","name":"Quaderns d'Estructures 23 | ACE","isPartOf":{"@id":"https:\/\/aceweb.cat\/#website"},"primaryImageOfPage":{"@id":"https:\/\/aceweb.cat\/es\/producto\/quaderns-destructures-23\/#primaryimage"},"image":{"@id":"https:\/\/aceweb.cat\/es\/producto\/quaderns-destructures-23\/#primaryimage"},"thumbnailUrl":"https:\/\/aceweb.cat\/wp-content\/uploads\/2023\/02\/ACE-Quaderns-Estructures-023.jpg","datePublished":"2022-12-08T10:00:31+00:00","dateModified":"2023-03-22T15:53:22+00:00","description":"Revista n\u00ba 23 con art\u00edculos de actualidad que tratan sobre la construcci\u00f3n de estructuras y que publica la Asociaci\u00f3n de Consultores de Estructuras (ACE).","breadcrumb":{"@id":"https:\/\/aceweb.cat\/es\/producto\/quaderns-destructures-23\/#breadcrumb"},"inLanguage":"es","potentialAction":[{"@type":"ReadAction","target":["https:\/\/aceweb.cat\/es\/producto\/quaderns-destructures-23\/"]}]},{"@type":"ImageObject","inLanguage":"es","@id":"https:\/\/aceweb.cat\/es\/producto\/quaderns-destructures-23\/#primaryimage","url":"https:\/\/aceweb.cat\/wp-content\/uploads\/2023\/02\/ACE-Quaderns-Estructures-023.jpg","contentUrl":"https:\/\/aceweb.cat\/wp-content\/uploads\/2023\/02\/ACE-Quaderns-Estructures-023.jpg","width":724,"height":1024},{"@type":"BreadcrumbList","@id":"https:\/\/aceweb.cat\/es\/producto\/quaderns-destructures-23\/#breadcrumb","itemListElement":[{"@type":"ListItem","position":1,"name":"Inici","item":"https:\/\/aceweb.cat\/"},{"@type":"ListItem","position":2,"name":"Tienda","item":"https:\/\/aceweb.cat\/es\/tienda\/"},{"@type":"ListItem","position":3,"name":"Quadern d\u2019Estructures","item":"https:\/\/aceweb.cat\/es\/categoria-producto\/cuaderno-de-estructuras\/"},{"@type":"ListItem","position":4,"name":"Quaderns d&#8217;Estructures 23"}]},{"@type":"WebSite","@id":"https:\/\/aceweb.cat\/#website","url":"https:\/\/aceweb.cat\/","name":"ACE","description":"Associaci\u00f3 de Consultors d&#039;Estructures | ACE","publisher":{"@id":"https:\/\/aceweb.cat\/#organization"},"alternateName":"ACE","potentialAction":[{"@type":"SearchAction","target":{"@type":"EntryPoint","urlTemplate":"https:\/\/aceweb.cat\/?s={search_term_string}"},"query-input":{"@type":"PropertyValueSpecification","valueRequired":true,"valueName":"search_term_string"}}],"inLanguage":"es"},{"@type":"Organization","@id":"https:\/\/aceweb.cat\/#organization","name":"ACE","alternateName":"ACE","url":"https:\/\/aceweb.cat\/","logo":{"@type":"ImageObject","inLanguage":"es","@id":"https:\/\/aceweb.cat\/#\/schema\/logo\/image\/","url":"https:\/\/aceweb.cat\/wp-content\/uploads\/2022\/10\/logo.svg","contentUrl":"https:\/\/aceweb.cat\/wp-content\/uploads\/2022\/10\/logo.svg","width":1,"height":1,"caption":"ACE"},"image":{"@id":"https:\/\/aceweb.cat\/#\/schema\/logo\/image\/"}}]}},"_links":{"self":[{"href":"https:\/\/aceweb.cat\/es\/wp-json\/wp\/v2\/product\/39731","targetHints":{"allow":["GET"]}}],"collection":[{"href":"https:\/\/aceweb.cat\/es\/wp-json\/wp\/v2\/product"}],"about":[{"href":"https:\/\/aceweb.cat\/es\/wp-json\/wp\/v2\/types\/product"}],"version-history":[{"count":1,"href":"https:\/\/aceweb.cat\/es\/wp-json\/wp\/v2\/product\/39731\/revisions"}],"predecessor-version":[{"id":41005,"href":"https:\/\/aceweb.cat\/es\/wp-json\/wp\/v2\/product\/39731\/revisions\/41005"}],"wp:featuredmedia":[{"embeddable":true,"href":"https:\/\/aceweb.cat\/es\/wp-json\/wp\/v2\/media\/38085"}],"wp:attachment":[{"href":"https:\/\/aceweb.cat\/es\/wp-json\/wp\/v2\/media?parent=39731"}],"wp:term":[{"taxonomy":"product_brand","embeddable":true,"href":"https:\/\/aceweb.cat\/es\/wp-json\/wp\/v2\/product_brand?post=39731"},{"taxonomy":"product_cat","embeddable":true,"href":"https:\/\/aceweb.cat\/es\/wp-json\/wp\/v2\/product_cat?post=39731"},{"taxonomy":"product_tag","embeddable":true,"href":"https:\/\/aceweb.cat\/es\/wp-json\/wp\/v2\/product_tag?post=39731"}],"curies":[{"name":"wp","href":"https:\/\/api.w.org\/{rel}","templated":true}]}}