{"id":39734,"date":"2022-12-09T10:00:47","date_gmt":"2022-12-09T10:00:47","guid":{"rendered":"https:\/\/www.aceweb.advertis.es\/producto\/quaderns-destructures-24\/"},"modified":"2023-03-22T15:53:34","modified_gmt":"2023-03-22T15:53:34","slug":"quaderns-destructures-24","status":"publish","type":"product","link":"https:\/\/aceweb.cat\/es\/producto\/quaderns-destructures-24\/","title":{"rendered":"Quaderns d&#8217;Estructures 24"},"content":{"rendered":"<p>Este n\u00famero incluye:<\/p>\n<h2><strong>1. <\/strong><strong>Editorial. La voluntad de servicio<\/strong><\/h2>\n<p>Art\u00edculo redactado por\u00a0<strong>ANTONI MASSAGU\u00c9 OLIART<\/strong>. Descarga la revista para conocer los ajustes realizados por las nuevas normativas que nos han obligado a incorporar.<\/p>\n<p><em>\u201cUn seguimiento m\u00e1s o menos detallado de la evoluci\u00f3n de nuestra asociaci\u00f3n desde sus inicios, indica una coherencia de hechos y actuaciones que, pensamos, ha servido de base para un desarrollo paralelo al del norte de calidad que siempre hemos defendido. Si bien en los inicios no era habitual invitarnos a las mesas de debate, a la elaboraci\u00f3n de Normativas, a la organizaci\u00f3n de jornadas ya otros aspectos relacionados con la consultor\u00eda de estructuras, el paso del tiempo ha ido haciendo necesaria, cada vez m\u00e1s, nuestra presencia en estas tareas.<\/em><\/p>\n<p><em>A grandes rasgos y cronol\u00f3gicamente, podemos empezar con las relaciones que se establecieron con la Asociaci\u00f3n de Controladoras Independientes (AIC), hace ya unos a\u00f1os. Para nosotros fue algo muy importante. Despu\u00e9s de m\u00e1s de dos a\u00f1os de trabajos y reuniones, de momentos euf\u00f3ricos y de etapas de \u00f3bito, aprobamos conjuntamente, la Gu\u00eda T\u00e9cnica para la Elaboraci\u00f3n y Supervisi\u00f3n de Proyectos de Estructura, que lim\u00f3 muchos malentendidos y que todav\u00eda hoy, con los obligados ajustes que las nuevas normativas han obligado a incorporar, es el documento de referencia.<\/em><em>\u201c<\/em><\/p>\n<h2><strong>2. Las clases de ejecuci\u00f3n de construcciones de acero seg\u00fan la instrucci\u00f3n futura EAE<\/strong><\/h2>\n<p>Art\u00edculo redactado por\u00a0<strong>ALFREDO ARNEDO PENA<\/strong>. Descarga la revista para conocer las clases de ejecuci\u00f3n de construcciones de acero.<\/p>\n<p><em>\u201cEn el borrador de la futura Instrucci\u00f3n EAE aparece una clasificaci\u00f3n de las estructuras de acero seg\u00fan \u201cClases de ejecuci\u00f3n\u201d. La clase de ejecuci\u00f3n de una estructura determina en gran medida los requisitos de ejecuci\u00f3n, la extensi\u00f3n de los ensayos y el nivel de aceptaci\u00f3n de los defectos de soldadura.<\/em><\/p>\n<p><em>Las razones para introducir esta clasificaci\u00f3n son diversas:<\/em><\/p>\n<ul>\n<li>a) Adecuaci\u00f3n a la posici\u00f3n de normativa europea (Euroc\u00f3digo 0, y norma de ejecuci\u00f3n de estructuras de acero y aluminio pr EN 1090).<\/li>\n<li>b) Racionalizaci\u00f3n de exigencias seg\u00fan el tipo de construcci\u00f3n, obligando a requisitos m\u00e1s estrictos en los casos necesarios y evitando en otros sobrecostes est\u00e9riles.<\/li>\n<li>c) Facilidad de elaboraci\u00f3n del Pliego de Especificaciones T\u00e9cnicas para lograr un equilibrio con el resto de documentos referentes al dise\u00f1o, c\u00e1lculo e incluso al presupuesto.<em>\u201c<\/em><\/li>\n<\/ul>\n<h2><strong>3. Mapa geot\u00e9cnico de Barcelona. Badalona, Esplugues, L&#8217;Hospitalet, Sant Adri\u00e0, Santa Coloma<\/strong><\/h2>\n<p>Art\u00edculo redactado por\u00a0<strong>ALBERT VENTAYOL y L\u00c1ZARO, JOSEP Ma. ALBAIGAS y OLIVART, JOSEP Ma. CORTAL y SOLER, FRANCESC GALLART y GALLEGO, CARLES L\u00d3PEZ y CARRERAS, JOSEP LLU\u00cdS L\u00d3PEZ\u00a0<\/strong><strong>y MART\u00cdN<\/strong>\u00a0y\u00a0<strong>JOAN SANTAULARIA y SEGURA<\/strong>. Descarga la revista para conocer los estudios geot\u00e9cnicos realizados en nuestra zona de vivencia.<\/p>\n<p><em>\u201cEsta memoria fue realizada en septiembre de 1978 por un equipo de t\u00e9cnicos, en un intento de ofrecer a Arquitectos, Ingenieros, Ge\u00f3logos, Arquitectos T\u00e9cnicos, Constructores y p\u00fablico en general, una s\u00edntesis de los datos reales recopiladas a lo largo de a\u00f1os y de numeros\u00edsimos sondeos y estudios geot\u00e9cnicos efectuados en nuestra zona de vivencia.<\/em><\/p>\n<p><em>Es evidente que habr\u00e1 errores que tendr\u00e1n que ser modificados en posibles nuevas ediciones. Pedimos de antemano benevolencia\u00a0a nuestros lectores.<\/em><\/p>\n<p><em>Los datos contenidos a continuaci\u00f3n son a t\u00edtulo de informaci\u00f3n general, por lo que los autores no se responsabilizan del uso que se haga, dado que cualquier obra que deba efectuarse requerir\u00e1 el estudio concreto establecido por las disposiciones vigentes.\u201d<\/em><\/p>\n<h2><strong>4. La fijaci\u00f3n puntual de cristales en la Arquitectura<\/strong><\/h2>\n<p>Art\u00edculo redactado por\u00a0<strong>FRANCESC ARBOSO BELLAPART\u00a0<\/strong>y\u00a0<strong>ALBERT VIDAL MAYORAL<\/strong>.<\/p>\n<p><em>\u201cEl creciente uso del vidrio en la Arquitectura presenta nuevos retos en el dise\u00f1o y en el campo de la investigaci\u00f3n. El vidrio templado predomina en obras singulares, donde los sistemas de sujeci\u00f3n son mediante tornillos. Esta singularidad requiere una mayor resistencia mec\u00e1nica por parte del vidrio y un riguroso dise\u00f1o de las estructuras y fijaciones. En este art\u00edculo se presentan los conceptos b\u00e1sicos de dise\u00f1o y algunas innovaciones interesantes en este campo.<\/em><em>\u201c<\/em><\/p>\n<h2><strong>5. El Molino: un prisma de hormig\u00f3n. Centro Cultural El Molino, Utebo<\/strong><\/h2>\n<p>Art\u00edculo redactado por\u00a0<strong>DAVID GARCIA<\/strong>\u00a0y\u00a0<strong>I\u00d1AKI ALDAY<\/strong>.<\/p>\n<p><em>\u201cAl borde de una gran acequia y hoy en el centro del pueblo, la ruina de\u00a0<a href=\"https:\/\/utebo.es\/centro-cultural-el-molino\" target=\" _blank\" rel=\"noopener noreferrer\">el antiguo molino de Utebo<\/a>, que moli\u00f3 grano durante siglos y m\u00e1s tarde gener\u00f3 la electricidad de toda la poblaci\u00f3n, se transforma en un Centro Cultural y peque\u00f1o museo de los aprovechamientos hidr\u00e1ulicos. El programa del Centro se compacta dentro de la parte libre de la parcela, alineado con la acequia, generando un volumen vertical que se yuxtapone en el cuerpo horizontal que reconstruye y engloba el espacio del molino, en una secuencia escalonada hacia el canal de agua.<\/em><\/p>\n<p><em>Se inserta en un entorno hostil, entre edificios de vivienda de reciente construcci\u00f3n y de mayor altura y volumen. Afronta su inferioridad de condiciones con dos decisiones: cortando un volumen abstracto y sin elementos de referencia de dimensiones visibles, y proyect\u00e1ndose a trav\u00e9s de un largo recorrido de acceso.<\/em><em>\u201c<\/em> <\/p>\n<h2><strong>6. Aceros usados entre 1940 y 1980<\/strong><\/h2>\n<p>Art\u00edculo redactado por\u00a0<strong>RAFAEL CASALS BOHIGAS<\/strong>. Descarga la revista para conocer los distintos tipos de aceros usados en la construcci\u00f3n.<\/p>\n<p><em>\u201cEn los a\u00f1os 60, finalizada la introducci\u00f3n y aceptaci\u00f3n de los aceros de l\u00edmite el\u00e1stico superior al habitual en los aceros de hormig\u00f3n armado, por parte de los constructores y de los proyectistas, y usados anteriormente para la confecci\u00f3n del material \u00abhormig\u00f3n armado\u00bb, me pareci\u00f3 oportuno efectuar un resumen que intente aclararlo.<\/em><\/p>\n<p><em>Estos aceros se subdividen en dos campos: los de dureza natural y los de resistencia mejorada por torsi\u00f3n. Los primeros suelen conocerse por la abreviatura REA (\u00abredondo especial adherente\u00bb) y los segundos por TOR o simplemente T.<\/em><\/p>\n<p><em>Circunstancias personales dieron lugar a una seria relaci\u00f3n con el grupo metal\u00fargico Rivi\u00e8re, que lo fabricaba en su siderurgia Altos Hornos de Catalunya SA.<\/em><em>\u201c<\/em><\/ p><\/p>\n<h2><strong>7. <\/strong><strong>Miscel\u00e1nea<\/strong><\/h2>\n<h2><strong>8. Lista de miembros de la Asociaci\u00f3n<\/strong><\/h2>\n<p>Conoce a los\u00a0miembros\u00a0de la Asociaci\u00f3n Consultores de Estructuras. Podr\u00e1s ver a los nuevos integrantes que participan por el reconocimiento de la profesi\u00f3n dentro del mundo de la construcci\u00f3n.<\/p>\n","protected":false},"excerpt":{"rendered":"<ul>\n<li>1. Editorial. La voluntad de servicio<\/li>\n<li>2. Las clases de ejecuci\u00f3n de construcciones de acero seg\u00fan la instrucci\u00f3n futura EAE<\/li>\n<li>3. Mapa geot\u00e9cnico de Barcelona. Badalona, Esplugues, L&#8217;Hospitalet, Sant Adri\u00e0, Santa Coloma<\/li>\n<li>4. La fijaci\u00f3n puntual de cristales en la Arquitectura<\/li>\n<li>5. El Molino: un prisma de hormig\u00f3n. Centro Cultural El Molino, Utebo<\/li>\n<li>6. Aceros usados entre 1940 y 1980<\/li>\n<li>7. Miscel\u00e1nea<\/li>\n<li>8. Lista de miembros de la Asociaci\u00f3n<\/li>\n<\/ul>\n","protected":false},"featured_media":38075,"template":"","meta":{"_acf_changed":false,"site-sidebar-layout":"default","site-content-layout":"default","ast-global-header-display":"","ast-main-header-display":"","ast-hfb-above-header-display":"","ast-hfb-below-header-display":"","ast-hfb-mobile-header-display":"","site-post-title":"","ast-breadcrumbs-content":"","ast-featured-img":"","footer-sml-layout":"","theme-transparent-header-meta":"default","adv-header-id-meta":"","stick-header-meta":"","header-above-stick-meta":"","header-main-stick-meta":"","header-below-stick-meta":""},"product_brand":[],"product_cat":[595],"product_tag":[],"class_list":{"0":"post-39734","1":"product","2":"type-product","3":"status-publish","4":"has-post-thumbnail","6":"product_cat-cuaderno-de-estructuras","7":"desktop-align-left","8":"tablet-align-left","9":"mobile-align-left","11":"first","12":"instock","13":"taxable","14":"shipping-taxable","15":"purchasable","16":"product-type-variable","17":"has-default-attributes"},"acf":[],"yoast_head":"<!-- This site is optimized with the Yoast SEO plugin v27.1.1 - https:\/\/yoast.com\/product\/yoast-seo-wordpress\/ -->\n<title>Quaderns d&#039;Estructures 24 | ACE<\/title>\n<meta name=\"description\" content=\"Revista n\u00ba 24 con art\u00edculos de actualidad que tratan sobre la construcci\u00f3n de estructuras y que publica la Asociaci\u00f3n de Consultores de Estructuras (ACE).\" \/>\n<meta name=\"robots\" content=\"index, follow, max-snippet:-1, max-image-preview:large, max-video-preview:-1\" \/>\n<link rel=\"canonical\" href=\"https:\/\/aceweb.cat\/es\/producto\/quaderns-destructures-24\/\" \/>\n<meta property=\"og:locale\" content=\"es_ES\" \/>\n<meta property=\"og:type\" content=\"article\" \/>\n<meta property=\"og:title\" content=\"Quaderns d&#039;Estructures 24 | ACE\" \/>\n<meta property=\"og:description\" content=\"Revista n\u00ba 24 con art\u00edculos de actualidad que tratan sobre la construcci\u00f3n de estructuras y que publica la Asociaci\u00f3n de Consultores de Estructuras (ACE).\" \/>\n<meta property=\"og:url\" content=\"https:\/\/aceweb.cat\/es\/producto\/quaderns-destructures-24\/\" \/>\n<meta property=\"og:site_name\" content=\"aceweb.cat\" \/>\n<meta property=\"article:modified_time\" content=\"2023-03-22T15:53:34+00:00\" \/>\n<meta property=\"og:image\" content=\"https:\/\/aceweb.cat\/wp-content\/uploads\/2023\/02\/ACE-Quaderns-Estructures-024.jpg\" \/>\n\t<meta property=\"og:image:width\" content=\"724\" \/>\n\t<meta property=\"og:image:height\" content=\"1024\" \/>\n\t<meta property=\"og:image:type\" content=\"image\/jpeg\" \/>\n<meta name=\"twitter:card\" content=\"summary_large_image\" \/>\n<meta name=\"twitter:label1\" content=\"Tiempo de lectura\" \/>\n\t<meta name=\"twitter:data1\" content=\"5 minutos\" \/>\n<script type=\"application\/ld+json\" class=\"yoast-schema-graph\">{\"@context\":\"https:\/\/schema.org\",\"@graph\":[{\"@type\":\"WebPage\",\"@id\":\"https:\/\/aceweb.cat\/es\/producto\/quaderns-destructures-24\/\",\"url\":\"https:\/\/aceweb.cat\/es\/producto\/quaderns-destructures-24\/\",\"name\":\"Quaderns d'Estructures 24 | ACE\",\"isPartOf\":{\"@id\":\"https:\/\/aceweb.cat\/#website\"},\"primaryImageOfPage\":{\"@id\":\"https:\/\/aceweb.cat\/es\/producto\/quaderns-destructures-24\/#primaryimage\"},\"image\":{\"@id\":\"https:\/\/aceweb.cat\/es\/producto\/quaderns-destructures-24\/#primaryimage\"},\"thumbnailUrl\":\"https:\/\/aceweb.cat\/wp-content\/uploads\/2023\/02\/ACE-Quaderns-Estructures-024.jpg\",\"datePublished\":\"2022-12-09T10:00:47+00:00\",\"dateModified\":\"2023-03-22T15:53:34+00:00\",\"description\":\"Revista n\u00ba 24 con art\u00edculos de actualidad que tratan sobre la construcci\u00f3n de estructuras y que publica la Asociaci\u00f3n de Consultores de Estructuras (ACE).\",\"breadcrumb\":{\"@id\":\"https:\/\/aceweb.cat\/es\/producto\/quaderns-destructures-24\/#breadcrumb\"},\"inLanguage\":\"es\",\"potentialAction\":[{\"@type\":\"ReadAction\",\"target\":[\"https:\/\/aceweb.cat\/es\/producto\/quaderns-destructures-24\/\"]}]},{\"@type\":\"ImageObject\",\"inLanguage\":\"es\",\"@id\":\"https:\/\/aceweb.cat\/es\/producto\/quaderns-destructures-24\/#primaryimage\",\"url\":\"https:\/\/aceweb.cat\/wp-content\/uploads\/2023\/02\/ACE-Quaderns-Estructures-024.jpg\",\"contentUrl\":\"https:\/\/aceweb.cat\/wp-content\/uploads\/2023\/02\/ACE-Quaderns-Estructures-024.jpg\",\"width\":724,\"height\":1024},{\"@type\":\"BreadcrumbList\",\"@id\":\"https:\/\/aceweb.cat\/es\/producto\/quaderns-destructures-24\/#breadcrumb\",\"itemListElement\":[{\"@type\":\"ListItem\",\"position\":1,\"name\":\"Inici\",\"item\":\"https:\/\/aceweb.cat\/\"},{\"@type\":\"ListItem\",\"position\":2,\"name\":\"Tienda\",\"item\":\"https:\/\/aceweb.cat\/es\/tienda\/\"},{\"@type\":\"ListItem\",\"position\":3,\"name\":\"Quadern d\u2019Estructures\",\"item\":\"https:\/\/aceweb.cat\/es\/categoria-producto\/cuaderno-de-estructuras\/\"},{\"@type\":\"ListItem\",\"position\":4,\"name\":\"Quaderns d&#8217;Estructures 24\"}]},{\"@type\":\"WebSite\",\"@id\":\"https:\/\/aceweb.cat\/#website\",\"url\":\"https:\/\/aceweb.cat\/\",\"name\":\"ACE\",\"description\":\"Associaci\u00f3 de Consultors d&#039;Estructures | ACE\",\"publisher\":{\"@id\":\"https:\/\/aceweb.cat\/#organization\"},\"alternateName\":\"ACE\",\"potentialAction\":[{\"@type\":\"SearchAction\",\"target\":{\"@type\":\"EntryPoint\",\"urlTemplate\":\"https:\/\/aceweb.cat\/?s={search_term_string}\"},\"query-input\":{\"@type\":\"PropertyValueSpecification\",\"valueRequired\":true,\"valueName\":\"search_term_string\"}}],\"inLanguage\":\"es\"},{\"@type\":\"Organization\",\"@id\":\"https:\/\/aceweb.cat\/#organization\",\"name\":\"ACE\",\"alternateName\":\"ACE\",\"url\":\"https:\/\/aceweb.cat\/\",\"logo\":{\"@type\":\"ImageObject\",\"inLanguage\":\"es\",\"@id\":\"https:\/\/aceweb.cat\/#\/schema\/logo\/image\/\",\"url\":\"https:\/\/aceweb.cat\/wp-content\/uploads\/2022\/10\/logo.svg\",\"contentUrl\":\"https:\/\/aceweb.cat\/wp-content\/uploads\/2022\/10\/logo.svg\",\"width\":1,\"height\":1,\"caption\":\"ACE\"},\"image\":{\"@id\":\"https:\/\/aceweb.cat\/#\/schema\/logo\/image\/\"}}]}<\/script>\n<!-- \/ Yoast SEO plugin. -->","yoast_head_json":{"title":"Quaderns d'Estructures 24 | ACE","description":"Revista n\u00ba 24 con art\u00edculos de actualidad que tratan sobre la construcci\u00f3n de estructuras y que publica la Asociaci\u00f3n de Consultores de Estructuras (ACE).","robots":{"index":"index","follow":"follow","max-snippet":"max-snippet:-1","max-image-preview":"max-image-preview:large","max-video-preview":"max-video-preview:-1"},"canonical":"https:\/\/aceweb.cat\/es\/producto\/quaderns-destructures-24\/","og_locale":"es_ES","og_type":"article","og_title":"Quaderns d'Estructures 24 | ACE","og_description":"Revista n\u00ba 24 con art\u00edculos de actualidad que tratan sobre la construcci\u00f3n de estructuras y que publica la Asociaci\u00f3n de Consultores de Estructuras (ACE).","og_url":"https:\/\/aceweb.cat\/es\/producto\/quaderns-destructures-24\/","og_site_name":"aceweb.cat","article_modified_time":"2023-03-22T15:53:34+00:00","og_image":[{"width":724,"height":1024,"url":"https:\/\/aceweb.cat\/wp-content\/uploads\/2023\/02\/ACE-Quaderns-Estructures-024.jpg","type":"image\/jpeg"}],"twitter_card":"summary_large_image","twitter_misc":{"Tiempo de lectura":"5 minutos"},"schema":{"@context":"https:\/\/schema.org","@graph":[{"@type":"WebPage","@id":"https:\/\/aceweb.cat\/es\/producto\/quaderns-destructures-24\/","url":"https:\/\/aceweb.cat\/es\/producto\/quaderns-destructures-24\/","name":"Quaderns d'Estructures 24 | ACE","isPartOf":{"@id":"https:\/\/aceweb.cat\/#website"},"primaryImageOfPage":{"@id":"https:\/\/aceweb.cat\/es\/producto\/quaderns-destructures-24\/#primaryimage"},"image":{"@id":"https:\/\/aceweb.cat\/es\/producto\/quaderns-destructures-24\/#primaryimage"},"thumbnailUrl":"https:\/\/aceweb.cat\/wp-content\/uploads\/2023\/02\/ACE-Quaderns-Estructures-024.jpg","datePublished":"2022-12-09T10:00:47+00:00","dateModified":"2023-03-22T15:53:34+00:00","description":"Revista n\u00ba 24 con art\u00edculos de actualidad que tratan sobre la construcci\u00f3n de estructuras y que publica la Asociaci\u00f3n de Consultores de Estructuras (ACE).","breadcrumb":{"@id":"https:\/\/aceweb.cat\/es\/producto\/quaderns-destructures-24\/#breadcrumb"},"inLanguage":"es","potentialAction":[{"@type":"ReadAction","target":["https:\/\/aceweb.cat\/es\/producto\/quaderns-destructures-24\/"]}]},{"@type":"ImageObject","inLanguage":"es","@id":"https:\/\/aceweb.cat\/es\/producto\/quaderns-destructures-24\/#primaryimage","url":"https:\/\/aceweb.cat\/wp-content\/uploads\/2023\/02\/ACE-Quaderns-Estructures-024.jpg","contentUrl":"https:\/\/aceweb.cat\/wp-content\/uploads\/2023\/02\/ACE-Quaderns-Estructures-024.jpg","width":724,"height":1024},{"@type":"BreadcrumbList","@id":"https:\/\/aceweb.cat\/es\/producto\/quaderns-destructures-24\/#breadcrumb","itemListElement":[{"@type":"ListItem","position":1,"name":"Inici","item":"https:\/\/aceweb.cat\/"},{"@type":"ListItem","position":2,"name":"Tienda","item":"https:\/\/aceweb.cat\/es\/tienda\/"},{"@type":"ListItem","position":3,"name":"Quadern d\u2019Estructures","item":"https:\/\/aceweb.cat\/es\/categoria-producto\/cuaderno-de-estructuras\/"},{"@type":"ListItem","position":4,"name":"Quaderns d&#8217;Estructures 24"}]},{"@type":"WebSite","@id":"https:\/\/aceweb.cat\/#website","url":"https:\/\/aceweb.cat\/","name":"ACE","description":"Associaci\u00f3 de Consultors d&#039;Estructures | ACE","publisher":{"@id":"https:\/\/aceweb.cat\/#organization"},"alternateName":"ACE","potentialAction":[{"@type":"SearchAction","target":{"@type":"EntryPoint","urlTemplate":"https:\/\/aceweb.cat\/?s={search_term_string}"},"query-input":{"@type":"PropertyValueSpecification","valueRequired":true,"valueName":"search_term_string"}}],"inLanguage":"es"},{"@type":"Organization","@id":"https:\/\/aceweb.cat\/#organization","name":"ACE","alternateName":"ACE","url":"https:\/\/aceweb.cat\/","logo":{"@type":"ImageObject","inLanguage":"es","@id":"https:\/\/aceweb.cat\/#\/schema\/logo\/image\/","url":"https:\/\/aceweb.cat\/wp-content\/uploads\/2022\/10\/logo.svg","contentUrl":"https:\/\/aceweb.cat\/wp-content\/uploads\/2022\/10\/logo.svg","width":1,"height":1,"caption":"ACE"},"image":{"@id":"https:\/\/aceweb.cat\/#\/schema\/logo\/image\/"}}]}},"_links":{"self":[{"href":"https:\/\/aceweb.cat\/es\/wp-json\/wp\/v2\/product\/39734","targetHints":{"allow":["GET"]}}],"collection":[{"href":"https:\/\/aceweb.cat\/es\/wp-json\/wp\/v2\/product"}],"about":[{"href":"https:\/\/aceweb.cat\/es\/wp-json\/wp\/v2\/types\/product"}],"version-history":[{"count":1,"href":"https:\/\/aceweb.cat\/es\/wp-json\/wp\/v2\/product\/39734\/revisions"}],"predecessor-version":[{"id":41006,"href":"https:\/\/aceweb.cat\/es\/wp-json\/wp\/v2\/product\/39734\/revisions\/41006"}],"wp:featuredmedia":[{"embeddable":true,"href":"https:\/\/aceweb.cat\/es\/wp-json\/wp\/v2\/media\/38075"}],"wp:attachment":[{"href":"https:\/\/aceweb.cat\/es\/wp-json\/wp\/v2\/media?parent=39734"}],"wp:term":[{"taxonomy":"product_brand","embeddable":true,"href":"https:\/\/aceweb.cat\/es\/wp-json\/wp\/v2\/product_brand?post=39734"},{"taxonomy":"product_cat","embeddable":true,"href":"https:\/\/aceweb.cat\/es\/wp-json\/wp\/v2\/product_cat?post=39734"},{"taxonomy":"product_tag","embeddable":true,"href":"https:\/\/aceweb.cat\/es\/wp-json\/wp\/v2\/product_tag?post=39734"}],"curies":[{"name":"wp","href":"https:\/\/api.w.org\/{rel}","templated":true}]}}