{"id":39737,"date":"2022-12-10T10:00:45","date_gmt":"2022-12-10T10:00:45","guid":{"rendered":"https:\/\/www.aceweb.advertis.es\/producto\/quaderns-destructures-25\/"},"modified":"2023-03-22T15:53:49","modified_gmt":"2023-03-22T15:53:49","slug":"quaderns-destructures-25","status":"publish","type":"product","link":"https:\/\/aceweb.cat\/es\/producto\/quaderns-destructures-25\/","title":{"rendered":"Quaderns d&#8217;Estructures 25"},"content":{"rendered":"<p>Este n\u00famero incluye:<\/p>\n<h2><strong>1. <\/strong><strong>Editorial. Reflexiones sobre la entrada en vigor del C\u00f3digo T\u00e9cnico<\/strong><\/h2>\n<p>Art\u00edculo redactado por\u00a0<strong>ROBERT BRUFAU NIUB\u00d3<\/strong>. Descarga la revista para conocer c\u00f3mo nos afectar\u00e1 el C\u00f3digo T\u00e9cnico a los consultores para adaptar la metodolog\u00eda de trabajo habitual.<\/p>\n<p><em>\u201cQue el C\u00f3digo T\u00e9cnico afectar\u00e1 de forma indudable a los Consultores que tenemos cierta edad es incuestionable. Nunca tantas cosas han cambiado en tan poco tiempo y esto, en una situaci\u00f3n fuertemente condicionada por programas inform\u00e1ticos sobre los que no se tiene control directo, es dif\u00edcilmente asumible s\u00f3lo con una bien intencionada actitud de predisposici\u00f3n. Hace falta mucho m\u00e1s que eso, entre otras razones para que todos, los m\u00e1s veteranos y los m\u00e1s j\u00f3venes, deberemos adaptar nuestra metodolog\u00eda de trabajo y la forma de entender los conceptos resistentes, seg\u00fan las nuevas<br \/>\nexigencias del C\u00f3digo.<\/em><\/p>\n<p><em>Las estructuras de hormig\u00f3n armado, todav\u00eda bajo las directrices de la EHE-99, son las que menos afectadas han quedado por este C\u00f3digo T\u00e9cnico, pero todo parece apuntar a que habr\u00e1 nueva Instrucci\u00f3n en un plazo relativamente cercano y , entonces, sea cual sea el material estructural con el que trabajamos, deberemos adaptarnos definitivamente.\u201d<\/em><\/p>\n<h2><strong>2. Estructura del Auditorio y Palacio de Congresos de Girona<\/strong><\/h2>\n<p>Art\u00edculo redactado por\u00a0<strong>ANTONI BL\u00c1ZQUEZ BOY<\/strong>. Descarga la revista para conocer las fases de construcci\u00f3n en detalle con estructuras en elementos menos habituales.<\/p>\n<p><em>\u201cSe describe brevemente la estructura de un edificio singular en el que existe un gran repertorio tipol\u00f3gico de soluciones estructurales t\u00edpicas de edificaci\u00f3n, pero con alg\u00fan elemento menos habitual debido a las grandes luces. \u00c9ste es el caso de la j\u00e1cena posttesada que soporta el techo del vest\u00edbulo principal. Esto ha obligado a considerar las fases de construcci\u00f3n muy detalladamente, por su gran influencia en el comportamiento estructural, a lo que no se suele dedicar demasiada atenci\u00f3n en edificios convencionales.<\/em><\/p>\n<p><em>El edificio est\u00e1 situado junto al Palacio Ferial, en el extremo oeste del parque de la Devesa de Girona, famoso por sus gigantescos pl\u00e1tanos, entre la ciudad y el r\u00edo Ter.\u201d<\/em>< \/p><\/p>\n<h2><strong>3. Estudio de las pantallas de bentonita-cemento para el aeropuerto de Barcelona<\/strong><\/h2>\n<p>Art\u00edculo redactado por\u00a0<strong>JOAN SANTAULARIA<\/strong>. Descarga la revista para conocer los estudios geot\u00e9cnicos para determinar los par\u00e1metros resistentes y de permeabilidad de la pantalla.<\/p>\n<p><em>\u201cA petici\u00f3n de EDIFICIO TERMINAL UTE (Ferrovial\/Agroman-FCC-Construcciones Rubau) y seg\u00fan las instrucciones recibidas, LOSAN Mec\u00e1nica del Suelo, SA, realiz\u00f3 una serie de estudios geot\u00e9cnicos, relacionados entre s\u00ed, para determinar los par\u00e1metros resistentes y de permeabilidad de la pantalla de bentonita-cemento a construir en la nueva \u00c1rea Terminal del Aeropuerto de Barcelona, en la zona de la estaci\u00f3n ferroviaria subterr\u00e1nea.<\/em><\/p>\n<p><em>Esta obra se realiz\u00f3 entre los meses de julio a diciembre de 2004.\u201d<\/em><\/p>\n<h2><strong>4. Mejorar la calidad de los proyectos<\/strong><\/h2>\n<p>Art\u00edculo redactado por\u00a0<strong>RAFAEL CASALS BOHIGAS<\/strong>.<\/p>\n<p><em>\u201cCreo entender que, fruto de un deseo plausible del legislador de mejorar la calidad de los proyectos de construcci\u00f3n y, en especial, los relacionados con la construcci\u00f3n de viviendas, se han establecido una serie de disposiciones que , por la experiencia acumulada en mi actividad profesional, observo no s\u00f3lo no han alcanzado el objetivo planteado sino que, desgraciadamente, han tendido m\u00e1s bien a encarecer costes y, lo que es m\u00e1s grave, a irracionalizar el proceso.<\/em ><\/p>\n<p><em>A continuaci\u00f3n detallo los factores que m\u00e1s han influido en la situaci\u00f3n mencionada: los Informes Geot\u00e9cnicos, preceptivos, para dise\u00f1ar la fundamentaci\u00f3n; y las Oficinas T\u00e9cnicas de Control que juzgan la estructura y su cumplimiento de la Normativa vigente.<\/em><em>\u201c<\/em><\/p>\n<h2><strong>5. Colegio Inmaculada Concepci\u00f3n, Gav\u00e0<\/strong><\/h2>\n<p>Art\u00edculo redactado por\u00a0<strong>JUAN LIMA<\/strong>\u00a0y\u00a0<strong>PEDRO OS\u00d3<\/strong>. Descarga la revista para conocer distintas tipolog\u00edas en una obra peque\u00f1a pero muy singular.<\/p>\n<p><em>\u201c<\/em><em>Despu\u00e9s de art\u00edculos anteriores sobre postesado en edificaci\u00f3n donde present\u00e1bamos el uso de postesat en soluciones generales (aparcamiento de Barceloneta \u2013 publicaci\u00f3n n\u00fam. 21) y en proyectos de estructura realizados para varios asociados de ACE con diferentes tipolog\u00edas estructurales todas empleando hormig\u00f3n postesado (publicaci\u00f3n n\u00fam. 22), seleccionamos para este n\u00famero una peque\u00f1a obra bastante singular en la que tuvimos la suerte de participar durante julio y agosto de 2005.<\/em ><\/p>\n<p><em>En el a\u00f1o 2004 se plantea por parte del Colegio Inmaculada Concepci\u00f3n de\u00a0<a href=\"https:\/\/es.wikipedia.org\/wiki\/Gav%C3%A0\" target=\"_blank\" rel=\"noopener noreferrer\">Gav\u00e0<\/a>\u00a0en el Consejo Provincial la posibilidad de construir un polideportivo soterrado bajo el \u00fanico patio con el que cuenta el centro.<\/em><em>\u201c<\/em><\/p>\n<h2><strong>6. Incendio de un edificio de altura<\/strong><\/h2>\n<p>Art\u00edculo redactado por\u00a0<strong>JOAN DELRIU REAL<\/strong>.<\/p>\n<p><em>\u201cDe nuevo el pasado d\u00eda 4 de Septiembre, el incendio en un edificio en altura volvi\u00f3 a ser noticia, con una carga medi\u00e1tica a la que nada le falt\u00f3: retransmisi\u00f3n en directo del suceso por televisiones y radios, periodistas buscando declaraciones inmediatas y declarantes hablando de todo de inmediato. Hasta aqu\u00ed, lo normal en esta sociedad de la informaci\u00f3n. Despu\u00e9s, pasada la inmediatez de la noticia y ya en p\u00e1ginas interiores, aparecen los reportajes y art\u00edculos de opini\u00f3n, m\u00e1s sosegados y documentados a lo que se da cabida a expertos que dan luz sobre lo ocurrido.<\/em><\/p>\n<p> ><\/p>\n<p><em>Por esta raz\u00f3n nos sorprende el art\u00edculo sobre este suceso aparecido en el diario Expansi\u00f3n el d\u00eda 6 titulado \u00abS\u00f3lo un susto gracias al hormig\u00f3n\u00bb (t\u00edtulo que ya es toda una declaraci\u00f3n de intenciones) y con un antet\u00edtulo en que hace referencia al incendio del edificio Windsor. En el texto se ilustra al lector sobre los m\u00ednimos da\u00f1os causados y se adelantan hip\u00f3tesis sobre las causas y el material que se quem\u00f3. Pero existe una frase, atribuida a \u00abla constructora\u00bb que dice literalmente: \u00absi en vez de hormig\u00f3n fuera acero, quiz\u00e1s no podr\u00edamos ser tan optimistas\u00bb.<\/em><em>\u201c<\/em><\/p>\n<h2><strong>7.<\/strong><strong>\u00a0An\u00e1lisis de las condiciones de utilizaci\u00f3n del sistema antica\u00eddas Alsina<\/strong><\/h2>\n<p>Art\u00edculo redactado por\u00a0<strong>JOSE M. ADAM, PEDRO A. CALDER\u00d3N, FRANCISCO J. PALLAR\u00c9S, IGNACIO J. PAY\u00c1<\/strong>\u00a0y\u00a0<strong>JACINT BASSOLS<\/strong>.<\/p>\n<p><em>\u201cEl n\u00famero de accidentes laborales en el sector de la construcci\u00f3n es muy elevado y preocupante en todo el mundo. Seg\u00fan estudios recientes, el porcentaje de accidentes mortales en el sector de la construcci\u00f3n con respecto al total de muertes relacionadas con accidentes laborales, es aproximadamente del 35% en Jap\u00f3n y del 25% en pa\u00edses como Reino Unido y Espa\u00f1a. Dentro del sector de la construcci\u00f3n, la edificaci\u00f3n es el \u00e1mbito con mayor riesgo, y la ca\u00edda de personas a distinto nivel figura como la principal causa de accidentes mortales, originando en Espa\u00f1a un 35,2% de los mismos durante el a\u00f1o 2002.<\/em><\/p>\n<p><em>Cuando en la fase de construcci\u00f3n de cualquier estructura de edificaci\u00f3n se realizan trabajos en altura, existe siempre el riesgo de la ca\u00edda a distinto nivel de las personas que desarrollan estos trabajos. Este riesgo es m\u00e1s acusado, si cabe, en la fase del entablado del encofrado previa al chatarrado y hormigonado de los forjados de un edificio. Considerando este riesgo, la empresa Encofrados J. Alsina SA ha desarrollado un sistema de seguridad cuya misi\u00f3n es eliminar este riesgo de ca\u00edda a distinto nivel.<\/em><em>\u201c<\/em><\/p>\n<h2><strong>8.<\/strong><strong>\u00a0Informes<\/strong><\/h2>\n<h2><strong>9. Miscel\u00e1nea<\/strong><\/h2>\n<h2><strong>10. Lista de miembros de la Asociaci\u00f3n<\/strong><\/h2>\n<p>Conoce a los\u00a0miembros\u00a0de la Asociaci\u00f3n Consultores de Estructuras. Podr\u00e1s ver a los nuevos integrantes que participan por el reconocimiento de la profesi\u00f3n dentro del mundo de la construcci\u00f3n.<\/p>\n","protected":false},"excerpt":{"rendered":"<ul>\n<li>1. Editorial. Reflexiones sobre la entrada en vigor del C\u00f3digo T\u00e9cnico<\/li>\n<li>2. Estructura del Auditorio y Palacio de Congresos de Girona<\/li>\n<li>3. Estudio de las pantallas de bentonita-cemento para el aeropuerto de Barcelona<\/li>\n<li>4. Mejorar la calidad de los proyectos<\/li>\n<li>5. Colegio Inmaculada Concepci\u00f3n, Gav\u00e0<\/li>\n<li>6. Incendio de un edificio de altura<\/li>\n<li>7. An\u00e1lisis de las condiciones de utilizaci\u00f3n del sistema antica\u00eddas Alsina<\/li>\n<li>8. Informes<\/li>\n<li>9. Miscel\u00e1nea<\/li>\n<li>10. Lista de miembros de la Asociaci\u00f3n<\/li>\n<\/ul>\n","protected":false},"featured_media":38059,"template":"","meta":{"_acf_changed":false,"site-sidebar-layout":"default","site-content-layout":"default","ast-global-header-display":"","ast-main-header-display":"","ast-hfb-above-header-display":"","ast-hfb-below-header-display":"","ast-hfb-mobile-header-display":"","site-post-title":"","ast-breadcrumbs-content":"","ast-featured-img":"","footer-sml-layout":"","theme-transparent-header-meta":"default","adv-header-id-meta":"","stick-header-meta":"","header-above-stick-meta":"","header-main-stick-meta":"","header-below-stick-meta":""},"product_brand":[],"product_cat":[595],"product_tag":[],"class_list":{"0":"post-39737","1":"product","2":"type-product","3":"status-publish","4":"has-post-thumbnail","6":"product_cat-cuaderno-de-estructuras","7":"desktop-align-left","8":"tablet-align-left","9":"mobile-align-left","11":"first","12":"instock","13":"taxable","14":"shipping-taxable","15":"purchasable","16":"product-type-variable","17":"has-default-attributes"},"acf":[],"yoast_head":"<!-- This site is optimized with the Yoast SEO plugin v27.1.1 - https:\/\/yoast.com\/product\/yoast-seo-wordpress\/ -->\n<title>Quaderns d&#039;Estructures 25 | ACE<\/title>\n<meta name=\"description\" content=\"Revista n\u00ba 25 con art\u00edculos de actualidad que tratan sobre la construcci\u00f3n de estructuras y que publica la Asociaci\u00f3n de Consultores de Estructuras (ACE).\" \/>\n<meta name=\"robots\" content=\"index, follow, max-snippet:-1, max-image-preview:large, max-video-preview:-1\" \/>\n<link rel=\"canonical\" href=\"https:\/\/aceweb.cat\/es\/producto\/quaderns-destructures-25\/\" \/>\n<meta property=\"og:locale\" content=\"es_ES\" \/>\n<meta property=\"og:type\" content=\"article\" \/>\n<meta property=\"og:title\" content=\"Quaderns d&#039;Estructures 25 | ACE\" \/>\n<meta property=\"og:description\" content=\"Revista n\u00ba 25 con art\u00edculos de actualidad que tratan sobre la construcci\u00f3n de estructuras y que publica la Asociaci\u00f3n de Consultores de Estructuras (ACE).\" \/>\n<meta property=\"og:url\" content=\"https:\/\/aceweb.cat\/es\/producto\/quaderns-destructures-25\/\" \/>\n<meta property=\"og:site_name\" content=\"aceweb.cat\" \/>\n<meta property=\"article:modified_time\" content=\"2023-03-22T15:53:49+00:00\" \/>\n<meta property=\"og:image\" content=\"https:\/\/aceweb.cat\/wp-content\/uploads\/2023\/02\/ACE-Quaderns-Estructures-025.jpg\" \/>\n\t<meta property=\"og:image:width\" content=\"724\" \/>\n\t<meta property=\"og:image:height\" content=\"1024\" \/>\n\t<meta property=\"og:image:type\" content=\"image\/jpeg\" \/>\n<meta name=\"twitter:card\" content=\"summary_large_image\" \/>\n<meta name=\"twitter:label1\" content=\"Tiempo de lectura\" \/>\n\t<meta name=\"twitter:data1\" content=\"6 minutos\" \/>\n<script type=\"application\/ld+json\" class=\"yoast-schema-graph\">{\"@context\":\"https:\/\/schema.org\",\"@graph\":[{\"@type\":\"WebPage\",\"@id\":\"https:\/\/aceweb.cat\/es\/producto\/quaderns-destructures-25\/\",\"url\":\"https:\/\/aceweb.cat\/es\/producto\/quaderns-destructures-25\/\",\"name\":\"Quaderns d'Estructures 25 | ACE\",\"isPartOf\":{\"@id\":\"https:\/\/aceweb.cat\/#website\"},\"primaryImageOfPage\":{\"@id\":\"https:\/\/aceweb.cat\/es\/producto\/quaderns-destructures-25\/#primaryimage\"},\"image\":{\"@id\":\"https:\/\/aceweb.cat\/es\/producto\/quaderns-destructures-25\/#primaryimage\"},\"thumbnailUrl\":\"https:\/\/aceweb.cat\/wp-content\/uploads\/2023\/02\/ACE-Quaderns-Estructures-025.jpg\",\"datePublished\":\"2022-12-10T10:00:45+00:00\",\"dateModified\":\"2023-03-22T15:53:49+00:00\",\"description\":\"Revista n\u00ba 25 con art\u00edculos de actualidad que tratan sobre la construcci\u00f3n de estructuras y que publica la Asociaci\u00f3n de Consultores de Estructuras (ACE).\",\"breadcrumb\":{\"@id\":\"https:\/\/aceweb.cat\/es\/producto\/quaderns-destructures-25\/#breadcrumb\"},\"inLanguage\":\"es\",\"potentialAction\":[{\"@type\":\"ReadAction\",\"target\":[\"https:\/\/aceweb.cat\/es\/producto\/quaderns-destructures-25\/\"]}]},{\"@type\":\"ImageObject\",\"inLanguage\":\"es\",\"@id\":\"https:\/\/aceweb.cat\/es\/producto\/quaderns-destructures-25\/#primaryimage\",\"url\":\"https:\/\/aceweb.cat\/wp-content\/uploads\/2023\/02\/ACE-Quaderns-Estructures-025.jpg\",\"contentUrl\":\"https:\/\/aceweb.cat\/wp-content\/uploads\/2023\/02\/ACE-Quaderns-Estructures-025.jpg\",\"width\":724,\"height\":1024},{\"@type\":\"BreadcrumbList\",\"@id\":\"https:\/\/aceweb.cat\/es\/producto\/quaderns-destructures-25\/#breadcrumb\",\"itemListElement\":[{\"@type\":\"ListItem\",\"position\":1,\"name\":\"Inici\",\"item\":\"https:\/\/aceweb.cat\/\"},{\"@type\":\"ListItem\",\"position\":2,\"name\":\"Tienda\",\"item\":\"https:\/\/aceweb.cat\/es\/tienda\/\"},{\"@type\":\"ListItem\",\"position\":3,\"name\":\"Quadern d\u2019Estructures\",\"item\":\"https:\/\/aceweb.cat\/es\/categoria-producto\/cuaderno-de-estructuras\/\"},{\"@type\":\"ListItem\",\"position\":4,\"name\":\"Quaderns d&#8217;Estructures 25\"}]},{\"@type\":\"WebSite\",\"@id\":\"https:\/\/aceweb.cat\/#website\",\"url\":\"https:\/\/aceweb.cat\/\",\"name\":\"ACE\",\"description\":\"Associaci\u00f3 de Consultors d&#039;Estructures | ACE\",\"publisher\":{\"@id\":\"https:\/\/aceweb.cat\/#organization\"},\"alternateName\":\"ACE\",\"potentialAction\":[{\"@type\":\"SearchAction\",\"target\":{\"@type\":\"EntryPoint\",\"urlTemplate\":\"https:\/\/aceweb.cat\/?s={search_term_string}\"},\"query-input\":{\"@type\":\"PropertyValueSpecification\",\"valueRequired\":true,\"valueName\":\"search_term_string\"}}],\"inLanguage\":\"es\"},{\"@type\":\"Organization\",\"@id\":\"https:\/\/aceweb.cat\/#organization\",\"name\":\"ACE\",\"alternateName\":\"ACE\",\"url\":\"https:\/\/aceweb.cat\/\",\"logo\":{\"@type\":\"ImageObject\",\"inLanguage\":\"es\",\"@id\":\"https:\/\/aceweb.cat\/#\/schema\/logo\/image\/\",\"url\":\"https:\/\/aceweb.cat\/wp-content\/uploads\/2022\/10\/logo.svg\",\"contentUrl\":\"https:\/\/aceweb.cat\/wp-content\/uploads\/2022\/10\/logo.svg\",\"width\":1,\"height\":1,\"caption\":\"ACE\"},\"image\":{\"@id\":\"https:\/\/aceweb.cat\/#\/schema\/logo\/image\/\"}}]}<\/script>\n<!-- \/ Yoast SEO plugin. -->","yoast_head_json":{"title":"Quaderns d'Estructures 25 | ACE","description":"Revista n\u00ba 25 con art\u00edculos de actualidad que tratan sobre la construcci\u00f3n de estructuras y que publica la Asociaci\u00f3n de Consultores de Estructuras (ACE).","robots":{"index":"index","follow":"follow","max-snippet":"max-snippet:-1","max-image-preview":"max-image-preview:large","max-video-preview":"max-video-preview:-1"},"canonical":"https:\/\/aceweb.cat\/es\/producto\/quaderns-destructures-25\/","og_locale":"es_ES","og_type":"article","og_title":"Quaderns d'Estructures 25 | ACE","og_description":"Revista n\u00ba 25 con art\u00edculos de actualidad que tratan sobre la construcci\u00f3n de estructuras y que publica la Asociaci\u00f3n de Consultores de Estructuras (ACE).","og_url":"https:\/\/aceweb.cat\/es\/producto\/quaderns-destructures-25\/","og_site_name":"aceweb.cat","article_modified_time":"2023-03-22T15:53:49+00:00","og_image":[{"width":724,"height":1024,"url":"https:\/\/aceweb.cat\/wp-content\/uploads\/2023\/02\/ACE-Quaderns-Estructures-025.jpg","type":"image\/jpeg"}],"twitter_card":"summary_large_image","twitter_misc":{"Tiempo de lectura":"6 minutos"},"schema":{"@context":"https:\/\/schema.org","@graph":[{"@type":"WebPage","@id":"https:\/\/aceweb.cat\/es\/producto\/quaderns-destructures-25\/","url":"https:\/\/aceweb.cat\/es\/producto\/quaderns-destructures-25\/","name":"Quaderns d'Estructures 25 | ACE","isPartOf":{"@id":"https:\/\/aceweb.cat\/#website"},"primaryImageOfPage":{"@id":"https:\/\/aceweb.cat\/es\/producto\/quaderns-destructures-25\/#primaryimage"},"image":{"@id":"https:\/\/aceweb.cat\/es\/producto\/quaderns-destructures-25\/#primaryimage"},"thumbnailUrl":"https:\/\/aceweb.cat\/wp-content\/uploads\/2023\/02\/ACE-Quaderns-Estructures-025.jpg","datePublished":"2022-12-10T10:00:45+00:00","dateModified":"2023-03-22T15:53:49+00:00","description":"Revista n\u00ba 25 con art\u00edculos de actualidad que tratan sobre la construcci\u00f3n de estructuras y que publica la Asociaci\u00f3n de Consultores de Estructuras (ACE).","breadcrumb":{"@id":"https:\/\/aceweb.cat\/es\/producto\/quaderns-destructures-25\/#breadcrumb"},"inLanguage":"es","potentialAction":[{"@type":"ReadAction","target":["https:\/\/aceweb.cat\/es\/producto\/quaderns-destructures-25\/"]}]},{"@type":"ImageObject","inLanguage":"es","@id":"https:\/\/aceweb.cat\/es\/producto\/quaderns-destructures-25\/#primaryimage","url":"https:\/\/aceweb.cat\/wp-content\/uploads\/2023\/02\/ACE-Quaderns-Estructures-025.jpg","contentUrl":"https:\/\/aceweb.cat\/wp-content\/uploads\/2023\/02\/ACE-Quaderns-Estructures-025.jpg","width":724,"height":1024},{"@type":"BreadcrumbList","@id":"https:\/\/aceweb.cat\/es\/producto\/quaderns-destructures-25\/#breadcrumb","itemListElement":[{"@type":"ListItem","position":1,"name":"Inici","item":"https:\/\/aceweb.cat\/"},{"@type":"ListItem","position":2,"name":"Tienda","item":"https:\/\/aceweb.cat\/es\/tienda\/"},{"@type":"ListItem","position":3,"name":"Quadern d\u2019Estructures","item":"https:\/\/aceweb.cat\/es\/categoria-producto\/cuaderno-de-estructuras\/"},{"@type":"ListItem","position":4,"name":"Quaderns d&#8217;Estructures 25"}]},{"@type":"WebSite","@id":"https:\/\/aceweb.cat\/#website","url":"https:\/\/aceweb.cat\/","name":"ACE","description":"Associaci\u00f3 de Consultors d&#039;Estructures | ACE","publisher":{"@id":"https:\/\/aceweb.cat\/#organization"},"alternateName":"ACE","potentialAction":[{"@type":"SearchAction","target":{"@type":"EntryPoint","urlTemplate":"https:\/\/aceweb.cat\/?s={search_term_string}"},"query-input":{"@type":"PropertyValueSpecification","valueRequired":true,"valueName":"search_term_string"}}],"inLanguage":"es"},{"@type":"Organization","@id":"https:\/\/aceweb.cat\/#organization","name":"ACE","alternateName":"ACE","url":"https:\/\/aceweb.cat\/","logo":{"@type":"ImageObject","inLanguage":"es","@id":"https:\/\/aceweb.cat\/#\/schema\/logo\/image\/","url":"https:\/\/aceweb.cat\/wp-content\/uploads\/2022\/10\/logo.svg","contentUrl":"https:\/\/aceweb.cat\/wp-content\/uploads\/2022\/10\/logo.svg","width":1,"height":1,"caption":"ACE"},"image":{"@id":"https:\/\/aceweb.cat\/#\/schema\/logo\/image\/"}}]}},"_links":{"self":[{"href":"https:\/\/aceweb.cat\/es\/wp-json\/wp\/v2\/product\/39737","targetHints":{"allow":["GET"]}}],"collection":[{"href":"https:\/\/aceweb.cat\/es\/wp-json\/wp\/v2\/product"}],"about":[{"href":"https:\/\/aceweb.cat\/es\/wp-json\/wp\/v2\/types\/product"}],"version-history":[{"count":1,"href":"https:\/\/aceweb.cat\/es\/wp-json\/wp\/v2\/product\/39737\/revisions"}],"predecessor-version":[{"id":41007,"href":"https:\/\/aceweb.cat\/es\/wp-json\/wp\/v2\/product\/39737\/revisions\/41007"}],"wp:featuredmedia":[{"embeddable":true,"href":"https:\/\/aceweb.cat\/es\/wp-json\/wp\/v2\/media\/38059"}],"wp:attachment":[{"href":"https:\/\/aceweb.cat\/es\/wp-json\/wp\/v2\/media?parent=39737"}],"wp:term":[{"taxonomy":"product_brand","embeddable":true,"href":"https:\/\/aceweb.cat\/es\/wp-json\/wp\/v2\/product_brand?post=39737"},{"taxonomy":"product_cat","embeddable":true,"href":"https:\/\/aceweb.cat\/es\/wp-json\/wp\/v2\/product_cat?post=39737"},{"taxonomy":"product_tag","embeddable":true,"href":"https:\/\/aceweb.cat\/es\/wp-json\/wp\/v2\/product_tag?post=39737"}],"curies":[{"name":"wp","href":"https:\/\/api.w.org\/{rel}","templated":true}]}}