{"id":39740,"date":"2022-12-11T10:00:03","date_gmt":"2022-12-11T10:00:03","guid":{"rendered":"https:\/\/www.aceweb.advertis.es\/producto\/quaderns-destructures-26\/"},"modified":"2023-03-22T15:54:01","modified_gmt":"2023-03-22T15:54:01","slug":"quaderns-destructures-26","status":"publish","type":"product","link":"https:\/\/aceweb.cat\/es\/producto\/quaderns-destructures-26\/","title":{"rendered":"Quaderns d&#8217;Estructures 26"},"content":{"rendered":"<p>Este n\u00famero incluye:<\/p>\n<h2><strong>1. Editorial.<\/strong><\/h2>\n<p>Art\u00edculo redactado por\u00a0<b>DAVID GARCIA CARRERA<\/b>. Descarga la revista para conocer el despu\u00e9s en la historia de nuestra Asociaci\u00f3n.<\/p>\n<p><em>\u201cHace ya un a\u00f1o que se celebr\u00f3 el Primer Congreso de Consultores de Estructuras donde se marc\u00f3, como ya se hizo notar entonces, un antes y un despu\u00e9s en la historia de nuestra Asociaci\u00f3n.< \/em><\/p>\n<p><em>Ahora mismo nos encontramos al despu\u00e9s, es decir, en el momento en el que ya nos hemos posicionado varias veces y hemos establecido con cierta nitidez c\u00f3mo plantear las relaciones, tanto entre nosotros mismos como con el resto de agentes del \u00e1mbito de la edificaci\u00f3n.\u201d<\/em><\/p>\n<h2><strong>2. Una aproximaci\u00f3n pr\u00e1ctica al dise\u00f1o de vigas de cables para cubiertas y fachadas ligeras<\/strong><\/h2>\n<p>Art\u00edculo redactado por\u00a0<b>CARLES TEJIDOR BEGUDAN<\/b>. Descarga la revista para conocer las soluciones eficientes para cubiertas y fachadas ligeras.<\/p>\n<p><em>\u201cLas vigas de cables son una soluci\u00f3n realmente eficiente cuando se quiere soportar una fachada o cubierta en una zona di\u00e1fana de un edificio, ofreciendo un aspecto est\u00e9tico altamente ligero y transparente, ideal cuando el material de cierre es vidrio .<\/em><\/p>\n<p><em>Estas vigas normalmente est\u00e1n formadas por dos cables pretensados unidos mediante elementos de conexi\u00f3n (bielas) que los mantienen en la forma deseada. Los cables suelen extenderse en forma parab\u00f3lica para conseguir un mejor comportamiento estructural.\u201d<\/em><\/p>\n<h2><strong>3. La estructura de Isozaki Atea<\/strong><\/h2>\n<p>Art\u00edculo redactado por\u00a0<b>DIEG MART\u00cdN<\/b>. Descarga la revista para conocer la estructura de Isozki Atea de Bilbao dentro de los ciclos de conferencias del ACE.<\/p>\n<p><em>\u201c<a href=\"https:\/\/es.wikipedia.org\/wiki\/Isozaki_Atea\" target=\"_blank\" rel=\"noopener noreferrer\">Isozaki Atea<\/a>\u00a0quiere decir \u00abla puerta de &#8216;Isozaki\u00bb, nombre con el que los bilba\u00ednos han bautizado este edificio en honor al arquitecto del proyecto, Arata Isozaki.<\/em><\/p>\n<p><em>La intenci\u00f3n de explicar este proyecto dentro del ciclo de conferencias de la ACE ha sido poder compartir con el resto de colegas de esta profesi\u00f3n una experiencia enriquecedora que me ha servido para profundizar en diversos campos dentro de las estructuras.\u201d<\/em><\/p>\n<h2><strong>4. La durabilidad de los suelos<\/strong><\/h2>\n<p>Art\u00edculo redactado por\u00a0<b>FRUCTUOSO MA\u00d1\u00c0<\/b>. Descarga la revista para conocer la durabilidad de los materiales y soluciones constructivas a trav\u00e9s del tiempo.<\/p>\n<p><em>\u201cEn la construcci\u00f3n, entendemos por duraci\u00f3n la capacidad de los materiales y de las soluciones constructivas de mantener, a trav\u00e9s del tiempo, las propiedades por las que fueron escogidos por el prescriptor.<\/em><\/p>\n<p><em>La correcci\u00f3n de las carencias de duraci\u00f3n de algunos materiales se lleva a cabo mediante tareas de mantenimiento y\/o de sustituci\u00f3n que deber\u00edan ser prescritas en el Pliego de Condiciones del Proyecto.<\/em><\/ p><\/p>\n<p><em>El mantenimiento y la sustituci\u00f3n son actividades no deseadas por el usuario pero para nosotros son un recurso de peso cuando la demanda de satisfacci\u00f3n de un requisito nuevo debemos resolverla con materiales menos duraderos que los tradicionales. Es un recurso para luchar contra el inexorable principio segundo de la termodin\u00e1mica: con el tiempo toda estructura tiende al desorden.\u201d<\/em><\/p>\n<h2><strong>5. Pasadores<\/strong><\/h2>\n<p>Art\u00edculo redactado por\u00a0<b>RAMON SASTRE SASTRE<\/b>. Descarga la revista para conocer a los pasadores en las estructuras ligeras.<\/p>\n<p><em>\u201cHasta la aparici\u00f3n del C\u00f3digo T\u00e9cnico, la normativa espa\u00f1ola de estructuras de acero (la \u00faltima, la NBE-EA-95) no hac\u00eda referencia expl\u00edcita al dise\u00f1o y c\u00e1lculo de los pasadores de las uniones articuladas . En el caso de las estructuras ligeras \u00e9ste es un tipo de detalle muy utilizado.<\/em><\/p>\n<p><em>Incluso, tal y como se puede apreciar en las im\u00e1genes de la figura 1, podemos diferenciar claramente entre los pasadores de uniones comprimidas (la base del pilar) y de uniones traccionadas (el anclaje a la pared).\u201d<\/em><\/p>\n<h2><strong>6. 22@ Parque Barcelona Media<\/strong><\/h2>\n<p>Art\u00edculo redactado por\u00a0<b>PAMIAS SERVICIOS DE INGENIER\u00cdA SA<\/b>.<\/p>\n<p><em>\u201cTodos aquellos que hemos proyectado estructuras de edificios en el nuevo ensanche de Barcelona desde la plaza de las Gl\u00f2ries hasta el F\u00f2rum nos encontramos con un terreno de similares caracter\u00edsticas, con m\u00e1s o menos variaciones. En la zona de Poble Nou, adem\u00e1s, nos encontramos con la necesidad de preservar las antiguas chimeneas de alba\u00f1iler\u00eda existentes, testigos de un glorioso pasado industrial.<\/em><\/p>\n<p><em>Este art\u00edculo es un complemento de otros, que durante los \u00faltimos a\u00f1os han sido publicados en nuestros \u00abCuadernos de Estructuras\u00bb; en concreto el n\u00famero 3 por los compa\u00f1eros Josep Baquer, en el n\u00famero 23 por Ferran Anguita y tambi\u00e9n en el n\u00famero 14 por Enric Xercavins y Carles Diaz.\u201d<\/em><\/p>\n<h2><strong>7. Informes<\/strong><\/h2>\n<h2><strong>8. Miscel\u00e1nea<\/strong><\/h2>\n<h2><strong>9. Lista de miembros de la Asociaci\u00f3n<\/strong><\/h2>\n<p>Conoce a los\u00a0miembros\u00a0de la Asociaci\u00f3n Consultores de Estructuras. Podr\u00e1s ver los nuevos integrantes que participan por el reconocimiento de la profesi\u00f3n dentro del mundo de la construcci\u00f3n.<\/p>\n","protected":false},"excerpt":{"rendered":"<ul>\n<li>1. Editorial.<\/li>\n<li>2. Una aproximaci\u00f3n pr\u00e1ctica al dise\u00f1o de vigas de cables para cubiertas y fachadas ligeras<\/li>\n<li>3. La estructura de Isozaki Atea<\/li>\n<li>4. La durabilidad de los suelos<\/li>\n<li>5. Pasadores<\/li>\n<li>6. 22@ Parque Barcelona Media<\/li>\n<li>7. Informes<\/li>\n<li>8. Miscel\u00e1nea<\/li>\n<li>9. Lista de miembros de la Asociaci\u00f3n<\/li>\n<\/ul>\n","protected":false},"featured_media":38049,"template":"","meta":{"_acf_changed":false,"site-sidebar-layout":"default","site-content-layout":"default","ast-global-header-display":"","ast-main-header-display":"","ast-hfb-above-header-display":"","ast-hfb-below-header-display":"","ast-hfb-mobile-header-display":"","site-post-title":"","ast-breadcrumbs-content":"","ast-featured-img":"","footer-sml-layout":"","theme-transparent-header-meta":"default","adv-header-id-meta":"","stick-header-meta":"","header-above-stick-meta":"","header-main-stick-meta":"","header-below-stick-meta":""},"product_brand":[],"product_cat":[595],"product_tag":[],"class_list":{"0":"post-39740","1":"product","2":"type-product","3":"status-publish","4":"has-post-thumbnail","6":"product_cat-cuaderno-de-estructuras","7":"desktop-align-left","8":"tablet-align-left","9":"mobile-align-left","11":"first","12":"instock","13":"taxable","14":"shipping-taxable","15":"purchasable","16":"product-type-variable","17":"has-default-attributes"},"acf":[],"yoast_head":"<!-- This site is optimized with the Yoast SEO plugin v27.1.1 - https:\/\/yoast.com\/product\/yoast-seo-wordpress\/ -->\n<title>Quaderns d&#039;Estructures 26 | ACE<\/title>\n<meta name=\"description\" content=\"Revista n\u00ba 26 con art\u00edculos de actualidad que tratan sobre la construcci\u00f3n de estructuras y que publica la Asociaci\u00f3n de Consultores de Estructuras (ACE).\" \/>\n<meta name=\"robots\" content=\"index, follow, max-snippet:-1, max-image-preview:large, max-video-preview:-1\" \/>\n<link rel=\"canonical\" href=\"https:\/\/aceweb.cat\/es\/producto\/quaderns-destructures-26\/\" \/>\n<meta property=\"og:locale\" content=\"es_ES\" \/>\n<meta property=\"og:type\" content=\"article\" \/>\n<meta property=\"og:title\" content=\"Quaderns d&#039;Estructures 26 | ACE\" \/>\n<meta property=\"og:description\" content=\"Revista n\u00ba 26 con art\u00edculos de actualidad que tratan sobre la construcci\u00f3n de estructuras y que publica la Asociaci\u00f3n de Consultores de Estructuras (ACE).\" \/>\n<meta property=\"og:url\" content=\"https:\/\/aceweb.cat\/es\/producto\/quaderns-destructures-26\/\" \/>\n<meta property=\"og:site_name\" content=\"aceweb.cat\" \/>\n<meta property=\"article:modified_time\" content=\"2023-03-22T15:54:01+00:00\" \/>\n<meta property=\"og:image\" content=\"https:\/\/aceweb.cat\/wp-content\/uploads\/2023\/02\/ACE-Quaderns-Estructures-026.jpg\" \/>\n\t<meta property=\"og:image:width\" content=\"724\" \/>\n\t<meta property=\"og:image:height\" content=\"1024\" \/>\n\t<meta property=\"og:image:type\" content=\"image\/jpeg\" \/>\n<meta name=\"twitter:card\" content=\"summary_large_image\" \/>\n<meta name=\"twitter:label1\" content=\"Tiempo de lectura\" \/>\n\t<meta name=\"twitter:data1\" content=\"4 minutos\" \/>\n<script type=\"application\/ld+json\" class=\"yoast-schema-graph\">{\"@context\":\"https:\/\/schema.org\",\"@graph\":[{\"@type\":\"WebPage\",\"@id\":\"https:\/\/aceweb.cat\/es\/producto\/quaderns-destructures-26\/\",\"url\":\"https:\/\/aceweb.cat\/es\/producto\/quaderns-destructures-26\/\",\"name\":\"Quaderns d'Estructures 26 | ACE\",\"isPartOf\":{\"@id\":\"https:\/\/aceweb.cat\/#website\"},\"primaryImageOfPage\":{\"@id\":\"https:\/\/aceweb.cat\/es\/producto\/quaderns-destructures-26\/#primaryimage\"},\"image\":{\"@id\":\"https:\/\/aceweb.cat\/es\/producto\/quaderns-destructures-26\/#primaryimage\"},\"thumbnailUrl\":\"https:\/\/aceweb.cat\/wp-content\/uploads\/2023\/02\/ACE-Quaderns-Estructures-026.jpg\",\"datePublished\":\"2022-12-11T10:00:03+00:00\",\"dateModified\":\"2023-03-22T15:54:01+00:00\",\"description\":\"Revista n\u00ba 26 con art\u00edculos de actualidad que tratan sobre la construcci\u00f3n de estructuras y que publica la Asociaci\u00f3n de Consultores de Estructuras (ACE).\",\"breadcrumb\":{\"@id\":\"https:\/\/aceweb.cat\/es\/producto\/quaderns-destructures-26\/#breadcrumb\"},\"inLanguage\":\"es\",\"potentialAction\":[{\"@type\":\"ReadAction\",\"target\":[\"https:\/\/aceweb.cat\/es\/producto\/quaderns-destructures-26\/\"]}]},{\"@type\":\"ImageObject\",\"inLanguage\":\"es\",\"@id\":\"https:\/\/aceweb.cat\/es\/producto\/quaderns-destructures-26\/#primaryimage\",\"url\":\"https:\/\/aceweb.cat\/wp-content\/uploads\/2023\/02\/ACE-Quaderns-Estructures-026.jpg\",\"contentUrl\":\"https:\/\/aceweb.cat\/wp-content\/uploads\/2023\/02\/ACE-Quaderns-Estructures-026.jpg\",\"width\":724,\"height\":1024},{\"@type\":\"BreadcrumbList\",\"@id\":\"https:\/\/aceweb.cat\/es\/producto\/quaderns-destructures-26\/#breadcrumb\",\"itemListElement\":[{\"@type\":\"ListItem\",\"position\":1,\"name\":\"Inici\",\"item\":\"https:\/\/aceweb.cat\/\"},{\"@type\":\"ListItem\",\"position\":2,\"name\":\"Tienda\",\"item\":\"https:\/\/aceweb.cat\/es\/tienda\/\"},{\"@type\":\"ListItem\",\"position\":3,\"name\":\"Quadern d\u2019Estructures\",\"item\":\"https:\/\/aceweb.cat\/es\/categoria-producto\/cuaderno-de-estructuras\/\"},{\"@type\":\"ListItem\",\"position\":4,\"name\":\"Quaderns d&#8217;Estructures 26\"}]},{\"@type\":\"WebSite\",\"@id\":\"https:\/\/aceweb.cat\/#website\",\"url\":\"https:\/\/aceweb.cat\/\",\"name\":\"ACE\",\"description\":\"Associaci\u00f3 de Consultors d&#039;Estructures | ACE\",\"publisher\":{\"@id\":\"https:\/\/aceweb.cat\/#organization\"},\"alternateName\":\"ACE\",\"potentialAction\":[{\"@type\":\"SearchAction\",\"target\":{\"@type\":\"EntryPoint\",\"urlTemplate\":\"https:\/\/aceweb.cat\/?s={search_term_string}\"},\"query-input\":{\"@type\":\"PropertyValueSpecification\",\"valueRequired\":true,\"valueName\":\"search_term_string\"}}],\"inLanguage\":\"es\"},{\"@type\":\"Organization\",\"@id\":\"https:\/\/aceweb.cat\/#organization\",\"name\":\"ACE\",\"alternateName\":\"ACE\",\"url\":\"https:\/\/aceweb.cat\/\",\"logo\":{\"@type\":\"ImageObject\",\"inLanguage\":\"es\",\"@id\":\"https:\/\/aceweb.cat\/#\/schema\/logo\/image\/\",\"url\":\"https:\/\/aceweb.cat\/wp-content\/uploads\/2022\/10\/logo.svg\",\"contentUrl\":\"https:\/\/aceweb.cat\/wp-content\/uploads\/2022\/10\/logo.svg\",\"width\":1,\"height\":1,\"caption\":\"ACE\"},\"image\":{\"@id\":\"https:\/\/aceweb.cat\/#\/schema\/logo\/image\/\"}}]}<\/script>\n<!-- \/ Yoast SEO plugin. -->","yoast_head_json":{"title":"Quaderns d'Estructures 26 | ACE","description":"Revista n\u00ba 26 con art\u00edculos de actualidad que tratan sobre la construcci\u00f3n de estructuras y que publica la Asociaci\u00f3n de Consultores de Estructuras (ACE).","robots":{"index":"index","follow":"follow","max-snippet":"max-snippet:-1","max-image-preview":"max-image-preview:large","max-video-preview":"max-video-preview:-1"},"canonical":"https:\/\/aceweb.cat\/es\/producto\/quaderns-destructures-26\/","og_locale":"es_ES","og_type":"article","og_title":"Quaderns d'Estructures 26 | ACE","og_description":"Revista n\u00ba 26 con art\u00edculos de actualidad que tratan sobre la construcci\u00f3n de estructuras y que publica la Asociaci\u00f3n de Consultores de Estructuras (ACE).","og_url":"https:\/\/aceweb.cat\/es\/producto\/quaderns-destructures-26\/","og_site_name":"aceweb.cat","article_modified_time":"2023-03-22T15:54:01+00:00","og_image":[{"width":724,"height":1024,"url":"https:\/\/aceweb.cat\/wp-content\/uploads\/2023\/02\/ACE-Quaderns-Estructures-026.jpg","type":"image\/jpeg"}],"twitter_card":"summary_large_image","twitter_misc":{"Tiempo de lectura":"4 minutos"},"schema":{"@context":"https:\/\/schema.org","@graph":[{"@type":"WebPage","@id":"https:\/\/aceweb.cat\/es\/producto\/quaderns-destructures-26\/","url":"https:\/\/aceweb.cat\/es\/producto\/quaderns-destructures-26\/","name":"Quaderns d'Estructures 26 | ACE","isPartOf":{"@id":"https:\/\/aceweb.cat\/#website"},"primaryImageOfPage":{"@id":"https:\/\/aceweb.cat\/es\/producto\/quaderns-destructures-26\/#primaryimage"},"image":{"@id":"https:\/\/aceweb.cat\/es\/producto\/quaderns-destructures-26\/#primaryimage"},"thumbnailUrl":"https:\/\/aceweb.cat\/wp-content\/uploads\/2023\/02\/ACE-Quaderns-Estructures-026.jpg","datePublished":"2022-12-11T10:00:03+00:00","dateModified":"2023-03-22T15:54:01+00:00","description":"Revista n\u00ba 26 con art\u00edculos de actualidad que tratan sobre la construcci\u00f3n de estructuras y que publica la Asociaci\u00f3n de Consultores de Estructuras (ACE).","breadcrumb":{"@id":"https:\/\/aceweb.cat\/es\/producto\/quaderns-destructures-26\/#breadcrumb"},"inLanguage":"es","potentialAction":[{"@type":"ReadAction","target":["https:\/\/aceweb.cat\/es\/producto\/quaderns-destructures-26\/"]}]},{"@type":"ImageObject","inLanguage":"es","@id":"https:\/\/aceweb.cat\/es\/producto\/quaderns-destructures-26\/#primaryimage","url":"https:\/\/aceweb.cat\/wp-content\/uploads\/2023\/02\/ACE-Quaderns-Estructures-026.jpg","contentUrl":"https:\/\/aceweb.cat\/wp-content\/uploads\/2023\/02\/ACE-Quaderns-Estructures-026.jpg","width":724,"height":1024},{"@type":"BreadcrumbList","@id":"https:\/\/aceweb.cat\/es\/producto\/quaderns-destructures-26\/#breadcrumb","itemListElement":[{"@type":"ListItem","position":1,"name":"Inici","item":"https:\/\/aceweb.cat\/"},{"@type":"ListItem","position":2,"name":"Tienda","item":"https:\/\/aceweb.cat\/es\/tienda\/"},{"@type":"ListItem","position":3,"name":"Quadern d\u2019Estructures","item":"https:\/\/aceweb.cat\/es\/categoria-producto\/cuaderno-de-estructuras\/"},{"@type":"ListItem","position":4,"name":"Quaderns d&#8217;Estructures 26"}]},{"@type":"WebSite","@id":"https:\/\/aceweb.cat\/#website","url":"https:\/\/aceweb.cat\/","name":"ACE","description":"Associaci\u00f3 de Consultors d&#039;Estructures | ACE","publisher":{"@id":"https:\/\/aceweb.cat\/#organization"},"alternateName":"ACE","potentialAction":[{"@type":"SearchAction","target":{"@type":"EntryPoint","urlTemplate":"https:\/\/aceweb.cat\/?s={search_term_string}"},"query-input":{"@type":"PropertyValueSpecification","valueRequired":true,"valueName":"search_term_string"}}],"inLanguage":"es"},{"@type":"Organization","@id":"https:\/\/aceweb.cat\/#organization","name":"ACE","alternateName":"ACE","url":"https:\/\/aceweb.cat\/","logo":{"@type":"ImageObject","inLanguage":"es","@id":"https:\/\/aceweb.cat\/#\/schema\/logo\/image\/","url":"https:\/\/aceweb.cat\/wp-content\/uploads\/2022\/10\/logo.svg","contentUrl":"https:\/\/aceweb.cat\/wp-content\/uploads\/2022\/10\/logo.svg","width":1,"height":1,"caption":"ACE"},"image":{"@id":"https:\/\/aceweb.cat\/#\/schema\/logo\/image\/"}}]}},"_links":{"self":[{"href":"https:\/\/aceweb.cat\/es\/wp-json\/wp\/v2\/product\/39740","targetHints":{"allow":["GET"]}}],"collection":[{"href":"https:\/\/aceweb.cat\/es\/wp-json\/wp\/v2\/product"}],"about":[{"href":"https:\/\/aceweb.cat\/es\/wp-json\/wp\/v2\/types\/product"}],"version-history":[{"count":1,"href":"https:\/\/aceweb.cat\/es\/wp-json\/wp\/v2\/product\/39740\/revisions"}],"predecessor-version":[{"id":41008,"href":"https:\/\/aceweb.cat\/es\/wp-json\/wp\/v2\/product\/39740\/revisions\/41008"}],"wp:featuredmedia":[{"embeddable":true,"href":"https:\/\/aceweb.cat\/es\/wp-json\/wp\/v2\/media\/38049"}],"wp:attachment":[{"href":"https:\/\/aceweb.cat\/es\/wp-json\/wp\/v2\/media?parent=39740"}],"wp:term":[{"taxonomy":"product_brand","embeddable":true,"href":"https:\/\/aceweb.cat\/es\/wp-json\/wp\/v2\/product_brand?post=39740"},{"taxonomy":"product_cat","embeddable":true,"href":"https:\/\/aceweb.cat\/es\/wp-json\/wp\/v2\/product_cat?post=39740"},{"taxonomy":"product_tag","embeddable":true,"href":"https:\/\/aceweb.cat\/es\/wp-json\/wp\/v2\/product_tag?post=39740"}],"curies":[{"name":"wp","href":"https:\/\/api.w.org\/{rel}","templated":true}]}}