{"id":39743,"date":"2022-12-12T10:00:27","date_gmt":"2022-12-12T10:00:27","guid":{"rendered":"https:\/\/www.aceweb.advertis.es\/producto\/quaderns-destructures-27\/"},"modified":"2023-03-22T15:54:14","modified_gmt":"2023-03-22T15:54:14","slug":"quaderns-destructures-27","status":"publish","type":"product","link":"https:\/\/aceweb.cat\/es\/producto\/quaderns-destructures-27\/","title":{"rendered":"Quaderns d&#8217;Estructures 27"},"content":{"rendered":"<p>Este n\u00famero incluye:<\/p>\n<h2><strong>1. Editorial. Una historia de bomberos<\/strong><\/h2>\n<p>Art\u00edculo redactado por\u00a0<b>JORDI PEDREROL<\/b>. Descarga la revista para conocer la idea de crear un servicio con el Departamento de Medio Ambiente y Vivienda para la investigaci\u00f3n de siniestros estructurales.<\/p>\n<p><em>\u201cHace ya cerca de un a\u00f1o y medio que la ACE tuvo un primer contacto con D\u00aa. Carme Trilla, en ese momento Directora General de Vivienda del Departamento de Medio Ambiente y Vivienda. Le expusimos la idea de crear un Servicio para la investigaci\u00f3n sistem\u00e1tica de siniestros estructurales, en cooperaci\u00f3n entre la Direcci\u00f3n General de Vivienda y la ACE, con el prop\u00f3sito de establecer estad\u00edsticas y causas y, eventualmente, propuestas que mejoraran en el futuro la seguridad frente a este tipo de desgracias.<\/em><\/p>\n<p><em>La idea le gust\u00f3, y en las semanas siguientes se fue desarrollando el concepto, hasta el punto de que a su intervenci\u00f3n en nuestro Primer Congreso de Consultores de Estructuras en febrero del 2006 , ya anunci\u00f3 que el acuerdo era un hecho, restando \u00fanicamente el acto protocolario de su firma.\u201d<\/em><\/p>\n<h2><strong>2. Proyecto de forjados mixtos de chapa nervada<\/strong><\/h2>\n<p>Art\u00edculo redactado por\u00a0<b>RAM\u00d3N ESCOLANO MIGUEL<\/b>.<\/p>\n<h2><strong>3. Curso \u00abImplantaci\u00f3n del CTE en las estructuras\u00bb<\/strong><\/h2>\n<p>Art\u00edculo redactado por\u00a0<b>LAURA VALVERDE ARAG\u00d3N<\/b>. Descarga la revista para conocer el curso de Implantaci\u00f3n del CTE.<\/p>\n<p><em>\u201cEn el inter\u00e9s bianual entre el primer Congreso de Consultores de Estructuras realizado en febrero de 2006 y el segundo que se realizar\u00e1 durante el primer trimestre de 2008, se ha celebrado el curso \u00abImplantaci\u00f3n del\u00a0<a href=\"https:\/\/www.codigotecnico.org\/QueEsCTE\/QueEsElCTE.html\" target=\"_blank\" rel=\"noopener noreferrer\">C\u00f3digo T\u00e9cnico de la Edificaci\u00f3n<\/a>\u00a0en las Estructuras\u00bb organizado por la Asociaci\u00f3n de Consultores de Estructuras ACE y coordinado por Antoni Bl\u00e1zquez, responsable del \u00c1rea T\u00e9cnica de la misma.<\/em><\/p>\n<p><em>El objetivo del curso era el de \u00abasimilar la nueva normativa y compararla con la anterior para proceder a su comprensi\u00f3n ya su implantaci\u00f3n, as\u00ed como generar debate sobre sus planteamientos entre los proyectistas de estructuras\u00bb.\u201d<\/em><\/p>\n<h2><strong>4. Anclaje de barras corrugadas a posteriori<\/strong><\/h2>\n<p>Art\u00edculo redactado por\u00a0<b>ALBERT MARULL TORRES<\/b>. Descarga la revista para conocer el anclaje de barras corrugadas.<\/p>\n<p><em>\u201cCada vez m\u00e1s, motivado principalmente por los actuales m\u00e9todos constructivos, es habitual proceder al dise\u00f1o de conexiones entre elementos de hormig\u00f3n armados ejecutados en distintas fases.<\/em><\/p>\n<p><em>Algunas de las aplicaciones m\u00e1s habituales en edificaci\u00f3n son conexiones entre muros pantalla y forjados, o la ejecuci\u00f3n de esperas de pilares mal replanteados. En obra civil destacan los recrecidos de puentes, as\u00ed como las conexiones de losas a dovelas de t\u00faneles oa muros-pantalla.\u201d<\/em><\/p>\n<h2><strong>5. Introducci\u00f3n a la Monitorizaci\u00f3n de las Estructuras y el porqu\u00e9 de su importancia<\/strong><\/h2>\n<p>Art\u00edculo redactado por\u00a0<b>VICENS VILLALBA HERRERO<\/b>. Descarga la revista para conocer los requisitos b\u00e1sicos de seguridad y habitabilidad.<\/p>\n<p><em>\u201cCon la entrada en vigor del C\u00f3digo T\u00e9cnico de la Edificaci\u00f3n (CTE) se procura dar respuesta a los requisitos b\u00e1sicos de seguridad y habitabilidad establecidos en la LOE como objetivos de Calidad en la Edificaci\u00f3n.<\/em ><\/p>\n<p><em>El objetivo del requisito b\u00e1sico \u00abSeguridad Estructural\u00bb consiste en asegurar que la edificaci\u00f3n tenga un comportamiento adecuado frente a las acciones e influencias previsibles a las que pueda estar sometido durante su construcci\u00f3n y uso previsto.<\/p>\n<p> me><\/p>\n<p><em>Para poder llegar a esta meta, es necesario cumplir con las exigencias b\u00e1sicas marcadas en el CTE: Resistencia, Estabilidad y Aptitud al Servicio.\u201d<\/em><\/p>\n<h2><strong>6. Miscel\u00e1nea<\/strong><\/h2>\n<h2><strong>7. Lista de miembros de la Asociaci\u00f3n<\/strong><\/h2>\n<p>Conoce a los\u00a0miembros\u00a0de la Asociaci\u00f3n Consultores de Estructuras. Podr\u00e1s ver a los nuevos integrantes que participan por el reconocimiento de la profesi\u00f3n dentro del mundo de la construcci\u00f3n.<\/p>\n","protected":false},"excerpt":{"rendered":"<ul>\n<li>1. Editorial. Una historia de bomberos<\/li>\n<li>2. Proyecto de forjados mixtos de chapa nervada<\/li>\n<li>3. Curso \u00abImplantaci\u00f3n del CTE en las estructuras\u00bb<\/li>\n<li>4. Anclaje de barras corrugadas a posteriori<\/li>\n<li>5. Introducci\u00f3n a la Monitorizaci\u00f3n de las Estructuras y el porqu\u00e9 de su importancia<\/li>\n<li>6. Miscel\u00e1nea<\/li>\n<li>7. Lista de miembros de la Asociaci\u00f3n<\/li>\n<\/ul>\n","protected":false},"featured_media":38039,"template":"","meta":{"_acf_changed":false,"site-sidebar-layout":"default","site-content-layout":"default","ast-global-header-display":"","ast-main-header-display":"","ast-hfb-above-header-display":"","ast-hfb-below-header-display":"","ast-hfb-mobile-header-display":"","site-post-title":"","ast-breadcrumbs-content":"","ast-featured-img":"","footer-sml-layout":"","theme-transparent-header-meta":"default","adv-header-id-meta":"","stick-header-meta":"","header-above-stick-meta":"","header-main-stick-meta":"","header-below-stick-meta":""},"product_brand":[],"product_cat":[595],"product_tag":[],"class_list":{"0":"post-39743","1":"product","2":"type-product","3":"status-publish","4":"has-post-thumbnail","6":"product_cat-cuaderno-de-estructuras","7":"desktop-align-left","8":"tablet-align-left","9":"mobile-align-left","11":"first","12":"instock","13":"taxable","14":"shipping-taxable","15":"purchasable","16":"product-type-variable","17":"has-default-attributes"},"acf":[],"yoast_head":"<!-- This site is optimized with the Yoast SEO plugin v27.1.1 - https:\/\/yoast.com\/product\/yoast-seo-wordpress\/ -->\n<title>Quaderns d&#039;Estructures 27 | ACE<\/title>\n<meta name=\"description\" content=\"Revista n\u00ba 27 con art\u00edculos de actualidad que tratan sobre la construcci\u00f3n de estructuras y que publica la Asociaci\u00f3n de Consultores de Estructuras (ACE).\" \/>\n<meta name=\"robots\" content=\"index, follow, max-snippet:-1, max-image-preview:large, max-video-preview:-1\" \/>\n<link rel=\"canonical\" href=\"https:\/\/aceweb.cat\/es\/producto\/quaderns-destructures-27\/\" \/>\n<meta property=\"og:locale\" content=\"es_ES\" \/>\n<meta property=\"og:type\" content=\"article\" \/>\n<meta property=\"og:title\" content=\"Quaderns d&#039;Estructures 27 | ACE\" \/>\n<meta property=\"og:description\" content=\"Revista n\u00ba 27 con art\u00edculos de actualidad que tratan sobre la construcci\u00f3n de estructuras y que publica la Asociaci\u00f3n de Consultores de Estructuras (ACE).\" \/>\n<meta property=\"og:url\" content=\"https:\/\/aceweb.cat\/es\/producto\/quaderns-destructures-27\/\" \/>\n<meta property=\"og:site_name\" content=\"aceweb.cat\" \/>\n<meta property=\"article:modified_time\" content=\"2023-03-22T15:54:14+00:00\" \/>\n<meta property=\"og:image\" content=\"https:\/\/aceweb.cat\/wp-content\/uploads\/2023\/02\/ACE-Quaderns-Estructures-027.jpg\" \/>\n\t<meta property=\"og:image:width\" content=\"724\" \/>\n\t<meta property=\"og:image:height\" content=\"1024\" \/>\n\t<meta property=\"og:image:type\" content=\"image\/jpeg\" \/>\n<meta name=\"twitter:card\" content=\"summary_large_image\" \/>\n<meta name=\"twitter:label1\" content=\"Tiempo de lectura\" \/>\n\t<meta name=\"twitter:data1\" content=\"3 minutos\" \/>\n<script type=\"application\/ld+json\" class=\"yoast-schema-graph\">{\"@context\":\"https:\/\/schema.org\",\"@graph\":[{\"@type\":\"WebPage\",\"@id\":\"https:\/\/aceweb.cat\/es\/producto\/quaderns-destructures-27\/\",\"url\":\"https:\/\/aceweb.cat\/es\/producto\/quaderns-destructures-27\/\",\"name\":\"Quaderns d'Estructures 27 | ACE\",\"isPartOf\":{\"@id\":\"https:\/\/aceweb.cat\/#website\"},\"primaryImageOfPage\":{\"@id\":\"https:\/\/aceweb.cat\/es\/producto\/quaderns-destructures-27\/#primaryimage\"},\"image\":{\"@id\":\"https:\/\/aceweb.cat\/es\/producto\/quaderns-destructures-27\/#primaryimage\"},\"thumbnailUrl\":\"https:\/\/aceweb.cat\/wp-content\/uploads\/2023\/02\/ACE-Quaderns-Estructures-027.jpg\",\"datePublished\":\"2022-12-12T10:00:27+00:00\",\"dateModified\":\"2023-03-22T15:54:14+00:00\",\"description\":\"Revista n\u00ba 27 con art\u00edculos de actualidad que tratan sobre la construcci\u00f3n de estructuras y que publica la Asociaci\u00f3n de Consultores de Estructuras (ACE).\",\"breadcrumb\":{\"@id\":\"https:\/\/aceweb.cat\/es\/producto\/quaderns-destructures-27\/#breadcrumb\"},\"inLanguage\":\"es\",\"potentialAction\":[{\"@type\":\"ReadAction\",\"target\":[\"https:\/\/aceweb.cat\/es\/producto\/quaderns-destructures-27\/\"]}]},{\"@type\":\"ImageObject\",\"inLanguage\":\"es\",\"@id\":\"https:\/\/aceweb.cat\/es\/producto\/quaderns-destructures-27\/#primaryimage\",\"url\":\"https:\/\/aceweb.cat\/wp-content\/uploads\/2023\/02\/ACE-Quaderns-Estructures-027.jpg\",\"contentUrl\":\"https:\/\/aceweb.cat\/wp-content\/uploads\/2023\/02\/ACE-Quaderns-Estructures-027.jpg\",\"width\":724,\"height\":1024},{\"@type\":\"BreadcrumbList\",\"@id\":\"https:\/\/aceweb.cat\/es\/producto\/quaderns-destructures-27\/#breadcrumb\",\"itemListElement\":[{\"@type\":\"ListItem\",\"position\":1,\"name\":\"Inici\",\"item\":\"https:\/\/aceweb.cat\/\"},{\"@type\":\"ListItem\",\"position\":2,\"name\":\"Tienda\",\"item\":\"https:\/\/aceweb.cat\/es\/tienda\/\"},{\"@type\":\"ListItem\",\"position\":3,\"name\":\"Quadern d\u2019Estructures\",\"item\":\"https:\/\/aceweb.cat\/es\/categoria-producto\/cuaderno-de-estructuras\/\"},{\"@type\":\"ListItem\",\"position\":4,\"name\":\"Quaderns d&#8217;Estructures 27\"}]},{\"@type\":\"WebSite\",\"@id\":\"https:\/\/aceweb.cat\/#website\",\"url\":\"https:\/\/aceweb.cat\/\",\"name\":\"ACE\",\"description\":\"Associaci\u00f3 de Consultors d&#039;Estructures | ACE\",\"publisher\":{\"@id\":\"https:\/\/aceweb.cat\/#organization\"},\"alternateName\":\"ACE\",\"potentialAction\":[{\"@type\":\"SearchAction\",\"target\":{\"@type\":\"EntryPoint\",\"urlTemplate\":\"https:\/\/aceweb.cat\/?s={search_term_string}\"},\"query-input\":{\"@type\":\"PropertyValueSpecification\",\"valueRequired\":true,\"valueName\":\"search_term_string\"}}],\"inLanguage\":\"es\"},{\"@type\":\"Organization\",\"@id\":\"https:\/\/aceweb.cat\/#organization\",\"name\":\"ACE\",\"alternateName\":\"ACE\",\"url\":\"https:\/\/aceweb.cat\/\",\"logo\":{\"@type\":\"ImageObject\",\"inLanguage\":\"es\",\"@id\":\"https:\/\/aceweb.cat\/#\/schema\/logo\/image\/\",\"url\":\"https:\/\/aceweb.cat\/wp-content\/uploads\/2022\/10\/logo.svg\",\"contentUrl\":\"https:\/\/aceweb.cat\/wp-content\/uploads\/2022\/10\/logo.svg\",\"width\":1,\"height\":1,\"caption\":\"ACE\"},\"image\":{\"@id\":\"https:\/\/aceweb.cat\/#\/schema\/logo\/image\/\"}}]}<\/script>\n<!-- \/ Yoast SEO plugin. -->","yoast_head_json":{"title":"Quaderns d'Estructures 27 | ACE","description":"Revista n\u00ba 27 con art\u00edculos de actualidad que tratan sobre la construcci\u00f3n de estructuras y que publica la Asociaci\u00f3n de Consultores de Estructuras (ACE).","robots":{"index":"index","follow":"follow","max-snippet":"max-snippet:-1","max-image-preview":"max-image-preview:large","max-video-preview":"max-video-preview:-1"},"canonical":"https:\/\/aceweb.cat\/es\/producto\/quaderns-destructures-27\/","og_locale":"es_ES","og_type":"article","og_title":"Quaderns d'Estructures 27 | ACE","og_description":"Revista n\u00ba 27 con art\u00edculos de actualidad que tratan sobre la construcci\u00f3n de estructuras y que publica la Asociaci\u00f3n de Consultores de Estructuras (ACE).","og_url":"https:\/\/aceweb.cat\/es\/producto\/quaderns-destructures-27\/","og_site_name":"aceweb.cat","article_modified_time":"2023-03-22T15:54:14+00:00","og_image":[{"width":724,"height":1024,"url":"https:\/\/aceweb.cat\/wp-content\/uploads\/2023\/02\/ACE-Quaderns-Estructures-027.jpg","type":"image\/jpeg"}],"twitter_card":"summary_large_image","twitter_misc":{"Tiempo de lectura":"3 minutos"},"schema":{"@context":"https:\/\/schema.org","@graph":[{"@type":"WebPage","@id":"https:\/\/aceweb.cat\/es\/producto\/quaderns-destructures-27\/","url":"https:\/\/aceweb.cat\/es\/producto\/quaderns-destructures-27\/","name":"Quaderns d'Estructures 27 | ACE","isPartOf":{"@id":"https:\/\/aceweb.cat\/#website"},"primaryImageOfPage":{"@id":"https:\/\/aceweb.cat\/es\/producto\/quaderns-destructures-27\/#primaryimage"},"image":{"@id":"https:\/\/aceweb.cat\/es\/producto\/quaderns-destructures-27\/#primaryimage"},"thumbnailUrl":"https:\/\/aceweb.cat\/wp-content\/uploads\/2023\/02\/ACE-Quaderns-Estructures-027.jpg","datePublished":"2022-12-12T10:00:27+00:00","dateModified":"2023-03-22T15:54:14+00:00","description":"Revista n\u00ba 27 con art\u00edculos de actualidad que tratan sobre la construcci\u00f3n de estructuras y que publica la Asociaci\u00f3n de Consultores de Estructuras (ACE).","breadcrumb":{"@id":"https:\/\/aceweb.cat\/es\/producto\/quaderns-destructures-27\/#breadcrumb"},"inLanguage":"es","potentialAction":[{"@type":"ReadAction","target":["https:\/\/aceweb.cat\/es\/producto\/quaderns-destructures-27\/"]}]},{"@type":"ImageObject","inLanguage":"es","@id":"https:\/\/aceweb.cat\/es\/producto\/quaderns-destructures-27\/#primaryimage","url":"https:\/\/aceweb.cat\/wp-content\/uploads\/2023\/02\/ACE-Quaderns-Estructures-027.jpg","contentUrl":"https:\/\/aceweb.cat\/wp-content\/uploads\/2023\/02\/ACE-Quaderns-Estructures-027.jpg","width":724,"height":1024},{"@type":"BreadcrumbList","@id":"https:\/\/aceweb.cat\/es\/producto\/quaderns-destructures-27\/#breadcrumb","itemListElement":[{"@type":"ListItem","position":1,"name":"Inici","item":"https:\/\/aceweb.cat\/"},{"@type":"ListItem","position":2,"name":"Tienda","item":"https:\/\/aceweb.cat\/es\/tienda\/"},{"@type":"ListItem","position":3,"name":"Quadern d\u2019Estructures","item":"https:\/\/aceweb.cat\/es\/categoria-producto\/cuaderno-de-estructuras\/"},{"@type":"ListItem","position":4,"name":"Quaderns d&#8217;Estructures 27"}]},{"@type":"WebSite","@id":"https:\/\/aceweb.cat\/#website","url":"https:\/\/aceweb.cat\/","name":"ACE","description":"Associaci\u00f3 de Consultors d&#039;Estructures | ACE","publisher":{"@id":"https:\/\/aceweb.cat\/#organization"},"alternateName":"ACE","potentialAction":[{"@type":"SearchAction","target":{"@type":"EntryPoint","urlTemplate":"https:\/\/aceweb.cat\/?s={search_term_string}"},"query-input":{"@type":"PropertyValueSpecification","valueRequired":true,"valueName":"search_term_string"}}],"inLanguage":"es"},{"@type":"Organization","@id":"https:\/\/aceweb.cat\/#organization","name":"ACE","alternateName":"ACE","url":"https:\/\/aceweb.cat\/","logo":{"@type":"ImageObject","inLanguage":"es","@id":"https:\/\/aceweb.cat\/#\/schema\/logo\/image\/","url":"https:\/\/aceweb.cat\/wp-content\/uploads\/2022\/10\/logo.svg","contentUrl":"https:\/\/aceweb.cat\/wp-content\/uploads\/2022\/10\/logo.svg","width":1,"height":1,"caption":"ACE"},"image":{"@id":"https:\/\/aceweb.cat\/#\/schema\/logo\/image\/"}}]}},"_links":{"self":[{"href":"https:\/\/aceweb.cat\/es\/wp-json\/wp\/v2\/product\/39743","targetHints":{"allow":["GET"]}}],"collection":[{"href":"https:\/\/aceweb.cat\/es\/wp-json\/wp\/v2\/product"}],"about":[{"href":"https:\/\/aceweb.cat\/es\/wp-json\/wp\/v2\/types\/product"}],"version-history":[{"count":1,"href":"https:\/\/aceweb.cat\/es\/wp-json\/wp\/v2\/product\/39743\/revisions"}],"predecessor-version":[{"id":41009,"href":"https:\/\/aceweb.cat\/es\/wp-json\/wp\/v2\/product\/39743\/revisions\/41009"}],"wp:featuredmedia":[{"embeddable":true,"href":"https:\/\/aceweb.cat\/es\/wp-json\/wp\/v2\/media\/38039"}],"wp:attachment":[{"href":"https:\/\/aceweb.cat\/es\/wp-json\/wp\/v2\/media?parent=39743"}],"wp:term":[{"taxonomy":"product_brand","embeddable":true,"href":"https:\/\/aceweb.cat\/es\/wp-json\/wp\/v2\/product_brand?post=39743"},{"taxonomy":"product_cat","embeddable":true,"href":"https:\/\/aceweb.cat\/es\/wp-json\/wp\/v2\/product_cat?post=39743"},{"taxonomy":"product_tag","embeddable":true,"href":"https:\/\/aceweb.cat\/es\/wp-json\/wp\/v2\/product_tag?post=39743"}],"curies":[{"name":"wp","href":"https:\/\/api.w.org\/{rel}","templated":true}]}}