{"id":39746,"date":"2022-12-13T10:00:47","date_gmt":"2022-12-13T10:00:47","guid":{"rendered":"https:\/\/www.aceweb.advertis.es\/producto\/quaderns-destructures-28\/"},"modified":"2023-03-22T15:54:26","modified_gmt":"2023-03-22T15:54:26","slug":"quaderns-destructures-28","status":"publish","type":"product","link":"https:\/\/aceweb.cat\/es\/producto\/quaderns-destructures-28\/","title":{"rendered":"Quaderns d&#8217;Estructures 28"},"content":{"rendered":"<p>Este n\u00famero incluye:<\/p>\n<h2><strong>1. Editorial. ACE. Una nueva singladura Cuadrienal<\/strong><\/h2>\n<p>Art\u00edculo redactado por\u00a0<b>LAURA VALVERDE<\/b>. Descarga la revista para conocer la nueva etapa del ACE.<\/p>\n<p><em>\u201cLa Asamblea Ordinaria de la Asociaci\u00f3n hecha el mes de mayo, vencida ya en la legislatura anterior, apadrin\u00f3 la botadura de la nueva traves\u00eda cuatrienal especificada en los Estatutos.<\/em><\/p>\n<p><em>Permanencias, renovaciones y nuevas incorporaciones a la Junta Directiva, que ampl\u00eda el n\u00famero de vocales que el crecimiento de la Asociaci\u00f3n requiere.<br \/>\nSe reiter\u00f3 la confianza en el buen criterio y el talante abierto de Antoni Massagu\u00e9 como capit\u00e1n, quien inicia su segunda legislatura como presidente.\u201d<\/em><\/p>\n<h2><strong>2. 3er Congreso Nacional de Ingenier\u00eda S\u00edsmica<\/strong><\/h2>\n<p>Art\u00edculo redactado por\u00a0<b>ANTONI BL\u00c1ZQUEZ<\/b>. Descarga la revista para conocer un resumen de este 3r Congreso Nacional de Ingenier\u00eda S\u00edsmica.<\/p>\n<p><em>\u201cDel 8 al 11 de mayo se celebr\u00f3 en Girona el 3r Congreso Nacional de Ingenier\u00eda S\u00edsmica. La sede del Congreso fue el recientemente inaugurado Auditorio-Palacio de Congresos de Girona.<\/em><\/p>\n<p><em>En el congreso se presentaron numerosas ponencias t\u00e9cnicas sobre sismolog\u00eda e ingenier\u00eda s\u00edsmica tanto de ponentes de Espa\u00f1a como del extranjero.\u201d<\/em><\/p>\n<h2><strong>3. Respuesta de edificios con estructura de hormig\u00f3n frente a sismos moderados<\/strong><\/h2>\n<p>Art\u00edculo redactado por\u00a0<b>ANTONI BL\u00c1ZQUEZ<\/b>. Descarga la revista para leer el estudio que analiza los tipos estructurales m\u00e1s empleados en Catalu\u00f1a son adecuados para se\u00edsmos moderados.<\/p>\n<p><em>\u201cEl presente estudio tiene como objetivo analizar si los tipos estructurales m\u00e1s utilizados actualmente en Catalu\u00f1a son adecuados para resistir sismos moderados, o bien, cu\u00e1les ser\u00edan los tipos m\u00e1s apropiados, adem\u00e1s de averiguar si los actuales procedimientos de c\u00e1lculo utilizados habitualmente por los Consultores de Estructuras son correctos, sobre todo, porque no suele considerarse la interacci\u00f3n de la estructura con las paredes de cierre y separaci\u00f3n.<\/em><\/p>\n<p><em>En primer lugar, se estudian diferentes modelizaciones estructurales para comprobar cu\u00e1les representan mejor el comportamiento din\u00e1mico de los distintos tipos estructurales. Se estudia la importancia que tiene una correcta evaluaci\u00f3n de los per\u00edodos fundamentales en el c\u00e1lculo de las solicitaciones que debe resistir la estructura.\u201d<\/em><\/p>\n<h2><strong>4. Comparaci\u00f3n de dos metodolog\u00edas de pilotes in situ en terreno estable<\/strong><\/h2>\n<p>Art\u00edculo redactado por\u00a0<b>NURIA SAULEDA<\/b>. Descarga la revista para conocer el an\u00e1lisis de las diferencias de metodolog\u00edas de pilotes in situ.<\/p>\n<p><em>\u201cEste art\u00edculo analizar\u00e1 las diferencias en terreno estable entre el pil\u00f3n in situ de barrena corta con equipos de peque\u00f1as dimensiones y el de barrena continua con equipos convencionales. Esta nota tiene el objetivo de aportar criterios t\u00e9cnicos y econ\u00f3micos a la hora de escoger uno u otro sistema, partiendo de la base de que \u00fanicamente se considerar\u00e1 la ejecuci\u00f3n de los pilotes en terrenos en los que ambas t\u00e9cnicas sean aplicables . En cuanto al an\u00e1lisis t\u00e9cnico se prestar\u00e1 especial atenci\u00f3n a los criterios del nuevo C\u00f3digo T\u00e9cnico.<\/em><\/p>\n<p><em>La tecnolog\u00eda de los pilotes barrenados sin camisa en peque\u00f1os espacios descrita, es la especialidad de\u00a0<a href=\"https:\/\/www.2pe.biz\/\" target=\"_blank\" rel=\"noopener noreferrer\">2PE BALONES, S.L.<\/a>\u00a0Como podr\u00e1n comprobar en algunas fotograf\u00edas, hemos realizado obras con dificultades de ejecuci\u00f3n evidentes, como puede ser la perforaci\u00f3n de pilotes en un solar entre paredes medianeras de 4,30 m de ancho, y debajo techos de hasta 4,60 m de altura. Tambi\u00e9n trabajamos en solares para cimentar naves industriales, pilotes para muros de contenci\u00f3n\u2026\u201d<\/em><\/p>\n<h2><strong>5. Pavimentos industriales<\/strong><\/h2>\n<p>Art\u00edculo redactado por\u00a0<b>JOSEP PUGIBET<\/b>. Descarga la revista para conocer las patolog\u00edas en pavimentos industriales.<\/p>\n<p><em>\u201cSituados en el caso de auditar unas patolog\u00edas en unos pavimentos industriales, hemos constatado la falta de normativa espa\u00f1ola sobre estos elementos.<\/em><\/p>\n<p><em>Todos conocemos la importancia de tener un buen proyecto para los pavimentos de naves industriales o comerciales. Cada vez son m\u00e1s altas las prestaciones exigidas en estos elementos constructivos (cargas fijas de los racks, equipos m\u00f3viles, etc\u00e9tera).<\/em><\/p>\n<p><em>Desgraciadamente, es tambi\u00e9n bastante usual la aparici\u00f3n de patolog\u00edas en el pavimentos por diferentes motivos, a veces poco previsibles en el c\u00e1lculo del proyecto (las retracciones, el levantamiento de las puntas, las grietas en cantos de juntos , el desgaste por el paso de veh\u00edculos con ruedas de altas presiones de contacto, etc\u00e9tera).\u201d<\/em><\/p>\n<h2><strong>6. Miscel\u00e1nea<\/strong><\/h2>\n<h2><strong>7. Lista de miembros de la Asociaci\u00f3n<\/strong><\/h2>\n<p>Conoce a los\u00a0miembros\u00a0de la Asociaci\u00f3n Consultores de Estructuras. Podr\u00e1s ver a los nuevos integrantes que participan por el reconocimiento de la profesi\u00f3n dentro del mundo de la construcci\u00f3n.<\/p>\n","protected":false},"excerpt":{"rendered":"<ul>\n<li>1. Editorial. ACE. Una nueva singladura Cuadrienal<\/li>\n<li>2. 3er Congreso Nacional de Ingenier\u00eda S\u00edsmica<\/li>\n<li>3. Respuesta de edificios con estructura de hormig\u00f3n frente a sismos moderados<\/li>\n<li>4. Comparaci\u00f3n de dos metodolog\u00edas de pilotes in situ en terreno estable<\/li>\n<li>5. Pavimentos industriales<\/li>\n<li>6. Miscel\u00e1nea<\/li>\n<li>7. Lista de miembros de la Asociaci\u00f3n<\/li>\n<\/ul>\n","protected":false},"featured_media":38028,"template":"","meta":{"_acf_changed":false,"site-sidebar-layout":"default","site-content-layout":"default","ast-global-header-display":"","ast-main-header-display":"","ast-hfb-above-header-display":"","ast-hfb-below-header-display":"","ast-hfb-mobile-header-display":"","site-post-title":"","ast-breadcrumbs-content":"","ast-featured-img":"","footer-sml-layout":"","theme-transparent-header-meta":"default","adv-header-id-meta":"","stick-header-meta":"","header-above-stick-meta":"","header-main-stick-meta":"","header-below-stick-meta":""},"product_brand":[],"product_cat":[595],"product_tag":[],"class_list":{"0":"post-39746","1":"product","2":"type-product","3":"status-publish","4":"has-post-thumbnail","6":"product_cat-cuaderno-de-estructuras","7":"desktop-align-left","8":"tablet-align-left","9":"mobile-align-left","11":"first","12":"instock","13":"taxable","14":"shipping-taxable","15":"purchasable","16":"product-type-variable","17":"has-default-attributes"},"acf":[],"yoast_head":"<!-- This site is optimized with the Yoast SEO plugin v27.1.1 - https:\/\/yoast.com\/product\/yoast-seo-wordpress\/ -->\n<title>Quaderns d&#039;Estructures 28 | ACE<\/title>\n<meta name=\"description\" content=\"Revista n\u00ba 28 con art\u00edculos de actualidad que tratan sobre la construcci\u00f3n de estructuras y que publica la Asociaci\u00f3n de Consultores de Estructuras (ACE).\" \/>\n<meta name=\"robots\" content=\"index, follow, max-snippet:-1, max-image-preview:large, max-video-preview:-1\" \/>\n<link rel=\"canonical\" href=\"https:\/\/aceweb.cat\/es\/producto\/quaderns-destructures-28\/\" \/>\n<meta property=\"og:locale\" content=\"es_ES\" \/>\n<meta property=\"og:type\" content=\"article\" \/>\n<meta property=\"og:title\" content=\"Quaderns d&#039;Estructures 28 | ACE\" \/>\n<meta property=\"og:description\" content=\"Revista n\u00ba 28 con art\u00edculos de actualidad que tratan sobre la construcci\u00f3n de estructuras y que publica la Asociaci\u00f3n de Consultores de Estructuras (ACE).\" \/>\n<meta property=\"og:url\" content=\"https:\/\/aceweb.cat\/es\/producto\/quaderns-destructures-28\/\" \/>\n<meta property=\"og:site_name\" content=\"aceweb.cat\" \/>\n<meta property=\"article:modified_time\" content=\"2023-03-22T15:54:26+00:00\" \/>\n<meta property=\"og:image\" content=\"https:\/\/aceweb.cat\/wp-content\/uploads\/2023\/02\/ACE-Quaderns-Estructures-028.jpg\" \/>\n\t<meta property=\"og:image:width\" content=\"724\" \/>\n\t<meta property=\"og:image:height\" content=\"1024\" \/>\n\t<meta property=\"og:image:type\" content=\"image\/jpeg\" \/>\n<meta name=\"twitter:card\" content=\"summary_large_image\" \/>\n<meta name=\"twitter:label1\" content=\"Tiempo de lectura\" \/>\n\t<meta name=\"twitter:data1\" content=\"4 minutos\" \/>\n<script type=\"application\/ld+json\" class=\"yoast-schema-graph\">{\"@context\":\"https:\/\/schema.org\",\"@graph\":[{\"@type\":\"WebPage\",\"@id\":\"https:\/\/aceweb.cat\/es\/producto\/quaderns-destructures-28\/\",\"url\":\"https:\/\/aceweb.cat\/es\/producto\/quaderns-destructures-28\/\",\"name\":\"Quaderns d'Estructures 28 | ACE\",\"isPartOf\":{\"@id\":\"https:\/\/aceweb.cat\/#website\"},\"primaryImageOfPage\":{\"@id\":\"https:\/\/aceweb.cat\/es\/producto\/quaderns-destructures-28\/#primaryimage\"},\"image\":{\"@id\":\"https:\/\/aceweb.cat\/es\/producto\/quaderns-destructures-28\/#primaryimage\"},\"thumbnailUrl\":\"https:\/\/aceweb.cat\/wp-content\/uploads\/2023\/02\/ACE-Quaderns-Estructures-028.jpg\",\"datePublished\":\"2022-12-13T10:00:47+00:00\",\"dateModified\":\"2023-03-22T15:54:26+00:00\",\"description\":\"Revista n\u00ba 28 con art\u00edculos de actualidad que tratan sobre la construcci\u00f3n de estructuras y que publica la Asociaci\u00f3n de Consultores de Estructuras (ACE).\",\"breadcrumb\":{\"@id\":\"https:\/\/aceweb.cat\/es\/producto\/quaderns-destructures-28\/#breadcrumb\"},\"inLanguage\":\"es\",\"potentialAction\":[{\"@type\":\"ReadAction\",\"target\":[\"https:\/\/aceweb.cat\/es\/producto\/quaderns-destructures-28\/\"]}]},{\"@type\":\"ImageObject\",\"inLanguage\":\"es\",\"@id\":\"https:\/\/aceweb.cat\/es\/producto\/quaderns-destructures-28\/#primaryimage\",\"url\":\"https:\/\/aceweb.cat\/wp-content\/uploads\/2023\/02\/ACE-Quaderns-Estructures-028.jpg\",\"contentUrl\":\"https:\/\/aceweb.cat\/wp-content\/uploads\/2023\/02\/ACE-Quaderns-Estructures-028.jpg\",\"width\":724,\"height\":1024},{\"@type\":\"BreadcrumbList\",\"@id\":\"https:\/\/aceweb.cat\/es\/producto\/quaderns-destructures-28\/#breadcrumb\",\"itemListElement\":[{\"@type\":\"ListItem\",\"position\":1,\"name\":\"Inici\",\"item\":\"https:\/\/aceweb.cat\/\"},{\"@type\":\"ListItem\",\"position\":2,\"name\":\"Tienda\",\"item\":\"https:\/\/aceweb.cat\/es\/tienda\/\"},{\"@type\":\"ListItem\",\"position\":3,\"name\":\"Quadern d\u2019Estructures\",\"item\":\"https:\/\/aceweb.cat\/es\/categoria-producto\/cuaderno-de-estructuras\/\"},{\"@type\":\"ListItem\",\"position\":4,\"name\":\"Quaderns d&#8217;Estructures 28\"}]},{\"@type\":\"WebSite\",\"@id\":\"https:\/\/aceweb.cat\/#website\",\"url\":\"https:\/\/aceweb.cat\/\",\"name\":\"ACE\",\"description\":\"Associaci\u00f3 de Consultors d&#039;Estructures | ACE\",\"publisher\":{\"@id\":\"https:\/\/aceweb.cat\/#organization\"},\"alternateName\":\"ACE\",\"potentialAction\":[{\"@type\":\"SearchAction\",\"target\":{\"@type\":\"EntryPoint\",\"urlTemplate\":\"https:\/\/aceweb.cat\/?s={search_term_string}\"},\"query-input\":{\"@type\":\"PropertyValueSpecification\",\"valueRequired\":true,\"valueName\":\"search_term_string\"}}],\"inLanguage\":\"es\"},{\"@type\":\"Organization\",\"@id\":\"https:\/\/aceweb.cat\/#organization\",\"name\":\"ACE\",\"alternateName\":\"ACE\",\"url\":\"https:\/\/aceweb.cat\/\",\"logo\":{\"@type\":\"ImageObject\",\"inLanguage\":\"es\",\"@id\":\"https:\/\/aceweb.cat\/#\/schema\/logo\/image\/\",\"url\":\"https:\/\/aceweb.cat\/wp-content\/uploads\/2022\/10\/logo.svg\",\"contentUrl\":\"https:\/\/aceweb.cat\/wp-content\/uploads\/2022\/10\/logo.svg\",\"width\":1,\"height\":1,\"caption\":\"ACE\"},\"image\":{\"@id\":\"https:\/\/aceweb.cat\/#\/schema\/logo\/image\/\"}}]}<\/script>\n<!-- \/ Yoast SEO plugin. -->","yoast_head_json":{"title":"Quaderns d'Estructures 28 | ACE","description":"Revista n\u00ba 28 con art\u00edculos de actualidad que tratan sobre la construcci\u00f3n de estructuras y que publica la Asociaci\u00f3n de Consultores de Estructuras (ACE).","robots":{"index":"index","follow":"follow","max-snippet":"max-snippet:-1","max-image-preview":"max-image-preview:large","max-video-preview":"max-video-preview:-1"},"canonical":"https:\/\/aceweb.cat\/es\/producto\/quaderns-destructures-28\/","og_locale":"es_ES","og_type":"article","og_title":"Quaderns d'Estructures 28 | ACE","og_description":"Revista n\u00ba 28 con art\u00edculos de actualidad que tratan sobre la construcci\u00f3n de estructuras y que publica la Asociaci\u00f3n de Consultores de Estructuras (ACE).","og_url":"https:\/\/aceweb.cat\/es\/producto\/quaderns-destructures-28\/","og_site_name":"aceweb.cat","article_modified_time":"2023-03-22T15:54:26+00:00","og_image":[{"width":724,"height":1024,"url":"https:\/\/aceweb.cat\/wp-content\/uploads\/2023\/02\/ACE-Quaderns-Estructures-028.jpg","type":"image\/jpeg"}],"twitter_card":"summary_large_image","twitter_misc":{"Tiempo de lectura":"4 minutos"},"schema":{"@context":"https:\/\/schema.org","@graph":[{"@type":"WebPage","@id":"https:\/\/aceweb.cat\/es\/producto\/quaderns-destructures-28\/","url":"https:\/\/aceweb.cat\/es\/producto\/quaderns-destructures-28\/","name":"Quaderns d'Estructures 28 | ACE","isPartOf":{"@id":"https:\/\/aceweb.cat\/#website"},"primaryImageOfPage":{"@id":"https:\/\/aceweb.cat\/es\/producto\/quaderns-destructures-28\/#primaryimage"},"image":{"@id":"https:\/\/aceweb.cat\/es\/producto\/quaderns-destructures-28\/#primaryimage"},"thumbnailUrl":"https:\/\/aceweb.cat\/wp-content\/uploads\/2023\/02\/ACE-Quaderns-Estructures-028.jpg","datePublished":"2022-12-13T10:00:47+00:00","dateModified":"2023-03-22T15:54:26+00:00","description":"Revista n\u00ba 28 con art\u00edculos de actualidad que tratan sobre la construcci\u00f3n de estructuras y que publica la Asociaci\u00f3n de Consultores de Estructuras (ACE).","breadcrumb":{"@id":"https:\/\/aceweb.cat\/es\/producto\/quaderns-destructures-28\/#breadcrumb"},"inLanguage":"es","potentialAction":[{"@type":"ReadAction","target":["https:\/\/aceweb.cat\/es\/producto\/quaderns-destructures-28\/"]}]},{"@type":"ImageObject","inLanguage":"es","@id":"https:\/\/aceweb.cat\/es\/producto\/quaderns-destructures-28\/#primaryimage","url":"https:\/\/aceweb.cat\/wp-content\/uploads\/2023\/02\/ACE-Quaderns-Estructures-028.jpg","contentUrl":"https:\/\/aceweb.cat\/wp-content\/uploads\/2023\/02\/ACE-Quaderns-Estructures-028.jpg","width":724,"height":1024},{"@type":"BreadcrumbList","@id":"https:\/\/aceweb.cat\/es\/producto\/quaderns-destructures-28\/#breadcrumb","itemListElement":[{"@type":"ListItem","position":1,"name":"Inici","item":"https:\/\/aceweb.cat\/"},{"@type":"ListItem","position":2,"name":"Tienda","item":"https:\/\/aceweb.cat\/es\/tienda\/"},{"@type":"ListItem","position":3,"name":"Quadern d\u2019Estructures","item":"https:\/\/aceweb.cat\/es\/categoria-producto\/cuaderno-de-estructuras\/"},{"@type":"ListItem","position":4,"name":"Quaderns d&#8217;Estructures 28"}]},{"@type":"WebSite","@id":"https:\/\/aceweb.cat\/#website","url":"https:\/\/aceweb.cat\/","name":"ACE","description":"Associaci\u00f3 de Consultors d&#039;Estructures | ACE","publisher":{"@id":"https:\/\/aceweb.cat\/#organization"},"alternateName":"ACE","potentialAction":[{"@type":"SearchAction","target":{"@type":"EntryPoint","urlTemplate":"https:\/\/aceweb.cat\/?s={search_term_string}"},"query-input":{"@type":"PropertyValueSpecification","valueRequired":true,"valueName":"search_term_string"}}],"inLanguage":"es"},{"@type":"Organization","@id":"https:\/\/aceweb.cat\/#organization","name":"ACE","alternateName":"ACE","url":"https:\/\/aceweb.cat\/","logo":{"@type":"ImageObject","inLanguage":"es","@id":"https:\/\/aceweb.cat\/#\/schema\/logo\/image\/","url":"https:\/\/aceweb.cat\/wp-content\/uploads\/2022\/10\/logo.svg","contentUrl":"https:\/\/aceweb.cat\/wp-content\/uploads\/2022\/10\/logo.svg","width":1,"height":1,"caption":"ACE"},"image":{"@id":"https:\/\/aceweb.cat\/#\/schema\/logo\/image\/"}}]}},"_links":{"self":[{"href":"https:\/\/aceweb.cat\/es\/wp-json\/wp\/v2\/product\/39746","targetHints":{"allow":["GET"]}}],"collection":[{"href":"https:\/\/aceweb.cat\/es\/wp-json\/wp\/v2\/product"}],"about":[{"href":"https:\/\/aceweb.cat\/es\/wp-json\/wp\/v2\/types\/product"}],"version-history":[{"count":1,"href":"https:\/\/aceweb.cat\/es\/wp-json\/wp\/v2\/product\/39746\/revisions"}],"predecessor-version":[{"id":41010,"href":"https:\/\/aceweb.cat\/es\/wp-json\/wp\/v2\/product\/39746\/revisions\/41010"}],"wp:featuredmedia":[{"embeddable":true,"href":"https:\/\/aceweb.cat\/es\/wp-json\/wp\/v2\/media\/38028"}],"wp:attachment":[{"href":"https:\/\/aceweb.cat\/es\/wp-json\/wp\/v2\/media?parent=39746"}],"wp:term":[{"taxonomy":"product_brand","embeddable":true,"href":"https:\/\/aceweb.cat\/es\/wp-json\/wp\/v2\/product_brand?post=39746"},{"taxonomy":"product_cat","embeddable":true,"href":"https:\/\/aceweb.cat\/es\/wp-json\/wp\/v2\/product_cat?post=39746"},{"taxonomy":"product_tag","embeddable":true,"href":"https:\/\/aceweb.cat\/es\/wp-json\/wp\/v2\/product_tag?post=39746"}],"curies":[{"name":"wp","href":"https:\/\/api.w.org\/{rel}","templated":true}]}}