{"id":39749,"date":"2022-12-14T10:00:49","date_gmt":"2022-12-14T10:00:49","guid":{"rendered":"https:\/\/www.aceweb.advertis.es\/producto\/quaderns-destructures-29\/"},"modified":"2023-03-22T15:54:39","modified_gmt":"2023-03-22T15:54:39","slug":"quaderns-destructures-29","status":"publish","type":"product","link":"https:\/\/aceweb.cat\/es\/producto\/quaderns-destructures-29\/","title":{"rendered":"Quaderns d&#8217;Estructures 29"},"content":{"rendered":"<p>Este n\u00famero incluye:<\/p>\n<h2><strong>1. Editorial<\/strong><\/h2>\n<p>Art\u00edculo redactado por\u00a0<b>XAVIER MATEU PALAU<\/b>. Descarga la revista para conocer las implicaciones de tener un Certificado ISO.<\/p>\n<p><em>\u201cUn Certificado ISO implica tener un m\u00e9todo para la obtenci\u00f3n de un resultado. Nos sirve para definir o redefinir nuestra empresa. Podemos llegar a determinar incluso c\u00f3mo cambiar el papel higi\u00e9nico.<\/em><\/p>\n<p><em>Pero tambi\u00e9n vale una pasta. Personalmente, no me compensa lo que vale por lo que me representa. Pero el gran problema es que es independiente del producto que se genera en la empresa. Podemos fabricar salvavidas de hormig\u00f3n, minas antipersona, planos inteligibles o c\u00e1lculos catastr\u00f3ficos, y tener nuestro certificado con nota alta.\u201d<\/em><\/p>\n<h2><strong>2. Estabilidad post-rotura en la fijaci\u00f3n puntual de cristales laminados<\/strong><\/h2>\n<p>Art\u00edculo redactado por\u00a0<b>FRANCESC ARBOSO BELLAPART<\/b>. Descarga la revista para leer este art\u00edculo t\u00e9cnico.<\/p>\n<p><em>\u201cLa estabilidad post-rotura obtenida en cristales laminares enmarcados, que hace de este material de uso obligatorio para aplicaciones donde se tenga que garantizar la seguridad de las personas, es inexistente cuando su sistema de fijaci\u00f3n se realiza mediante anclajes puntuales a trav\u00e9s de taladros. El sellado perimetral entre cristales con silicona y el \u00e1ngulo de inclinaci\u00f3n de los paneles respecto al plano del suelo son factores que influyen en la estabilidad final. E<\/em><em>l nuevo sistema de fijaci\u00f3n PUNTpart Overhead Glazing, dise\u00f1ado por el autor, garantiza la estabilidad post-rotura de estos paneles. La utilizaci\u00f3n de pol\u00edmeros m\u00e1s r\u00edgidos y resistentes en la laminaci\u00f3n de cristales mejora sensiblemente la seguridad, permitiendo soportar sobrecargas importantes pese a estar los cristales completamente rotos.\u201d<\/em><\/p>\n<h2><strong>3. Atando cabezas<\/strong><\/h2>\n<p>Art\u00edculo redactado por\u00a0<b>IGNACIO COSTALES CALVO<\/b>.<\/p>\n<p><em>\u201cEl Nuevo C\u00f3digo T\u00e9cnico de la Edificaci\u00f3n, cambia las Notaciones y Sub\u00edndice de la antigua EA-95. Este cambio nos aleja de la antigua Normativa, dej\u00e1ndonos en una situaci\u00f3n m\u00e1s cercana a Europa. Muchas de las notaciones empleadas no pueden ser comprendidas si no se entiende que son abreviaturas o siglas de los mismos t\u00e9rminos en ingl\u00e9s. De ah\u00ed que se recojan, dentro de este primer apartado, las abreviaturas del Euroc\u00f3digo-3 y su explicaci\u00f3n en el idioma de referencia.<\/em><\/p>\n<p><em>Es muy importante tener claros todos estos t\u00e9rminos, ya que a priori puede suponer una notaci\u00f3n excesivamente compleja, bien entendida, se convertir\u00e1 en una herramienta muy \u00fatil para darnos una informaci\u00f3n extra, cada vez que abordamos una f\u00f3rmula . Dejar a un lado conceptos como mayoraci\u00f3n, saber que el sub\u00edndice \u00abw\u00bb se refiere al alma o que la Rigidez de una uni\u00f3n se nota mediante una \u00abS\u00bb, son tres ejemplos de nuevas aptitudes que debemos empezar a adoptar, sin que por eso tengamos que olvidar las antiguas MV que pueden seguir si\u00e9ndonos \u00fatiles para, por ejemplo, poder evaluar los resultados obtenidos con unas f\u00f3rmulas, a las que no siempre estaremos acostumbrados.\u201d<\/em><\/p>\n<h2><strong>4. Recuperaci\u00f3n del conjunto monumental del Monasterio de Sant Benet del Bages<\/strong><\/h2>\n<p>Art\u00edculo redactado por\u00a0<b>DIEG MART\u00cdN<\/b>. Descarga la revista para conocer el proyecto de recuperaci\u00f3n del conjunto hist\u00f3rico de Monasterio de Sant Benet del Bages.<\/p>\n<p><em>\u201cEl\u00a0<a href=\"https:\/\/es.wikipedia.org\/wiki\/Monestir_de_Sant_Benet_de_Bages\" target=\"_blank\" rel=\"noopener noreferrer\">Monasterio de Sant Benet de Bages<\/a>, situado junto al r\u00edo Llobregat a su paso por Sant Fruit\u00f2s, forma parte de los conjuntos mon\u00e1sticos m\u00e1s interesantes del pa\u00eds, con elementos que van desde el Pre-Rom\u00e1nico hasta el Barroco.<\/em><\/p>\n<p><em>Declarado Monumento Nacional en 1931, ha sufrido numerosas transformaciones a lo largo de su historia. Desde su fundaci\u00f3n durante el siglo X, \u00e9poca de la que apenas quedan vestigios, el conjunto del Monasterio se ha ido modelando a lo largo de la historia. La iglesia y el claustro son de los siglos XII y XIII y posteriormente, en los siglos XIV y XV, en pleno auge del Monasterio, se a\u00f1adieron un nuevo palacio para el abad y una bodega de estilo g\u00f3tico. \u201d<\/em><\/p>\n<h2><strong>5. Ocho reflexiones (por no cansar) sobre las estructuras de f\u00e1brica de ladrillo<\/strong><\/h2>\n<p>Art\u00edculo redactado por\u00a0<b>JOSEP M. GENESC\u00c0<\/b>. Descarga la revista para conocer las reflexiones sobre las estructuras de f\u00e1brica de ladrillo.<\/p>\n<p><em>\u201cEs curioso que se hayan utilizado tantas energ\u00edas y recursos en la redacci\u00f3n de dos documentos, el Euroc\u00f3digo 6 y el CTEDB-SE-F, para normalizar unas estructuras, las de f\u00e1brica de ladrillo para obra nueva, que responden a construcciones claramente marginales con procesos poco o nada industrializados, cuyo ingrediente principal es la mano de obra. Adem\u00e1s, otras normas como la NCSE-02 penalizan a la f\u00e1brica de ladrillo hasta extremos de limitar el n\u00famero de plantas, como si de una norma urban\u00edstica se tratara. Por ejemplo, a cuatro plantas en Olot oa dos en Alicante capital. Ser\u00eda interesante saber el porcentaje de estructuras calculadas con f\u00e1brica de ladrillo por los integrantes de la ACE, pero se adivina que este porcentaje tiende a cero. Y<br \/>\nsin embargo\u2026\u201d<\/em><\/p>\n<h2><strong>6. Miscel\u00e1nea<\/strong><\/h2>\n<h2><strong>7. Lista de miembros de la Asociaci\u00f3n<\/strong><\/h2>\n<p>Conoce a los\u00a0miembros\u00a0de la Asociaci\u00f3n Consultores de Estructuras. Podr\u00e1s ver a los nuevos integrantes que participan por el reconocimiento de la profesi\u00f3n dentro del mundo de la construcci\u00f3n.<\/p>\n","protected":false},"excerpt":{"rendered":"<ul>\n<li>1. Editorial<\/li>\n<li>2. Estabilidad post-rotura en la fijaci\u00f3n puntual de cristales laminados<\/li>\n<li>3. Atando cabezas<\/li>\n<li>4. Recuperaci\u00f3n del conjunto monumental del Monasterio de Sant Benet del Bages<\/li>\n<li>5. Ocho reflexiones (por no cansar) sobre las estructuras de f\u00e1brica de ladrillo<\/li>\n<li>6. Miscel\u00e1nea<\/li>\n<li>7. Lista de miembros de la Asociaci\u00f3n<\/li>\n<\/ul>\n","protected":false},"featured_media":38018,"template":"","meta":{"_acf_changed":false,"site-sidebar-layout":"default","site-content-layout":"default","ast-global-header-display":"","ast-main-header-display":"","ast-hfb-above-header-display":"","ast-hfb-below-header-display":"","ast-hfb-mobile-header-display":"","site-post-title":"","ast-breadcrumbs-content":"","ast-featured-img":"","footer-sml-layout":"","theme-transparent-header-meta":"default","adv-header-id-meta":"","stick-header-meta":"","header-above-stick-meta":"","header-main-stick-meta":"","header-below-stick-meta":""},"product_brand":[],"product_cat":[595],"product_tag":[],"class_list":{"0":"post-39749","1":"product","2":"type-product","3":"status-publish","4":"has-post-thumbnail","6":"product_cat-cuaderno-de-estructuras","7":"desktop-align-left","8":"tablet-align-left","9":"mobile-align-left","11":"first","12":"instock","13":"taxable","14":"shipping-taxable","15":"purchasable","16":"product-type-variable","17":"has-default-attributes"},"acf":[],"yoast_head":"<!-- This site is optimized with the Yoast SEO plugin v27.1.1 - https:\/\/yoast.com\/product\/yoast-seo-wordpress\/ -->\n<title>Quaderns d&#039;Estructures 29 | ACE<\/title>\n<meta name=\"description\" content=\"Revista n\u00ba 29 con art\u00edculos de actualidad que tratan sobre la construcci\u00f3n de estructuras y que publica la Asociaci\u00f3n de Consultores de Estructuras (ACE).\" \/>\n<meta name=\"robots\" content=\"index, follow, max-snippet:-1, max-image-preview:large, max-video-preview:-1\" \/>\n<link rel=\"canonical\" href=\"https:\/\/aceweb.cat\/es\/producto\/quaderns-destructures-29\/\" \/>\n<meta property=\"og:locale\" content=\"es_ES\" \/>\n<meta property=\"og:type\" content=\"article\" \/>\n<meta property=\"og:title\" content=\"Quaderns d&#039;Estructures 29 | ACE\" \/>\n<meta property=\"og:description\" content=\"Revista n\u00ba 29 con art\u00edculos de actualidad que tratan sobre la construcci\u00f3n de estructuras y que publica la Asociaci\u00f3n de Consultores de Estructuras (ACE).\" \/>\n<meta property=\"og:url\" content=\"https:\/\/aceweb.cat\/es\/producto\/quaderns-destructures-29\/\" \/>\n<meta property=\"og:site_name\" content=\"aceweb.cat\" \/>\n<meta property=\"article:modified_time\" content=\"2023-03-22T15:54:39+00:00\" \/>\n<meta property=\"og:image\" content=\"https:\/\/aceweb.cat\/wp-content\/uploads\/2023\/02\/ACE-Quaderns-Estructures-029.jpg\" \/>\n\t<meta property=\"og:image:width\" content=\"724\" \/>\n\t<meta property=\"og:image:height\" content=\"1024\" \/>\n\t<meta property=\"og:image:type\" content=\"image\/jpeg\" \/>\n<meta name=\"twitter:card\" content=\"summary_large_image\" \/>\n<meta name=\"twitter:label1\" content=\"Tiempo de lectura\" \/>\n\t<meta name=\"twitter:data1\" content=\"4 minutos\" \/>\n<script type=\"application\/ld+json\" class=\"yoast-schema-graph\">{\"@context\":\"https:\/\/schema.org\",\"@graph\":[{\"@type\":\"WebPage\",\"@id\":\"https:\/\/aceweb.cat\/es\/producto\/quaderns-destructures-29\/\",\"url\":\"https:\/\/aceweb.cat\/es\/producto\/quaderns-destructures-29\/\",\"name\":\"Quaderns d'Estructures 29 | ACE\",\"isPartOf\":{\"@id\":\"https:\/\/aceweb.cat\/#website\"},\"primaryImageOfPage\":{\"@id\":\"https:\/\/aceweb.cat\/es\/producto\/quaderns-destructures-29\/#primaryimage\"},\"image\":{\"@id\":\"https:\/\/aceweb.cat\/es\/producto\/quaderns-destructures-29\/#primaryimage\"},\"thumbnailUrl\":\"https:\/\/aceweb.cat\/wp-content\/uploads\/2023\/02\/ACE-Quaderns-Estructures-029.jpg\",\"datePublished\":\"2022-12-14T10:00:49+00:00\",\"dateModified\":\"2023-03-22T15:54:39+00:00\",\"description\":\"Revista n\u00ba 29 con art\u00edculos de actualidad que tratan sobre la construcci\u00f3n de estructuras y que publica la Asociaci\u00f3n de Consultores de Estructuras (ACE).\",\"breadcrumb\":{\"@id\":\"https:\/\/aceweb.cat\/es\/producto\/quaderns-destructures-29\/#breadcrumb\"},\"inLanguage\":\"es\",\"potentialAction\":[{\"@type\":\"ReadAction\",\"target\":[\"https:\/\/aceweb.cat\/es\/producto\/quaderns-destructures-29\/\"]}]},{\"@type\":\"ImageObject\",\"inLanguage\":\"es\",\"@id\":\"https:\/\/aceweb.cat\/es\/producto\/quaderns-destructures-29\/#primaryimage\",\"url\":\"https:\/\/aceweb.cat\/wp-content\/uploads\/2023\/02\/ACE-Quaderns-Estructures-029.jpg\",\"contentUrl\":\"https:\/\/aceweb.cat\/wp-content\/uploads\/2023\/02\/ACE-Quaderns-Estructures-029.jpg\",\"width\":724,\"height\":1024},{\"@type\":\"BreadcrumbList\",\"@id\":\"https:\/\/aceweb.cat\/es\/producto\/quaderns-destructures-29\/#breadcrumb\",\"itemListElement\":[{\"@type\":\"ListItem\",\"position\":1,\"name\":\"Inici\",\"item\":\"https:\/\/aceweb.cat\/\"},{\"@type\":\"ListItem\",\"position\":2,\"name\":\"Tienda\",\"item\":\"https:\/\/aceweb.cat\/es\/tienda\/\"},{\"@type\":\"ListItem\",\"position\":3,\"name\":\"Quadern d\u2019Estructures\",\"item\":\"https:\/\/aceweb.cat\/es\/categoria-producto\/cuaderno-de-estructuras\/\"},{\"@type\":\"ListItem\",\"position\":4,\"name\":\"Quaderns d&#8217;Estructures 29\"}]},{\"@type\":\"WebSite\",\"@id\":\"https:\/\/aceweb.cat\/#website\",\"url\":\"https:\/\/aceweb.cat\/\",\"name\":\"ACE\",\"description\":\"Associaci\u00f3 de Consultors d&#039;Estructures | ACE\",\"publisher\":{\"@id\":\"https:\/\/aceweb.cat\/#organization\"},\"alternateName\":\"ACE\",\"potentialAction\":[{\"@type\":\"SearchAction\",\"target\":{\"@type\":\"EntryPoint\",\"urlTemplate\":\"https:\/\/aceweb.cat\/?s={search_term_string}\"},\"query-input\":{\"@type\":\"PropertyValueSpecification\",\"valueRequired\":true,\"valueName\":\"search_term_string\"}}],\"inLanguage\":\"es\"},{\"@type\":\"Organization\",\"@id\":\"https:\/\/aceweb.cat\/#organization\",\"name\":\"ACE\",\"alternateName\":\"ACE\",\"url\":\"https:\/\/aceweb.cat\/\",\"logo\":{\"@type\":\"ImageObject\",\"inLanguage\":\"es\",\"@id\":\"https:\/\/aceweb.cat\/#\/schema\/logo\/image\/\",\"url\":\"https:\/\/aceweb.cat\/wp-content\/uploads\/2022\/10\/logo.svg\",\"contentUrl\":\"https:\/\/aceweb.cat\/wp-content\/uploads\/2022\/10\/logo.svg\",\"width\":1,\"height\":1,\"caption\":\"ACE\"},\"image\":{\"@id\":\"https:\/\/aceweb.cat\/#\/schema\/logo\/image\/\"}}]}<\/script>\n<!-- \/ Yoast SEO plugin. -->","yoast_head_json":{"title":"Quaderns d'Estructures 29 | ACE","description":"Revista n\u00ba 29 con art\u00edculos de actualidad que tratan sobre la construcci\u00f3n de estructuras y que publica la Asociaci\u00f3n de Consultores de Estructuras (ACE).","robots":{"index":"index","follow":"follow","max-snippet":"max-snippet:-1","max-image-preview":"max-image-preview:large","max-video-preview":"max-video-preview:-1"},"canonical":"https:\/\/aceweb.cat\/es\/producto\/quaderns-destructures-29\/","og_locale":"es_ES","og_type":"article","og_title":"Quaderns d'Estructures 29 | ACE","og_description":"Revista n\u00ba 29 con art\u00edculos de actualidad que tratan sobre la construcci\u00f3n de estructuras y que publica la Asociaci\u00f3n de Consultores de Estructuras (ACE).","og_url":"https:\/\/aceweb.cat\/es\/producto\/quaderns-destructures-29\/","og_site_name":"aceweb.cat","article_modified_time":"2023-03-22T15:54:39+00:00","og_image":[{"width":724,"height":1024,"url":"https:\/\/aceweb.cat\/wp-content\/uploads\/2023\/02\/ACE-Quaderns-Estructures-029.jpg","type":"image\/jpeg"}],"twitter_card":"summary_large_image","twitter_misc":{"Tiempo de lectura":"4 minutos"},"schema":{"@context":"https:\/\/schema.org","@graph":[{"@type":"WebPage","@id":"https:\/\/aceweb.cat\/es\/producto\/quaderns-destructures-29\/","url":"https:\/\/aceweb.cat\/es\/producto\/quaderns-destructures-29\/","name":"Quaderns d'Estructures 29 | ACE","isPartOf":{"@id":"https:\/\/aceweb.cat\/#website"},"primaryImageOfPage":{"@id":"https:\/\/aceweb.cat\/es\/producto\/quaderns-destructures-29\/#primaryimage"},"image":{"@id":"https:\/\/aceweb.cat\/es\/producto\/quaderns-destructures-29\/#primaryimage"},"thumbnailUrl":"https:\/\/aceweb.cat\/wp-content\/uploads\/2023\/02\/ACE-Quaderns-Estructures-029.jpg","datePublished":"2022-12-14T10:00:49+00:00","dateModified":"2023-03-22T15:54:39+00:00","description":"Revista n\u00ba 29 con art\u00edculos de actualidad que tratan sobre la construcci\u00f3n de estructuras y que publica la Asociaci\u00f3n de Consultores de Estructuras (ACE).","breadcrumb":{"@id":"https:\/\/aceweb.cat\/es\/producto\/quaderns-destructures-29\/#breadcrumb"},"inLanguage":"es","potentialAction":[{"@type":"ReadAction","target":["https:\/\/aceweb.cat\/es\/producto\/quaderns-destructures-29\/"]}]},{"@type":"ImageObject","inLanguage":"es","@id":"https:\/\/aceweb.cat\/es\/producto\/quaderns-destructures-29\/#primaryimage","url":"https:\/\/aceweb.cat\/wp-content\/uploads\/2023\/02\/ACE-Quaderns-Estructures-029.jpg","contentUrl":"https:\/\/aceweb.cat\/wp-content\/uploads\/2023\/02\/ACE-Quaderns-Estructures-029.jpg","width":724,"height":1024},{"@type":"BreadcrumbList","@id":"https:\/\/aceweb.cat\/es\/producto\/quaderns-destructures-29\/#breadcrumb","itemListElement":[{"@type":"ListItem","position":1,"name":"Inici","item":"https:\/\/aceweb.cat\/"},{"@type":"ListItem","position":2,"name":"Tienda","item":"https:\/\/aceweb.cat\/es\/tienda\/"},{"@type":"ListItem","position":3,"name":"Quadern d\u2019Estructures","item":"https:\/\/aceweb.cat\/es\/categoria-producto\/cuaderno-de-estructuras\/"},{"@type":"ListItem","position":4,"name":"Quaderns d&#8217;Estructures 29"}]},{"@type":"WebSite","@id":"https:\/\/aceweb.cat\/#website","url":"https:\/\/aceweb.cat\/","name":"ACE","description":"Associaci\u00f3 de Consultors d&#039;Estructures | ACE","publisher":{"@id":"https:\/\/aceweb.cat\/#organization"},"alternateName":"ACE","potentialAction":[{"@type":"SearchAction","target":{"@type":"EntryPoint","urlTemplate":"https:\/\/aceweb.cat\/?s={search_term_string}"},"query-input":{"@type":"PropertyValueSpecification","valueRequired":true,"valueName":"search_term_string"}}],"inLanguage":"es"},{"@type":"Organization","@id":"https:\/\/aceweb.cat\/#organization","name":"ACE","alternateName":"ACE","url":"https:\/\/aceweb.cat\/","logo":{"@type":"ImageObject","inLanguage":"es","@id":"https:\/\/aceweb.cat\/#\/schema\/logo\/image\/","url":"https:\/\/aceweb.cat\/wp-content\/uploads\/2022\/10\/logo.svg","contentUrl":"https:\/\/aceweb.cat\/wp-content\/uploads\/2022\/10\/logo.svg","width":1,"height":1,"caption":"ACE"},"image":{"@id":"https:\/\/aceweb.cat\/#\/schema\/logo\/image\/"}}]}},"_links":{"self":[{"href":"https:\/\/aceweb.cat\/es\/wp-json\/wp\/v2\/product\/39749","targetHints":{"allow":["GET"]}}],"collection":[{"href":"https:\/\/aceweb.cat\/es\/wp-json\/wp\/v2\/product"}],"about":[{"href":"https:\/\/aceweb.cat\/es\/wp-json\/wp\/v2\/types\/product"}],"version-history":[{"count":1,"href":"https:\/\/aceweb.cat\/es\/wp-json\/wp\/v2\/product\/39749\/revisions"}],"predecessor-version":[{"id":41011,"href":"https:\/\/aceweb.cat\/es\/wp-json\/wp\/v2\/product\/39749\/revisions\/41011"}],"wp:featuredmedia":[{"embeddable":true,"href":"https:\/\/aceweb.cat\/es\/wp-json\/wp\/v2\/media\/38018"}],"wp:attachment":[{"href":"https:\/\/aceweb.cat\/es\/wp-json\/wp\/v2\/media?parent=39749"}],"wp:term":[{"taxonomy":"product_brand","embeddable":true,"href":"https:\/\/aceweb.cat\/es\/wp-json\/wp\/v2\/product_brand?post=39749"},{"taxonomy":"product_cat","embeddable":true,"href":"https:\/\/aceweb.cat\/es\/wp-json\/wp\/v2\/product_cat?post=39749"},{"taxonomy":"product_tag","embeddable":true,"href":"https:\/\/aceweb.cat\/es\/wp-json\/wp\/v2\/product_tag?post=39749"}],"curies":[{"name":"wp","href":"https:\/\/api.w.org\/{rel}","templated":true}]}}