{"id":39755,"date":"2022-12-15T10:00:18","date_gmt":"2022-12-15T10:00:18","guid":{"rendered":"https:\/\/www.aceweb.advertis.es\/producto\/quaderns-destructures-31\/"},"modified":"2023-03-22T15:55:07","modified_gmt":"2023-03-22T15:55:07","slug":"quaderns-destructures-31","status":"publish","type":"product","link":"https:\/\/aceweb.cat\/es\/producto\/quaderns-destructures-31\/","title":{"rendered":"Quaderns d&#8217;Estructures 31"},"content":{"rendered":"<p>Este n\u00famero incluye:<\/p>\n<h2><strong>1. Editorial. \u00bfLa rehabilitaci\u00f3n, este hermano peque\u00f1o?<\/strong><\/h2>\n<p>Art\u00edculo redactado por\u00a0<b>JORGE BLASCO<\/b>. Descarga la revista para conocer la importancia de los proyectos de rehabilitaci\u00f3n para los consultores de estructuras.<\/p>\n<p><em>\u201cSoy consultor de estructuras. Y parece que todo consultor de estructuras debe realizar obra nueva. La rehabilitaci\u00f3n es un tema secundario, donde todo el mundo se atreve a entrar: \u00ab\u2026si esto ya se aguanta ahora, as\u00ed que si le pongo una viga m\u00e1s, mejor\u2026\u00bb. Qu\u00e9 miembro de nuestra amplia familia no ha recibido alguna vez esta consulta de un familiar o amigo sobre sacar un tabique, o hacer un apeo en su piso\u2026 \u2014parece que el deber de todo nuevo ocupante de una vivienda es agujerearlo y vaciarlo, porque el programa funcional no se ajusta a sus necesidades\u2014, e incluso de nuestros clientes, como si fuera algo anecd\u00f3tico, sin apenas la necesidad de realizar ning\u00fan c\u00e1lculo.\u201d<\/em><\/p>\n<h2><strong>2. 2\u00ba Congreso de Consultores de Estructuras<\/strong><\/h2>\n<p><em>\u201cAunque es prematuro plantearlo, ya que hace pocos d\u00edas que se ha clausurado el 2\u00ba Congreso de Consultores de Estructuras, parece bueno hacer un primer an\u00e1lisis m\u00e1s o menos riguroso, m\u00e1s o menos autocr\u00edtico, de lo que ha supuesto, tanto por la ACE como por el colectivo implicado en esta profesi\u00f3n, la celebraci\u00f3n del mismo.<\/em><\/p>\n<p><em>Tambi\u00e9n, siguiendo las pautas que guiaron el planteamiento general, para dar una l\u00ednea de cierta continuidad con lo que fue el 1r Congreso, se enfoc\u00f3 en dos partes completamente diferenciadas como son el aspecto t\u00e9cnico por una lado y el profesional por el otro.\u201d<\/em><\/p>\n<h2><strong>3. El borrador de la instrucci\u00f3n EHE-08: implicaciones en la edificaci\u00f3n existente<\/strong><\/h2>\n<p>Art\u00edculo redactado por\u00a0<b>JOSEP M. GENESC\u00c0 R.<\/b>. Descarga la revista para saber las implicaciones en la edificaci\u00f3n seg\u00fan el borrador instrucci\u00f3n EHE-08.<\/p>\n<p><em>\u201cEs sabido que la Instrucci\u00f3n de Hormig\u00f3n Estructural contempla aquellos aspectos dirigidos especialmente al proyecto ya la ejecuci\u00f3n de estructuras de hormig\u00f3n armado y pretensado para obra nueva.<\/em><\/p>\n<p><em>Sin embargo, hay aspectos que pueden trasladarse f\u00e1cilmente a las diagnosis o intervenciones en las estructuras de los edificios existentes.\u201d<\/em><\/p>\n<h2><strong>4. La resistencia equivalente: recordando el esp\u00edritu constructivo de Jean Prouv\u00e9<\/strong><\/h2>\n<p>Art\u00edculo redactado por\u00a0<b>ROBERT BRUFAU<\/b>. Descarga la revista para recordar el esp\u00edritu constructivo a las resistencias equivalentes de en| \u00ab&gt;Jean Prouv\u00e9.<\/p>\n<p><em>\u201cLeyendo el libro de conversaciones de Armelle Lavalou con Jean Prouv\u00e9 (Editorial Gustavo Gili, 2005), me di cuenta de que \u00e9ste hac\u00eda frecuentes referencias al dise\u00f1o de los perfiles pensados para trabajar con \u201cresistencia equivalente\u201d. No siendo \u00e9ste un concepto empleado en los textos did\u00e1cticos del mundo del c\u00e1lculo estructural, me interes\u00f3 el tema, pensando que en \u00e9l podr\u00eda encontrar el por qu\u00e9 de mi admiraci\u00f3n por la obra de tan singular proyectista.<\/em>&lt; \/p&gt;<\/p>\n<p><em>Excelente dise\u00f1ador de todo tipo de estructuras, Prouv\u00e9 empez\u00f3, all\u00e1 por los a\u00f1os 20, proyectando y construyendo todo tipo de mobiliario, y lo hac\u00eda con una interesante concepci\u00f3n pl\u00e1stica que permit\u00eda entender que sus piezas no eran nada convencionales porque, precisamente, respond\u00edan a un cierto criterio de optimizaci\u00f3n resistente.\u201d<\/em><\/p>\n<h2><strong>5. Breve semejanza biogr\u00e1fica de Josep Maria Fornons<\/strong><\/h2>\n<p>Art\u00edculo redactado por\u00a0<b>FREDERIC MARIMON<\/b>. Descarga la revista para saber m\u00e1s de Josep Maria Fornons.<\/p>\n<p><em>\u201cEl profesor Josep Maria Fornons es un ejemplo de toda una vida profesional dedicada a las estructuras, tanto desde una vertiente docente y de investigaci\u00f3n acad\u00e9mica, como de la ejecuci\u00f3n y direcci\u00f3n de obras, algunas de ellas emblem\u00e1ticas en nuestro pa\u00eds. Nacido en 1936 en Capdella (Vall Fosca), en medio del Pirineo leridano, tiene un primer contacto con el mundo de la Ingenier\u00eda mediante el conocimiento directo de las grandes obras hidr\u00e1ulicas que se hac\u00edan en el valle, dirigidas por los Ingenieros suizos y por las explicaciones directas de su padre, encargado de la electrificaci\u00f3n de las obras.\u201d<\/em><\/p>\n<h2><strong>6. Efecto de las dilataciones en los elementos estructurales provocadas en los incendios de edificios de pisos<\/strong><\/h2>\n<p>Art\u00edculo redactado por\u00a0<b>JOSE-MARIA FORNONS<\/b>. Descarga la revista para conocer los efectos de las dilataciones estructurales provocadas por incendios.<\/p>\n<p><em>\u201cEn primer lugar quiero dar las gracias al Presidente ya la Junta Directiva de la Asociaci\u00f3n de Consultores de Estructuras por el inmerecido favor de nombrarme socio de honor de esta muy prestigiosa instituci\u00f3n y, en segundo lugar, para dejarme exponer una de mis inquietudes profesionales ante esta audiencia de cualificad\u00edsimos profesionales en el campo de las estructuras, en este se\u00f1alado d\u00eda de Santa Luc\u00eda de 2007. Esto es, sin duda, un atrevimiento para mi parte, puesto que es muy dif\u00edcil hablarles de algo que no sepan m\u00e1s que yo sin aburrirlos.<\/em><\/p>\n<p><em>As\u00ed pues, con la perspectiva de mi experiencia profesional me limitar\u00e9 a exponerles algunas consideraciones sobre el efecto de las dilataciones en los elementos estructurales provocadas en los incendios de edificios de pisos, principalmente met\u00e1licos .\u201d<\/em><\/p>\n<h2><strong>7. Monumento a las v\u00edctimas del 11 M en Madrid<\/strong><\/h2>\n<p>Art\u00edculo redactado por\u00a0<b>KNUT G\u00d6PPERT<\/b>,\u00a0<b>CHRISTOPH PAECH, FRANCISCO ARBOSO<\/b>\u00a0y\u00a0<b>CARLAS TEJIDOR<\/b>. Descarga la revista para conocer el Monumento a las v\u00edctimas del 11 M.<\/p>\n<p><em>\u201cEl 11 de marzo de 2004, en Madrid ocurrieron una serie de atentados en cuatro trenes de cercan\u00edas en los que perdieron la vida 191 personas y 1.824 resultaron heridas. El monumento en memoria a las v\u00edctimas est\u00e1 situado frente a la estaci\u00f3n de Atocha, en el centro de Madrid, y fue inaugurado por Sus Majestades los Reyes Juan Carlos y Sof\u00eda el d\u00eda del tercer aniversario.\u201d<\/em><\/p>\n<h2><strong>8. Miscel\u00e1nea<\/strong><\/h2>\n<h2><strong>9. Lista de miembros de la Asociaci\u00f3n<\/strong><\/h2>\n<p>Conoce a los\u00a0miembros\u00a0de la Asociaci\u00f3n Consultores de Estructuras. Podr\u00e1s ver a los nuevos integrantes que participan por el reconocimiento de la profesi\u00f3n dentro del mundo de la construcci\u00f3n.<\/p>\n","protected":false},"excerpt":{"rendered":"<ul>\n<li>1. Editorial<\/li>\n<li>2. 2\u00ba Congreso de Consultores de Estructuras<\/li>\n<li>3. El borrador de la instrucci\u00f3n EHE-08: implicaciones en la edificaci\u00f3n existente<\/li>\n<li>4. La resistencia equivalente: recordando el esp\u00edritu constructivo de Jean Prouv\u00e9<\/li>\n<li>5. Breve semejanza biogr\u00e1fica de Josep Maria Fornons<\/li>\n<li>6. Efecto de las dilataciones en los elementos estructurales provocadas en los incendios de edificios de pisos<\/li>\n<li>7. Monumento a las v\u00edctimas del 11 M en Madrid<\/li>\n<li>8. Miscel\u00e1nea<\/li>\n<li>9. Lista de miembros de la Asociaci\u00f3n<\/li>\n<\/ul>\n","protected":false},"featured_media":37998,"template":"","meta":{"_acf_changed":false,"site-sidebar-layout":"default","site-content-layout":"default","ast-global-header-display":"","ast-main-header-display":"","ast-hfb-above-header-display":"","ast-hfb-below-header-display":"","ast-hfb-mobile-header-display":"","site-post-title":"","ast-breadcrumbs-content":"","ast-featured-img":"","footer-sml-layout":"","theme-transparent-header-meta":"default","adv-header-id-meta":"","stick-header-meta":"","header-above-stick-meta":"","header-main-stick-meta":"","header-below-stick-meta":""},"product_brand":[],"product_cat":[595],"product_tag":[],"class_list":{"0":"post-39755","1":"product","2":"type-product","3":"status-publish","4":"has-post-thumbnail","6":"product_cat-cuaderno-de-estructuras","7":"desktop-align-left","8":"tablet-align-left","9":"mobile-align-left","11":"first","12":"instock","13":"taxable","14":"shipping-taxable","15":"purchasable","16":"product-type-variable","17":"has-default-attributes"},"acf":[],"yoast_head":"<!-- This site is optimized with the Yoast SEO plugin v27.1.1 - https:\/\/yoast.com\/product\/yoast-seo-wordpress\/ -->\n<title>Quaderns d&#039;Estructures 31 | ACE<\/title>\n<meta name=\"description\" content=\"Revista n\u00ba 31 con art\u00edculos de actualidad que tratan sobre la construcci\u00f3n de estructuras y que publica la Asociaci\u00f3n de Consultores de Estructuras (ACE).\" \/>\n<meta name=\"robots\" content=\"index, follow, max-snippet:-1, max-image-preview:large, max-video-preview:-1\" \/>\n<link rel=\"canonical\" href=\"https:\/\/aceweb.cat\/es\/producto\/quaderns-destructures-31\/\" \/>\n<meta property=\"og:locale\" content=\"es_ES\" \/>\n<meta property=\"og:type\" content=\"article\" \/>\n<meta property=\"og:title\" content=\"Quaderns d&#039;Estructures 31 | ACE\" \/>\n<meta property=\"og:description\" content=\"Revista n\u00ba 31 con art\u00edculos de actualidad que tratan sobre la construcci\u00f3n de estructuras y que publica la Asociaci\u00f3n de Consultores de Estructuras (ACE).\" \/>\n<meta property=\"og:url\" content=\"https:\/\/aceweb.cat\/es\/producto\/quaderns-destructures-31\/\" \/>\n<meta property=\"og:site_name\" content=\"aceweb.cat\" \/>\n<meta property=\"article:modified_time\" content=\"2023-03-22T15:55:07+00:00\" \/>\n<meta property=\"og:image\" content=\"https:\/\/aceweb.cat\/wp-content\/uploads\/2023\/02\/ACE-Quaderns-Estructures-031.jpg\" \/>\n\t<meta property=\"og:image:width\" content=\"724\" \/>\n\t<meta property=\"og:image:height\" content=\"1024\" \/>\n\t<meta property=\"og:image:type\" content=\"image\/jpeg\" \/>\n<meta name=\"twitter:card\" content=\"summary_large_image\" \/>\n<meta name=\"twitter:label1\" content=\"Tiempo de lectura\" \/>\n\t<meta name=\"twitter:data1\" content=\"6 minutos\" \/>\n<script type=\"application\/ld+json\" class=\"yoast-schema-graph\">{\"@context\":\"https:\/\/schema.org\",\"@graph\":[{\"@type\":\"WebPage\",\"@id\":\"https:\/\/aceweb.cat\/es\/producto\/quaderns-destructures-31\/\",\"url\":\"https:\/\/aceweb.cat\/es\/producto\/quaderns-destructures-31\/\",\"name\":\"Quaderns d'Estructures 31 | ACE\",\"isPartOf\":{\"@id\":\"https:\/\/aceweb.cat\/#website\"},\"primaryImageOfPage\":{\"@id\":\"https:\/\/aceweb.cat\/es\/producto\/quaderns-destructures-31\/#primaryimage\"},\"image\":{\"@id\":\"https:\/\/aceweb.cat\/es\/producto\/quaderns-destructures-31\/#primaryimage\"},\"thumbnailUrl\":\"https:\/\/aceweb.cat\/wp-content\/uploads\/2023\/02\/ACE-Quaderns-Estructures-031.jpg\",\"datePublished\":\"2022-12-15T10:00:18+00:00\",\"dateModified\":\"2023-03-22T15:55:07+00:00\",\"description\":\"Revista n\u00ba 31 con art\u00edculos de actualidad que tratan sobre la construcci\u00f3n de estructuras y que publica la Asociaci\u00f3n de Consultores de Estructuras (ACE).\",\"breadcrumb\":{\"@id\":\"https:\/\/aceweb.cat\/es\/producto\/quaderns-destructures-31\/#breadcrumb\"},\"inLanguage\":\"es\",\"potentialAction\":[{\"@type\":\"ReadAction\",\"target\":[\"https:\/\/aceweb.cat\/es\/producto\/quaderns-destructures-31\/\"]}]},{\"@type\":\"ImageObject\",\"inLanguage\":\"es\",\"@id\":\"https:\/\/aceweb.cat\/es\/producto\/quaderns-destructures-31\/#primaryimage\",\"url\":\"https:\/\/aceweb.cat\/wp-content\/uploads\/2023\/02\/ACE-Quaderns-Estructures-031.jpg\",\"contentUrl\":\"https:\/\/aceweb.cat\/wp-content\/uploads\/2023\/02\/ACE-Quaderns-Estructures-031.jpg\",\"width\":724,\"height\":1024},{\"@type\":\"BreadcrumbList\",\"@id\":\"https:\/\/aceweb.cat\/es\/producto\/quaderns-destructures-31\/#breadcrumb\",\"itemListElement\":[{\"@type\":\"ListItem\",\"position\":1,\"name\":\"Inici\",\"item\":\"https:\/\/aceweb.cat\/\"},{\"@type\":\"ListItem\",\"position\":2,\"name\":\"Tienda\",\"item\":\"https:\/\/aceweb.cat\/es\/tienda\/\"},{\"@type\":\"ListItem\",\"position\":3,\"name\":\"Quadern d\u2019Estructures\",\"item\":\"https:\/\/aceweb.cat\/es\/categoria-producto\/cuaderno-de-estructuras\/\"},{\"@type\":\"ListItem\",\"position\":4,\"name\":\"Quaderns d&#8217;Estructures 31\"}]},{\"@type\":\"WebSite\",\"@id\":\"https:\/\/aceweb.cat\/#website\",\"url\":\"https:\/\/aceweb.cat\/\",\"name\":\"ACE\",\"description\":\"Associaci\u00f3 de Consultors d&#039;Estructures | ACE\",\"publisher\":{\"@id\":\"https:\/\/aceweb.cat\/#organization\"},\"alternateName\":\"ACE\",\"potentialAction\":[{\"@type\":\"SearchAction\",\"target\":{\"@type\":\"EntryPoint\",\"urlTemplate\":\"https:\/\/aceweb.cat\/?s={search_term_string}\"},\"query-input\":{\"@type\":\"PropertyValueSpecification\",\"valueRequired\":true,\"valueName\":\"search_term_string\"}}],\"inLanguage\":\"es\"},{\"@type\":\"Organization\",\"@id\":\"https:\/\/aceweb.cat\/#organization\",\"name\":\"ACE\",\"alternateName\":\"ACE\",\"url\":\"https:\/\/aceweb.cat\/\",\"logo\":{\"@type\":\"ImageObject\",\"inLanguage\":\"es\",\"@id\":\"https:\/\/aceweb.cat\/#\/schema\/logo\/image\/\",\"url\":\"https:\/\/aceweb.cat\/wp-content\/uploads\/2022\/10\/logo.svg\",\"contentUrl\":\"https:\/\/aceweb.cat\/wp-content\/uploads\/2022\/10\/logo.svg\",\"width\":1,\"height\":1,\"caption\":\"ACE\"},\"image\":{\"@id\":\"https:\/\/aceweb.cat\/#\/schema\/logo\/image\/\"}}]}<\/script>\n<!-- \/ Yoast SEO plugin. -->","yoast_head_json":{"title":"Quaderns d'Estructures 31 | ACE","description":"Revista n\u00ba 31 con art\u00edculos de actualidad que tratan sobre la construcci\u00f3n de estructuras y que publica la Asociaci\u00f3n de Consultores de Estructuras (ACE).","robots":{"index":"index","follow":"follow","max-snippet":"max-snippet:-1","max-image-preview":"max-image-preview:large","max-video-preview":"max-video-preview:-1"},"canonical":"https:\/\/aceweb.cat\/es\/producto\/quaderns-destructures-31\/","og_locale":"es_ES","og_type":"article","og_title":"Quaderns d'Estructures 31 | ACE","og_description":"Revista n\u00ba 31 con art\u00edculos de actualidad que tratan sobre la construcci\u00f3n de estructuras y que publica la Asociaci\u00f3n de Consultores de Estructuras (ACE).","og_url":"https:\/\/aceweb.cat\/es\/producto\/quaderns-destructures-31\/","og_site_name":"aceweb.cat","article_modified_time":"2023-03-22T15:55:07+00:00","og_image":[{"width":724,"height":1024,"url":"https:\/\/aceweb.cat\/wp-content\/uploads\/2023\/02\/ACE-Quaderns-Estructures-031.jpg","type":"image\/jpeg"}],"twitter_card":"summary_large_image","twitter_misc":{"Tiempo de lectura":"6 minutos"},"schema":{"@context":"https:\/\/schema.org","@graph":[{"@type":"WebPage","@id":"https:\/\/aceweb.cat\/es\/producto\/quaderns-destructures-31\/","url":"https:\/\/aceweb.cat\/es\/producto\/quaderns-destructures-31\/","name":"Quaderns d'Estructures 31 | ACE","isPartOf":{"@id":"https:\/\/aceweb.cat\/#website"},"primaryImageOfPage":{"@id":"https:\/\/aceweb.cat\/es\/producto\/quaderns-destructures-31\/#primaryimage"},"image":{"@id":"https:\/\/aceweb.cat\/es\/producto\/quaderns-destructures-31\/#primaryimage"},"thumbnailUrl":"https:\/\/aceweb.cat\/wp-content\/uploads\/2023\/02\/ACE-Quaderns-Estructures-031.jpg","datePublished":"2022-12-15T10:00:18+00:00","dateModified":"2023-03-22T15:55:07+00:00","description":"Revista n\u00ba 31 con art\u00edculos de actualidad que tratan sobre la construcci\u00f3n de estructuras y que publica la Asociaci\u00f3n de Consultores de Estructuras (ACE).","breadcrumb":{"@id":"https:\/\/aceweb.cat\/es\/producto\/quaderns-destructures-31\/#breadcrumb"},"inLanguage":"es","potentialAction":[{"@type":"ReadAction","target":["https:\/\/aceweb.cat\/es\/producto\/quaderns-destructures-31\/"]}]},{"@type":"ImageObject","inLanguage":"es","@id":"https:\/\/aceweb.cat\/es\/producto\/quaderns-destructures-31\/#primaryimage","url":"https:\/\/aceweb.cat\/wp-content\/uploads\/2023\/02\/ACE-Quaderns-Estructures-031.jpg","contentUrl":"https:\/\/aceweb.cat\/wp-content\/uploads\/2023\/02\/ACE-Quaderns-Estructures-031.jpg","width":724,"height":1024},{"@type":"BreadcrumbList","@id":"https:\/\/aceweb.cat\/es\/producto\/quaderns-destructures-31\/#breadcrumb","itemListElement":[{"@type":"ListItem","position":1,"name":"Inici","item":"https:\/\/aceweb.cat\/"},{"@type":"ListItem","position":2,"name":"Tienda","item":"https:\/\/aceweb.cat\/es\/tienda\/"},{"@type":"ListItem","position":3,"name":"Quadern d\u2019Estructures","item":"https:\/\/aceweb.cat\/es\/categoria-producto\/cuaderno-de-estructuras\/"},{"@type":"ListItem","position":4,"name":"Quaderns d&#8217;Estructures 31"}]},{"@type":"WebSite","@id":"https:\/\/aceweb.cat\/#website","url":"https:\/\/aceweb.cat\/","name":"ACE","description":"Associaci\u00f3 de Consultors d&#039;Estructures | ACE","publisher":{"@id":"https:\/\/aceweb.cat\/#organization"},"alternateName":"ACE","potentialAction":[{"@type":"SearchAction","target":{"@type":"EntryPoint","urlTemplate":"https:\/\/aceweb.cat\/?s={search_term_string}"},"query-input":{"@type":"PropertyValueSpecification","valueRequired":true,"valueName":"search_term_string"}}],"inLanguage":"es"},{"@type":"Organization","@id":"https:\/\/aceweb.cat\/#organization","name":"ACE","alternateName":"ACE","url":"https:\/\/aceweb.cat\/","logo":{"@type":"ImageObject","inLanguage":"es","@id":"https:\/\/aceweb.cat\/#\/schema\/logo\/image\/","url":"https:\/\/aceweb.cat\/wp-content\/uploads\/2022\/10\/logo.svg","contentUrl":"https:\/\/aceweb.cat\/wp-content\/uploads\/2022\/10\/logo.svg","width":1,"height":1,"caption":"ACE"},"image":{"@id":"https:\/\/aceweb.cat\/#\/schema\/logo\/image\/"}}]}},"_links":{"self":[{"href":"https:\/\/aceweb.cat\/es\/wp-json\/wp\/v2\/product\/39755","targetHints":{"allow":["GET"]}}],"collection":[{"href":"https:\/\/aceweb.cat\/es\/wp-json\/wp\/v2\/product"}],"about":[{"href":"https:\/\/aceweb.cat\/es\/wp-json\/wp\/v2\/types\/product"}],"version-history":[{"count":1,"href":"https:\/\/aceweb.cat\/es\/wp-json\/wp\/v2\/product\/39755\/revisions"}],"predecessor-version":[{"id":39758,"href":"https:\/\/aceweb.cat\/es\/wp-json\/wp\/v2\/product\/39755\/revisions\/39758"}],"wp:featuredmedia":[{"embeddable":true,"href":"https:\/\/aceweb.cat\/es\/wp-json\/wp\/v2\/media\/37998"}],"wp:attachment":[{"href":"https:\/\/aceweb.cat\/es\/wp-json\/wp\/v2\/media?parent=39755"}],"wp:term":[{"taxonomy":"product_brand","embeddable":true,"href":"https:\/\/aceweb.cat\/es\/wp-json\/wp\/v2\/product_brand?post=39755"},{"taxonomy":"product_cat","embeddable":true,"href":"https:\/\/aceweb.cat\/es\/wp-json\/wp\/v2\/product_cat?post=39755"},{"taxonomy":"product_tag","embeddable":true,"href":"https:\/\/aceweb.cat\/es\/wp-json\/wp\/v2\/product_tag?post=39755"}],"curies":[{"name":"wp","href":"https:\/\/api.w.org\/{rel}","templated":true}]}}