{"id":39790,"date":"2022-12-16T10:00:15","date_gmt":"2022-12-16T10:00:15","guid":{"rendered":"https:\/\/www.aceweb.advertis.es\/producto\/quaderns-destructures-32\/"},"modified":"2023-03-22T15:55:20","modified_gmt":"2023-03-22T15:55:20","slug":"quaderns-destructures-32","status":"publish","type":"product","link":"https:\/\/aceweb.cat\/es\/producto\/quaderns-destructures-32\/","title":{"rendered":"Quaderns d&#8217;Estructures 32"},"content":{"rendered":"<p>Este n\u00famero incluye:<\/p>\n<h2><strong>1. Editorial<\/strong><\/h2>\n<p>Art\u00edculo redactado por\u00a0<b>ANTONI MASSAGU\u00c9 OLIART<\/b>. Descarga la revista para leer y recordar los inicios de nuestra Asociaci\u00f3n.<\/p>\n<p><em>\u201cAunque a veces repasar un poco la historia se hace pesado, es bueno recordar los inicios. Esta Asociaci\u00f3n naci\u00f3 para conseguir el reconocimiento y la dignificaci\u00f3n de nuestra profesi\u00f3n.<\/em><\/p>\n<p><em>Fueron tiempos muy complicados, muy dif\u00edciles, con una necesidad constante de seguir y velar por la consolidaci\u00f3n de nuestros objetivos. Se ha llegado a tener una estabilidad y una capacidad t\u00e9cnica,<br \/>\ndada por los propios asociados, y todo el entorno que nos acompa\u00f1a (protectores y adheridos) que permite no dormirse en ese d\u00eda a d\u00eda y hacer frente a nuevos retos.\u201d<\/em><\/p>\n<h2><strong>2. Sistemas mixtos de contenci\u00f3n<\/strong><\/h2>\n<p>Art\u00edculo redactado por\u00a0<b>JUAN JOS\u00c9 ROSAS ALAGUERO<\/b>. Descarga la revista para conocer los sistemas mixtos de contenci\u00f3n de terrenos.<\/p>\n<p><em>\u201cLa contenci\u00f3n de terrenos en el \u00e1mbito urbano cobra cada vez mayor importancia por causa de la obligada interacci\u00f3n con elementos preexistentes as\u00ed como la mayor sensibilidad de la sociedad respecto de los riesgos asociados a cualquier tipo de actuaci\u00f3n en su entorno . Esta realidad ha obligado a una continua evoluci\u00f3n de las t\u00e9cnicas constructivas con el fin de ir resolviendo las diferentes problem\u00e1ticas que van apareciendo, en un entorno con alto grado de indefinici\u00f3n. Por otra parte, la l\u00f3gica evoluci\u00f3n del mercado ha obligado a que las tecnolog\u00edas de contenci\u00f3n utilizadas est\u00e9n cada vez m\u00e1s sistematizadas, con el fin de optimizar recursos con un grado de seguridad cada vez mayor, tanto para el entorno como para los operarios de la propia obra.\u201d<\/em><\/p>\n<h2><strong>3. Morteros de reparaci\u00f3n para hormig\u00f3n estructural<\/strong><\/h2>\n<p>Art\u00edculo redactado por XAVIER VELOY y XAVIER MATEU<\/b>. Descarga la revista para conocer los morteros de reparaci\u00f3n del hormig\u00f3n deteriorado.<\/p>\n<p><em>\u201cRecientemente han aparecido estudios que nos ponen los pelos de punta: que el hormig\u00f3n comienza a perder capacidad resistente a partir de los cuarenta a\u00f1os de vida; que derribar\u00e1n la\u00a0<a href=\"https:\/\/es.wikipedia.org\/wiki\/Torre_Ostankino\" target=\"_blank\" rel=\"noopener noreferrer\">Torre Ostankino<\/a>\u00a0de telecomunicaciones de Mosc\u00fa para deteriorarse su hormig\u00f3n estructural; que los residuos radiactivos envueltos en hormig\u00f3n y vertidos en el Atl\u00e1ntico saldr\u00e1n a la superficie a finales de este siglo.\u201d<\/em><\/p>\n<h2><strong>4. Construcci\u00f3n industrializada de centros escolares<\/strong><\/h2>\n<p>Art\u00edculo redactado por ENRIC XERCAVINS VALLS<\/b>\u00a0y\u00a0<b>JOSEP XERCAVINS BATLL\u00d3<\/b>. Descarga la revista para estudiar soluciones constructivas de centros escolares.<\/p>\n<p><em>\u201cEn este art\u00edculo se pretende estudiar soluciones constructivas para dar respuesta inmediata al d\u00e9ficit de centros escolares, debido al r\u00e1pido crecimiento de la poblaci\u00f3n infantil en los ensanches urban\u00edsticos de las ciudades por los flujos migratorios que se producen por diferentes motivos socioecon\u00f3micos.< \/em><\/p>\n<p><em>La construcci\u00f3n industrializada debe edificar en plazos muy cortos de 8 a 10 meses, una arquitectura escolar de calidad, que cubra el derecho b\u00e1sico de escolarizaci\u00f3n, con procesos industriales sostenibles de residuos m\u00ednimos y con uniones de f\u00e1cil ensamblaje a obra , que al mismo tiempo den hiperestaticidad a la estructura final.\u201d<\/em><\/p>\n<h2><strong>5. Miscel\u00e1nea<\/strong><\/h2>\n<h2><strong>6. Lista de miembros de la Asociaci\u00f3n<\/strong><\/h2>\n<p>Conoce a los\u00a0miembros\u00a0de la Asociaci\u00f3n Consultores de Estructuras. Podr\u00e1s ver a los nuevos integrantes que participan por el reconocimiento de la profesi\u00f3n dentro del mundo de la construcci\u00f3n.<\/p>\n","protected":false},"excerpt":{"rendered":"<ul>\n<li>1. Editorial<\/li>\n<li>2. Sistemas mixtos de contenci\u00f3n<\/li>\n<li>3. Morteros de reparaci\u00f3n para hormig\u00f3n estructural<\/li>\n<li>4. Construcci\u00f3n industrializada de centros escolares<\/li>\n<li>5. Miscel\u00e1nea<\/li>\n<li>6. Lista de miembros de la Asociaci\u00f3n<\/li>\n<\/ul>\n","protected":false},"featured_media":37988,"template":"","meta":{"_acf_changed":false,"site-sidebar-layout":"default","site-content-layout":"default","ast-global-header-display":"","ast-main-header-display":"","ast-hfb-above-header-display":"","ast-hfb-below-header-display":"","ast-hfb-mobile-header-display":"","site-post-title":"","ast-breadcrumbs-content":"","ast-featured-img":"","footer-sml-layout":"","theme-transparent-header-meta":"default","adv-header-id-meta":"","stick-header-meta":"","header-above-stick-meta":"","header-main-stick-meta":"","header-below-stick-meta":""},"product_brand":[],"product_cat":[595],"product_tag":[],"class_list":{"0":"post-39790","1":"product","2":"type-product","3":"status-publish","4":"has-post-thumbnail","6":"product_cat-cuaderno-de-estructuras","7":"desktop-align-left","8":"tablet-align-left","9":"mobile-align-left","11":"first","12":"instock","13":"taxable","14":"shipping-taxable","15":"purchasable","16":"product-type-variable","17":"has-default-attributes"},"acf":[],"yoast_head":"<!-- This site is optimized with the Yoast SEO plugin v27.1.1 - https:\/\/yoast.com\/product\/yoast-seo-wordpress\/ -->\n<title>Quaderns d&#039;Estructures 32 | ACE<\/title>\n<meta name=\"description\" content=\"Revista n\u00ba 32 con art\u00edculos de actualidad que tratan sobre la construcci\u00f3n de estructuras y que publica la Asociaci\u00f3n de Consultores de Estructuras (ACE).\" \/>\n<meta name=\"robots\" content=\"index, follow, max-snippet:-1, max-image-preview:large, max-video-preview:-1\" \/>\n<link rel=\"canonical\" href=\"https:\/\/aceweb.cat\/es\/producto\/quaderns-destructures-32\/\" \/>\n<meta property=\"og:locale\" content=\"es_ES\" \/>\n<meta property=\"og:type\" content=\"article\" \/>\n<meta property=\"og:title\" content=\"Quaderns d&#039;Estructures 32 | ACE\" \/>\n<meta property=\"og:description\" content=\"Revista n\u00ba 32 con art\u00edculos de actualidad que tratan sobre la construcci\u00f3n de estructuras y que publica la Asociaci\u00f3n de Consultores de Estructuras (ACE).\" \/>\n<meta property=\"og:url\" content=\"https:\/\/aceweb.cat\/es\/producto\/quaderns-destructures-32\/\" \/>\n<meta property=\"og:site_name\" content=\"aceweb.cat\" \/>\n<meta property=\"article:modified_time\" content=\"2023-03-22T15:55:20+00:00\" \/>\n<meta property=\"og:image\" content=\"https:\/\/aceweb.cat\/wp-content\/uploads\/2023\/02\/ACE-Quaderns-Estructures-032.jpg\" \/>\n\t<meta property=\"og:image:width\" content=\"724\" \/>\n\t<meta property=\"og:image:height\" content=\"1024\" \/>\n\t<meta property=\"og:image:type\" content=\"image\/jpeg\" \/>\n<meta name=\"twitter:card\" content=\"summary_large_image\" \/>\n<meta name=\"twitter:label1\" content=\"Tiempo de lectura\" \/>\n\t<meta name=\"twitter:data1\" content=\"3 minutos\" \/>\n<script type=\"application\/ld+json\" class=\"yoast-schema-graph\">{\"@context\":\"https:\/\/schema.org\",\"@graph\":[{\"@type\":\"WebPage\",\"@id\":\"https:\/\/aceweb.cat\/es\/producto\/quaderns-destructures-32\/\",\"url\":\"https:\/\/aceweb.cat\/es\/producto\/quaderns-destructures-32\/\",\"name\":\"Quaderns d'Estructures 32 | ACE\",\"isPartOf\":{\"@id\":\"https:\/\/aceweb.cat\/#website\"},\"primaryImageOfPage\":{\"@id\":\"https:\/\/aceweb.cat\/es\/producto\/quaderns-destructures-32\/#primaryimage\"},\"image\":{\"@id\":\"https:\/\/aceweb.cat\/es\/producto\/quaderns-destructures-32\/#primaryimage\"},\"thumbnailUrl\":\"https:\/\/aceweb.cat\/wp-content\/uploads\/2023\/02\/ACE-Quaderns-Estructures-032.jpg\",\"datePublished\":\"2022-12-16T10:00:15+00:00\",\"dateModified\":\"2023-03-22T15:55:20+00:00\",\"description\":\"Revista n\u00ba 32 con art\u00edculos de actualidad que tratan sobre la construcci\u00f3n de estructuras y que publica la Asociaci\u00f3n de Consultores de Estructuras (ACE).\",\"breadcrumb\":{\"@id\":\"https:\/\/aceweb.cat\/es\/producto\/quaderns-destructures-32\/#breadcrumb\"},\"inLanguage\":\"es\",\"potentialAction\":[{\"@type\":\"ReadAction\",\"target\":[\"https:\/\/aceweb.cat\/es\/producto\/quaderns-destructures-32\/\"]}]},{\"@type\":\"ImageObject\",\"inLanguage\":\"es\",\"@id\":\"https:\/\/aceweb.cat\/es\/producto\/quaderns-destructures-32\/#primaryimage\",\"url\":\"https:\/\/aceweb.cat\/wp-content\/uploads\/2023\/02\/ACE-Quaderns-Estructures-032.jpg\",\"contentUrl\":\"https:\/\/aceweb.cat\/wp-content\/uploads\/2023\/02\/ACE-Quaderns-Estructures-032.jpg\",\"width\":724,\"height\":1024},{\"@type\":\"BreadcrumbList\",\"@id\":\"https:\/\/aceweb.cat\/es\/producto\/quaderns-destructures-32\/#breadcrumb\",\"itemListElement\":[{\"@type\":\"ListItem\",\"position\":1,\"name\":\"Inici\",\"item\":\"https:\/\/aceweb.cat\/\"},{\"@type\":\"ListItem\",\"position\":2,\"name\":\"Tienda\",\"item\":\"https:\/\/aceweb.cat\/es\/tienda\/\"},{\"@type\":\"ListItem\",\"position\":3,\"name\":\"Quadern d\u2019Estructures\",\"item\":\"https:\/\/aceweb.cat\/es\/categoria-producto\/cuaderno-de-estructuras\/\"},{\"@type\":\"ListItem\",\"position\":4,\"name\":\"Quaderns d&#8217;Estructures 32\"}]},{\"@type\":\"WebSite\",\"@id\":\"https:\/\/aceweb.cat\/#website\",\"url\":\"https:\/\/aceweb.cat\/\",\"name\":\"ACE\",\"description\":\"Associaci\u00f3 de Consultors d&#039;Estructures | ACE\",\"publisher\":{\"@id\":\"https:\/\/aceweb.cat\/#organization\"},\"alternateName\":\"ACE\",\"potentialAction\":[{\"@type\":\"SearchAction\",\"target\":{\"@type\":\"EntryPoint\",\"urlTemplate\":\"https:\/\/aceweb.cat\/?s={search_term_string}\"},\"query-input\":{\"@type\":\"PropertyValueSpecification\",\"valueRequired\":true,\"valueName\":\"search_term_string\"}}],\"inLanguage\":\"es\"},{\"@type\":\"Organization\",\"@id\":\"https:\/\/aceweb.cat\/#organization\",\"name\":\"ACE\",\"alternateName\":\"ACE\",\"url\":\"https:\/\/aceweb.cat\/\",\"logo\":{\"@type\":\"ImageObject\",\"inLanguage\":\"es\",\"@id\":\"https:\/\/aceweb.cat\/#\/schema\/logo\/image\/\",\"url\":\"https:\/\/aceweb.cat\/wp-content\/uploads\/2022\/10\/logo.svg\",\"contentUrl\":\"https:\/\/aceweb.cat\/wp-content\/uploads\/2022\/10\/logo.svg\",\"width\":1,\"height\":1,\"caption\":\"ACE\"},\"image\":{\"@id\":\"https:\/\/aceweb.cat\/#\/schema\/logo\/image\/\"}}]}<\/script>\n<!-- \/ Yoast SEO plugin. -->","yoast_head_json":{"title":"Quaderns d'Estructures 32 | ACE","description":"Revista n\u00ba 32 con art\u00edculos de actualidad que tratan sobre la construcci\u00f3n de estructuras y que publica la Asociaci\u00f3n de Consultores de Estructuras (ACE).","robots":{"index":"index","follow":"follow","max-snippet":"max-snippet:-1","max-image-preview":"max-image-preview:large","max-video-preview":"max-video-preview:-1"},"canonical":"https:\/\/aceweb.cat\/es\/producto\/quaderns-destructures-32\/","og_locale":"es_ES","og_type":"article","og_title":"Quaderns d'Estructures 32 | ACE","og_description":"Revista n\u00ba 32 con art\u00edculos de actualidad que tratan sobre la construcci\u00f3n de estructuras y que publica la Asociaci\u00f3n de Consultores de Estructuras (ACE).","og_url":"https:\/\/aceweb.cat\/es\/producto\/quaderns-destructures-32\/","og_site_name":"aceweb.cat","article_modified_time":"2023-03-22T15:55:20+00:00","og_image":[{"width":724,"height":1024,"url":"https:\/\/aceweb.cat\/wp-content\/uploads\/2023\/02\/ACE-Quaderns-Estructures-032.jpg","type":"image\/jpeg"}],"twitter_card":"summary_large_image","twitter_misc":{"Tiempo de lectura":"3 minutos"},"schema":{"@context":"https:\/\/schema.org","@graph":[{"@type":"WebPage","@id":"https:\/\/aceweb.cat\/es\/producto\/quaderns-destructures-32\/","url":"https:\/\/aceweb.cat\/es\/producto\/quaderns-destructures-32\/","name":"Quaderns d'Estructures 32 | ACE","isPartOf":{"@id":"https:\/\/aceweb.cat\/#website"},"primaryImageOfPage":{"@id":"https:\/\/aceweb.cat\/es\/producto\/quaderns-destructures-32\/#primaryimage"},"image":{"@id":"https:\/\/aceweb.cat\/es\/producto\/quaderns-destructures-32\/#primaryimage"},"thumbnailUrl":"https:\/\/aceweb.cat\/wp-content\/uploads\/2023\/02\/ACE-Quaderns-Estructures-032.jpg","datePublished":"2022-12-16T10:00:15+00:00","dateModified":"2023-03-22T15:55:20+00:00","description":"Revista n\u00ba 32 con art\u00edculos de actualidad que tratan sobre la construcci\u00f3n de estructuras y que publica la Asociaci\u00f3n de Consultores de Estructuras (ACE).","breadcrumb":{"@id":"https:\/\/aceweb.cat\/es\/producto\/quaderns-destructures-32\/#breadcrumb"},"inLanguage":"es","potentialAction":[{"@type":"ReadAction","target":["https:\/\/aceweb.cat\/es\/producto\/quaderns-destructures-32\/"]}]},{"@type":"ImageObject","inLanguage":"es","@id":"https:\/\/aceweb.cat\/es\/producto\/quaderns-destructures-32\/#primaryimage","url":"https:\/\/aceweb.cat\/wp-content\/uploads\/2023\/02\/ACE-Quaderns-Estructures-032.jpg","contentUrl":"https:\/\/aceweb.cat\/wp-content\/uploads\/2023\/02\/ACE-Quaderns-Estructures-032.jpg","width":724,"height":1024},{"@type":"BreadcrumbList","@id":"https:\/\/aceweb.cat\/es\/producto\/quaderns-destructures-32\/#breadcrumb","itemListElement":[{"@type":"ListItem","position":1,"name":"Inici","item":"https:\/\/aceweb.cat\/"},{"@type":"ListItem","position":2,"name":"Tienda","item":"https:\/\/aceweb.cat\/es\/tienda\/"},{"@type":"ListItem","position":3,"name":"Quadern d\u2019Estructures","item":"https:\/\/aceweb.cat\/es\/categoria-producto\/cuaderno-de-estructuras\/"},{"@type":"ListItem","position":4,"name":"Quaderns d&#8217;Estructures 32"}]},{"@type":"WebSite","@id":"https:\/\/aceweb.cat\/#website","url":"https:\/\/aceweb.cat\/","name":"ACE","description":"Associaci\u00f3 de Consultors d&#039;Estructures | ACE","publisher":{"@id":"https:\/\/aceweb.cat\/#organization"},"alternateName":"ACE","potentialAction":[{"@type":"SearchAction","target":{"@type":"EntryPoint","urlTemplate":"https:\/\/aceweb.cat\/?s={search_term_string}"},"query-input":{"@type":"PropertyValueSpecification","valueRequired":true,"valueName":"search_term_string"}}],"inLanguage":"es"},{"@type":"Organization","@id":"https:\/\/aceweb.cat\/#organization","name":"ACE","alternateName":"ACE","url":"https:\/\/aceweb.cat\/","logo":{"@type":"ImageObject","inLanguage":"es","@id":"https:\/\/aceweb.cat\/#\/schema\/logo\/image\/","url":"https:\/\/aceweb.cat\/wp-content\/uploads\/2022\/10\/logo.svg","contentUrl":"https:\/\/aceweb.cat\/wp-content\/uploads\/2022\/10\/logo.svg","width":1,"height":1,"caption":"ACE"},"image":{"@id":"https:\/\/aceweb.cat\/#\/schema\/logo\/image\/"}}]}},"_links":{"self":[{"href":"https:\/\/aceweb.cat\/es\/wp-json\/wp\/v2\/product\/39790","targetHints":{"allow":["GET"]}}],"collection":[{"href":"https:\/\/aceweb.cat\/es\/wp-json\/wp\/v2\/product"}],"about":[{"href":"https:\/\/aceweb.cat\/es\/wp-json\/wp\/v2\/types\/product"}],"version-history":[{"count":1,"href":"https:\/\/aceweb.cat\/es\/wp-json\/wp\/v2\/product\/39790\/revisions"}],"predecessor-version":[{"id":41013,"href":"https:\/\/aceweb.cat\/es\/wp-json\/wp\/v2\/product\/39790\/revisions\/41013"}],"wp:featuredmedia":[{"embeddable":true,"href":"https:\/\/aceweb.cat\/es\/wp-json\/wp\/v2\/media\/37988"}],"wp:attachment":[{"href":"https:\/\/aceweb.cat\/es\/wp-json\/wp\/v2\/media?parent=39790"}],"wp:term":[{"taxonomy":"product_brand","embeddable":true,"href":"https:\/\/aceweb.cat\/es\/wp-json\/wp\/v2\/product_brand?post=39790"},{"taxonomy":"product_cat","embeddable":true,"href":"https:\/\/aceweb.cat\/es\/wp-json\/wp\/v2\/product_cat?post=39790"},{"taxonomy":"product_tag","embeddable":true,"href":"https:\/\/aceweb.cat\/es\/wp-json\/wp\/v2\/product_tag?post=39790"}],"curies":[{"name":"wp","href":"https:\/\/api.w.org\/{rel}","templated":true}]}}