{"id":39793,"date":"2022-12-17T10:00:23","date_gmt":"2022-12-17T10:00:23","guid":{"rendered":"https:\/\/www.aceweb.advertis.es\/producto\/quaderns-destructures-33\/"},"modified":"2023-03-22T15:55:33","modified_gmt":"2023-03-22T15:55:33","slug":"quaderns-destructures-33","status":"publish","type":"product","link":"https:\/\/aceweb.cat\/es\/producto\/quaderns-destructures-33\/","title":{"rendered":"Quaderns d&#8217;Estructures 33"},"content":{"rendered":"<p>Este n\u00famero incluye:<\/p>\n<h2><strong>1. Editorial<\/strong><\/h2>\n<p>Art\u00edculo redactado por\u00a0<b>DAVID GARCIA<\/b>. Descarga la revista para leer las reflexiones sobre la situaci\u00f3n del sector.<\/P><\/p>\n<p><em>\u201cNo tengo conocimientos ni calificaci\u00f3n para a\u00f1adirme a la multitud de expertos que estos d\u00edas nos describen la situaci\u00f3n econ\u00f3mica. <\/em><em>Escribo estas l\u00edneas a mediados de octubre, pero cuando sean publicadas en Navidad, probablemente ya sean obsoletas. <\/em><em>Ya me perdonar\u00e1 pues, si me atrevo en esta editorial a reflexionar sobre la situaci\u00f3n del sector, pero pienso que no hay otra cuesti\u00f3n tan importante y de tanta actualidad como esta. Es una reflexi\u00f3n personal desde la preocupaci\u00f3n de quien, como tantos otros, ve con responsabilidad las dificultades que tenemos delante y que quiero compartir humildemente con vosotros.\u201d<\/em><\/p>\n<h2><strong>2. Comportamiento y an\u00e1lisis no lineal de estructuras: estructuras de hormig\u00f3n armado<\/strong><\/h2>\n<p>Art\u00edculo redactado por\u00a0<b>ANTONIO MARINO<\/b>. Descarga la revista para leer los comportamientos y an\u00e1lisis no lineal de estructuras de hormig\u00f3n armado.<\/p>\n<p><em>\u201cEl comportamiento estructural, especialmente bajo niveles avanzados de carga, difiere del comportamiento el\u00e1stico-lineal supuesto en los c\u00e1lculos usuales. Esto se debe a fen\u00f3menos como la fisuraci\u00f3n en tracci\u00f3n, la fluencia y la retracci\u00f3n del hormig\u00f3n, la plastificaci\u00f3n y la relajaci\u00f3n del acero y la adherencia imperfecta, entre otros. <\/em><em>Por otra parte, cuando los esfuerzos axilos son importantes en estructuras esbeltas, los desplazamientos intervienen de forma no despreciable en el equilibrio, dando lugar a los efectos de 2\u00ba orden ya un comportamiento geom\u00e9tricamente no lineal. Estos fen\u00f3menos interaccionan entre s\u00ed y con el proceso constructivo, afectando de forma considerable al estado de tensiones, esfuerzos y deformaciones.<\/em><em>.\u201d<\/em><\/p>\n<h2><strong>3. Gestionar la recesi\u00f3n en nuestra empresa de consultores de estructuras<\/strong><\/h2>\n<p>Art\u00edculo redactado por\u00a0<b>JOS\u00c9 ANTONIO BERN\u00c1LDEZ<\/b>. Descarga la revista para leer las claves que entendemos c\u00f3mo debe ser la estructura de un despacho profesional.<\/p>\n<p><em>\u201cLeyendo las rese\u00f1as que se publicaron despu\u00e9s del Segundo Congreso de Consultores de Estructuras, estuve dando vueltas a c\u00f3mo deben estar organizados los despachos que tienen esta dedicaci\u00f3n. Pens\u00e9 que, si son capaces de calcular la estructura de grandes obras, habr\u00e1n dedicado un m\u00ednimo de tiempo a calcular la de su propio negocio. Y de esto quiero hablar en este art\u00edculo.<\/em><\/p>\n<p><em>D\u00e1ndoles las claves de lo que nosotros entendemos que debe ser la estructura de un despacho profesional, ustedes podr\u00e1n compararla con la que tiene su negocio y sacar sus conclusiones<\/em>< me>.\u201d<\/em><\/p>\n<h2><strong>4. CTE. Adi\u00f3s a los muros de contenci\u00f3n de tierra en m\u00e9nsula<\/strong><\/h2>\n<p>Art\u00edculo redactado por\u00a0<b>JOSEP MARIA GENESC\u00c0<\/b>. Descarga la revista para leer las reflexiones sobre la cuesti\u00f3n mec\u00e1nica o estructural en el dise\u00f1o de los muros.<\/P><\/p>\n<p><em>\u201cEl CTE, en su Documento B\u00e1sico SE-C, se refiere a los muros de contenci\u00f3n de tierras. De \u00e9stos nos interesan, por su extendida utilizaci\u00f3n, los constituidos en m\u00e9nsula, ya sean de gravedad o armados. A continuaci\u00f3n, se reflexiona, m\u00e1s sobre la cuesti\u00f3n mec\u00e1nica o estructural que sobre la geot\u00e9cnica, sobre ciertos aspectos tratados por el CTE cuya aplicaci\u00f3n dificulta en gran medida el dise\u00f1o de los muros.\u201d<\/em><\/p>\n<h2><strong>5. Perlita y Vermiculita S.L. ensaya el PYROK para PPCI en t\u00faneles<\/strong><\/h2>\n<p><em>\u201c<a href=\"https:\/\/www.perlitayvermiculita.com\/\" target=\"_blank\" rel=\"noopener noreferrer\">Perlita y Vermiculita S.L.<\/a>\u00a0ha ensayado el mortero ign\u00edfugo PYROK segundos la curva de fuego Rijkswaterstatt (RWS) para la protecci\u00f3n pasiva en t\u00faneles.<\/em><\/p>\n<p><em>Los da\u00f1os causados por un incendio en un t\u00fanel siempre tienen un coste alt\u00edsimo, tanto humana como econ\u00f3micamente. Hay que tener en cuenta que un incendio en un t\u00fanel alcanza unas temperaturas alt\u00edsimas, evidentemente debido a sus propias caracter\u00edsticas, falta de ventilaci\u00f3n, el causante del incendio son veh\u00edculos a motor por lo que el fuego es alimentado por hidrocarburos, concentraci\u00f3n de gases, en definitiva por sus propias caracter\u00edsticas un t\u00fanel se convierte en un horno. Adem\u00e1s, hay que a\u00f1adir la dificultad de acceder al foco del incendio por los servicios de extinci\u00f3n y de evacuar a la gente involucrada.<\/em><em>.\u201d<\/em><\/p>\n<h2><strong>6. Puente del Tercer Milenio<\/strong><\/h2>\n<p>Art\u00edculo redactado por\u00a0<b>ANTONI BL\u00c1ZQUEZ BOYA<\/b>. Descarga la revista para leer sobre el proyecto de la construcci\u00f3n del Puente del Tercer Mil\u00b7leini de Zaragoza.<\/p>\n<p><em>\u201cZaragoza tiene una doble celebraci\u00f3n en 2008. Por un lado, se cumple el bicentenario de su independencia, despu\u00e9s de la resistencia a la invasi\u00f3n napole\u00f3nica de 1808 a la batalla de los Sitios. Por otra parte, ser\u00e1 la sede de la gran Exposici\u00f3n Internacional del Agua, Expo 2008.<\/em><\/p>\n<p><em>Desde su nombramiento como suyo no ha parado de crecer y cambiar la su imagen, mejorando sus accesos e infraestructuras. Un claro ejemplo es el Puente del Tercer Milenio, un ambicioso e innovador proyecto para Zaragoza Alta Velocidad 2002, SA, al que est\u00e1 dando forma Dragados desde septiembre de 2005. Como ingeniera pienso que es una de las obras m\u00e1s espectaculares , complicadas y bellas en la ingenier\u00eda de los \u00faltimos a\u00f1os<\/em><em>.\u201d<\/em><\/p>\n<h2><strong>7. An\u00e1lisis tensodeformacional comparativo de conectores comerciales en cruz para la fijaci\u00f3n puntual de cristales de fachada<\/strong><\/h2>\n<p>Art\u00edculo redactado por\u00a0<b>FRANCESC ARBOSO BELLAPART<\/b>. Descarga la revista para leer el an\u00e1lisis tensodeformacional comparativo de conectores en cruz.<\/p>\n<p><em>\u201cSon de uso habitual en arquitectura los conectores de microfusi\u00f3n de acero inoxidable en forma de cruz para la fijaci\u00f3n puntual de cristales en fachadas y cubiertas. Aunque formalmente muy similares, existen diferencias geom\u00e9tricas en el dise\u00f1o que son fundamentales en la capacidad resistente del conector y que se ponen de manifiesto en este an\u00e1lisis comparativo entre dos sistemas comerciales de gran difusi\u00f3n.<\/em><\/p>\n<p><em>Se pretende comparar la respuesta tensodeformacional de tres conectores comerciales (C1, C2 y C3) fabricados mediante microfusi\u00f3n en acero inoxidable con la aleaci\u00f3n AISI 316. Se modelizan bajo id\u00e9nticas condiciones de cargas, propiedades materiales y condiciones de fijaci\u00f3n .\u201d<\/em><\/p>\n<h2><strong>8. Miscel\u00e1nea<\/strong><\/h2>\n<h2><strong>9. Lista de miembros de la Asociaci\u00f3n<\/strong><\/h2>\n<p>Conoce a los\u00a0miembros\u00a0de la Asociaci\u00f3n Consultores de Estructuras. Podr\u00e1s ver a los nuevos integrantes que participan por el reconocimiento de la profesi\u00f3n dentro del mundo de la construcci\u00f3n.<\/p>\n","protected":false},"excerpt":{"rendered":"<ul>\n<li>1. Editorial<\/li>\n<li>2. Comportamiento y an\u00e1lisis no lineal de estructuras: estructuras de hormig\u00f3n armado<\/li>\n<li>3. Gestionar la recesi\u00f3n en nuestra empresa de consultores de estructuras<\/li>\n<li>4. CTE. Adi\u00f3s a los muros de contenci\u00f3n de tierra en m\u00e9nsula<\/li>\n<li>5. Perlita y Vermiculita S.L. ensaya el PYROK para PPCI en t\u00faneles<\/li>\n<li>6. Puente del Tercer Milenio<\/li>\n<li>7. An\u00e1lisis tensodeformacional comparativo de conectores comerciales en cruz para la fijaci\u00f3n puntual de cristales de fachada<\/li>\n<li>8. Miscel\u00e1nea<\/li>\n<li>9. Lista de miembros de la Asociaci\u00f3n<\/li>\n<\/ul>\n","protected":false},"featured_media":37978,"template":"","meta":{"_acf_changed":false,"site-sidebar-layout":"default","site-content-layout":"default","ast-global-header-display":"","ast-main-header-display":"","ast-hfb-above-header-display":"","ast-hfb-below-header-display":"","ast-hfb-mobile-header-display":"","site-post-title":"","ast-breadcrumbs-content":"","ast-featured-img":"","footer-sml-layout":"","theme-transparent-header-meta":"default","adv-header-id-meta":"","stick-header-meta":"","header-above-stick-meta":"","header-main-stick-meta":"","header-below-stick-meta":""},"product_brand":[],"product_cat":[595],"product_tag":[],"class_list":{"0":"post-39793","1":"product","2":"type-product","3":"status-publish","4":"has-post-thumbnail","6":"product_cat-cuaderno-de-estructuras","7":"desktop-align-left","8":"tablet-align-left","9":"mobile-align-left","11":"first","12":"instock","13":"taxable","14":"shipping-taxable","15":"purchasable","16":"product-type-variable","17":"has-default-attributes"},"acf":[],"yoast_head":"<!-- This site is optimized with the Yoast SEO plugin v27.1.1 - https:\/\/yoast.com\/product\/yoast-seo-wordpress\/ -->\n<title>Quaderns d&#039;Estructures 33 | ACE<\/title>\n<meta name=\"description\" content=\"Revista n\u00ba 33 con art\u00edculos de actualidad que tratan sobre la construcci\u00f3n de estructuras y que publica la Asociaci\u00f3n de Consultores de Estructuras (ACE).\" \/>\n<meta name=\"robots\" content=\"index, follow, max-snippet:-1, max-image-preview:large, max-video-preview:-1\" \/>\n<link rel=\"canonical\" href=\"https:\/\/aceweb.cat\/es\/producto\/quaderns-destructures-33\/\" \/>\n<meta property=\"og:locale\" content=\"es_ES\" \/>\n<meta property=\"og:type\" content=\"article\" \/>\n<meta property=\"og:title\" content=\"Quaderns d&#039;Estructures 33 | ACE\" \/>\n<meta property=\"og:description\" content=\"Revista n\u00ba 33 con art\u00edculos de actualidad que tratan sobre la construcci\u00f3n de estructuras y que publica la Asociaci\u00f3n de Consultores de Estructuras (ACE).\" \/>\n<meta property=\"og:url\" content=\"https:\/\/aceweb.cat\/es\/producto\/quaderns-destructures-33\/\" \/>\n<meta property=\"og:site_name\" content=\"aceweb.cat\" \/>\n<meta property=\"article:modified_time\" content=\"2023-03-22T15:55:33+00:00\" \/>\n<meta property=\"og:image\" content=\"https:\/\/aceweb.cat\/wp-content\/uploads\/2023\/02\/ACE-Quaderns-Estructures-033.jpg\" \/>\n\t<meta property=\"og:image:width\" content=\"724\" \/>\n\t<meta property=\"og:image:height\" content=\"1024\" \/>\n\t<meta property=\"og:image:type\" content=\"image\/jpeg\" \/>\n<meta name=\"twitter:card\" content=\"summary_large_image\" \/>\n<meta name=\"twitter:label1\" content=\"Tiempo de lectura\" \/>\n\t<meta name=\"twitter:data1\" content=\"5 minutos\" \/>\n<script type=\"application\/ld+json\" class=\"yoast-schema-graph\">{\"@context\":\"https:\/\/schema.org\",\"@graph\":[{\"@type\":\"WebPage\",\"@id\":\"https:\/\/aceweb.cat\/es\/producto\/quaderns-destructures-33\/\",\"url\":\"https:\/\/aceweb.cat\/es\/producto\/quaderns-destructures-33\/\",\"name\":\"Quaderns d'Estructures 33 | ACE\",\"isPartOf\":{\"@id\":\"https:\/\/aceweb.cat\/#website\"},\"primaryImageOfPage\":{\"@id\":\"https:\/\/aceweb.cat\/es\/producto\/quaderns-destructures-33\/#primaryimage\"},\"image\":{\"@id\":\"https:\/\/aceweb.cat\/es\/producto\/quaderns-destructures-33\/#primaryimage\"},\"thumbnailUrl\":\"https:\/\/aceweb.cat\/wp-content\/uploads\/2023\/02\/ACE-Quaderns-Estructures-033.jpg\",\"datePublished\":\"2022-12-17T10:00:23+00:00\",\"dateModified\":\"2023-03-22T15:55:33+00:00\",\"description\":\"Revista n\u00ba 33 con art\u00edculos de actualidad que tratan sobre la construcci\u00f3n de estructuras y que publica la Asociaci\u00f3n de Consultores de Estructuras (ACE).\",\"breadcrumb\":{\"@id\":\"https:\/\/aceweb.cat\/es\/producto\/quaderns-destructures-33\/#breadcrumb\"},\"inLanguage\":\"es\",\"potentialAction\":[{\"@type\":\"ReadAction\",\"target\":[\"https:\/\/aceweb.cat\/es\/producto\/quaderns-destructures-33\/\"]}]},{\"@type\":\"ImageObject\",\"inLanguage\":\"es\",\"@id\":\"https:\/\/aceweb.cat\/es\/producto\/quaderns-destructures-33\/#primaryimage\",\"url\":\"https:\/\/aceweb.cat\/wp-content\/uploads\/2023\/02\/ACE-Quaderns-Estructures-033.jpg\",\"contentUrl\":\"https:\/\/aceweb.cat\/wp-content\/uploads\/2023\/02\/ACE-Quaderns-Estructures-033.jpg\",\"width\":724,\"height\":1024},{\"@type\":\"BreadcrumbList\",\"@id\":\"https:\/\/aceweb.cat\/es\/producto\/quaderns-destructures-33\/#breadcrumb\",\"itemListElement\":[{\"@type\":\"ListItem\",\"position\":1,\"name\":\"Inici\",\"item\":\"https:\/\/aceweb.cat\/\"},{\"@type\":\"ListItem\",\"position\":2,\"name\":\"Tienda\",\"item\":\"https:\/\/aceweb.cat\/es\/tienda\/\"},{\"@type\":\"ListItem\",\"position\":3,\"name\":\"Quadern d\u2019Estructures\",\"item\":\"https:\/\/aceweb.cat\/es\/categoria-producto\/cuaderno-de-estructuras\/\"},{\"@type\":\"ListItem\",\"position\":4,\"name\":\"Quaderns d&#8217;Estructures 33\"}]},{\"@type\":\"WebSite\",\"@id\":\"https:\/\/aceweb.cat\/#website\",\"url\":\"https:\/\/aceweb.cat\/\",\"name\":\"ACE\",\"description\":\"Associaci\u00f3 de Consultors d&#039;Estructures | ACE\",\"publisher\":{\"@id\":\"https:\/\/aceweb.cat\/#organization\"},\"alternateName\":\"ACE\",\"potentialAction\":[{\"@type\":\"SearchAction\",\"target\":{\"@type\":\"EntryPoint\",\"urlTemplate\":\"https:\/\/aceweb.cat\/?s={search_term_string}\"},\"query-input\":{\"@type\":\"PropertyValueSpecification\",\"valueRequired\":true,\"valueName\":\"search_term_string\"}}],\"inLanguage\":\"es\"},{\"@type\":\"Organization\",\"@id\":\"https:\/\/aceweb.cat\/#organization\",\"name\":\"ACE\",\"alternateName\":\"ACE\",\"url\":\"https:\/\/aceweb.cat\/\",\"logo\":{\"@type\":\"ImageObject\",\"inLanguage\":\"es\",\"@id\":\"https:\/\/aceweb.cat\/#\/schema\/logo\/image\/\",\"url\":\"https:\/\/aceweb.cat\/wp-content\/uploads\/2022\/10\/logo.svg\",\"contentUrl\":\"https:\/\/aceweb.cat\/wp-content\/uploads\/2022\/10\/logo.svg\",\"width\":1,\"height\":1,\"caption\":\"ACE\"},\"image\":{\"@id\":\"https:\/\/aceweb.cat\/#\/schema\/logo\/image\/\"}}]}<\/script>\n<!-- \/ Yoast SEO plugin. -->","yoast_head_json":{"title":"Quaderns d'Estructures 33 | ACE","description":"Revista n\u00ba 33 con art\u00edculos de actualidad que tratan sobre la construcci\u00f3n de estructuras y que publica la Asociaci\u00f3n de Consultores de Estructuras (ACE).","robots":{"index":"index","follow":"follow","max-snippet":"max-snippet:-1","max-image-preview":"max-image-preview:large","max-video-preview":"max-video-preview:-1"},"canonical":"https:\/\/aceweb.cat\/es\/producto\/quaderns-destructures-33\/","og_locale":"es_ES","og_type":"article","og_title":"Quaderns d'Estructures 33 | ACE","og_description":"Revista n\u00ba 33 con art\u00edculos de actualidad que tratan sobre la construcci\u00f3n de estructuras y que publica la Asociaci\u00f3n de Consultores de Estructuras (ACE).","og_url":"https:\/\/aceweb.cat\/es\/producto\/quaderns-destructures-33\/","og_site_name":"aceweb.cat","article_modified_time":"2023-03-22T15:55:33+00:00","og_image":[{"width":724,"height":1024,"url":"https:\/\/aceweb.cat\/wp-content\/uploads\/2023\/02\/ACE-Quaderns-Estructures-033.jpg","type":"image\/jpeg"}],"twitter_card":"summary_large_image","twitter_misc":{"Tiempo de lectura":"5 minutos"},"schema":{"@context":"https:\/\/schema.org","@graph":[{"@type":"WebPage","@id":"https:\/\/aceweb.cat\/es\/producto\/quaderns-destructures-33\/","url":"https:\/\/aceweb.cat\/es\/producto\/quaderns-destructures-33\/","name":"Quaderns d'Estructures 33 | ACE","isPartOf":{"@id":"https:\/\/aceweb.cat\/#website"},"primaryImageOfPage":{"@id":"https:\/\/aceweb.cat\/es\/producto\/quaderns-destructures-33\/#primaryimage"},"image":{"@id":"https:\/\/aceweb.cat\/es\/producto\/quaderns-destructures-33\/#primaryimage"},"thumbnailUrl":"https:\/\/aceweb.cat\/wp-content\/uploads\/2023\/02\/ACE-Quaderns-Estructures-033.jpg","datePublished":"2022-12-17T10:00:23+00:00","dateModified":"2023-03-22T15:55:33+00:00","description":"Revista n\u00ba 33 con art\u00edculos de actualidad que tratan sobre la construcci\u00f3n de estructuras y que publica la Asociaci\u00f3n de Consultores de Estructuras (ACE).","breadcrumb":{"@id":"https:\/\/aceweb.cat\/es\/producto\/quaderns-destructures-33\/#breadcrumb"},"inLanguage":"es","potentialAction":[{"@type":"ReadAction","target":["https:\/\/aceweb.cat\/es\/producto\/quaderns-destructures-33\/"]}]},{"@type":"ImageObject","inLanguage":"es","@id":"https:\/\/aceweb.cat\/es\/producto\/quaderns-destructures-33\/#primaryimage","url":"https:\/\/aceweb.cat\/wp-content\/uploads\/2023\/02\/ACE-Quaderns-Estructures-033.jpg","contentUrl":"https:\/\/aceweb.cat\/wp-content\/uploads\/2023\/02\/ACE-Quaderns-Estructures-033.jpg","width":724,"height":1024},{"@type":"BreadcrumbList","@id":"https:\/\/aceweb.cat\/es\/producto\/quaderns-destructures-33\/#breadcrumb","itemListElement":[{"@type":"ListItem","position":1,"name":"Inici","item":"https:\/\/aceweb.cat\/"},{"@type":"ListItem","position":2,"name":"Tienda","item":"https:\/\/aceweb.cat\/es\/tienda\/"},{"@type":"ListItem","position":3,"name":"Quadern d\u2019Estructures","item":"https:\/\/aceweb.cat\/es\/categoria-producto\/cuaderno-de-estructuras\/"},{"@type":"ListItem","position":4,"name":"Quaderns d&#8217;Estructures 33"}]},{"@type":"WebSite","@id":"https:\/\/aceweb.cat\/#website","url":"https:\/\/aceweb.cat\/","name":"ACE","description":"Associaci\u00f3 de Consultors d&#039;Estructures | ACE","publisher":{"@id":"https:\/\/aceweb.cat\/#organization"},"alternateName":"ACE","potentialAction":[{"@type":"SearchAction","target":{"@type":"EntryPoint","urlTemplate":"https:\/\/aceweb.cat\/?s={search_term_string}"},"query-input":{"@type":"PropertyValueSpecification","valueRequired":true,"valueName":"search_term_string"}}],"inLanguage":"es"},{"@type":"Organization","@id":"https:\/\/aceweb.cat\/#organization","name":"ACE","alternateName":"ACE","url":"https:\/\/aceweb.cat\/","logo":{"@type":"ImageObject","inLanguage":"es","@id":"https:\/\/aceweb.cat\/#\/schema\/logo\/image\/","url":"https:\/\/aceweb.cat\/wp-content\/uploads\/2022\/10\/logo.svg","contentUrl":"https:\/\/aceweb.cat\/wp-content\/uploads\/2022\/10\/logo.svg","width":1,"height":1,"caption":"ACE"},"image":{"@id":"https:\/\/aceweb.cat\/#\/schema\/logo\/image\/"}}]}},"_links":{"self":[{"href":"https:\/\/aceweb.cat\/es\/wp-json\/wp\/v2\/product\/39793","targetHints":{"allow":["GET"]}}],"collection":[{"href":"https:\/\/aceweb.cat\/es\/wp-json\/wp\/v2\/product"}],"about":[{"href":"https:\/\/aceweb.cat\/es\/wp-json\/wp\/v2\/types\/product"}],"version-history":[{"count":1,"href":"https:\/\/aceweb.cat\/es\/wp-json\/wp\/v2\/product\/39793\/revisions"}],"predecessor-version":[{"id":41014,"href":"https:\/\/aceweb.cat\/es\/wp-json\/wp\/v2\/product\/39793\/revisions\/41014"}],"wp:featuredmedia":[{"embeddable":true,"href":"https:\/\/aceweb.cat\/es\/wp-json\/wp\/v2\/media\/37978"}],"wp:attachment":[{"href":"https:\/\/aceweb.cat\/es\/wp-json\/wp\/v2\/media?parent=39793"}],"wp:term":[{"taxonomy":"product_brand","embeddable":true,"href":"https:\/\/aceweb.cat\/es\/wp-json\/wp\/v2\/product_brand?post=39793"},{"taxonomy":"product_cat","embeddable":true,"href":"https:\/\/aceweb.cat\/es\/wp-json\/wp\/v2\/product_cat?post=39793"},{"taxonomy":"product_tag","embeddable":true,"href":"https:\/\/aceweb.cat\/es\/wp-json\/wp\/v2\/product_tag?post=39793"}],"curies":[{"name":"wp","href":"https:\/\/api.w.org\/{rel}","templated":true}]}}