{"id":39804,"date":"2022-12-18T10:00:32","date_gmt":"2022-12-18T10:00:32","guid":{"rendered":"https:\/\/www.aceweb.advertis.es\/producto\/quaderns-destructures-34\/"},"modified":"2023-03-22T15:55:48","modified_gmt":"2023-03-22T15:55:48","slug":"quaderns-destructures-34","status":"publish","type":"product","link":"https:\/\/aceweb.cat\/es\/producto\/quaderns-destructures-34\/","title":{"rendered":"Quaderns d&#8217;Estructures 34"},"content":{"rendered":"<p>Este n\u00famero incluye:<\/p>\n<h2><strong>1. Editorial<\/strong><\/h2>\n<p>Art\u00edculo redactado por\u00a0<b>ROBERT BRUFAU<\/b>. Descarga la revista para leer las reflexiones sobre el estado de nuestra profesi\u00f3n.<\/P><\/p>\n<p><em>\u201cEn momentos como estos, cuando la crisis planea sobre todo el sector y cuando la mayor\u00eda de los trabajos que los consultores llev\u00e1bamos entre manos se ralentizan o, simplemente, se detienen, se abren grandes espacios para reflexionar sobre el estado de las cosas que nos afectan.<\/em><\/p>\n<p><em>Han sido unos a\u00f1os buenos. Casi diez a\u00f1os excelentes en los que todos hemos trabajado mucho, y en unas condiciones de reconocimiento que nunca se hab\u00edan producido anteriormente\u2026 ni mucho menos. Nuestro tiempo le invert\u00edamos en nuestro trabajo, proyectando y calculando estructuras sin desfallecer ni un momento. Algunos lo viv\u00edamos compagin\u00e1ndolo con tareas docentes o participando en el funcionamiento diario de nuestra Asociaci\u00f3n, donde se resolv\u00edan los problemas o se canalizaban los aprendizajes optimizando al m\u00e1ximo el poco tiempo que nos quedaba libre. Pero he aqu\u00ed que, de repente, empezamos a disponer de m\u00e1s tiempo para dar vueltas a un buen n\u00famero de cosas. La primera idea que nos viene a la cabeza es que debemos aprovechar esta mayor disponibilidad, y que es necesario hacerlo para intentar aportar algo de perspectiva a la situaci\u00f3n.\u201d<\/em><\/p>\n<h2><strong>2. Madera de frondosas estadounidenses para uso estructural<\/strong><\/h2>\n<p>Art\u00edculo redactado por\u00a0<strong>ANDREW LAWRENCE<\/strong>,\u00a0<strong>PETER ROSS<\/strong>,\u00a0<strong>FRANCISCO ARRIAGA MARTITEGUI<\/strong>\u00a0y\u00a0<strong>MIGUEL ESTEBAN HERRERO<\/strong>. Descarga la revista para conocer las caracter\u00edsticas mec\u00e1nicas de las frondosas en estructuras de madera.<\/p>\n<p><em>\u201cEn nuestro entorno, al dise\u00f1ar una estructura de madera, el proyectista rara vez elige una especie de madera de frondosas, recurriendo en general al uso de las con\u00edferas. Uno de los motivos de esta decisi\u00f3n es la falta de informaci\u00f3n sobre las caracter\u00edsticas mec\u00e1nicas de las frondosas para su utilizaci\u00f3n estructural. Muy pocas normas europeas tratan sobre la clasificaci\u00f3n visual de piezas de madera de frondosas para uso estructural y, salvo el chopo, la normativa europea de asignaci\u00f3n de clases resistentes (EN 1912) no contempla las maderas de especies boreales.<\/em ><\/p>\n<p><em>Sin embargo, la tradici\u00f3n de la construcci\u00f3n con madera en el norte de Espa\u00f1a es abundante en la ocupaci\u00f3n de frondosas como el roble y el casta\u00f1o. En la actualidad el campo de la rehabilitaci\u00f3n requiere en muchos casos la sustituci\u00f3n o reconstrucci\u00f3n de la estructura con madera de frondosas. Esta falta de documentaci\u00f3n sobre las propiedades mec\u00e1nicas, que afecta principalmente a la asignaci\u00f3n de clases resistentes, obliga a la ocupaci\u00f3n de estas especies partiendo de una estimaci\u00f3n muy conservadora de sus propiedades mec\u00e1nicas. De esta forma se tiende a sobredimensionar la secci\u00f3n y, al no poder recurrir a piezas m\u00e1s esbeltas, se reducen las posibilidades del dise\u00f1o arquitect\u00f3nico.\u201d<\/em><\/p>\n<h2><strong>3. Restauraci\u00f3n del roset\u00f3n g\u00f3tico de la Seu de Manresa<\/strong><\/h2>\n<p>Art\u00edculo redactado por\u00a0<strong>DIEGO MART\u00cdN<\/strong>\u00a0y\u00a0<strong>PERE VIDAL<\/strong>. Descarga la revista para conocer la restauraci\u00f3n del roset\u00f3n g\u00f3tico de la. \u00ab>Sede de Manresa<\/a>.<\/p>\n<p><em>\u201cLa estructura de un roset\u00f3n g\u00f3tico tiene un funcionamiento que aparentemente no es tan evidente como el de otras estructuras de f\u00e1brica contempor\u00e1neas (arcos, b\u00f3vedas o contrafuertes). Un roset\u00f3n es una gran superficie formada por nervios de piedra cortada y sometida al empuje del viento aplicado perpendicularmente sobre las vidrieras. En definitiva, se trata de una l\u00e1mina de piedra de forma circular afectada por esfuerzos de flexi\u00f3n. Cualquier persona con cierto conocimiento de estructuras de f\u00e1brica hist\u00f3ricas, puede entender que es un claro ejemplo de incompatibilidad entre esfuerzos y material ya que la piedra, as\u00ed como las uniones entre piezas, son incapaces de asumir los esfuerzos de tracci\u00f3n derivados de la flexi\u00f3n. En este caso, el estudio del roset\u00f3n de la Sede de Manresa ha permitido exponer en este texto las pautas para comprender el comportamiento estructural de este elemento arquitect\u00f3nico, cuya historia evidencia su correcto funcionamiento frente a las acciones que lo suele solicitan.<\/em><\/p>\n<p><em>As\u00ed como sobre estructuras de f\u00e1brica medieval en general existe toda una historiograf\u00eda referente a estudios sobre su estabilidad y comportamiento, sobre rosetones no hay apenas documentaci\u00f3n, que se resume en algunos grabados de \u00e9poca como los de Villard de Honnecourt.\u201d<\/em><\/p>\n<h2><strong>4. Miscel\u00e1nea<\/strong><\/h2>\n<h2><strong>5. Lista de miembros de la Asociaci\u00f3n<\/strong><\/h2>\n<p>Conoce a los\u00a0miembros\u00a0de la Asociaci\u00f3n Consultores de Estructuras. Podr\u00e1s ver a los nuevos integrantes que participan por el reconocimiento de la profesi\u00f3n dentro del mundo de la construcci\u00f3n.<\/p>\n","protected":false},"excerpt":{"rendered":"<ul>\n<li>1. Editorial<\/li>\n<li>2. Madera de frondosas estadounidenses para uso estructural<\/li>\n<li>3. Restauraci\u00f3n del roset\u00f3n g\u00f3tico de la Seu de Manresa<\/li>\n<li>4. Miscel\u00e1nea<\/li>\n<li>5. Lista de miembros de la asociaci\u00f3n<\/li>\n<\/ul>\n","protected":false},"featured_media":37966,"template":"","meta":{"_acf_changed":false,"site-sidebar-layout":"default","site-content-layout":"default","ast-global-header-display":"","ast-main-header-display":"","ast-hfb-above-header-display":"","ast-hfb-below-header-display":"","ast-hfb-mobile-header-display":"","site-post-title":"","ast-breadcrumbs-content":"","ast-featured-img":"","footer-sml-layout":"","theme-transparent-header-meta":"default","adv-header-id-meta":"","stick-header-meta":"","header-above-stick-meta":"","header-main-stick-meta":"","header-below-stick-meta":""},"product_brand":[],"product_cat":[595],"product_tag":[],"class_list":{"0":"post-39804","1":"product","2":"type-product","3":"status-publish","4":"has-post-thumbnail","6":"product_cat-cuaderno-de-estructuras","7":"desktop-align-left","8":"tablet-align-left","9":"mobile-align-left","11":"first","12":"instock","13":"taxable","14":"shipping-taxable","15":"purchasable","16":"product-type-variable","17":"has-default-attributes"},"acf":[],"yoast_head":"<!-- This site is optimized with the Yoast SEO plugin v27.1.1 - https:\/\/yoast.com\/product\/yoast-seo-wordpress\/ -->\n<title>Quaderns d&#039;Estructures 34 | ACE<\/title>\n<meta name=\"description\" content=\"Revista n\u00ba 34 con art\u00edculos de actualidad que tratan sobre la construcci\u00f3n de estructuras y que publica la Asociaci\u00f3n de Consultores de Estructuras (ACE).\" \/>\n<meta name=\"robots\" content=\"index, follow, max-snippet:-1, max-image-preview:large, max-video-preview:-1\" \/>\n<link rel=\"canonical\" href=\"https:\/\/aceweb.cat\/es\/producto\/quaderns-destructures-34\/\" \/>\n<meta property=\"og:locale\" content=\"es_ES\" \/>\n<meta property=\"og:type\" content=\"article\" \/>\n<meta property=\"og:title\" content=\"Quaderns d&#039;Estructures 34 | ACE\" \/>\n<meta property=\"og:description\" content=\"Revista n\u00ba 34 con art\u00edculos de actualidad que tratan sobre la construcci\u00f3n de estructuras y que publica la Asociaci\u00f3n de Consultores de Estructuras (ACE).\" \/>\n<meta property=\"og:url\" content=\"https:\/\/aceweb.cat\/es\/producto\/quaderns-destructures-34\/\" \/>\n<meta property=\"og:site_name\" content=\"aceweb.cat\" \/>\n<meta property=\"article:modified_time\" content=\"2023-03-22T15:55:48+00:00\" \/>\n<meta property=\"og:image\" content=\"https:\/\/aceweb.cat\/wp-content\/uploads\/2023\/02\/ACE-Quaderns-Estructures-034.jpg\" \/>\n\t<meta property=\"og:image:width\" content=\"724\" \/>\n\t<meta property=\"og:image:height\" content=\"1024\" \/>\n\t<meta property=\"og:image:type\" content=\"image\/jpeg\" \/>\n<meta name=\"twitter:card\" content=\"summary_large_image\" \/>\n<meta name=\"twitter:label1\" content=\"Tiempo de lectura\" \/>\n\t<meta name=\"twitter:data1\" content=\"4 minutos\" \/>\n<script type=\"application\/ld+json\" class=\"yoast-schema-graph\">{\"@context\":\"https:\/\/schema.org\",\"@graph\":[{\"@type\":\"WebPage\",\"@id\":\"https:\/\/aceweb.cat\/es\/producto\/quaderns-destructures-34\/\",\"url\":\"https:\/\/aceweb.cat\/es\/producto\/quaderns-destructures-34\/\",\"name\":\"Quaderns d'Estructures 34 | ACE\",\"isPartOf\":{\"@id\":\"https:\/\/aceweb.cat\/#website\"},\"primaryImageOfPage\":{\"@id\":\"https:\/\/aceweb.cat\/es\/producto\/quaderns-destructures-34\/#primaryimage\"},\"image\":{\"@id\":\"https:\/\/aceweb.cat\/es\/producto\/quaderns-destructures-34\/#primaryimage\"},\"thumbnailUrl\":\"https:\/\/aceweb.cat\/wp-content\/uploads\/2023\/02\/ACE-Quaderns-Estructures-034.jpg\",\"datePublished\":\"2022-12-18T10:00:32+00:00\",\"dateModified\":\"2023-03-22T15:55:48+00:00\",\"description\":\"Revista n\u00ba 34 con art\u00edculos de actualidad que tratan sobre la construcci\u00f3n de estructuras y que publica la Asociaci\u00f3n de Consultores de Estructuras (ACE).\",\"breadcrumb\":{\"@id\":\"https:\/\/aceweb.cat\/es\/producto\/quaderns-destructures-34\/#breadcrumb\"},\"inLanguage\":\"es\",\"potentialAction\":[{\"@type\":\"ReadAction\",\"target\":[\"https:\/\/aceweb.cat\/es\/producto\/quaderns-destructures-34\/\"]}]},{\"@type\":\"ImageObject\",\"inLanguage\":\"es\",\"@id\":\"https:\/\/aceweb.cat\/es\/producto\/quaderns-destructures-34\/#primaryimage\",\"url\":\"https:\/\/aceweb.cat\/wp-content\/uploads\/2023\/02\/ACE-Quaderns-Estructures-034.jpg\",\"contentUrl\":\"https:\/\/aceweb.cat\/wp-content\/uploads\/2023\/02\/ACE-Quaderns-Estructures-034.jpg\",\"width\":724,\"height\":1024},{\"@type\":\"BreadcrumbList\",\"@id\":\"https:\/\/aceweb.cat\/es\/producto\/quaderns-destructures-34\/#breadcrumb\",\"itemListElement\":[{\"@type\":\"ListItem\",\"position\":1,\"name\":\"Inici\",\"item\":\"https:\/\/aceweb.cat\/\"},{\"@type\":\"ListItem\",\"position\":2,\"name\":\"Tienda\",\"item\":\"https:\/\/aceweb.cat\/es\/tienda\/\"},{\"@type\":\"ListItem\",\"position\":3,\"name\":\"Quadern d\u2019Estructures\",\"item\":\"https:\/\/aceweb.cat\/es\/categoria-producto\/cuaderno-de-estructuras\/\"},{\"@type\":\"ListItem\",\"position\":4,\"name\":\"Quaderns d&#8217;Estructures 34\"}]},{\"@type\":\"WebSite\",\"@id\":\"https:\/\/aceweb.cat\/#website\",\"url\":\"https:\/\/aceweb.cat\/\",\"name\":\"ACE\",\"description\":\"Associaci\u00f3 de Consultors d&#039;Estructures | ACE\",\"publisher\":{\"@id\":\"https:\/\/aceweb.cat\/#organization\"},\"alternateName\":\"ACE\",\"potentialAction\":[{\"@type\":\"SearchAction\",\"target\":{\"@type\":\"EntryPoint\",\"urlTemplate\":\"https:\/\/aceweb.cat\/?s={search_term_string}\"},\"query-input\":{\"@type\":\"PropertyValueSpecification\",\"valueRequired\":true,\"valueName\":\"search_term_string\"}}],\"inLanguage\":\"es\"},{\"@type\":\"Organization\",\"@id\":\"https:\/\/aceweb.cat\/#organization\",\"name\":\"ACE\",\"alternateName\":\"ACE\",\"url\":\"https:\/\/aceweb.cat\/\",\"logo\":{\"@type\":\"ImageObject\",\"inLanguage\":\"es\",\"@id\":\"https:\/\/aceweb.cat\/#\/schema\/logo\/image\/\",\"url\":\"https:\/\/aceweb.cat\/wp-content\/uploads\/2022\/10\/logo.svg\",\"contentUrl\":\"https:\/\/aceweb.cat\/wp-content\/uploads\/2022\/10\/logo.svg\",\"width\":1,\"height\":1,\"caption\":\"ACE\"},\"image\":{\"@id\":\"https:\/\/aceweb.cat\/#\/schema\/logo\/image\/\"}}]}<\/script>\n<!-- \/ Yoast SEO plugin. -->","yoast_head_json":{"title":"Quaderns d'Estructures 34 | ACE","description":"Revista n\u00ba 34 con art\u00edculos de actualidad que tratan sobre la construcci\u00f3n de estructuras y que publica la Asociaci\u00f3n de Consultores de Estructuras (ACE).","robots":{"index":"index","follow":"follow","max-snippet":"max-snippet:-1","max-image-preview":"max-image-preview:large","max-video-preview":"max-video-preview:-1"},"canonical":"https:\/\/aceweb.cat\/es\/producto\/quaderns-destructures-34\/","og_locale":"es_ES","og_type":"article","og_title":"Quaderns d'Estructures 34 | ACE","og_description":"Revista n\u00ba 34 con art\u00edculos de actualidad que tratan sobre la construcci\u00f3n de estructuras y que publica la Asociaci\u00f3n de Consultores de Estructuras (ACE).","og_url":"https:\/\/aceweb.cat\/es\/producto\/quaderns-destructures-34\/","og_site_name":"aceweb.cat","article_modified_time":"2023-03-22T15:55:48+00:00","og_image":[{"width":724,"height":1024,"url":"https:\/\/aceweb.cat\/wp-content\/uploads\/2023\/02\/ACE-Quaderns-Estructures-034.jpg","type":"image\/jpeg"}],"twitter_card":"summary_large_image","twitter_misc":{"Tiempo de lectura":"4 minutos"},"schema":{"@context":"https:\/\/schema.org","@graph":[{"@type":"WebPage","@id":"https:\/\/aceweb.cat\/es\/producto\/quaderns-destructures-34\/","url":"https:\/\/aceweb.cat\/es\/producto\/quaderns-destructures-34\/","name":"Quaderns d'Estructures 34 | ACE","isPartOf":{"@id":"https:\/\/aceweb.cat\/#website"},"primaryImageOfPage":{"@id":"https:\/\/aceweb.cat\/es\/producto\/quaderns-destructures-34\/#primaryimage"},"image":{"@id":"https:\/\/aceweb.cat\/es\/producto\/quaderns-destructures-34\/#primaryimage"},"thumbnailUrl":"https:\/\/aceweb.cat\/wp-content\/uploads\/2023\/02\/ACE-Quaderns-Estructures-034.jpg","datePublished":"2022-12-18T10:00:32+00:00","dateModified":"2023-03-22T15:55:48+00:00","description":"Revista n\u00ba 34 con art\u00edculos de actualidad que tratan sobre la construcci\u00f3n de estructuras y que publica la Asociaci\u00f3n de Consultores de Estructuras (ACE).","breadcrumb":{"@id":"https:\/\/aceweb.cat\/es\/producto\/quaderns-destructures-34\/#breadcrumb"},"inLanguage":"es","potentialAction":[{"@type":"ReadAction","target":["https:\/\/aceweb.cat\/es\/producto\/quaderns-destructures-34\/"]}]},{"@type":"ImageObject","inLanguage":"es","@id":"https:\/\/aceweb.cat\/es\/producto\/quaderns-destructures-34\/#primaryimage","url":"https:\/\/aceweb.cat\/wp-content\/uploads\/2023\/02\/ACE-Quaderns-Estructures-034.jpg","contentUrl":"https:\/\/aceweb.cat\/wp-content\/uploads\/2023\/02\/ACE-Quaderns-Estructures-034.jpg","width":724,"height":1024},{"@type":"BreadcrumbList","@id":"https:\/\/aceweb.cat\/es\/producto\/quaderns-destructures-34\/#breadcrumb","itemListElement":[{"@type":"ListItem","position":1,"name":"Inici","item":"https:\/\/aceweb.cat\/"},{"@type":"ListItem","position":2,"name":"Tienda","item":"https:\/\/aceweb.cat\/es\/tienda\/"},{"@type":"ListItem","position":3,"name":"Quadern d\u2019Estructures","item":"https:\/\/aceweb.cat\/es\/categoria-producto\/cuaderno-de-estructuras\/"},{"@type":"ListItem","position":4,"name":"Quaderns d&#8217;Estructures 34"}]},{"@type":"WebSite","@id":"https:\/\/aceweb.cat\/#website","url":"https:\/\/aceweb.cat\/","name":"ACE","description":"Associaci\u00f3 de Consultors d&#039;Estructures | ACE","publisher":{"@id":"https:\/\/aceweb.cat\/#organization"},"alternateName":"ACE","potentialAction":[{"@type":"SearchAction","target":{"@type":"EntryPoint","urlTemplate":"https:\/\/aceweb.cat\/?s={search_term_string}"},"query-input":{"@type":"PropertyValueSpecification","valueRequired":true,"valueName":"search_term_string"}}],"inLanguage":"es"},{"@type":"Organization","@id":"https:\/\/aceweb.cat\/#organization","name":"ACE","alternateName":"ACE","url":"https:\/\/aceweb.cat\/","logo":{"@type":"ImageObject","inLanguage":"es","@id":"https:\/\/aceweb.cat\/#\/schema\/logo\/image\/","url":"https:\/\/aceweb.cat\/wp-content\/uploads\/2022\/10\/logo.svg","contentUrl":"https:\/\/aceweb.cat\/wp-content\/uploads\/2022\/10\/logo.svg","width":1,"height":1,"caption":"ACE"},"image":{"@id":"https:\/\/aceweb.cat\/#\/schema\/logo\/image\/"}}]}},"_links":{"self":[{"href":"https:\/\/aceweb.cat\/es\/wp-json\/wp\/v2\/product\/39804","targetHints":{"allow":["GET"]}}],"collection":[{"href":"https:\/\/aceweb.cat\/es\/wp-json\/wp\/v2\/product"}],"about":[{"href":"https:\/\/aceweb.cat\/es\/wp-json\/wp\/v2\/types\/product"}],"version-history":[{"count":1,"href":"https:\/\/aceweb.cat\/es\/wp-json\/wp\/v2\/product\/39804\/revisions"}],"predecessor-version":[{"id":41015,"href":"https:\/\/aceweb.cat\/es\/wp-json\/wp\/v2\/product\/39804\/revisions\/41015"}],"wp:featuredmedia":[{"embeddable":true,"href":"https:\/\/aceweb.cat\/es\/wp-json\/wp\/v2\/media\/37966"}],"wp:attachment":[{"href":"https:\/\/aceweb.cat\/es\/wp-json\/wp\/v2\/media?parent=39804"}],"wp:term":[{"taxonomy":"product_brand","embeddable":true,"href":"https:\/\/aceweb.cat\/es\/wp-json\/wp\/v2\/product_brand?post=39804"},{"taxonomy":"product_cat","embeddable":true,"href":"https:\/\/aceweb.cat\/es\/wp-json\/wp\/v2\/product_cat?post=39804"},{"taxonomy":"product_tag","embeddable":true,"href":"https:\/\/aceweb.cat\/es\/wp-json\/wp\/v2\/product_tag?post=39804"}],"curies":[{"name":"wp","href":"https:\/\/api.w.org\/{rel}","templated":true}]}}