{"id":39808,"date":"2022-12-19T10:00:17","date_gmt":"2022-12-19T10:00:17","guid":{"rendered":"https:\/\/www.aceweb.advertis.es\/producto\/quaderns-destructures-35\/"},"modified":"2023-03-22T15:56:03","modified_gmt":"2023-03-22T15:56:03","slug":"quaderns-destructures-35","status":"publish","type":"product","link":"https:\/\/aceweb.cat\/es\/producto\/quaderns-destructures-35\/","title":{"rendered":"Quaderns d&#8217;Estructures 35"},"content":{"rendered":"<p>Este n\u00famero incluye:<\/p>\n<h2><strong>1. Editorial<\/strong><\/h2>\n<p>Art\u00edculo redactado por\u00a0<b>JOSEP BAQUER<\/b>. Descarga la revista para conocer las estructuras sostenibles.<\/p>\n<p><em>\u201cUna de las novedades de la nueva instrucci\u00f3n del hormig\u00f3n estructural, la encontramos en el anexo 13 que habla de la contribuci\u00f3n de la estructura a la sostenibilidad. Creo que los dos primeros art\u00edculos habr\u00eda que leerlos detenidamente y que deber\u00edan afectarnos en nuestra forma de hacer en el campo de la consultor\u00eda de estructuras. All\u00ed se dice que la sostenibilidad es un concepto global, no espec\u00edfico de las estructuras de hormig\u00f3n; que tiene mucho que ver con criterios medioambientales, econ\u00f3micos y sociales; que conlleva el uso razonable de la energ\u00eda a emplear, con la optimizaci\u00f3n de los costes de mantenimiento y la optimizaci\u00f3n del consumo de materiales.<\/em><\/p>\n<p><em>Me imagino que el legislador y la ponencia de la norma, al redactar este anexo, estaba pensando en todo tipo de proyectos y edificios, tanto los destinados a viviendas sociales, como los edificios y sedes de grandes firmas comerciales, o los grandes equipamientos, sea quien sea el promotor o la Propiedad.\u201d<\/em><\/p>\n<h2><strong>2. Los fundadores de la Asociaci\u00f3n damos el relevo<\/strong><\/h2>\n<p>Art\u00edculo redactado por\u00a0<strong>ANTONI MASSAGU\u00c9<\/strong>. Descarga la revista para leer la carta abierta a Jos\u00e9 Luis Pedraza.<\/p>\n<p><em>\u201cRecientemente se ha jubilado nuestro asociado Jos\u00e9 Lu\u00eds Pedraza Llanos, uno de los socios fundadores de nuestra asociaci\u00f3n, que ha colaborado y participado en el desarrollo y consolidaci\u00f3n de la misma. Desde aqu\u00ed queremos rendir un peque\u00f1o homenaje a su labor.\u201d<\/em><\/p>\n<h2><strong>3. Apuntes (1 de 3)<\/strong><\/h2>\n<p>Art\u00edculo redactado por\u00a0<strong>JOS\u00c9 LUIS PEDRAZA LLANOS<\/strong>.<\/p>\n<h2><strong>4. La acci\u00f3n del viento sobre los edificios antes y despu\u00e9s del CTE<\/strong><\/h2>\n<p>Art\u00edculo redactado por\u00a0<b>FLORENTINO REGALADO<\/b>. Descarga la revista para conocer la normativa de viento en Espa\u00f1a.<\/P><\/p>\n<p><em>\u201cEl\u00a0<a href=\"https:\/\/www.boe.es\/buscar\/doc.php?id=BOE-A-2006-5515\" target=\"_blank\" rel=\"noopener noreferrer\">C\u00f3digo T\u00e9cnico de la Edificaci\u00f3n de 2006<\/a>\u00a0recoge la nueva normativa de viento espa\u00f1ola que debe ser considerada en el c\u00e1lculo de las construcciones susceptibles de experimentar empujones debidos al mismo.<\/em><\/p>\n<p><em>La nueva norma se inspira claramente en toda la filosof\u00eda relacionada con el viento expuesta en el Euroc\u00f3digo de Acciones n\u00fam. 1, simplific\u00e1ndola y limitando su \u00e1mbito de aplicaci\u00f3n a edificios situados por debajo de una altitud de 2.000 m; y tambi\u00e9n limita la esbeltez superior de estos edificios a seis, con el objeto de moverse al rango donde el viento puede ser estimado a trav\u00e9s de cargas est\u00e1ticas equivalentes, olvid\u00e1ndose de aquellos otros edificios que por su altura y esbeltez , pueden ser sensibles a los efectos din\u00e1micos que puede generar el viento.\u201d<\/em><\/p>\n<h2><strong>5. Una reflexi\u00f3n personal a personal a prop\u00f3sito de la norma s\u00edsmica NCSE-2002<\/strong><\/h2>\n<p>Art\u00edculo redactado por\u00a0<b>FLORENTINO REGALADO<\/b>. Descarga la revista para conocer las dificultades que tenemos en las zonas s\u00edsmicas para alojar armaduras en las estructuras de los edificios.<\/p>\n<p><em>\u201cHaci\u00e9ndonos eco de las dificultades y problemas que estamos teniendo en las zonas s\u00edsmicas espa\u00f1olas para alojar las armaduras en las geometr\u00edas de las estructuras de nuestros edificios, cuando las cuant\u00edas de acero que genera la aplicaci\u00f3n de la actual Norma S\u00edsmica NCSE-2002 da resultados alrededor de los 40 \u00b1 10 kg\/m\u00b2, duplicando claramente las cuant\u00edas de acero con las que habitualmente resolveremos nuestras estructuras con las anteriores Normas S\u00edsmicas, nos atrevemos a dar a luz unas reflexiones personales a prop\u00f3sito del que creemos que es la aut\u00e9ntica realidad s\u00edsmica en Espa\u00f1a. Tambi\u00e9n queremos dar a la luz con m\u00e1s \u00e9nfasis, el trabajo realizado por Cype Ingenieros, SA, que ha hecho un peque\u00f1o an\u00e1lisis comparativo sobre los par\u00e1metros s\u00edsmicos donde pone en evidencia c\u00f3mo se han manipulado para que se dupliquen las aceleraciones s\u00edsmicas de partida, (reales o inventadas), hasta duplicar las cantidades de acero en un mundo c\u00ednico, que pretende luchar por un desarrollo sostenible y no contaminante, reduciendo las emisiones del CO<sub>2<\/sub>\u00a0a la atm\u00f3sfera. No estar\u00eda de m\u00e1s, preguntar al profesor D. Fructuoso Ma\u00f1\u00e1, qu\u00e9 opina sobre el tema y qu\u00e9 cantidad de CO<sub>2<\/sub>\u00a0genera fabricar un kilo de acero colocado en un pilar.\u201d<\/em> <\/p>\n<h2><strong>6. Un punto de inflexi\u00f3n en la producci\u00f3n de hormig\u00f3n autocompactante<\/strong><\/h2>\n<p>Art\u00edculo redactado por\u00a0<b>GUSTAVO POZO<\/b>. Descarga la revista para conocer los nuevos retos en el prefabricado del hormig\u00f3n autocompactante.<\/p>\n<p><em>\u201cLos nuevos retos en el prefabricado de desmoldeo diferido pasan por una mayor implementaci\u00f3n del hormig\u00f3n autocompactante. No vamos a detenernos en las sobradamente conocidas bondades de trabajar con este hormig\u00f3n (en t\u00e9rminos medioambientales, sostenibilidad, durabilidad, salud laboral, productividad\u2026) sino en c\u00f3mo generar una inflexi\u00f3n sobre la tendencia actual.<\/em><\/p>\n<p><em>Hablar de formig\u00f3n prefabricado es hablar de un control exhaustivo de la calidad de los elementos fabricados, de una sistematicidad en los procesos y materias primas. Apartarnos de este rol implica pasar de errores controlados y por tanto finitos a errores no controlados e impredecibles.\u201d<\/em><\/p>\n<h2><strong>7. Miscel\u00e1nea<\/strong><\/h2>\n<h2><strong>8. Lista de miembros de la asociaci\u00f3n<\/strong><\/h2>\n<p>Conoce a los\u00a0miembros\u00a0de la Asociaci\u00f3n Consultores de Estructuras. Podr\u00e1s ver a los nuevos integrantes que participan por el reconocimiento de la profesi\u00f3n dentro del mundo de la construcci\u00f3n.<\/p>\n","protected":false},"excerpt":{"rendered":"<ul>\n<li>1. Editorial<\/li>\n<li>2. Los fundadores de la Asociaci\u00f3n damos el relevo<\/li>\n<li>3. Apuntes (1 de 3)<\/li>\n<li>4. La acci\u00f3n del viento sobre los edificios antes y despu\u00e9s del CTE<\/li>\n<li>5. Una reflexi\u00f3n personal a personal a prop\u00f3sito de la norma s\u00edsmica NCSE-2002<\/li>\n<li>6. Un punto de inflexi\u00f3n en la producci\u00f3n de hormig\u00f3n autocompactante<\/li>\n<li>7. Miscel\u00e1nea<\/li>\n<li>8. Lista de miembros de la asociaci\u00f3n<\/li>\n<\/ul>\n","protected":false},"featured_media":37953,"template":"","meta":{"_acf_changed":false,"site-sidebar-layout":"default","site-content-layout":"default","ast-global-header-display":"","ast-main-header-display":"","ast-hfb-above-header-display":"","ast-hfb-below-header-display":"","ast-hfb-mobile-header-display":"","site-post-title":"","ast-breadcrumbs-content":"","ast-featured-img":"","footer-sml-layout":"","theme-transparent-header-meta":"default","adv-header-id-meta":"","stick-header-meta":"","header-above-stick-meta":"","header-main-stick-meta":"","header-below-stick-meta":""},"product_brand":[],"product_cat":[595],"product_tag":[],"class_list":{"0":"post-39808","1":"product","2":"type-product","3":"status-publish","4":"has-post-thumbnail","6":"product_cat-cuaderno-de-estructuras","7":"desktop-align-left","8":"tablet-align-left","9":"mobile-align-left","11":"first","12":"instock","13":"taxable","14":"shipping-taxable","15":"purchasable","16":"product-type-variable","17":"has-default-attributes"},"acf":[],"yoast_head":"<!-- This site is optimized with the Yoast SEO plugin v27.1.1 - https:\/\/yoast.com\/product\/yoast-seo-wordpress\/ -->\n<title>Quaderns d&#039;Estructures 35 | ACE<\/title>\n<meta name=\"description\" content=\"Revista n\u00ba 35 con art\u00edculos de actualidad que tratan sobre la construcci\u00f3n de estructuras y publica la Asociaci\u00f3n de Consultores de Estructuras (ACE).\" \/>\n<meta name=\"robots\" content=\"index, follow, max-snippet:-1, max-image-preview:large, max-video-preview:-1\" \/>\n<link rel=\"canonical\" href=\"https:\/\/aceweb.cat\/es\/producto\/quaderns-destructures-35\/\" \/>\n<meta property=\"og:locale\" content=\"es_ES\" \/>\n<meta property=\"og:type\" content=\"article\" \/>\n<meta property=\"og:title\" content=\"Quaderns d&#039;Estructures 35 | ACE\" \/>\n<meta property=\"og:description\" content=\"Revista n\u00ba 35 con art\u00edculos de actualidad que tratan sobre la construcci\u00f3n de estructuras y publica la Asociaci\u00f3n de Consultores de Estructuras (ACE).\" \/>\n<meta property=\"og:url\" content=\"https:\/\/aceweb.cat\/es\/producto\/quaderns-destructures-35\/\" \/>\n<meta property=\"og:site_name\" content=\"aceweb.cat\" \/>\n<meta property=\"article:modified_time\" content=\"2023-03-22T15:56:03+00:00\" \/>\n<meta property=\"og:image\" content=\"https:\/\/aceweb.cat\/wp-content\/uploads\/2023\/02\/ACE-Quaderns-Estructures-035.jpg\" \/>\n\t<meta property=\"og:image:width\" content=\"724\" \/>\n\t<meta property=\"og:image:height\" content=\"1024\" \/>\n\t<meta property=\"og:image:type\" content=\"image\/jpeg\" \/>\n<meta name=\"twitter:card\" content=\"summary_large_image\" \/>\n<meta name=\"twitter:label1\" content=\"Tiempo de lectura\" \/>\n\t<meta name=\"twitter:data1\" content=\"4 minutos\" \/>\n<script type=\"application\/ld+json\" class=\"yoast-schema-graph\">{\"@context\":\"https:\/\/schema.org\",\"@graph\":[{\"@type\":\"WebPage\",\"@id\":\"https:\/\/aceweb.cat\/es\/producto\/quaderns-destructures-35\/\",\"url\":\"https:\/\/aceweb.cat\/es\/producto\/quaderns-destructures-35\/\",\"name\":\"Quaderns d'Estructures 35 | ACE\",\"isPartOf\":{\"@id\":\"https:\/\/aceweb.cat\/#website\"},\"primaryImageOfPage\":{\"@id\":\"https:\/\/aceweb.cat\/es\/producto\/quaderns-destructures-35\/#primaryimage\"},\"image\":{\"@id\":\"https:\/\/aceweb.cat\/es\/producto\/quaderns-destructures-35\/#primaryimage\"},\"thumbnailUrl\":\"https:\/\/aceweb.cat\/wp-content\/uploads\/2023\/02\/ACE-Quaderns-Estructures-035.jpg\",\"datePublished\":\"2022-12-19T10:00:17+00:00\",\"dateModified\":\"2023-03-22T15:56:03+00:00\",\"description\":\"Revista n\u00ba 35 con art\u00edculos de actualidad que tratan sobre la construcci\u00f3n de estructuras y publica la Asociaci\u00f3n de Consultores de Estructuras (ACE).\",\"breadcrumb\":{\"@id\":\"https:\/\/aceweb.cat\/es\/producto\/quaderns-destructures-35\/#breadcrumb\"},\"inLanguage\":\"es\",\"potentialAction\":[{\"@type\":\"ReadAction\",\"target\":[\"https:\/\/aceweb.cat\/es\/producto\/quaderns-destructures-35\/\"]}]},{\"@type\":\"ImageObject\",\"inLanguage\":\"es\",\"@id\":\"https:\/\/aceweb.cat\/es\/producto\/quaderns-destructures-35\/#primaryimage\",\"url\":\"https:\/\/aceweb.cat\/wp-content\/uploads\/2023\/02\/ACE-Quaderns-Estructures-035.jpg\",\"contentUrl\":\"https:\/\/aceweb.cat\/wp-content\/uploads\/2023\/02\/ACE-Quaderns-Estructures-035.jpg\",\"width\":724,\"height\":1024},{\"@type\":\"BreadcrumbList\",\"@id\":\"https:\/\/aceweb.cat\/es\/producto\/quaderns-destructures-35\/#breadcrumb\",\"itemListElement\":[{\"@type\":\"ListItem\",\"position\":1,\"name\":\"Inici\",\"item\":\"https:\/\/aceweb.cat\/\"},{\"@type\":\"ListItem\",\"position\":2,\"name\":\"Tienda\",\"item\":\"https:\/\/aceweb.cat\/es\/tienda\/\"},{\"@type\":\"ListItem\",\"position\":3,\"name\":\"Quadern d\u2019Estructures\",\"item\":\"https:\/\/aceweb.cat\/es\/categoria-producto\/cuaderno-de-estructuras\/\"},{\"@type\":\"ListItem\",\"position\":4,\"name\":\"Quaderns d&#8217;Estructures 35\"}]},{\"@type\":\"WebSite\",\"@id\":\"https:\/\/aceweb.cat\/#website\",\"url\":\"https:\/\/aceweb.cat\/\",\"name\":\"ACE\",\"description\":\"Associaci\u00f3 de Consultors d&#039;Estructures | ACE\",\"publisher\":{\"@id\":\"https:\/\/aceweb.cat\/#organization\"},\"alternateName\":\"ACE\",\"potentialAction\":[{\"@type\":\"SearchAction\",\"target\":{\"@type\":\"EntryPoint\",\"urlTemplate\":\"https:\/\/aceweb.cat\/?s={search_term_string}\"},\"query-input\":{\"@type\":\"PropertyValueSpecification\",\"valueRequired\":true,\"valueName\":\"search_term_string\"}}],\"inLanguage\":\"es\"},{\"@type\":\"Organization\",\"@id\":\"https:\/\/aceweb.cat\/#organization\",\"name\":\"ACE\",\"alternateName\":\"ACE\",\"url\":\"https:\/\/aceweb.cat\/\",\"logo\":{\"@type\":\"ImageObject\",\"inLanguage\":\"es\",\"@id\":\"https:\/\/aceweb.cat\/#\/schema\/logo\/image\/\",\"url\":\"https:\/\/aceweb.cat\/wp-content\/uploads\/2022\/10\/logo.svg\",\"contentUrl\":\"https:\/\/aceweb.cat\/wp-content\/uploads\/2022\/10\/logo.svg\",\"width\":1,\"height\":1,\"caption\":\"ACE\"},\"image\":{\"@id\":\"https:\/\/aceweb.cat\/#\/schema\/logo\/image\/\"}}]}<\/script>\n<!-- \/ Yoast SEO plugin. -->","yoast_head_json":{"title":"Quaderns d'Estructures 35 | ACE","description":"Revista n\u00ba 35 con art\u00edculos de actualidad que tratan sobre la construcci\u00f3n de estructuras y publica la Asociaci\u00f3n de Consultores de Estructuras (ACE).","robots":{"index":"index","follow":"follow","max-snippet":"max-snippet:-1","max-image-preview":"max-image-preview:large","max-video-preview":"max-video-preview:-1"},"canonical":"https:\/\/aceweb.cat\/es\/producto\/quaderns-destructures-35\/","og_locale":"es_ES","og_type":"article","og_title":"Quaderns d'Estructures 35 | ACE","og_description":"Revista n\u00ba 35 con art\u00edculos de actualidad que tratan sobre la construcci\u00f3n de estructuras y publica la Asociaci\u00f3n de Consultores de Estructuras (ACE).","og_url":"https:\/\/aceweb.cat\/es\/producto\/quaderns-destructures-35\/","og_site_name":"aceweb.cat","article_modified_time":"2023-03-22T15:56:03+00:00","og_image":[{"width":724,"height":1024,"url":"https:\/\/aceweb.cat\/wp-content\/uploads\/2023\/02\/ACE-Quaderns-Estructures-035.jpg","type":"image\/jpeg"}],"twitter_card":"summary_large_image","twitter_misc":{"Tiempo de lectura":"4 minutos"},"schema":{"@context":"https:\/\/schema.org","@graph":[{"@type":"WebPage","@id":"https:\/\/aceweb.cat\/es\/producto\/quaderns-destructures-35\/","url":"https:\/\/aceweb.cat\/es\/producto\/quaderns-destructures-35\/","name":"Quaderns d'Estructures 35 | ACE","isPartOf":{"@id":"https:\/\/aceweb.cat\/#website"},"primaryImageOfPage":{"@id":"https:\/\/aceweb.cat\/es\/producto\/quaderns-destructures-35\/#primaryimage"},"image":{"@id":"https:\/\/aceweb.cat\/es\/producto\/quaderns-destructures-35\/#primaryimage"},"thumbnailUrl":"https:\/\/aceweb.cat\/wp-content\/uploads\/2023\/02\/ACE-Quaderns-Estructures-035.jpg","datePublished":"2022-12-19T10:00:17+00:00","dateModified":"2023-03-22T15:56:03+00:00","description":"Revista n\u00ba 35 con art\u00edculos de actualidad que tratan sobre la construcci\u00f3n de estructuras y publica la Asociaci\u00f3n de Consultores de Estructuras (ACE).","breadcrumb":{"@id":"https:\/\/aceweb.cat\/es\/producto\/quaderns-destructures-35\/#breadcrumb"},"inLanguage":"es","potentialAction":[{"@type":"ReadAction","target":["https:\/\/aceweb.cat\/es\/producto\/quaderns-destructures-35\/"]}]},{"@type":"ImageObject","inLanguage":"es","@id":"https:\/\/aceweb.cat\/es\/producto\/quaderns-destructures-35\/#primaryimage","url":"https:\/\/aceweb.cat\/wp-content\/uploads\/2023\/02\/ACE-Quaderns-Estructures-035.jpg","contentUrl":"https:\/\/aceweb.cat\/wp-content\/uploads\/2023\/02\/ACE-Quaderns-Estructures-035.jpg","width":724,"height":1024},{"@type":"BreadcrumbList","@id":"https:\/\/aceweb.cat\/es\/producto\/quaderns-destructures-35\/#breadcrumb","itemListElement":[{"@type":"ListItem","position":1,"name":"Inici","item":"https:\/\/aceweb.cat\/"},{"@type":"ListItem","position":2,"name":"Tienda","item":"https:\/\/aceweb.cat\/es\/tienda\/"},{"@type":"ListItem","position":3,"name":"Quadern d\u2019Estructures","item":"https:\/\/aceweb.cat\/es\/categoria-producto\/cuaderno-de-estructuras\/"},{"@type":"ListItem","position":4,"name":"Quaderns d&#8217;Estructures 35"}]},{"@type":"WebSite","@id":"https:\/\/aceweb.cat\/#website","url":"https:\/\/aceweb.cat\/","name":"ACE","description":"Associaci\u00f3 de Consultors d&#039;Estructures | ACE","publisher":{"@id":"https:\/\/aceweb.cat\/#organization"},"alternateName":"ACE","potentialAction":[{"@type":"SearchAction","target":{"@type":"EntryPoint","urlTemplate":"https:\/\/aceweb.cat\/?s={search_term_string}"},"query-input":{"@type":"PropertyValueSpecification","valueRequired":true,"valueName":"search_term_string"}}],"inLanguage":"es"},{"@type":"Organization","@id":"https:\/\/aceweb.cat\/#organization","name":"ACE","alternateName":"ACE","url":"https:\/\/aceweb.cat\/","logo":{"@type":"ImageObject","inLanguage":"es","@id":"https:\/\/aceweb.cat\/#\/schema\/logo\/image\/","url":"https:\/\/aceweb.cat\/wp-content\/uploads\/2022\/10\/logo.svg","contentUrl":"https:\/\/aceweb.cat\/wp-content\/uploads\/2022\/10\/logo.svg","width":1,"height":1,"caption":"ACE"},"image":{"@id":"https:\/\/aceweb.cat\/#\/schema\/logo\/image\/"}}]}},"_links":{"self":[{"href":"https:\/\/aceweb.cat\/es\/wp-json\/wp\/v2\/product\/39808","targetHints":{"allow":["GET"]}}],"collection":[{"href":"https:\/\/aceweb.cat\/es\/wp-json\/wp\/v2\/product"}],"about":[{"href":"https:\/\/aceweb.cat\/es\/wp-json\/wp\/v2\/types\/product"}],"version-history":[{"count":1,"href":"https:\/\/aceweb.cat\/es\/wp-json\/wp\/v2\/product\/39808\/revisions"}],"predecessor-version":[{"id":41016,"href":"https:\/\/aceweb.cat\/es\/wp-json\/wp\/v2\/product\/39808\/revisions\/41016"}],"wp:featuredmedia":[{"embeddable":true,"href":"https:\/\/aceweb.cat\/es\/wp-json\/wp\/v2\/media\/37953"}],"wp:attachment":[{"href":"https:\/\/aceweb.cat\/es\/wp-json\/wp\/v2\/media?parent=39808"}],"wp:term":[{"taxonomy":"product_brand","embeddable":true,"href":"https:\/\/aceweb.cat\/es\/wp-json\/wp\/v2\/product_brand?post=39808"},{"taxonomy":"product_cat","embeddable":true,"href":"https:\/\/aceweb.cat\/es\/wp-json\/wp\/v2\/product_cat?post=39808"},{"taxonomy":"product_tag","embeddable":true,"href":"https:\/\/aceweb.cat\/es\/wp-json\/wp\/v2\/product_tag?post=39808"}],"curies":[{"name":"wp","href":"https:\/\/api.w.org\/{rel}","templated":true}]}}