{"id":39811,"date":"2022-12-20T10:00:22","date_gmt":"2022-12-20T10:00:22","guid":{"rendered":"https:\/\/www.aceweb.advertis.es\/producto\/quaderns-destructures-36\/"},"modified":"2023-03-22T15:56:17","modified_gmt":"2023-03-22T15:56:17","slug":"quaderns-destructures-36","status":"publish","type":"product","link":"https:\/\/aceweb.cat\/es\/producto\/quaderns-destructures-36\/","title":{"rendered":"Quaderns d&#8217;Estructures 36"},"content":{"rendered":"<p>Este n\u00famero incluye:<\/p>\n<h2><strong>1. Editorial<\/strong><\/h2>\n<p>Art\u00edculo redactado por\u00a0<b>CESC ALDAB\u00d3<\/b>. Descarga la revista para conocer los\u00a0<a href=\"https:\/\/es.wikipedia.org\/wiki\/Eurocodi\" target=\"_blank\" rel=\"noopener noreferrer\">Euroc\u00f3digos<\/a>\u00a0y la internacionalizaci\u00f3n del consultor de estructuras.<\/p>\n<p><em>\u201cAnte las adversidades y los desaf\u00edos, creo que es tanto o m\u00e1s importante estar en buenas condiciones tanto \u201cps\u00edquicas\u201d como \u201cf\u00edsicas\u201d. Es cierto que si uno tiene el cuerpo entrenado, la facilidad con que se superan las dificultades puede hacer innecesaria la fortaleza mental. Pero cuando las pruebas son duras de verdad y hay que sufrir para llegar a su fin, la \u00abfortaleza mental\u00bb juega un papel decisivo. Es m\u00e1s, estoy convencido de que en estos casos la preparaci\u00f3n f\u00edsica se diluye, al estar claramente sobrepasada por la dureza del desaf\u00edo, y entonces s\u00f3lo la convicci\u00f3n y la determinaci\u00f3n \u2014la \u00abfuerza mental\u00bb en definitiva\u2014 pueden llevarnos a alcanzar los nuestros objetivos.<\/em><\/p>\n<p><em>En los tiempos que corren (creo que no exagero si los califico de dura prueba \u2014\u00a1y quiz\u00e1s me quedo corto!\u2014), una de las maneras como intento mantener alta la moral y el optimismo, es quedar de tanto en tanto con compa\u00f1eros de profesi\u00f3n para realizar unas rondas de cerveza. A veces cuesta ir, ya que el estado de \u00e1nimo no acompa\u00f1a, pero la sinceridad al compartir dudas, el empuje y coraje de un compa\u00f1ero ante las mismas adversidades o el sentido de humor del m\u00e1s atrevido hacen que, tal vez, por un efecto de terapia de grupo, las pilas se recarguen y los m\u00fasculos se tensen para seguir adelante. (Eh! Si alguien piensa que se debe exclusivamente a los efectos secundarios de la cerveza se equivoca, ya que duran semanas!!).\u201d<\/em><\/p>\n<h2><strong>2. El viento en el CTE tres a\u00f1os despu\u00e9s<\/strong><\/h2>\n<p>Art\u00edculo redactado por\u00a0<strong>PABLO L\u00d3PEZ TORNEIRO<\/strong>\u00a0y\u00a0<strong>CESC ALDAB\u00d3 FERN\u00c1NDEZ<\/strong>. Descarga la revista para repasar los coeficientes necesarios para la obtenci\u00f3n del valor de presi\u00f3n est\u00e1tica para edificios, analizando su origen y sentido de los valores adoptados en el CTE.<\/p>\n<p><em>\u201cDesde la aparici\u00f3n del C\u00f3digo T\u00e9cnico de la Edificaci\u00f3n en marzo de 2006, el viento ha sido uno de los elementos que m\u00e1s pol\u00e9mica ha suscitado, debido al importante aumento de los valores de carga a aplicar en comparaci\u00f3n de las anteriores normas NBE-AE-88 y NTE.<\/em><\/p>\n<p><em>Adem\u00e1s, en el planteamiento expuesto por el CTE, exist\u00edan numerosos aspectos algo desconcertantes, sobre todo cuando se comparan con el Euroc\u00f3digo 1-4 en el que se basa, que se esperaba que fueran rectificadas en una \u00abfe de erratas\u00bb.<\/em><\/p>\n<p><em>En el caso de la acci\u00f3n de viento, la primera fe de erratas, publicada en el BOE de 23 de octubre de 2007, no solucion\u00f3 la pol\u00e9mica generada, sino que se limit\u00f3 a una revisi\u00f3n formal que consideramos insuficiente en el caso del viento. La revisi\u00f3n de la fe de erratas publicada en el BOE de 20 de diciembre de 2007 tampoco aport\u00f3 nada al respecto.\u201d<\/em><\/p>\n<h2><strong>3. Apuntes (2 de 3)<\/strong><\/h2>\n<p>Art\u00edculo redactado por\u00a0<strong>JOS\u00c9 LUIS PEDRAZA LLANOS<\/strong>.<\/p>\n<h2><strong>4. Evoluci\u00f3n de la construcci\u00f3n en los medios<\/strong><\/h2>\n<p>Art\u00edculo redactado por\u00a0<b>ENRIC XERCAVINS VALLS<\/b>. Descarga la revista para conocer la evoluci\u00f3n de la construcci\u00f3n en los medios.<\/p>\n<p><em>\u201cEl interminable dilema entre construcci\u00f3n tradicional in situ y construcci\u00f3n industrializada seriada o\/y modular, ha generado muchas predicciones y muchos art\u00edculos de opini\u00f3n, tanto en libros y revistas especializadas como en la prensa generalista.<\/p>\n<p> me><\/p>\n<p><em>Desde referencias a la arquitectura modular, por parte del arquitecto renacentista del siglo XVI, Andrea Palladio, (exposici\u00f3n Caixa F\u00f2rum 09), pasando ya en el siglo XX por el concepto de estandarizaci\u00f3n del \u00abModulator\u00bb de Le Corbusier (1887-1965) y por el precursor de la edificaci\u00f3n industrializada ligera Jean Prouv\u00e9 (1901-1984), que aplica a la edificaci\u00f3n la tecnolog\u00eda de la industria aeron\u00e1utica, siempre se ha pensado en una construcci\u00f3n seriada e industrializada por solucionar el problema de la vivienda.\u201d<\/em><\/p>\n<h2><strong>5. Miscel\u00e1nea<\/strong><\/h2>\n<h2><strong>6. Lista de miembros de la asociaci\u00f3n<\/strong><\/h2>\n<p>Conoce a los\u00a0miembros\u00a0de la Asociaci\u00f3n Consultores de Estructuras. Podr\u00e1s ver a los nuevos integrantes que participan por el reconocimiento de la profesi\u00f3n dentro del mundo de la construcci\u00f3n.<\/p>\n","protected":false},"excerpt":{"rendered":"<ul>\n<li>1. Editorial<\/li>\n<li>2. El viento en el CTE tres a\u00f1os despu\u00e9s<\/li>\n<li>3. Apuntes (2 de 3)<\/li>\n<li>4. Evoluci\u00f3n de la construcci\u00f3n en los medios<\/li>\n<li>5. Miscel\u00e1nea<\/li>\n<li>6. Lista de miembros de la asociaci\u00f3n<\/li>\n<\/ul>\n","protected":false},"featured_media":37943,"template":"","meta":{"_acf_changed":false,"site-sidebar-layout":"default","site-content-layout":"default","ast-global-header-display":"","ast-main-header-display":"","ast-hfb-above-header-display":"","ast-hfb-below-header-display":"","ast-hfb-mobile-header-display":"","site-post-title":"","ast-breadcrumbs-content":"","ast-featured-img":"","footer-sml-layout":"","theme-transparent-header-meta":"default","adv-header-id-meta":"","stick-header-meta":"","header-above-stick-meta":"","header-main-stick-meta":"","header-below-stick-meta":""},"product_brand":[],"product_cat":[595],"product_tag":[],"class_list":{"0":"post-39811","1":"product","2":"type-product","3":"status-publish","4":"has-post-thumbnail","6":"product_cat-cuaderno-de-estructuras","7":"desktop-align-left","8":"tablet-align-left","9":"mobile-align-left","11":"first","12":"instock","13":"taxable","14":"shipping-taxable","15":"purchasable","16":"product-type-variable","17":"has-default-attributes"},"acf":[],"yoast_head":"<!-- This site is optimized with the Yoast SEO plugin v27.1.1 - https:\/\/yoast.com\/product\/yoast-seo-wordpress\/ -->\n<title>Quaderns d&#039;Estructures 36 | ACE<\/title>\n<meta name=\"description\" content=\"Revista n\u00ba 36 con art\u00edculos de actualidad que tratan sobre la construcci\u00f3n de estructuras y que publica la Asociaci\u00f3n de Consultores de Estructuras (ACE).\" \/>\n<meta name=\"robots\" content=\"index, follow, max-snippet:-1, max-image-preview:large, max-video-preview:-1\" \/>\n<link rel=\"canonical\" href=\"https:\/\/aceweb.cat\/es\/producto\/quaderns-destructures-36\/\" \/>\n<meta property=\"og:locale\" content=\"es_ES\" \/>\n<meta property=\"og:type\" content=\"article\" \/>\n<meta property=\"og:title\" content=\"Quaderns d&#039;Estructures 36 | ACE\" \/>\n<meta property=\"og:description\" content=\"Revista n\u00ba 36 con art\u00edculos de actualidad que tratan sobre la construcci\u00f3n de estructuras y que publica la Asociaci\u00f3n de Consultores de Estructuras (ACE).\" \/>\n<meta property=\"og:url\" content=\"https:\/\/aceweb.cat\/es\/producto\/quaderns-destructures-36\/\" \/>\n<meta property=\"og:site_name\" content=\"aceweb.cat\" \/>\n<meta property=\"article:modified_time\" content=\"2023-03-22T15:56:17+00:00\" \/>\n<meta property=\"og:image\" content=\"https:\/\/aceweb.cat\/wp-content\/uploads\/2023\/02\/ACE-Quaderns-Estructures-036.jpg\" \/>\n\t<meta property=\"og:image:width\" content=\"724\" \/>\n\t<meta property=\"og:image:height\" content=\"1024\" \/>\n\t<meta property=\"og:image:type\" content=\"image\/jpeg\" \/>\n<meta name=\"twitter:card\" content=\"summary_large_image\" \/>\n<meta name=\"twitter:label1\" content=\"Tiempo de lectura\" \/>\n\t<meta name=\"twitter:data1\" content=\"4 minutos\" \/>\n<script type=\"application\/ld+json\" class=\"yoast-schema-graph\">{\"@context\":\"https:\/\/schema.org\",\"@graph\":[{\"@type\":\"WebPage\",\"@id\":\"https:\/\/aceweb.cat\/es\/producto\/quaderns-destructures-36\/\",\"url\":\"https:\/\/aceweb.cat\/es\/producto\/quaderns-destructures-36\/\",\"name\":\"Quaderns d'Estructures 36 | ACE\",\"isPartOf\":{\"@id\":\"https:\/\/aceweb.cat\/#website\"},\"primaryImageOfPage\":{\"@id\":\"https:\/\/aceweb.cat\/es\/producto\/quaderns-destructures-36\/#primaryimage\"},\"image\":{\"@id\":\"https:\/\/aceweb.cat\/es\/producto\/quaderns-destructures-36\/#primaryimage\"},\"thumbnailUrl\":\"https:\/\/aceweb.cat\/wp-content\/uploads\/2023\/02\/ACE-Quaderns-Estructures-036.jpg\",\"datePublished\":\"2022-12-20T10:00:22+00:00\",\"dateModified\":\"2023-03-22T15:56:17+00:00\",\"description\":\"Revista n\u00ba 36 con art\u00edculos de actualidad que tratan sobre la construcci\u00f3n de estructuras y que publica la Asociaci\u00f3n de Consultores de Estructuras (ACE).\",\"breadcrumb\":{\"@id\":\"https:\/\/aceweb.cat\/es\/producto\/quaderns-destructures-36\/#breadcrumb\"},\"inLanguage\":\"es\",\"potentialAction\":[{\"@type\":\"ReadAction\",\"target\":[\"https:\/\/aceweb.cat\/es\/producto\/quaderns-destructures-36\/\"]}]},{\"@type\":\"ImageObject\",\"inLanguage\":\"es\",\"@id\":\"https:\/\/aceweb.cat\/es\/producto\/quaderns-destructures-36\/#primaryimage\",\"url\":\"https:\/\/aceweb.cat\/wp-content\/uploads\/2023\/02\/ACE-Quaderns-Estructures-036.jpg\",\"contentUrl\":\"https:\/\/aceweb.cat\/wp-content\/uploads\/2023\/02\/ACE-Quaderns-Estructures-036.jpg\",\"width\":724,\"height\":1024},{\"@type\":\"BreadcrumbList\",\"@id\":\"https:\/\/aceweb.cat\/es\/producto\/quaderns-destructures-36\/#breadcrumb\",\"itemListElement\":[{\"@type\":\"ListItem\",\"position\":1,\"name\":\"Inici\",\"item\":\"https:\/\/aceweb.cat\/\"},{\"@type\":\"ListItem\",\"position\":2,\"name\":\"Tienda\",\"item\":\"https:\/\/aceweb.cat\/es\/tienda\/\"},{\"@type\":\"ListItem\",\"position\":3,\"name\":\"Quadern d\u2019Estructures\",\"item\":\"https:\/\/aceweb.cat\/es\/categoria-producto\/cuaderno-de-estructuras\/\"},{\"@type\":\"ListItem\",\"position\":4,\"name\":\"Quaderns d&#8217;Estructures 36\"}]},{\"@type\":\"WebSite\",\"@id\":\"https:\/\/aceweb.cat\/#website\",\"url\":\"https:\/\/aceweb.cat\/\",\"name\":\"ACE\",\"description\":\"Associaci\u00f3 de Consultors d&#039;Estructures | ACE\",\"publisher\":{\"@id\":\"https:\/\/aceweb.cat\/#organization\"},\"alternateName\":\"ACE\",\"potentialAction\":[{\"@type\":\"SearchAction\",\"target\":{\"@type\":\"EntryPoint\",\"urlTemplate\":\"https:\/\/aceweb.cat\/?s={search_term_string}\"},\"query-input\":{\"@type\":\"PropertyValueSpecification\",\"valueRequired\":true,\"valueName\":\"search_term_string\"}}],\"inLanguage\":\"es\"},{\"@type\":\"Organization\",\"@id\":\"https:\/\/aceweb.cat\/#organization\",\"name\":\"ACE\",\"alternateName\":\"ACE\",\"url\":\"https:\/\/aceweb.cat\/\",\"logo\":{\"@type\":\"ImageObject\",\"inLanguage\":\"es\",\"@id\":\"https:\/\/aceweb.cat\/#\/schema\/logo\/image\/\",\"url\":\"https:\/\/aceweb.cat\/wp-content\/uploads\/2022\/10\/logo.svg\",\"contentUrl\":\"https:\/\/aceweb.cat\/wp-content\/uploads\/2022\/10\/logo.svg\",\"width\":1,\"height\":1,\"caption\":\"ACE\"},\"image\":{\"@id\":\"https:\/\/aceweb.cat\/#\/schema\/logo\/image\/\"}}]}<\/script>\n<!-- \/ Yoast SEO plugin. -->","yoast_head_json":{"title":"Quaderns d'Estructures 36 | ACE","description":"Revista n\u00ba 36 con art\u00edculos de actualidad que tratan sobre la construcci\u00f3n de estructuras y que publica la Asociaci\u00f3n de Consultores de Estructuras (ACE).","robots":{"index":"index","follow":"follow","max-snippet":"max-snippet:-1","max-image-preview":"max-image-preview:large","max-video-preview":"max-video-preview:-1"},"canonical":"https:\/\/aceweb.cat\/es\/producto\/quaderns-destructures-36\/","og_locale":"es_ES","og_type":"article","og_title":"Quaderns d'Estructures 36 | ACE","og_description":"Revista n\u00ba 36 con art\u00edculos de actualidad que tratan sobre la construcci\u00f3n de estructuras y que publica la Asociaci\u00f3n de Consultores de Estructuras (ACE).","og_url":"https:\/\/aceweb.cat\/es\/producto\/quaderns-destructures-36\/","og_site_name":"aceweb.cat","article_modified_time":"2023-03-22T15:56:17+00:00","og_image":[{"width":724,"height":1024,"url":"https:\/\/aceweb.cat\/wp-content\/uploads\/2023\/02\/ACE-Quaderns-Estructures-036.jpg","type":"image\/jpeg"}],"twitter_card":"summary_large_image","twitter_misc":{"Tiempo de lectura":"4 minutos"},"schema":{"@context":"https:\/\/schema.org","@graph":[{"@type":"WebPage","@id":"https:\/\/aceweb.cat\/es\/producto\/quaderns-destructures-36\/","url":"https:\/\/aceweb.cat\/es\/producto\/quaderns-destructures-36\/","name":"Quaderns d'Estructures 36 | ACE","isPartOf":{"@id":"https:\/\/aceweb.cat\/#website"},"primaryImageOfPage":{"@id":"https:\/\/aceweb.cat\/es\/producto\/quaderns-destructures-36\/#primaryimage"},"image":{"@id":"https:\/\/aceweb.cat\/es\/producto\/quaderns-destructures-36\/#primaryimage"},"thumbnailUrl":"https:\/\/aceweb.cat\/wp-content\/uploads\/2023\/02\/ACE-Quaderns-Estructures-036.jpg","datePublished":"2022-12-20T10:00:22+00:00","dateModified":"2023-03-22T15:56:17+00:00","description":"Revista n\u00ba 36 con art\u00edculos de actualidad que tratan sobre la construcci\u00f3n de estructuras y que publica la Asociaci\u00f3n de Consultores de Estructuras (ACE).","breadcrumb":{"@id":"https:\/\/aceweb.cat\/es\/producto\/quaderns-destructures-36\/#breadcrumb"},"inLanguage":"es","potentialAction":[{"@type":"ReadAction","target":["https:\/\/aceweb.cat\/es\/producto\/quaderns-destructures-36\/"]}]},{"@type":"ImageObject","inLanguage":"es","@id":"https:\/\/aceweb.cat\/es\/producto\/quaderns-destructures-36\/#primaryimage","url":"https:\/\/aceweb.cat\/wp-content\/uploads\/2023\/02\/ACE-Quaderns-Estructures-036.jpg","contentUrl":"https:\/\/aceweb.cat\/wp-content\/uploads\/2023\/02\/ACE-Quaderns-Estructures-036.jpg","width":724,"height":1024},{"@type":"BreadcrumbList","@id":"https:\/\/aceweb.cat\/es\/producto\/quaderns-destructures-36\/#breadcrumb","itemListElement":[{"@type":"ListItem","position":1,"name":"Inici","item":"https:\/\/aceweb.cat\/"},{"@type":"ListItem","position":2,"name":"Tienda","item":"https:\/\/aceweb.cat\/es\/tienda\/"},{"@type":"ListItem","position":3,"name":"Quadern d\u2019Estructures","item":"https:\/\/aceweb.cat\/es\/categoria-producto\/cuaderno-de-estructuras\/"},{"@type":"ListItem","position":4,"name":"Quaderns d&#8217;Estructures 36"}]},{"@type":"WebSite","@id":"https:\/\/aceweb.cat\/#website","url":"https:\/\/aceweb.cat\/","name":"ACE","description":"Associaci\u00f3 de Consultors d&#039;Estructures | ACE","publisher":{"@id":"https:\/\/aceweb.cat\/#organization"},"alternateName":"ACE","potentialAction":[{"@type":"SearchAction","target":{"@type":"EntryPoint","urlTemplate":"https:\/\/aceweb.cat\/?s={search_term_string}"},"query-input":{"@type":"PropertyValueSpecification","valueRequired":true,"valueName":"search_term_string"}}],"inLanguage":"es"},{"@type":"Organization","@id":"https:\/\/aceweb.cat\/#organization","name":"ACE","alternateName":"ACE","url":"https:\/\/aceweb.cat\/","logo":{"@type":"ImageObject","inLanguage":"es","@id":"https:\/\/aceweb.cat\/#\/schema\/logo\/image\/","url":"https:\/\/aceweb.cat\/wp-content\/uploads\/2022\/10\/logo.svg","contentUrl":"https:\/\/aceweb.cat\/wp-content\/uploads\/2022\/10\/logo.svg","width":1,"height":1,"caption":"ACE"},"image":{"@id":"https:\/\/aceweb.cat\/#\/schema\/logo\/image\/"}}]}},"_links":{"self":[{"href":"https:\/\/aceweb.cat\/es\/wp-json\/wp\/v2\/product\/39811","targetHints":{"allow":["GET"]}}],"collection":[{"href":"https:\/\/aceweb.cat\/es\/wp-json\/wp\/v2\/product"}],"about":[{"href":"https:\/\/aceweb.cat\/es\/wp-json\/wp\/v2\/types\/product"}],"version-history":[{"count":1,"href":"https:\/\/aceweb.cat\/es\/wp-json\/wp\/v2\/product\/39811\/revisions"}],"predecessor-version":[{"id":41017,"href":"https:\/\/aceweb.cat\/es\/wp-json\/wp\/v2\/product\/39811\/revisions\/41017"}],"wp:featuredmedia":[{"embeddable":true,"href":"https:\/\/aceweb.cat\/es\/wp-json\/wp\/v2\/media\/37943"}],"wp:attachment":[{"href":"https:\/\/aceweb.cat\/es\/wp-json\/wp\/v2\/media?parent=39811"}],"wp:term":[{"taxonomy":"product_brand","embeddable":true,"href":"https:\/\/aceweb.cat\/es\/wp-json\/wp\/v2\/product_brand?post=39811"},{"taxonomy":"product_cat","embeddable":true,"href":"https:\/\/aceweb.cat\/es\/wp-json\/wp\/v2\/product_cat?post=39811"},{"taxonomy":"product_tag","embeddable":true,"href":"https:\/\/aceweb.cat\/es\/wp-json\/wp\/v2\/product_tag?post=39811"}],"curies":[{"name":"wp","href":"https:\/\/api.w.org\/{rel}","templated":true}]}}