{"id":39814,"date":"2022-12-21T10:00:03","date_gmt":"2022-12-21T10:00:03","guid":{"rendered":"https:\/\/www.aceweb.advertis.es\/producto\/quaderns-destructures-37\/"},"modified":"2023-03-22T15:56:30","modified_gmt":"2023-03-22T15:56:30","slug":"quaderns-destructures-37","status":"publish","type":"product","link":"https:\/\/aceweb.cat\/es\/producto\/quaderns-destructures-37\/","title":{"rendered":"Quaderns d&#8217;Estructures 37"},"content":{"rendered":"<p>Este n\u00famero incluye:<\/p>\n<h2><strong>1. Editorial<\/strong><\/h2>\n<p>Art\u00edculo redactado por\u00a0<b>ANTONI MASSAGU\u00c9<\/b>. Descarga la revista para conocer los 25 a\u00f1os de nuestra Asociaci\u00f3n:<\/p>\n<p><em>\u201cParecer\u00eda, en principio, muy f\u00e1cil hacer una editorial para este n\u00famero dedicado a los 25 a\u00f1os de existencia de la Asociaci\u00f3n. Podr\u00eda hablarse de los inicios, pero esto ya queda reflejado en el art\u00edculo posterior. Hemos querido hacer una editorial diferente, m\u00e1s abierta, m\u00e1s fuera de contexto que, de paso, d\u00e9 una luz de esperanza en estos tiempos tan dif\u00edciles.<\/em><\/p>\n<p><em>Y lo hemos querido reflejar en un dec\u00e1logo general, donde podemos tomar posicionamiento, tanto ante la profesi\u00f3n que m\u00e1s nos gusta ya la que hemos dedicado mil esfuerzos, como frente al mercado, las Administraciones, las aseguradoras, la propia deontolog\u00eda profesional, nuestras relaciones, y todo el conjunto de nuestro talante diario.\u201d<\/em><\/p>\n<h2><strong>2. ACE, un cuarto de siglo<\/strong><\/h2>\n<p>Art\u00edculo redactado por\u00a0<b>MAR\u00cdA LEACH<\/b>. Descarga la revista para conocer la historia de ACE.<\/p>\n<p><em>\u201cDec\u00eda el Bar\u00f3n de Holbach, reconocido fil\u00f3sofo franc\u00e9s del siglo XVIII, que la amistad es una asociaci\u00f3n formada entre las personas que se profesan mutuamente un cari\u00f1o m\u00e1s particular que el resto de los hombres. Una sabia frase que sin duda recoge el esp\u00edritu con el que la ACE inici\u00f3 su camino hace ya 25 a\u00f1os. Porque si algo define el nacimiento de esta Asociaci\u00f3n es la amistad entre sus fundadores y el cari\u00f1o compartido por una profesi\u00f3n que deseaban ver crecer pero que en ese momento no gozaba del merecido respeto. Defender con ah\u00ednco la importancia del c\u00e1lculo de estructuras para que fuera ampliamente reconocido en el sector, fue el inter\u00e9s com\u00fan, la ilusi\u00f3n, que acab\u00f3 uniendo a Robert Brufau, Antonio Massagu\u00e9, Jos\u00e9 Luis Pedraza, Jordi Pedrerol, Jos\u00e9 Luis V\u00e1zquez y Gerardo Vidal.\u201d<\/em><\/p>\n<h2><strong>3. Entrevistas a asociados<\/strong><\/h2>\n<p>Art\u00edculo redactado por <strong>ACE<\/strong>. Descarga la revista para leer las preguntas realizadas a Socios protectores de la ACE.<\/p>\n<p><em>\u201c<strong>\u00bfPor qu\u00e9 motivos se asociaron?<\/strong><\/em><\/p>\n<p><em>En 2003 en la empresa Alsina hab\u00edamos dise\u00f1ado un nuevo sistema antica\u00eddas,\u00a0<a href=\"https:\/\/www.alsina.com\/es\/productos-y-soluciones\/seguridad-y-accesos \/alsipercha\/\" target=\"_blank\" rel=\"noopener noreferrer\">Alsipercha<\/a>, que necesitaba una justificaci\u00f3n de c\u00e1lculo para convencer a las OCTs. Contactamos con la ACE y nos resolvi\u00f3 \u00abla papeleta\u00bb con un informe que a d\u00eda de hoy todav\u00eda utilizamos. Aquel caso nos permiti\u00f3 establecer una mayor relaci\u00f3n con la Asociaci\u00f3n y vimos que hab\u00eda varios puntos de inter\u00e9s para nosotros. Al fin y al cabo, todos tenemos un inter\u00e9s com\u00fan por las Estructuras de hormig\u00f3n in-situ, los socios numerarios como consultores, y nosotros como suministradores de equipos de encofrar.<\/em><\/p>\n<p><em>Vimos a la Asociaci\u00f3n como un nexo en un campo que, de manera indirecta, nos afectaba de lleno; perteneciente a la ACE est\u00e1bamos m\u00e1s cerca de conocer hacia d\u00f3nde evolucionar\u00edan las estructuras, se nos abr\u00eda la posibilidad de estar m\u00e1s al d\u00eda en cuanto a las nuevas normativas, de solicitar informes t\u00e9cnicos de c\u00e1lculo, de compartir las nuestras propias investigaciones, de pedir consejo a problemas y cuestiones que nos aparecen a diario\u2026 Pasados casi 6 a\u00f1os, los pron\u00f3sticos se han confirmado y creemos que fue un acierto entrar a formar parte como socios protectores.\u201d<\/em ><\/p>\n<h2><strong>4. Cumplimos 25 a\u00f1os<\/strong><\/h2>\n<p>Art\u00edculo redactado por\u00a0<strong>ENRIC JERCAVINS<\/strong>. Descarga la revista para conocer los recuerdos del inicio de la Asociaci\u00f3n.<\/p>\n<p><em>\u201cY recuerdo\u2026<\/em><\/p>\n<p><em>\u2026 Cuando a principios de los a\u00f1os 80 nos encontramos por primera vez en el restaurante L&#8217;Oca (yo tambi\u00e9n estaba), para hablar de nuestro menospreciado trabajo de calculistas de estructuras.<\/em>< \/p><\/p>\n<p><em>\u2026 Cuando nos reunimos en el despacho de S. A. Porqueras (empresa de prefabricados de hormig\u00f3n, donde yo trabajaba en aquellos a\u00f1os).<\/em><\/p>\n<p><em>\u2026 Cuando redact\u00e1bamos los primeros estatutos de la Asociaci\u00f3n de Consultores de Estructuras, traduciendo un modelo oficial en castellano (hac\u00eda poco del golpe de estado del 81).<\/em><\/p>\n<p><em>\u2026 Cuando empez\u00e1bamos los primeros contactos institucionales con la UPC (rector Gabriel Ferrater).\u201d<\/em><\/p>\n<h2><strong>5. Listo para los pr\u00f3ximos veinticinco<\/strong><\/h2>\n<p>Art\u00edculo redactado por\u00a0<b>JOSEP BAQUER SISTACH<\/b>. Descarga la revista para conocer el futuro de la ACE.<\/p>\n<p><em>\u201cEl recuerdo de los primeros veinticinco a\u00f1os es para todos nosotros causa de satisfacci\u00f3n, \u2014\u00a125 a\u00f1os son 25 a\u00f1os!\u2014 y una buena ocasi\u00f3n de hacer presente todo lo que ha comportado llegar hasta donde ahora somos, y para agradecernos mutuamente el esfuerzo realizado por hacer posible poner en marcha el proyecto de la ACE y llevarlo a cabo. Pero es, sobre todo, un buen momento para reflexionar y evaluar el camino que hemos hecho hasta ahora, de cara a proyectar futuro; un buen momento para ver si de verdad estamos listos para afrontar los pr\u00f3ximos veinticinco.\u201d<\/em><\/p>\n<h2><strong>6. Lista de miembros de la asociaci\u00f3n<\/strong><\/h2>\n<p>Conoce a los\u00a0miembros\u00a0de la Asociaci\u00f3n Consultores de Estructuras. Podr\u00e1s ver a los nuevos integrantes que participan por el reconocimiento de la profesi\u00f3n dentro del mundo de la construcci\u00f3n.<\/p>\n","protected":false},"excerpt":{"rendered":"<ul>\n<li>1. Editorial<\/li>\n<li>2. ACE, un cuarto de siglo<\/li>\n<li>3. Entrevistas a asociados<\/li>\n<li>4. Cumplimos 25 a\u00f1os<\/li>\n<li>5. Listo para los pr\u00f3ximos veinticinco<\/li>\n<li>6. Lista de miembros de la asociaci\u00f3n<\/li>\n<\/ul>\n","protected":false},"featured_media":37933,"template":"","meta":{"_acf_changed":false,"site-sidebar-layout":"default","site-content-layout":"default","ast-global-header-display":"","ast-main-header-display":"","ast-hfb-above-header-display":"","ast-hfb-below-header-display":"","ast-hfb-mobile-header-display":"","site-post-title":"","ast-breadcrumbs-content":"","ast-featured-img":"","footer-sml-layout":"","theme-transparent-header-meta":"default","adv-header-id-meta":"","stick-header-meta":"","header-above-stick-meta":"","header-main-stick-meta":"","header-below-stick-meta":""},"product_brand":[],"product_cat":[595],"product_tag":[],"class_list":{"0":"post-39814","1":"product","2":"type-product","3":"status-publish","4":"has-post-thumbnail","6":"product_cat-cuaderno-de-estructuras","7":"desktop-align-left","8":"tablet-align-left","9":"mobile-align-left","11":"first","12":"instock","13":"taxable","14":"shipping-taxable","15":"purchasable","16":"product-type-variable","17":"has-default-attributes"},"acf":[],"yoast_head":"<!-- This site is optimized with the Yoast SEO plugin v27.1.1 - https:\/\/yoast.com\/product\/yoast-seo-wordpress\/ -->\n<title>Quaderns d&#039;Estructures 37 | ACE<\/title>\n<meta name=\"description\" content=\"Revista n\u00ba 37 con art\u00edculos de actualidad que tratan sobre la construcci\u00f3n de estructuras y que publica la Asociaci\u00f3n de Consultores de Estructuras (ACE).\" \/>\n<meta name=\"robots\" content=\"index, follow, max-snippet:-1, max-image-preview:large, max-video-preview:-1\" \/>\n<link rel=\"canonical\" href=\"https:\/\/aceweb.cat\/es\/producto\/quaderns-destructures-37\/\" \/>\n<meta property=\"og:locale\" content=\"es_ES\" \/>\n<meta property=\"og:type\" content=\"article\" \/>\n<meta property=\"og:title\" content=\"Quaderns d&#039;Estructures 37 | ACE\" \/>\n<meta property=\"og:description\" content=\"Revista n\u00ba 37 con art\u00edculos de actualidad que tratan sobre la construcci\u00f3n de estructuras y que publica la Asociaci\u00f3n de Consultores de Estructuras (ACE).\" \/>\n<meta property=\"og:url\" content=\"https:\/\/aceweb.cat\/es\/producto\/quaderns-destructures-37\/\" \/>\n<meta property=\"og:site_name\" content=\"aceweb.cat\" \/>\n<meta property=\"article:modified_time\" content=\"2023-03-22T15:56:30+00:00\" \/>\n<meta property=\"og:image\" content=\"https:\/\/aceweb.cat\/wp-content\/uploads\/2023\/02\/ACE-Quaderns-Estructures-037.jpg\" \/>\n\t<meta property=\"og:image:width\" content=\"724\" \/>\n\t<meta property=\"og:image:height\" content=\"1024\" \/>\n\t<meta property=\"og:image:type\" content=\"image\/jpeg\" \/>\n<meta name=\"twitter:card\" content=\"summary_large_image\" \/>\n<meta name=\"twitter:label1\" content=\"Tiempo de lectura\" \/>\n\t<meta name=\"twitter:data1\" content=\"4 minutos\" \/>\n<script type=\"application\/ld+json\" class=\"yoast-schema-graph\">{\"@context\":\"https:\/\/schema.org\",\"@graph\":[{\"@type\":\"WebPage\",\"@id\":\"https:\/\/aceweb.cat\/es\/producto\/quaderns-destructures-37\/\",\"url\":\"https:\/\/aceweb.cat\/es\/producto\/quaderns-destructures-37\/\",\"name\":\"Quaderns d'Estructures 37 | ACE\",\"isPartOf\":{\"@id\":\"https:\/\/aceweb.cat\/#website\"},\"primaryImageOfPage\":{\"@id\":\"https:\/\/aceweb.cat\/es\/producto\/quaderns-destructures-37\/#primaryimage\"},\"image\":{\"@id\":\"https:\/\/aceweb.cat\/es\/producto\/quaderns-destructures-37\/#primaryimage\"},\"thumbnailUrl\":\"https:\/\/aceweb.cat\/wp-content\/uploads\/2023\/02\/ACE-Quaderns-Estructures-037.jpg\",\"datePublished\":\"2022-12-21T10:00:03+00:00\",\"dateModified\":\"2023-03-22T15:56:30+00:00\",\"description\":\"Revista n\u00ba 37 con art\u00edculos de actualidad que tratan sobre la construcci\u00f3n de estructuras y que publica la Asociaci\u00f3n de Consultores de Estructuras (ACE).\",\"breadcrumb\":{\"@id\":\"https:\/\/aceweb.cat\/es\/producto\/quaderns-destructures-37\/#breadcrumb\"},\"inLanguage\":\"es\",\"potentialAction\":[{\"@type\":\"ReadAction\",\"target\":[\"https:\/\/aceweb.cat\/es\/producto\/quaderns-destructures-37\/\"]}]},{\"@type\":\"ImageObject\",\"inLanguage\":\"es\",\"@id\":\"https:\/\/aceweb.cat\/es\/producto\/quaderns-destructures-37\/#primaryimage\",\"url\":\"https:\/\/aceweb.cat\/wp-content\/uploads\/2023\/02\/ACE-Quaderns-Estructures-037.jpg\",\"contentUrl\":\"https:\/\/aceweb.cat\/wp-content\/uploads\/2023\/02\/ACE-Quaderns-Estructures-037.jpg\",\"width\":724,\"height\":1024},{\"@type\":\"BreadcrumbList\",\"@id\":\"https:\/\/aceweb.cat\/es\/producto\/quaderns-destructures-37\/#breadcrumb\",\"itemListElement\":[{\"@type\":\"ListItem\",\"position\":1,\"name\":\"Inici\",\"item\":\"https:\/\/aceweb.cat\/\"},{\"@type\":\"ListItem\",\"position\":2,\"name\":\"Tienda\",\"item\":\"https:\/\/aceweb.cat\/es\/tienda\/\"},{\"@type\":\"ListItem\",\"position\":3,\"name\":\"Quadern d\u2019Estructures\",\"item\":\"https:\/\/aceweb.cat\/es\/categoria-producto\/cuaderno-de-estructuras\/\"},{\"@type\":\"ListItem\",\"position\":4,\"name\":\"Quaderns d&#8217;Estructures 37\"}]},{\"@type\":\"WebSite\",\"@id\":\"https:\/\/aceweb.cat\/#website\",\"url\":\"https:\/\/aceweb.cat\/\",\"name\":\"ACE\",\"description\":\"Associaci\u00f3 de Consultors d&#039;Estructures | ACE\",\"publisher\":{\"@id\":\"https:\/\/aceweb.cat\/#organization\"},\"alternateName\":\"ACE\",\"potentialAction\":[{\"@type\":\"SearchAction\",\"target\":{\"@type\":\"EntryPoint\",\"urlTemplate\":\"https:\/\/aceweb.cat\/?s={search_term_string}\"},\"query-input\":{\"@type\":\"PropertyValueSpecification\",\"valueRequired\":true,\"valueName\":\"search_term_string\"}}],\"inLanguage\":\"es\"},{\"@type\":\"Organization\",\"@id\":\"https:\/\/aceweb.cat\/#organization\",\"name\":\"ACE\",\"alternateName\":\"ACE\",\"url\":\"https:\/\/aceweb.cat\/\",\"logo\":{\"@type\":\"ImageObject\",\"inLanguage\":\"es\",\"@id\":\"https:\/\/aceweb.cat\/#\/schema\/logo\/image\/\",\"url\":\"https:\/\/aceweb.cat\/wp-content\/uploads\/2022\/10\/logo.svg\",\"contentUrl\":\"https:\/\/aceweb.cat\/wp-content\/uploads\/2022\/10\/logo.svg\",\"width\":1,\"height\":1,\"caption\":\"ACE\"},\"image\":{\"@id\":\"https:\/\/aceweb.cat\/#\/schema\/logo\/image\/\"}}]}<\/script>\n<!-- \/ Yoast SEO plugin. -->","yoast_head_json":{"title":"Quaderns d'Estructures 37 | ACE","description":"Revista n\u00ba 37 con art\u00edculos de actualidad que tratan sobre la construcci\u00f3n de estructuras y que publica la Asociaci\u00f3n de Consultores de Estructuras (ACE).","robots":{"index":"index","follow":"follow","max-snippet":"max-snippet:-1","max-image-preview":"max-image-preview:large","max-video-preview":"max-video-preview:-1"},"canonical":"https:\/\/aceweb.cat\/es\/producto\/quaderns-destructures-37\/","og_locale":"es_ES","og_type":"article","og_title":"Quaderns d'Estructures 37 | ACE","og_description":"Revista n\u00ba 37 con art\u00edculos de actualidad que tratan sobre la construcci\u00f3n de estructuras y que publica la Asociaci\u00f3n de Consultores de Estructuras (ACE).","og_url":"https:\/\/aceweb.cat\/es\/producto\/quaderns-destructures-37\/","og_site_name":"aceweb.cat","article_modified_time":"2023-03-22T15:56:30+00:00","og_image":[{"width":724,"height":1024,"url":"https:\/\/aceweb.cat\/wp-content\/uploads\/2023\/02\/ACE-Quaderns-Estructures-037.jpg","type":"image\/jpeg"}],"twitter_card":"summary_large_image","twitter_misc":{"Tiempo de lectura":"4 minutos"},"schema":{"@context":"https:\/\/schema.org","@graph":[{"@type":"WebPage","@id":"https:\/\/aceweb.cat\/es\/producto\/quaderns-destructures-37\/","url":"https:\/\/aceweb.cat\/es\/producto\/quaderns-destructures-37\/","name":"Quaderns d'Estructures 37 | ACE","isPartOf":{"@id":"https:\/\/aceweb.cat\/#website"},"primaryImageOfPage":{"@id":"https:\/\/aceweb.cat\/es\/producto\/quaderns-destructures-37\/#primaryimage"},"image":{"@id":"https:\/\/aceweb.cat\/es\/producto\/quaderns-destructures-37\/#primaryimage"},"thumbnailUrl":"https:\/\/aceweb.cat\/wp-content\/uploads\/2023\/02\/ACE-Quaderns-Estructures-037.jpg","datePublished":"2022-12-21T10:00:03+00:00","dateModified":"2023-03-22T15:56:30+00:00","description":"Revista n\u00ba 37 con art\u00edculos de actualidad que tratan sobre la construcci\u00f3n de estructuras y que publica la Asociaci\u00f3n de Consultores de Estructuras (ACE).","breadcrumb":{"@id":"https:\/\/aceweb.cat\/es\/producto\/quaderns-destructures-37\/#breadcrumb"},"inLanguage":"es","potentialAction":[{"@type":"ReadAction","target":["https:\/\/aceweb.cat\/es\/producto\/quaderns-destructures-37\/"]}]},{"@type":"ImageObject","inLanguage":"es","@id":"https:\/\/aceweb.cat\/es\/producto\/quaderns-destructures-37\/#primaryimage","url":"https:\/\/aceweb.cat\/wp-content\/uploads\/2023\/02\/ACE-Quaderns-Estructures-037.jpg","contentUrl":"https:\/\/aceweb.cat\/wp-content\/uploads\/2023\/02\/ACE-Quaderns-Estructures-037.jpg","width":724,"height":1024},{"@type":"BreadcrumbList","@id":"https:\/\/aceweb.cat\/es\/producto\/quaderns-destructures-37\/#breadcrumb","itemListElement":[{"@type":"ListItem","position":1,"name":"Inici","item":"https:\/\/aceweb.cat\/"},{"@type":"ListItem","position":2,"name":"Tienda","item":"https:\/\/aceweb.cat\/es\/tienda\/"},{"@type":"ListItem","position":3,"name":"Quadern d\u2019Estructures","item":"https:\/\/aceweb.cat\/es\/categoria-producto\/cuaderno-de-estructuras\/"},{"@type":"ListItem","position":4,"name":"Quaderns d&#8217;Estructures 37"}]},{"@type":"WebSite","@id":"https:\/\/aceweb.cat\/#website","url":"https:\/\/aceweb.cat\/","name":"ACE","description":"Associaci\u00f3 de Consultors d&#039;Estructures | ACE","publisher":{"@id":"https:\/\/aceweb.cat\/#organization"},"alternateName":"ACE","potentialAction":[{"@type":"SearchAction","target":{"@type":"EntryPoint","urlTemplate":"https:\/\/aceweb.cat\/?s={search_term_string}"},"query-input":{"@type":"PropertyValueSpecification","valueRequired":true,"valueName":"search_term_string"}}],"inLanguage":"es"},{"@type":"Organization","@id":"https:\/\/aceweb.cat\/#organization","name":"ACE","alternateName":"ACE","url":"https:\/\/aceweb.cat\/","logo":{"@type":"ImageObject","inLanguage":"es","@id":"https:\/\/aceweb.cat\/#\/schema\/logo\/image\/","url":"https:\/\/aceweb.cat\/wp-content\/uploads\/2022\/10\/logo.svg","contentUrl":"https:\/\/aceweb.cat\/wp-content\/uploads\/2022\/10\/logo.svg","width":1,"height":1,"caption":"ACE"},"image":{"@id":"https:\/\/aceweb.cat\/#\/schema\/logo\/image\/"}}]}},"_links":{"self":[{"href":"https:\/\/aceweb.cat\/es\/wp-json\/wp\/v2\/product\/39814","targetHints":{"allow":["GET"]}}],"collection":[{"href":"https:\/\/aceweb.cat\/es\/wp-json\/wp\/v2\/product"}],"about":[{"href":"https:\/\/aceweb.cat\/es\/wp-json\/wp\/v2\/types\/product"}],"version-history":[{"count":1,"href":"https:\/\/aceweb.cat\/es\/wp-json\/wp\/v2\/product\/39814\/revisions"}],"predecessor-version":[{"id":41018,"href":"https:\/\/aceweb.cat\/es\/wp-json\/wp\/v2\/product\/39814\/revisions\/41018"}],"wp:featuredmedia":[{"embeddable":true,"href":"https:\/\/aceweb.cat\/es\/wp-json\/wp\/v2\/media\/37933"}],"wp:attachment":[{"href":"https:\/\/aceweb.cat\/es\/wp-json\/wp\/v2\/media?parent=39814"}],"wp:term":[{"taxonomy":"product_brand","embeddable":true,"href":"https:\/\/aceweb.cat\/es\/wp-json\/wp\/v2\/product_brand?post=39814"},{"taxonomy":"product_cat","embeddable":true,"href":"https:\/\/aceweb.cat\/es\/wp-json\/wp\/v2\/product_cat?post=39814"},{"taxonomy":"product_tag","embeddable":true,"href":"https:\/\/aceweb.cat\/es\/wp-json\/wp\/v2\/product_tag?post=39814"}],"curies":[{"name":"wp","href":"https:\/\/api.w.org\/{rel}","templated":true}]}}