{"id":39817,"date":"2022-12-22T10:00:25","date_gmt":"2022-12-22T10:00:25","guid":{"rendered":"https:\/\/www.aceweb.advertis.es\/producto\/quaderns-destructures-38\/"},"modified":"2023-03-22T15:56:44","modified_gmt":"2023-03-22T15:56:44","slug":"quaderns-destructures-38","status":"publish","type":"product","link":"https:\/\/aceweb.cat\/es\/producto\/quaderns-destructures-38\/","title":{"rendered":"Quaderns d&#8217;Estructures 38"},"content":{"rendered":"<p>Este n\u00famero incluye:<\/p>\n<h2><strong>1. Editorial<\/strong><\/h2>\n<p>Art\u00edculo redactado por\u00a0<b>JOSPE BAQUER<\/b>\u00a0y\u00a0<b>JORGE BLASCO<\/b>. Descarga la revista para conocer el aumento en proyectos de rehabilitaci\u00f3n en edificios en \u00e9poca de crisis:<\/p>\n<p><em>\u201cHace m\u00e1s de dos a\u00f1os y dos meses que desde esta misma p\u00e1gina plante\u00e1bamos el tema de \u201cLa rehabilitaci\u00f3n, este hermano peque\u00f1o\u201d. De hecho, la actuaci\u00f3n en el parque de edificios existentes siempre ha ocupado bastante dedicaci\u00f3n a nuestros despachos profesionales, generalmente como una actividad complementaria al trabajo principal que se desarrollaba en los proyectos para obras de nueva planta.<\/em>< \/p><\/p>\n<p><em>Las estad\u00edsticas hablan: hace no demasiados a\u00f1os, cuatro o cinco, la rehabilitaci\u00f3n ocupaba s\u00f3lo el 15% de la actividad arquitect\u00f3nica\/constructiva. Actualmente, a ra\u00edz de la crisis econ\u00f3mico-financiera, sin que se haya incrementado demasiado la actividad en t\u00e9rminos absolutos, s\u00ed ha aumentado en t\u00e9rminos relativos hasta el 50 o 60 %, debido al fuerte descenso de proyectos y construcci\u00f3n de obra nueva. As\u00ed pues, la poca actividad del sector, ha hecho abrir los ojos hacia la importancia que tiene la actuaci\u00f3n en edificios existentes, est\u00e9n catalogados o no est\u00e9n.\u201d<\/em><\/p>\n<h2><strong>2. La rehabilitaci\u00f3n estructural de edificios hist\u00f3rico-art\u00edsticos<\/strong><\/h2>\n<p>Art\u00edculo redactado por\u00a0<b>ENRIQUE GONZ\u00c1LEZ VALLE<\/b>. Descarga la revista para conocer los estudios de rehabilitaci\u00f3n de edificios hist\u00f3rico-art\u00edsticos.<\/p>\n<p><em>\u201cSeg\u00fan la RAE.<br \/>\n\u00abREHABILITAR: Habilitar de nuevo o restituir a una persona o cosa a su antiguo estado.\u00bb<br \/>\n\u00abHABILITAR: Hacer a una persona o cosa h\u00e1bil, apta o capaz para lo que antes no lo era.\u00bb<br \/>\nRESTAURAR: Recuperar o recobrar. Reparar, renovar o volver a poner algo en ese estado que antes ten\u00eda. Reparar, una pintura, escultura, edificio, etc., del deterioro que ha sufrido.\u00bb<br \/>\n\u00abREPARAR: Componer, ali\u00f1ar o enmendar el menoscabado que ha sufrido algo.\u00bb<\/em><\/p>\n<p><em>Seg\u00fan los documentos t\u00e9cnicos<br \/>\nMantenimiento de una estructura (EHE 2008)<br \/>\n\u00abActividades necesarias para que el nivel de prestaciones por lo que ha sido proyectada\u2026 no disminuya por debajo de un cierto umbral vinculado a las caracter\u00edsticas de resistencia mec\u00e1nica, durabilidad, funcionalidad y en su caso est\u00e9ticas.\u00bb<\/em><\/p>\n<p> ><\/p>\n<h2><strong>3. Hormigonado en tiempo fr\u00edo<\/strong><\/h2>\n<p>Art\u00edculo redactado por\u00a0<strong>RAFAEL GUERRERO RIBAS<\/strong>. Descarga la revista para conocer las reflexiones sobre un tema poco valorado.<\/P><\/p>\n<p><em>\u201cEn relaci\u00f3n al tema del hormigonado con bajas temperaturas. Tema poco valorado en las obras, posiblemente por el desconocimiento de los fen\u00f3menos qu\u00edmicos que se producen dentro del hormig\u00f3n durante el forjado y que pueden alterarlo hasta arruinarlo. Propongo una reflexi\u00f3n entre todos los agentes implicados, incluida la propiedad y las plantas de hormig\u00f3n. Este escrito no pretende ser ninguna norma, gu\u00eda o recomendaci\u00f3n. Simplemente es poner negro sobre blanco lo que pienso sobre un problema que afecta a todos los que formamos a la gran familia de la Construcci\u00f3n. A todos los afectados, especialmente a los compa\u00f1eros que tienen responsabilidades en la Direcci\u00f3n y ejecuci\u00f3n de obras, van dirigidas estas l\u00edneas que no son m\u00e1s que una recopilaci\u00f3n de reflexiones y experiencias de otros pa\u00edses en torno a los peligros que el hormig\u00f3n puede sufrir por culpa del fr\u00edo.<\/em><\/p>\n<p><em>No disponemos de mucha literatura especializada, empezando por la EHE que se limita a decir que no se hormigone si est\u00e1s a 14 \u00b0C o 15 \u00b0C. Esta es la norma que nos ampara!! A partir de ah\u00ed las direcciones facultativas deben tomar decisiones.\u201d<\/em><\/p>\n<h2><strong>4. Apuntes (3 de 3)<\/strong><\/h2>\n<p>Art\u00edculo redactado por\u00a0<strong>JOS\u00c9 LUIS PEDRAZA LLANOS<\/strong>.<\/p>\n<h2><strong>5. Estatus jur\u00eddico de los Euroc\u00f3digos y su implantaci\u00f3n en Europa<\/strong><\/h2>\n<p>Art\u00edculo redactado por\u00a0<b>LAURE\u00c0 MIR\u00d3 BRETOS<\/b>. Descarga la revista para conocer las normas europeas en nuestro \u00e1mbito.<\/p>\n<p><em>\u201cDurante los a\u00f1os 90 y principios del 2000 AENOR tradujo y public\u00f3 en Espa\u00f1a los\u00a0<a href=\"https:\/\/es.wikipedia.org\/wiki\/Eurocodi\" target=\"_blank\" rel=\"noopener noreferrer\">Euroc\u00f3digos<\/a>\u00a0experimentales con el prefijo UNE-ENV, que han tenido hasta la fecha una relativamente buena difusi\u00f3n entre los t\u00e9cnicos espa\u00f1oles.<\/em><\/p>\n<p><em>Entre los a\u00f1os 2002 y 2007 el Comit\u00e9 Europeo de Normalizaci\u00f3n (CEN) public\u00f3 las versiones definitivas y no experimentales de los Euroc\u00f3digos, en ingl\u00e9s, franc\u00e9s y alem\u00e1n, con la siguiente nomenclatura:<\/em><\/p>\n<p> ><\/p>\n<ul>\n<li><em>EN 1990 \u2013 Euroc\u00f3digo: Bases de c\u00e1lculo de estructuras.<\/em><\/li>\n<li><em>EN 1991 \u2013 Euroc\u00f3digo 1: Acciones en estructuras.<\/em><\/li>\n<li><em>EN 1992 \u2013 Euroc\u00f3digo 2: Proyecto de estructuras de hormig\u00f3n.<\/em><\/li>\n<li><em>EN 1993 \u2013 Euroc\u00f3digo 3: Proyecto de estructuras de acero.<\/em><\/li>\n<li><em>EN 1994 \u2013 Euroc\u00f3digo 4: Proyecto de estructuras mixtas de acero y hormig\u00f3n.<\/em><\/li>\n<li><em>EN 1995 \u2013 Euroc\u00f3digo 5: Proyecto de estructuras de madera.<\/em><\/li>\n<li><em>EN 1996 \u2013 Euroc\u00f3digo 6: Proyecto de estructuras de f\u00e1brica.<\/em><\/li>\n<li><em>EN 1997 \u2013 Euroc\u00f3digo 7: Proyecto geot\u00e9cnico.<\/em><\/li>\n<li><em>EN 1998 \u2013 Euroc\u00f3digo 8: Proyecto de estructuras sismorresistentes.<\/em><\/li>\n<li><em>EN 1999 \u2013 Euroc\u00f3digo 9: Proyecto de estructuras de aluminio.<\/em><\/li>\n<\/ul>\n<p><em>Cada Euroc\u00f3digo se divide a su vez en varias partes, por lo que actualmente el conjunto est\u00e1 formado por 58 textos normativos. Cada una de estas normas admite la inclusi\u00f3n, por parte de cada pa\u00eds, de un Anexo Nacional en el que se especifiquen alternativas a varios coeficientes de seguridad, valores de acciones o procedimientos de c\u00e1lculo denominados Par\u00e1metros de Determinaci\u00f3n Nacional.\u201d<\/em> <\/p>\n<h2><strong>6. Curso de Postgrado de C\u00e1lculo de Estructuras<\/strong><\/h2>\n<p>Art\u00edculo redactado por\u00a0<strong>CESC ALDAB\u00d3<\/strong>,\u00a0<strong>ROSA MAR\u00cdA BUADAS<\/strong>\u00a0y\u00a0<strong>MARTA TORRAS ISLA<\/strong>. Descarga la revista para conocer este nuevo curso de C\u00e1lculo de Estructuras.<\/p>\n<p><em>\u201cComo colof\u00f3n de la primera edici\u00f3n del Curso de Postgrado de C\u00e1lculo de Estructuras creado conjuntamente entre ACE y Zigurat, a continuaci\u00f3n se publican los res\u00famenes de los dos trabajos finales de Postgrado m\u00e1s interesantes.<\/em ><\/p>\n<p><em>Este Curso de Postgrado naci\u00f3 a partir de los contenidos creados por m\u00e1s de 30 ponentes especialistas de cada \u00e1rea en 5 jornadas presenciales promovidas por la ACE con el t\u00edtulo \u00abImplantaci\u00f3n del CTE en las Estructuras\u00bb, donde se expon\u00eda en profundidad las consecuencias de la implantaci\u00f3n del CTE en las estructuras y se debat\u00eda sobre las dudas creadas.\u201d<\/em><\/p>\n<h2><strong>7. Miscel\u00e1nea<\/strong><\/h2>\n<p>En memoria del Socio de Honor SR. Rafael Casals y Bohigas, dr. Ingeniero Industrial<\/p>\n<h2><strong>8. Lista de miembros de la asociaci\u00f3n<\/strong><\/h2>\n<p>Conoce a los\u00a0miembros\u00a0de la Asociaci\u00f3n Consultores de Estructuras. Podr\u00e1s ver a los nuevos integrantes que participan por el reconocimiento de la profesi\u00f3n dentro del mundo de la construcci\u00f3n.<\/p>\n","protected":false},"excerpt":{"rendered":"<ul>\n<li>1. Editorial<\/li>\n<li>2. La rehabilitaci\u00f3n estructural de edificios hist\u00f3rico-art\u00edsticos<\/li>\n<li>3. Hormigonado en tiempo fr\u00edo<\/li>\n<li>4. Apuntes (3 de 3)<\/li>\n<li>5. Estatus jur\u00eddico de los Euroc\u00f3digos y su implantaci\u00f3n en Europa<\/li>\n<li>6. Curso de Postgrado de C\u00e1lculo de Estructuras<\/li>\n<li>7. Miscel\u00e1nea<\/li>\n<li>8. Lista de miembros de la Asociaci\u00f3n<\/li>\n<\/ul>\n","protected":false},"featured_media":37924,"template":"","meta":{"_acf_changed":false,"site-sidebar-layout":"default","site-content-layout":"default","ast-global-header-display":"","ast-main-header-display":"","ast-hfb-above-header-display":"","ast-hfb-below-header-display":"","ast-hfb-mobile-header-display":"","site-post-title":"","ast-breadcrumbs-content":"","ast-featured-img":"","footer-sml-layout":"","theme-transparent-header-meta":"default","adv-header-id-meta":"","stick-header-meta":"","header-above-stick-meta":"","header-main-stick-meta":"","header-below-stick-meta":""},"product_brand":[],"product_cat":[595],"product_tag":[],"class_list":{"0":"post-39817","1":"product","2":"type-product","3":"status-publish","4":"has-post-thumbnail","6":"product_cat-cuaderno-de-estructuras","7":"desktop-align-left","8":"tablet-align-left","9":"mobile-align-left","11":"first","12":"instock","13":"taxable","14":"shipping-taxable","15":"purchasable","16":"product-type-variable","17":"has-default-attributes"},"acf":[],"yoast_head":"<!-- This site is optimized with the Yoast SEO plugin v27.1.1 - https:\/\/yoast.com\/product\/yoast-seo-wordpress\/ -->\n<title>Quaderns d&#039;Estructures 38 | ACE<\/title>\n<meta name=\"description\" content=\"Revista n\u00ba 38 con art\u00edculos de actualidad que tratan sobre la construcci\u00f3n de estructuras y que publica la Asociaci\u00f3n de Consultores de Estructuras (ACE).\" \/>\n<meta name=\"robots\" content=\"index, follow, max-snippet:-1, max-image-preview:large, max-video-preview:-1\" \/>\n<link rel=\"canonical\" href=\"https:\/\/aceweb.cat\/es\/producto\/quaderns-destructures-38\/\" \/>\n<meta property=\"og:locale\" content=\"es_ES\" \/>\n<meta property=\"og:type\" content=\"article\" \/>\n<meta property=\"og:title\" content=\"Quaderns d&#039;Estructures 38 | ACE\" \/>\n<meta property=\"og:description\" content=\"Revista n\u00ba 38 con art\u00edculos de actualidad que tratan sobre la construcci\u00f3n de estructuras y que publica la Asociaci\u00f3n de Consultores de Estructuras (ACE).\" \/>\n<meta property=\"og:url\" content=\"https:\/\/aceweb.cat\/es\/producto\/quaderns-destructures-38\/\" \/>\n<meta property=\"og:site_name\" content=\"aceweb.cat\" \/>\n<meta property=\"article:modified_time\" content=\"2023-03-22T15:56:44+00:00\" \/>\n<meta property=\"og:image\" content=\"https:\/\/aceweb.cat\/wp-content\/uploads\/2023\/02\/ACE-Quaderns-Estructures-038.jpg\" \/>\n\t<meta property=\"og:image:width\" content=\"724\" \/>\n\t<meta property=\"og:image:height\" content=\"1024\" \/>\n\t<meta property=\"og:image:type\" content=\"image\/jpeg\" \/>\n<meta name=\"twitter:card\" content=\"summary_large_image\" \/>\n<meta name=\"twitter:label1\" content=\"Tiempo de lectura\" \/>\n\t<meta name=\"twitter:data1\" content=\"5 minutos\" \/>\n<script type=\"application\/ld+json\" class=\"yoast-schema-graph\">{\"@context\":\"https:\/\/schema.org\",\"@graph\":[{\"@type\":\"WebPage\",\"@id\":\"https:\/\/aceweb.cat\/es\/producto\/quaderns-destructures-38\/\",\"url\":\"https:\/\/aceweb.cat\/es\/producto\/quaderns-destructures-38\/\",\"name\":\"Quaderns d'Estructures 38 | ACE\",\"isPartOf\":{\"@id\":\"https:\/\/aceweb.cat\/#website\"},\"primaryImageOfPage\":{\"@id\":\"https:\/\/aceweb.cat\/es\/producto\/quaderns-destructures-38\/#primaryimage\"},\"image\":{\"@id\":\"https:\/\/aceweb.cat\/es\/producto\/quaderns-destructures-38\/#primaryimage\"},\"thumbnailUrl\":\"https:\/\/aceweb.cat\/wp-content\/uploads\/2023\/02\/ACE-Quaderns-Estructures-038.jpg\",\"datePublished\":\"2022-12-22T10:00:25+00:00\",\"dateModified\":\"2023-03-22T15:56:44+00:00\",\"description\":\"Revista n\u00ba 38 con art\u00edculos de actualidad que tratan sobre la construcci\u00f3n de estructuras y que publica la Asociaci\u00f3n de Consultores de Estructuras (ACE).\",\"breadcrumb\":{\"@id\":\"https:\/\/aceweb.cat\/es\/producto\/quaderns-destructures-38\/#breadcrumb\"},\"inLanguage\":\"es\",\"potentialAction\":[{\"@type\":\"ReadAction\",\"target\":[\"https:\/\/aceweb.cat\/es\/producto\/quaderns-destructures-38\/\"]}]},{\"@type\":\"ImageObject\",\"inLanguage\":\"es\",\"@id\":\"https:\/\/aceweb.cat\/es\/producto\/quaderns-destructures-38\/#primaryimage\",\"url\":\"https:\/\/aceweb.cat\/wp-content\/uploads\/2023\/02\/ACE-Quaderns-Estructures-038.jpg\",\"contentUrl\":\"https:\/\/aceweb.cat\/wp-content\/uploads\/2023\/02\/ACE-Quaderns-Estructures-038.jpg\",\"width\":724,\"height\":1024},{\"@type\":\"BreadcrumbList\",\"@id\":\"https:\/\/aceweb.cat\/es\/producto\/quaderns-destructures-38\/#breadcrumb\",\"itemListElement\":[{\"@type\":\"ListItem\",\"position\":1,\"name\":\"Inici\",\"item\":\"https:\/\/aceweb.cat\/\"},{\"@type\":\"ListItem\",\"position\":2,\"name\":\"Tienda\",\"item\":\"https:\/\/aceweb.cat\/es\/tienda\/\"},{\"@type\":\"ListItem\",\"position\":3,\"name\":\"Quadern d\u2019Estructures\",\"item\":\"https:\/\/aceweb.cat\/es\/categoria-producto\/cuaderno-de-estructuras\/\"},{\"@type\":\"ListItem\",\"position\":4,\"name\":\"Quaderns d&#8217;Estructures 38\"}]},{\"@type\":\"WebSite\",\"@id\":\"https:\/\/aceweb.cat\/#website\",\"url\":\"https:\/\/aceweb.cat\/\",\"name\":\"ACE\",\"description\":\"Associaci\u00f3 de Consultors d&#039;Estructures | ACE\",\"publisher\":{\"@id\":\"https:\/\/aceweb.cat\/#organization\"},\"alternateName\":\"ACE\",\"potentialAction\":[{\"@type\":\"SearchAction\",\"target\":{\"@type\":\"EntryPoint\",\"urlTemplate\":\"https:\/\/aceweb.cat\/?s={search_term_string}\"},\"query-input\":{\"@type\":\"PropertyValueSpecification\",\"valueRequired\":true,\"valueName\":\"search_term_string\"}}],\"inLanguage\":\"es\"},{\"@type\":\"Organization\",\"@id\":\"https:\/\/aceweb.cat\/#organization\",\"name\":\"ACE\",\"alternateName\":\"ACE\",\"url\":\"https:\/\/aceweb.cat\/\",\"logo\":{\"@type\":\"ImageObject\",\"inLanguage\":\"es\",\"@id\":\"https:\/\/aceweb.cat\/#\/schema\/logo\/image\/\",\"url\":\"https:\/\/aceweb.cat\/wp-content\/uploads\/2022\/10\/logo.svg\",\"contentUrl\":\"https:\/\/aceweb.cat\/wp-content\/uploads\/2022\/10\/logo.svg\",\"width\":1,\"height\":1,\"caption\":\"ACE\"},\"image\":{\"@id\":\"https:\/\/aceweb.cat\/#\/schema\/logo\/image\/\"}}]}<\/script>\n<!-- \/ Yoast SEO plugin. -->","yoast_head_json":{"title":"Quaderns d'Estructures 38 | ACE","description":"Revista n\u00ba 38 con art\u00edculos de actualidad que tratan sobre la construcci\u00f3n de estructuras y que publica la Asociaci\u00f3n de Consultores de Estructuras (ACE).","robots":{"index":"index","follow":"follow","max-snippet":"max-snippet:-1","max-image-preview":"max-image-preview:large","max-video-preview":"max-video-preview:-1"},"canonical":"https:\/\/aceweb.cat\/es\/producto\/quaderns-destructures-38\/","og_locale":"es_ES","og_type":"article","og_title":"Quaderns d'Estructures 38 | ACE","og_description":"Revista n\u00ba 38 con art\u00edculos de actualidad que tratan sobre la construcci\u00f3n de estructuras y que publica la Asociaci\u00f3n de Consultores de Estructuras (ACE).","og_url":"https:\/\/aceweb.cat\/es\/producto\/quaderns-destructures-38\/","og_site_name":"aceweb.cat","article_modified_time":"2023-03-22T15:56:44+00:00","og_image":[{"width":724,"height":1024,"url":"https:\/\/aceweb.cat\/wp-content\/uploads\/2023\/02\/ACE-Quaderns-Estructures-038.jpg","type":"image\/jpeg"}],"twitter_card":"summary_large_image","twitter_misc":{"Tiempo de lectura":"5 minutos"},"schema":{"@context":"https:\/\/schema.org","@graph":[{"@type":"WebPage","@id":"https:\/\/aceweb.cat\/es\/producto\/quaderns-destructures-38\/","url":"https:\/\/aceweb.cat\/es\/producto\/quaderns-destructures-38\/","name":"Quaderns d'Estructures 38 | ACE","isPartOf":{"@id":"https:\/\/aceweb.cat\/#website"},"primaryImageOfPage":{"@id":"https:\/\/aceweb.cat\/es\/producto\/quaderns-destructures-38\/#primaryimage"},"image":{"@id":"https:\/\/aceweb.cat\/es\/producto\/quaderns-destructures-38\/#primaryimage"},"thumbnailUrl":"https:\/\/aceweb.cat\/wp-content\/uploads\/2023\/02\/ACE-Quaderns-Estructures-038.jpg","datePublished":"2022-12-22T10:00:25+00:00","dateModified":"2023-03-22T15:56:44+00:00","description":"Revista n\u00ba 38 con art\u00edculos de actualidad que tratan sobre la construcci\u00f3n de estructuras y que publica la Asociaci\u00f3n de Consultores de Estructuras (ACE).","breadcrumb":{"@id":"https:\/\/aceweb.cat\/es\/producto\/quaderns-destructures-38\/#breadcrumb"},"inLanguage":"es","potentialAction":[{"@type":"ReadAction","target":["https:\/\/aceweb.cat\/es\/producto\/quaderns-destructures-38\/"]}]},{"@type":"ImageObject","inLanguage":"es","@id":"https:\/\/aceweb.cat\/es\/producto\/quaderns-destructures-38\/#primaryimage","url":"https:\/\/aceweb.cat\/wp-content\/uploads\/2023\/02\/ACE-Quaderns-Estructures-038.jpg","contentUrl":"https:\/\/aceweb.cat\/wp-content\/uploads\/2023\/02\/ACE-Quaderns-Estructures-038.jpg","width":724,"height":1024},{"@type":"BreadcrumbList","@id":"https:\/\/aceweb.cat\/es\/producto\/quaderns-destructures-38\/#breadcrumb","itemListElement":[{"@type":"ListItem","position":1,"name":"Inici","item":"https:\/\/aceweb.cat\/"},{"@type":"ListItem","position":2,"name":"Tienda","item":"https:\/\/aceweb.cat\/es\/tienda\/"},{"@type":"ListItem","position":3,"name":"Quadern d\u2019Estructures","item":"https:\/\/aceweb.cat\/es\/categoria-producto\/cuaderno-de-estructuras\/"},{"@type":"ListItem","position":4,"name":"Quaderns d&#8217;Estructures 38"}]},{"@type":"WebSite","@id":"https:\/\/aceweb.cat\/#website","url":"https:\/\/aceweb.cat\/","name":"ACE","description":"Associaci\u00f3 de Consultors d&#039;Estructures | ACE","publisher":{"@id":"https:\/\/aceweb.cat\/#organization"},"alternateName":"ACE","potentialAction":[{"@type":"SearchAction","target":{"@type":"EntryPoint","urlTemplate":"https:\/\/aceweb.cat\/?s={search_term_string}"},"query-input":{"@type":"PropertyValueSpecification","valueRequired":true,"valueName":"search_term_string"}}],"inLanguage":"es"},{"@type":"Organization","@id":"https:\/\/aceweb.cat\/#organization","name":"ACE","alternateName":"ACE","url":"https:\/\/aceweb.cat\/","logo":{"@type":"ImageObject","inLanguage":"es","@id":"https:\/\/aceweb.cat\/#\/schema\/logo\/image\/","url":"https:\/\/aceweb.cat\/wp-content\/uploads\/2022\/10\/logo.svg","contentUrl":"https:\/\/aceweb.cat\/wp-content\/uploads\/2022\/10\/logo.svg","width":1,"height":1,"caption":"ACE"},"image":{"@id":"https:\/\/aceweb.cat\/#\/schema\/logo\/image\/"}}]}},"_links":{"self":[{"href":"https:\/\/aceweb.cat\/es\/wp-json\/wp\/v2\/product\/39817","targetHints":{"allow":["GET"]}}],"collection":[{"href":"https:\/\/aceweb.cat\/es\/wp-json\/wp\/v2\/product"}],"about":[{"href":"https:\/\/aceweb.cat\/es\/wp-json\/wp\/v2\/types\/product"}],"version-history":[{"count":1,"href":"https:\/\/aceweb.cat\/es\/wp-json\/wp\/v2\/product\/39817\/revisions"}],"predecessor-version":[{"id":41019,"href":"https:\/\/aceweb.cat\/es\/wp-json\/wp\/v2\/product\/39817\/revisions\/41019"}],"wp:featuredmedia":[{"embeddable":true,"href":"https:\/\/aceweb.cat\/es\/wp-json\/wp\/v2\/media\/37924"}],"wp:attachment":[{"href":"https:\/\/aceweb.cat\/es\/wp-json\/wp\/v2\/media?parent=39817"}],"wp:term":[{"taxonomy":"product_brand","embeddable":true,"href":"https:\/\/aceweb.cat\/es\/wp-json\/wp\/v2\/product_brand?post=39817"},{"taxonomy":"product_cat","embeddable":true,"href":"https:\/\/aceweb.cat\/es\/wp-json\/wp\/v2\/product_cat?post=39817"},{"taxonomy":"product_tag","embeddable":true,"href":"https:\/\/aceweb.cat\/es\/wp-json\/wp\/v2\/product_tag?post=39817"}],"curies":[{"name":"wp","href":"https:\/\/api.w.org\/{rel}","templated":true}]}}