{"id":39820,"date":"2022-12-23T10:00:03","date_gmt":"2022-12-23T10:00:03","guid":{"rendered":"https:\/\/www.aceweb.advertis.es\/producto\/quaderns-destructures-39\/"},"modified":"2023-03-22T15:56:58","modified_gmt":"2023-03-22T15:56:58","slug":"quaderns-destructures-39","status":"publish","type":"product","link":"https:\/\/aceweb.cat\/es\/producto\/quaderns-destructures-39\/","title":{"rendered":"Quaderns d&#8217;Estructures 39"},"content":{"rendered":"<p>Este n\u00famero incluye:<\/p>\n<h2><strong>1. Editorial<\/strong><\/h2>\n<p>Art\u00edculo redactado por\u00a0<b>MART\u00cd CABESTANY<\/b>. Descarga la revista para conocer las revisiones internas de los proyectos de los asociados:<\/p>\n<p><em>\u201cAhora hace casi un a\u00f1o que me van planteando ser el jefe de la comisi\u00f3n de control, como todos sab\u00e9is un grupo de asociados que forman parte de la comisi\u00f3n t\u00e9cnica y tiene como objetivo la revisi\u00f3n interna cualitativa de los proyectos de los asociados. Este grupo inici\u00f3 sus trabajos hace seis a\u00f1os, en enero de 2005, estableciendo unos criterios internos para la revisi\u00f3n de los proyectos.<\/em><\/p>\n<p><em>Normalmente los controles, en la mayor\u00eda de los asociados, son positivos y el acta correspondiente va acompa\u00f1ada de una serie de comentarios para mejorar los proyectos del asociado revisado.<\/em><\/p>\n<p><em>Los problemas ocurren cuando un proyecto es negativo, empezando ya por el debate interno de la comisi\u00f3n. Debe entenderse que el hecho de que un proyecto sea considerado negativo no implica que se tenga que renunciar a la asociaci\u00f3n, simplemente que debe hacerse llegar otro proyecto para su evaluaci\u00f3n.\u201d<\/em> <\/p>\n<h2><strong>2. Forjados unidireccionales existentes, una propuesta de validaci\u00f3n anal\u00edtica.<\/strong><\/h2>\n<p>Art\u00edculo redactado por\u00a0<b>JOSEP M. GENESC\u00c0<\/b>\u00a0y\u00a0<b>MARCEL CRUELLS<\/b>. Descarga la revista para conocer el an\u00e1lisis de las validaciones en los forjados unidireccionales.<\/p>\n<p><em>\u201c\u00bfPor qu\u00e9 con tanta frecuencia los forjados unidireccionales existentes, cuyo an\u00e1lisis no ha permitido ser validado, se les clasifica como id\u00f3neos cuando se les somete a una prueba de carga? La respuesta es sencilla. Cuando se proyectaron se consider\u00f3 que el \u00fanico elemento mec\u00e1nicamente colaborante era la vigueta o nervio, considerando que los dem\u00e1s elementos constituyentes s\u00f3lo ten\u00edan una misi\u00f3n de implementer\u00eda. En realidad, el forjado est\u00e1 constituido por los siguientes elementos:<\/em><\/p>\n<ul>\n<li><em>La vigueta o nervio mec\u00e1nicamente activo.<\/em><\/li>\n<li><em>El aligerado.<\/em><\/li>\n<li><em>El seno o material que llena el espacio entre la vigueta y el aligerado.<\/em><\/li>\n<li><em>La capa de compresi\u00f3n o losa superior hormigonada en obra.<\/em><\/li>\n<li><em>El pavimento y su material de uni\u00f3n o \u00fanicamente el material de uni\u00f3n del pavimento.<\/em><\/li>\n<\/ul>\n<p><em>En este estudio, definiremos forjado como un sistema resistente plano, unidireccional, principalmente sometido a flexi\u00f3n simple, cuyo elemento resistente principal puede ser de madera, acero laminado, hormig\u00f3n armado o pretensado, y los materiales acompa\u00f1antes del cual, aligerado, material de seno y material de uni\u00f3n del pavimento, pueden o no, colaborar mec\u00e1nicamente con el elemento resistente principal.\u201d<\/em><\/p>\n<h2><strong>3. Una nueva normativa para la rehabilitaci\u00f3n: \u00bfuna necesidad?<\/strong><\/h2>\n<p>Art\u00edculo redactado por\u00a0<strong>JORDI MARISTANY Y CARRERAS<\/strong>. Descarga la revista para conocer la necesidad de una nueva normativa dentro del campo de la rehabilitaci\u00f3n.<\/p>\n<p><em>\u201cEl fuerte baj\u00f3n de la obra nueva con todo lo que implica por buena parte de los despachos profesionales explica que muchas miradas apunten en otras alternativas laborales como el campo de la rehabilitaci\u00f3n. Se oyen voces que reclaman nuevas regulaciones de esta especialidad. Nos movemos en tiempos de incertidumbres y de un cierto impasse que ser\u00eda bueno aprovechar para revisar algunas de las formas de trabajar de los \u00faltimos a\u00f1os. Nunca por ahora se ha visto la necesidad de afinar para que los costes de construcci\u00f3n no graven a\u00fan m\u00e1s los precios finales de las viviendas o de las obras en general. Para ilustrar algunas de las reflexiones que hago en el presente art\u00edculo se analiza c\u00f3mo ser\u00eda la aplicaci\u00f3n de la normativa actual en un edificio cualquiera de los que nuestros antepasados de la profesi\u00f3n levantaron nada menos que en el Eixample de Barcelona.\u201d<\/em><\/p>\n<h2><strong>4. Singularidades en el proyecto de cimentaciones profundas con pilotes prefabricados clavados<\/strong><\/h2>\n<p>Art\u00edculo redactado por\u00a0<strong>EDUARDO MANZANO ARROYO<\/strong>. Descarga la revista para conocer las singularidades en los proyectos de cimentaciones profundas con pilotes prefabricados.<\/p>\n<p><em>\u201cLos pilotes clavados son, a diferencia de los ejecutados in-situ, que se han desarrollado mucho m\u00e1s recientemente, el tipo m\u00e1s antiguo de piloto. Ya en tiempos de los romanos se utilizaban con profusi\u00f3n rollos de madera clavados como medio para mejorar los cimientos de los edificios; as\u00ed, el ejemplo m\u00e1s antiguo documentado de pilotes de madera se localiza en \u00c9feso (Turqu\u00eda) donde se construy\u00f3 un gran templo sobre ellos en torno al a\u00f1o 600 a. C. que sigue conservando su cimentaci\u00f3n original en buen estado (los pilotos de madera presentan gran durabilidad en suelos permanentemente saturados), y abundan en Centroeuropa y Am\u00e9rica del Norte (Venecia, Amsterdam, M\u00e9xico, EE.UU.), donde cuando por disponibilidad y econom\u00eda todav\u00eda se utilizan actualmente en determinadas ocasiones.<\/em><\/p>\n<p><em>La tecnolog\u00eda moderna del hormig\u00f3n y de los procesos de prefabricaci\u00f3n, de los equipos de clavado, as\u00ed como las actualizaciones normativas en materia de cimentaciones (euroc\u00f3digos, normas UNE-EN de trabajos geot\u00e9cnicos especiales y de marcado CE de productos de construcci\u00f3n, CTE, Gu\u00eda de Cimentaciones en Obras de Carretera, ROM 0.5, etc.) han impulsado el uso de los pilotos prefabricados tal y como hoy los conocemos, si bien, todav\u00eda, por la dificultad de incluir en textos sencillos la variabilidad casu\u00edstica de la geotecnia y las cimentaciones, con su elevado car\u00e1cter emp\u00edrico, hay demasiadas ambig\u00fcedades y queda camino por recorrer hasta que estas actividades sean convenientemente normalizadas. \u201d<\/em><\/p>\n<h2><strong>5. Gaud\u00ed y el enigma del conjunto modernista de los jardines del antiguo \u00abManicomio de Sant Boi\u00bb<\/strong><\/h2>\n<p>Art\u00edculo redactado por\u00a0<b>DAVID AGULL\u00d3 GALILEA<\/b>. Descarga la revista para conocer el conjunto modernista del Manicomio de Sant Boi.<\/p>\n<p><em>\u201cMuy cerca de Barcelona, en los jardines del recinto del Parque Sanitario San Juan de Dios de Sant Boi de Llobregat, y donde hace cien a\u00f1os se ubicaba el antiguo \u00abManicomio de Sant Boi\u00bb, se conserva un conjunto arquitect\u00f3nico modernista que ha llegado a nuestros d\u00edas pr\u00e1cticamente como una obra desconocida y sin autor\u00eda reconocida. Documentaci\u00f3n escrita y fotograf\u00edas recopiladas demuestran que la intervenci\u00f3n modernista en los jardines de este recinto fue de mayor envergadura de lo que actualmente se conserva, construy\u00e9ndose, desde 1903 y hasta 1912, fuentes, bancos, plazoletas\u2026 algunas hoy en d\u00eda desaparecidas. <\/em><\/p>\n<p><em>El conjunto modernista de los jardines del antiguo \u00abManicomio de Sant Boi\u00bb contiene unos elementos arquitect\u00f3nicos con unas caracter\u00edsticas formales y un contenido simb\u00f3lico an\u00e1logos o equivalentes a diferentes partes de algunas de las m\u00e1s importantes obras que\u00a0<a href=\"https:\/\/es.wikipedia.org\/wiki\/Antoni_Gaud%C3%AD_i_Cornet\" target=\"_blank\" rel=\"noopener noreferrer\">Gaud\u00ed<\/a>\u00a0estaba construyendo, en el mismo per\u00edodo de tiempo o inmediatamente despu\u00e9s de haberse finalizado esta obra. Encontramos aqu\u00ed, entre otros y a modo de un esbozo materializado y contra\u00eddo en una imagen, una anticipaci\u00f3n de los techos de las naves del templo de la Sagrada Familia (1915-1921), la estructura compositiva de la planta de la cripta de la Colonia G\u00fcell (1908-1915), aspectos formales de la casa Mil\u00e1n (1906-1912) y la secci\u00f3n y quebradizos del banco serpentino del Park G\u00fcell (1911-1913).\u201d<\/em><\/p>\n<h2><strong>6. Miscel\u00e1nea<\/strong><\/h2>\n<p>Rese\u00f1a encuentro junta directiva-socios protectores del ACE.<\/p>\n<h2><strong>7. Lista de miembros de la asociaci\u00f3n<\/strong><\/h2>\n<p>Conoce a los\u00a0miembros\u00a0de la Asociaci\u00f3n Consultores de Estructuras. Podr\u00e1s ver a los nuevos integrantes que participan por el reconocimiento de la profesi\u00f3n dentro del mundo de la construcci\u00f3n.<\/p>\n","protected":false},"excerpt":{"rendered":"<ul>\n<li>1. Editorial<\/li>\n<li>2. Forjados unidireccionales existentes, una propuesta de validaci\u00f3n anal\u00edtica.<\/li>\n<li>3. Una nueva normativa para la rehabilitaci\u00f3n: \u00bfuna necesidad?<\/li>\n<li>4. Singularidades en el proyecto de cimentaciones profundas con pilotes prefabricados clavados<\/li>\n<li>5. Gaud\u00ed y el enigma del conjunto modernista de los jardines del antiguo \u00abManicomio de Sant Boi\u00bb<\/li>\n<li>6. Miscel\u00e1nea<\/li>\n<li>7. Lista de miembros de la Asociaci\u00f3n<\/li>\n<\/ul>\n","protected":false},"featured_media":37911,"template":"","meta":{"_acf_changed":false,"site-sidebar-layout":"default","site-content-layout":"default","ast-global-header-display":"","ast-main-header-display":"","ast-hfb-above-header-display":"","ast-hfb-below-header-display":"","ast-hfb-mobile-header-display":"","site-post-title":"","ast-breadcrumbs-content":"","ast-featured-img":"","footer-sml-layout":"","theme-transparent-header-meta":"default","adv-header-id-meta":"","stick-header-meta":"","header-above-stick-meta":"","header-main-stick-meta":"","header-below-stick-meta":""},"product_brand":[],"product_cat":[595],"product_tag":[],"class_list":{"0":"post-39820","1":"product","2":"type-product","3":"status-publish","4":"has-post-thumbnail","6":"product_cat-cuaderno-de-estructuras","7":"desktop-align-left","8":"tablet-align-left","9":"mobile-align-left","11":"first","12":"instock","13":"taxable","14":"shipping-taxable","15":"purchasable","16":"product-type-variable","17":"has-default-attributes"},"acf":[],"yoast_head":"<!-- This site is optimized with the Yoast SEO plugin v27.1.1 - https:\/\/yoast.com\/product\/yoast-seo-wordpress\/ -->\n<title>Quaderns d&#039;Estructures 39 | ACE<\/title>\n<meta name=\"description\" content=\"Revista n\u00ba 39 con art\u00edculos de actualidad que tratan sobre la construcci\u00f3n de estructuras y que publica la Asociaci\u00f3n de Consultores de Estructuras (ACE).\" \/>\n<meta name=\"robots\" content=\"index, follow, max-snippet:-1, max-image-preview:large, max-video-preview:-1\" \/>\n<link rel=\"canonical\" href=\"https:\/\/aceweb.cat\/es\/producto\/quaderns-destructures-39\/\" \/>\n<meta property=\"og:locale\" content=\"es_ES\" \/>\n<meta property=\"og:type\" content=\"article\" \/>\n<meta property=\"og:title\" content=\"Quaderns d&#039;Estructures 39 | ACE\" \/>\n<meta property=\"og:description\" content=\"Revista n\u00ba 39 con art\u00edculos de actualidad que tratan sobre la construcci\u00f3n de estructuras y que publica la Asociaci\u00f3n de Consultores de Estructuras (ACE).\" \/>\n<meta property=\"og:url\" content=\"https:\/\/aceweb.cat\/es\/producto\/quaderns-destructures-39\/\" \/>\n<meta property=\"og:site_name\" content=\"aceweb.cat\" \/>\n<meta property=\"article:modified_time\" content=\"2023-03-22T15:56:58+00:00\" \/>\n<meta property=\"og:image\" content=\"https:\/\/aceweb.cat\/wp-content\/uploads\/2023\/02\/ACE-Quaderns-Estructures-039.jpg\" \/>\n\t<meta property=\"og:image:width\" content=\"724\" \/>\n\t<meta property=\"og:image:height\" content=\"1024\" \/>\n\t<meta property=\"og:image:type\" content=\"image\/jpeg\" \/>\n<meta name=\"twitter:card\" content=\"summary_large_image\" \/>\n<meta name=\"twitter:label1\" content=\"Tiempo de lectura\" \/>\n\t<meta name=\"twitter:data1\" content=\"6 minutos\" \/>\n<script type=\"application\/ld+json\" class=\"yoast-schema-graph\">{\"@context\":\"https:\/\/schema.org\",\"@graph\":[{\"@type\":\"WebPage\",\"@id\":\"https:\/\/aceweb.cat\/es\/producto\/quaderns-destructures-39\/\",\"url\":\"https:\/\/aceweb.cat\/es\/producto\/quaderns-destructures-39\/\",\"name\":\"Quaderns d'Estructures 39 | ACE\",\"isPartOf\":{\"@id\":\"https:\/\/aceweb.cat\/#website\"},\"primaryImageOfPage\":{\"@id\":\"https:\/\/aceweb.cat\/es\/producto\/quaderns-destructures-39\/#primaryimage\"},\"image\":{\"@id\":\"https:\/\/aceweb.cat\/es\/producto\/quaderns-destructures-39\/#primaryimage\"},\"thumbnailUrl\":\"https:\/\/aceweb.cat\/wp-content\/uploads\/2023\/02\/ACE-Quaderns-Estructures-039.jpg\",\"datePublished\":\"2022-12-23T10:00:03+00:00\",\"dateModified\":\"2023-03-22T15:56:58+00:00\",\"description\":\"Revista n\u00ba 39 con art\u00edculos de actualidad que tratan sobre la construcci\u00f3n de estructuras y que publica la Asociaci\u00f3n de Consultores de Estructuras (ACE).\",\"breadcrumb\":{\"@id\":\"https:\/\/aceweb.cat\/es\/producto\/quaderns-destructures-39\/#breadcrumb\"},\"inLanguage\":\"es\",\"potentialAction\":[{\"@type\":\"ReadAction\",\"target\":[\"https:\/\/aceweb.cat\/es\/producto\/quaderns-destructures-39\/\"]}]},{\"@type\":\"ImageObject\",\"inLanguage\":\"es\",\"@id\":\"https:\/\/aceweb.cat\/es\/producto\/quaderns-destructures-39\/#primaryimage\",\"url\":\"https:\/\/aceweb.cat\/wp-content\/uploads\/2023\/02\/ACE-Quaderns-Estructures-039.jpg\",\"contentUrl\":\"https:\/\/aceweb.cat\/wp-content\/uploads\/2023\/02\/ACE-Quaderns-Estructures-039.jpg\",\"width\":724,\"height\":1024},{\"@type\":\"BreadcrumbList\",\"@id\":\"https:\/\/aceweb.cat\/es\/producto\/quaderns-destructures-39\/#breadcrumb\",\"itemListElement\":[{\"@type\":\"ListItem\",\"position\":1,\"name\":\"Inici\",\"item\":\"https:\/\/aceweb.cat\/\"},{\"@type\":\"ListItem\",\"position\":2,\"name\":\"Tienda\",\"item\":\"https:\/\/aceweb.cat\/es\/tienda\/\"},{\"@type\":\"ListItem\",\"position\":3,\"name\":\"Quadern d\u2019Estructures\",\"item\":\"https:\/\/aceweb.cat\/es\/categoria-producto\/cuaderno-de-estructuras\/\"},{\"@type\":\"ListItem\",\"position\":4,\"name\":\"Quaderns d&#8217;Estructures 39\"}]},{\"@type\":\"WebSite\",\"@id\":\"https:\/\/aceweb.cat\/#website\",\"url\":\"https:\/\/aceweb.cat\/\",\"name\":\"ACE\",\"description\":\"Associaci\u00f3 de Consultors d&#039;Estructures | ACE\",\"publisher\":{\"@id\":\"https:\/\/aceweb.cat\/#organization\"},\"alternateName\":\"ACE\",\"potentialAction\":[{\"@type\":\"SearchAction\",\"target\":{\"@type\":\"EntryPoint\",\"urlTemplate\":\"https:\/\/aceweb.cat\/?s={search_term_string}\"},\"query-input\":{\"@type\":\"PropertyValueSpecification\",\"valueRequired\":true,\"valueName\":\"search_term_string\"}}],\"inLanguage\":\"es\"},{\"@type\":\"Organization\",\"@id\":\"https:\/\/aceweb.cat\/#organization\",\"name\":\"ACE\",\"alternateName\":\"ACE\",\"url\":\"https:\/\/aceweb.cat\/\",\"logo\":{\"@type\":\"ImageObject\",\"inLanguage\":\"es\",\"@id\":\"https:\/\/aceweb.cat\/#\/schema\/logo\/image\/\",\"url\":\"https:\/\/aceweb.cat\/wp-content\/uploads\/2022\/10\/logo.svg\",\"contentUrl\":\"https:\/\/aceweb.cat\/wp-content\/uploads\/2022\/10\/logo.svg\",\"width\":1,\"height\":1,\"caption\":\"ACE\"},\"image\":{\"@id\":\"https:\/\/aceweb.cat\/#\/schema\/logo\/image\/\"}}]}<\/script>\n<!-- \/ Yoast SEO plugin. -->","yoast_head_json":{"title":"Quaderns d'Estructures 39 | ACE","description":"Revista n\u00ba 39 con art\u00edculos de actualidad que tratan sobre la construcci\u00f3n de estructuras y que publica la Asociaci\u00f3n de Consultores de Estructuras (ACE).","robots":{"index":"index","follow":"follow","max-snippet":"max-snippet:-1","max-image-preview":"max-image-preview:large","max-video-preview":"max-video-preview:-1"},"canonical":"https:\/\/aceweb.cat\/es\/producto\/quaderns-destructures-39\/","og_locale":"es_ES","og_type":"article","og_title":"Quaderns d'Estructures 39 | ACE","og_description":"Revista n\u00ba 39 con art\u00edculos de actualidad que tratan sobre la construcci\u00f3n de estructuras y que publica la Asociaci\u00f3n de Consultores de Estructuras (ACE).","og_url":"https:\/\/aceweb.cat\/es\/producto\/quaderns-destructures-39\/","og_site_name":"aceweb.cat","article_modified_time":"2023-03-22T15:56:58+00:00","og_image":[{"width":724,"height":1024,"url":"https:\/\/aceweb.cat\/wp-content\/uploads\/2023\/02\/ACE-Quaderns-Estructures-039.jpg","type":"image\/jpeg"}],"twitter_card":"summary_large_image","twitter_misc":{"Tiempo de lectura":"6 minutos"},"schema":{"@context":"https:\/\/schema.org","@graph":[{"@type":"WebPage","@id":"https:\/\/aceweb.cat\/es\/producto\/quaderns-destructures-39\/","url":"https:\/\/aceweb.cat\/es\/producto\/quaderns-destructures-39\/","name":"Quaderns d'Estructures 39 | ACE","isPartOf":{"@id":"https:\/\/aceweb.cat\/#website"},"primaryImageOfPage":{"@id":"https:\/\/aceweb.cat\/es\/producto\/quaderns-destructures-39\/#primaryimage"},"image":{"@id":"https:\/\/aceweb.cat\/es\/producto\/quaderns-destructures-39\/#primaryimage"},"thumbnailUrl":"https:\/\/aceweb.cat\/wp-content\/uploads\/2023\/02\/ACE-Quaderns-Estructures-039.jpg","datePublished":"2022-12-23T10:00:03+00:00","dateModified":"2023-03-22T15:56:58+00:00","description":"Revista n\u00ba 39 con art\u00edculos de actualidad que tratan sobre la construcci\u00f3n de estructuras y que publica la Asociaci\u00f3n de Consultores de Estructuras (ACE).","breadcrumb":{"@id":"https:\/\/aceweb.cat\/es\/producto\/quaderns-destructures-39\/#breadcrumb"},"inLanguage":"es","potentialAction":[{"@type":"ReadAction","target":["https:\/\/aceweb.cat\/es\/producto\/quaderns-destructures-39\/"]}]},{"@type":"ImageObject","inLanguage":"es","@id":"https:\/\/aceweb.cat\/es\/producto\/quaderns-destructures-39\/#primaryimage","url":"https:\/\/aceweb.cat\/wp-content\/uploads\/2023\/02\/ACE-Quaderns-Estructures-039.jpg","contentUrl":"https:\/\/aceweb.cat\/wp-content\/uploads\/2023\/02\/ACE-Quaderns-Estructures-039.jpg","width":724,"height":1024},{"@type":"BreadcrumbList","@id":"https:\/\/aceweb.cat\/es\/producto\/quaderns-destructures-39\/#breadcrumb","itemListElement":[{"@type":"ListItem","position":1,"name":"Inici","item":"https:\/\/aceweb.cat\/"},{"@type":"ListItem","position":2,"name":"Tienda","item":"https:\/\/aceweb.cat\/es\/tienda\/"},{"@type":"ListItem","position":3,"name":"Quadern d\u2019Estructures","item":"https:\/\/aceweb.cat\/es\/categoria-producto\/cuaderno-de-estructuras\/"},{"@type":"ListItem","position":4,"name":"Quaderns d&#8217;Estructures 39"}]},{"@type":"WebSite","@id":"https:\/\/aceweb.cat\/#website","url":"https:\/\/aceweb.cat\/","name":"ACE","description":"Associaci\u00f3 de Consultors d&#039;Estructures | ACE","publisher":{"@id":"https:\/\/aceweb.cat\/#organization"},"alternateName":"ACE","potentialAction":[{"@type":"SearchAction","target":{"@type":"EntryPoint","urlTemplate":"https:\/\/aceweb.cat\/?s={search_term_string}"},"query-input":{"@type":"PropertyValueSpecification","valueRequired":true,"valueName":"search_term_string"}}],"inLanguage":"es"},{"@type":"Organization","@id":"https:\/\/aceweb.cat\/#organization","name":"ACE","alternateName":"ACE","url":"https:\/\/aceweb.cat\/","logo":{"@type":"ImageObject","inLanguage":"es","@id":"https:\/\/aceweb.cat\/#\/schema\/logo\/image\/","url":"https:\/\/aceweb.cat\/wp-content\/uploads\/2022\/10\/logo.svg","contentUrl":"https:\/\/aceweb.cat\/wp-content\/uploads\/2022\/10\/logo.svg","width":1,"height":1,"caption":"ACE"},"image":{"@id":"https:\/\/aceweb.cat\/#\/schema\/logo\/image\/"}}]}},"_links":{"self":[{"href":"https:\/\/aceweb.cat\/es\/wp-json\/wp\/v2\/product\/39820","targetHints":{"allow":["GET"]}}],"collection":[{"href":"https:\/\/aceweb.cat\/es\/wp-json\/wp\/v2\/product"}],"about":[{"href":"https:\/\/aceweb.cat\/es\/wp-json\/wp\/v2\/types\/product"}],"version-history":[{"count":1,"href":"https:\/\/aceweb.cat\/es\/wp-json\/wp\/v2\/product\/39820\/revisions"}],"predecessor-version":[{"id":41020,"href":"https:\/\/aceweb.cat\/es\/wp-json\/wp\/v2\/product\/39820\/revisions\/41020"}],"wp:featuredmedia":[{"embeddable":true,"href":"https:\/\/aceweb.cat\/es\/wp-json\/wp\/v2\/media\/37911"}],"wp:attachment":[{"href":"https:\/\/aceweb.cat\/es\/wp-json\/wp\/v2\/media?parent=39820"}],"wp:term":[{"taxonomy":"product_brand","embeddable":true,"href":"https:\/\/aceweb.cat\/es\/wp-json\/wp\/v2\/product_brand?post=39820"},{"taxonomy":"product_cat","embeddable":true,"href":"https:\/\/aceweb.cat\/es\/wp-json\/wp\/v2\/product_cat?post=39820"},{"taxonomy":"product_tag","embeddable":true,"href":"https:\/\/aceweb.cat\/es\/wp-json\/wp\/v2\/product_tag?post=39820"}],"curies":[{"name":"wp","href":"https:\/\/api.w.org\/{rel}","templated":true}]}}