{"id":39823,"date":"2022-12-24T10:00:43","date_gmt":"2022-12-24T10:00:43","guid":{"rendered":"https:\/\/www.aceweb.advertis.es\/producto\/quaderns-destructures-40\/"},"modified":"2023-03-22T15:57:20","modified_gmt":"2023-03-22T15:57:20","slug":"quaderns-destructures-40","status":"publish","type":"product","link":"https:\/\/aceweb.cat\/es\/producto\/quaderns-destructures-40\/","title":{"rendered":"Quaderns d&#8217;Estructures 40"},"content":{"rendered":"<p>Este n\u00famero incluye:<\/p>\n<h2><strong>1. Editorial<\/strong><\/h2>\n<p>Art\u00edculo redactado por\u00a0<b>ANTONI MASSAGU\u00c9<\/b>. Descarga la revista para conocer las primeras impresiones como nuevo presidente de la Asociaci\u00f3n:<\/p>\n<p><em>\u201cAhora hace 7 a\u00f1os que, una vez cumplido el ciclo de Josep Maria Valeri como Presidente de nuestra Asociaci\u00f3n, mis compa\u00f1eros de Junta me pidieron que tomara yo la presidencia. Siempre hab\u00eda estado en la Junta Directiva, pero nunca me hab\u00eda planteado la responsabilidad de presidirla. Debo decir que, aunque ped\u00ed un tiempo para pensarlo, apenas me dieron opci\u00f3n. Robert, Jordi, David, Antoni y Berna me animaron a tomar las riendas d\u00e1ndome su apoyo.<\/em><\/p>\n<p><em>Josep Maria hab\u00eda puesto muy alto el list\u00f3n y se trataba de continuar su labor y tambi\u00e9n, porque no, de intentar superarla. Nos pusimos a trabajar enseguida. Pens\u00e1bamos en una Junta donde la experiencia y la juventud fueran de la mano. Tambi\u00e9n pensamos que el empuje y el crecimiento de la asociaci\u00f3n requer\u00edan unas tareas espec\u00edficas seg\u00fan lo que hici\u00e9ramos.\u201d<\/em><\/p>\n<h2><strong>2. C\u00fapula de Las Arenas<\/strong><\/h2>\n<p>Art\u00edculo redactado por\u00a0<b>DAVID RIF\u00c0<\/b>. Descarga la revista para conocer el proyecto de adecuaci\u00f3n de la antigua plaza de toros\u00a0<a href=\"https:\/\/es.wikipedia.org\/wiki\/Les_Arenes_(centro_comercial)\" target=\"_blank\" rel=\"noopener noreferrer\">Las Arenas<\/a>.<\/p>\n<p><em>\u201cEl proyecto consiste en la adecuaci\u00f3n de la antigua plaza de toros, en un moderno centro de ocio. Manteniendo la fachada original de estilo neomud\u00e9jar del siglo XIX. Proyecto de Richard Rogers y Alonso &amp; Balaguer Arquitectos, Estructura; BOMA y KV.<\/em><\/p>\n<p><em>El proyecto consiste en 4 plantas de parking bajo rasante, cuatro niveles de tiendas y cines, en estructura de hormig\u00f3n. La estructura met\u00e1lica, que conforma el dish del nivel cinco, soportada por pilares met\u00e1licos directamente al nivel O. Sobre la estructura met\u00e1lica del dish del nivel 5 se sit\u00faan los pilares en boomerang que apoyan el anillo met\u00e1lico lico (anillo 8) sobre el que se apoya la estructura de madera. La altura de la c\u00fapula vino acondicionada por cuestiones urban\u00edsticas, siendo la altura desde el nivel 5 a la cumbre de 11 m, con una altura de pilares de 3 m.\u201d<\/em><\/p>\n<h2><strong>3. Ingenier\u00eda y cooperaci\u00f3n<\/strong><\/h2>\n<p>Art\u00edculo redactado por\u00a0<b>ENRIC JERCAVINS Y VALLS<\/b>. Descarga la revista para presentar la Asociaci\u00f3n Catalana de Ingenier\u00eda Sin Fronteras (ISF).<\/p>\n<p><em>\u201cLa Asociaci\u00f3n Catalana de Ingenier\u00eda Sin Fronteras (ISF) es una asociaci\u00f3n multidisciplinar formada por profesionales, docentes y estudiantes, que trabaja la interrelaci\u00f3n entre la ingenier\u00eda y la cooperaci\u00f3n, ya sea a trav\u00e9s de formaci\u00f3n y sensibilizaci\u00f3n en el \u00e1mbito universitario y profesional, como mediante proyectos de desarrollo en los pa\u00edses empobrecidos.<\/em><\/p>\n<p><em>ISF entiende la Cooperaci\u00f3n como un intercambio basado en la solidaridad, con el consecuente beneficio mutuo, y el desarrollo como un proceso en evoluci\u00f3n, interdependiente y sostenible, que no puede imponer limitaciones a las diferentes culturas y que debe contribuir a aumentar la participaci\u00f3n ciudadana y el papel de la sociedad civil.\u201d<\/em><\/p>\n<h2><strong>4. Carta<\/strong><\/h2>\n<p>Art\u00edculo redactado por\u00a0<strong>JUAN JOS\u00c9 ROSAS ALAGUERO<\/strong>. Descarga la revista para conocer la visi\u00f3n particular de nuestra profesi\u00f3n de un asociado en ACE.<\/p>\n<p><em>\u201cMe permito escribir esta carta, tanto en mi calidad de profesional independiente de la consultor\u00eda geot\u00e9cnica, tarea esta \u00faltima que ejerzo estos \u00faltimos a\u00f1os de mis cerca de veinte a\u00f1os de profesi\u00f3n en el entorno de las cimentaciones especiales , como de socio de una peque\u00f1a empresa de cimentaciones (2Pe Pilotes, S.L.), empresa esta asociada a la ACE. Esto hace que me considere muy cerca de los asociados de ACE.<\/em><\/p>\n<p><em>En los \u00faltimos meses estoy viviendo situaciones relacionadas con las cimentaciones, que aunque previsibles en este entorno de crisis, no dejan de ser importantes, ya que en un futuro no lejano, con una probabilidad no aceptable, acabar\u00e1n en siniestros, los cuales, directa o indirectamente cargar\u00e1n sobre las espaldas de los profesionales responsables del dise\u00f1o o la direcci\u00f3n de los proyectos.\u201d<\/em><\/p>\n<h2><strong>5. Zapatas y losas<\/strong><\/h2>\n<p>Art\u00edculo redactado por\u00a0<b>JOS\u00c9 LUIS PEDRAZA<\/b>.<\/p>\n<h2><strong>6. El Arbitraje T\u00e9cnico<\/strong><\/h2>\n<p>Art\u00edculo redactado por\u00a0<strong>TRIBUNAL ARBITRAL DE CATALU\u00d1A<\/strong>. Descarga la revista para conocer el TATC como entidad de arbitraje.<\/p>\n<p><em>\u201cEl Tribunal Arbitral T\u00e9cnico de Catalu\u00f1a (TATC), entidad adscrita a la Fundaci\u00f3n Privada Catalana para el Arbitraje T\u00e9cnico (FPCAT) fue creada por los Colegios de Ingenieros Industriales, de Arquitectos y de &#8216;Economistas, a los que se incorporaron los Colegios de Ingenieros de Caminos, Canales y Puertos y el de Ingenieros de Telecomunicaciones de Catalu\u00f1a. Estas corporaciones consideraban que hac\u00eda falta un ente que impulsara el arbitraje como instrumento para resolver los conflictos de forma r\u00e1pida y econ\u00f3mica.<\/em><\/p>\n<p><em>Actualmente, son muchas las entidades que como la Asociaci\u00f3n de Consultores de Estructuras (ACE) est\u00e1n colaborando con el TATC como la C\u00e1mara Oficial de Contratistas de Obras de Catalu\u00f1a, la C\u00e1mara oficial de Comercio, Industria y Navegaci\u00f3n de Barcelona, PIMEC, UPM, la Asociaci\u00f3n de Empresas de Ingenier\u00eda y Consultor\u00eda Independientes de Catalu\u00f1a (ASINCA), el Gremio de Constructores de Obras de Barcelona y Comarcas, el Colegio de Mediadores de &#8216;Seguros, la Federaci\u00f3n Catalana de Empresarios Instaladores de Telecomunicaciones (FECEMINTE) o m\u00e1s recientemente CECOT.\u201d<\/em><\/p>\n<h2><strong>7. Miscel\u00e1nea<\/strong><\/h2>\n<p>Damos la bienvenida a los socios numerarios profesionales.<\/p>\n<h2><strong>8. Lista de miembros de la asociaci\u00f3n<\/strong><\/h2>\n<p>Conoce a los\u00a0miembros\u00a0de la Asociaci\u00f3n Consultores de Estructuras. Podr\u00e1s ver a los nuevos integrantes que participan por el reconocimiento de la profesi\u00f3n dentro del mundo de la construcci\u00f3n.<\/p>\n","protected":false},"excerpt":{"rendered":"<ul>\n<li>1. Editorial<\/li>\n<li>2. C\u00fapula de Las Arenas<\/li>\n<li>3. Ingenier\u00eda y cooperaci\u00f3n<\/li>\n<li>4. Carta<\/li>\n<li>5. Zapatas y losas<\/li>\n<li>6. El Arbitraje T\u00e9cnico<\/li>\n<li>7. Miscel\u00e1nea<\/li>\n<li>8. Lista de miembros de la Asociaci\u00f3n<\/li>\n<\/ul>\n","protected":false},"featured_media":37891,"template":"","meta":{"_acf_changed":false,"site-sidebar-layout":"default","site-content-layout":"default","ast-global-header-display":"","ast-main-header-display":"","ast-hfb-above-header-display":"","ast-hfb-below-header-display":"","ast-hfb-mobile-header-display":"","site-post-title":"","ast-breadcrumbs-content":"","ast-featured-img":"","footer-sml-layout":"","theme-transparent-header-meta":"default","adv-header-id-meta":"","stick-header-meta":"","header-above-stick-meta":"","header-main-stick-meta":"","header-below-stick-meta":""},"product_brand":[],"product_cat":[595],"product_tag":[],"class_list":{"0":"post-39823","1":"product","2":"type-product","3":"status-publish","4":"has-post-thumbnail","6":"product_cat-cuaderno-de-estructuras","7":"desktop-align-left","8":"tablet-align-left","9":"mobile-align-left","11":"first","12":"instock","13":"taxable","14":"shipping-taxable","15":"purchasable","16":"product-type-variable","17":"has-default-attributes"},"acf":[],"yoast_head":"<!-- This site is optimized with the Yoast SEO plugin v27.1.1 - https:\/\/yoast.com\/product\/yoast-seo-wordpress\/ -->\n<title>Quaderns d&#039;Estructures 40 | ACE<\/title>\n<meta name=\"description\" content=\"Revista n\u00ba 40 con art\u00edculos de actualidad que tratan sobre la construcci\u00f3n de estructuras y publica la Asociaci\u00f3n de Consultores de Estructuras (ACE).\" \/>\n<meta name=\"robots\" content=\"index, follow, max-snippet:-1, max-image-preview:large, max-video-preview:-1\" \/>\n<link rel=\"canonical\" href=\"https:\/\/aceweb.cat\/es\/producto\/quaderns-destructures-40\/\" \/>\n<meta property=\"og:locale\" content=\"es_ES\" \/>\n<meta property=\"og:type\" content=\"article\" \/>\n<meta property=\"og:title\" content=\"Quaderns d&#039;Estructures 40 | ACE\" \/>\n<meta property=\"og:description\" content=\"Revista n\u00ba 40 con art\u00edculos de actualidad que tratan sobre la construcci\u00f3n de estructuras y publica la Asociaci\u00f3n de Consultores de Estructuras (ACE).\" \/>\n<meta property=\"og:url\" content=\"https:\/\/aceweb.cat\/es\/producto\/quaderns-destructures-40\/\" \/>\n<meta property=\"og:site_name\" content=\"aceweb.cat\" \/>\n<meta property=\"article:modified_time\" content=\"2023-03-22T15:57:20+00:00\" \/>\n<meta property=\"og:image\" content=\"https:\/\/aceweb.cat\/wp-content\/uploads\/2023\/02\/ACE-Quaderns-Estructures-040.jpg\" \/>\n\t<meta property=\"og:image:width\" content=\"724\" \/>\n\t<meta property=\"og:image:height\" content=\"1024\" \/>\n\t<meta property=\"og:image:type\" content=\"image\/jpeg\" \/>\n<meta name=\"twitter:card\" content=\"summary_large_image\" \/>\n<meta name=\"twitter:label1\" content=\"Tiempo de lectura\" \/>\n\t<meta name=\"twitter:data1\" content=\"5 minutos\" \/>\n<script type=\"application\/ld+json\" class=\"yoast-schema-graph\">{\"@context\":\"https:\/\/schema.org\",\"@graph\":[{\"@type\":\"WebPage\",\"@id\":\"https:\/\/aceweb.cat\/es\/producto\/quaderns-destructures-40\/\",\"url\":\"https:\/\/aceweb.cat\/es\/producto\/quaderns-destructures-40\/\",\"name\":\"Quaderns d'Estructures 40 | ACE\",\"isPartOf\":{\"@id\":\"https:\/\/aceweb.cat\/#website\"},\"primaryImageOfPage\":{\"@id\":\"https:\/\/aceweb.cat\/es\/producto\/quaderns-destructures-40\/#primaryimage\"},\"image\":{\"@id\":\"https:\/\/aceweb.cat\/es\/producto\/quaderns-destructures-40\/#primaryimage\"},\"thumbnailUrl\":\"https:\/\/aceweb.cat\/wp-content\/uploads\/2023\/02\/ACE-Quaderns-Estructures-040.jpg\",\"datePublished\":\"2022-12-24T10:00:43+00:00\",\"dateModified\":\"2023-03-22T15:57:20+00:00\",\"description\":\"Revista n\u00ba 40 con art\u00edculos de actualidad que tratan sobre la construcci\u00f3n de estructuras y publica la Asociaci\u00f3n de Consultores de Estructuras (ACE).\",\"breadcrumb\":{\"@id\":\"https:\/\/aceweb.cat\/es\/producto\/quaderns-destructures-40\/#breadcrumb\"},\"inLanguage\":\"es\",\"potentialAction\":[{\"@type\":\"ReadAction\",\"target\":[\"https:\/\/aceweb.cat\/es\/producto\/quaderns-destructures-40\/\"]}]},{\"@type\":\"ImageObject\",\"inLanguage\":\"es\",\"@id\":\"https:\/\/aceweb.cat\/es\/producto\/quaderns-destructures-40\/#primaryimage\",\"url\":\"https:\/\/aceweb.cat\/wp-content\/uploads\/2023\/02\/ACE-Quaderns-Estructures-040.jpg\",\"contentUrl\":\"https:\/\/aceweb.cat\/wp-content\/uploads\/2023\/02\/ACE-Quaderns-Estructures-040.jpg\",\"width\":724,\"height\":1024},{\"@type\":\"BreadcrumbList\",\"@id\":\"https:\/\/aceweb.cat\/es\/producto\/quaderns-destructures-40\/#breadcrumb\",\"itemListElement\":[{\"@type\":\"ListItem\",\"position\":1,\"name\":\"Inici\",\"item\":\"https:\/\/aceweb.cat\/\"},{\"@type\":\"ListItem\",\"position\":2,\"name\":\"Tienda\",\"item\":\"https:\/\/aceweb.cat\/es\/tienda\/\"},{\"@type\":\"ListItem\",\"position\":3,\"name\":\"Quadern d\u2019Estructures\",\"item\":\"https:\/\/aceweb.cat\/es\/categoria-producto\/cuaderno-de-estructuras\/\"},{\"@type\":\"ListItem\",\"position\":4,\"name\":\"Quaderns d&#8217;Estructures 40\"}]},{\"@type\":\"WebSite\",\"@id\":\"https:\/\/aceweb.cat\/#website\",\"url\":\"https:\/\/aceweb.cat\/\",\"name\":\"ACE\",\"description\":\"Associaci\u00f3 de Consultors d&#039;Estructures | ACE\",\"publisher\":{\"@id\":\"https:\/\/aceweb.cat\/#organization\"},\"alternateName\":\"ACE\",\"potentialAction\":[{\"@type\":\"SearchAction\",\"target\":{\"@type\":\"EntryPoint\",\"urlTemplate\":\"https:\/\/aceweb.cat\/?s={search_term_string}\"},\"query-input\":{\"@type\":\"PropertyValueSpecification\",\"valueRequired\":true,\"valueName\":\"search_term_string\"}}],\"inLanguage\":\"es\"},{\"@type\":\"Organization\",\"@id\":\"https:\/\/aceweb.cat\/#organization\",\"name\":\"ACE\",\"alternateName\":\"ACE\",\"url\":\"https:\/\/aceweb.cat\/\",\"logo\":{\"@type\":\"ImageObject\",\"inLanguage\":\"es\",\"@id\":\"https:\/\/aceweb.cat\/#\/schema\/logo\/image\/\",\"url\":\"https:\/\/aceweb.cat\/wp-content\/uploads\/2022\/10\/logo.svg\",\"contentUrl\":\"https:\/\/aceweb.cat\/wp-content\/uploads\/2022\/10\/logo.svg\",\"width\":1,\"height\":1,\"caption\":\"ACE\"},\"image\":{\"@id\":\"https:\/\/aceweb.cat\/#\/schema\/logo\/image\/\"}}]}<\/script>\n<!-- \/ Yoast SEO plugin. -->","yoast_head_json":{"title":"Quaderns d'Estructures 40 | ACE","description":"Revista n\u00ba 40 con art\u00edculos de actualidad que tratan sobre la construcci\u00f3n de estructuras y publica la Asociaci\u00f3n de Consultores de Estructuras (ACE).","robots":{"index":"index","follow":"follow","max-snippet":"max-snippet:-1","max-image-preview":"max-image-preview:large","max-video-preview":"max-video-preview:-1"},"canonical":"https:\/\/aceweb.cat\/es\/producto\/quaderns-destructures-40\/","og_locale":"es_ES","og_type":"article","og_title":"Quaderns d'Estructures 40 | ACE","og_description":"Revista n\u00ba 40 con art\u00edculos de actualidad que tratan sobre la construcci\u00f3n de estructuras y publica la Asociaci\u00f3n de Consultores de Estructuras (ACE).","og_url":"https:\/\/aceweb.cat\/es\/producto\/quaderns-destructures-40\/","og_site_name":"aceweb.cat","article_modified_time":"2023-03-22T15:57:20+00:00","og_image":[{"width":724,"height":1024,"url":"https:\/\/aceweb.cat\/wp-content\/uploads\/2023\/02\/ACE-Quaderns-Estructures-040.jpg","type":"image\/jpeg"}],"twitter_card":"summary_large_image","twitter_misc":{"Tiempo de lectura":"5 minutos"},"schema":{"@context":"https:\/\/schema.org","@graph":[{"@type":"WebPage","@id":"https:\/\/aceweb.cat\/es\/producto\/quaderns-destructures-40\/","url":"https:\/\/aceweb.cat\/es\/producto\/quaderns-destructures-40\/","name":"Quaderns d'Estructures 40 | ACE","isPartOf":{"@id":"https:\/\/aceweb.cat\/#website"},"primaryImageOfPage":{"@id":"https:\/\/aceweb.cat\/es\/producto\/quaderns-destructures-40\/#primaryimage"},"image":{"@id":"https:\/\/aceweb.cat\/es\/producto\/quaderns-destructures-40\/#primaryimage"},"thumbnailUrl":"https:\/\/aceweb.cat\/wp-content\/uploads\/2023\/02\/ACE-Quaderns-Estructures-040.jpg","datePublished":"2022-12-24T10:00:43+00:00","dateModified":"2023-03-22T15:57:20+00:00","description":"Revista n\u00ba 40 con art\u00edculos de actualidad que tratan sobre la construcci\u00f3n de estructuras y publica la Asociaci\u00f3n de Consultores de Estructuras (ACE).","breadcrumb":{"@id":"https:\/\/aceweb.cat\/es\/producto\/quaderns-destructures-40\/#breadcrumb"},"inLanguage":"es","potentialAction":[{"@type":"ReadAction","target":["https:\/\/aceweb.cat\/es\/producto\/quaderns-destructures-40\/"]}]},{"@type":"ImageObject","inLanguage":"es","@id":"https:\/\/aceweb.cat\/es\/producto\/quaderns-destructures-40\/#primaryimage","url":"https:\/\/aceweb.cat\/wp-content\/uploads\/2023\/02\/ACE-Quaderns-Estructures-040.jpg","contentUrl":"https:\/\/aceweb.cat\/wp-content\/uploads\/2023\/02\/ACE-Quaderns-Estructures-040.jpg","width":724,"height":1024},{"@type":"BreadcrumbList","@id":"https:\/\/aceweb.cat\/es\/producto\/quaderns-destructures-40\/#breadcrumb","itemListElement":[{"@type":"ListItem","position":1,"name":"Inici","item":"https:\/\/aceweb.cat\/"},{"@type":"ListItem","position":2,"name":"Tienda","item":"https:\/\/aceweb.cat\/es\/tienda\/"},{"@type":"ListItem","position":3,"name":"Quadern d\u2019Estructures","item":"https:\/\/aceweb.cat\/es\/categoria-producto\/cuaderno-de-estructuras\/"},{"@type":"ListItem","position":4,"name":"Quaderns d&#8217;Estructures 40"}]},{"@type":"WebSite","@id":"https:\/\/aceweb.cat\/#website","url":"https:\/\/aceweb.cat\/","name":"ACE","description":"Associaci\u00f3 de Consultors d&#039;Estructures | ACE","publisher":{"@id":"https:\/\/aceweb.cat\/#organization"},"alternateName":"ACE","potentialAction":[{"@type":"SearchAction","target":{"@type":"EntryPoint","urlTemplate":"https:\/\/aceweb.cat\/?s={search_term_string}"},"query-input":{"@type":"PropertyValueSpecification","valueRequired":true,"valueName":"search_term_string"}}],"inLanguage":"es"},{"@type":"Organization","@id":"https:\/\/aceweb.cat\/#organization","name":"ACE","alternateName":"ACE","url":"https:\/\/aceweb.cat\/","logo":{"@type":"ImageObject","inLanguage":"es","@id":"https:\/\/aceweb.cat\/#\/schema\/logo\/image\/","url":"https:\/\/aceweb.cat\/wp-content\/uploads\/2022\/10\/logo.svg","contentUrl":"https:\/\/aceweb.cat\/wp-content\/uploads\/2022\/10\/logo.svg","width":1,"height":1,"caption":"ACE"},"image":{"@id":"https:\/\/aceweb.cat\/#\/schema\/logo\/image\/"}}]}},"_links":{"self":[{"href":"https:\/\/aceweb.cat\/es\/wp-json\/wp\/v2\/product\/39823","targetHints":{"allow":["GET"]}}],"collection":[{"href":"https:\/\/aceweb.cat\/es\/wp-json\/wp\/v2\/product"}],"about":[{"href":"https:\/\/aceweb.cat\/es\/wp-json\/wp\/v2\/types\/product"}],"version-history":[{"count":1,"href":"https:\/\/aceweb.cat\/es\/wp-json\/wp\/v2\/product\/39823\/revisions"}],"predecessor-version":[{"id":41021,"href":"https:\/\/aceweb.cat\/es\/wp-json\/wp\/v2\/product\/39823\/revisions\/41021"}],"wp:featuredmedia":[{"embeddable":true,"href":"https:\/\/aceweb.cat\/es\/wp-json\/wp\/v2\/media\/37891"}],"wp:attachment":[{"href":"https:\/\/aceweb.cat\/es\/wp-json\/wp\/v2\/media?parent=39823"}],"wp:term":[{"taxonomy":"product_brand","embeddable":true,"href":"https:\/\/aceweb.cat\/es\/wp-json\/wp\/v2\/product_brand?post=39823"},{"taxonomy":"product_cat","embeddable":true,"href":"https:\/\/aceweb.cat\/es\/wp-json\/wp\/v2\/product_cat?post=39823"},{"taxonomy":"product_tag","embeddable":true,"href":"https:\/\/aceweb.cat\/es\/wp-json\/wp\/v2\/product_tag?post=39823"}],"curies":[{"name":"wp","href":"https:\/\/api.w.org\/{rel}","templated":true}]}}