{"id":39826,"date":"2022-12-25T10:00:52","date_gmt":"2022-12-25T10:00:52","guid":{"rendered":"https:\/\/www.aceweb.advertis.es\/producto\/quaderns-destructures-41\/"},"modified":"2023-03-22T15:57:33","modified_gmt":"2023-03-22T15:57:33","slug":"quaderns-destructures-41","status":"publish","type":"product","link":"https:\/\/aceweb.cat\/es\/producto\/quaderns-destructures-41\/","title":{"rendered":"Quaderns d&#8217;Estructures 41"},"content":{"rendered":"<p>Este n\u00famero incluye:<\/p>\n<h2><strong>1. Editorial<\/strong><\/h2>\n<p>Art\u00edculo redactado por\u00a0<b>DAVID GARC\u00cdA CARRERA<\/b>. Descarga la revista para reflexionar sobre todo lo que quisi\u00e9ramos lograr en los pr\u00f3ximos a\u00f1os desde la ACE:<\/p>\n<p><em>\u201cEsta Editorial, la primera que escribo como presidente de la ACE, no es un documento personal. Es la expresi\u00f3n de la propuesta presentada en la \u00faltima Asamblea Anual de la Asociaci\u00f3n por la nueva JUNTA DE GOBIERNO 2011\/2015.<\/em><\/p>\n<p><em>Es, por tanto, un escrito colectivo que reflexiona sobre todo lo que quisi\u00e9ramos alcanzar en los pr\u00f3ximos a\u00f1os, los siguientes veinticinco, despu\u00e9s de una etapa muy intensa e inolvidable en la que la nuestra asociaci\u00f3n se ha desarrollado hasta la madurez.\u201d<\/em><\/p>\n<h2><strong>2. Sesiones Construmado<\/strong><\/h2>\n<p><em>Perfiles de ala estrecha. Final de su vida \u00fatil.<\/em>\u00a0Josep Baquer<\/p>\n<p><em>Nuevas tendencias en el hormig\u00f3n estructural\u00a0con fibra.<\/em>\u00a0Antonio Aguado<\/p>\n<p><em>Sistema de construcci\u00f3n con paneles portantes prefabricados.<\/em>\u00a0Pere Arum\u00ed<\/p>\n<h2><strong>3. Rafael Casals i Bohigas: Reconocimiento a una eminencia del c\u00e1lculo de las estructuras<\/strong><\/h2>\n<p>Art\u00edculo redactado por\u00a0<strong>JORDI MARISTANY Y CARRERAS<\/strong>. Descarga la revista para conocer la aportaci\u00f3n en el c\u00e1lculo de estructuras que realiz\u00f3 Rafael Casals.<\/p>\n<p><em>\u201cSeguro que la mayor\u00eda hab\u00e9is o\u00eddo hablar de Rafael Casals. No es de extra\u00f1ar que as\u00ed sea porque su aportaci\u00f3n en el c\u00e1lculo de estructuras es ciertamente descomunal y ha creado escuela. Su obra y m\u00e1s a\u00fan, su forma de entender y resolver muchas de las estructuras que le encargaron constituyen un referente de primer orden en el universo del c\u00e1lculo. Estoy convencido de que si Casals hubiera nacido en otro pa\u00eds que valorara c\u00f3mo se merecen t\u00e9cnicos de su talla hoy formar\u00eda parte por m\u00e9ritos propios de la galer\u00eda de prohombres de la ingenier\u00eda catalana, espa\u00f1ola e incluso europea. Nada m\u00e1s terminar la carrera, la empresa Brown Boveri le ofrece trabajar en su casa matriz de Suiza en unas buen\u00edsimas condiciones.<\/em><\/p>\n<p><em>Mientras en 1947 el mundo de la empresa le abr\u00eda sus puertas en el coraz\u00f3n de Europa equipar\u00e1ndolo a un titular del Polit\u00e9cnico de Z\u00farich, en Barcelona, en cambio, la direcci\u00f3n de la Escuela de Ingenier\u00eda Industrial, tard\u00f3 tres a\u00f1os en reconocerle la calificaci\u00f3n de Excelente y Premio Extraordinario de carrera. Su expediente acad\u00e9mico es descomunal.\u201d<\/em><\/p>\n<h2><strong>4. Joan Torras i Guardiola, arquitecto<\/strong><\/h2>\n<p>Art\u00edculo redactado por\u00a0<strong>JORDI ROGEN Y ALBIOL<\/strong>, arquitecto. Descarga la revista para conocer el resumen de la conferencia que a Joan Torras i Guardiola se celebr\u00f3 en la ACE.<\/p>\n<p><em>\u201cEste art\u00edculo es un resumen de la conferencia que, con el mismo t\u00edtulo, se pronunci\u00f3 el d\u00eda 24 de febrero de 2011 en la sede de la Asociaci\u00f3n de Consultores de Estructuras.<\/em>< \/p><\/p>\n<p><em>Es posible que las vertientes de profesor, calculista y empresario de Joan Torras i Guardiola hayan escondido su interesante labor como arquitecto proyectista y constructor de edificios desarrollada entre los a\u00f1os 1854 y 1910. Un per\u00edodo que en Barcelona coincide con la g\u00e9nesis y aprobaci\u00f3n del Eixample, y los primeros 50 a\u00f1os de su desarrollo.<\/em><br \/>\n<em>Hombre docto e inquieto, particip\u00f3 activamente, desde el Ateneu Barcelon\u00e8s y de la Real Academia de Bellas Artes, en las discusiones t\u00e9cnicas y pol\u00edticas que llevaron a la aprobaci\u00f3n del Plan Cerd\u00e0 y su desarrollo (por ejemplo, en la discusi\u00f3n de unas Ordenanzas que no se aprobar\u00e1n hasta 1891).\u201d<\/em><\/p>\n<h2><strong>5. Robert Hooke, \u00bfel primer consultor estructural?<\/strong><\/h2>\n<p>Art\u00edculo redactado por\u00a0<b>ROBERT BRUFAU<\/b>. Descarga la revista para conocer lo que se considera como el primer consultor del mundo de la estructura edificatoria.<\/p>\n<p><em>\u201cAhora har\u00e1 algunos meses, en una sesi\u00f3n formativa que se celebr\u00f3 en la ACE, tanto David Garc\u00eda como Antoni Massagu\u00e9 hicieron considerar que en <a href=\"https:\/\/ca. wikipedia.org\/wiki\/Joan_Torras_i_Guardiola\" target=\"_blank\" rel=\"noopener noreferrer\">Joan Torras y Guardiola<\/a>\u00a0(1827-1910) fue el primer consultor estructural que entendi\u00f3 la pr\u00e1ctica profesional en la l\u00ednea con la que hoy definimos esta especializaci\u00f3n profesional, pero creo que fue m\u00e1s bien uno de los primeros empresarios de la Industria del acero que, por su conocimiento y por sus aptitudes por la concepci\u00f3n estructural, se convirti\u00f3 en un referente de la consultor\u00eda al servicio de los arquitectos . Yo le suger\u00ed a David que, aunque era algo m\u00e1s joven, este distintivo se le pod\u00eda otorgar a Josep Ma.<\/em><\/p>\n<p><em>Cornet y Mas (1839-1916), quienes, desde su cargo como ingeniero jefe de la Maquinista Terrestre y Mar\u00edtima, fue el consultor habitual de arquitectos de mucho prestigio de la \u00e9poca. S\u00f3lo hay que recordar su c\u00e1lculo del Mercado del Born (1874, en colaboraci\u00f3n con el arquitecto Josep Fontser\u00e8 i Mestre) y del Mercado de Sant Antoni (1879, en el que trabaj\u00f3 con el arquitecto Antoni Rovira i Trias) por citar alguna de sus estructuras m\u00e1s importantes.\u201d<\/em><\/p>\n<h2><strong>6. La Internacionalizaci\u00f3n: \u00bfuna oportunidad o una necesidad?<\/strong><\/h2>\n<p>Art\u00edculo redactado por\u00a0<strong>ELENA ORTEU<\/strong>. Descarga la revista para saber si estamos preparados para la internacionalizaci\u00f3n de nuestra profesi\u00f3n.<\/p>\n<p><em>\u201cCuando te planteas cu\u00e1l debe ser el futuro de nuestra profesi\u00f3n y si hay todav\u00eda oportunidades de futuro surge siempre la internacionalizaci\u00f3n. Pero, m\u00e1s all\u00e1 de esta respuesta ahora tan recurrente, deber\u00edamos plantearnos otras preguntas m\u00e1s realistas, \u00bfpodemos afrontar la internacionalizaci\u00f3n con \u00e9xito?, \u00bfestoy preparado?, \u00bfc\u00f3mo debo prepararme?, \u00bfd\u00f3nde puedo ir?<\/em>< \/p><\/p>\n<p>No cabe duda de la calidad general de nuestros profesionales. Es conocido y reconocido, quiz\u00e1s menos de lo que quisi\u00e9ramos, el valor de nuestra arquitectura y nuestro urbanismo innovador, mediterr\u00e1neo y europeo. A\u00fan est\u00e1 vivo, aunque ya casi ha caducado, el brillo de la Barcelona del 92.\u201d<\/p>\n<h2><strong>7. Miscel\u00e1nea<\/strong><\/h2>\n<p>Los profesores Antoni Mar\u00ed y Enric Mirambell premiados por el Ministerio de Asuntos Exteriores.<\/p>\n<h2><strong>8. Lista de miembros de la asociaci\u00f3n<\/strong><\/h2>\n<p>Conoce a los miembros de la Asociaci\u00f3n Consultores de Estructuras. Podr\u00e1s ver a los nuevos integrantes que participan por el reconocimiento de la profesi\u00f3n dentro del mundo de la construcci\u00f3n.<\/p>\n","protected":false},"excerpt":{"rendered":"<ul>\n<li>1. Editorial<\/li>\n<li>2. Sesiones Construmado<\/li>\n<li>3. Rafael Casals y Bohigas: Reconocimiento a una eminencia del c\u00e1lculo de las estructuras<\/li>\n<li>4. Joan Torras i Guardiola, arquitecto<\/li>\n<li>5. Robert Hooke, \u00bfel primer consultor estructural?<\/li>\n<li>6. La Internacionalizaci\u00f3n: \u00bfuna oportunidad o una necesidad?<\/li>\n<li>7. Miscel\u00e1nea<\/li>\n<li>8. Lista de miembros de la Asociaci\u00f3n<\/li>\n<\/ul>\n","protected":false},"featured_media":37859,"template":"","meta":{"_acf_changed":false,"site-sidebar-layout":"default","site-content-layout":"default","ast-global-header-display":"","ast-main-header-display":"","ast-hfb-above-header-display":"","ast-hfb-below-header-display":"","ast-hfb-mobile-header-display":"","site-post-title":"","ast-breadcrumbs-content":"","ast-featured-img":"","footer-sml-layout":"","theme-transparent-header-meta":"default","adv-header-id-meta":"","stick-header-meta":"","header-above-stick-meta":"","header-main-stick-meta":"","header-below-stick-meta":""},"product_brand":[],"product_cat":[595],"product_tag":[],"class_list":{"0":"post-39826","1":"product","2":"type-product","3":"status-publish","4":"has-post-thumbnail","6":"product_cat-cuaderno-de-estructuras","7":"desktop-align-left","8":"tablet-align-left","9":"mobile-align-left","11":"first","12":"instock","13":"taxable","14":"shipping-taxable","15":"purchasable","16":"product-type-variable","17":"has-default-attributes"},"acf":[],"yoast_head":"<!-- This site is optimized with the Yoast SEO plugin v27.1.1 - https:\/\/yoast.com\/product\/yoast-seo-wordpress\/ -->\n<title>Quaderns d&#039;Estructures 41 | ACE<\/title>\n<meta name=\"description\" content=\"Revista n\u00ba 41 con art\u00edculos de actualidad que tratan sobre la construcci\u00f3n de estructuras y que publica la Asociaci\u00f3n de Consultores de Estructuras (ACE).\" \/>\n<meta name=\"robots\" content=\"index, follow, max-snippet:-1, max-image-preview:large, max-video-preview:-1\" \/>\n<link rel=\"canonical\" href=\"https:\/\/aceweb.cat\/es\/producto\/quaderns-destructures-41\/\" \/>\n<meta property=\"og:locale\" content=\"es_ES\" \/>\n<meta property=\"og:type\" content=\"article\" \/>\n<meta property=\"og:title\" content=\"Quaderns d&#039;Estructures 41 | ACE\" \/>\n<meta property=\"og:description\" content=\"Revista n\u00ba 41 con art\u00edculos de actualidad que tratan sobre la construcci\u00f3n de estructuras y que publica la Asociaci\u00f3n de Consultores de Estructuras (ACE).\" \/>\n<meta property=\"og:url\" content=\"https:\/\/aceweb.cat\/es\/producto\/quaderns-destructures-41\/\" \/>\n<meta property=\"og:site_name\" content=\"aceweb.cat\" \/>\n<meta property=\"article:modified_time\" content=\"2023-03-22T15:57:33+00:00\" \/>\n<meta property=\"og:image\" content=\"https:\/\/aceweb.cat\/wp-content\/uploads\/2023\/02\/ACE-Quaderns-Estructures-041.jpg\" \/>\n\t<meta property=\"og:image:width\" content=\"724\" \/>\n\t<meta property=\"og:image:height\" content=\"1024\" \/>\n\t<meta property=\"og:image:type\" content=\"image\/jpeg\" \/>\n<meta name=\"twitter:card\" content=\"summary_large_image\" \/>\n<meta name=\"twitter:label1\" content=\"Tiempo de lectura\" \/>\n\t<meta name=\"twitter:data1\" content=\"5 minutos\" \/>\n<script type=\"application\/ld+json\" class=\"yoast-schema-graph\">{\"@context\":\"https:\/\/schema.org\",\"@graph\":[{\"@type\":\"WebPage\",\"@id\":\"https:\/\/aceweb.cat\/es\/producto\/quaderns-destructures-41\/\",\"url\":\"https:\/\/aceweb.cat\/es\/producto\/quaderns-destructures-41\/\",\"name\":\"Quaderns d'Estructures 41 | ACE\",\"isPartOf\":{\"@id\":\"https:\/\/aceweb.cat\/#website\"},\"primaryImageOfPage\":{\"@id\":\"https:\/\/aceweb.cat\/es\/producto\/quaderns-destructures-41\/#primaryimage\"},\"image\":{\"@id\":\"https:\/\/aceweb.cat\/es\/producto\/quaderns-destructures-41\/#primaryimage\"},\"thumbnailUrl\":\"https:\/\/aceweb.cat\/wp-content\/uploads\/2023\/02\/ACE-Quaderns-Estructures-041.jpg\",\"datePublished\":\"2022-12-25T10:00:52+00:00\",\"dateModified\":\"2023-03-22T15:57:33+00:00\",\"description\":\"Revista n\u00ba 41 con art\u00edculos de actualidad que tratan sobre la construcci\u00f3n de estructuras y que publica la Asociaci\u00f3n de Consultores de Estructuras (ACE).\",\"breadcrumb\":{\"@id\":\"https:\/\/aceweb.cat\/es\/producto\/quaderns-destructures-41\/#breadcrumb\"},\"inLanguage\":\"es\",\"potentialAction\":[{\"@type\":\"ReadAction\",\"target\":[\"https:\/\/aceweb.cat\/es\/producto\/quaderns-destructures-41\/\"]}]},{\"@type\":\"ImageObject\",\"inLanguage\":\"es\",\"@id\":\"https:\/\/aceweb.cat\/es\/producto\/quaderns-destructures-41\/#primaryimage\",\"url\":\"https:\/\/aceweb.cat\/wp-content\/uploads\/2023\/02\/ACE-Quaderns-Estructures-041.jpg\",\"contentUrl\":\"https:\/\/aceweb.cat\/wp-content\/uploads\/2023\/02\/ACE-Quaderns-Estructures-041.jpg\",\"width\":724,\"height\":1024},{\"@type\":\"BreadcrumbList\",\"@id\":\"https:\/\/aceweb.cat\/es\/producto\/quaderns-destructures-41\/#breadcrumb\",\"itemListElement\":[{\"@type\":\"ListItem\",\"position\":1,\"name\":\"Inici\",\"item\":\"https:\/\/aceweb.cat\/\"},{\"@type\":\"ListItem\",\"position\":2,\"name\":\"Tienda\",\"item\":\"https:\/\/aceweb.cat\/es\/tienda\/\"},{\"@type\":\"ListItem\",\"position\":3,\"name\":\"Quadern d\u2019Estructures\",\"item\":\"https:\/\/aceweb.cat\/es\/categoria-producto\/cuaderno-de-estructuras\/\"},{\"@type\":\"ListItem\",\"position\":4,\"name\":\"Quaderns d&#8217;Estructures 41\"}]},{\"@type\":\"WebSite\",\"@id\":\"https:\/\/aceweb.cat\/#website\",\"url\":\"https:\/\/aceweb.cat\/\",\"name\":\"ACE\",\"description\":\"Associaci\u00f3 de Consultors d&#039;Estructures | ACE\",\"publisher\":{\"@id\":\"https:\/\/aceweb.cat\/#organization\"},\"alternateName\":\"ACE\",\"potentialAction\":[{\"@type\":\"SearchAction\",\"target\":{\"@type\":\"EntryPoint\",\"urlTemplate\":\"https:\/\/aceweb.cat\/?s={search_term_string}\"},\"query-input\":{\"@type\":\"PropertyValueSpecification\",\"valueRequired\":true,\"valueName\":\"search_term_string\"}}],\"inLanguage\":\"es\"},{\"@type\":\"Organization\",\"@id\":\"https:\/\/aceweb.cat\/#organization\",\"name\":\"ACE\",\"alternateName\":\"ACE\",\"url\":\"https:\/\/aceweb.cat\/\",\"logo\":{\"@type\":\"ImageObject\",\"inLanguage\":\"es\",\"@id\":\"https:\/\/aceweb.cat\/#\/schema\/logo\/image\/\",\"url\":\"https:\/\/aceweb.cat\/wp-content\/uploads\/2022\/10\/logo.svg\",\"contentUrl\":\"https:\/\/aceweb.cat\/wp-content\/uploads\/2022\/10\/logo.svg\",\"width\":1,\"height\":1,\"caption\":\"ACE\"},\"image\":{\"@id\":\"https:\/\/aceweb.cat\/#\/schema\/logo\/image\/\"}}]}<\/script>\n<!-- \/ Yoast SEO plugin. -->","yoast_head_json":{"title":"Quaderns d'Estructures 41 | ACE","description":"Revista n\u00ba 41 con art\u00edculos de actualidad que tratan sobre la construcci\u00f3n de estructuras y que publica la Asociaci\u00f3n de Consultores de Estructuras (ACE).","robots":{"index":"index","follow":"follow","max-snippet":"max-snippet:-1","max-image-preview":"max-image-preview:large","max-video-preview":"max-video-preview:-1"},"canonical":"https:\/\/aceweb.cat\/es\/producto\/quaderns-destructures-41\/","og_locale":"es_ES","og_type":"article","og_title":"Quaderns d'Estructures 41 | ACE","og_description":"Revista n\u00ba 41 con art\u00edculos de actualidad que tratan sobre la construcci\u00f3n de estructuras y que publica la Asociaci\u00f3n de Consultores de Estructuras (ACE).","og_url":"https:\/\/aceweb.cat\/es\/producto\/quaderns-destructures-41\/","og_site_name":"aceweb.cat","article_modified_time":"2023-03-22T15:57:33+00:00","og_image":[{"width":724,"height":1024,"url":"https:\/\/aceweb.cat\/wp-content\/uploads\/2023\/02\/ACE-Quaderns-Estructures-041.jpg","type":"image\/jpeg"}],"twitter_card":"summary_large_image","twitter_misc":{"Tiempo de lectura":"5 minutos"},"schema":{"@context":"https:\/\/schema.org","@graph":[{"@type":"WebPage","@id":"https:\/\/aceweb.cat\/es\/producto\/quaderns-destructures-41\/","url":"https:\/\/aceweb.cat\/es\/producto\/quaderns-destructures-41\/","name":"Quaderns d'Estructures 41 | ACE","isPartOf":{"@id":"https:\/\/aceweb.cat\/#website"},"primaryImageOfPage":{"@id":"https:\/\/aceweb.cat\/es\/producto\/quaderns-destructures-41\/#primaryimage"},"image":{"@id":"https:\/\/aceweb.cat\/es\/producto\/quaderns-destructures-41\/#primaryimage"},"thumbnailUrl":"https:\/\/aceweb.cat\/wp-content\/uploads\/2023\/02\/ACE-Quaderns-Estructures-041.jpg","datePublished":"2022-12-25T10:00:52+00:00","dateModified":"2023-03-22T15:57:33+00:00","description":"Revista n\u00ba 41 con art\u00edculos de actualidad que tratan sobre la construcci\u00f3n de estructuras y que publica la Asociaci\u00f3n de Consultores de Estructuras (ACE).","breadcrumb":{"@id":"https:\/\/aceweb.cat\/es\/producto\/quaderns-destructures-41\/#breadcrumb"},"inLanguage":"es","potentialAction":[{"@type":"ReadAction","target":["https:\/\/aceweb.cat\/es\/producto\/quaderns-destructures-41\/"]}]},{"@type":"ImageObject","inLanguage":"es","@id":"https:\/\/aceweb.cat\/es\/producto\/quaderns-destructures-41\/#primaryimage","url":"https:\/\/aceweb.cat\/wp-content\/uploads\/2023\/02\/ACE-Quaderns-Estructures-041.jpg","contentUrl":"https:\/\/aceweb.cat\/wp-content\/uploads\/2023\/02\/ACE-Quaderns-Estructures-041.jpg","width":724,"height":1024},{"@type":"BreadcrumbList","@id":"https:\/\/aceweb.cat\/es\/producto\/quaderns-destructures-41\/#breadcrumb","itemListElement":[{"@type":"ListItem","position":1,"name":"Inici","item":"https:\/\/aceweb.cat\/"},{"@type":"ListItem","position":2,"name":"Tienda","item":"https:\/\/aceweb.cat\/es\/tienda\/"},{"@type":"ListItem","position":3,"name":"Quadern d\u2019Estructures","item":"https:\/\/aceweb.cat\/es\/categoria-producto\/cuaderno-de-estructuras\/"},{"@type":"ListItem","position":4,"name":"Quaderns d&#8217;Estructures 41"}]},{"@type":"WebSite","@id":"https:\/\/aceweb.cat\/#website","url":"https:\/\/aceweb.cat\/","name":"ACE","description":"Associaci\u00f3 de Consultors d&#039;Estructures | ACE","publisher":{"@id":"https:\/\/aceweb.cat\/#organization"},"alternateName":"ACE","potentialAction":[{"@type":"SearchAction","target":{"@type":"EntryPoint","urlTemplate":"https:\/\/aceweb.cat\/?s={search_term_string}"},"query-input":{"@type":"PropertyValueSpecification","valueRequired":true,"valueName":"search_term_string"}}],"inLanguage":"es"},{"@type":"Organization","@id":"https:\/\/aceweb.cat\/#organization","name":"ACE","alternateName":"ACE","url":"https:\/\/aceweb.cat\/","logo":{"@type":"ImageObject","inLanguage":"es","@id":"https:\/\/aceweb.cat\/#\/schema\/logo\/image\/","url":"https:\/\/aceweb.cat\/wp-content\/uploads\/2022\/10\/logo.svg","contentUrl":"https:\/\/aceweb.cat\/wp-content\/uploads\/2022\/10\/logo.svg","width":1,"height":1,"caption":"ACE"},"image":{"@id":"https:\/\/aceweb.cat\/#\/schema\/logo\/image\/"}}]}},"_links":{"self":[{"href":"https:\/\/aceweb.cat\/es\/wp-json\/wp\/v2\/product\/39826","targetHints":{"allow":["GET"]}}],"collection":[{"href":"https:\/\/aceweb.cat\/es\/wp-json\/wp\/v2\/product"}],"about":[{"href":"https:\/\/aceweb.cat\/es\/wp-json\/wp\/v2\/types\/product"}],"version-history":[{"count":1,"href":"https:\/\/aceweb.cat\/es\/wp-json\/wp\/v2\/product\/39826\/revisions"}],"predecessor-version":[{"id":41022,"href":"https:\/\/aceweb.cat\/es\/wp-json\/wp\/v2\/product\/39826\/revisions\/41022"}],"wp:featuredmedia":[{"embeddable":true,"href":"https:\/\/aceweb.cat\/es\/wp-json\/wp\/v2\/media\/37859"}],"wp:attachment":[{"href":"https:\/\/aceweb.cat\/es\/wp-json\/wp\/v2\/media?parent=39826"}],"wp:term":[{"taxonomy":"product_brand","embeddable":true,"href":"https:\/\/aceweb.cat\/es\/wp-json\/wp\/v2\/product_brand?post=39826"},{"taxonomy":"product_cat","embeddable":true,"href":"https:\/\/aceweb.cat\/es\/wp-json\/wp\/v2\/product_cat?post=39826"},{"taxonomy":"product_tag","embeddable":true,"href":"https:\/\/aceweb.cat\/es\/wp-json\/wp\/v2\/product_tag?post=39826"}],"curies":[{"name":"wp","href":"https:\/\/api.w.org\/{rel}","templated":true}]}}