{"id":39829,"date":"2022-12-26T10:00:39","date_gmt":"2022-12-26T10:00:39","guid":{"rendered":"https:\/\/www.aceweb.advertis.es\/producto\/quaderns-destructures-42\/"},"modified":"2023-03-22T15:57:44","modified_gmt":"2023-03-22T15:57:44","slug":"quaderns-destructures-42","status":"publish","type":"product","link":"https:\/\/aceweb.cat\/es\/producto\/quaderns-destructures-42\/","title":{"rendered":"Quaderns d&#8217;Estructures 42"},"content":{"rendered":"<p>Este n\u00famero incluye:<\/p>\n<h2><strong>1. Editorial<\/strong><\/h2>\n<p>Art\u00edculo redactado por la\u00a0<strong>JUNTA DIRECTIVA<\/strong><b>.<\/b>\u00a0Descarga la revista para conocer los valores que la Asociaci\u00f3n quiere transmitir en un momento de precariedad econ\u00f3mica:<\/p>\n<p><em>\u201cComo sabr\u00e9is muchos de vosotros, hace unos meses que en la ACE se renovaron los cargos de junta directiva. Dados los momentos delicados y complejos que todos nosotros estamos viviendo, es posible que esto ocurra como meramente anecd\u00f3tico. Desde la junta, somos conscientes de que no podemos resolver la situaci\u00f3n del mercado actual, ni la falta de trabajo, ni la precariedad en la que se encuentran muchos de nuestros despachos, ni las dificultades econ\u00f3micas que pasamos, d\u00eda a d\u00eda, para poder resistir . Pero s\u00ed queremos transmitir unos valores que han estado presentes en la ACE hasta ahora y que pensamos que es importante mantener, especialmente en los tiempos actuales. Sabemos que muchos de ustedes hacen un esfuerzo por manteneros como socios y lo valoramos positivamente. Es en estos momentos que es necesario que los consultores de estructuras hagamos filas, nos unimos y busquemos las v\u00edas para salir de esta crisis.<\/em><\/p>\n<p><em>Siguen siendo puntos primordiales de nuestra asociaci\u00f3n la calidad, la profesionalidad y el prestigio.<\/em><em>\u201c<\/em><\/p>\n<h2><strong>2. Preestudio de un modelo de clasificaci\u00f3n de la seguridad estructural<\/strong><\/h2>\n<p>Art\u00edculo redactado por\u00a0<strong>COMISI\u00d3N DE REHABILITACI\u00d3N (Josep Baquer, Jorge Blasco, Amparo Lecha, Xavier Falguera, Enric Heredia y Antoni Paricio)<\/strong><b>.<\/b>\u00a0Descarga nuestra revista para conocer la clasificaci\u00f3n de las estructuras de la edificaci\u00f3n existente sin lesiones aparentes.<\/p>\n<p>\u201c<em>La coyuntura actual de crisis econ\u00f3mica global, y de profunda crisis en el sector de la construcci\u00f3n, abre una nueva oportunidad de reflexi\u00f3n sobre la conveniencia del modelo edificatorio. El actual modelo edificatorio, ejecutado con gran fervor a lo largo de media d\u00e9cada (2003-2008), ha demostrado ser poco sostenible y muy dependiente de las fluctuaciones econ\u00f3micas. El modelo excluye, en buena medida, la rehabilitaci\u00f3n por su menor rentabilidad econ\u00f3mica en comparaci\u00f3n con la de obra nueva.<\/em><\/p>\n<p><em>Parece evidente que el aprovechamiento del parque edificado es una opci\u00f3n de futuro, lo que debe implicar un gran esfuerzo t\u00e9cnico orientado al conocimiento de la edificaci\u00f3n existente, a su conservaci\u00f3n y rehabilitaci\u00f3n, con el fin dimensionar correctamente las posibles intervenciones.<\/em>\u201d<\/p>\n<h2><strong>3. Sesiones Construmado<\/strong><\/h2>\n<p><em>El sistema eMii. Edificaci\u00f3n Modular Industrializada Integral.<\/em>\u00a0Miguel Morte Morales.<\/p>\n<p><em>Forjados cer\u00e1micos: estudio de un colapso.<\/em>\u00a0Laure\u00e0 Mir\u00f3.<\/p>\n<p><em>Rehabilitaci\u00f3n de la f\u00e1brica CACI en Badalona<\/em>. Jordi Par\u00e9s.<\/p>\n<h2><strong>4. V Congreso de ACHE<\/strong><\/h2>\n<p><em>Aproximaciones al an\u00e1lisis de la resistencia al fuego (REI) de un forjado unidireccional.<\/em>\u00a0Jorge Blasco Miguel, Jordi Maristany Carreras y Javier L\u00f3pez-Rey Laurens.<\/p>\n<p><em>Sal\u00f3n de banquetes para restaurante en Olot.<\/em>\u00a0Antoni Bl\u00e1zquez Boya y Gerard Forment\u00ed Cunill.<\/p>\n<h2><strong>5. Homenaje a Joan Torras i Guardiola<\/strong><\/h2>\n<p>Art\u00edculo redactado por\u00a0<strong>ROBERT BRUFAU<\/strong>. Descarga la revista para conocer el homenaje que le rendimos a una figura primordial para el desarrollo de las estructuras en nuestro pa\u00eds.<\/p>\n<p><em>\u201cA finales del a\u00f1o pasado la ACE decidi\u00f3 rendir homenaje a la excepcional figura de en| \u00ab_blank\u00bb rel=\u00bbnoopener noreferrer\u00bb>Joan Torras y Guardiola<\/a>\u00a0(1827-1910), una de las personalidades primordiales para el desarrollo de las estructuras en nuestro pa\u00eds. En febrero se celebr\u00f3 una sesi\u00f3n para recordar el centenario de su muerte.<\/em><\/p>\n<p><em>Ante un p\u00fablico muy numeroso, el conjunto de conferencias que se impartieron para la ocasi\u00f3n nos abri\u00f3 los ojos a muchos de nosotros. Sab\u00edamos algunas cosas sobre \u00e9l, pero raramente nos hab\u00eda interesado m\u00e1s all\u00e1 de su faceta como industrial del acero. De Torras record\u00e1bamos, muy especialmente, su prontuario, el c\u00e9lebre libreto rojo que todos ten\u00edamos como un compa\u00f1ero de cabecera.<\/em><em>\u201c<\/em><\/p>\n<h2><strong>6. Joan Torras y Guardiola. Biograf\u00eda (1827-1910)<\/strong><\/h2>\n<p>Art\u00edculo redactado por\u00a0<strong>ASUNCI\u00d3N FELIVO<\/strong>. Descarga la revista para conocer la biograf\u00eda de una de las personalidades primordiales para el desarrollo de las estructuras en nuestro pa\u00eds.<\/p>\n<p><em>\u201cJoan Torras i Guardiola nace en 1827 en Sant Andreu de Palomar. Su padre panadero, era oriundo de Sabadell y su madre, Maria Guardiola, hab\u00eda nacido en Sant Andreu. Era una familia modesta, que no pod\u00eda pagarle los estudios ya los 10 a\u00f1os se hace cargo de su educaci\u00f3n su t\u00edo Camilo Torras, padre escolapio, quien le facilita la entrada en el Colegio de Sant Antoni de Barcelona. Despu\u00e9s, una vez terminados los estudios primarios pasar\u00e1 a la Escuela de la Lonja para seguir los estudios de Arquitectura establecidos por la Junta de Comercio de Barcelona.<\/em><\/p>\n<p><em>Su gran conocimiento de las matem\u00e1ticas hace que se le conceda una medalla en esta materia en 1845 (tiene 18 a\u00f1os).<\/em><em>\u201c<\/em><\/p>\n<h2><strong>7. Miscel\u00e1nea<\/strong><\/h2>\n<p>Esp\u00edritu innovador y enfoque internacional, los dos ejes del grupo Alsina en el a\u00f1o de la celebraci\u00f3n de su 60 aniversario.<\/p>\n<h2><strong>8. Lista de miembros de la asociaci\u00f3n<\/strong><\/h2>\n<p>Conoce a los\u00a0miembros\u00a0de la Asociaci\u00f3n Consultores de Estructuras. Podr\u00e1s ver a los nuevos integrantes que participan por el reconocimiento de la profesi\u00f3n dentro del mundo de la construcci\u00f3n.<\/p>\n","protected":false},"excerpt":{"rendered":"<ul>\n<li>1. Editorial<\/li>\n<li>2. Preestudio de un modelo de clasificaci\u00f3n de la seguridad estructural<\/li>\n<li>3. Sesiones Construmado<\/li>\n<li>4. V Congreso de ACHE<\/li>\n<li>5. Homenaje a Joan Torras i Guardiola<\/li>\n<li>6. Joan Torras y Guardiola. Biograf\u00eda (1827-1910)<\/li>\n<li>7. Miscel\u00e1nea<\/li>\n<li>8. Lista de miembros de la Asociaci\u00f3n<\/li>\n<\/ul>\n","protected":false},"featured_media":37849,"template":"","meta":{"_acf_changed":false,"site-sidebar-layout":"default","site-content-layout":"default","ast-global-header-display":"","ast-main-header-display":"","ast-hfb-above-header-display":"","ast-hfb-below-header-display":"","ast-hfb-mobile-header-display":"","site-post-title":"","ast-breadcrumbs-content":"","ast-featured-img":"","footer-sml-layout":"","theme-transparent-header-meta":"default","adv-header-id-meta":"","stick-header-meta":"","header-above-stick-meta":"","header-main-stick-meta":"","header-below-stick-meta":""},"product_brand":[],"product_cat":[595],"product_tag":[],"class_list":{"0":"post-39829","1":"product","2":"type-product","3":"status-publish","4":"has-post-thumbnail","6":"product_cat-cuaderno-de-estructuras","7":"desktop-align-left","8":"tablet-align-left","9":"mobile-align-left","11":"first","12":"instock","13":"taxable","14":"shipping-taxable","15":"purchasable","16":"product-type-variable","17":"has-default-attributes"},"acf":[],"yoast_head":"<!-- This site is optimized with the Yoast SEO plugin v27.1.1 - https:\/\/yoast.com\/product\/yoast-seo-wordpress\/ -->\n<title>Quaderns d&#039;Estructures 42 | ACE<\/title>\n<meta name=\"description\" content=\"Revista n\u00ba 42 con art\u00edculos de actualidad que tratan sobre la construcci\u00f3n de estructuras y que publica la Asociaci\u00f3n de Consultores de Estructuras (ACE).\" \/>\n<meta name=\"robots\" content=\"index, follow, max-snippet:-1, max-image-preview:large, max-video-preview:-1\" \/>\n<link rel=\"canonical\" href=\"https:\/\/aceweb.cat\/es\/producto\/quaderns-destructures-42\/\" \/>\n<meta property=\"og:locale\" content=\"es_ES\" \/>\n<meta property=\"og:type\" content=\"article\" \/>\n<meta property=\"og:title\" content=\"Quaderns d&#039;Estructures 42 | ACE\" \/>\n<meta property=\"og:description\" content=\"Revista n\u00ba 42 con art\u00edculos de actualidad que tratan sobre la construcci\u00f3n de estructuras y que publica la Asociaci\u00f3n de Consultores de Estructuras (ACE).\" \/>\n<meta property=\"og:url\" content=\"https:\/\/aceweb.cat\/es\/producto\/quaderns-destructures-42\/\" \/>\n<meta property=\"og:site_name\" content=\"aceweb.cat\" \/>\n<meta property=\"article:modified_time\" content=\"2023-03-22T15:57:44+00:00\" \/>\n<meta property=\"og:image\" content=\"https:\/\/aceweb.cat\/wp-content\/uploads\/2023\/02\/ACE-Quaderns-Estructures-042.jpg\" \/>\n\t<meta property=\"og:image:width\" content=\"724\" \/>\n\t<meta property=\"og:image:height\" content=\"1024\" \/>\n\t<meta property=\"og:image:type\" content=\"image\/jpeg\" \/>\n<meta name=\"twitter:card\" content=\"summary_large_image\" \/>\n<meta name=\"twitter:label1\" content=\"Tiempo de lectura\" \/>\n\t<meta name=\"twitter:data1\" content=\"4 minutos\" \/>\n<script type=\"application\/ld+json\" class=\"yoast-schema-graph\">{\"@context\":\"https:\/\/schema.org\",\"@graph\":[{\"@type\":\"WebPage\",\"@id\":\"https:\/\/aceweb.cat\/es\/producto\/quaderns-destructures-42\/\",\"url\":\"https:\/\/aceweb.cat\/es\/producto\/quaderns-destructures-42\/\",\"name\":\"Quaderns d'Estructures 42 | ACE\",\"isPartOf\":{\"@id\":\"https:\/\/aceweb.cat\/#website\"},\"primaryImageOfPage\":{\"@id\":\"https:\/\/aceweb.cat\/es\/producto\/quaderns-destructures-42\/#primaryimage\"},\"image\":{\"@id\":\"https:\/\/aceweb.cat\/es\/producto\/quaderns-destructures-42\/#primaryimage\"},\"thumbnailUrl\":\"https:\/\/aceweb.cat\/wp-content\/uploads\/2023\/02\/ACE-Quaderns-Estructures-042.jpg\",\"datePublished\":\"2022-12-26T10:00:39+00:00\",\"dateModified\":\"2023-03-22T15:57:44+00:00\",\"description\":\"Revista n\u00ba 42 con art\u00edculos de actualidad que tratan sobre la construcci\u00f3n de estructuras y que publica la Asociaci\u00f3n de Consultores de Estructuras (ACE).\",\"breadcrumb\":{\"@id\":\"https:\/\/aceweb.cat\/es\/producto\/quaderns-destructures-42\/#breadcrumb\"},\"inLanguage\":\"es\",\"potentialAction\":[{\"@type\":\"ReadAction\",\"target\":[\"https:\/\/aceweb.cat\/es\/producto\/quaderns-destructures-42\/\"]}]},{\"@type\":\"ImageObject\",\"inLanguage\":\"es\",\"@id\":\"https:\/\/aceweb.cat\/es\/producto\/quaderns-destructures-42\/#primaryimage\",\"url\":\"https:\/\/aceweb.cat\/wp-content\/uploads\/2023\/02\/ACE-Quaderns-Estructures-042.jpg\",\"contentUrl\":\"https:\/\/aceweb.cat\/wp-content\/uploads\/2023\/02\/ACE-Quaderns-Estructures-042.jpg\",\"width\":724,\"height\":1024},{\"@type\":\"BreadcrumbList\",\"@id\":\"https:\/\/aceweb.cat\/es\/producto\/quaderns-destructures-42\/#breadcrumb\",\"itemListElement\":[{\"@type\":\"ListItem\",\"position\":1,\"name\":\"Inici\",\"item\":\"https:\/\/aceweb.cat\/\"},{\"@type\":\"ListItem\",\"position\":2,\"name\":\"Tienda\",\"item\":\"https:\/\/aceweb.cat\/es\/tienda\/\"},{\"@type\":\"ListItem\",\"position\":3,\"name\":\"Quadern d\u2019Estructures\",\"item\":\"https:\/\/aceweb.cat\/es\/categoria-producto\/cuaderno-de-estructuras\/\"},{\"@type\":\"ListItem\",\"position\":4,\"name\":\"Quaderns d&#8217;Estructures 42\"}]},{\"@type\":\"WebSite\",\"@id\":\"https:\/\/aceweb.cat\/#website\",\"url\":\"https:\/\/aceweb.cat\/\",\"name\":\"ACE\",\"description\":\"Associaci\u00f3 de Consultors d&#039;Estructures | ACE\",\"publisher\":{\"@id\":\"https:\/\/aceweb.cat\/#organization\"},\"alternateName\":\"ACE\",\"potentialAction\":[{\"@type\":\"SearchAction\",\"target\":{\"@type\":\"EntryPoint\",\"urlTemplate\":\"https:\/\/aceweb.cat\/?s={search_term_string}\"},\"query-input\":{\"@type\":\"PropertyValueSpecification\",\"valueRequired\":true,\"valueName\":\"search_term_string\"}}],\"inLanguage\":\"es\"},{\"@type\":\"Organization\",\"@id\":\"https:\/\/aceweb.cat\/#organization\",\"name\":\"ACE\",\"alternateName\":\"ACE\",\"url\":\"https:\/\/aceweb.cat\/\",\"logo\":{\"@type\":\"ImageObject\",\"inLanguage\":\"es\",\"@id\":\"https:\/\/aceweb.cat\/#\/schema\/logo\/image\/\",\"url\":\"https:\/\/aceweb.cat\/wp-content\/uploads\/2022\/10\/logo.svg\",\"contentUrl\":\"https:\/\/aceweb.cat\/wp-content\/uploads\/2022\/10\/logo.svg\",\"width\":1,\"height\":1,\"caption\":\"ACE\"},\"image\":{\"@id\":\"https:\/\/aceweb.cat\/#\/schema\/logo\/image\/\"}}]}<\/script>\n<!-- \/ Yoast SEO plugin. -->","yoast_head_json":{"title":"Quaderns d'Estructures 42 | ACE","description":"Revista n\u00ba 42 con art\u00edculos de actualidad que tratan sobre la construcci\u00f3n de estructuras y que publica la Asociaci\u00f3n de Consultores de Estructuras (ACE).","robots":{"index":"index","follow":"follow","max-snippet":"max-snippet:-1","max-image-preview":"max-image-preview:large","max-video-preview":"max-video-preview:-1"},"canonical":"https:\/\/aceweb.cat\/es\/producto\/quaderns-destructures-42\/","og_locale":"es_ES","og_type":"article","og_title":"Quaderns d'Estructures 42 | ACE","og_description":"Revista n\u00ba 42 con art\u00edculos de actualidad que tratan sobre la construcci\u00f3n de estructuras y que publica la Asociaci\u00f3n de Consultores de Estructuras (ACE).","og_url":"https:\/\/aceweb.cat\/es\/producto\/quaderns-destructures-42\/","og_site_name":"aceweb.cat","article_modified_time":"2023-03-22T15:57:44+00:00","og_image":[{"width":724,"height":1024,"url":"https:\/\/aceweb.cat\/wp-content\/uploads\/2023\/02\/ACE-Quaderns-Estructures-042.jpg","type":"image\/jpeg"}],"twitter_card":"summary_large_image","twitter_misc":{"Tiempo de lectura":"4 minutos"},"schema":{"@context":"https:\/\/schema.org","@graph":[{"@type":"WebPage","@id":"https:\/\/aceweb.cat\/es\/producto\/quaderns-destructures-42\/","url":"https:\/\/aceweb.cat\/es\/producto\/quaderns-destructures-42\/","name":"Quaderns d'Estructures 42 | ACE","isPartOf":{"@id":"https:\/\/aceweb.cat\/#website"},"primaryImageOfPage":{"@id":"https:\/\/aceweb.cat\/es\/producto\/quaderns-destructures-42\/#primaryimage"},"image":{"@id":"https:\/\/aceweb.cat\/es\/producto\/quaderns-destructures-42\/#primaryimage"},"thumbnailUrl":"https:\/\/aceweb.cat\/wp-content\/uploads\/2023\/02\/ACE-Quaderns-Estructures-042.jpg","datePublished":"2022-12-26T10:00:39+00:00","dateModified":"2023-03-22T15:57:44+00:00","description":"Revista n\u00ba 42 con art\u00edculos de actualidad que tratan sobre la construcci\u00f3n de estructuras y que publica la Asociaci\u00f3n de Consultores de Estructuras (ACE).","breadcrumb":{"@id":"https:\/\/aceweb.cat\/es\/producto\/quaderns-destructures-42\/#breadcrumb"},"inLanguage":"es","potentialAction":[{"@type":"ReadAction","target":["https:\/\/aceweb.cat\/es\/producto\/quaderns-destructures-42\/"]}]},{"@type":"ImageObject","inLanguage":"es","@id":"https:\/\/aceweb.cat\/es\/producto\/quaderns-destructures-42\/#primaryimage","url":"https:\/\/aceweb.cat\/wp-content\/uploads\/2023\/02\/ACE-Quaderns-Estructures-042.jpg","contentUrl":"https:\/\/aceweb.cat\/wp-content\/uploads\/2023\/02\/ACE-Quaderns-Estructures-042.jpg","width":724,"height":1024},{"@type":"BreadcrumbList","@id":"https:\/\/aceweb.cat\/es\/producto\/quaderns-destructures-42\/#breadcrumb","itemListElement":[{"@type":"ListItem","position":1,"name":"Inici","item":"https:\/\/aceweb.cat\/"},{"@type":"ListItem","position":2,"name":"Tienda","item":"https:\/\/aceweb.cat\/es\/tienda\/"},{"@type":"ListItem","position":3,"name":"Quadern d\u2019Estructures","item":"https:\/\/aceweb.cat\/es\/categoria-producto\/cuaderno-de-estructuras\/"},{"@type":"ListItem","position":4,"name":"Quaderns d&#8217;Estructures 42"}]},{"@type":"WebSite","@id":"https:\/\/aceweb.cat\/#website","url":"https:\/\/aceweb.cat\/","name":"ACE","description":"Associaci\u00f3 de Consultors d&#039;Estructures | ACE","publisher":{"@id":"https:\/\/aceweb.cat\/#organization"},"alternateName":"ACE","potentialAction":[{"@type":"SearchAction","target":{"@type":"EntryPoint","urlTemplate":"https:\/\/aceweb.cat\/?s={search_term_string}"},"query-input":{"@type":"PropertyValueSpecification","valueRequired":true,"valueName":"search_term_string"}}],"inLanguage":"es"},{"@type":"Organization","@id":"https:\/\/aceweb.cat\/#organization","name":"ACE","alternateName":"ACE","url":"https:\/\/aceweb.cat\/","logo":{"@type":"ImageObject","inLanguage":"es","@id":"https:\/\/aceweb.cat\/#\/schema\/logo\/image\/","url":"https:\/\/aceweb.cat\/wp-content\/uploads\/2022\/10\/logo.svg","contentUrl":"https:\/\/aceweb.cat\/wp-content\/uploads\/2022\/10\/logo.svg","width":1,"height":1,"caption":"ACE"},"image":{"@id":"https:\/\/aceweb.cat\/#\/schema\/logo\/image\/"}}]}},"_links":{"self":[{"href":"https:\/\/aceweb.cat\/es\/wp-json\/wp\/v2\/product\/39829","targetHints":{"allow":["GET"]}}],"collection":[{"href":"https:\/\/aceweb.cat\/es\/wp-json\/wp\/v2\/product"}],"about":[{"href":"https:\/\/aceweb.cat\/es\/wp-json\/wp\/v2\/types\/product"}],"version-history":[{"count":1,"href":"https:\/\/aceweb.cat\/es\/wp-json\/wp\/v2\/product\/39829\/revisions"}],"predecessor-version":[{"id":41023,"href":"https:\/\/aceweb.cat\/es\/wp-json\/wp\/v2\/product\/39829\/revisions\/41023"}],"wp:featuredmedia":[{"embeddable":true,"href":"https:\/\/aceweb.cat\/es\/wp-json\/wp\/v2\/media\/37849"}],"wp:attachment":[{"href":"https:\/\/aceweb.cat\/es\/wp-json\/wp\/v2\/media?parent=39829"}],"wp:term":[{"taxonomy":"product_brand","embeddable":true,"href":"https:\/\/aceweb.cat\/es\/wp-json\/wp\/v2\/product_brand?post=39829"},{"taxonomy":"product_cat","embeddable":true,"href":"https:\/\/aceweb.cat\/es\/wp-json\/wp\/v2\/product_cat?post=39829"},{"taxonomy":"product_tag","embeddable":true,"href":"https:\/\/aceweb.cat\/es\/wp-json\/wp\/v2\/product_tag?post=39829"}],"curies":[{"name":"wp","href":"https:\/\/api.w.org\/{rel}","templated":true}]}}