{"id":39833,"date":"2022-12-27T10:00:32","date_gmt":"2022-12-27T10:00:32","guid":{"rendered":"https:\/\/www.aceweb.advertis.es\/producto\/quaderns-destructures-43\/"},"modified":"2023-03-22T15:57:57","modified_gmt":"2023-03-22T15:57:57","slug":"quaderns-destructures-43","status":"publish","type":"product","link":"https:\/\/aceweb.cat\/es\/producto\/quaderns-destructures-43\/","title":{"rendered":"Quaderns d&#8217;Estructures 43"},"content":{"rendered":"<p>Este n\u00famero incluye:<\/p>\n<h2><strong>1. Editorial<\/strong><\/h2>\n<p>Art\u00edculo redactado por\u00a0<strong>ENRIC HEREDIA<\/strong><b>.<\/b>\u00a0Descarga la revista para conocer qu\u00e9 rumbo debe seguir nuestra asociaci\u00f3n:<\/p>\n<p><em>\u201cEn ACE existe una ley no escrita, pero sin duda cierta: el \u00faltimo miembro que se incorpora a la junta se hace responsable del \u00c1rea Profesional. En este caso he sido yo el vocal escogido.<\/em><\/p>\n<p><em>Esta \u00e1rea, en la que ya estoy colaborando\u00a0<\/em><em>de hace tiempo, gestiona temas tan delicados como los honorarios, los seguros, las herramientas profesionales, etc. Es decir, todo lo que necesitamos para desarrollar nuestra labor como consultores de estructuras de forma profesionalizada.<\/em><\/p>\n<p><em>Este a\u00f1o, nos hemos propuesto realizar el seguimiento de temas ya abiertos, concretamente la estad\u00edstica de costes profesionales y la b\u00fasqueda de un seguro que sea adecuado para nuestra actividad profesional.<\/em><em> \u201c<\/em><\/p>\n<h2><strong>2. Los forjados de cer\u00e1mica armada antes y despu\u00e9s de la primera instrucci\u00f3n de c\u00e1lculo a rotura<\/strong><\/h2>\n<p>Art\u00edculo redactado por\u00a0<strong>JUAN RAM\u00d3N GOITIA<\/strong><b>.<\/b>\u00a0Descarga nuestra revista para conocer las rehabilitaciones de edificios con forjados cer\u00e1micos:<\/p>\n<p>\u201c<em>No parece probable que volvamos a construir forjados cer\u00e1micos como los tratados en este trabajo, al menos con las condiciones de control de materiales y ejecuci\u00f3n de aquellos a\u00f1os de la posguerra y del desarrollo posterior, pero s\u00ed los encontramos en las labores de rehabilitaci\u00f3n de edificios con cierta edad.<\/em><\/p>\n<p><em>Como es dif\u00edcil rehabilitar lo que no se conoce y como un trabajo que explique a quien no tiene m\u00e1s de 60 a\u00f1os, o no armo nunca un forjado cer\u00e1mico, es como para la comisi\u00f3n de rehabilitaci\u00f3n del ACE empiezo a recordar y escribir sobre lo que se hac\u00eda con la cer\u00e1mica y el acero. Espero que sirva como gu\u00eda para analizar con un poco de cara y ojos y no s\u00f3lo diciendo lo de \u00ab\u2026se comprobar\u00e1 que los coeficientes de seguridad sean menores que los que marca la norma XXXX\u2026\u00bb.<\/em>\u201d<\/p>\n<p> ><\/p>\n<h2><strong>3. Conexiones estructurales, en hormig\u00f3n, con barras a posteriori<\/strong><\/h2>\n<p>Art\u00edculo redactado por el<strong>Departamento de Ingenier\u00eda de Hilti Espa\u00f1ola<\/strong>. Descarga la revista para saber el concepto de conexi\u00f3n estructural a posteriori as\u00ed como sus aplicaciones.<\/p>\n<p><em>\u201cEn este art\u00edculo se expone el concepto de conexi\u00f3n estructural a posteriori as\u00ed como sus aplicaciones, las diferentes teor\u00edas que existen para su c\u00e1lculo, desarrollando de forma m\u00e1s detallada una, con las diferentes variantes. De la misma forma se explicar\u00e1n algunos casos especiales de carga y el software de c\u00e1lculo para implementar todo esto.<\/em><\/p>\n<p><em>Las conexiones estructurales con barras a posteriori, empleando resina, son frecuentemente utilizadas para la conexi\u00f3n monol\u00edtica entre elementos existentes de hormig\u00f3n y elementos nuevos. Para el c\u00e1lculo de las mismas se puede utilizar las reglas existentes de hormig\u00f3n armado siempre que la resina cumpla una serie de caracter\u00edsticas.<\/em><\/p>\n<p><em>El c\u00e1lculo de estas conexiones y su optimizaci\u00f3n repercute directamente en el coste, no ocurre lo mismo que en barras embebidas, donde las diferentes profundidades de anclaje no afectan directamente al coste.<\/em><em >\u201c<\/em><\/p>\n<h2><strong>4. V Congreso de ACHE<\/strong><\/h2>\n<p><em>Proyecto de rehabilitaci\u00f3n de la casa Bellesguard de Antoni Gaud\u00ed.<\/em>\u00a0David Garcia, Mart\u00ed Cabestany y Amparo Lecha.<\/p>\n<p><em>Edificio de oficinas en el distrito 22@ de Barcelona.<\/em>\u00a0Antoni Bl\u00e1zquez, Andreu Vil\u00e0, Pablo L\u00f3pez y Rosa Maria Buadas<\/p>\n<h2><strong>5. Visita de la ACE y la UPC en la Bas\u00edlica de la Sagrada Familia<\/strong><\/h2>\n<p>Art\u00edculo redactado por\u00a0<strong>CARLES ROMEA<\/strong>. Descarga la revista para conocer la visita que la Asociaci\u00f3n de Constructores y la UPC realiz\u00f3 a la Bas\u00edlica.<\/p>\n<p><em>\u201cEl jueves 22 de noviembre algunos afortunados, pocos, tuvimos el inmenso privilegio de poder visitar las obras de la\u00a0<a href=\"https:\/\/sagradafamilia.org\/historia-del-temple\" target=\"_blank\" rel=\"noopener noreferrer\">Bas\u00edlica de la Sagrada Familia<\/a>. En una oferta rel\u00e1mpago de la ACE, nuestro socio de Honor, el arquitecto Carles Buxad\u00e9, nos gui\u00f3 en un recorrido itinerante por los sitios m\u00e1s emblem\u00e1ticos y accesibles de las obras de construcci\u00f3n de los nuevos pin\u00e1culos. La visita se inici\u00f3 con una exposici\u00f3n, v\u00eda \u00abpower-point\u00bb, de las diversas fases que sufri\u00f3 el proyecto hasta llegar a lo que hoy en d\u00eda es: una espl\u00e9ndida realidad.<\/em><\/p>\n<p><em>La explicaci\u00f3n del maestro, no rehuy\u00f3 los aspectos pol\u00e9micos, pero siempre desde el respeto y la admiraci\u00f3n al genio de Gaud\u00ed. Es una aut\u00e9ntica delicia, poder escuchar de primera mano una informaci\u00f3n tan razonada y vivida, de una gran personalidad del mundo de las estructuras, con un punto de apasionamiento pero desde el conocimiento y el rigor acad\u00e9mico.<\/em><em> \u201c<\/em><\/p>\n<h2><strong>6. Miscel\u00e1nea<\/strong><\/h2>\n<p>Acuerdo ARPHO. La ACE firma un acuerdo de colaboraci\u00f3n con ARPHO (Asociaci\u00f3n de Reparaci\u00f3n, Reforzo y Protecci\u00f3n del Hormig\u00f3n).<\/p>\n<h2><strong>7. Lista de miembros de la asociaci\u00f3n<\/strong><\/h2>\n<p>Conoce a los\u00a0miembros\u00a0de la Asociaci\u00f3n Consultores de Estructuras. Podr\u00e1s ver a los nuevos integrantes que participan por el reconocimiento de la profesi\u00f3n dentro del mundo de la construcci\u00f3n.<\/p>\n","protected":false},"excerpt":{"rendered":"<ul>\n<li>1. Editorial<\/li>\n<li>2. Los forjados de cer\u00e1mica armada antes y despu\u00e9s de la primera instrucci\u00f3n de c\u00e1lculo a rotura<\/li>\n<li>3. Conexiones estructurales, en hormig\u00f3n, con barras a posteriori<\/li>\n<li>4. V Congreso de ACHE<\/li>\n<li>5. Visita de la ACE y la UPC en la Bas\u00edlica de la Sagrada Familia<\/li>\n<li>6. Miscel\u00e1nea<\/li>\n<li>7. Lista de miembros de la Asociaci\u00f3n<\/li>\n<\/ul>\n","protected":false},"featured_media":37841,"template":"","meta":{"_acf_changed":false,"site-sidebar-layout":"default","site-content-layout":"default","ast-global-header-display":"","ast-main-header-display":"","ast-hfb-above-header-display":"","ast-hfb-below-header-display":"","ast-hfb-mobile-header-display":"","site-post-title":"","ast-breadcrumbs-content":"","ast-featured-img":"","footer-sml-layout":"","theme-transparent-header-meta":"default","adv-header-id-meta":"","stick-header-meta":"","header-above-stick-meta":"","header-main-stick-meta":"","header-below-stick-meta":""},"product_brand":[],"product_cat":[595],"product_tag":[],"class_list":{"0":"post-39833","1":"product","2":"type-product","3":"status-publish","4":"has-post-thumbnail","6":"product_cat-cuaderno-de-estructuras","7":"desktop-align-left","8":"tablet-align-left","9":"mobile-align-left","11":"first","12":"instock","13":"taxable","14":"shipping-taxable","15":"purchasable","16":"product-type-variable","17":"has-default-attributes"},"acf":[],"yoast_head":"<!-- This site is optimized with the Yoast SEO plugin v27.1.1 - https:\/\/yoast.com\/product\/yoast-seo-wordpress\/ -->\n<title>Quaderns d&#039;Estructures 43 | ACE<\/title>\n<meta name=\"description\" content=\"Revista n\u00ba 43 con art\u00edculos de actualidad que tratan sobre la construcci\u00f3n de estructuras y que publica la Asociaci\u00f3n de Consultores de Estructuras (ACE).\" \/>\n<meta name=\"robots\" content=\"index, follow, max-snippet:-1, max-image-preview:large, max-video-preview:-1\" \/>\n<link rel=\"canonical\" href=\"https:\/\/aceweb.cat\/es\/producto\/quaderns-destructures-43\/\" \/>\n<meta property=\"og:locale\" content=\"es_ES\" \/>\n<meta property=\"og:type\" content=\"article\" \/>\n<meta property=\"og:title\" content=\"Quaderns d&#039;Estructures 43 | ACE\" \/>\n<meta property=\"og:description\" content=\"Revista n\u00ba 43 con art\u00edculos de actualidad que tratan sobre la construcci\u00f3n de estructuras y que publica la Asociaci\u00f3n de Consultores de Estructuras (ACE).\" \/>\n<meta property=\"og:url\" content=\"https:\/\/aceweb.cat\/es\/producto\/quaderns-destructures-43\/\" \/>\n<meta property=\"og:site_name\" content=\"aceweb.cat\" \/>\n<meta property=\"article:modified_time\" content=\"2023-03-22T15:57:57+00:00\" \/>\n<meta property=\"og:image\" content=\"https:\/\/aceweb.cat\/wp-content\/uploads\/2023\/02\/ACE-Quaderns-Estructures-043.jpg\" \/>\n\t<meta property=\"og:image:width\" content=\"724\" \/>\n\t<meta property=\"og:image:height\" content=\"1024\" \/>\n\t<meta property=\"og:image:type\" content=\"image\/jpeg\" \/>\n<meta name=\"twitter:card\" content=\"summary_large_image\" \/>\n<meta name=\"twitter:label1\" content=\"Tiempo de lectura\" \/>\n\t<meta name=\"twitter:data1\" content=\"4 minutos\" \/>\n<script type=\"application\/ld+json\" class=\"yoast-schema-graph\">{\"@context\":\"https:\/\/schema.org\",\"@graph\":[{\"@type\":\"WebPage\",\"@id\":\"https:\/\/aceweb.cat\/es\/producto\/quaderns-destructures-43\/\",\"url\":\"https:\/\/aceweb.cat\/es\/producto\/quaderns-destructures-43\/\",\"name\":\"Quaderns d'Estructures 43 | ACE\",\"isPartOf\":{\"@id\":\"https:\/\/aceweb.cat\/#website\"},\"primaryImageOfPage\":{\"@id\":\"https:\/\/aceweb.cat\/es\/producto\/quaderns-destructures-43\/#primaryimage\"},\"image\":{\"@id\":\"https:\/\/aceweb.cat\/es\/producto\/quaderns-destructures-43\/#primaryimage\"},\"thumbnailUrl\":\"https:\/\/aceweb.cat\/wp-content\/uploads\/2023\/02\/ACE-Quaderns-Estructures-043.jpg\",\"datePublished\":\"2022-12-27T10:00:32+00:00\",\"dateModified\":\"2023-03-22T15:57:57+00:00\",\"description\":\"Revista n\u00ba 43 con art\u00edculos de actualidad que tratan sobre la construcci\u00f3n de estructuras y que publica la Asociaci\u00f3n de Consultores de Estructuras (ACE).\",\"breadcrumb\":{\"@id\":\"https:\/\/aceweb.cat\/es\/producto\/quaderns-destructures-43\/#breadcrumb\"},\"inLanguage\":\"es\",\"potentialAction\":[{\"@type\":\"ReadAction\",\"target\":[\"https:\/\/aceweb.cat\/es\/producto\/quaderns-destructures-43\/\"]}]},{\"@type\":\"ImageObject\",\"inLanguage\":\"es\",\"@id\":\"https:\/\/aceweb.cat\/es\/producto\/quaderns-destructures-43\/#primaryimage\",\"url\":\"https:\/\/aceweb.cat\/wp-content\/uploads\/2023\/02\/ACE-Quaderns-Estructures-043.jpg\",\"contentUrl\":\"https:\/\/aceweb.cat\/wp-content\/uploads\/2023\/02\/ACE-Quaderns-Estructures-043.jpg\",\"width\":724,\"height\":1024},{\"@type\":\"BreadcrumbList\",\"@id\":\"https:\/\/aceweb.cat\/es\/producto\/quaderns-destructures-43\/#breadcrumb\",\"itemListElement\":[{\"@type\":\"ListItem\",\"position\":1,\"name\":\"Inici\",\"item\":\"https:\/\/aceweb.cat\/\"},{\"@type\":\"ListItem\",\"position\":2,\"name\":\"Tienda\",\"item\":\"https:\/\/aceweb.cat\/es\/tienda\/\"},{\"@type\":\"ListItem\",\"position\":3,\"name\":\"Quadern d\u2019Estructures\",\"item\":\"https:\/\/aceweb.cat\/es\/categoria-producto\/cuaderno-de-estructuras\/\"},{\"@type\":\"ListItem\",\"position\":4,\"name\":\"Quaderns d&#8217;Estructures 43\"}]},{\"@type\":\"WebSite\",\"@id\":\"https:\/\/aceweb.cat\/#website\",\"url\":\"https:\/\/aceweb.cat\/\",\"name\":\"ACE\",\"description\":\"Associaci\u00f3 de Consultors d&#039;Estructures | ACE\",\"publisher\":{\"@id\":\"https:\/\/aceweb.cat\/#organization\"},\"alternateName\":\"ACE\",\"potentialAction\":[{\"@type\":\"SearchAction\",\"target\":{\"@type\":\"EntryPoint\",\"urlTemplate\":\"https:\/\/aceweb.cat\/?s={search_term_string}\"},\"query-input\":{\"@type\":\"PropertyValueSpecification\",\"valueRequired\":true,\"valueName\":\"search_term_string\"}}],\"inLanguage\":\"es\"},{\"@type\":\"Organization\",\"@id\":\"https:\/\/aceweb.cat\/#organization\",\"name\":\"ACE\",\"alternateName\":\"ACE\",\"url\":\"https:\/\/aceweb.cat\/\",\"logo\":{\"@type\":\"ImageObject\",\"inLanguage\":\"es\",\"@id\":\"https:\/\/aceweb.cat\/#\/schema\/logo\/image\/\",\"url\":\"https:\/\/aceweb.cat\/wp-content\/uploads\/2022\/10\/logo.svg\",\"contentUrl\":\"https:\/\/aceweb.cat\/wp-content\/uploads\/2022\/10\/logo.svg\",\"width\":1,\"height\":1,\"caption\":\"ACE\"},\"image\":{\"@id\":\"https:\/\/aceweb.cat\/#\/schema\/logo\/image\/\"}}]}<\/script>\n<!-- \/ Yoast SEO plugin. -->","yoast_head_json":{"title":"Quaderns d'Estructures 43 | ACE","description":"Revista n\u00ba 43 con art\u00edculos de actualidad que tratan sobre la construcci\u00f3n de estructuras y que publica la Asociaci\u00f3n de Consultores de Estructuras (ACE).","robots":{"index":"index","follow":"follow","max-snippet":"max-snippet:-1","max-image-preview":"max-image-preview:large","max-video-preview":"max-video-preview:-1"},"canonical":"https:\/\/aceweb.cat\/es\/producto\/quaderns-destructures-43\/","og_locale":"es_ES","og_type":"article","og_title":"Quaderns d'Estructures 43 | ACE","og_description":"Revista n\u00ba 43 con art\u00edculos de actualidad que tratan sobre la construcci\u00f3n de estructuras y que publica la Asociaci\u00f3n de Consultores de Estructuras (ACE).","og_url":"https:\/\/aceweb.cat\/es\/producto\/quaderns-destructures-43\/","og_site_name":"aceweb.cat","article_modified_time":"2023-03-22T15:57:57+00:00","og_image":[{"width":724,"height":1024,"url":"https:\/\/aceweb.cat\/wp-content\/uploads\/2023\/02\/ACE-Quaderns-Estructures-043.jpg","type":"image\/jpeg"}],"twitter_card":"summary_large_image","twitter_misc":{"Tiempo de lectura":"4 minutos"},"schema":{"@context":"https:\/\/schema.org","@graph":[{"@type":"WebPage","@id":"https:\/\/aceweb.cat\/es\/producto\/quaderns-destructures-43\/","url":"https:\/\/aceweb.cat\/es\/producto\/quaderns-destructures-43\/","name":"Quaderns d'Estructures 43 | ACE","isPartOf":{"@id":"https:\/\/aceweb.cat\/#website"},"primaryImageOfPage":{"@id":"https:\/\/aceweb.cat\/es\/producto\/quaderns-destructures-43\/#primaryimage"},"image":{"@id":"https:\/\/aceweb.cat\/es\/producto\/quaderns-destructures-43\/#primaryimage"},"thumbnailUrl":"https:\/\/aceweb.cat\/wp-content\/uploads\/2023\/02\/ACE-Quaderns-Estructures-043.jpg","datePublished":"2022-12-27T10:00:32+00:00","dateModified":"2023-03-22T15:57:57+00:00","description":"Revista n\u00ba 43 con art\u00edculos de actualidad que tratan sobre la construcci\u00f3n de estructuras y que publica la Asociaci\u00f3n de Consultores de Estructuras (ACE).","breadcrumb":{"@id":"https:\/\/aceweb.cat\/es\/producto\/quaderns-destructures-43\/#breadcrumb"},"inLanguage":"es","potentialAction":[{"@type":"ReadAction","target":["https:\/\/aceweb.cat\/es\/producto\/quaderns-destructures-43\/"]}]},{"@type":"ImageObject","inLanguage":"es","@id":"https:\/\/aceweb.cat\/es\/producto\/quaderns-destructures-43\/#primaryimage","url":"https:\/\/aceweb.cat\/wp-content\/uploads\/2023\/02\/ACE-Quaderns-Estructures-043.jpg","contentUrl":"https:\/\/aceweb.cat\/wp-content\/uploads\/2023\/02\/ACE-Quaderns-Estructures-043.jpg","width":724,"height":1024},{"@type":"BreadcrumbList","@id":"https:\/\/aceweb.cat\/es\/producto\/quaderns-destructures-43\/#breadcrumb","itemListElement":[{"@type":"ListItem","position":1,"name":"Inici","item":"https:\/\/aceweb.cat\/"},{"@type":"ListItem","position":2,"name":"Tienda","item":"https:\/\/aceweb.cat\/es\/tienda\/"},{"@type":"ListItem","position":3,"name":"Quadern d\u2019Estructures","item":"https:\/\/aceweb.cat\/es\/categoria-producto\/cuaderno-de-estructuras\/"},{"@type":"ListItem","position":4,"name":"Quaderns d&#8217;Estructures 43"}]},{"@type":"WebSite","@id":"https:\/\/aceweb.cat\/#website","url":"https:\/\/aceweb.cat\/","name":"ACE","description":"Associaci\u00f3 de Consultors d&#039;Estructures | ACE","publisher":{"@id":"https:\/\/aceweb.cat\/#organization"},"alternateName":"ACE","potentialAction":[{"@type":"SearchAction","target":{"@type":"EntryPoint","urlTemplate":"https:\/\/aceweb.cat\/?s={search_term_string}"},"query-input":{"@type":"PropertyValueSpecification","valueRequired":true,"valueName":"search_term_string"}}],"inLanguage":"es"},{"@type":"Organization","@id":"https:\/\/aceweb.cat\/#organization","name":"ACE","alternateName":"ACE","url":"https:\/\/aceweb.cat\/","logo":{"@type":"ImageObject","inLanguage":"es","@id":"https:\/\/aceweb.cat\/#\/schema\/logo\/image\/","url":"https:\/\/aceweb.cat\/wp-content\/uploads\/2022\/10\/logo.svg","contentUrl":"https:\/\/aceweb.cat\/wp-content\/uploads\/2022\/10\/logo.svg","width":1,"height":1,"caption":"ACE"},"image":{"@id":"https:\/\/aceweb.cat\/#\/schema\/logo\/image\/"}}]}},"_links":{"self":[{"href":"https:\/\/aceweb.cat\/es\/wp-json\/wp\/v2\/product\/39833","targetHints":{"allow":["GET"]}}],"collection":[{"href":"https:\/\/aceweb.cat\/es\/wp-json\/wp\/v2\/product"}],"about":[{"href":"https:\/\/aceweb.cat\/es\/wp-json\/wp\/v2\/types\/product"}],"version-history":[{"count":1,"href":"https:\/\/aceweb.cat\/es\/wp-json\/wp\/v2\/product\/39833\/revisions"}],"predecessor-version":[{"id":41024,"href":"https:\/\/aceweb.cat\/es\/wp-json\/wp\/v2\/product\/39833\/revisions\/41024"}],"wp:featuredmedia":[{"embeddable":true,"href":"https:\/\/aceweb.cat\/es\/wp-json\/wp\/v2\/media\/37841"}],"wp:attachment":[{"href":"https:\/\/aceweb.cat\/es\/wp-json\/wp\/v2\/media?parent=39833"}],"wp:term":[{"taxonomy":"product_brand","embeddable":true,"href":"https:\/\/aceweb.cat\/es\/wp-json\/wp\/v2\/product_brand?post=39833"},{"taxonomy":"product_cat","embeddable":true,"href":"https:\/\/aceweb.cat\/es\/wp-json\/wp\/v2\/product_cat?post=39833"},{"taxonomy":"product_tag","embeddable":true,"href":"https:\/\/aceweb.cat\/es\/wp-json\/wp\/v2\/product_tag?post=39833"}],"curies":[{"name":"wp","href":"https:\/\/api.w.org\/{rel}","templated":true}]}}