{"id":39836,"date":"2022-12-28T10:00:56","date_gmt":"2022-12-28T10:00:56","guid":{"rendered":"https:\/\/www.aceweb.advertis.es\/producto\/quaderns-destructures-44\/"},"modified":"2023-03-22T15:58:09","modified_gmt":"2023-03-22T15:58:09","slug":"quaderns-destructures-44","status":"publish","type":"product","link":"https:\/\/aceweb.cat\/es\/producto\/quaderns-destructures-44\/","title":{"rendered":"Quaderns d&#8217;Estructures 44"},"content":{"rendered":"<p>Este n\u00famero incluye:<\/p>\n<h2><strong>1. Editorial<\/strong><\/h2>\n<p>Art\u00edculo redactado por\u00a0<strong>MIQUEL RODR\u00cdGUEZ<\/strong><b>.<\/b>\u00a0Descarga la revista para conocer hacia d\u00f3nde va nuestra profesi\u00f3n:<\/p>\n<p><em>\u201cEs dif\u00edcil saber actualmente hacia d\u00f3nde dirigirnos laboralmente, si reinventarnos o internacionalizarnos, que es la frase favorita de algunos pol\u00edticos actuales. Pero a todos nos pasa ahora, que trabajamos, o mejor dicho, dedicamos m\u00e1s horas al trabajo que antes, para facturar, que no significa cobrar, menos que antes.<\/em><\/p>\n<p><em>Lo que s\u00ed est\u00e1 claro, es que tenemos que hacer las cosas con prudencia, ya que venimos de una \u00e9poca donde la sociedad, en general, ha estirado m\u00e1s el brazo que la manga, y ahora pagamos las consecuencias.<\/em><em>\u201c<\/em><\/p>\n<h2><strong>2. Tubos de cart\u00f3n: una alternativa con futuro al presente de la construcci\u00f3n<\/strong><\/h2>\n<p>Art\u00edculo redactado por\u00a0<strong>MIGUEL \u00c1NGEL LOBO<\/strong><b>.<\/b>\u00a0Descarga la revista para conocer las experiencias con este derivado de la producci\u00f3n industrial:<\/p>\n<p>\u201c<em>El objetivo de este art\u00edculo es dar a conocer experiencias personales recientes que sirven de ejemplo y de comprobaci\u00f3n de las posibilidades con este derivado de la producci\u00f3n industrial, ensayos realizados que se apoyan en leyes b\u00e1sicas de la materia y la geometr\u00eda, en posibilidades presentes en el mercado, as\u00ed como en diversas experiencias recogidas a lo largo de estos \u00faltimos a\u00f1os en diferentes pa\u00edses.<\/em>\u201d<\/p>\n<h2><strong>3. Estudio de la formulaci\u00f3n expuesta en la instrucci\u00f3n EHE2008 que define el grado de translacionalidad global de una estructura aporticada<\/strong><\/h2>\n<p>Art\u00edculo redactado por\u00a0<strong>JORDI MARISTANY CARRERAS<\/strong>,\u00a0<strong>LUCRECIA CALDER\u00d3N VALDIVIEZO<\/strong>\u00a0y\u00a0<strong>ALBERT ALBAREDA VALLS<\/strong>. Descarga la revista para saber el comportamiento deformacional de las estructuras aporticadas.<\/p>\n<p><em>\u201cUna de las decisiones menos claras, m\u00e1s problem\u00e1ticas y que pide m\u00e1s subjetividad al proyectista de una estructura de un edificio, a la hora de abordar el c\u00e1lculo de la estructura de un edificio cualquiera , es definir su grado de \u00abtranslacionalidad global\u00bb.<\/em><\/p>\n<p><em>El comportamiento deformacional de las estructuras porticadas de hormig\u00f3n armado es extraordinariamente complejo debido a la multitud de factores que intervienen: concreci\u00f3n de los coeficientes de seguridad, definici\u00f3n precisa del m\u00f3dulo el\u00e1stico del hormig\u00f3n, proceso de fisuraci\u00f3n y plastificaci\u00f3n del material, comportamiento del terreno sobre el que se asienta el edificio, interrelaci\u00f3n entre construcci\u00f3n (lea cerramientos, etc.) con la propia estructura, etc., lo que hace muy dif\u00edcil hacer un c\u00e1lculo de precisi\u00f3n del conjunto.<\/em> <em>\u201c<\/em><\/p>\n<h2><strong>4. Timber wave (ola de madera)<\/strong><\/h2>\n<p>Art\u00edculo redactado por\u00a0<strong>AMANDA LEVETE ARCHITECTS<\/strong>. Descarga la revista para conocer el Festival de Dise\u00f1o de Londres.<\/p>\n<p><em>\u201cAnualmente, el Festival de Dise\u00f1o de Londres proporciona a los dise\u00f1adores una plataforma para explorar las nuevas posibilidades de los materiales. Para la edici\u00f3n de 2011, el American Hardwood Export Council (AHEC) encarg\u00f3 a Amanda Levete Architects (AL_A) el dise\u00f1o de una instalaci\u00f3n temporal que se ubicar\u00eda en la entrada del <a href=\"https:\/\/www.youtube.com\/watch?v=5qLIYkAn0Ig\" target=\"_blank\" rel=\"noopener noreferrer\">\u00a0Museo Victoria &amp; Albert (V&#038;A)<\/a>. La idea consist\u00eda en utilizar la madera de roble rojo norteamericano para crear una gigantesca pieza de mobiliario que literalmente \u00abquitara\u00bb el museo a la calle.<\/em><\/p>\n<p><em>La historia del proyecto se remonta a 1998, a\u00f1o en que Michael Hopkins decidi\u00f3 utilizar roble blanco estadounidense para el tejado del patio de Portcullis House, un edificio perteneciente al parlamento brit\u00e1nico. Hasta entonces, el roble blanco nunca se hab\u00eda utilizado estructuralmente en Europa y Arup, la firma de ingenier\u00eda del proyecto, decidi\u00f3 llevar a cabo un completo programa de ensayos.\u201d<\/em><\/p>\n<h2><strong>5. V Congreso de ACHE<\/strong><\/h2>\n<p>Art\u00edculo redactado por\u00a0<strong>ANNA MARIA BORDAS GELI<\/strong>\u00a0y\u00a0<strong>MIQUEL PEIRO SENDRA<\/strong>. Descarga la revista para conocer el an\u00e1lisis del contraviento de edificios de gran altura en hormig\u00f3n armado.<\/p>\n<p><em>\u201cEl principal problema en la concepci\u00f3n de edificios de gran altura es el contraviento, de hecho mientras que los esfuerzos verticales crecen de forma lineal con la altura; el viento crece con la potencia cuarta de la altura. Esto unido con que no se puede aumentar la base del edificio de forma indefinida, debido a condicionantes de uso de las torres, hace que la utilizaci\u00f3n de la fachada como parte participante al contraviento sea un problema de actualidad .<\/em><\/p>\n<p><em>En cambio, la bibliograf\u00eda sobre el tema es escasa, en este art\u00edculo presentamos un estudio param\u00e9trico para entender mejor c\u00f3mo participan las fachadas al contraviento en funci\u00f3n de la geometr\u00eda, condiciones de apoyo\u2026 y al mismo tiempo proponemos un m\u00e9todo de predimensionamiento de las fachadas.<\/em><em>\u201c<\/em><\/p>\n<h2><strong>6. Miscel\u00e1nea<\/strong><\/h2>\n<p>PATORREB, 4\u00ba Congreso de Patolog\u00eda y Rehabilitaci\u00f3n de Edificios.<\/p>\n<h2><strong>7. Lista de miembros de la asociaci\u00f3n<\/strong><\/h2>\n<p>Conoce a los\u00a0miembros\u00a0de la Asociaci\u00f3n Consultores de Estructuras. Podr\u00e1s ver a los nuevos integrantes que participan por el reconocimiento de la profesi\u00f3n dentro del mundo de la construcci\u00f3n.<\/p>\n","protected":false},"excerpt":{"rendered":"<ul>\n<li>1. Editorial<\/li>\n<li>2. Tubos de cart\u00f3n: una alternativa con futuro al presente de la construcci\u00f3n<\/li>\n<li>3. Estudio de la formulaci\u00f3n expuesta en la instrucci\u00f3n EHE2008 que define el grado de translacionalidad global de una estructura aporticada<\/li>\n<li>4. Timber wave (ola de madera)<\/li>\n<li>5. V Congreso de ACHE<\/li>\n<li>6. Miscel\u00e1nea<\/li>\n<li>7. Lista de miembros de la Asociaci\u00f3n<\/li>\n<\/ul>\n","protected":false},"featured_media":37831,"template":"","meta":{"_acf_changed":false,"site-sidebar-layout":"default","site-content-layout":"default","ast-global-header-display":"","ast-main-header-display":"","ast-hfb-above-header-display":"","ast-hfb-below-header-display":"","ast-hfb-mobile-header-display":"","site-post-title":"","ast-breadcrumbs-content":"","ast-featured-img":"","footer-sml-layout":"","theme-transparent-header-meta":"default","adv-header-id-meta":"","stick-header-meta":"","header-above-stick-meta":"","header-main-stick-meta":"","header-below-stick-meta":""},"product_brand":[],"product_cat":[595],"product_tag":[],"class_list":{"0":"post-39836","1":"product","2":"type-product","3":"status-publish","4":"has-post-thumbnail","6":"product_cat-cuaderno-de-estructuras","7":"desktop-align-left","8":"tablet-align-left","9":"mobile-align-left","11":"first","12":"instock","13":"taxable","14":"shipping-taxable","15":"purchasable","16":"product-type-variable","17":"has-default-attributes"},"acf":[],"yoast_head":"<!-- This site is optimized with the Yoast SEO plugin v27.1.1 - https:\/\/yoast.com\/product\/yoast-seo-wordpress\/ -->\n<title>Quaderns d&#039;Estructures 44 | ACE<\/title>\n<meta name=\"description\" content=\"Revista n\u00ba 44 con art\u00edculos de actualidad que tratan sobre la construcci\u00f3n de estructuras y que publica la Asociaci\u00f3n de Consultores de Estructuras (ACE).\" \/>\n<meta name=\"robots\" content=\"index, follow, max-snippet:-1, max-image-preview:large, max-video-preview:-1\" \/>\n<link rel=\"canonical\" href=\"https:\/\/aceweb.cat\/es\/producto\/quaderns-destructures-44\/\" \/>\n<meta property=\"og:locale\" content=\"es_ES\" \/>\n<meta property=\"og:type\" content=\"article\" \/>\n<meta property=\"og:title\" content=\"Quaderns d&#039;Estructures 44 | ACE\" \/>\n<meta property=\"og:description\" content=\"Revista n\u00ba 44 con art\u00edculos de actualidad que tratan sobre la construcci\u00f3n de estructuras y que publica la Asociaci\u00f3n de Consultores de Estructuras (ACE).\" \/>\n<meta property=\"og:url\" content=\"https:\/\/aceweb.cat\/es\/producto\/quaderns-destructures-44\/\" \/>\n<meta property=\"og:site_name\" content=\"aceweb.cat\" \/>\n<meta property=\"article:modified_time\" content=\"2023-03-22T15:58:09+00:00\" \/>\n<meta property=\"og:image\" content=\"https:\/\/aceweb.cat\/wp-content\/uploads\/2023\/02\/ACE-Quaderns-Estructures-044.jpg\" \/>\n\t<meta property=\"og:image:width\" content=\"724\" \/>\n\t<meta property=\"og:image:height\" content=\"1024\" \/>\n\t<meta property=\"og:image:type\" content=\"image\/jpeg\" \/>\n<meta name=\"twitter:card\" content=\"summary_large_image\" \/>\n<meta name=\"twitter:label1\" content=\"Tiempo de lectura\" \/>\n\t<meta name=\"twitter:data1\" content=\"4 minutos\" \/>\n<script type=\"application\/ld+json\" class=\"yoast-schema-graph\">{\"@context\":\"https:\/\/schema.org\",\"@graph\":[{\"@type\":\"WebPage\",\"@id\":\"https:\/\/aceweb.cat\/es\/producto\/quaderns-destructures-44\/\",\"url\":\"https:\/\/aceweb.cat\/es\/producto\/quaderns-destructures-44\/\",\"name\":\"Quaderns d'Estructures 44 | ACE\",\"isPartOf\":{\"@id\":\"https:\/\/aceweb.cat\/#website\"},\"primaryImageOfPage\":{\"@id\":\"https:\/\/aceweb.cat\/es\/producto\/quaderns-destructures-44\/#primaryimage\"},\"image\":{\"@id\":\"https:\/\/aceweb.cat\/es\/producto\/quaderns-destructures-44\/#primaryimage\"},\"thumbnailUrl\":\"https:\/\/aceweb.cat\/wp-content\/uploads\/2023\/02\/ACE-Quaderns-Estructures-044.jpg\",\"datePublished\":\"2022-12-28T10:00:56+00:00\",\"dateModified\":\"2023-03-22T15:58:09+00:00\",\"description\":\"Revista n\u00ba 44 con art\u00edculos de actualidad que tratan sobre la construcci\u00f3n de estructuras y que publica la Asociaci\u00f3n de Consultores de Estructuras (ACE).\",\"breadcrumb\":{\"@id\":\"https:\/\/aceweb.cat\/es\/producto\/quaderns-destructures-44\/#breadcrumb\"},\"inLanguage\":\"es\",\"potentialAction\":[{\"@type\":\"ReadAction\",\"target\":[\"https:\/\/aceweb.cat\/es\/producto\/quaderns-destructures-44\/\"]}]},{\"@type\":\"ImageObject\",\"inLanguage\":\"es\",\"@id\":\"https:\/\/aceweb.cat\/es\/producto\/quaderns-destructures-44\/#primaryimage\",\"url\":\"https:\/\/aceweb.cat\/wp-content\/uploads\/2023\/02\/ACE-Quaderns-Estructures-044.jpg\",\"contentUrl\":\"https:\/\/aceweb.cat\/wp-content\/uploads\/2023\/02\/ACE-Quaderns-Estructures-044.jpg\",\"width\":724,\"height\":1024},{\"@type\":\"BreadcrumbList\",\"@id\":\"https:\/\/aceweb.cat\/es\/producto\/quaderns-destructures-44\/#breadcrumb\",\"itemListElement\":[{\"@type\":\"ListItem\",\"position\":1,\"name\":\"Inici\",\"item\":\"https:\/\/aceweb.cat\/\"},{\"@type\":\"ListItem\",\"position\":2,\"name\":\"Tienda\",\"item\":\"https:\/\/aceweb.cat\/es\/tienda\/\"},{\"@type\":\"ListItem\",\"position\":3,\"name\":\"Quadern d\u2019Estructures\",\"item\":\"https:\/\/aceweb.cat\/es\/categoria-producto\/cuaderno-de-estructuras\/\"},{\"@type\":\"ListItem\",\"position\":4,\"name\":\"Quaderns d&#8217;Estructures 44\"}]},{\"@type\":\"WebSite\",\"@id\":\"https:\/\/aceweb.cat\/#website\",\"url\":\"https:\/\/aceweb.cat\/\",\"name\":\"ACE\",\"description\":\"Associaci\u00f3 de Consultors d&#039;Estructures | ACE\",\"publisher\":{\"@id\":\"https:\/\/aceweb.cat\/#organization\"},\"alternateName\":\"ACE\",\"potentialAction\":[{\"@type\":\"SearchAction\",\"target\":{\"@type\":\"EntryPoint\",\"urlTemplate\":\"https:\/\/aceweb.cat\/?s={search_term_string}\"},\"query-input\":{\"@type\":\"PropertyValueSpecification\",\"valueRequired\":true,\"valueName\":\"search_term_string\"}}],\"inLanguage\":\"es\"},{\"@type\":\"Organization\",\"@id\":\"https:\/\/aceweb.cat\/#organization\",\"name\":\"ACE\",\"alternateName\":\"ACE\",\"url\":\"https:\/\/aceweb.cat\/\",\"logo\":{\"@type\":\"ImageObject\",\"inLanguage\":\"es\",\"@id\":\"https:\/\/aceweb.cat\/#\/schema\/logo\/image\/\",\"url\":\"https:\/\/aceweb.cat\/wp-content\/uploads\/2022\/10\/logo.svg\",\"contentUrl\":\"https:\/\/aceweb.cat\/wp-content\/uploads\/2022\/10\/logo.svg\",\"width\":1,\"height\":1,\"caption\":\"ACE\"},\"image\":{\"@id\":\"https:\/\/aceweb.cat\/#\/schema\/logo\/image\/\"}}]}<\/script>\n<!-- \/ Yoast SEO plugin. -->","yoast_head_json":{"title":"Quaderns d'Estructures 44 | ACE","description":"Revista n\u00ba 44 con art\u00edculos de actualidad que tratan sobre la construcci\u00f3n de estructuras y que publica la Asociaci\u00f3n de Consultores de Estructuras (ACE).","robots":{"index":"index","follow":"follow","max-snippet":"max-snippet:-1","max-image-preview":"max-image-preview:large","max-video-preview":"max-video-preview:-1"},"canonical":"https:\/\/aceweb.cat\/es\/producto\/quaderns-destructures-44\/","og_locale":"es_ES","og_type":"article","og_title":"Quaderns d'Estructures 44 | ACE","og_description":"Revista n\u00ba 44 con art\u00edculos de actualidad que tratan sobre la construcci\u00f3n de estructuras y que publica la Asociaci\u00f3n de Consultores de Estructuras (ACE).","og_url":"https:\/\/aceweb.cat\/es\/producto\/quaderns-destructures-44\/","og_site_name":"aceweb.cat","article_modified_time":"2023-03-22T15:58:09+00:00","og_image":[{"width":724,"height":1024,"url":"https:\/\/aceweb.cat\/wp-content\/uploads\/2023\/02\/ACE-Quaderns-Estructures-044.jpg","type":"image\/jpeg"}],"twitter_card":"summary_large_image","twitter_misc":{"Tiempo de lectura":"4 minutos"},"schema":{"@context":"https:\/\/schema.org","@graph":[{"@type":"WebPage","@id":"https:\/\/aceweb.cat\/es\/producto\/quaderns-destructures-44\/","url":"https:\/\/aceweb.cat\/es\/producto\/quaderns-destructures-44\/","name":"Quaderns d'Estructures 44 | ACE","isPartOf":{"@id":"https:\/\/aceweb.cat\/#website"},"primaryImageOfPage":{"@id":"https:\/\/aceweb.cat\/es\/producto\/quaderns-destructures-44\/#primaryimage"},"image":{"@id":"https:\/\/aceweb.cat\/es\/producto\/quaderns-destructures-44\/#primaryimage"},"thumbnailUrl":"https:\/\/aceweb.cat\/wp-content\/uploads\/2023\/02\/ACE-Quaderns-Estructures-044.jpg","datePublished":"2022-12-28T10:00:56+00:00","dateModified":"2023-03-22T15:58:09+00:00","description":"Revista n\u00ba 44 con art\u00edculos de actualidad que tratan sobre la construcci\u00f3n de estructuras y que publica la Asociaci\u00f3n de Consultores de Estructuras (ACE).","breadcrumb":{"@id":"https:\/\/aceweb.cat\/es\/producto\/quaderns-destructures-44\/#breadcrumb"},"inLanguage":"es","potentialAction":[{"@type":"ReadAction","target":["https:\/\/aceweb.cat\/es\/producto\/quaderns-destructures-44\/"]}]},{"@type":"ImageObject","inLanguage":"es","@id":"https:\/\/aceweb.cat\/es\/producto\/quaderns-destructures-44\/#primaryimage","url":"https:\/\/aceweb.cat\/wp-content\/uploads\/2023\/02\/ACE-Quaderns-Estructures-044.jpg","contentUrl":"https:\/\/aceweb.cat\/wp-content\/uploads\/2023\/02\/ACE-Quaderns-Estructures-044.jpg","width":724,"height":1024},{"@type":"BreadcrumbList","@id":"https:\/\/aceweb.cat\/es\/producto\/quaderns-destructures-44\/#breadcrumb","itemListElement":[{"@type":"ListItem","position":1,"name":"Inici","item":"https:\/\/aceweb.cat\/"},{"@type":"ListItem","position":2,"name":"Tienda","item":"https:\/\/aceweb.cat\/es\/tienda\/"},{"@type":"ListItem","position":3,"name":"Quadern d\u2019Estructures","item":"https:\/\/aceweb.cat\/es\/categoria-producto\/cuaderno-de-estructuras\/"},{"@type":"ListItem","position":4,"name":"Quaderns d&#8217;Estructures 44"}]},{"@type":"WebSite","@id":"https:\/\/aceweb.cat\/#website","url":"https:\/\/aceweb.cat\/","name":"ACE","description":"Associaci\u00f3 de Consultors d&#039;Estructures | ACE","publisher":{"@id":"https:\/\/aceweb.cat\/#organization"},"alternateName":"ACE","potentialAction":[{"@type":"SearchAction","target":{"@type":"EntryPoint","urlTemplate":"https:\/\/aceweb.cat\/?s={search_term_string}"},"query-input":{"@type":"PropertyValueSpecification","valueRequired":true,"valueName":"search_term_string"}}],"inLanguage":"es"},{"@type":"Organization","@id":"https:\/\/aceweb.cat\/#organization","name":"ACE","alternateName":"ACE","url":"https:\/\/aceweb.cat\/","logo":{"@type":"ImageObject","inLanguage":"es","@id":"https:\/\/aceweb.cat\/#\/schema\/logo\/image\/","url":"https:\/\/aceweb.cat\/wp-content\/uploads\/2022\/10\/logo.svg","contentUrl":"https:\/\/aceweb.cat\/wp-content\/uploads\/2022\/10\/logo.svg","width":1,"height":1,"caption":"ACE"},"image":{"@id":"https:\/\/aceweb.cat\/#\/schema\/logo\/image\/"}}]}},"_links":{"self":[{"href":"https:\/\/aceweb.cat\/es\/wp-json\/wp\/v2\/product\/39836","targetHints":{"allow":["GET"]}}],"collection":[{"href":"https:\/\/aceweb.cat\/es\/wp-json\/wp\/v2\/product"}],"about":[{"href":"https:\/\/aceweb.cat\/es\/wp-json\/wp\/v2\/types\/product"}],"version-history":[{"count":1,"href":"https:\/\/aceweb.cat\/es\/wp-json\/wp\/v2\/product\/39836\/revisions"}],"predecessor-version":[{"id":41025,"href":"https:\/\/aceweb.cat\/es\/wp-json\/wp\/v2\/product\/39836\/revisions\/41025"}],"wp:featuredmedia":[{"embeddable":true,"href":"https:\/\/aceweb.cat\/es\/wp-json\/wp\/v2\/media\/37831"}],"wp:attachment":[{"href":"https:\/\/aceweb.cat\/es\/wp-json\/wp\/v2\/media?parent=39836"}],"wp:term":[{"taxonomy":"product_brand","embeddable":true,"href":"https:\/\/aceweb.cat\/es\/wp-json\/wp\/v2\/product_brand?post=39836"},{"taxonomy":"product_cat","embeddable":true,"href":"https:\/\/aceweb.cat\/es\/wp-json\/wp\/v2\/product_cat?post=39836"},{"taxonomy":"product_tag","embeddable":true,"href":"https:\/\/aceweb.cat\/es\/wp-json\/wp\/v2\/product_tag?post=39836"}],"curies":[{"name":"wp","href":"https:\/\/api.w.org\/{rel}","templated":true}]}}