{"id":39839,"date":"2022-12-29T10:00:20","date_gmt":"2022-12-29T10:00:20","guid":{"rendered":"https:\/\/www.aceweb.advertis.es\/producto\/quaderns-destructures-45\/"},"modified":"2023-03-22T15:58:21","modified_gmt":"2023-03-22T15:58:21","slug":"quaderns-destructures-45","status":"publish","type":"product","link":"https:\/\/aceweb.cat\/es\/producto\/quaderns-destructures-45\/","title":{"rendered":"Quaderns d&#8217;Estructures 45"},"content":{"rendered":"<p>Este n\u00famero incluye:<\/p>\n<h2><strong>1. Editorial<\/strong><\/h2>\n<p>Art\u00edculo redactado por\u00a0<b>DAVID GARC\u00cdA<\/b>. Descarga la revista para conocer el estado de la econom\u00eda en nuestro sector:<\/p>\n<p><em>\u201cHace bastante tiempo, en una editorial de esta misma revista, plante\u00e9 la posibilidad de llegar al 25 % de paro en Espa\u00f1a. Hubo quien me lo reproch\u00f3 tild\u00e1ndome de pesimista. Hoy ya hemos llegado. Y ya estamos. \u00a1Otro meritorio hito de nuestros dirigentes!<\/em><\/p>\n<p><em>No es que yo sepa, de macroeconom\u00eda predictiva, lo m\u00e1s m\u00ednimo, pero viendo c\u00f3mo iban las cosas y, sobre todo, viendo c\u00f3mo las encaraban los pol\u00edticos, no era especialmente dif\u00edcil hacer estas previsiones.<\/em> <em>\u201c<\/em><\/p>\n<h2><strong>2. Jornada t\u00e9cnica sobre el terremoto de Lorca<\/strong><\/h2>\n<p>Extractos de las ponencias presentadas en la Jornada t\u00e9cnica:<\/p>\n<ul>\n<li>Aspectos sismol\u00f3gicos (IGC). Xavier Goula: Dr. Ciencias F\u00edsicas. Jefe del \u00c1rea de Sismolog\u00eda del IGC.<\/li>\n<li>Estimaci\u00f3n r\u00e1pida del da\u00f1o y su evoluci\u00f3n posterior. Carmen Sandoval: Dra. Ingeniera de Caminos. Gobierno Regi\u00f3n de Murcia.<\/li>\n<li>Lecciones aprendidas en Lorca 2011. Sistema de gesti\u00f3n de emergencias \u00abon line\u00bb. Alejandro Salazar: Arquitecto. Voluntario \u00abEscuela Nacional de Protecci\u00f3n Civil\u00bb<\/li>\n<li>Experiencias por un Protocolo T\u00e9cnico de Actuaci\u00f3n despu\u00e9s de los terremotos del once de mayo de 2011 en Lorca. Juan Rold\u00e1n: Dr. Arquitecto. Director \u00abEscuela de Arquitectura e Ingenier\u00eda de la Edificaci\u00f3n de la Universidad Cat\u00f3lica San Antonio de Murcia\u00bb.<\/li>\n<li>Una visi\u00f3n cr\u00edtica general de la problem\u00e1tica generada por el terremoto. Florentino Regalado: dr. Ingeniero de Caminos. Profesor Universidad de Alicante.<\/li>\n<li>Da\u00f1os observados, patrimonio y edificios de especial importancia. Janira Irizarry: Dra. Ingeniera Civil. IGC. y Jairo Valc\u00e1rcel: Ingeniero Civil. Doctorando UPC.<\/li>\n<li>Da\u00f1os observados, necesidad de la ductilidad. \u00c0lex Barbat: Dr. Ingeniero de Caminos. Catedr\u00e1tico UPC.<\/li>\n<li>Da\u00f1os observados, la importancia de aprender. Hugo Corres: Dr. Ingeniero de Caminos. Profesor UPM.<\/li>\n<li>Comportamiento de los entramados estructurales frente al se\u00edsmo. Criterios de reparaci\u00f3n. Ram\u00f3n \u00c1lvarez: dr. Ingeniero Industrial. Profesor. UPM.<\/li>\n<\/ul>\n<h2><strong>3. Pavimentos continuos de hormig\u00f3n sin juntas en la obra de IKEA de Sabadell<\/strong><\/h2>\n<p>Art\u00edculo redactado por\u00a0<strong>JOS\u00c9 ANTONIO RODR\u00cdGUEZ L\u00d3PEZ<\/strong>. Descarga la revista para conocer las soluciones adoptadas en la obra de Ikea en Sabadell.<\/p>\n<p><em>\u201c<\/em>En la construcci\u00f3n de la tienda de <a href=\"https:\/\/g.page\/ikea-171?share\" target=\"_blank\" rel=\"noopener noreferrer\"> IKEA de Sabadell<\/a>, ya partir de una estructura prefabricada previamente montada, la empresa especializada en la construcci\u00f3n de pavimentos Prosistemas ha realizado las operaciones oportunas para convertir el hormig\u00f3n estructural de la capa de compresi\u00f3n de los forjados en pavimentos continuos de hormig\u00f3n de alta planimetr\u00eda sin juntas, en acabado gris claro brillante de elevada dureza.<\/p>\n<p>Con este tipo de soluci\u00f3n adoptada, se optimiza la capacidad de carga de la estructura, reduciendo cotas y disponiendo de mayor altura libre. Al mismo tiempo, se pretende conseguir un bonito pavimento que sea f\u00e1cil de limpiar y mantener, a lo largo de toda su vida \u00fatil.<em>\u201c<\/em><\/p>\n<h2><strong>4. Patorreb. 4\u00ba Congreso de Patolog\u00eda y Rehabilitaci\u00f3n de Edificios<\/strong><\/h2>\n<p>Tal como ya se est\u00e1 haciendo en n\u00fameros anteriores, recogeremos a lo largo de varios n\u00fameros algunas ponencias presentadas por nuestros asociados en el Congreso Patorreb, celebrado en Santiago de Compostela el pasado mes de abril.<\/p>\n<p><em>\u201c<\/em>Patolog\u00eda estructural: rotura de una jacena de madera de 100 a\u00f1os por vicios ocultos en su interior\u201d, Jorge Blasco y Joaqu\u00edn Mont\u00f3n.<em>\u201c<\/em><\/p>\n<h2><strong>5. Miscel\u00e1nea<\/strong><\/h2>\n<p>Convenio escuela SERT-IEE.<\/p>\n<h2><strong>6. Lista de miembros de la asociaci\u00f3n<\/strong><\/h2>\n<p>Conoce a los\u00a0miembros\u00a0de la Asociaci\u00f3n Consultores de Estructuras. Podr\u00e1s ver a los nuevos integrantes que participan por el reconocimiento de la profesi\u00f3n dentro del mundo de la construcci\u00f3n.<\/p>\n","protected":false},"excerpt":{"rendered":"<ul>\n<li>1. Editorial<\/li>\n<li>2. Jornada t\u00e9cnica sobre el terremoto de Lorca<\/li>\n<li>3. Pavimentos continuos de hormig\u00f3n sin juntas en la obra de IKEA de Sabadell<\/li>\n<li>4. Patorreb. 4\u00ba Congreso de Patolog\u00eda y Rehabilitaci\u00f3n de Edificios<\/li>\n<li>5. Miscel\u00e1nea<\/li>\n<li>6. Lista de miembros de la Asociaci\u00f3n<\/li>\n<\/ul>\n","protected":false},"featured_media":37821,"template":"","meta":{"_acf_changed":false,"site-sidebar-layout":"default","site-content-layout":"default","ast-global-header-display":"","ast-main-header-display":"","ast-hfb-above-header-display":"","ast-hfb-below-header-display":"","ast-hfb-mobile-header-display":"","site-post-title":"","ast-breadcrumbs-content":"","ast-featured-img":"","footer-sml-layout":"","theme-transparent-header-meta":"default","adv-header-id-meta":"","stick-header-meta":"","header-above-stick-meta":"","header-main-stick-meta":"","header-below-stick-meta":""},"product_brand":[],"product_cat":[595],"product_tag":[],"class_list":{"0":"post-39839","1":"product","2":"type-product","3":"status-publish","4":"has-post-thumbnail","6":"product_cat-cuaderno-de-estructuras","7":"desktop-align-left","8":"tablet-align-left","9":"mobile-align-left","11":"first","12":"instock","13":"taxable","14":"shipping-taxable","15":"purchasable","16":"product-type-variable","17":"has-default-attributes"},"acf":[],"yoast_head":"<!-- This site is optimized with the Yoast SEO plugin v27.1.1 - https:\/\/yoast.com\/product\/yoast-seo-wordpress\/ -->\n<title>Quaderns d&#039;Estructures 45 | ACE<\/title>\n<meta name=\"description\" content=\"Revista n\u00ba 45 con art\u00edculos de actualidad que tratan sobre la construcci\u00f3n de estructuras y publica la Asociaci\u00f3n de Consultores de Estructuras (ACE).\" \/>\n<meta name=\"robots\" content=\"index, follow, max-snippet:-1, max-image-preview:large, max-video-preview:-1\" \/>\n<link rel=\"canonical\" href=\"https:\/\/aceweb.cat\/es\/producto\/quaderns-destructures-45\/\" \/>\n<meta property=\"og:locale\" content=\"es_ES\" \/>\n<meta property=\"og:type\" content=\"article\" \/>\n<meta property=\"og:title\" content=\"Quaderns d&#039;Estructures 45 | ACE\" \/>\n<meta property=\"og:description\" content=\"Revista n\u00ba 45 con art\u00edculos de actualidad que tratan sobre la construcci\u00f3n de estructuras y publica la Asociaci\u00f3n de Consultores de Estructuras (ACE).\" \/>\n<meta property=\"og:url\" content=\"https:\/\/aceweb.cat\/es\/producto\/quaderns-destructures-45\/\" \/>\n<meta property=\"og:site_name\" content=\"aceweb.cat\" \/>\n<meta property=\"article:modified_time\" content=\"2023-03-22T15:58:21+00:00\" \/>\n<meta property=\"og:image\" content=\"https:\/\/aceweb.cat\/wp-content\/uploads\/2023\/02\/ACE-Quaderns-Estructures-045.jpg\" \/>\n\t<meta property=\"og:image:width\" content=\"724\" \/>\n\t<meta property=\"og:image:height\" content=\"1024\" \/>\n\t<meta property=\"og:image:type\" content=\"image\/jpeg\" \/>\n<meta name=\"twitter:card\" content=\"summary_large_image\" \/>\n<meta name=\"twitter:label1\" content=\"Tiempo de lectura\" \/>\n\t<meta name=\"twitter:data1\" content=\"3 minutos\" \/>\n<script type=\"application\/ld+json\" class=\"yoast-schema-graph\">{\"@context\":\"https:\/\/schema.org\",\"@graph\":[{\"@type\":\"WebPage\",\"@id\":\"https:\/\/aceweb.cat\/es\/producto\/quaderns-destructures-45\/\",\"url\":\"https:\/\/aceweb.cat\/es\/producto\/quaderns-destructures-45\/\",\"name\":\"Quaderns d'Estructures 45 | ACE\",\"isPartOf\":{\"@id\":\"https:\/\/aceweb.cat\/#website\"},\"primaryImageOfPage\":{\"@id\":\"https:\/\/aceweb.cat\/es\/producto\/quaderns-destructures-45\/#primaryimage\"},\"image\":{\"@id\":\"https:\/\/aceweb.cat\/es\/producto\/quaderns-destructures-45\/#primaryimage\"},\"thumbnailUrl\":\"https:\/\/aceweb.cat\/wp-content\/uploads\/2023\/02\/ACE-Quaderns-Estructures-045.jpg\",\"datePublished\":\"2022-12-29T10:00:20+00:00\",\"dateModified\":\"2023-03-22T15:58:21+00:00\",\"description\":\"Revista n\u00ba 45 con art\u00edculos de actualidad que tratan sobre la construcci\u00f3n de estructuras y publica la Asociaci\u00f3n de Consultores de Estructuras (ACE).\",\"breadcrumb\":{\"@id\":\"https:\/\/aceweb.cat\/es\/producto\/quaderns-destructures-45\/#breadcrumb\"},\"inLanguage\":\"es\",\"potentialAction\":[{\"@type\":\"ReadAction\",\"target\":[\"https:\/\/aceweb.cat\/es\/producto\/quaderns-destructures-45\/\"]}]},{\"@type\":\"ImageObject\",\"inLanguage\":\"es\",\"@id\":\"https:\/\/aceweb.cat\/es\/producto\/quaderns-destructures-45\/#primaryimage\",\"url\":\"https:\/\/aceweb.cat\/wp-content\/uploads\/2023\/02\/ACE-Quaderns-Estructures-045.jpg\",\"contentUrl\":\"https:\/\/aceweb.cat\/wp-content\/uploads\/2023\/02\/ACE-Quaderns-Estructures-045.jpg\",\"width\":724,\"height\":1024},{\"@type\":\"BreadcrumbList\",\"@id\":\"https:\/\/aceweb.cat\/es\/producto\/quaderns-destructures-45\/#breadcrumb\",\"itemListElement\":[{\"@type\":\"ListItem\",\"position\":1,\"name\":\"Inici\",\"item\":\"https:\/\/aceweb.cat\/\"},{\"@type\":\"ListItem\",\"position\":2,\"name\":\"Tienda\",\"item\":\"https:\/\/aceweb.cat\/es\/tienda\/\"},{\"@type\":\"ListItem\",\"position\":3,\"name\":\"Quadern d\u2019Estructures\",\"item\":\"https:\/\/aceweb.cat\/es\/categoria-producto\/cuaderno-de-estructuras\/\"},{\"@type\":\"ListItem\",\"position\":4,\"name\":\"Quaderns d&#8217;Estructures 45\"}]},{\"@type\":\"WebSite\",\"@id\":\"https:\/\/aceweb.cat\/#website\",\"url\":\"https:\/\/aceweb.cat\/\",\"name\":\"ACE\",\"description\":\"Associaci\u00f3 de Consultors d&#039;Estructures | ACE\",\"publisher\":{\"@id\":\"https:\/\/aceweb.cat\/#organization\"},\"alternateName\":\"ACE\",\"potentialAction\":[{\"@type\":\"SearchAction\",\"target\":{\"@type\":\"EntryPoint\",\"urlTemplate\":\"https:\/\/aceweb.cat\/?s={search_term_string}\"},\"query-input\":{\"@type\":\"PropertyValueSpecification\",\"valueRequired\":true,\"valueName\":\"search_term_string\"}}],\"inLanguage\":\"es\"},{\"@type\":\"Organization\",\"@id\":\"https:\/\/aceweb.cat\/#organization\",\"name\":\"ACE\",\"alternateName\":\"ACE\",\"url\":\"https:\/\/aceweb.cat\/\",\"logo\":{\"@type\":\"ImageObject\",\"inLanguage\":\"es\",\"@id\":\"https:\/\/aceweb.cat\/#\/schema\/logo\/image\/\",\"url\":\"https:\/\/aceweb.cat\/wp-content\/uploads\/2022\/10\/logo.svg\",\"contentUrl\":\"https:\/\/aceweb.cat\/wp-content\/uploads\/2022\/10\/logo.svg\",\"width\":1,\"height\":1,\"caption\":\"ACE\"},\"image\":{\"@id\":\"https:\/\/aceweb.cat\/#\/schema\/logo\/image\/\"}}]}<\/script>\n<!-- \/ Yoast SEO plugin. -->","yoast_head_json":{"title":"Quaderns d'Estructures 45 | ACE","description":"Revista n\u00ba 45 con art\u00edculos de actualidad que tratan sobre la construcci\u00f3n de estructuras y publica la Asociaci\u00f3n de Consultores de Estructuras (ACE).","robots":{"index":"index","follow":"follow","max-snippet":"max-snippet:-1","max-image-preview":"max-image-preview:large","max-video-preview":"max-video-preview:-1"},"canonical":"https:\/\/aceweb.cat\/es\/producto\/quaderns-destructures-45\/","og_locale":"es_ES","og_type":"article","og_title":"Quaderns d'Estructures 45 | ACE","og_description":"Revista n\u00ba 45 con art\u00edculos de actualidad que tratan sobre la construcci\u00f3n de estructuras y publica la Asociaci\u00f3n de Consultores de Estructuras (ACE).","og_url":"https:\/\/aceweb.cat\/es\/producto\/quaderns-destructures-45\/","og_site_name":"aceweb.cat","article_modified_time":"2023-03-22T15:58:21+00:00","og_image":[{"width":724,"height":1024,"url":"https:\/\/aceweb.cat\/wp-content\/uploads\/2023\/02\/ACE-Quaderns-Estructures-045.jpg","type":"image\/jpeg"}],"twitter_card":"summary_large_image","twitter_misc":{"Tiempo de lectura":"3 minutos"},"schema":{"@context":"https:\/\/schema.org","@graph":[{"@type":"WebPage","@id":"https:\/\/aceweb.cat\/es\/producto\/quaderns-destructures-45\/","url":"https:\/\/aceweb.cat\/es\/producto\/quaderns-destructures-45\/","name":"Quaderns d'Estructures 45 | ACE","isPartOf":{"@id":"https:\/\/aceweb.cat\/#website"},"primaryImageOfPage":{"@id":"https:\/\/aceweb.cat\/es\/producto\/quaderns-destructures-45\/#primaryimage"},"image":{"@id":"https:\/\/aceweb.cat\/es\/producto\/quaderns-destructures-45\/#primaryimage"},"thumbnailUrl":"https:\/\/aceweb.cat\/wp-content\/uploads\/2023\/02\/ACE-Quaderns-Estructures-045.jpg","datePublished":"2022-12-29T10:00:20+00:00","dateModified":"2023-03-22T15:58:21+00:00","description":"Revista n\u00ba 45 con art\u00edculos de actualidad que tratan sobre la construcci\u00f3n de estructuras y publica la Asociaci\u00f3n de Consultores de Estructuras (ACE).","breadcrumb":{"@id":"https:\/\/aceweb.cat\/es\/producto\/quaderns-destructures-45\/#breadcrumb"},"inLanguage":"es","potentialAction":[{"@type":"ReadAction","target":["https:\/\/aceweb.cat\/es\/producto\/quaderns-destructures-45\/"]}]},{"@type":"ImageObject","inLanguage":"es","@id":"https:\/\/aceweb.cat\/es\/producto\/quaderns-destructures-45\/#primaryimage","url":"https:\/\/aceweb.cat\/wp-content\/uploads\/2023\/02\/ACE-Quaderns-Estructures-045.jpg","contentUrl":"https:\/\/aceweb.cat\/wp-content\/uploads\/2023\/02\/ACE-Quaderns-Estructures-045.jpg","width":724,"height":1024},{"@type":"BreadcrumbList","@id":"https:\/\/aceweb.cat\/es\/producto\/quaderns-destructures-45\/#breadcrumb","itemListElement":[{"@type":"ListItem","position":1,"name":"Inici","item":"https:\/\/aceweb.cat\/"},{"@type":"ListItem","position":2,"name":"Tienda","item":"https:\/\/aceweb.cat\/es\/tienda\/"},{"@type":"ListItem","position":3,"name":"Quadern d\u2019Estructures","item":"https:\/\/aceweb.cat\/es\/categoria-producto\/cuaderno-de-estructuras\/"},{"@type":"ListItem","position":4,"name":"Quaderns d&#8217;Estructures 45"}]},{"@type":"WebSite","@id":"https:\/\/aceweb.cat\/#website","url":"https:\/\/aceweb.cat\/","name":"ACE","description":"Associaci\u00f3 de Consultors d&#039;Estructures | ACE","publisher":{"@id":"https:\/\/aceweb.cat\/#organization"},"alternateName":"ACE","potentialAction":[{"@type":"SearchAction","target":{"@type":"EntryPoint","urlTemplate":"https:\/\/aceweb.cat\/?s={search_term_string}"},"query-input":{"@type":"PropertyValueSpecification","valueRequired":true,"valueName":"search_term_string"}}],"inLanguage":"es"},{"@type":"Organization","@id":"https:\/\/aceweb.cat\/#organization","name":"ACE","alternateName":"ACE","url":"https:\/\/aceweb.cat\/","logo":{"@type":"ImageObject","inLanguage":"es","@id":"https:\/\/aceweb.cat\/#\/schema\/logo\/image\/","url":"https:\/\/aceweb.cat\/wp-content\/uploads\/2022\/10\/logo.svg","contentUrl":"https:\/\/aceweb.cat\/wp-content\/uploads\/2022\/10\/logo.svg","width":1,"height":1,"caption":"ACE"},"image":{"@id":"https:\/\/aceweb.cat\/#\/schema\/logo\/image\/"}}]}},"_links":{"self":[{"href":"https:\/\/aceweb.cat\/es\/wp-json\/wp\/v2\/product\/39839","targetHints":{"allow":["GET"]}}],"collection":[{"href":"https:\/\/aceweb.cat\/es\/wp-json\/wp\/v2\/product"}],"about":[{"href":"https:\/\/aceweb.cat\/es\/wp-json\/wp\/v2\/types\/product"}],"version-history":[{"count":1,"href":"https:\/\/aceweb.cat\/es\/wp-json\/wp\/v2\/product\/39839\/revisions"}],"predecessor-version":[{"id":41026,"href":"https:\/\/aceweb.cat\/es\/wp-json\/wp\/v2\/product\/39839\/revisions\/41026"}],"wp:featuredmedia":[{"embeddable":true,"href":"https:\/\/aceweb.cat\/es\/wp-json\/wp\/v2\/media\/37821"}],"wp:attachment":[{"href":"https:\/\/aceweb.cat\/es\/wp-json\/wp\/v2\/media?parent=39839"}],"wp:term":[{"taxonomy":"product_brand","embeddable":true,"href":"https:\/\/aceweb.cat\/es\/wp-json\/wp\/v2\/product_brand?post=39839"},{"taxonomy":"product_cat","embeddable":true,"href":"https:\/\/aceweb.cat\/es\/wp-json\/wp\/v2\/product_cat?post=39839"},{"taxonomy":"product_tag","embeddable":true,"href":"https:\/\/aceweb.cat\/es\/wp-json\/wp\/v2\/product_tag?post=39839"}],"curies":[{"name":"wp","href":"https:\/\/api.w.org\/{rel}","templated":true}]}}