{"id":39842,"date":"2022-12-30T10:00:29","date_gmt":"2022-12-30T10:00:29","guid":{"rendered":"https:\/\/www.aceweb.advertis.es\/producto\/quaderns-destructures-46\/"},"modified":"2023-03-22T15:58:33","modified_gmt":"2023-03-22T15:58:33","slug":"quaderns-destructures-46","status":"publish","type":"product","link":"https:\/\/aceweb.cat\/es\/producto\/quaderns-destructures-46\/","title":{"rendered":"Quaderns d&#8217;Estructures 46"},"content":{"rendered":"<p>Este n\u00famero incluye:<\/p>\n<h2><strong>1. Editorial<\/strong><\/h2>\n<p>Art\u00edculo redactado por\u00a0<b>CESC ALDAB\u00d3<\/b>. Descarga la revista para conocer la propuesta por la reactivaci\u00f3n del Instituto de Estudios Estructurales (IEE):<\/p>\n<p><em>\u201cUno de los objetivos que la Junta Directiva de la Asociaci\u00f3n se propuso para este mandato es la reactivaci\u00f3n del Instituto de Estudios Estructurales (IEE). As\u00ed, se ofreci\u00f3 la Presidencia a Robert Brufau, que acept\u00f3 encantado, y se cre\u00f3 el \u00c1rea de Formaci\u00f3n, de la que soy vocal, para dotarle de mano de obra barata (por si alguien no lo supiera, tanto los cargos de la Junta como la presidencia del IEE no son remunerados).<\/em><\/p>\n<p><em>Constituido el equipo base, se fijaron unas directrices que han marcado los diferentes pasos seguidos por el Instituto desde su reactivaci\u00f3n.\u201d<\/em><\/p>\n<h2><strong>2. Jornada t\u00e9cnica sobre el terremoto de Lorca<\/strong><\/h2>\n<p>Extractos de las ponencias presentadas en la Jornada t\u00e9cnica:<\/p>\n<ul>\n<li>Experiencias para un protocolo t\u00e9cnico de Actuaci\u00f3n despu\u00e9s Terremotos. Los movimientos s\u00edsmicos de Lorca del 11 de mayo de 2011, Juan Rold\u00e1n<\/li>\n<li>Una visi\u00f3n cr\u00edtica general de la problem\u00e1tica generada por el terremoto, Florentino Regalado<\/li>\n<li>Comportamiento s\u00edsmico de los edificios de Lorca, Janira Irizarry, \u00c0lex Barbat + Jairo Valc\u00e1rcel<\/li>\n<li>Comportamiento de los entramados estructurales frente al se\u00edsmo, S. D\u00e1vila, PP Hoogendoorn + Ram\u00f3n \u00c1lvarez<\/li>\n<\/ul>\n<h2><strong>3. Estudio del comportamiento mec\u00e1nico de arcos de ca\u00f1a Arundo Donax<\/strong><\/h2>\n<p>Art\u00edculo redactado por\u00a0<strong>RABINDRANATH AND\u00daJAR<\/strong>,\u00a0<strong>MARCO FANDO MORELL<\/strong>,\u00a0<strong>ORIOL PALOU JULI\u00c1N<\/strong>,\u00a0<strong>BRUNO PERIS RENNGLI<\/strong>\u00a0i\u00a0< strong>JORDI MARISTANY CARRERAS<\/strong>. Descarga la revista para conocer y normalizar la ca\u00f1a com\u00fan como material de construcci\u00f3n.<\/p>\n<p><em>\u201cCon el objetivo de conocer y normalizar la ca\u00f1a com\u00fan (<a href=\"https:\/\/es.wikipedia.org\/wiki\/Canya_de_sant_Joan\" target=\"_blank\" rel=\"noopener noreferrer\"> Arundo Donax<\/a>) como material de construcci\u00f3n, en mayo de 2011 se cre\u00f3 el grupo \u00abInvestigaci\u00f3n Canyera\u00bb constituido por estudiantes de la asociaci\u00f3n ESFA (Espacio Social y de Formaci\u00f3n de Arquitectura) con el apoyo de otros profesionales y profesores de la Escuela T\u00e9cnica Superior de Arquitectura de Barcelona de la Universidad Polit\u00e9nica de Catalu\u00f1a.<\/em><\/p>\n<p><em>Este grupo ha llevado a cabo un estudio sobre el comportamiento mec\u00e1nico de los arcos de ca\u00f1a mediante pruebas de cargas sobre arcos y segmentos de arco realizados mediante el m\u00e9todo constructivo desarrollado por el colectivo Canya Viva. Para tales efectos se han realizado pruebas tipo low-tech que permiten medir f\u00e1cilmente la deformaci\u00f3n de los elementos al recibir cargas puntuales. Paralelamente tambi\u00e9n se ha trabajado con la tecnolog\u00eda de fotogrametr\u00eda para elaborar modelos 3D.\u201d<\/em><\/p>\n<h2><strong>4. Miscel\u00e1nea<\/strong><\/h2>\n<p>Jornada Reparaci\u00f3n y refuerzo de cimentaciones en rehabilitaci\u00f3n de edificios. Nuevas t\u00e9cnicas y casos pr\u00e1cticos.<\/p>\n<h2><strong>5. Lista de miembros de la asociaci\u00f3n<\/strong><\/h2>\n<p>Conoce a los\u00a0miembros\u00a0de la Asociaci\u00f3n Consultores de Estructuras. Podr\u00e1s ver a los nuevos integrantes que participan por el reconocimiento de la profesi\u00f3n dentro del mundo de la construcci\u00f3n.<\/p>\n","protected":false},"excerpt":{"rendered":"<ul>\n<li>1. Editorial<\/li>\n<li>2. Jornada t\u00e9cnica sobre el terremoto de Lorca<\/li>\n<li>3. Estudio del comportamiento mec\u00e1nico de arcos de ca\u00f1a Arundo Donax<\/li>\n<li>4. Miscel\u00e1nea<\/li>\n<li>5. Lista de miembros de la Asociaci\u00f3n<\/li>\n<\/ul>\n","protected":false},"featured_media":37809,"template":"","meta":{"_acf_changed":false,"site-sidebar-layout":"default","site-content-layout":"default","ast-global-header-display":"","ast-main-header-display":"","ast-hfb-above-header-display":"","ast-hfb-below-header-display":"","ast-hfb-mobile-header-display":"","site-post-title":"","ast-breadcrumbs-content":"","ast-featured-img":"","footer-sml-layout":"","theme-transparent-header-meta":"default","adv-header-id-meta":"","stick-header-meta":"","header-above-stick-meta":"","header-main-stick-meta":"","header-below-stick-meta":""},"product_brand":[],"product_cat":[595],"product_tag":[],"class_list":{"0":"post-39842","1":"product","2":"type-product","3":"status-publish","4":"has-post-thumbnail","6":"product_cat-cuaderno-de-estructuras","7":"desktop-align-left","8":"tablet-align-left","9":"mobile-align-left","11":"first","12":"instock","13":"taxable","14":"shipping-taxable","15":"purchasable","16":"product-type-variable","17":"has-default-attributes"},"acf":[],"yoast_head":"<!-- This site is optimized with the Yoast SEO plugin v27.1.1 - https:\/\/yoast.com\/product\/yoast-seo-wordpress\/ -->\n<title>Quaderns d&#039;Estructures 46 | ACE<\/title>\n<meta name=\"description\" content=\"Revista n\u00ba 46 con art\u00edculos de actualidad que tratan sobre la construcci\u00f3n de estructuras y publica la Asociaci\u00f3n de Consultores de Estructuras (ACE).\" \/>\n<meta name=\"robots\" content=\"index, follow, max-snippet:-1, max-image-preview:large, max-video-preview:-1\" \/>\n<link rel=\"canonical\" href=\"https:\/\/aceweb.cat\/es\/producto\/quaderns-destructures-46\/\" \/>\n<meta property=\"og:locale\" content=\"es_ES\" \/>\n<meta property=\"og:type\" content=\"article\" \/>\n<meta property=\"og:title\" content=\"Quaderns d&#039;Estructures 46 | ACE\" \/>\n<meta property=\"og:description\" content=\"Revista n\u00ba 46 con art\u00edculos de actualidad que tratan sobre la construcci\u00f3n de estructuras y publica la Asociaci\u00f3n de Consultores de Estructuras (ACE).\" \/>\n<meta property=\"og:url\" content=\"https:\/\/aceweb.cat\/es\/producto\/quaderns-destructures-46\/\" \/>\n<meta property=\"og:site_name\" content=\"aceweb.cat\" \/>\n<meta property=\"article:modified_time\" content=\"2023-03-22T15:58:33+00:00\" \/>\n<meta property=\"og:image\" content=\"https:\/\/aceweb.cat\/wp-content\/uploads\/2023\/02\/ACE-Quaderns-Estructures-046.jpg\" \/>\n\t<meta property=\"og:image:width\" content=\"724\" \/>\n\t<meta property=\"og:image:height\" content=\"1024\" \/>\n\t<meta property=\"og:image:type\" content=\"image\/jpeg\" \/>\n<meta name=\"twitter:card\" content=\"summary_large_image\" \/>\n<meta name=\"twitter:label1\" content=\"Tiempo de lectura\" \/>\n\t<meta name=\"twitter:data1\" content=\"2 minutos\" \/>\n<script type=\"application\/ld+json\" class=\"yoast-schema-graph\">{\"@context\":\"https:\/\/schema.org\",\"@graph\":[{\"@type\":\"WebPage\",\"@id\":\"https:\/\/aceweb.cat\/es\/producto\/quaderns-destructures-46\/\",\"url\":\"https:\/\/aceweb.cat\/es\/producto\/quaderns-destructures-46\/\",\"name\":\"Quaderns d'Estructures 46 | ACE\",\"isPartOf\":{\"@id\":\"https:\/\/aceweb.cat\/#website\"},\"primaryImageOfPage\":{\"@id\":\"https:\/\/aceweb.cat\/es\/producto\/quaderns-destructures-46\/#primaryimage\"},\"image\":{\"@id\":\"https:\/\/aceweb.cat\/es\/producto\/quaderns-destructures-46\/#primaryimage\"},\"thumbnailUrl\":\"https:\/\/aceweb.cat\/wp-content\/uploads\/2023\/02\/ACE-Quaderns-Estructures-046.jpg\",\"datePublished\":\"2022-12-30T10:00:29+00:00\",\"dateModified\":\"2023-03-22T15:58:33+00:00\",\"description\":\"Revista n\u00ba 46 con art\u00edculos de actualidad que tratan sobre la construcci\u00f3n de estructuras y publica la Asociaci\u00f3n de Consultores de Estructuras (ACE).\",\"breadcrumb\":{\"@id\":\"https:\/\/aceweb.cat\/es\/producto\/quaderns-destructures-46\/#breadcrumb\"},\"inLanguage\":\"es\",\"potentialAction\":[{\"@type\":\"ReadAction\",\"target\":[\"https:\/\/aceweb.cat\/es\/producto\/quaderns-destructures-46\/\"]}]},{\"@type\":\"ImageObject\",\"inLanguage\":\"es\",\"@id\":\"https:\/\/aceweb.cat\/es\/producto\/quaderns-destructures-46\/#primaryimage\",\"url\":\"https:\/\/aceweb.cat\/wp-content\/uploads\/2023\/02\/ACE-Quaderns-Estructures-046.jpg\",\"contentUrl\":\"https:\/\/aceweb.cat\/wp-content\/uploads\/2023\/02\/ACE-Quaderns-Estructures-046.jpg\",\"width\":724,\"height\":1024},{\"@type\":\"BreadcrumbList\",\"@id\":\"https:\/\/aceweb.cat\/es\/producto\/quaderns-destructures-46\/#breadcrumb\",\"itemListElement\":[{\"@type\":\"ListItem\",\"position\":1,\"name\":\"Inici\",\"item\":\"https:\/\/aceweb.cat\/\"},{\"@type\":\"ListItem\",\"position\":2,\"name\":\"Tienda\",\"item\":\"https:\/\/aceweb.cat\/es\/tienda\/\"},{\"@type\":\"ListItem\",\"position\":3,\"name\":\"Quadern d\u2019Estructures\",\"item\":\"https:\/\/aceweb.cat\/es\/categoria-producto\/cuaderno-de-estructuras\/\"},{\"@type\":\"ListItem\",\"position\":4,\"name\":\"Quaderns d&#8217;Estructures 46\"}]},{\"@type\":\"WebSite\",\"@id\":\"https:\/\/aceweb.cat\/#website\",\"url\":\"https:\/\/aceweb.cat\/\",\"name\":\"ACE\",\"description\":\"Associaci\u00f3 de Consultors d&#039;Estructures | ACE\",\"publisher\":{\"@id\":\"https:\/\/aceweb.cat\/#organization\"},\"alternateName\":\"ACE\",\"potentialAction\":[{\"@type\":\"SearchAction\",\"target\":{\"@type\":\"EntryPoint\",\"urlTemplate\":\"https:\/\/aceweb.cat\/?s={search_term_string}\"},\"query-input\":{\"@type\":\"PropertyValueSpecification\",\"valueRequired\":true,\"valueName\":\"search_term_string\"}}],\"inLanguage\":\"es\"},{\"@type\":\"Organization\",\"@id\":\"https:\/\/aceweb.cat\/#organization\",\"name\":\"ACE\",\"alternateName\":\"ACE\",\"url\":\"https:\/\/aceweb.cat\/\",\"logo\":{\"@type\":\"ImageObject\",\"inLanguage\":\"es\",\"@id\":\"https:\/\/aceweb.cat\/#\/schema\/logo\/image\/\",\"url\":\"https:\/\/aceweb.cat\/wp-content\/uploads\/2022\/10\/logo.svg\",\"contentUrl\":\"https:\/\/aceweb.cat\/wp-content\/uploads\/2022\/10\/logo.svg\",\"width\":1,\"height\":1,\"caption\":\"ACE\"},\"image\":{\"@id\":\"https:\/\/aceweb.cat\/#\/schema\/logo\/image\/\"}}]}<\/script>\n<!-- \/ Yoast SEO plugin. -->","yoast_head_json":{"title":"Quaderns d'Estructures 46 | ACE","description":"Revista n\u00ba 46 con art\u00edculos de actualidad que tratan sobre la construcci\u00f3n de estructuras y publica la Asociaci\u00f3n de Consultores de Estructuras (ACE).","robots":{"index":"index","follow":"follow","max-snippet":"max-snippet:-1","max-image-preview":"max-image-preview:large","max-video-preview":"max-video-preview:-1"},"canonical":"https:\/\/aceweb.cat\/es\/producto\/quaderns-destructures-46\/","og_locale":"es_ES","og_type":"article","og_title":"Quaderns d'Estructures 46 | ACE","og_description":"Revista n\u00ba 46 con art\u00edculos de actualidad que tratan sobre la construcci\u00f3n de estructuras y publica la Asociaci\u00f3n de Consultores de Estructuras (ACE).","og_url":"https:\/\/aceweb.cat\/es\/producto\/quaderns-destructures-46\/","og_site_name":"aceweb.cat","article_modified_time":"2023-03-22T15:58:33+00:00","og_image":[{"width":724,"height":1024,"url":"https:\/\/aceweb.cat\/wp-content\/uploads\/2023\/02\/ACE-Quaderns-Estructures-046.jpg","type":"image\/jpeg"}],"twitter_card":"summary_large_image","twitter_misc":{"Tiempo de lectura":"2 minutos"},"schema":{"@context":"https:\/\/schema.org","@graph":[{"@type":"WebPage","@id":"https:\/\/aceweb.cat\/es\/producto\/quaderns-destructures-46\/","url":"https:\/\/aceweb.cat\/es\/producto\/quaderns-destructures-46\/","name":"Quaderns d'Estructures 46 | ACE","isPartOf":{"@id":"https:\/\/aceweb.cat\/#website"},"primaryImageOfPage":{"@id":"https:\/\/aceweb.cat\/es\/producto\/quaderns-destructures-46\/#primaryimage"},"image":{"@id":"https:\/\/aceweb.cat\/es\/producto\/quaderns-destructures-46\/#primaryimage"},"thumbnailUrl":"https:\/\/aceweb.cat\/wp-content\/uploads\/2023\/02\/ACE-Quaderns-Estructures-046.jpg","datePublished":"2022-12-30T10:00:29+00:00","dateModified":"2023-03-22T15:58:33+00:00","description":"Revista n\u00ba 46 con art\u00edculos de actualidad que tratan sobre la construcci\u00f3n de estructuras y publica la Asociaci\u00f3n de Consultores de Estructuras (ACE).","breadcrumb":{"@id":"https:\/\/aceweb.cat\/es\/producto\/quaderns-destructures-46\/#breadcrumb"},"inLanguage":"es","potentialAction":[{"@type":"ReadAction","target":["https:\/\/aceweb.cat\/es\/producto\/quaderns-destructures-46\/"]}]},{"@type":"ImageObject","inLanguage":"es","@id":"https:\/\/aceweb.cat\/es\/producto\/quaderns-destructures-46\/#primaryimage","url":"https:\/\/aceweb.cat\/wp-content\/uploads\/2023\/02\/ACE-Quaderns-Estructures-046.jpg","contentUrl":"https:\/\/aceweb.cat\/wp-content\/uploads\/2023\/02\/ACE-Quaderns-Estructures-046.jpg","width":724,"height":1024},{"@type":"BreadcrumbList","@id":"https:\/\/aceweb.cat\/es\/producto\/quaderns-destructures-46\/#breadcrumb","itemListElement":[{"@type":"ListItem","position":1,"name":"Inici","item":"https:\/\/aceweb.cat\/"},{"@type":"ListItem","position":2,"name":"Tienda","item":"https:\/\/aceweb.cat\/es\/tienda\/"},{"@type":"ListItem","position":3,"name":"Quadern d\u2019Estructures","item":"https:\/\/aceweb.cat\/es\/categoria-producto\/cuaderno-de-estructuras\/"},{"@type":"ListItem","position":4,"name":"Quaderns d&#8217;Estructures 46"}]},{"@type":"WebSite","@id":"https:\/\/aceweb.cat\/#website","url":"https:\/\/aceweb.cat\/","name":"ACE","description":"Associaci\u00f3 de Consultors d&#039;Estructures | ACE","publisher":{"@id":"https:\/\/aceweb.cat\/#organization"},"alternateName":"ACE","potentialAction":[{"@type":"SearchAction","target":{"@type":"EntryPoint","urlTemplate":"https:\/\/aceweb.cat\/?s={search_term_string}"},"query-input":{"@type":"PropertyValueSpecification","valueRequired":true,"valueName":"search_term_string"}}],"inLanguage":"es"},{"@type":"Organization","@id":"https:\/\/aceweb.cat\/#organization","name":"ACE","alternateName":"ACE","url":"https:\/\/aceweb.cat\/","logo":{"@type":"ImageObject","inLanguage":"es","@id":"https:\/\/aceweb.cat\/#\/schema\/logo\/image\/","url":"https:\/\/aceweb.cat\/wp-content\/uploads\/2022\/10\/logo.svg","contentUrl":"https:\/\/aceweb.cat\/wp-content\/uploads\/2022\/10\/logo.svg","width":1,"height":1,"caption":"ACE"},"image":{"@id":"https:\/\/aceweb.cat\/#\/schema\/logo\/image\/"}}]}},"_links":{"self":[{"href":"https:\/\/aceweb.cat\/es\/wp-json\/wp\/v2\/product\/39842","targetHints":{"allow":["GET"]}}],"collection":[{"href":"https:\/\/aceweb.cat\/es\/wp-json\/wp\/v2\/product"}],"about":[{"href":"https:\/\/aceweb.cat\/es\/wp-json\/wp\/v2\/types\/product"}],"version-history":[{"count":1,"href":"https:\/\/aceweb.cat\/es\/wp-json\/wp\/v2\/product\/39842\/revisions"}],"predecessor-version":[{"id":41027,"href":"https:\/\/aceweb.cat\/es\/wp-json\/wp\/v2\/product\/39842\/revisions\/41027"}],"wp:featuredmedia":[{"embeddable":true,"href":"https:\/\/aceweb.cat\/es\/wp-json\/wp\/v2\/media\/37809"}],"wp:attachment":[{"href":"https:\/\/aceweb.cat\/es\/wp-json\/wp\/v2\/media?parent=39842"}],"wp:term":[{"taxonomy":"product_brand","embeddable":true,"href":"https:\/\/aceweb.cat\/es\/wp-json\/wp\/v2\/product_brand?post=39842"},{"taxonomy":"product_cat","embeddable":true,"href":"https:\/\/aceweb.cat\/es\/wp-json\/wp\/v2\/product_cat?post=39842"},{"taxonomy":"product_tag","embeddable":true,"href":"https:\/\/aceweb.cat\/es\/wp-json\/wp\/v2\/product_tag?post=39842"}],"curies":[{"name":"wp","href":"https:\/\/api.w.org\/{rel}","templated":true}]}}